{"id":7302,"date":"2017-01-11T10:42:03","date_gmt":"2017-01-11T10:42:03","guid":{"rendered":"http:\/\/www.accuratereviews.com\/?page_id=7302\/"},"modified":"2018-09-06T10:05:44","modified_gmt":"2018-09-06T10:05:44","slug":"pcloud","status":"publish","type":"page","link":"https:\/\/www.accuratereviews.com\/it\/backup-i-migliori-software-e-servizi-software-lista\/pcloud\/","title":{"rendered":"pCloud"},"content":{"rendered":"<p><a href=\"http:\/\/www.accuratereviews.com\/wp-content\/uploads\/2015\/10\/pCloud-online-backup.jpg\"><img loading=\"lazy\" decoding=\"async\" class=\"alignnone size-large wp-image-1540\" src=\"http:\/\/www.accuratereviews.com\/wp-content\/uploads\/2015\/10\/pCloud-online-backup-1024x690.jpg\" alt=\"pCloud online backup\" width=\"686\" height=\"462\" srcset=\"https:\/\/www.accuratereviews.com\/wp-content\/uploads\/2015\/10\/pCloud-online-backup.jpg 1024w, https:\/\/www.accuratereviews.com\/wp-content\/uploads\/2015\/10\/pCloud-online-backup-300x202.jpg 300w, https:\/\/www.accuratereviews.com\/wp-content\/uploads\/2015\/10\/pCloud-online-backup-186x125.jpg 186w, https:\/\/www.accuratereviews.com\/wp-content\/uploads\/2015\/10\/pCloud-online-backup-50x34.jpg 50w, https:\/\/www.accuratereviews.com\/wp-content\/uploads\/2015\/10\/pCloud-online-backup-968x652.jpg 968w, https:\/\/www.accuratereviews.com\/wp-content\/uploads\/2015\/10\/pCloud-online-backup-636x429.jpg 636w, https:\/\/www.accuratereviews.com\/wp-content\/uploads\/2015\/10\/pCloud-online-backup-320x216.jpg 320w, https:\/\/www.accuratereviews.com\/wp-content\/uploads\/2015\/10\/pCloud-online-backup-239x161.jpg 239w\" sizes=\"auto, (max-width: 686px) 100vw, 686px\" \/><\/a><\/p>\n<p><strong>pCloud \u00e8 una soluzione sicura e affidabile per l\u2019archiviazione su cloud sia per le aziende che per l\u2019utente finale<\/strong>. Il servizio conserva tutti i dati sensibili personali o dell\u2019azienda concedendo la visualizzazione solo agli utenti con il permesso. <strong>Con pCloud potrete evitare di scambiare dozzine di email con i vostri colleghi, usando la sua piattaforma di condivisione file<\/strong>.<\/p>\n<p>Il servizio di backup online di pCloud, invece, permette di gestire la collaborazione tra utenti e interi team con la creazione di gruppi e permessi di accesso. Potrete aprire, modificare e salvare i documenti direttamente sul cloud utilizzando qualsiasi software abbiate a disposizione.<\/p>\n<p><strong>L\u2019accesso ai dati archiviati sulla piattaforma \u00e8 semplice<\/strong>: pu\u00f2 essere effettuato da qualsiasi dispositivo, permettendo di accedere a ci\u00f2 che ci serve ovunque ci si trovi. <strong>pCloud, inoltre, offre fasce di prezzo scalabili per le aziende<\/strong>, cos\u00ec da poter aggiungere utenti e spazio di archiviazione a seconda dell\u2019esigenza del momento.<\/p>\n<p>I vostri utenti possono ricevere privilegi d\u2019accesso di gruppo o personali, a seconda della necessit\u00e0, e gestire le cartelle comuni senza bisogno di utilizzare servizi di chat esterni.<\/p>\n<p>Dettagliati report consentono di controllare tutte le attivit\u00e0 svolte su file e cartelle. <strong>I dati vengono trasferiti sui server di pCloud tramite protocollo TLS\/SSL<\/strong> e poi copiati almeno su tre localizzazioni server in un\u2019area di archivio dati dotata della massima sicurezza.<\/p>\n<p>Con pCloud per dispositivi mobile \u00e8 facile portare sempre con s\u00e9 tutto quello che pu\u00f2 servire per una riunione improvvisata. pCloud Drive, ovvero il drive virtuale tramite il quale accedere ai nostri backup su cloud, \u00e8 compatibile con Mac, Windows e Linux.<\/p>\n<p><strong>Il servizio offre diverse fasce di prezzo, ma fino a 20GB possiamo utilizzarlo gratuitamente<\/strong>. Per ottenere altro spazio gratuito \u00e8 necessario invitare amici ad utilizzare il servizio.<\/p>\n","protected":false},"excerpt":{"rendered":"<p>pCloud is a valued secure cloud storage solution for any company and home user. It keeps all of your sensitive business data in one safe place only accessible for people you give permissions to.<\/p>\n","protected":false},"author":16,"featured_media":0,"parent":6671,"menu_order":11,"comment_status":"open","ping_status":"closed","template":"g1_template_page_review_new.php","meta":{"_acf_changed":false,"cwp_meta_box_check":"Yes","cwp_rev_product_name":"","cwp_rev_product_image":"","wppr_links":[],"cwp_rev_price":"","wppr_options":[],"wppr_pros":[],"wppr_cons":[],"_monsterinsights_skip_tracking":false,"_monsterinsights_sitenote_active":false,"_monsterinsights_sitenote_note":"","_monsterinsights_sitenote_category":0,"footnotes":""},"categories":[135],"tags":[],"features":[],"class_list":{"0":"post-7302","1":"page","2":"type-page","3":"status-publish","5":"category-online-backup-it"},"wppr_data":{"cwp_meta_box_check":"Yes","cwp_rev_product_name":"","cwp_rev_product_image":"","cwp_image_link":"image","cwp_rev_price":"","wppr_rating":"0.00"},"acf":[],"yoast_head":"<!-- This site is optimized with the Yoast SEO plugin v27.4 - https:\/\/yoast.com\/product\/yoast-seo-wordpress\/ -->\n<title>pCloud - Accurate Reviews<\/title>\n<meta name=\"description\" content=\"pCloud is a secure cloud storage solution for any business and it keeps all of your sensitive data in one safe place.\" \/>\n<meta name=\"robots\" content=\"index, follow, max-snippet:-1, max-image-preview:large, max-video-preview:-1\" \/>\n<link rel=\"canonical\" href=\"https:\/\/www.accuratereviews.com\/it\/backup-i-migliori-software-e-servizi-software-lista\/pcloud\/\" \/>\n<meta property=\"og:locale\" content=\"it_IT\" \/>\n<meta property=\"og:type\" content=\"article\" \/>\n<meta property=\"og:title\" content=\"pCloud - Accurate Reviews\" \/>\n<meta property=\"og:description\" content=\"pCloud is a secure cloud storage solution for any business and it keeps all of your sensitive data in one safe place.\" \/>\n<meta property=\"og:url\" content=\"https:\/\/www.accuratereviews.com\/it\/backup-i-migliori-software-e-servizi-software-lista\/pcloud\/\" \/>\n<meta property=\"og:site_name\" content=\"Accurate Reviews\" \/>\n<meta property=\"article:modified_time\" content=\"2018-09-06T10:05:44+00:00\" \/>\n<meta property=\"og:image\" content=\"http:\/\/www.accuratereviews.com\/wp-content\/uploads\/2015\/10\/pCloud-online-backup-1024x690.jpg\" \/>\n<meta name=\"twitter:card\" content=\"summary_large_image\" \/>\n<meta name=\"twitter:label1\" content=\"Tempo di lettura stimato\" \/>\n\t<meta name=\"twitter:data1\" content=\"1 minuto\" \/>\n<script type=\"application\/ld+json\" class=\"yoast-schema-graph\">{\"@context\":\"https:\\\/\\\/schema.org\",\"@graph\":[{\"@type\":\"WebPage\",\"@id\":\"https:\\\/\\\/www.accuratereviews.com\\\/it\\\/backup-i-migliori-software-e-servizi-software-lista\\\/pcloud\\\/\",\"url\":\"https:\\\/\\\/www.accuratereviews.com\\\/it\\\/backup-i-migliori-software-e-servizi-software-lista\\\/pcloud\\\/\",\"name\":\"pCloud - Accurate Reviews\",\"isPartOf\":{\"@id\":\"https:\\\/\\\/www.accuratereviews.com\\\/it\\\/#website\"},\"primaryImageOfPage\":{\"@id\":\"https:\\\/\\\/www.accuratereviews.com\\\/it\\\/backup-i-migliori-software-e-servizi-software-lista\\\/pcloud\\\/#primaryimage\"},\"image\":{\"@id\":\"https:\\\/\\\/www.accuratereviews.com\\\/it\\\/backup-i-migliori-software-e-servizi-software-lista\\\/pcloud\\\/#primaryimage\"},\"thumbnailUrl\":\"http:\\\/\\\/www.accuratereviews.com\\\/wp-content\\\/uploads\\\/2015\\\/10\\\/pCloud-online-backup-1024x690.jpg\",\"datePublished\":\"2017-01-11T10:42:03+00:00\",\"dateModified\":\"2018-09-06T10:05:44+00:00\",\"description\":\"pCloud is a secure cloud storage solution for any business and it keeps all of your sensitive data in one safe place.\",\"breadcrumb\":{\"@id\":\"https:\\\/\\\/www.accuratereviews.com\\\/it\\\/backup-i-migliori-software-e-servizi-software-lista\\\/pcloud\\\/#breadcrumb\"},\"inLanguage\":\"it-IT\",\"potentialAction\":[{\"@type\":\"ReadAction\",\"target\":[\"https:\\\/\\\/www.accuratereviews.com\\\/it\\\/backup-i-migliori-software-e-servizi-software-lista\\\/pcloud\\\/\"]}]},{\"@type\":\"ImageObject\",\"inLanguage\":\"it-IT\",\"@id\":\"https:\\\/\\\/www.accuratereviews.com\\\/it\\\/backup-i-migliori-software-e-servizi-software-lista\\\/pcloud\\\/#primaryimage\",\"url\":\"http:\\\/\\\/www.accuratereviews.com\\\/wp-content\\\/uploads\\\/2015\\\/10\\\/pCloud-online-backup-1024x690.jpg\",\"contentUrl\":\"http:\\\/\\\/www.accuratereviews.com\\\/wp-content\\\/uploads\\\/2015\\\/10\\\/pCloud-online-backup-1024x690.jpg\"},{\"@type\":\"BreadcrumbList\",\"@id\":\"https:\\\/\\\/www.accuratereviews.com\\\/it\\\/backup-i-migliori-software-e-servizi-software-lista\\\/pcloud\\\/#breadcrumb\",\"itemListElement\":[{\"@type\":\"ListItem\",\"position\":1,\"name\":\"Home\",\"item\":\"https:\\\/\\\/www.accuratereviews.com\\\/it\\\/\"},{\"@type\":\"ListItem\",\"position\":2,\"name\":\"Backup: i migliori software e servizi\",\"item\":\"https:\\\/\\\/www.accuratereviews.com\\\/it\\\/backup-i-migliori-software-e-servizi-software-lista\\\/\"},{\"@type\":\"ListItem\",\"position\":3,\"name\":\"pCloud\"}]},{\"@type\":\"WebSite\",\"@id\":\"https:\\\/\\\/www.accuratereviews.com\\\/it\\\/#website\",\"url\":\"https:\\\/\\\/www.accuratereviews.com\\\/it\\\/\",\"name\":\"Accurate Reviews\",\"description\":\"\",\"potentialAction\":[{\"@type\":\"SearchAction\",\"target\":{\"@type\":\"EntryPoint\",\"urlTemplate\":\"https:\\\/\\\/www.accuratereviews.com\\\/it\\\/?s={search_term_string}\"},\"query-input\":{\"@type\":\"PropertyValueSpecification\",\"valueRequired\":true,\"valueName\":\"search_term_string\"}}],\"inLanguage\":\"it-IT\"}]}<\/script>\n<!-- \/ Yoast SEO plugin. -->","yoast_head_json":{"title":"pCloud - Accurate Reviews","description":"pCloud is a secure cloud storage solution for any business and it keeps all of your sensitive data in one safe place.","robots":{"index":"index","follow":"follow","max-snippet":"max-snippet:-1","max-image-preview":"max-image-preview:large","max-video-preview":"max-video-preview:-1"},"canonical":"https:\/\/www.accuratereviews.com\/it\/backup-i-migliori-software-e-servizi-software-lista\/pcloud\/","og_locale":"it_IT","og_type":"article","og_title":"pCloud - Accurate Reviews","og_description":"pCloud is a secure cloud storage solution for any business and it keeps all of your sensitive data in one safe place.","og_url":"https:\/\/www.accuratereviews.com\/it\/backup-i-migliori-software-e-servizi-software-lista\/pcloud\/","og_site_name":"Accurate Reviews","article_modified_time":"2018-09-06T10:05:44+00:00","og_image":[{"url":"http:\/\/www.accuratereviews.com\/wp-content\/uploads\/2015\/10\/pCloud-online-backup-1024x690.jpg","type":"","width":"","height":""}],"twitter_card":"summary_large_image","twitter_misc":{"Tempo di lettura stimato":"1 minuto"},"schema":{"@context":"https:\/\/schema.org","@graph":[{"@type":"WebPage","@id":"https:\/\/www.accuratereviews.com\/it\/backup-i-migliori-software-e-servizi-software-lista\/pcloud\/","url":"https:\/\/www.accuratereviews.com\/it\/backup-i-migliori-software-e-servizi-software-lista\/pcloud\/","name":"pCloud - Accurate Reviews","isPartOf":{"@id":"https:\/\/www.accuratereviews.com\/it\/#website"},"primaryImageOfPage":{"@id":"https:\/\/www.accuratereviews.com\/it\/backup-i-migliori-software-e-servizi-software-lista\/pcloud\/#primaryimage"},"image":{"@id":"https:\/\/www.accuratereviews.com\/it\/backup-i-migliori-software-e-servizi-software-lista\/pcloud\/#primaryimage"},"thumbnailUrl":"http:\/\/www.accuratereviews.com\/wp-content\/uploads\/2015\/10\/pCloud-online-backup-1024x690.jpg","datePublished":"2017-01-11T10:42:03+00:00","dateModified":"2018-09-06T10:05:44+00:00","description":"pCloud is a secure cloud storage solution for any business and it keeps all of your sensitive data in one safe place.","breadcrumb":{"@id":"https:\/\/www.accuratereviews.com\/it\/backup-i-migliori-software-e-servizi-software-lista\/pcloud\/#breadcrumb"},"inLanguage":"it-IT","potentialAction":[{"@type":"ReadAction","target":["https:\/\/www.accuratereviews.com\/it\/backup-i-migliori-software-e-servizi-software-lista\/pcloud\/"]}]},{"@type":"ImageObject","inLanguage":"it-IT","@id":"https:\/\/www.accuratereviews.com\/it\/backup-i-migliori-software-e-servizi-software-lista\/pcloud\/#primaryimage","url":"http:\/\/www.accuratereviews.com\/wp-content\/uploads\/2015\/10\/pCloud-online-backup-1024x690.jpg","contentUrl":"http:\/\/www.accuratereviews.com\/wp-content\/uploads\/2015\/10\/pCloud-online-backup-1024x690.jpg"},{"@type":"BreadcrumbList","@id":"https:\/\/www.accuratereviews.com\/it\/backup-i-migliori-software-e-servizi-software-lista\/pcloud\/#breadcrumb","itemListElement":[{"@type":"ListItem","position":1,"name":"Home","item":"https:\/\/www.accuratereviews.com\/it\/"},{"@type":"ListItem","position":2,"name":"Backup: i migliori software e servizi","item":"https:\/\/www.accuratereviews.com\/it\/backup-i-migliori-software-e-servizi-software-lista\/"},{"@type":"ListItem","position":3,"name":"pCloud"}]},{"@type":"WebSite","@id":"https:\/\/www.accuratereviews.com\/it\/#website","url":"https:\/\/www.accuratereviews.com\/it\/","name":"Accurate Reviews","description":"","potentialAction":[{"@type":"SearchAction","target":{"@type":"EntryPoint","urlTemplate":"https:\/\/www.accuratereviews.com\/it\/?s={search_term_string}"},"query-input":{"@type":"PropertyValueSpecification","valueRequired":true,"valueName":"search_term_string"}}],"inLanguage":"it-IT"}]}},"_links":{"self":[{"href":"https:\/\/www.accuratereviews.com\/it\/wp-json\/wp\/v2\/pages\/7302","targetHints":{"allow":["GET"]}}],"collection":[{"href":"https:\/\/www.accuratereviews.com\/it\/wp-json\/wp\/v2\/pages"}],"about":[{"href":"https:\/\/www.accuratereviews.com\/it\/wp-json\/wp\/v2\/types\/page"}],"author":[{"embeddable":true,"href":"https:\/\/www.accuratereviews.com\/it\/wp-json\/wp\/v2\/users\/16"}],"replies":[{"embeddable":true,"href":"https:\/\/www.accuratereviews.com\/it\/wp-json\/wp\/v2\/comments?post=7302"}],"version-history":[{"count":7,"href":"https:\/\/www.accuratereviews.com\/it\/wp-json\/wp\/v2\/pages\/7302\/revisions"}],"predecessor-version":[{"id":7315,"href":"https:\/\/www.accuratereviews.com\/it\/wp-json\/wp\/v2\/pages\/7302\/revisions\/7315"}],"up":[{"embeddable":true,"href":"https:\/\/www.accuratereviews.com\/it\/wp-json\/wp\/v2\/pages\/6671"}],"wp:attachment":[{"href":"https:\/\/www.accuratereviews.com\/it\/wp-json\/wp\/v2\/media?parent=7302"}],"wp:term":[{"taxonomy":"category","embeddable":true,"href":"https:\/\/www.accuratereviews.com\/it\/wp-json\/wp\/v2\/categories?post=7302"},{"taxonomy":"post_tag","embeddable":true,"href":"https:\/\/www.accuratereviews.com\/it\/wp-json\/wp\/v2\/tags?post=7302"},{"taxonomy":"features","embeddable":true,"href":"https:\/\/www.accuratereviews.com\/it\/wp-json\/wp\/v2\/features?post=7302"}],"curies":[{"name":"wp","href":"https:\/\/api.w.org\/{rel}","templated":true}]}}