{"id":73033,"date":"2023-11-23T11:52:35","date_gmt":"2023-11-23T11:52:35","guid":{"rendered":"https:\/\/www.accuratereviews.com\/?page_id=73033"},"modified":"2023-11-23T11:52:35","modified_gmt":"2023-11-23T11:52:35","slug":"net-health-recensione","status":"publish","type":"page","link":"https:\/\/www.accuratereviews.com\/it\/gestionali-per-fisioterapia-lista\/net-health-recensione\/","title":{"rendered":"Net Health"},"content":{"rendered":"<p><strong>Net Health<\/strong> \u00e8 una <strong>soluzione EMR<\/strong> completa, basata su <strong>cloud<\/strong> e <strong>all-in-one<\/strong> per fisioterapisti, OT e logopedisti. Fornisce alle cliniche di fisioterapia la pianificazione dei pazienti, la fatturazione, la codifica adeguata, la documentazione clinica, l&#8217;analisi, la reportistica, il coinvolgimento e la comunicazione dei pazienti. Migliora l&#8217;esperienza del paziente, assicurati che i terapisti possano creare in modo efficiente documentazione conforme, stabilisci un importante flusso di entrate per la tua clinica.<br \/>\n<strong>Net Health<\/strong> offre agli utenti un&#8217;esperienza utente coinvolgente, adattiva e personalizzabile che guida in modo intuitivo i medici attraverso un flusso di lavoro coerente, promuovendo qualit\u00e0 e prestazioni tra i fornitori e tra le strutture. Gli utenti sperimentano funzionalit\u00e0 end-to-end con analisi e visualizzazione in tempo reale del loro programma di cura.<\/p>\n<h2>NET HEALTH &#8211; TUTORIAL<\/h2>\n<div id=\"fluid-wrapper-counter-1\" class=\"g1-fluid-wrapper \" style=\"width:686px;\">\n<div style=\"padding-bottom:56.268221574344%;\"><iframe loading=\"lazy\" title=\"Net Health | Reuniting Caregivers with Their Calling\" width=\"686\" height=\"386\" src=\"https:\/\/www.youtube.com\/embed\/4SyW7b4whjY?feature=oembed&amp;wmode=transparent&amp;autohide=1&amp;autoplay=0&amp;disablekb=0&amp;fs=1&amp;loop=0&amp;enablejsapi=1&amp;rel=0&amp;controls=2&amp;showinfo=0&amp;wmode=transparent&amp;autohide=2&amp;autoplay=0&amp;disablekb=0&amp;fs=1&amp;loop=0&amp;enablejsapi=1&amp;rel=0&amp;controls=2&amp;showinfo=1\" frameborder=\"0\" allow=\"accelerometer; autoplay; clipboard-write; encrypted-media; gyroscope; picture-in-picture; web-share\" allowfullscreen><\/iframe><\/div>\n<\/div>\n<h3>NET HEALTH &#8211; CARATTERISTICHE<\/h3>\n<ul>\n<li>Indicatore della traiettoria della ferita: prevede la probabilit\u00e0 che una ferita guarisca in un periodo di tempo specifico.<\/li>\n<li>Previsione visita mancata: prevede la probabilit\u00e0 che il paziente non si presenti a un appuntamento invio promemoria al riguardo<\/li>\n<li>Strumenti di coinvolgimento dei pazienti<\/li>\n<li>Attira e fidelizza pi\u00f9 pazienti combinando strumenti di marketing digitale con comunicazioni personalizzate con i pazienti, acquisendo al tempo stesso una visione pi\u00f9 approfondita dell&#8217;esperienza del paziente.<\/li>\n<li>Costruzione automatizzata della reputazione online<\/li>\n<li>Automatizza l&#8217;acquisizione delle recensioni dei pazienti, la promozione e la gestione della reputazione online, in modo da poter trascorrere pi\u00f9 tempo con i pazienti.<\/li>\n<li>Comunicazione personalizzata con il paziente<\/li>\n<li>Documentazione e reporting MIPS<\/li>\n<li>Fatturazione integrata<\/li>\n<li>Servizi professionali per la gestione e l&#8217;ottimizzazione del flusso di lavoro<\/li>\n<\/ul>\n<h4>LE RECENSIONI DEGLI UTENTI<\/h4>\n<p><strong>Marsha &#8220;pt\/ot\/st&#8221;<\/strong><br \/>\n<strong>Commenti<\/strong>: Nel complesso, l&#8217;azienda \u00e8 fantastica, con cui \u00e8 facile lavorare.<br \/>\n<strong>Pro<\/strong>: Facile da usare. Facile formazione di nuovi dipendenti.<br \/>\n<strong>Contro<\/strong>: Aggiornamenti\/Nuove versioni: adoro le modifiche che apportano, ma pu\u00f2 essere difficile istruire tutto il personale sugli aggiornamenti<\/p>\n<p><strong>Caren &#8220;Revisione della terapia sanitaria netta&#8221;<\/strong><br \/>\n<strong>Commenti<\/strong>: Molto positivo. Inoltre siamo riusciti a ridurre i tempi di valutazione da 1,5 ore (di cui 30 minuti solo per la documentazione) a un&#8217;ora di tempo produttivo. Questo ci ha fatto risparmiare pi\u00f9 denaro di quanto paghiamo mensilmente per il Net Health Service.<br \/>\n<strong>Pro<\/strong>: Qualunque cosa! La facilit\u00e0 d&#8217;uso e la funzionalit\u00e0, oltre alla possibilit\u00e0 di importare sondaggi FOTO, piani di assistenza via fax direttamente al fornitore di riferimento e importare programmi di esercizi a casa all&#8217;interno di un unico sistema, sono fantastici!<br \/>\n<strong>Contro<\/strong>: Problemi di sistema occasionali ma vengono risolti rapidamente.<\/p>\n<p><strong>Lee &#8220;Net Health \u00e8 vitale per il nostro successo&#8221;<\/strong><br \/>\n<strong>Commenti<\/strong>: Net Health \u00e8 il sistema da utilizzare nel mondo della riabilitazione. Hanno una squadra straordinaria e cercano sempre di migliorare un sistema gi\u00e0 straordinario. Ci tengono aggiornati sui cambiamenti e sulle tendenze del settore.<br \/>\n<strong>Pro<\/strong>: Net Health ci fornisce gli strumenti per mantenere il nostro carico di lavoro organizzato in modo efficiente. \u00c8 stata una parte fondamentale del nostro successo operativo quotidiano. Si integra perfettamente con il nostro EMR infermieristico. Il team di Net Health \u00e8 reattivo e proattivo nell&#8217;affrontare eventuali problemi che si presentano.<br \/>\n<strong>Contro<\/strong>: Le personalizzazioni sono state la sfida pi\u00f9 grande, ma questa \u00e8 un\u2019area che sta migliorando molto.<\/p>\n","protected":false},"excerpt":{"rendered":"<p>Net Health \u00e8 una soluzione EMR completa, basata su cloud e all-in-one per fisioterapisti, OT e logopedisti. Fornisce alle cliniche di fisioterapia la pianificazione dei pazienti, la fatturazione, la codifica adeguata, la documentazione clinica, l&#8217;analisi, la reportistica, il coinvolgimento e la comunicazione dei pazienti.<\/p>\n","protected":false},"author":19,"featured_media":73041,"parent":27304,"menu_order":0,"comment_status":"open","ping_status":"closed","template":"g1_template_page_review_new.php","meta":{"_acf_changed":false,"cwp_meta_box_check":"Yes","cwp_rev_product_name":"","cwp_rev_product_image":"","wppr_links":[],"cwp_rev_price":"0.00","wppr_options":[{"name":"Usability","value":"0"},{"name":"Speed","value":"0"},{"name":"Features","value":"0"},{"name":"Support","value":"0"},{"name":"Pricing","value":"0"}],"wppr_pros":["","","","",""],"wppr_cons":["","","","",""],"_monsterinsights_skip_tracking":false,"_monsterinsights_sitenote_active":false,"_monsterinsights_sitenote_note":"","_monsterinsights_sitenote_category":0,"footnotes":""},"categories":[2993],"tags":[14759,12323,14761,14760,3512,3114],"features":[],"class_list":{"0":"post-73033","1":"page","2":"type-page","3":"status-publish","4":"has-post-thumbnail","6":"category-gestionale-per-fisioterapia-categoria","7":"tag-gestionale-fisioterapia","8":"tag-net-health","9":"tag-piattaforma-gestionale-fisioterapia","10":"tag-programma-gestionale-fisioterapia","11":"tag-software-gestionale-fisioterapia","12":"tag-soluzione-gestionale-fisioterapia"},"wppr_data":{"cwp_meta_box_check":"Yes","_wppr_review_template":"default","cwp_rev_product_image":"","cwp_image_link":"image","wppr_links":[],"cwp_rev_price":"0.00","wppr_pros":["","","","",""],"wppr_cons":["","","","",""],"wppr_rating":"0.00","wppr_options":{"1":{"name":"Usability","value":"0"},"2":{"name":"Speed","value":"0"},"3":{"name":"Features","value":"0"},"4":{"name":"Support","value":"0"},"5":{"name":"Pricing","value":"0"}},"wppr_review_type":"Product","wppr_review_custom_fields":{"additionalProperty":"","additionalType":"","aggregateRating":"","alternateName":"","audience":"","award":"","awards":"","brand":"","color":"","depth":"","description":"","disambiguatingDescription":"","gtin12":"","gtin13":"","gtin14":"","gtin8":"","height":"","identifier":"","image":"","isAccessoryOrSparePartFor":"","isConsumableFor":"","isRelatedTo":"","isSimilarTo":"","itemCondition":"","logo":"","mainEntityOfPage":"","manufacturer":"","material":"","model":"","mpn":"","name":"","offers":"","potentialAction":"","productID":"","productionDate":"","purchaseDate":"","releaseDate":"","review":"","reviews":"","sameAs":"","sku":"","slogan":"","subjectOf":"","url":"","weight":"","width":""}},"acf":[],"yoast_head":"<!-- This site is optimized with the Yoast SEO plugin v27.4 - https:\/\/yoast.com\/product\/yoast-seo-wordpress\/ -->\n<title>Net Health: recensione software gestionale fisioterapia - Accurate Reviews<\/title>\n<meta name=\"description\" content=\"Net Health: recensione soluzione EMR completa, basata su cloud e all-in-one per fisioterapisti, OT e logopedisti.\" \/>\n<meta name=\"robots\" content=\"index, follow, max-snippet:-1, max-image-preview:large, max-video-preview:-1\" \/>\n<link rel=\"canonical\" href=\"https:\/\/www.accuratereviews.com\/it\/gestionali-per-fisioterapia-lista\/net-health-recensione\/\" \/>\n<meta property=\"og:locale\" content=\"it_IT\" \/>\n<meta property=\"og:type\" content=\"article\" \/>\n<meta property=\"og:title\" content=\"Net Health: recensione software gestionale fisioterapia - Accurate Reviews\" \/>\n<meta property=\"og:description\" content=\"Net Health: recensione soluzione EMR completa, basata su cloud e all-in-one per fisioterapisti, OT e logopedisti.\" \/>\n<meta property=\"og:url\" content=\"https:\/\/www.accuratereviews.com\/it\/gestionali-per-fisioterapia-lista\/net-health-recensione\/\" \/>\n<meta property=\"og:site_name\" content=\"Accurate Reviews\" \/>\n<meta property=\"og:image\" content=\"https:\/\/www.accuratereviews.com\/wp-content\/uploads\/2023\/11\/Net-Health.jpeg\" \/>\n\t<meta property=\"og:image:width\" content=\"852\" \/>\n\t<meta property=\"og:image:height\" content=\"892\" \/>\n\t<meta property=\"og:image:type\" content=\"image\/jpeg\" \/>\n<meta name=\"twitter:card\" content=\"summary_large_image\" \/>\n<meta name=\"twitter:label1\" content=\"Tempo di lettura stimato\" \/>\n\t<meta name=\"twitter:data1\" content=\"3 minuti\" \/>\n<script type=\"application\/ld+json\" class=\"yoast-schema-graph\">{\"@context\":\"https:\\\/\\\/schema.org\",\"@graph\":[{\"@type\":\"WebPage\",\"@id\":\"https:\\\/\\\/www.accuratereviews.com\\\/it\\\/gestionali-per-fisioterapia-lista\\\/net-health-recensione\\\/\",\"url\":\"https:\\\/\\\/www.accuratereviews.com\\\/it\\\/gestionali-per-fisioterapia-lista\\\/net-health-recensione\\\/\",\"name\":\"Net Health: recensione software gestionale fisioterapia - Accurate Reviews\",\"isPartOf\":{\"@id\":\"https:\\\/\\\/www.accuratereviews.com\\\/it\\\/#website\"},\"primaryImageOfPage\":{\"@id\":\"https:\\\/\\\/www.accuratereviews.com\\\/it\\\/gestionali-per-fisioterapia-lista\\\/net-health-recensione\\\/#primaryimage\"},\"image\":{\"@id\":\"https:\\\/\\\/www.accuratereviews.com\\\/it\\\/gestionali-per-fisioterapia-lista\\\/net-health-recensione\\\/#primaryimage\"},\"thumbnailUrl\":\"https:\\\/\\\/www.accuratereviews.com\\\/wp-content\\\/uploads\\\/2023\\\/11\\\/Net-Health.jpeg\",\"datePublished\":\"2023-11-23T11:52:35+00:00\",\"description\":\"Net Health: recensione soluzione EMR completa, basata su cloud e all-in-one per fisioterapisti, OT e logopedisti.\",\"breadcrumb\":{\"@id\":\"https:\\\/\\\/www.accuratereviews.com\\\/it\\\/gestionali-per-fisioterapia-lista\\\/net-health-recensione\\\/#breadcrumb\"},\"inLanguage\":\"it-IT\",\"potentialAction\":[{\"@type\":\"ReadAction\",\"target\":[\"https:\\\/\\\/www.accuratereviews.com\\\/it\\\/gestionali-per-fisioterapia-lista\\\/net-health-recensione\\\/\"]}]},{\"@type\":\"ImageObject\",\"inLanguage\":\"it-IT\",\"@id\":\"https:\\\/\\\/www.accuratereviews.com\\\/it\\\/gestionali-per-fisioterapia-lista\\\/net-health-recensione\\\/#primaryimage\",\"url\":\"https:\\\/\\\/www.accuratereviews.com\\\/wp-content\\\/uploads\\\/2023\\\/11\\\/Net-Health.jpeg\",\"contentUrl\":\"https:\\\/\\\/www.accuratereviews.com\\\/wp-content\\\/uploads\\\/2023\\\/11\\\/Net-Health.jpeg\",\"width\":852,\"height\":892},{\"@type\":\"BreadcrumbList\",\"@id\":\"https:\\\/\\\/www.accuratereviews.com\\\/it\\\/gestionali-per-fisioterapia-lista\\\/net-health-recensione\\\/#breadcrumb\",\"itemListElement\":[{\"@type\":\"ListItem\",\"position\":1,\"name\":\"Home\",\"item\":\"https:\\\/\\\/www.accuratereviews.com\\\/it\\\/\"},{\"@type\":\"ListItem\",\"position\":2,\"name\":\"Gestionali per fisioterapia\",\"item\":\"https:\\\/\\\/www.accuratereviews.com\\\/it\\\/gestionali-per-fisioterapia-lista\\\/\"},{\"@type\":\"ListItem\",\"position\":3,\"name\":\"Net Health\"}]},{\"@type\":\"WebSite\",\"@id\":\"https:\\\/\\\/www.accuratereviews.com\\\/it\\\/#website\",\"url\":\"https:\\\/\\\/www.accuratereviews.com\\\/it\\\/\",\"name\":\"Accurate Reviews\",\"description\":\"\",\"potentialAction\":[{\"@type\":\"SearchAction\",\"target\":{\"@type\":\"EntryPoint\",\"urlTemplate\":\"https:\\\/\\\/www.accuratereviews.com\\\/it\\\/?s={search_term_string}\"},\"query-input\":{\"@type\":\"PropertyValueSpecification\",\"valueRequired\":true,\"valueName\":\"search_term_string\"}}],\"inLanguage\":\"it-IT\"}]}<\/script>\n<!-- \/ Yoast SEO plugin. -->","yoast_head_json":{"title":"Net Health: recensione software gestionale fisioterapia - Accurate Reviews","description":"Net Health: recensione soluzione EMR completa, basata su cloud e all-in-one per fisioterapisti, OT e logopedisti.","robots":{"index":"index","follow":"follow","max-snippet":"max-snippet:-1","max-image-preview":"max-image-preview:large","max-video-preview":"max-video-preview:-1"},"canonical":"https:\/\/www.accuratereviews.com\/it\/gestionali-per-fisioterapia-lista\/net-health-recensione\/","og_locale":"it_IT","og_type":"article","og_title":"Net Health: recensione software gestionale fisioterapia - Accurate Reviews","og_description":"Net Health: recensione soluzione EMR completa, basata su cloud e all-in-one per fisioterapisti, OT e logopedisti.","og_url":"https:\/\/www.accuratereviews.com\/it\/gestionali-per-fisioterapia-lista\/net-health-recensione\/","og_site_name":"Accurate Reviews","og_image":[{"width":852,"height":892,"url":"https:\/\/www.accuratereviews.com\/wp-content\/uploads\/2023\/11\/Net-Health.jpeg","type":"image\/jpeg"}],"twitter_card":"summary_large_image","twitter_misc":{"Tempo di lettura stimato":"3 minuti"},"schema":{"@context":"https:\/\/schema.org","@graph":[{"@type":"WebPage","@id":"https:\/\/www.accuratereviews.com\/it\/gestionali-per-fisioterapia-lista\/net-health-recensione\/","url":"https:\/\/www.accuratereviews.com\/it\/gestionali-per-fisioterapia-lista\/net-health-recensione\/","name":"Net Health: recensione software gestionale fisioterapia - Accurate Reviews","isPartOf":{"@id":"https:\/\/www.accuratereviews.com\/it\/#website"},"primaryImageOfPage":{"@id":"https:\/\/www.accuratereviews.com\/it\/gestionali-per-fisioterapia-lista\/net-health-recensione\/#primaryimage"},"image":{"@id":"https:\/\/www.accuratereviews.com\/it\/gestionali-per-fisioterapia-lista\/net-health-recensione\/#primaryimage"},"thumbnailUrl":"https:\/\/www.accuratereviews.com\/wp-content\/uploads\/2023\/11\/Net-Health.jpeg","datePublished":"2023-11-23T11:52:35+00:00","description":"Net Health: recensione soluzione EMR completa, basata su cloud e all-in-one per fisioterapisti, OT e logopedisti.","breadcrumb":{"@id":"https:\/\/www.accuratereviews.com\/it\/gestionali-per-fisioterapia-lista\/net-health-recensione\/#breadcrumb"},"inLanguage":"it-IT","potentialAction":[{"@type":"ReadAction","target":["https:\/\/www.accuratereviews.com\/it\/gestionali-per-fisioterapia-lista\/net-health-recensione\/"]}]},{"@type":"ImageObject","inLanguage":"it-IT","@id":"https:\/\/www.accuratereviews.com\/it\/gestionali-per-fisioterapia-lista\/net-health-recensione\/#primaryimage","url":"https:\/\/www.accuratereviews.com\/wp-content\/uploads\/2023\/11\/Net-Health.jpeg","contentUrl":"https:\/\/www.accuratereviews.com\/wp-content\/uploads\/2023\/11\/Net-Health.jpeg","width":852,"height":892},{"@type":"BreadcrumbList","@id":"https:\/\/www.accuratereviews.com\/it\/gestionali-per-fisioterapia-lista\/net-health-recensione\/#breadcrumb","itemListElement":[{"@type":"ListItem","position":1,"name":"Home","item":"https:\/\/www.accuratereviews.com\/it\/"},{"@type":"ListItem","position":2,"name":"Gestionali per fisioterapia","item":"https:\/\/www.accuratereviews.com\/it\/gestionali-per-fisioterapia-lista\/"},{"@type":"ListItem","position":3,"name":"Net Health"}]},{"@type":"WebSite","@id":"https:\/\/www.accuratereviews.com\/it\/#website","url":"https:\/\/www.accuratereviews.com\/it\/","name":"Accurate Reviews","description":"","potentialAction":[{"@type":"SearchAction","target":{"@type":"EntryPoint","urlTemplate":"https:\/\/www.accuratereviews.com\/it\/?s={search_term_string}"},"query-input":{"@type":"PropertyValueSpecification","valueRequired":true,"valueName":"search_term_string"}}],"inLanguage":"it-IT"}]}},"_links":{"self":[{"href":"https:\/\/www.accuratereviews.com\/it\/wp-json\/wp\/v2\/pages\/73033","targetHints":{"allow":["GET"]}}],"collection":[{"href":"https:\/\/www.accuratereviews.com\/it\/wp-json\/wp\/v2\/pages"}],"about":[{"href":"https:\/\/www.accuratereviews.com\/it\/wp-json\/wp\/v2\/types\/page"}],"author":[{"embeddable":true,"href":"https:\/\/www.accuratereviews.com\/it\/wp-json\/wp\/v2\/users\/19"}],"replies":[{"embeddable":true,"href":"https:\/\/www.accuratereviews.com\/it\/wp-json\/wp\/v2\/comments?post=73033"}],"version-history":[{"count":5,"href":"https:\/\/www.accuratereviews.com\/it\/wp-json\/wp\/v2\/pages\/73033\/revisions"}],"predecessor-version":[{"id":73050,"href":"https:\/\/www.accuratereviews.com\/it\/wp-json\/wp\/v2\/pages\/73033\/revisions\/73050"}],"up":[{"embeddable":true,"href":"https:\/\/www.accuratereviews.com\/it\/wp-json\/wp\/v2\/pages\/27304"}],"wp:featuredmedia":[{"embeddable":true,"href":"https:\/\/www.accuratereviews.com\/it\/wp-json\/wp\/v2\/media\/73041"}],"wp:attachment":[{"href":"https:\/\/www.accuratereviews.com\/it\/wp-json\/wp\/v2\/media?parent=73033"}],"wp:term":[{"taxonomy":"category","embeddable":true,"href":"https:\/\/www.accuratereviews.com\/it\/wp-json\/wp\/v2\/categories?post=73033"},{"taxonomy":"post_tag","embeddable":true,"href":"https:\/\/www.accuratereviews.com\/it\/wp-json\/wp\/v2\/tags?post=73033"},{"taxonomy":"features","embeddable":true,"href":"https:\/\/www.accuratereviews.com\/it\/wp-json\/wp\/v2\/features?post=73033"}],"curies":[{"name":"wp","href":"https:\/\/api.w.org\/{rel}","templated":true}]}}