{"id":73058,"date":"2023-11-24T14:23:02","date_gmt":"2023-11-24T14:23:02","guid":{"rendered":"https:\/\/www.accuratereviews.com\/?page_id=73058"},"modified":"2023-11-27T10:46:01","modified_gmt":"2023-11-27T10:46:01","slug":"intakeq-recensione","status":"publish","type":"page","link":"https:\/\/www.accuratereviews.com\/it\/gestionali-per-fisioterapia-lista\/intakeq-recensione\/","title":{"rendered":"IntakeQ"},"content":{"rendered":"<p><strong>IntakeQ<\/strong> \u00e8 un <strong>software di gestione dei moduli<\/strong> online, basato sul web, che consente agli operatori sanitari e ai medici di condividere elettronicamente i moduli dei casi con i loro pazienti e di riceverli compilati e firmati elettronicamente prima del loro prossimo. Consente inoltre ai clienti di integrare moduli nel proprio sito web, fornendo ai clienti i questionari con il proprio marchio.<br \/>\nIl software offre un&#8217;interfaccia intuitiva per la creazione di moduli personalizzati con formati di domande flessibili a cui \u00e8 possibile accedere da qualsiasi dispositivo, compresi i tablet. <strong>IntakeQ<\/strong> offre promemoria vocali automatizzati, email e sms ai pazienti utilizzando una casella di controllo di attivazione, la funzionalit\u00e0 aiuta a ridurre le mancate presentazioni o le cancellazioni degli appuntamenti. Possiede anche un widget di prenotazione online per pi\u00f9 sedi da un&#8217;unica interfaccia e sincronizzare gli appuntamenti con Google Calendars.<\/p>\n<h2>INTAKEQ &#8211; TUTORIAL<\/h2>\n<div id=\"fluid-wrapper-counter-1\" class=\"g1-fluid-wrapper \" style=\"width:686px;\">\n<div style=\"padding-bottom:56.268221574344%;\"><iframe loading=\"lazy\" title=\"practiceQ Practice Management Demo\" width=\"686\" height=\"386\" src=\"https:\/\/www.youtube.com\/embed\/YIQ36wdKX5U?feature=oembed&amp;wmode=transparent&amp;autohide=1&amp;autoplay=0&amp;disablekb=0&amp;fs=1&amp;loop=0&amp;enablejsapi=1&amp;rel=0&amp;controls=2&amp;showinfo=0&amp;wmode=transparent&amp;autohide=2&amp;autoplay=0&amp;disablekb=0&amp;fs=1&amp;loop=0&amp;enablejsapi=1&amp;rel=0&amp;controls=2&amp;showinfo=1\" frameborder=\"0\" allow=\"accelerometer; autoplay; clipboard-write; encrypted-media; gyroscope; picture-in-picture; web-share\" allowfullscreen><\/iframe><\/div>\n<\/div>\n<h3>INTAKEQ &#8211; CARATTERISTICHE<\/h3>\n<ul>\n<li>Consente agli operatori sanitari di condividere elettronicamente casi clinici e altri moduli con i propri pazienti e di riceverli prima di fissare appuntamento.<\/li>\n<li>Aiuta ad automatizzare il processo di assunzione dei moduli con conseguente riduzione della documentazione cartacea e migliore la tenuta dei registri.<\/li>\n<li>Offre l&#8217;integrazione con il sito web del cliente da dove \u00e8 possibile fornire questionari incorporati.<\/li>\n<li>Permette ai clienti di convertire o ricreare i moduli di assunzione e di consenso esistenti in un formato elettronico.<\/li>\n<li>Fornisce sms automatizzati e promemoria vocali ai pazienti per ridurre le mancate presentazioni, attraverso una semplice casella di controllo.<\/li>\n<li>Accetta tutte le principali carte di credito per il pagamento delle parcelle.<\/li>\n<li>Sincronizza la soluzione con il tuo calendario Google<\/li>\n<li>Processi completamente automatizzati mantengono il tuo studio funzionante con la massima efficienza 24 ore su 24.<\/li>\n<\/ul>\n<h4>LE RECENSIONI DEGLI UTENTI<\/h4>\n<p><strong>Julie &#8220;La migliore cartella clinica elettronica che ho utilizzato in oltre 30 anni&#8221;<\/strong><br \/>\n<strong>Commenti<\/strong>: Quando ho iniziato a utilizzare IntakeQ, ho pensato che questo software dovesse essere stato scritto da un professionista che prende effettivamente appunti! Tutti gli altri software che ho utilizzato erano orientati al tecnico informatico che ha scritto il programma. Poi, tutto ha avuto senso quando ho scoperto il suggerimento di cambiare o migliorare le cose da parte dei professionisti che effettivamente utilizzavano il software. Grazie non solo per aver chiesto, ma per aver effettivamente migliorato continuamente le cose per renderlo migliore!<br \/>\n<strong>Pro<\/strong>: IntakeQ mi ha davvero permesso di divertirmi a prendere appunti sui miei pazienti! Questa \u00e8 sempre stata la parte peggiore della pratica, ora non pi\u00f9! Adoro la flessibilit\u00e0 di renderlo &#8220;mio&#8221; con flussi e processi flessibili. \u00c8 davvero un tutto in uno dagli appuntamenti audio\/video, dalla pianificazione, dai promemoria degli appuntamenti, dai collegamenti da inserire nel mio sito Web e dalla connessione a Fullscript, e viene documentato direttamente nei miei appunti. Adoro anche la funzione di conversione da voce a testo. La facilit\u00e0 di lettura delle note e l&#8217;aspetto professionale sono sorprendenti. La messaggistica \u00e8 fondamentale per me con la pratica virtuale e mi aiuta a rimanere in contatto con i miei pazienti.<br \/>\n<strong>Contro<\/strong>: Onestamente non ho contro. Dopo aver utilizzato cos\u00ec tante altre cartelle cliniche elettroniche in passato, IntakeQ \u00e8 per me un successo.<\/p>\n<p><strong>Anne &#8220;Fantastico prodotto&#8221;<\/strong><br \/>\n<strong>Commenti<\/strong>: Mi piace davvero usarlo e trovo che soddisfi le mie esigenze meglio di qualsiasi altro EHR che ho usato.<br \/>\n<strong>Pro<\/strong>: IntakeQ \u00e8 altamente personalizzabile e consente il controllo completo su moduli e processi. Ha incredibili automazioni che puoi impostare consentendo flussi di lavoro meravigliosi. Ci\u00f2 \u00e8 particolarmente utile per gli studi di gruppo. Il sistema di pianificazione \u00e8 ottimo e i moduli e i questionari sono i migliori tra tutti i prodotti che ho utilizzato.<br \/>\n<strong>Contro<\/strong>: Ci vuole molto per impostare le cose perch\u00e9 \u00e8 cos\u00ec personalizzabile. Pu\u00f2 anche essere difficile trovare cose all&#8217;interno del sistema perch\u00e9 ci sono cos\u00ec tante opzioni e impostazioni.<\/p>\n<p><strong>Wendy &#8220;Adoro IntakeQ e sono felice di aver cambiato&#8221;<\/strong><br \/>\n<strong>Commenti<\/strong>: Il servizio clienti \u00e8 eccezionale. Ottieni rapporti umani e in meno di un&#8217;ora. Hanno anche un&#8217;ottima pagina di supporto. Mi piace la personalizzazione, scegliere quale processore di carte di credito voglio utilizzare e, anche con le sessioni video, posso scegliere la mia piattaforma. Pi\u00f9 utilizzo il programma, pi\u00f9 meravigliose funzionalit\u00e0 scopro. Sono inoltre sempre aperti al feedback e all&#8217;aggiornamento dell&#8217;EHR. Sono stato molto soddisfatto del loro prodotto.<br \/>\n<strong>Pro:<\/strong> Adoro il fatto di poter creare e modificare facilmente moduli. Il calendario degli appuntamenti mi consente di codificare gli eventi con colori. Esistono 3 modi diversi per accettare carte di credito, tre modi diversi per eseguire una sessione video e tre modi diversi per incorporare centri di compensazione per l&#8217;elaborazione dei reclami. Puoi scegliere quale azienda desideri utilizzare, non rimanere bloccato con l&#8217;unica opzione scelta dagli altri programmi.<br \/>\n<strong>Contro<\/strong>: Mi piacerebbe una pagina contabile molto chiara che mi mostri il costo del servizio, cosa deve il cliente, cosa ha pagato il cliente, cosa deve l&#8217;assicurazione, cosa ha pagato l&#8217;assicurazione ed eventuali sconti sulle tariffe. Ce n&#8217;\u00e8 uno ma non \u00e8 proprio sul file del cliente.<\/p>\n","protected":false},"excerpt":{"rendered":"<p>IntakeQ \u00e8 un software di gestione dei moduli online, basato sul web, che consente agli operatori sanitari e ai medici di condividere elettronicamente i moduli dei casi con i loro pazienti e di riceverli compilati e firmati elettronicamente prima del loro prossimo. Consente inoltre ai clienti di integrare moduli nel proprio sito web, fornendo ai clienti i questionari con il proprio marchio.<\/p>\n","protected":false},"author":19,"featured_media":73060,"parent":27304,"menu_order":0,"comment_status":"open","ping_status":"closed","template":"g1_template_page_review_new.php","meta":{"_acf_changed":false,"cwp_meta_box_check":"Yes","cwp_rev_product_name":"","cwp_rev_product_image":"","wppr_links":[],"cwp_rev_price":"0.00","wppr_options":[{"name":"Usability","value":"0"},{"name":"Speed","value":"0"},{"name":"Features","value":"0"},{"name":"Support","value":"0"},{"name":"Pricing","value":"0"}],"wppr_pros":["","","","",""],"wppr_cons":["","","","",""],"_monsterinsights_skip_tracking":false,"_monsterinsights_sitenote_active":false,"_monsterinsights_sitenote_note":"","_monsterinsights_sitenote_category":0,"footnotes":""},"categories":[2993],"tags":[14759,14793,14761,14760,3512,3114],"features":[],"class_list":{"0":"post-73058","1":"page","2":"type-page","3":"status-publish","4":"has-post-thumbnail","6":"category-gestionale-per-fisioterapia-categoria","7":"tag-gestionale-fisioterapia","8":"tag-intakeq","9":"tag-piattaforma-gestionale-fisioterapia","10":"tag-programma-gestionale-fisioterapia","11":"tag-software-gestionale-fisioterapia","12":"tag-soluzione-gestionale-fisioterapia"},"wppr_data":{"cwp_meta_box_check":"Yes","_wppr_review_template":"default","cwp_rev_product_image":"","cwp_image_link":"image","wppr_links":[],"cwp_rev_price":"0.00","wppr_pros":["","","","",""],"wppr_cons":["","","","",""],"wppr_rating":"0.00","wppr_options":{"1":{"name":"Usability","value":"0"},"2":{"name":"Speed","value":"0"},"3":{"name":"Features","value":"0"},"4":{"name":"Support","value":"0"},"5":{"name":"Pricing","value":"0"}},"wppr_review_type":"Product","wppr_review_custom_fields":{"additionalProperty":"","additionalType":"","aggregateRating":"","alternateName":"","audience":"","award":"","awards":"","brand":"","color":"","depth":"","description":"","disambiguatingDescription":"","gtin12":"","gtin13":"","gtin14":"","gtin8":"","height":"","identifier":"","image":"","isAccessoryOrSparePartFor":"","isConsumableFor":"","isRelatedTo":"","isSimilarTo":"","itemCondition":"","logo":"","mainEntityOfPage":"","manufacturer":"","material":"","model":"","mpn":"","name":"","offers":"","potentialAction":"","productID":"","productionDate":"","purchaseDate":"","releaseDate":"","review":"","reviews":"","sameAs":"","sku":"","slogan":"","subjectOf":"","url":"","weight":"","width":""}},"acf":[],"yoast_head":"<!-- This site is optimized with the Yoast SEO plugin v27.4 - https:\/\/yoast.com\/product\/yoast-seo-wordpress\/ -->\n<title>IntakeQ: recensione software gestionale fisioterapia - Accurate Reviews<\/title>\n<meta name=\"description\" content=\"IntakeQ: recensione software gestionale fisioterapia, ospitato su cloud, che consente agli utenti di creare note dettagliate sui pazienti.\" \/>\n<meta name=\"robots\" content=\"index, follow, max-snippet:-1, max-image-preview:large, max-video-preview:-1\" \/>\n<link rel=\"canonical\" href=\"https:\/\/www.accuratereviews.com\/it\/gestionali-per-fisioterapia-lista\/intakeq-recensione\/\" \/>\n<meta property=\"og:locale\" content=\"it_IT\" \/>\n<meta property=\"og:type\" content=\"article\" \/>\n<meta property=\"og:title\" content=\"IntakeQ: recensione software gestionale fisioterapia - Accurate Reviews\" \/>\n<meta property=\"og:description\" content=\"IntakeQ: recensione software gestionale fisioterapia, ospitato su cloud, che consente agli utenti di creare note dettagliate sui pazienti.\" \/>\n<meta property=\"og:url\" content=\"https:\/\/www.accuratereviews.com\/it\/gestionali-per-fisioterapia-lista\/intakeq-recensione\/\" \/>\n<meta property=\"og:site_name\" content=\"Accurate Reviews\" \/>\n<meta property=\"article:modified_time\" content=\"2023-11-27T10:46:01+00:00\" \/>\n<meta property=\"og:image\" content=\"https:\/\/www.accuratereviews.com\/wp-content\/uploads\/2023\/11\/Screenshot-2023-11-24-alle-09.45.02.png\" \/>\n\t<meta property=\"og:image:width\" content=\"686\" \/>\n\t<meta property=\"og:image:height\" content=\"258\" \/>\n\t<meta property=\"og:image:type\" content=\"image\/png\" \/>\n<meta name=\"twitter:card\" content=\"summary_large_image\" \/>\n<meta name=\"twitter:label1\" content=\"Tempo di lettura stimato\" \/>\n\t<meta name=\"twitter:data1\" content=\"5 minuti\" \/>\n<script type=\"application\/ld+json\" class=\"yoast-schema-graph\">{\"@context\":\"https:\\\/\\\/schema.org\",\"@graph\":[{\"@type\":\"WebPage\",\"@id\":\"https:\\\/\\\/www.accuratereviews.com\\\/it\\\/gestionali-per-fisioterapia-lista\\\/intakeq-recensione\\\/\",\"url\":\"https:\\\/\\\/www.accuratereviews.com\\\/it\\\/gestionali-per-fisioterapia-lista\\\/intakeq-recensione\\\/\",\"name\":\"IntakeQ: recensione software gestionale fisioterapia - Accurate Reviews\",\"isPartOf\":{\"@id\":\"https:\\\/\\\/www.accuratereviews.com\\\/it\\\/#website\"},\"primaryImageOfPage\":{\"@id\":\"https:\\\/\\\/www.accuratereviews.com\\\/it\\\/gestionali-per-fisioterapia-lista\\\/intakeq-recensione\\\/#primaryimage\"},\"image\":{\"@id\":\"https:\\\/\\\/www.accuratereviews.com\\\/it\\\/gestionali-per-fisioterapia-lista\\\/intakeq-recensione\\\/#primaryimage\"},\"thumbnailUrl\":\"https:\\\/\\\/www.accuratereviews.com\\\/wp-content\\\/uploads\\\/2023\\\/11\\\/Screenshot-2023-11-24-alle-09.45.02.png\",\"datePublished\":\"2023-11-24T14:23:02+00:00\",\"dateModified\":\"2023-11-27T10:46:01+00:00\",\"description\":\"IntakeQ: recensione software gestionale fisioterapia, ospitato su cloud, che consente agli utenti di creare note dettagliate sui pazienti.\",\"breadcrumb\":{\"@id\":\"https:\\\/\\\/www.accuratereviews.com\\\/it\\\/gestionali-per-fisioterapia-lista\\\/intakeq-recensione\\\/#breadcrumb\"},\"inLanguage\":\"it-IT\",\"potentialAction\":[{\"@type\":\"ReadAction\",\"target\":[\"https:\\\/\\\/www.accuratereviews.com\\\/it\\\/gestionali-per-fisioterapia-lista\\\/intakeq-recensione\\\/\"]}]},{\"@type\":\"ImageObject\",\"inLanguage\":\"it-IT\",\"@id\":\"https:\\\/\\\/www.accuratereviews.com\\\/it\\\/gestionali-per-fisioterapia-lista\\\/intakeq-recensione\\\/#primaryimage\",\"url\":\"https:\\\/\\\/www.accuratereviews.com\\\/wp-content\\\/uploads\\\/2023\\\/11\\\/Screenshot-2023-11-24-alle-09.45.02.png\",\"contentUrl\":\"https:\\\/\\\/www.accuratereviews.com\\\/wp-content\\\/uploads\\\/2023\\\/11\\\/Screenshot-2023-11-24-alle-09.45.02.png\",\"width\":686,\"height\":258},{\"@type\":\"BreadcrumbList\",\"@id\":\"https:\\\/\\\/www.accuratereviews.com\\\/it\\\/gestionali-per-fisioterapia-lista\\\/intakeq-recensione\\\/#breadcrumb\",\"itemListElement\":[{\"@type\":\"ListItem\",\"position\":1,\"name\":\"Home\",\"item\":\"https:\\\/\\\/www.accuratereviews.com\\\/it\\\/\"},{\"@type\":\"ListItem\",\"position\":2,\"name\":\"Gestionali per fisioterapia\",\"item\":\"https:\\\/\\\/www.accuratereviews.com\\\/it\\\/gestionali-per-fisioterapia-lista\\\/\"},{\"@type\":\"ListItem\",\"position\":3,\"name\":\"IntakeQ\"}]},{\"@type\":\"WebSite\",\"@id\":\"https:\\\/\\\/www.accuratereviews.com\\\/it\\\/#website\",\"url\":\"https:\\\/\\\/www.accuratereviews.com\\\/it\\\/\",\"name\":\"Accurate Reviews\",\"description\":\"\",\"potentialAction\":[{\"@type\":\"SearchAction\",\"target\":{\"@type\":\"EntryPoint\",\"urlTemplate\":\"https:\\\/\\\/www.accuratereviews.com\\\/it\\\/?s={search_term_string}\"},\"query-input\":{\"@type\":\"PropertyValueSpecification\",\"valueRequired\":true,\"valueName\":\"search_term_string\"}}],\"inLanguage\":\"it-IT\"}]}<\/script>\n<!-- \/ Yoast SEO plugin. -->","yoast_head_json":{"title":"IntakeQ: recensione software gestionale fisioterapia - Accurate Reviews","description":"IntakeQ: recensione software gestionale fisioterapia, ospitato su cloud, che consente agli utenti di creare note dettagliate sui pazienti.","robots":{"index":"index","follow":"follow","max-snippet":"max-snippet:-1","max-image-preview":"max-image-preview:large","max-video-preview":"max-video-preview:-1"},"canonical":"https:\/\/www.accuratereviews.com\/it\/gestionali-per-fisioterapia-lista\/intakeq-recensione\/","og_locale":"it_IT","og_type":"article","og_title":"IntakeQ: recensione software gestionale fisioterapia - Accurate Reviews","og_description":"IntakeQ: recensione software gestionale fisioterapia, ospitato su cloud, che consente agli utenti di creare note dettagliate sui pazienti.","og_url":"https:\/\/www.accuratereviews.com\/it\/gestionali-per-fisioterapia-lista\/intakeq-recensione\/","og_site_name":"Accurate Reviews","article_modified_time":"2023-11-27T10:46:01+00:00","og_image":[{"width":686,"height":258,"url":"https:\/\/www.accuratereviews.com\/wp-content\/uploads\/2023\/11\/Screenshot-2023-11-24-alle-09.45.02.png","type":"image\/png"}],"twitter_card":"summary_large_image","twitter_misc":{"Tempo di lettura stimato":"5 minuti"},"schema":{"@context":"https:\/\/schema.org","@graph":[{"@type":"WebPage","@id":"https:\/\/www.accuratereviews.com\/it\/gestionali-per-fisioterapia-lista\/intakeq-recensione\/","url":"https:\/\/www.accuratereviews.com\/it\/gestionali-per-fisioterapia-lista\/intakeq-recensione\/","name":"IntakeQ: recensione software gestionale fisioterapia - Accurate Reviews","isPartOf":{"@id":"https:\/\/www.accuratereviews.com\/it\/#website"},"primaryImageOfPage":{"@id":"https:\/\/www.accuratereviews.com\/it\/gestionali-per-fisioterapia-lista\/intakeq-recensione\/#primaryimage"},"image":{"@id":"https:\/\/www.accuratereviews.com\/it\/gestionali-per-fisioterapia-lista\/intakeq-recensione\/#primaryimage"},"thumbnailUrl":"https:\/\/www.accuratereviews.com\/wp-content\/uploads\/2023\/11\/Screenshot-2023-11-24-alle-09.45.02.png","datePublished":"2023-11-24T14:23:02+00:00","dateModified":"2023-11-27T10:46:01+00:00","description":"IntakeQ: recensione software gestionale fisioterapia, ospitato su cloud, che consente agli utenti di creare note dettagliate sui pazienti.","breadcrumb":{"@id":"https:\/\/www.accuratereviews.com\/it\/gestionali-per-fisioterapia-lista\/intakeq-recensione\/#breadcrumb"},"inLanguage":"it-IT","potentialAction":[{"@type":"ReadAction","target":["https:\/\/www.accuratereviews.com\/it\/gestionali-per-fisioterapia-lista\/intakeq-recensione\/"]}]},{"@type":"ImageObject","inLanguage":"it-IT","@id":"https:\/\/www.accuratereviews.com\/it\/gestionali-per-fisioterapia-lista\/intakeq-recensione\/#primaryimage","url":"https:\/\/www.accuratereviews.com\/wp-content\/uploads\/2023\/11\/Screenshot-2023-11-24-alle-09.45.02.png","contentUrl":"https:\/\/www.accuratereviews.com\/wp-content\/uploads\/2023\/11\/Screenshot-2023-11-24-alle-09.45.02.png","width":686,"height":258},{"@type":"BreadcrumbList","@id":"https:\/\/www.accuratereviews.com\/it\/gestionali-per-fisioterapia-lista\/intakeq-recensione\/#breadcrumb","itemListElement":[{"@type":"ListItem","position":1,"name":"Home","item":"https:\/\/www.accuratereviews.com\/it\/"},{"@type":"ListItem","position":2,"name":"Gestionali per fisioterapia","item":"https:\/\/www.accuratereviews.com\/it\/gestionali-per-fisioterapia-lista\/"},{"@type":"ListItem","position":3,"name":"IntakeQ"}]},{"@type":"WebSite","@id":"https:\/\/www.accuratereviews.com\/it\/#website","url":"https:\/\/www.accuratereviews.com\/it\/","name":"Accurate Reviews","description":"","potentialAction":[{"@type":"SearchAction","target":{"@type":"EntryPoint","urlTemplate":"https:\/\/www.accuratereviews.com\/it\/?s={search_term_string}"},"query-input":{"@type":"PropertyValueSpecification","valueRequired":true,"valueName":"search_term_string"}}],"inLanguage":"it-IT"}]}},"_links":{"self":[{"href":"https:\/\/www.accuratereviews.com\/it\/wp-json\/wp\/v2\/pages\/73058","targetHints":{"allow":["GET"]}}],"collection":[{"href":"https:\/\/www.accuratereviews.com\/it\/wp-json\/wp\/v2\/pages"}],"about":[{"href":"https:\/\/www.accuratereviews.com\/it\/wp-json\/wp\/v2\/types\/page"}],"author":[{"embeddable":true,"href":"https:\/\/www.accuratereviews.com\/it\/wp-json\/wp\/v2\/users\/19"}],"replies":[{"embeddable":true,"href":"https:\/\/www.accuratereviews.com\/it\/wp-json\/wp\/v2\/comments?post=73058"}],"version-history":[{"count":9,"href":"https:\/\/www.accuratereviews.com\/it\/wp-json\/wp\/v2\/pages\/73058\/revisions"}],"predecessor-version":[{"id":73092,"href":"https:\/\/www.accuratereviews.com\/it\/wp-json\/wp\/v2\/pages\/73058\/revisions\/73092"}],"up":[{"embeddable":true,"href":"https:\/\/www.accuratereviews.com\/it\/wp-json\/wp\/v2\/pages\/27304"}],"wp:featuredmedia":[{"embeddable":true,"href":"https:\/\/www.accuratereviews.com\/it\/wp-json\/wp\/v2\/media\/73060"}],"wp:attachment":[{"href":"https:\/\/www.accuratereviews.com\/it\/wp-json\/wp\/v2\/media?parent=73058"}],"wp:term":[{"taxonomy":"category","embeddable":true,"href":"https:\/\/www.accuratereviews.com\/it\/wp-json\/wp\/v2\/categories?post=73058"},{"taxonomy":"post_tag","embeddable":true,"href":"https:\/\/www.accuratereviews.com\/it\/wp-json\/wp\/v2\/tags?post=73058"},{"taxonomy":"features","embeddable":true,"href":"https:\/\/www.accuratereviews.com\/it\/wp-json\/wp\/v2\/features?post=73058"}],"curies":[{"name":"wp","href":"https:\/\/api.w.org\/{rel}","templated":true}]}}