{"id":73077,"date":"2023-11-27T12:05:45","date_gmt":"2023-11-27T12:05:45","guid":{"rendered":"https:\/\/www.accuratereviews.com\/?page_id=73077"},"modified":"2023-11-27T12:05:45","modified_gmt":"2023-11-27T12:05:45","slug":"qualifacts-insync-recensione","status":"publish","type":"page","link":"https:\/\/www.accuratereviews.com\/it\/gestionali-per-fisioterapia-lista\/qualifacts-insync-recensione\/","title":{"rendered":"Qualifacts Insync"},"content":{"rendered":"<p><strong>Qualifacts Insync<\/strong> \u00e8 una <strong>soluzione gestionale per fisioterapia<\/strong> che permette di amministrare gli studi, fatturazione medica, telemedicina, prescrizione elettronica e portale pazienti. \u00c8 configurabile in base ai flussi di lavoro esclusivi del tuo studio con dashboard, moduli, modelli e valutazioni personalizzati.<br \/>\nLe funzionalit\u00e0 di <strong>Qualifacts Insync<\/strong> includono terapia di gruppo, integrazioni di laboratorio, reporting sullo stato, analisi e implementazione e formazione personalizzate in loco o virtuali per migliorare la cura dei pazienti, aiutare gli studi medici a mantenere la conformit\u00e0 e aumentare le entrate e la produttivit\u00e0. \u00c8 basato su <strong>cloud<\/strong> per offrire l&#8217;accesso ovunque, in qualsiasi momento, da qualsiasi computer, laptop o dispositivo mobile.<br \/>\nInoltre la piattaforma \u00e8 flessibile in una variet\u00e0 di specialit\u00e0 mediche: trascorri pi\u00f9 tempo con i tuoi pazienti, non con le cartelle cliniche elettroniche.<\/p>\n<p><a href=\"https:\/\/www.accuratereviews.com\/wp-content\/uploads\/2023\/11\/Screenshot-2023-11-27-alle-11.19.14.png\" data-wp-editing=\"1\"><img loading=\"lazy\" decoding=\"async\" class=\"aligncenter wp-image-73086 size-large\" src=\"https:\/\/www.accuratereviews.com\/wp-content\/uploads\/2023\/11\/Screenshot-2023-11-27-alle-11.19.14-1024x1010.png\" alt=\"\" width=\"686\" height=\"677\" srcset=\"https:\/\/www.accuratereviews.com\/wp-content\/uploads\/2023\/11\/Screenshot-2023-11-27-alle-11.19.14-1024x1010.png 1024w, https:\/\/www.accuratereviews.com\/wp-content\/uploads\/2023\/11\/Screenshot-2023-11-27-alle-11.19.14-300x296.png 300w, https:\/\/www.accuratereviews.com\/wp-content\/uploads\/2023\/11\/Screenshot-2023-11-27-alle-11.19.14-768x757.png 768w, https:\/\/www.accuratereviews.com\/wp-content\/uploads\/2023\/11\/Screenshot-2023-11-27-alle-11.19.14-50x50.png 50w, https:\/\/www.accuratereviews.com\/wp-content\/uploads\/2023\/11\/Screenshot-2023-11-27-alle-11.19.14-127x125.png 127w, https:\/\/www.accuratereviews.com\/wp-content\/uploads\/2023\/11\/Screenshot-2023-11-27-alle-11.19.14-968x955.png 968w, https:\/\/www.accuratereviews.com\/wp-content\/uploads\/2023\/11\/Screenshot-2023-11-27-alle-11.19.14-636x627.png 636w, https:\/\/www.accuratereviews.com\/wp-content\/uploads\/2023\/11\/Screenshot-2023-11-27-alle-11.19.14-320x316.png 320w, https:\/\/www.accuratereviews.com\/wp-content\/uploads\/2023\/11\/Screenshot-2023-11-27-alle-11.19.14-239x236.png 239w, https:\/\/www.accuratereviews.com\/wp-content\/uploads\/2023\/11\/Screenshot-2023-11-27-alle-11.19.14-55x55.png 55w, https:\/\/www.accuratereviews.com\/wp-content\/uploads\/2023\/11\/Screenshot-2023-11-27-alle-11.19.14.png 1302w\" sizes=\"auto, (max-width: 686px) 100vw, 686px\" \/><\/a><\/p>\n<h2>QUALIFACTS INSYNC &#8211; CARATTERISTICHE<\/h2>\n<ul>\n<li><strong>App iOS e Android<\/strong>: pubblica il portale clienti white label della tua azienda nell&#8217;app store e online per un&#8217;esperienza cliente semplice attraverso i servizi ospedalieri e ambulatoriali.<\/li>\n<li><strong>Appuntamenti di gruppo<\/strong>: offri appuntamenti video individuali e di gruppo sino 50 persone con strumenti appositamente progettati per l&#8217;erogazione di cure collaborative.<\/li>\n<li><strong>Contenuti su richiesta<\/strong>: fornisci una libreria curata di contenuti multimediali direttamente dal tuo portale clienti, come valutazioni, moduli e video.<\/li>\n<li><strong>Appuntamenti ospitanti<\/strong>: connettiti con i clienti tramite messaggistica istantanea e appuntamenti video<\/li>\n<li><strong>Controllo del marchio<\/strong>: invia notifiche e ricevute automatiche di appuntamenti con marchio<\/li>\n<li><strong>Tipi di appuntamento<\/strong>: connettiti con i clienti tramite appuntamenti di messaggistica istantanea<\/li>\n<li><strong>Supporto tecnico<\/strong>: i pazienti ricevono supporto tecnico e completano i test diiInternet e del dispositivo prima di ogni appuntamento.<\/li>\n<li><strong>Strumenti video del fornitore<\/strong>: lavagna bianca, coda per appuntamenti, sottotitoli e trascrizione consentono ai fornitori di connettersi con ogni tipo di cliente.<\/li>\n<li><strong>Pianificazione del paziente<\/strong>: i\u00a0pazienti possono autoprogrammarsi, confermare la presenza o annullare appuntamenti singoli o ricorrenti attraverso il portale pazienti e le notifiche di promemoria.<\/li>\n<\/ul>\n<h3>LE RECENSIONI DEGLI UTENTI<\/h3>\n<p><strong>Justin &#8220;Acquirente attento!&#8221;<\/strong><br \/>\n<strong>Commenti<\/strong>: \u00c8 iniziato alla grande, la presentazione delle vendite \u00e8 stata ovviamente entusiasmante. Una volta che abbiamo iniziato a comunicare le sfide, i muri si sono alzati. Non hanno cercato affatto di scendere a compromessi.<br \/>\n<strong>Pro<\/strong>: Non c&#8217;\u00e8 davvero niente di cos\u00ec entusiasmante in questo software. L&#8217;unico aspetto positivo \u00e8 che \u00e8 altamente personalizzabile, ma ce ne sono molti altri che lo sono. La pi\u00f9 grande affermazione di questa azienda \u00e8 che ti &#8220;vendono&#8221; una licenza software. Quindi una volta pagato, il prezzo scende.<br \/>\n<strong>Contro<\/strong>: Ti &#8220;vendono&#8221; una licenza software che non potrai mai restituire. Se lasci $ 50.000 come abbiamo fatto noi e il programma finisce per non funzionare, NON ti restituiranno i soldi. Dopo aver provato a lavorare con i loro per riavere i nostri soldi, ci \u00e8 stato detto, peccato, che l&#8217;affare \u00e8 concluso. Poich\u00e9 una piccola azienda di PT cerca di sopravvivere, \u00e8 stata un&#8217;esperienza difficile.<\/p>\n<p><strong>Shannon &#8220;Ottima implementazione, transizione e formazione!&#8221;<\/strong><br \/>\n<strong>Commenti<\/strong>: Come previsto, cambiare sistema \u00e8 stato un processo molto stressante, ma il supporto ha reso il tutto meno opprimente essendo molto accomodante e formandosi in modo molto accurato, rispondendo a ogni piccola domanda posta dallo staff e personalizzando le note come richiesto dai fornitori.<br \/>\n<strong>Pro<\/strong>: Il gestore dei documenti \u00e8 molto semplice da usare, la pianificazione \u00e8 un gioco da ragazzi, i fornitori adorano la possibilit\u00e0 di dettare le proprie note, le note sono molto personalizzabili e il portale dei pazienti \u00e8 stato molto utile!<br \/>\n<strong>Contro<\/strong>: Il problema principale che abbiamo riscontrato \u00e8 stato l&#8217;impostazione dell&#8217;invio elettronico di fax.<\/p>\n<p><strong>Angela &#8220;Facile da usare&#8221;<\/strong><br \/>\n<strong>Commenti<\/strong>: servizio clienti molto utile!! Sono stati ottimi formatori, conoscevano tutte le risposte ed erano disposti ad aiutare ad apportare modifiche in quel momento e in tempo reale per aiutare la nostra agenzia a utilizzare il sistema. Ci hanno risposto in modo tempestivo ed \u00e8 stato molto utile con tutti i nostri bisogni e desideri. Mi \u00e8 piaciuto lavorare con loro.<br \/>\n<strong>Pro<\/strong>: facile da usare, prenotazione facile. Sono stati in grado di soddisfare qualsiasi esigenza che abbiamo avuto con InSynch lavorando per il nostro flusso di lavoro attuale.<br \/>\n<strong>Contro<\/strong>: molti problemi nella fase iniziale. Ma il supporto \u00e8 stato reattivo nel risolvere il problema.<\/p>\n","protected":false},"excerpt":{"rendered":"<p>Qualifacts Insync \u00e8 una soluzione gestionale per fisioterapia che permette di amministrare gli studi, fatturazione medica, telemedicina, prescrizione elettronica e portale pazienti. \u00c8 configurabile in base ai flussi di lavoro esclusivi del tuo studio con dashboard, moduli, modelli e valutazioni personalizzati.<\/p>\n","protected":false},"author":19,"featured_media":73078,"parent":27304,"menu_order":0,"comment_status":"open","ping_status":"closed","template":"g1_template_page_review_new.php","meta":{"_acf_changed":false,"cwp_meta_box_check":"Yes","cwp_rev_product_name":"","cwp_rev_product_image":"","wppr_links":[],"cwp_rev_price":"0.00","wppr_options":[{"name":"Usability","value":"0"},{"name":"Speed","value":"0"},{"name":"Features","value":"0"},{"name":"Support","value":"0"},{"name":"Pricing","value":"0"}],"wppr_pros":["","","","",""],"wppr_cons":["","","","",""],"_monsterinsights_skip_tracking":false,"_monsterinsights_sitenote_active":false,"_monsterinsights_sitenote_note":"","_monsterinsights_sitenote_category":0,"footnotes":""},"categories":[2993],"tags":[14759,14761,14760,14795,3512,3114],"features":[],"class_list":{"0":"post-73077","1":"page","2":"type-page","3":"status-publish","4":"has-post-thumbnail","6":"category-gestionale-per-fisioterapia-categoria","7":"tag-gestionale-fisioterapia","8":"tag-piattaforma-gestionale-fisioterapia","9":"tag-programma-gestionale-fisioterapia","10":"tag-qualifacts-insync","11":"tag-software-gestionale-fisioterapia","12":"tag-soluzione-gestionale-fisioterapia"},"wppr_data":{"cwp_meta_box_check":"Yes","_wppr_review_template":"default","cwp_rev_product_image":"","cwp_image_link":"image","wppr_links":[],"cwp_rev_price":"0.00","wppr_pros":["","","","",""],"wppr_cons":["","","","",""],"wppr_rating":"0.00","wppr_options":{"1":{"name":"Usability","value":"0"},"2":{"name":"Speed","value":"0"},"3":{"name":"Features","value":"0"},"4":{"name":"Support","value":"0"},"5":{"name":"Pricing","value":"0"}},"wppr_review_type":"Product","wppr_review_custom_fields":{"additionalProperty":"","additionalType":"","aggregateRating":"","alternateName":"","audience":"","award":"","awards":"","brand":"","color":"","depth":"","description":"","disambiguatingDescription":"","gtin12":"","gtin13":"","gtin14":"","gtin8":"","height":"","identifier":"","image":"","isAccessoryOrSparePartFor":"","isConsumableFor":"","isRelatedTo":"","isSimilarTo":"","itemCondition":"","logo":"","mainEntityOfPage":"","manufacturer":"","material":"","model":"","mpn":"","name":"","offers":"","potentialAction":"","productID":"","productionDate":"","purchaseDate":"","releaseDate":"","review":"","reviews":"","sameAs":"","sku":"","slogan":"","subjectOf":"","url":"","weight":"","width":""}},"acf":[],"yoast_head":"<!-- This site is optimized with the Yoast SEO plugin v27.4 - https:\/\/yoast.com\/product\/yoast-seo-wordpress\/ -->\n<title>Qualifacts Insync: recensione software gestionale fisioterapia - Accurate Reviews<\/title>\n<meta name=\"description\" content=\"Qualifacts Insync: recensione soluzione gestionale fisioterapia che permette di amministrare gli studi, fatturazione medica e telemedicina.\" \/>\n<meta name=\"robots\" content=\"index, follow, max-snippet:-1, max-image-preview:large, max-video-preview:-1\" \/>\n<link rel=\"canonical\" href=\"https:\/\/www.accuratereviews.com\/it\/gestionali-per-fisioterapia-lista\/qualifacts-insync-recensione\/\" \/>\n<meta property=\"og:locale\" content=\"it_IT\" \/>\n<meta property=\"og:type\" content=\"article\" \/>\n<meta property=\"og:title\" content=\"Qualifacts Insync: recensione software gestionale fisioterapia - Accurate Reviews\" \/>\n<meta property=\"og:description\" content=\"Qualifacts Insync: recensione soluzione gestionale fisioterapia che permette di amministrare gli studi, fatturazione medica e telemedicina.\" \/>\n<meta property=\"og:url\" content=\"https:\/\/www.accuratereviews.com\/it\/gestionali-per-fisioterapia-lista\/qualifacts-insync-recensione\/\" \/>\n<meta property=\"og:site_name\" content=\"Accurate Reviews\" \/>\n<meta property=\"og:image\" content=\"https:\/\/www.accuratereviews.com\/wp-content\/uploads\/2023\/11\/Qualifacts-Insync.png\" \/>\n\t<meta property=\"og:image:width\" content=\"600\" \/>\n\t<meta property=\"og:image:height\" content=\"315\" \/>\n\t<meta property=\"og:image:type\" content=\"image\/png\" \/>\n<meta name=\"twitter:card\" content=\"summary_large_image\" \/>\n<meta name=\"twitter:label1\" content=\"Tempo di lettura stimato\" \/>\n\t<meta name=\"twitter:data1\" content=\"4 minuti\" \/>\n<script type=\"application\/ld+json\" class=\"yoast-schema-graph\">{\"@context\":\"https:\\\/\\\/schema.org\",\"@graph\":[{\"@type\":\"WebPage\",\"@id\":\"https:\\\/\\\/www.accuratereviews.com\\\/it\\\/gestionali-per-fisioterapia-lista\\\/qualifacts-insync-recensione\\\/\",\"url\":\"https:\\\/\\\/www.accuratereviews.com\\\/it\\\/gestionali-per-fisioterapia-lista\\\/qualifacts-insync-recensione\\\/\",\"name\":\"Qualifacts Insync: recensione software gestionale fisioterapia - Accurate Reviews\",\"isPartOf\":{\"@id\":\"https:\\\/\\\/www.accuratereviews.com\\\/it\\\/#website\"},\"primaryImageOfPage\":{\"@id\":\"https:\\\/\\\/www.accuratereviews.com\\\/it\\\/gestionali-per-fisioterapia-lista\\\/qualifacts-insync-recensione\\\/#primaryimage\"},\"image\":{\"@id\":\"https:\\\/\\\/www.accuratereviews.com\\\/it\\\/gestionali-per-fisioterapia-lista\\\/qualifacts-insync-recensione\\\/#primaryimage\"},\"thumbnailUrl\":\"https:\\\/\\\/www.accuratereviews.com\\\/wp-content\\\/uploads\\\/2023\\\/11\\\/Qualifacts-Insync.png\",\"datePublished\":\"2023-11-27T12:05:45+00:00\",\"description\":\"Qualifacts Insync: recensione soluzione gestionale fisioterapia che permette di amministrare gli studi, fatturazione medica e telemedicina.\",\"breadcrumb\":{\"@id\":\"https:\\\/\\\/www.accuratereviews.com\\\/it\\\/gestionali-per-fisioterapia-lista\\\/qualifacts-insync-recensione\\\/#breadcrumb\"},\"inLanguage\":\"it-IT\",\"potentialAction\":[{\"@type\":\"ReadAction\",\"target\":[\"https:\\\/\\\/www.accuratereviews.com\\\/it\\\/gestionali-per-fisioterapia-lista\\\/qualifacts-insync-recensione\\\/\"]}]},{\"@type\":\"ImageObject\",\"inLanguage\":\"it-IT\",\"@id\":\"https:\\\/\\\/www.accuratereviews.com\\\/it\\\/gestionali-per-fisioterapia-lista\\\/qualifacts-insync-recensione\\\/#primaryimage\",\"url\":\"https:\\\/\\\/www.accuratereviews.com\\\/wp-content\\\/uploads\\\/2023\\\/11\\\/Qualifacts-Insync.png\",\"contentUrl\":\"https:\\\/\\\/www.accuratereviews.com\\\/wp-content\\\/uploads\\\/2023\\\/11\\\/Qualifacts-Insync.png\",\"width\":600,\"height\":315},{\"@type\":\"BreadcrumbList\",\"@id\":\"https:\\\/\\\/www.accuratereviews.com\\\/it\\\/gestionali-per-fisioterapia-lista\\\/qualifacts-insync-recensione\\\/#breadcrumb\",\"itemListElement\":[{\"@type\":\"ListItem\",\"position\":1,\"name\":\"Home\",\"item\":\"https:\\\/\\\/www.accuratereviews.com\\\/it\\\/\"},{\"@type\":\"ListItem\",\"position\":2,\"name\":\"Gestionali per fisioterapia\",\"item\":\"https:\\\/\\\/www.accuratereviews.com\\\/it\\\/gestionali-per-fisioterapia-lista\\\/\"},{\"@type\":\"ListItem\",\"position\":3,\"name\":\"Qualifacts Insync\"}]},{\"@type\":\"WebSite\",\"@id\":\"https:\\\/\\\/www.accuratereviews.com\\\/it\\\/#website\",\"url\":\"https:\\\/\\\/www.accuratereviews.com\\\/it\\\/\",\"name\":\"Accurate Reviews\",\"description\":\"\",\"potentialAction\":[{\"@type\":\"SearchAction\",\"target\":{\"@type\":\"EntryPoint\",\"urlTemplate\":\"https:\\\/\\\/www.accuratereviews.com\\\/it\\\/?s={search_term_string}\"},\"query-input\":{\"@type\":\"PropertyValueSpecification\",\"valueRequired\":true,\"valueName\":\"search_term_string\"}}],\"inLanguage\":\"it-IT\"}]}<\/script>\n<!-- \/ Yoast SEO plugin. -->","yoast_head_json":{"title":"Qualifacts Insync: recensione software gestionale fisioterapia - Accurate Reviews","description":"Qualifacts Insync: recensione soluzione gestionale fisioterapia che permette di amministrare gli studi, fatturazione medica e telemedicina.","robots":{"index":"index","follow":"follow","max-snippet":"max-snippet:-1","max-image-preview":"max-image-preview:large","max-video-preview":"max-video-preview:-1"},"canonical":"https:\/\/www.accuratereviews.com\/it\/gestionali-per-fisioterapia-lista\/qualifacts-insync-recensione\/","og_locale":"it_IT","og_type":"article","og_title":"Qualifacts Insync: recensione software gestionale fisioterapia - Accurate Reviews","og_description":"Qualifacts Insync: recensione soluzione gestionale fisioterapia che permette di amministrare gli studi, fatturazione medica e telemedicina.","og_url":"https:\/\/www.accuratereviews.com\/it\/gestionali-per-fisioterapia-lista\/qualifacts-insync-recensione\/","og_site_name":"Accurate Reviews","og_image":[{"width":600,"height":315,"url":"https:\/\/www.accuratereviews.com\/wp-content\/uploads\/2023\/11\/Qualifacts-Insync.png","type":"image\/png"}],"twitter_card":"summary_large_image","twitter_misc":{"Tempo di lettura stimato":"4 minuti"},"schema":{"@context":"https:\/\/schema.org","@graph":[{"@type":"WebPage","@id":"https:\/\/www.accuratereviews.com\/it\/gestionali-per-fisioterapia-lista\/qualifacts-insync-recensione\/","url":"https:\/\/www.accuratereviews.com\/it\/gestionali-per-fisioterapia-lista\/qualifacts-insync-recensione\/","name":"Qualifacts Insync: recensione software gestionale fisioterapia - Accurate Reviews","isPartOf":{"@id":"https:\/\/www.accuratereviews.com\/it\/#website"},"primaryImageOfPage":{"@id":"https:\/\/www.accuratereviews.com\/it\/gestionali-per-fisioterapia-lista\/qualifacts-insync-recensione\/#primaryimage"},"image":{"@id":"https:\/\/www.accuratereviews.com\/it\/gestionali-per-fisioterapia-lista\/qualifacts-insync-recensione\/#primaryimage"},"thumbnailUrl":"https:\/\/www.accuratereviews.com\/wp-content\/uploads\/2023\/11\/Qualifacts-Insync.png","datePublished":"2023-11-27T12:05:45+00:00","description":"Qualifacts Insync: recensione soluzione gestionale fisioterapia che permette di amministrare gli studi, fatturazione medica e telemedicina.","breadcrumb":{"@id":"https:\/\/www.accuratereviews.com\/it\/gestionali-per-fisioterapia-lista\/qualifacts-insync-recensione\/#breadcrumb"},"inLanguage":"it-IT","potentialAction":[{"@type":"ReadAction","target":["https:\/\/www.accuratereviews.com\/it\/gestionali-per-fisioterapia-lista\/qualifacts-insync-recensione\/"]}]},{"@type":"ImageObject","inLanguage":"it-IT","@id":"https:\/\/www.accuratereviews.com\/it\/gestionali-per-fisioterapia-lista\/qualifacts-insync-recensione\/#primaryimage","url":"https:\/\/www.accuratereviews.com\/wp-content\/uploads\/2023\/11\/Qualifacts-Insync.png","contentUrl":"https:\/\/www.accuratereviews.com\/wp-content\/uploads\/2023\/11\/Qualifacts-Insync.png","width":600,"height":315},{"@type":"BreadcrumbList","@id":"https:\/\/www.accuratereviews.com\/it\/gestionali-per-fisioterapia-lista\/qualifacts-insync-recensione\/#breadcrumb","itemListElement":[{"@type":"ListItem","position":1,"name":"Home","item":"https:\/\/www.accuratereviews.com\/it\/"},{"@type":"ListItem","position":2,"name":"Gestionali per fisioterapia","item":"https:\/\/www.accuratereviews.com\/it\/gestionali-per-fisioterapia-lista\/"},{"@type":"ListItem","position":3,"name":"Qualifacts Insync"}]},{"@type":"WebSite","@id":"https:\/\/www.accuratereviews.com\/it\/#website","url":"https:\/\/www.accuratereviews.com\/it\/","name":"Accurate Reviews","description":"","potentialAction":[{"@type":"SearchAction","target":{"@type":"EntryPoint","urlTemplate":"https:\/\/www.accuratereviews.com\/it\/?s={search_term_string}"},"query-input":{"@type":"PropertyValueSpecification","valueRequired":true,"valueName":"search_term_string"}}],"inLanguage":"it-IT"}]}},"_links":{"self":[{"href":"https:\/\/www.accuratereviews.com\/it\/wp-json\/wp\/v2\/pages\/73077","targetHints":{"allow":["GET"]}}],"collection":[{"href":"https:\/\/www.accuratereviews.com\/it\/wp-json\/wp\/v2\/pages"}],"about":[{"href":"https:\/\/www.accuratereviews.com\/it\/wp-json\/wp\/v2\/types\/page"}],"author":[{"embeddable":true,"href":"https:\/\/www.accuratereviews.com\/it\/wp-json\/wp\/v2\/users\/19"}],"replies":[{"embeddable":true,"href":"https:\/\/www.accuratereviews.com\/it\/wp-json\/wp\/v2\/comments?post=73077"}],"version-history":[{"count":9,"href":"https:\/\/www.accuratereviews.com\/it\/wp-json\/wp\/v2\/pages\/73077\/revisions"}],"predecessor-version":[{"id":73097,"href":"https:\/\/www.accuratereviews.com\/it\/wp-json\/wp\/v2\/pages\/73077\/revisions\/73097"}],"up":[{"embeddable":true,"href":"https:\/\/www.accuratereviews.com\/it\/wp-json\/wp\/v2\/pages\/27304"}],"wp:featuredmedia":[{"embeddable":true,"href":"https:\/\/www.accuratereviews.com\/it\/wp-json\/wp\/v2\/media\/73078"}],"wp:attachment":[{"href":"https:\/\/www.accuratereviews.com\/it\/wp-json\/wp\/v2\/media?parent=73077"}],"wp:term":[{"taxonomy":"category","embeddable":true,"href":"https:\/\/www.accuratereviews.com\/it\/wp-json\/wp\/v2\/categories?post=73077"},{"taxonomy":"post_tag","embeddable":true,"href":"https:\/\/www.accuratereviews.com\/it\/wp-json\/wp\/v2\/tags?post=73077"},{"taxonomy":"features","embeddable":true,"href":"https:\/\/www.accuratereviews.com\/it\/wp-json\/wp\/v2\/features?post=73077"}],"curies":[{"name":"wp","href":"https:\/\/api.w.org\/{rel}","templated":true}]}}