{"id":73162,"date":"2023-11-29T16:24:40","date_gmt":"2023-11-29T16:24:40","guid":{"rendered":"https:\/\/www.accuratereviews.com\/?page_id=73162"},"modified":"2023-11-29T16:24:40","modified_gmt":"2023-11-29T16:24:40","slug":"tebra-recensione","status":"publish","type":"page","link":"https:\/\/www.accuratereviews.com\/it\/gestionali-per-fisioterapia-lista\/tebra-recensione\/","title":{"rendered":"Tebra"},"content":{"rendered":"<p><strong>Tebra<\/strong> offre una piattaforma completa basata su <strong>cloud<\/strong> per gli <strong>amministratori di studi medici<\/strong>. Gli utenti possono affrontare attivit\u00e0 amministrative come cartelle cliniche elettroniche, fatturazione medica e gestione dei pazienti. Questi prodotti sono progettati principalmente per soddisfare le esigenze dei piccoli studi fornendo loro la facilit\u00e0 di connettersi con i pazienti.<br \/>\nTebra aiuta nella pianificazione degli appuntamenti, consentendo di <strong>personalizzare la propria dashboard<\/strong> e creare regole per monitorare la produttivit\u00e0. Il sistema di analisi permette agli utenti di generare report sulle prestazioni della loro pratica e analizzare i dati con l&#8217;aiuto di vari parametri e grafici. Il software ha la capacit\u00e0 di archiviare i record dei pazienti consentendo ai professionisti di monitorare rapidamente le informazioni sanitarie, impostare avvisi e gestire la fatturazione. Pu\u00f2 anche verificare l&#8217;idoneit\u00e0 dei pazienti all&#8217;assicurazione in tempo reale attraverso le sue connessioni elettroniche con un gran numero di compagnie assicurative.<\/p>\n<h2>TEBRA &#8211; TUTORIAL<\/h2>\n<div id=\"fluid-wrapper-counter-1\" class=\"g1-fluid-wrapper \" style=\"width:686px;\">\n<div style=\"padding-bottom:56.268221574344%;\"><iframe loading=\"lazy\" title=\"E6I3K_EG_Patient first._Tebra Branded Video_brande_30sec\" width=\"686\" height=\"386\" src=\"https:\/\/www.youtube.com\/embed\/iSxl54ozCFA?feature=oembed&amp;wmode=transparent&amp;autohide=1&amp;autoplay=0&amp;disablekb=0&amp;fs=1&amp;loop=0&amp;enablejsapi=1&amp;rel=0&amp;controls=2&amp;showinfo=0&amp;wmode=transparent&amp;autohide=2&amp;autoplay=0&amp;disablekb=0&amp;fs=1&amp;loop=0&amp;enablejsapi=1&amp;rel=0&amp;controls=2&amp;showinfo=1\" frameborder=\"0\" allow=\"accelerometer; autoplay; clipboard-write; encrypted-media; gyroscope; picture-in-picture; web-share\" allowfullscreen><\/iframe><\/div>\n<\/div>\n<h3>TEBRA &#8211; CARATTERISTICHE<\/h3>\n<ul>\n<li><strong>Consulta report sempre aggiornati<\/strong>: il software fornisce, mantiene e aggiorna un elenco di report chiave che puoi utilizzare immediatamente o sviluppare per soddisfare le tue esigenze.<\/li>\n<li><strong>Visualizza tutte le pratiche e i fornitori<\/strong>: tutti i tuoi dati clinici e di fatturazione, per tutti gli studi e i fornitori, sono a portata di mano per essere scoperti e analizzati.<\/li>\n<li><strong>Personalizza report e dashboard standard<\/strong>: qualsiasi report o dashboard standard pu\u00f2 essere completamente personalizzato, comprese etichette, grafici, colonne e righe, formule e benchmark.<\/li>\n<li><strong>Crea i tuoi report<\/strong>: costruisci la tua indagine, analisi, visualizzazione, comunicazione, estrazione di dati e altro ancora.<\/li>\n<li><strong>Accedi ed esporta i dati di origine<\/strong>: i dati di origine sono sempre accessibili ed esportabili per essere analizzati, esaminati o utilizzati come elenco di lavoro.<\/li>\n<li><strong>Aggiungi ai segnalibri le tue visualizzazioni preferite:<\/strong> salva qualsiasi set di filtri su qualsiasi report e torna ad essi con un clic.<\/li>\n<li><strong>Sviluppa storie basate sui dati<\/strong>: scatta un&#8217;istantanea di qualsiasi grafico o tabella (visualizzazioni filtrate o predefinite) o addirittura inserisci report in tempo reale in una presentazione in-app, per facilitare la condivisione delle tue scoperte.<\/li>\n<li><strong>Ottieni informazioni in tempo reale sul comportamento dei pazienti<\/strong>: comprendi meglio il modo in cui i pazienti trovano il tuo studio e interagiscono con il tuo sito web.<\/li>\n<li><strong>Tieni traccia delle prestazioni SEO del tuo sito web<\/strong>: visualizza le classifiche dei risultati di ricerca su Google, Bing e Yahoo, tutto in un unico posto.<\/li>\n<li><strong>Reputazione online facile da gestire<\/strong>: ottieni una visibilit\u00e0 completa delle tue valutazioni a stelle e delle tue recensioni sui siti di recensioni pi\u00f9 popolari. Tieniti aggiornato sulle recensioni dei tuoi pazienti in arrivo e rispondi direttamente dalla piattaforma.<\/li>\n<\/ul>\n<h4>LE RECENSIONI DEGLI UTENTI<\/h4>\n<p><strong>Paula &#8220;Recensione Tebra&#8221;<\/strong><br \/>\n<strong>Pro<\/strong>: I costi di avvio per le nuove imprese sono ottimi. La facilit\u00e0 e la transizione sono state utili.<br \/>\n<strong>Contro<\/strong>: Impossibile prescrivere pi\u00f9 di un farmaco alla volta. Ha bisogno di miglioramento.<\/p>\n<p><strong>Sherry &#8220;Utilizzo rapido ed efficiente del tuo tempo&#8221;<\/strong><br \/>\n<strong>Commenti<\/strong>: Molto positivo. Questa \u00e8 la migliore cartella clinica elettronica che ho utilizzato su 7 per la psichiatria\/salute mentale. Il nostro medico ha acquistato Elation per il nostro studio. Il personale ha insistito affinch\u00e9 Tebra venisseripristinato perch\u00e9 ci piace cos\u00ec tanto.<br \/>\n<strong>Pro<\/strong>: Note SALT che ti consentono di visualizzare i risultati e le interazioni della visita precedente. I codici DSM vengono precompilati nella fatturazione. Il segno richiede meno manovre. Troppi clic per entrare nel grafico sono fastidiosi: Tebra lo evita.<br \/>\n<strong>Contro<\/strong>: Reattivit\u00e0 rispetto ai modelli di farmaci. Si tratta di una questione cos\u00ec delicata perch\u00e9 abbiamo bisogno dei dosaggi e dei nuovi farmaci disponibili. Nessuno vuole un errore terapeutico<\/p>\n<p><strong>Laura &#8220;Recensione su Kareo&#8221;<\/strong><br \/>\n<strong>Commenti<\/strong>: Nel complesso abbastanza soddisfatto del prodotto. Il servizio clienti \u00e8 stato eccellente e sempre disponibile<br \/>\n<strong>Pro<\/strong>: Il programma \u00e8 facile da imparare e il servizio clienti \u00e8 stato eccellente<br \/>\n<strong>Contro<\/strong>: Pubblicare a volte non \u00e8 cos\u00ec facile come dovrebbe essere&#8230; ci vogliono molti clic per eseguire le funzioni<\/p>\n","protected":false},"excerpt":{"rendered":"<p>Tebra offre una piattaforma completa basata su cloud per gli amministratori di studi medici. Gli utenti possono affrontare attivit\u00e0 amministrative come cartelle cliniche elettroniche, fatturazione medica e gestione dei pazienti. Questi prodotti sono progettati principalmente per soddisfare le esigenze dei piccoli studi fornendo loro la facilit\u00e0 di connettersi con i pazienti.<\/p>\n","protected":false},"author":19,"featured_media":73165,"parent":27304,"menu_order":0,"comment_status":"open","ping_status":"closed","template":"g1_template_page_review_new.php","meta":{"_acf_changed":false,"cwp_meta_box_check":"Yes","cwp_rev_product_name":"","cwp_rev_product_image":"","wppr_links":[],"cwp_rev_price":"0.00","wppr_options":[{"name":"Usability","value":"0"},{"name":"Speed","value":"0"},{"name":"Features","value":"0"},{"name":"Support","value":"0"},{"name":"Pricing","value":"0"}],"wppr_pros":["","","","",""],"wppr_cons":["","","","",""],"_monsterinsights_skip_tracking":false,"_monsterinsights_sitenote_active":false,"_monsterinsights_sitenote_note":"","_monsterinsights_sitenote_category":0,"footnotes":""},"categories":[2993],"tags":[14759,14761,14760,3512,3114,14801],"features":[],"class_list":{"0":"post-73162","1":"page","2":"type-page","3":"status-publish","4":"has-post-thumbnail","6":"category-gestionale-per-fisioterapia-categoria","7":"tag-gestionale-fisioterapia","8":"tag-piattaforma-gestionale-fisioterapia","9":"tag-programma-gestionale-fisioterapia","10":"tag-software-gestionale-fisioterapia","11":"tag-soluzione-gestionale-fisioterapia","12":"tag-tebra"},"wppr_data":{"cwp_meta_box_check":"Yes","_wppr_review_template":"default","cwp_rev_product_image":"","cwp_image_link":"image","wppr_links":[],"cwp_rev_price":"0.00","wppr_pros":["","","","",""],"wppr_cons":["","","","",""],"wppr_rating":"0.00","wppr_options":{"1":{"name":"Usability","value":"0"},"2":{"name":"Speed","value":"0"},"3":{"name":"Features","value":"0"},"4":{"name":"Support","value":"0"},"5":{"name":"Pricing","value":"0"}},"wppr_review_type":"Product","wppr_review_custom_fields":{"additionalProperty":"","additionalType":"","aggregateRating":"","alternateName":"","audience":"","award":"","awards":"","brand":"","color":"","depth":"","description":"","disambiguatingDescription":"","gtin12":"","gtin13":"","gtin14":"","gtin8":"","height":"","identifier":"","image":"","isAccessoryOrSparePartFor":"","isConsumableFor":"","isRelatedTo":"","isSimilarTo":"","itemCondition":"","logo":"","mainEntityOfPage":"","manufacturer":"","material":"","model":"","mpn":"","name":"","offers":"","potentialAction":"","productID":"","productionDate":"","purchaseDate":"","releaseDate":"","review":"","reviews":"","sameAs":"","sku":"","slogan":"","subjectOf":"","url":"","weight":"","width":""}},"acf":[],"yoast_head":"<!-- This site is optimized with the Yoast SEO plugin v27.4 - https:\/\/yoast.com\/product\/yoast-seo-wordpress\/ -->\n<title>Tebra: recensione software gestionale per fisioterapia - Accurate Reviews<\/title>\n<meta name=\"description\" content=\"Tebra: recensione piattaforma gestionale completa basata su cloud per gli amministratori di studi medici indipendenti.\" \/>\n<meta name=\"robots\" content=\"index, follow, max-snippet:-1, max-image-preview:large, max-video-preview:-1\" \/>\n<link rel=\"canonical\" href=\"https:\/\/www.accuratereviews.com\/it\/gestionali-per-fisioterapia-lista\/tebra-recensione\/\" \/>\n<meta property=\"og:locale\" content=\"it_IT\" \/>\n<meta property=\"og:type\" content=\"article\" \/>\n<meta property=\"og:title\" content=\"Tebra: recensione software gestionale per fisioterapia - Accurate Reviews\" \/>\n<meta property=\"og:description\" content=\"Tebra: recensione piattaforma gestionale completa basata su cloud per gli amministratori di studi medici indipendenti.\" \/>\n<meta property=\"og:url\" content=\"https:\/\/www.accuratereviews.com\/it\/gestionali-per-fisioterapia-lista\/tebra-recensione\/\" \/>\n<meta property=\"og:site_name\" content=\"Accurate Reviews\" \/>\n<meta property=\"og:image\" content=\"https:\/\/www.accuratereviews.com\/wp-content\/uploads\/2023\/11\/Screenshot-2023-11-29-alle-09.42.36.png\" \/>\n\t<meta property=\"og:image:width\" content=\"898\" \/>\n\t<meta property=\"og:image:height\" content=\"376\" \/>\n\t<meta property=\"og:image:type\" content=\"image\/png\" \/>\n<meta name=\"twitter:card\" content=\"summary_large_image\" \/>\n<meta name=\"twitter:label1\" content=\"Tempo di lettura stimato\" \/>\n\t<meta name=\"twitter:data1\" content=\"4 minuti\" \/>\n<script type=\"application\/ld+json\" class=\"yoast-schema-graph\">{\"@context\":\"https:\\\/\\\/schema.org\",\"@graph\":[{\"@type\":\"WebPage\",\"@id\":\"https:\\\/\\\/www.accuratereviews.com\\\/it\\\/gestionali-per-fisioterapia-lista\\\/tebra-recensione\\\/\",\"url\":\"https:\\\/\\\/www.accuratereviews.com\\\/it\\\/gestionali-per-fisioterapia-lista\\\/tebra-recensione\\\/\",\"name\":\"Tebra: recensione software gestionale per fisioterapia - Accurate Reviews\",\"isPartOf\":{\"@id\":\"https:\\\/\\\/www.accuratereviews.com\\\/it\\\/#website\"},\"primaryImageOfPage\":{\"@id\":\"https:\\\/\\\/www.accuratereviews.com\\\/it\\\/gestionali-per-fisioterapia-lista\\\/tebra-recensione\\\/#primaryimage\"},\"image\":{\"@id\":\"https:\\\/\\\/www.accuratereviews.com\\\/it\\\/gestionali-per-fisioterapia-lista\\\/tebra-recensione\\\/#primaryimage\"},\"thumbnailUrl\":\"https:\\\/\\\/www.accuratereviews.com\\\/wp-content\\\/uploads\\\/2023\\\/11\\\/Screenshot-2023-11-29-alle-09.42.36.png\",\"datePublished\":\"2023-11-29T16:24:40+00:00\",\"description\":\"Tebra: recensione piattaforma gestionale completa basata su cloud per gli amministratori di studi medici indipendenti.\",\"breadcrumb\":{\"@id\":\"https:\\\/\\\/www.accuratereviews.com\\\/it\\\/gestionali-per-fisioterapia-lista\\\/tebra-recensione\\\/#breadcrumb\"},\"inLanguage\":\"it-IT\",\"potentialAction\":[{\"@type\":\"ReadAction\",\"target\":[\"https:\\\/\\\/www.accuratereviews.com\\\/it\\\/gestionali-per-fisioterapia-lista\\\/tebra-recensione\\\/\"]}]},{\"@type\":\"ImageObject\",\"inLanguage\":\"it-IT\",\"@id\":\"https:\\\/\\\/www.accuratereviews.com\\\/it\\\/gestionali-per-fisioterapia-lista\\\/tebra-recensione\\\/#primaryimage\",\"url\":\"https:\\\/\\\/www.accuratereviews.com\\\/wp-content\\\/uploads\\\/2023\\\/11\\\/Screenshot-2023-11-29-alle-09.42.36.png\",\"contentUrl\":\"https:\\\/\\\/www.accuratereviews.com\\\/wp-content\\\/uploads\\\/2023\\\/11\\\/Screenshot-2023-11-29-alle-09.42.36.png\",\"width\":898,\"height\":376},{\"@type\":\"BreadcrumbList\",\"@id\":\"https:\\\/\\\/www.accuratereviews.com\\\/it\\\/gestionali-per-fisioterapia-lista\\\/tebra-recensione\\\/#breadcrumb\",\"itemListElement\":[{\"@type\":\"ListItem\",\"position\":1,\"name\":\"Home\",\"item\":\"https:\\\/\\\/www.accuratereviews.com\\\/it\\\/\"},{\"@type\":\"ListItem\",\"position\":2,\"name\":\"Gestionali per fisioterapia\",\"item\":\"https:\\\/\\\/www.accuratereviews.com\\\/it\\\/gestionali-per-fisioterapia-lista\\\/\"},{\"@type\":\"ListItem\",\"position\":3,\"name\":\"Tebra\"}]},{\"@type\":\"WebSite\",\"@id\":\"https:\\\/\\\/www.accuratereviews.com\\\/it\\\/#website\",\"url\":\"https:\\\/\\\/www.accuratereviews.com\\\/it\\\/\",\"name\":\"Accurate Reviews\",\"description\":\"\",\"potentialAction\":[{\"@type\":\"SearchAction\",\"target\":{\"@type\":\"EntryPoint\",\"urlTemplate\":\"https:\\\/\\\/www.accuratereviews.com\\\/it\\\/?s={search_term_string}\"},\"query-input\":{\"@type\":\"PropertyValueSpecification\",\"valueRequired\":true,\"valueName\":\"search_term_string\"}}],\"inLanguage\":\"it-IT\"}]}<\/script>\n<!-- \/ Yoast SEO plugin. -->","yoast_head_json":{"title":"Tebra: recensione software gestionale per fisioterapia - Accurate Reviews","description":"Tebra: recensione piattaforma gestionale completa basata su cloud per gli amministratori di studi medici indipendenti.","robots":{"index":"index","follow":"follow","max-snippet":"max-snippet:-1","max-image-preview":"max-image-preview:large","max-video-preview":"max-video-preview:-1"},"canonical":"https:\/\/www.accuratereviews.com\/it\/gestionali-per-fisioterapia-lista\/tebra-recensione\/","og_locale":"it_IT","og_type":"article","og_title":"Tebra: recensione software gestionale per fisioterapia - Accurate Reviews","og_description":"Tebra: recensione piattaforma gestionale completa basata su cloud per gli amministratori di studi medici indipendenti.","og_url":"https:\/\/www.accuratereviews.com\/it\/gestionali-per-fisioterapia-lista\/tebra-recensione\/","og_site_name":"Accurate Reviews","og_image":[{"width":898,"height":376,"url":"https:\/\/www.accuratereviews.com\/wp-content\/uploads\/2023\/11\/Screenshot-2023-11-29-alle-09.42.36.png","type":"image\/png"}],"twitter_card":"summary_large_image","twitter_misc":{"Tempo di lettura stimato":"4 minuti"},"schema":{"@context":"https:\/\/schema.org","@graph":[{"@type":"WebPage","@id":"https:\/\/www.accuratereviews.com\/it\/gestionali-per-fisioterapia-lista\/tebra-recensione\/","url":"https:\/\/www.accuratereviews.com\/it\/gestionali-per-fisioterapia-lista\/tebra-recensione\/","name":"Tebra: recensione software gestionale per fisioterapia - Accurate Reviews","isPartOf":{"@id":"https:\/\/www.accuratereviews.com\/it\/#website"},"primaryImageOfPage":{"@id":"https:\/\/www.accuratereviews.com\/it\/gestionali-per-fisioterapia-lista\/tebra-recensione\/#primaryimage"},"image":{"@id":"https:\/\/www.accuratereviews.com\/it\/gestionali-per-fisioterapia-lista\/tebra-recensione\/#primaryimage"},"thumbnailUrl":"https:\/\/www.accuratereviews.com\/wp-content\/uploads\/2023\/11\/Screenshot-2023-11-29-alle-09.42.36.png","datePublished":"2023-11-29T16:24:40+00:00","description":"Tebra: recensione piattaforma gestionale completa basata su cloud per gli amministratori di studi medici indipendenti.","breadcrumb":{"@id":"https:\/\/www.accuratereviews.com\/it\/gestionali-per-fisioterapia-lista\/tebra-recensione\/#breadcrumb"},"inLanguage":"it-IT","potentialAction":[{"@type":"ReadAction","target":["https:\/\/www.accuratereviews.com\/it\/gestionali-per-fisioterapia-lista\/tebra-recensione\/"]}]},{"@type":"ImageObject","inLanguage":"it-IT","@id":"https:\/\/www.accuratereviews.com\/it\/gestionali-per-fisioterapia-lista\/tebra-recensione\/#primaryimage","url":"https:\/\/www.accuratereviews.com\/wp-content\/uploads\/2023\/11\/Screenshot-2023-11-29-alle-09.42.36.png","contentUrl":"https:\/\/www.accuratereviews.com\/wp-content\/uploads\/2023\/11\/Screenshot-2023-11-29-alle-09.42.36.png","width":898,"height":376},{"@type":"BreadcrumbList","@id":"https:\/\/www.accuratereviews.com\/it\/gestionali-per-fisioterapia-lista\/tebra-recensione\/#breadcrumb","itemListElement":[{"@type":"ListItem","position":1,"name":"Home","item":"https:\/\/www.accuratereviews.com\/it\/"},{"@type":"ListItem","position":2,"name":"Gestionali per fisioterapia","item":"https:\/\/www.accuratereviews.com\/it\/gestionali-per-fisioterapia-lista\/"},{"@type":"ListItem","position":3,"name":"Tebra"}]},{"@type":"WebSite","@id":"https:\/\/www.accuratereviews.com\/it\/#website","url":"https:\/\/www.accuratereviews.com\/it\/","name":"Accurate Reviews","description":"","potentialAction":[{"@type":"SearchAction","target":{"@type":"EntryPoint","urlTemplate":"https:\/\/www.accuratereviews.com\/it\/?s={search_term_string}"},"query-input":{"@type":"PropertyValueSpecification","valueRequired":true,"valueName":"search_term_string"}}],"inLanguage":"it-IT"}]}},"_links":{"self":[{"href":"https:\/\/www.accuratereviews.com\/it\/wp-json\/wp\/v2\/pages\/73162","targetHints":{"allow":["GET"]}}],"collection":[{"href":"https:\/\/www.accuratereviews.com\/it\/wp-json\/wp\/v2\/pages"}],"about":[{"href":"https:\/\/www.accuratereviews.com\/it\/wp-json\/wp\/v2\/types\/page"}],"author":[{"embeddable":true,"href":"https:\/\/www.accuratereviews.com\/it\/wp-json\/wp\/v2\/users\/19"}],"replies":[{"embeddable":true,"href":"https:\/\/www.accuratereviews.com\/it\/wp-json\/wp\/v2\/comments?post=73162"}],"version-history":[{"count":9,"href":"https:\/\/www.accuratereviews.com\/it\/wp-json\/wp\/v2\/pages\/73162\/revisions"}],"predecessor-version":[{"id":73179,"href":"https:\/\/www.accuratereviews.com\/it\/wp-json\/wp\/v2\/pages\/73162\/revisions\/73179"}],"up":[{"embeddable":true,"href":"https:\/\/www.accuratereviews.com\/it\/wp-json\/wp\/v2\/pages\/27304"}],"wp:featuredmedia":[{"embeddable":true,"href":"https:\/\/www.accuratereviews.com\/it\/wp-json\/wp\/v2\/media\/73165"}],"wp:attachment":[{"href":"https:\/\/www.accuratereviews.com\/it\/wp-json\/wp\/v2\/media?parent=73162"}],"wp:term":[{"taxonomy":"category","embeddable":true,"href":"https:\/\/www.accuratereviews.com\/it\/wp-json\/wp\/v2\/categories?post=73162"},{"taxonomy":"post_tag","embeddable":true,"href":"https:\/\/www.accuratereviews.com\/it\/wp-json\/wp\/v2\/tags?post=73162"},{"taxonomy":"features","embeddable":true,"href":"https:\/\/www.accuratereviews.com\/it\/wp-json\/wp\/v2\/features?post=73162"}],"curies":[{"name":"wp","href":"https:\/\/api.w.org\/{rel}","templated":true}]}}