{"id":73185,"date":"2023-11-30T15:14:53","date_gmt":"2023-11-30T15:14:53","guid":{"rendered":"https:\/\/www.accuratereviews.com\/?page_id=73185"},"modified":"2023-11-30T15:14:53","modified_gmt":"2023-11-30T15:14:53","slug":"nextgen-office-recensione","status":"publish","type":"page","link":"https:\/\/www.accuratereviews.com\/it\/gestionali-per-fisioterapia-lista\/nextgen-office-recensione\/","title":{"rendered":"NextGen Office"},"content":{"rendered":"<p><strong>NextGen Office<\/strong> \u00e8 una<strong> soluzione clinica e di fatturazione<\/strong> pluripremiata, basata sul <strong>cloud<\/strong>, progettata per studi piccoli e indipendenti. Questa soluzione all-in-one include contenuti EHR specifici, un portale per i pazienti di facile utilizzo, visite virtuali integrate, un centro di raccolta sinistri e un dashboard di reporting MACRA\/MIPS.<br \/>\nLa soluzione funziona su qualsiasi dispositivo dotato di connessione Internet. I fornitori possono toccare, parlare o digitare note di incontro direttamente nel modello di documentazione clinica tra i pazienti o anche fuori dall&#8217;ufficio, risparmiando tempo prezioso e creando un&#8217;atmosfera che promuove un migliore equilibrio tra lavoro e vita privata. Utilizza una vasta gamma di risorse operative e un kit di supporto marketing per supportare le tue esigenze aziendali di fatturazione senza costi aggiuntivi. Progettato per sostenere la crescita, la redditivit\u00e0 e l&#8217;efficienza del tuo studio.<\/p>\n<h2>NEXTGEN OFFICE &#8211; TUTORIAL<\/h2>\n<div id=\"fluid-wrapper-counter-1\" class=\"g1-fluid-wrapper \" style=\"width:686px;\">\n<div style=\"padding-bottom:56.268221574344%;\"><iframe loading=\"lazy\" title=\"EHR for Small Independent Practices | NextGen Office\" width=\"686\" height=\"386\" src=\"https:\/\/www.youtube.com\/embed\/T0xk10EdwyI?feature=oembed&amp;wmode=transparent&amp;autohide=1&amp;autoplay=0&amp;disablekb=0&amp;fs=1&amp;loop=0&amp;enablejsapi=1&amp;rel=0&amp;controls=2&amp;showinfo=0&amp;wmode=transparent&amp;autohide=2&amp;autoplay=0&amp;disablekb=0&amp;fs=1&amp;loop=0&amp;enablejsapi=1&amp;rel=0&amp;controls=2&amp;showinfo=1\" frameborder=\"0\" allow=\"accelerometer; autoplay; clipboard-write; encrypted-media; gyroscope; picture-in-picture; web-share\" allowfullscreen><\/iframe><\/div>\n<\/div>\n<h3>NEXTGEN OFFICE &#8211; CARATTERISTICHE<\/h3>\n<ul>\n<li><strong>Dedica meno tempo a documentare le cure<\/strong>: la tecnologia avanzata di riconoscimento vocale ti consente di documentare in modo rapido e accurato in modo da poter terminare prima la giornata lavorativa. Pu\u00f2 essere eseguita ovunque e in qualsiasi momento.<\/li>\n<li><strong>Ottieni e condividi informazioni velocemente<\/strong>: acquisisci dati clinici con facilit\u00e0 e condividili in modo semplice, rapido e sicuro. Acquisisci immagini cliniche sul tuo cellulare e inviale in modo sicuro alla tua cartella clinica elettronica. Visualizza i contenuti sincronizzati dall&#8217;EHR come i dati dei pazienti e altro sul tuo telefono.<\/li>\n<li><strong>Rispondi ai pazienti facilmente<\/strong>: controlla, rinnova e prescrivi farmaci ovunque ti trovi con la prescrizione elettronica mobile. Riduci la necessit\u00e0 di andare in ufficio o accedere al computer durante una chiamata.<\/li>\n<li><strong>Gestisci meglio la tua giornata:<\/strong> accedi alle tue attivit\u00e0, alla coda di approvazione del fornitore (PAQ), alle ricariche di farmaci, alla documentazione clinica dalla cartella clinica del paziente e alle dettature precedenti sul tuo cellulare ovunque e in qualsiasi momento.<\/li>\n<li><strong>Espandi le capacit\u00e0<\/strong>: inserisci i codici di diagnosi e completa l&#8217;acquisizione della carica. Cerca e trova una diagnosi o un codice CPT-4 per descrizione o per codice. Ottieni pi\u00f9 opzioni per documentare l&#8217;incontro clinico: sintesi vocale, trascrizione o scrittura remota.<\/li>\n<\/ul>\n<h4>LE RECENSIONE DEGLI UTENTI<\/h4>\n<p><strong>Alessandro &#8220;Next office recensione&#8221;<\/strong><br \/>\n<strong>Commenti<\/strong>: Ho aiutato in determinati frangenti la ricettazione del medico di base locatore dello studio<br \/>\n<strong>Pro<\/strong>: Interfaccia molto utile per la creazione di ricette elettroniche e connessione al sistema di interscambio Sogei<br \/>\n<strong>Contro<\/strong>: Prodotto sostituibile con molti altri forniti da aziende farmaceutiche in comodato d&#8217;uso<\/p>\n<p><strong>Omar &#8220;Una soluzione NextGen perfetta per piccoli studi indipendenti&#8221;<\/strong><br \/>\n<strong>Commenti<\/strong>: \u00c8 una grande aggiunta per il nostro piccolo policlinico indipendente e siamo abbastanza soddisfatti di come abbia aumentato la nostra produttivit\u00e0.<br \/>\n<strong>Pro<\/strong>: Ci\u00f2 che \u00e8 pi\u00f9 importante \u00e8 un design intuitivo incentrato sulla registrazione del paziente e sull&#8217;aggiornamento del suo stato. Sistema di allarme senza problemi con analisi progettate per tutti i tipi di procedure. Il supporto per il programma \u00e8 rigorosamente negli Stati Uniti e offrono un supporto autentico.<br \/>\n<strong>Contro<\/strong>: Era travolgente la quantit\u00e0 ridondante di funzionalit\u00e0 disponibili, che potrebbero richiedere un po&#8217; di tempo per essere vagliate e adattate completamente. Non \u00e8 molto personalizzabile e sembra un po&#8217; fragile in quel reparto.<\/p>\n<p><strong>Justin &#8220;NextGen Office&#8221;<\/strong><br \/>\n<strong>Commenti<\/strong>: \u00c8 facile da usare, molto organizzato ed efficiente<br \/>\n<strong>Pro<\/strong>: Le funzionalit\u00e0 di gestione delle pratiche sono fantastiche, abbiamo 2 sedi e puoi vedere entrambi i programmi con facilit\u00e0. Entrambi gli uffici sono separati ma cos\u00ec facili da vedere<br \/>\n<strong>Contro<\/strong>: Ultimamente ha avuto dei bug e il server non \u00e8 stato pi\u00f9 stabile causando rallentamenti, ma \u00e8 qualcosa che pu\u00f2 essere risolto e migliorato<\/p>\n","protected":false},"excerpt":{"rendered":"<p>NextGen Office \u00e8 una soluzione clinica e di fatturazione pluripremiata, basata sul cloud, progettata per studi piccoli e indipendenti. Questa soluzione all-in-one include contenuti EHR specifici, un portale per i pazienti di facile utilizzo, visite virtuali integrate, un centro di raccolta sinistri e un dashboard di reporting MACRA\/MIPS.<\/p>\n","protected":false},"author":19,"featured_media":73197,"parent":27304,"menu_order":0,"comment_status":"open","ping_status":"closed","template":"g1_template_page_review_new.php","meta":{"_acf_changed":false,"cwp_meta_box_check":"Yes","cwp_rev_product_name":"","cwp_rev_product_image":"","wppr_links":[],"cwp_rev_price":"0.00","wppr_options":[{"name":"Usability","value":"0"},{"name":"Speed","value":"0"},{"name":"Features","value":"0"},{"name":"Support","value":"0"},{"name":"Pricing","value":"0"}],"wppr_pros":["","","","",""],"wppr_cons":["","","","",""],"_monsterinsights_skip_tracking":false,"_monsterinsights_sitenote_active":false,"_monsterinsights_sitenote_note":"","_monsterinsights_sitenote_category":0,"footnotes":""},"categories":[2993],"tags":[14759,14804,14761,14760,3512,3114],"features":[],"class_list":{"0":"post-73185","1":"page","2":"type-page","3":"status-publish","4":"has-post-thumbnail","6":"category-gestionale-per-fisioterapia-categoria","7":"tag-gestionale-fisioterapia","8":"tag-nextgen-office","9":"tag-piattaforma-gestionale-fisioterapia","10":"tag-programma-gestionale-fisioterapia","11":"tag-software-gestionale-fisioterapia","12":"tag-soluzione-gestionale-fisioterapia"},"wppr_data":{"cwp_meta_box_check":"Yes","_wppr_review_template":"default","cwp_rev_product_image":"","cwp_image_link":"image","wppr_links":[],"cwp_rev_price":"0.00","wppr_pros":["","","","",""],"wppr_cons":["","","","",""],"wppr_rating":"0.00","wppr_options":{"1":{"name":"Usability","value":"0"},"2":{"name":"Speed","value":"0"},"3":{"name":"Features","value":"0"},"4":{"name":"Support","value":"0"},"5":{"name":"Pricing","value":"0"}},"wppr_review_type":"Product","wppr_review_custom_fields":{"additionalProperty":"","additionalType":"","aggregateRating":"","alternateName":"","audience":"","award":"","awards":"","brand":"","color":"","depth":"","description":"","disambiguatingDescription":"","gtin12":"","gtin13":"","gtin14":"","gtin8":"","height":"","identifier":"","image":"","isAccessoryOrSparePartFor":"","isConsumableFor":"","isRelatedTo":"","isSimilarTo":"","itemCondition":"","logo":"","mainEntityOfPage":"","manufacturer":"","material":"","model":"","mpn":"","name":"","offers":"","potentialAction":"","productID":"","productionDate":"","purchaseDate":"","releaseDate":"","review":"","reviews":"","sameAs":"","sku":"","slogan":"","subjectOf":"","url":"","weight":"","width":""}},"acf":[],"yoast_head":"<!-- This site is optimized with the Yoast SEO plugin v27.4 - https:\/\/yoast.com\/product\/yoast-seo-wordpress\/ -->\n<title>NextGen Office: gestionale fisioterapia recensione - Accurate Reviews<\/title>\n<meta name=\"description\" content=\"NextGen Office: recensione soluzione clinica e di fatturazione pluripremiata, basata sul cloud, progettata per studi piccoli e indipendenti.\" \/>\n<meta name=\"robots\" content=\"index, follow, max-snippet:-1, max-image-preview:large, max-video-preview:-1\" \/>\n<link rel=\"canonical\" href=\"https:\/\/www.accuratereviews.com\/it\/gestionali-per-fisioterapia-lista\/nextgen-office-recensione\/\" \/>\n<meta property=\"og:locale\" content=\"it_IT\" \/>\n<meta property=\"og:type\" content=\"article\" \/>\n<meta property=\"og:title\" content=\"NextGen Office: gestionale fisioterapia recensione - Accurate Reviews\" \/>\n<meta property=\"og:description\" content=\"NextGen Office: recensione soluzione clinica e di fatturazione pluripremiata, basata sul cloud, progettata per studi piccoli e indipendenti.\" \/>\n<meta property=\"og:url\" content=\"https:\/\/www.accuratereviews.com\/it\/gestionali-per-fisioterapia-lista\/nextgen-office-recensione\/\" \/>\n<meta property=\"og:site_name\" content=\"Accurate Reviews\" \/>\n<meta property=\"og:image\" content=\"https:\/\/www.accuratereviews.com\/wp-content\/uploads\/2023\/11\/nextgen.jpeg\" \/>\n\t<meta property=\"og:image:width\" content=\"800\" \/>\n\t<meta property=\"og:image:height\" content=\"368\" \/>\n\t<meta property=\"og:image:type\" content=\"image\/jpeg\" \/>\n<meta name=\"twitter:card\" content=\"summary_large_image\" \/>\n<meta name=\"twitter:label1\" content=\"Tempo di lettura stimato\" \/>\n\t<meta name=\"twitter:data1\" content=\"4 minuti\" \/>\n<script type=\"application\/ld+json\" class=\"yoast-schema-graph\">{\"@context\":\"https:\\\/\\\/schema.org\",\"@graph\":[{\"@type\":\"WebPage\",\"@id\":\"https:\\\/\\\/www.accuratereviews.com\\\/it\\\/gestionali-per-fisioterapia-lista\\\/nextgen-office-recensione\\\/\",\"url\":\"https:\\\/\\\/www.accuratereviews.com\\\/it\\\/gestionali-per-fisioterapia-lista\\\/nextgen-office-recensione\\\/\",\"name\":\"NextGen Office: gestionale fisioterapia recensione - Accurate Reviews\",\"isPartOf\":{\"@id\":\"https:\\\/\\\/www.accuratereviews.com\\\/it\\\/#website\"},\"primaryImageOfPage\":{\"@id\":\"https:\\\/\\\/www.accuratereviews.com\\\/it\\\/gestionali-per-fisioterapia-lista\\\/nextgen-office-recensione\\\/#primaryimage\"},\"image\":{\"@id\":\"https:\\\/\\\/www.accuratereviews.com\\\/it\\\/gestionali-per-fisioterapia-lista\\\/nextgen-office-recensione\\\/#primaryimage\"},\"thumbnailUrl\":\"https:\\\/\\\/www.accuratereviews.com\\\/wp-content\\\/uploads\\\/2023\\\/11\\\/nextgen.jpeg\",\"datePublished\":\"2023-11-30T15:14:53+00:00\",\"description\":\"NextGen Office: recensione soluzione clinica e di fatturazione pluripremiata, basata sul cloud, progettata per studi piccoli e indipendenti.\",\"breadcrumb\":{\"@id\":\"https:\\\/\\\/www.accuratereviews.com\\\/it\\\/gestionali-per-fisioterapia-lista\\\/nextgen-office-recensione\\\/#breadcrumb\"},\"inLanguage\":\"it-IT\",\"potentialAction\":[{\"@type\":\"ReadAction\",\"target\":[\"https:\\\/\\\/www.accuratereviews.com\\\/it\\\/gestionali-per-fisioterapia-lista\\\/nextgen-office-recensione\\\/\"]}]},{\"@type\":\"ImageObject\",\"inLanguage\":\"it-IT\",\"@id\":\"https:\\\/\\\/www.accuratereviews.com\\\/it\\\/gestionali-per-fisioterapia-lista\\\/nextgen-office-recensione\\\/#primaryimage\",\"url\":\"https:\\\/\\\/www.accuratereviews.com\\\/wp-content\\\/uploads\\\/2023\\\/11\\\/nextgen.jpeg\",\"contentUrl\":\"https:\\\/\\\/www.accuratereviews.com\\\/wp-content\\\/uploads\\\/2023\\\/11\\\/nextgen.jpeg\",\"width\":800,\"height\":368},{\"@type\":\"BreadcrumbList\",\"@id\":\"https:\\\/\\\/www.accuratereviews.com\\\/it\\\/gestionali-per-fisioterapia-lista\\\/nextgen-office-recensione\\\/#breadcrumb\",\"itemListElement\":[{\"@type\":\"ListItem\",\"position\":1,\"name\":\"Home\",\"item\":\"https:\\\/\\\/www.accuratereviews.com\\\/it\\\/\"},{\"@type\":\"ListItem\",\"position\":2,\"name\":\"Gestionali per fisioterapia\",\"item\":\"https:\\\/\\\/www.accuratereviews.com\\\/it\\\/gestionali-per-fisioterapia-lista\\\/\"},{\"@type\":\"ListItem\",\"position\":3,\"name\":\"NextGen Office\"}]},{\"@type\":\"WebSite\",\"@id\":\"https:\\\/\\\/www.accuratereviews.com\\\/it\\\/#website\",\"url\":\"https:\\\/\\\/www.accuratereviews.com\\\/it\\\/\",\"name\":\"Accurate Reviews\",\"description\":\"\",\"potentialAction\":[{\"@type\":\"SearchAction\",\"target\":{\"@type\":\"EntryPoint\",\"urlTemplate\":\"https:\\\/\\\/www.accuratereviews.com\\\/it\\\/?s={search_term_string}\"},\"query-input\":{\"@type\":\"PropertyValueSpecification\",\"valueRequired\":true,\"valueName\":\"search_term_string\"}}],\"inLanguage\":\"it-IT\"}]}<\/script>\n<!-- \/ Yoast SEO plugin. -->","yoast_head_json":{"title":"NextGen Office: gestionale fisioterapia recensione - Accurate Reviews","description":"NextGen Office: recensione soluzione clinica e di fatturazione pluripremiata, basata sul cloud, progettata per studi piccoli e indipendenti.","robots":{"index":"index","follow":"follow","max-snippet":"max-snippet:-1","max-image-preview":"max-image-preview:large","max-video-preview":"max-video-preview:-1"},"canonical":"https:\/\/www.accuratereviews.com\/it\/gestionali-per-fisioterapia-lista\/nextgen-office-recensione\/","og_locale":"it_IT","og_type":"article","og_title":"NextGen Office: gestionale fisioterapia recensione - Accurate Reviews","og_description":"NextGen Office: recensione soluzione clinica e di fatturazione pluripremiata, basata sul cloud, progettata per studi piccoli e indipendenti.","og_url":"https:\/\/www.accuratereviews.com\/it\/gestionali-per-fisioterapia-lista\/nextgen-office-recensione\/","og_site_name":"Accurate Reviews","og_image":[{"width":800,"height":368,"url":"https:\/\/www.accuratereviews.com\/wp-content\/uploads\/2023\/11\/nextgen.jpeg","type":"image\/jpeg"}],"twitter_card":"summary_large_image","twitter_misc":{"Tempo di lettura stimato":"4 minuti"},"schema":{"@context":"https:\/\/schema.org","@graph":[{"@type":"WebPage","@id":"https:\/\/www.accuratereviews.com\/it\/gestionali-per-fisioterapia-lista\/nextgen-office-recensione\/","url":"https:\/\/www.accuratereviews.com\/it\/gestionali-per-fisioterapia-lista\/nextgen-office-recensione\/","name":"NextGen Office: gestionale fisioterapia recensione - Accurate Reviews","isPartOf":{"@id":"https:\/\/www.accuratereviews.com\/it\/#website"},"primaryImageOfPage":{"@id":"https:\/\/www.accuratereviews.com\/it\/gestionali-per-fisioterapia-lista\/nextgen-office-recensione\/#primaryimage"},"image":{"@id":"https:\/\/www.accuratereviews.com\/it\/gestionali-per-fisioterapia-lista\/nextgen-office-recensione\/#primaryimage"},"thumbnailUrl":"https:\/\/www.accuratereviews.com\/wp-content\/uploads\/2023\/11\/nextgen.jpeg","datePublished":"2023-11-30T15:14:53+00:00","description":"NextGen Office: recensione soluzione clinica e di fatturazione pluripremiata, basata sul cloud, progettata per studi piccoli e indipendenti.","breadcrumb":{"@id":"https:\/\/www.accuratereviews.com\/it\/gestionali-per-fisioterapia-lista\/nextgen-office-recensione\/#breadcrumb"},"inLanguage":"it-IT","potentialAction":[{"@type":"ReadAction","target":["https:\/\/www.accuratereviews.com\/it\/gestionali-per-fisioterapia-lista\/nextgen-office-recensione\/"]}]},{"@type":"ImageObject","inLanguage":"it-IT","@id":"https:\/\/www.accuratereviews.com\/it\/gestionali-per-fisioterapia-lista\/nextgen-office-recensione\/#primaryimage","url":"https:\/\/www.accuratereviews.com\/wp-content\/uploads\/2023\/11\/nextgen.jpeg","contentUrl":"https:\/\/www.accuratereviews.com\/wp-content\/uploads\/2023\/11\/nextgen.jpeg","width":800,"height":368},{"@type":"BreadcrumbList","@id":"https:\/\/www.accuratereviews.com\/it\/gestionali-per-fisioterapia-lista\/nextgen-office-recensione\/#breadcrumb","itemListElement":[{"@type":"ListItem","position":1,"name":"Home","item":"https:\/\/www.accuratereviews.com\/it\/"},{"@type":"ListItem","position":2,"name":"Gestionali per fisioterapia","item":"https:\/\/www.accuratereviews.com\/it\/gestionali-per-fisioterapia-lista\/"},{"@type":"ListItem","position":3,"name":"NextGen Office"}]},{"@type":"WebSite","@id":"https:\/\/www.accuratereviews.com\/it\/#website","url":"https:\/\/www.accuratereviews.com\/it\/","name":"Accurate Reviews","description":"","potentialAction":[{"@type":"SearchAction","target":{"@type":"EntryPoint","urlTemplate":"https:\/\/www.accuratereviews.com\/it\/?s={search_term_string}"},"query-input":{"@type":"PropertyValueSpecification","valueRequired":true,"valueName":"search_term_string"}}],"inLanguage":"it-IT"}]}},"_links":{"self":[{"href":"https:\/\/www.accuratereviews.com\/it\/wp-json\/wp\/v2\/pages\/73185","targetHints":{"allow":["GET"]}}],"collection":[{"href":"https:\/\/www.accuratereviews.com\/it\/wp-json\/wp\/v2\/pages"}],"about":[{"href":"https:\/\/www.accuratereviews.com\/it\/wp-json\/wp\/v2\/types\/page"}],"author":[{"embeddable":true,"href":"https:\/\/www.accuratereviews.com\/it\/wp-json\/wp\/v2\/users\/19"}],"replies":[{"embeddable":true,"href":"https:\/\/www.accuratereviews.com\/it\/wp-json\/wp\/v2\/comments?post=73185"}],"version-history":[{"count":7,"href":"https:\/\/www.accuratereviews.com\/it\/wp-json\/wp\/v2\/pages\/73185\/revisions"}],"predecessor-version":[{"id":73207,"href":"https:\/\/www.accuratereviews.com\/it\/wp-json\/wp\/v2\/pages\/73185\/revisions\/73207"}],"up":[{"embeddable":true,"href":"https:\/\/www.accuratereviews.com\/it\/wp-json\/wp\/v2\/pages\/27304"}],"wp:featuredmedia":[{"embeddable":true,"href":"https:\/\/www.accuratereviews.com\/it\/wp-json\/wp\/v2\/media\/73197"}],"wp:attachment":[{"href":"https:\/\/www.accuratereviews.com\/it\/wp-json\/wp\/v2\/media?parent=73185"}],"wp:term":[{"taxonomy":"category","embeddable":true,"href":"https:\/\/www.accuratereviews.com\/it\/wp-json\/wp\/v2\/categories?post=73185"},{"taxonomy":"post_tag","embeddable":true,"href":"https:\/\/www.accuratereviews.com\/it\/wp-json\/wp\/v2\/tags?post=73185"},{"taxonomy":"features","embeddable":true,"href":"https:\/\/www.accuratereviews.com\/it\/wp-json\/wp\/v2\/features?post=73185"}],"curies":[{"name":"wp","href":"https:\/\/api.w.org\/{rel}","templated":true}]}}