{"id":73215,"date":"2023-12-01T13:15:50","date_gmt":"2023-12-01T13:15:50","guid":{"rendered":"https:\/\/www.accuratereviews.com\/?page_id=73215"},"modified":"2023-12-04T11:44:15","modified_gmt":"2023-12-04T11:44:15","slug":"alphachat-recensione","status":"publish","type":"page","link":"https:\/\/www.accuratereviews.com\/it\/chat-i-migliori-im-lista\/alphachat-recensione\/","title":{"rendered":"AlphaChat"},"content":{"rendered":"<p><strong>AlphaChat<\/strong> \u00e8 un <strong>software di intelligenza artificiale (AI) conversazionale<\/strong>, progettato per aiutare le aziende a indirizzare le richieste di supporto agli agenti e semplificare la comunicazione tra clienti e team CS. Gli amministratori possono ottenere informazioni dettagliate sull&#8217;accuratezza dei chatbot e risolvere tassi, tempo medio di risposta, messaggi ricevuti e altri parametri tramite grafici a torta all&#8217;interno di una piattaforma unificata.<br \/>\nL&#8217;intelligenza artificiale di <strong>AlphaChat<\/strong> suggerisce risposte alle domande dei clienti per gli agenti in tempo reale e si addestra automaticamente osservando le risposte dei dirigenti. Le aziende possono creare agenti virtuali, impostare risposte specifiche per il contesto e aggiungere risposte rapide, pulsanti, immagini, condizioni e URL alle loro risposte. I supervisori possono anche configurare autorizzazioni di accesso basate sui ruoli per i membri del team, archiviare riepiloghi e dati di ricerca e aggiungere o eliminare agenti in base ai requisiti.<\/p>\n<h2>ALPHACHAT &#8211; TUTORIAL<\/h2>\n<div id=\"fluid-wrapper-counter-1\" class=\"g1-fluid-wrapper \" style=\"width:686px;\">\n<div style=\"padding-bottom:56.268221574344%;\"><iframe loading=\"lazy\" title=\"14  Live chat\" width=\"515\" height=\"386\" src=\"https:\/\/www.youtube.com\/embed\/uIOKZl25mnE?feature=oembed&amp;wmode=transparent&amp;autohide=1&amp;autoplay=0&amp;disablekb=0&amp;fs=1&amp;loop=0&amp;enablejsapi=1&amp;rel=0&amp;controls=2&amp;showinfo=0&amp;wmode=transparent&amp;autohide=2&amp;autoplay=0&amp;disablekb=0&amp;fs=1&amp;loop=0&amp;enablejsapi=1&amp;rel=0&amp;controls=2&amp;showinfo=1\" frameborder=\"0\" allow=\"accelerometer; autoplay; clipboard-write; encrypted-media; gyroscope; picture-in-picture; web-share\" allowfullscreen><\/iframe><\/div>\n<\/div>\n<h3>ALPHACHAT &#8211; CARATTERISTICHE<\/h3>\n<ul>\n<li>Eliminare gli argomenti dei bot in Floweditor.<\/li>\n<li>Collega argomenti. Crea flussi di lavoro nidificati.<\/li>\n<li>Copia\/incolla ed elimina argomenti. Importazione\/esportazione JSON.<\/li>\n<li>Scrivi il testo a cui risponder\u00e0 il chatbot.<\/li>\n<li>Editor di testo WYSIWYG facile da usare.<\/li>\n<li>Aggiungi collegamenti all&#8217;URL o collegamenti all&#8217;interno degli argomenti del bot, immagini, caroselli, video.<\/li>\n<li>Lascia che l&#8217;IA generi frasi per te.<\/li>\n<li>Abilita\/disabilita argomenti per la stagionalit\u00e0.<\/li>\n<li>Frasi facilmente visibili direttamente dall&#8217;editor degli argomenti.<\/li>\n<li>Vedi le frasi collegate a ciascun argomento.<\/li>\n<li>L&#8217;intelligenza artificiale prevede gli argomenti per ciascun messaggio del cliente.<\/li>\n<li>La codifica a colori indica il focus della previsione dell&#8217;IA.<\/li>\n<li>Panoramica delle frasi convalidate\/non convalidate.<\/li>\n<li>Utilizza l&#8217;API per connetterti al tuo backend.<\/li>\n<li>Effettua query personalizzate sul tuo database.<\/li>\n<li>Fornisci risposte personalizzate agli utenti autenticati.<\/li>\n<li>Invia i dati ai tuoi server.<\/li>\n<li>Visualizza gli argomenti attuali e suggeriti per le frasi.<\/li>\n<li>Convalida con un clic.<\/li>\n<li>Colori per indicare il processo decisionale dell&#8217;algoritmo.<\/li>\n<li>Ignora suggerimenti irrilevanti con un solo clic.<\/li>\n<li>Passaggio senza interruzioni alla chat live integrata.<\/li>\n<li>Ricevi una notifica della chat dell&#8217;agente in arrivo.<\/li>\n<li>Modalit\u00e0 di assistenza dell&#8217;agente per le risposte suggerite.<\/li>\n<li>Riassegna le chat ad altri agenti. Risposte rapide.<\/li>\n<li>Cambia i colori nell&#8217;intestazione del widget.<\/li>\n<li>Personalizza il testo dell&#8217;avvio del widget.<\/li>\n<li>Aggiungi il logo\/icona della tua azienda.<\/li>\n<li>Feedback dei clienti per argomenti del chatbot (mi piace\/non mi piace).<\/li>\n<li>Valutazione dei clienti sui chatbot.<\/li>\n<\/ul>\n<h4>LE RECENSIONI DEGLI UTENTI<\/h4>\n<p><strong>Kaido &#8220;Recensione di AlphaChat&#8221;<\/strong><br \/>\n<strong>Commenti<\/strong>: Oggi i clienti hanno l&#8217;abitudine crescente di comunicare tramite chat, e lo stesso vale per i nostri clienti. Con il servizio chat offriamo ai clienti l&#8217;opportunit\u00e0 di comunicare con l&#8217;azienda.<br \/>\n<strong>Pro<\/strong>: Facilit\u00e0 d&#8217;uso e velocit\u00e0 di supporto quando \u00e8 necessario.<br \/>\n<strong>Contro<\/strong>: La nostra esperienza con Chat \u00e8 ancora piuttosto breve, ma finora la maggior parte delle aspettative sono state ben soddisfatte.<\/p>\n<p><strong>Daniel &#8220;La piattaforma Chat Bot perfetta per la scalabilit\u00e0 e l&#8217;automazione&#8221;<\/strong><br \/>\n<strong>Commenti<\/strong>: La nostra esperienza complessiva con Alpha Blues \u00e8 stata molto positiva. Hanno fornito ci\u00f2 di cui avevamo bisogno e sono stati in grado di automatizzare il 30% dei nostri volumi di chat in entrata. Essendo un prodotto che offre anche supporto multilingue, Alpha Blues \u00e8 stato in grado di supportarci pienamente nell&#8217;offrire un Chat Bot in un&#8217;altra lingua e ottenere la lingua preferita del cliente anche attraverso il nostro Bot.<br \/>\n<strong>Pro<\/strong>: Lo strumento in s\u00e9 \u00e8 facile da usare e ci consente di modificare al volo le risposte di Chat Bot, incredibilmente utile quando abbiamo un prodotto che pu\u00f2 cambiare abbastanza regolarmente. Per tutto ci\u00f2 che richiede lavoro aggiuntivo, il loro supporto \u00e8 stato eccezionale, soddisfacendo le nostre richieste molto rapidamente. Sono rimasto piuttosto colpito dalla loro roadmap e dal prendere in considerazione anche il nostro feedback. Hanno fatto un ottimo lavoro supportandoci nella formazione del nostro bot di chat e sono stati aperti a supportare gli strumenti che utilizziamo sulla nostra piattaforma di chat.<br \/>\n<strong>Contro<\/strong>: Non c&#8217;\u00e8 molto da aggiungere considerando che l&#8217;esperienza complessiva \u00e8 stata molto positiva. Un diagramma di flusso pi\u00f9 visivo all&#8217;interno della piattaforma Alpha Blues sarebbe fantastico, per consentirci una maggiore visibilit\u00e0 su come il bot della chat risponde ai follow-up. Ma non posso criticarli, il team Alpha Blues ha fatto un ottimo lavoro!<\/p>\n<p><strong>Kaja &#8220;Recensione per il chatbot Tallink&#8221;<\/strong><br \/>\n<strong>Commenti<\/strong>: L&#8217;esperienza complessiva \u00e8 buona, i clienti utilizzano molto il chatbot e il menu principale sembra funzionare bene per le campagne di marketing.<br \/>\n<strong>Pro<\/strong>: Nel complesso l&#8217;aspetto della visualizzazione del bot sulla pagina sembra carino :)<br \/>\n<strong>Contro<\/strong>: 1) La funzionalit\u00e0 per nascondere gli intenti sarebbe carina. Gli intenti nascosti dovrebbero essere visibili nella vista ad albero, contrassegnati in qualche modo in modo che possano essere facilmente separati dagli intenti &#8220;live&#8221;. 2) Funzionalit\u00e0 per programmare il tempo in cui l&#8217;intento sar\u00e0 live. Ci\u00f2 \u00e8 utile soprattutto con le campagne valide solo per un determinato periodo di tempo. 3) Emoji diversi sarebbero carini<\/p>\n","protected":false},"excerpt":{"rendered":"<p>AlphaChat \u00e8 un software di intelligenza artificiale (AI) conversazionale, progettato per aiutare le aziende a indirizzare le richieste di supporto agli agenti e semplificare la comunicazione tra clienti e team CS. Gli amministratori possono ottenere informazioni dettagliate sull&#8217;accuratezza dei chatbot e risolvere tassi, tempo medio di risposta, messaggi ricevuti e altri parametri tramite grafici a torta all&#8217;interno di una piattaforma unificata.<\/p>\n","protected":false},"author":19,"featured_media":73216,"parent":5386,"menu_order":0,"comment_status":"open","ping_status":"closed","template":"g1_template_page_review_new.php","meta":{"_acf_changed":false,"cwp_meta_box_check":"Yes","cwp_rev_product_name":"","cwp_rev_product_image":"","wppr_links":[],"cwp_rev_price":"0.00","wppr_options":[{"name":"Usability","value":"0"},{"name":"Speed","value":"0"},{"name":"Features","value":"0"},{"name":"Support","value":"0"},{"name":"Pricing","value":"0"}],"wppr_pros":["","","","",""],"wppr_cons":["","","","",""],"_monsterinsights_skip_tracking":false,"_monsterinsights_sitenote_active":false,"_monsterinsights_sitenote_note":"","_monsterinsights_sitenote_category":0,"footnotes":""},"categories":[95],"tags":[14806,1155,3567,3566,3569,3548],"features":[],"class_list":{"0":"post-73215","1":"page","2":"type-page","3":"status-publish","4":"has-post-thumbnail","6":"category-chat-im","7":"tag-alphachat","8":"tag-chat","9":"tag-piattaforma-messaggistica","10":"tag-programma-messaggistica","11":"tag-software-messaggistica","12":"tag-soluzione-messaggistica"},"wppr_data":{"cwp_meta_box_check":"Yes","_wppr_review_template":"default","cwp_rev_product_image":"","cwp_image_link":"image","wppr_links":[],"cwp_rev_price":"0.00","wppr_pros":["","","","",""],"wppr_cons":["","","","",""],"wppr_rating":"0.00","wppr_options":{"1":{"name":"Usability","value":"0"},"2":{"name":"Speed","value":"0"},"3":{"name":"Features","value":"0"},"4":{"name":"Support","value":"0"},"5":{"name":"Pricing","value":"0"}},"wppr_review_type":"Product","wppr_review_custom_fields":{"additionalProperty":"","additionalType":"","aggregateRating":"","alternateName":"","audience":"","award":"","awards":"","brand":"","color":"","depth":"","description":"","disambiguatingDescription":"","gtin12":"","gtin13":"","gtin14":"","gtin8":"","height":"","identifier":"","image":"","isAccessoryOrSparePartFor":"","isConsumableFor":"","isRelatedTo":"","isSimilarTo":"","itemCondition":"","logo":"","mainEntityOfPage":"","manufacturer":"","material":"","model":"","mpn":"","name":"","offers":"","potentialAction":"","productID":"","productionDate":"","purchaseDate":"","releaseDate":"","review":"","reviews":"","sameAs":"","sku":"","slogan":"","subjectOf":"","url":"","weight":"","width":""}},"acf":[],"yoast_head":"<!-- This site is optimized with the Yoast SEO plugin v27.4 - https:\/\/yoast.com\/product\/yoast-seo-wordpress\/ -->\n<title>AlphaChat: recensione software messaggistica - Accurate Reviews<\/title>\n<meta name=\"description\" content=\"AlphaChat: recensione software di ai conversazionale, progettato per aiutare le aziende a indirizzare le richieste di supporto degli agenti.\" \/>\n<meta name=\"robots\" content=\"index, follow, max-snippet:-1, max-image-preview:large, max-video-preview:-1\" \/>\n<link rel=\"canonical\" href=\"https:\/\/www.accuratereviews.com\/it\/chat-i-migliori-im-lista\/alphachat-recensione\/\" \/>\n<meta property=\"og:locale\" content=\"it_IT\" \/>\n<meta property=\"og:type\" content=\"article\" \/>\n<meta property=\"og:title\" content=\"AlphaChat: recensione software messaggistica - Accurate Reviews\" \/>\n<meta property=\"og:description\" content=\"AlphaChat: recensione software di ai conversazionale, progettato per aiutare le aziende a indirizzare le richieste di supporto degli agenti.\" \/>\n<meta property=\"og:url\" content=\"https:\/\/www.accuratereviews.com\/it\/chat-i-migliori-im-lista\/alphachat-recensione\/\" \/>\n<meta property=\"og:site_name\" content=\"Accurate Reviews\" \/>\n<meta property=\"article:modified_time\" content=\"2023-12-04T11:44:15+00:00\" \/>\n<meta property=\"og:image\" content=\"https:\/\/www.accuratereviews.com\/wp-content\/uploads\/2023\/12\/AlphaChat.png\" \/>\n\t<meta property=\"og:image:width\" content=\"200\" \/>\n\t<meta property=\"og:image:height\" content=\"200\" \/>\n\t<meta property=\"og:image:type\" content=\"image\/png\" \/>\n<meta name=\"twitter:card\" content=\"summary_large_image\" \/>\n<meta name=\"twitter:label1\" content=\"Tempo di lettura stimato\" \/>\n\t<meta name=\"twitter:data1\" content=\"5 minuti\" \/>\n<script type=\"application\/ld+json\" class=\"yoast-schema-graph\">{\"@context\":\"https:\\\/\\\/schema.org\",\"@graph\":[{\"@type\":\"WebPage\",\"@id\":\"https:\\\/\\\/www.accuratereviews.com\\\/it\\\/chat-i-migliori-im-lista\\\/alphachat-recensione\\\/\",\"url\":\"https:\\\/\\\/www.accuratereviews.com\\\/it\\\/chat-i-migliori-im-lista\\\/alphachat-recensione\\\/\",\"name\":\"AlphaChat: recensione software messaggistica - Accurate Reviews\",\"isPartOf\":{\"@id\":\"https:\\\/\\\/www.accuratereviews.com\\\/it\\\/#website\"},\"primaryImageOfPage\":{\"@id\":\"https:\\\/\\\/www.accuratereviews.com\\\/it\\\/chat-i-migliori-im-lista\\\/alphachat-recensione\\\/#primaryimage\"},\"image\":{\"@id\":\"https:\\\/\\\/www.accuratereviews.com\\\/it\\\/chat-i-migliori-im-lista\\\/alphachat-recensione\\\/#primaryimage\"},\"thumbnailUrl\":\"https:\\\/\\\/www.accuratereviews.com\\\/wp-content\\\/uploads\\\/2023\\\/12\\\/AlphaChat.png\",\"datePublished\":\"2023-12-01T13:15:50+00:00\",\"dateModified\":\"2023-12-04T11:44:15+00:00\",\"description\":\"AlphaChat: recensione software di ai conversazionale, progettato per aiutare le aziende a indirizzare le richieste di supporto degli agenti.\",\"breadcrumb\":{\"@id\":\"https:\\\/\\\/www.accuratereviews.com\\\/it\\\/chat-i-migliori-im-lista\\\/alphachat-recensione\\\/#breadcrumb\"},\"inLanguage\":\"it-IT\",\"potentialAction\":[{\"@type\":\"ReadAction\",\"target\":[\"https:\\\/\\\/www.accuratereviews.com\\\/it\\\/chat-i-migliori-im-lista\\\/alphachat-recensione\\\/\"]}]},{\"@type\":\"ImageObject\",\"inLanguage\":\"it-IT\",\"@id\":\"https:\\\/\\\/www.accuratereviews.com\\\/it\\\/chat-i-migliori-im-lista\\\/alphachat-recensione\\\/#primaryimage\",\"url\":\"https:\\\/\\\/www.accuratereviews.com\\\/wp-content\\\/uploads\\\/2023\\\/12\\\/AlphaChat.png\",\"contentUrl\":\"https:\\\/\\\/www.accuratereviews.com\\\/wp-content\\\/uploads\\\/2023\\\/12\\\/AlphaChat.png\",\"width\":200,\"height\":200},{\"@type\":\"BreadcrumbList\",\"@id\":\"https:\\\/\\\/www.accuratereviews.com\\\/it\\\/chat-i-migliori-im-lista\\\/alphachat-recensione\\\/#breadcrumb\",\"itemListElement\":[{\"@type\":\"ListItem\",\"position\":1,\"name\":\"Home\",\"item\":\"https:\\\/\\\/www.accuratereviews.com\\\/it\\\/\"},{\"@type\":\"ListItem\",\"position\":2,\"name\":\"Chat: I migliori IM\",\"item\":\"https:\\\/\\\/www.accuratereviews.com\\\/it\\\/chat-i-migliori-im-lista\\\/\"},{\"@type\":\"ListItem\",\"position\":3,\"name\":\"AlphaChat\"}]},{\"@type\":\"WebSite\",\"@id\":\"https:\\\/\\\/www.accuratereviews.com\\\/it\\\/#website\",\"url\":\"https:\\\/\\\/www.accuratereviews.com\\\/it\\\/\",\"name\":\"Accurate Reviews\",\"description\":\"\",\"potentialAction\":[{\"@type\":\"SearchAction\",\"target\":{\"@type\":\"EntryPoint\",\"urlTemplate\":\"https:\\\/\\\/www.accuratereviews.com\\\/it\\\/?s={search_term_string}\"},\"query-input\":{\"@type\":\"PropertyValueSpecification\",\"valueRequired\":true,\"valueName\":\"search_term_string\"}}],\"inLanguage\":\"it-IT\"}]}<\/script>\n<!-- \/ Yoast SEO plugin. -->","yoast_head_json":{"title":"AlphaChat: recensione software messaggistica - Accurate Reviews","description":"AlphaChat: recensione software di ai conversazionale, progettato per aiutare le aziende a indirizzare le richieste di supporto degli agenti.","robots":{"index":"index","follow":"follow","max-snippet":"max-snippet:-1","max-image-preview":"max-image-preview:large","max-video-preview":"max-video-preview:-1"},"canonical":"https:\/\/www.accuratereviews.com\/it\/chat-i-migliori-im-lista\/alphachat-recensione\/","og_locale":"it_IT","og_type":"article","og_title":"AlphaChat: recensione software messaggistica - Accurate Reviews","og_description":"AlphaChat: recensione software di ai conversazionale, progettato per aiutare le aziende a indirizzare le richieste di supporto degli agenti.","og_url":"https:\/\/www.accuratereviews.com\/it\/chat-i-migliori-im-lista\/alphachat-recensione\/","og_site_name":"Accurate Reviews","article_modified_time":"2023-12-04T11:44:15+00:00","og_image":[{"width":200,"height":200,"url":"https:\/\/www.accuratereviews.com\/wp-content\/uploads\/2023\/12\/AlphaChat.png","type":"image\/png"}],"twitter_card":"summary_large_image","twitter_misc":{"Tempo di lettura stimato":"5 minuti"},"schema":{"@context":"https:\/\/schema.org","@graph":[{"@type":"WebPage","@id":"https:\/\/www.accuratereviews.com\/it\/chat-i-migliori-im-lista\/alphachat-recensione\/","url":"https:\/\/www.accuratereviews.com\/it\/chat-i-migliori-im-lista\/alphachat-recensione\/","name":"AlphaChat: recensione software messaggistica - Accurate Reviews","isPartOf":{"@id":"https:\/\/www.accuratereviews.com\/it\/#website"},"primaryImageOfPage":{"@id":"https:\/\/www.accuratereviews.com\/it\/chat-i-migliori-im-lista\/alphachat-recensione\/#primaryimage"},"image":{"@id":"https:\/\/www.accuratereviews.com\/it\/chat-i-migliori-im-lista\/alphachat-recensione\/#primaryimage"},"thumbnailUrl":"https:\/\/www.accuratereviews.com\/wp-content\/uploads\/2023\/12\/AlphaChat.png","datePublished":"2023-12-01T13:15:50+00:00","dateModified":"2023-12-04T11:44:15+00:00","description":"AlphaChat: recensione software di ai conversazionale, progettato per aiutare le aziende a indirizzare le richieste di supporto degli agenti.","breadcrumb":{"@id":"https:\/\/www.accuratereviews.com\/it\/chat-i-migliori-im-lista\/alphachat-recensione\/#breadcrumb"},"inLanguage":"it-IT","potentialAction":[{"@type":"ReadAction","target":["https:\/\/www.accuratereviews.com\/it\/chat-i-migliori-im-lista\/alphachat-recensione\/"]}]},{"@type":"ImageObject","inLanguage":"it-IT","@id":"https:\/\/www.accuratereviews.com\/it\/chat-i-migliori-im-lista\/alphachat-recensione\/#primaryimage","url":"https:\/\/www.accuratereviews.com\/wp-content\/uploads\/2023\/12\/AlphaChat.png","contentUrl":"https:\/\/www.accuratereviews.com\/wp-content\/uploads\/2023\/12\/AlphaChat.png","width":200,"height":200},{"@type":"BreadcrumbList","@id":"https:\/\/www.accuratereviews.com\/it\/chat-i-migliori-im-lista\/alphachat-recensione\/#breadcrumb","itemListElement":[{"@type":"ListItem","position":1,"name":"Home","item":"https:\/\/www.accuratereviews.com\/it\/"},{"@type":"ListItem","position":2,"name":"Chat: I migliori IM","item":"https:\/\/www.accuratereviews.com\/it\/chat-i-migliori-im-lista\/"},{"@type":"ListItem","position":3,"name":"AlphaChat"}]},{"@type":"WebSite","@id":"https:\/\/www.accuratereviews.com\/it\/#website","url":"https:\/\/www.accuratereviews.com\/it\/","name":"Accurate Reviews","description":"","potentialAction":[{"@type":"SearchAction","target":{"@type":"EntryPoint","urlTemplate":"https:\/\/www.accuratereviews.com\/it\/?s={search_term_string}"},"query-input":{"@type":"PropertyValueSpecification","valueRequired":true,"valueName":"search_term_string"}}],"inLanguage":"it-IT"}]}},"_links":{"self":[{"href":"https:\/\/www.accuratereviews.com\/it\/wp-json\/wp\/v2\/pages\/73215","targetHints":{"allow":["GET"]}}],"collection":[{"href":"https:\/\/www.accuratereviews.com\/it\/wp-json\/wp\/v2\/pages"}],"about":[{"href":"https:\/\/www.accuratereviews.com\/it\/wp-json\/wp\/v2\/types\/page"}],"author":[{"embeddable":true,"href":"https:\/\/www.accuratereviews.com\/it\/wp-json\/wp\/v2\/users\/19"}],"replies":[{"embeddable":true,"href":"https:\/\/www.accuratereviews.com\/it\/wp-json\/wp\/v2\/comments?post=73215"}],"version-history":[{"count":8,"href":"https:\/\/www.accuratereviews.com\/it\/wp-json\/wp\/v2\/pages\/73215\/revisions"}],"predecessor-version":[{"id":73246,"href":"https:\/\/www.accuratereviews.com\/it\/wp-json\/wp\/v2\/pages\/73215\/revisions\/73246"}],"up":[{"embeddable":true,"href":"https:\/\/www.accuratereviews.com\/it\/wp-json\/wp\/v2\/pages\/5386"}],"wp:featuredmedia":[{"embeddable":true,"href":"https:\/\/www.accuratereviews.com\/it\/wp-json\/wp\/v2\/media\/73216"}],"wp:attachment":[{"href":"https:\/\/www.accuratereviews.com\/it\/wp-json\/wp\/v2\/media?parent=73215"}],"wp:term":[{"taxonomy":"category","embeddable":true,"href":"https:\/\/www.accuratereviews.com\/it\/wp-json\/wp\/v2\/categories?post=73215"},{"taxonomy":"post_tag","embeddable":true,"href":"https:\/\/www.accuratereviews.com\/it\/wp-json\/wp\/v2\/tags?post=73215"},{"taxonomy":"features","embeddable":true,"href":"https:\/\/www.accuratereviews.com\/it\/wp-json\/wp\/v2\/features?post=73215"}],"curies":[{"name":"wp","href":"https:\/\/api.w.org\/{rel}","templated":true}]}}