{"id":73297,"date":"2023-12-07T16:45:40","date_gmt":"2023-12-07T16:45:40","guid":{"rendered":"https:\/\/www.accuratereviews.com\/?page_id=73297"},"modified":"2024-03-25T22:17:45","modified_gmt":"2024-03-25T22:17:45","slug":"writer-recensione","status":"publish","type":"page","link":"https:\/\/www.accuratereviews.com\/it\/chat-i-migliori-im-lista\/writer-recensione\/","title":{"rendered":"Writer"},"content":{"rendered":"<p>L&#8217;intelligenza artificiale di <strong>Writer<\/strong> (ex Qordoba) aiuta tutti in azienda a scrivere con lo stesso stile, terminologia e voce del marchio. Con le linee guida sui contenuti dinamici della soluzione, le organizzazioni possono ottenere coerenza e chiarezza in tutti i tipi di contenuti, comprese comunicazioni e marketing, documentazione tecnica, prodotti, basi di conoscenza dei clienti, politiche legali e delle risorse umane e altro ancora.<br \/>\nGrazie a questo software, crei la guida con lo stile di scrittura del tuo marchio, impostando le preferenze per categorie come voce e tono ideali; stili di scrittura come AP, Chicago o il tuo; e termini da utilizzare insieme alle parole vietate. Quindi, gli utenti semplicemente copiano e incollano il contenuto in <strong>Writer<\/strong> o scrivono direttamente all&#8217;interno della piattaforma. Lo scrittore analizzer\u00e0 quindi e valuter\u00e0 il contenuto inviato rispetto alla guida di stile dell&#8217;azienda per identificare le aree in cui il contenuto non \u00e8 allineato.<\/p>\n<h2><a href=\"https:\/\/www.accuratereviews.com\/wp-content\/uploads\/2023\/12\/Screenshot-2023-12-07-alle-10.57.42.png\"><img loading=\"lazy\" decoding=\"async\" class=\"aligncenter wp-image-73307 size-large\" src=\"https:\/\/www.accuratereviews.com\/wp-content\/uploads\/2023\/12\/Screenshot-2023-12-07-alle-10.57.42-1024x324.png\" alt=\"\" width=\"686\" height=\"217\" srcset=\"https:\/\/www.accuratereviews.com\/wp-content\/uploads\/2023\/12\/Screenshot-2023-12-07-alle-10.57.42-1024x324.png 1024w, https:\/\/www.accuratereviews.com\/wp-content\/uploads\/2023\/12\/Screenshot-2023-12-07-alle-10.57.42-300x95.png 300w, https:\/\/www.accuratereviews.com\/wp-content\/uploads\/2023\/12\/Screenshot-2023-12-07-alle-10.57.42-768x243.png 768w, https:\/\/www.accuratereviews.com\/wp-content\/uploads\/2023\/12\/Screenshot-2023-12-07-alle-10.57.42-1536x485.png 1536w, https:\/\/www.accuratereviews.com\/wp-content\/uploads\/2023\/12\/Screenshot-2023-12-07-alle-10.57.42-2048x647.png 2048w, https:\/\/www.accuratereviews.com\/wp-content\/uploads\/2023\/12\/Screenshot-2023-12-07-alle-10.57.42-50x16.png 50w, https:\/\/www.accuratereviews.com\/wp-content\/uploads\/2023\/12\/Screenshot-2023-12-07-alle-10.57.42-260x82.png 260w, https:\/\/www.accuratereviews.com\/wp-content\/uploads\/2023\/12\/Screenshot-2023-12-07-alle-10.57.42-968x306.png 968w, https:\/\/www.accuratereviews.com\/wp-content\/uploads\/2023\/12\/Screenshot-2023-12-07-alle-10.57.42-636x201.png 636w, https:\/\/www.accuratereviews.com\/wp-content\/uploads\/2023\/12\/Screenshot-2023-12-07-alle-10.57.42-320x101.png 320w, https:\/\/www.accuratereviews.com\/wp-content\/uploads\/2023\/12\/Screenshot-2023-12-07-alle-10.57.42-239x76.png 239w\" sizes=\"auto, (max-width: 686px) 100vw, 686px\" \/><\/a><\/h2>\n<h2>WRITER &#8211; CARATTERISTICHE<\/h2>\n<div class=\"usGWQd\">\n<div class=\"KkbLmb\">\n<ul>\n<li class=\"lRu31\"><span class=\"HwtZe\" lang=\"it\"><span class=\"jCAhz ChMk0b\"><span class=\"ryNqvb\"><strong>Dati di allenamento di qualit\u00e0<\/strong>: f<\/span><\/span><span class=\"jCAhz ChMk0b\"><span class=\"ryNqvb\">ormato su 1 trilione di token di scrittura formale e aziendale che non contengono contenuti protetti da copyright.<\/span><\/span> <\/span><\/li>\n<li class=\"lRu31\"><span class=\"HwtZe\" lang=\"it\"><span class=\"jCAhz ChMk0b\"><span class=\"ryNqvb\"><strong>Concentrarsi sulle competenze<\/strong>: c<\/span><\/span><span class=\"jCAhz ChMk0b\"><span class=\"ryNqvb\">ostruito per competenze avanzate, non per l&#8217;ampiezza delle conoscenze, il che mantiene i modelli pi\u00f9 piccoli, pi\u00f9 veloci e convenienti.<\/span><\/span> <\/span><\/li>\n<li class=\"lRu31\"><span class=\"HwtZe\" lang=\"it\"><strong><span class=\"jCAhz ChMk0b\"><span class=\"ryNqvb\">Privacy dei dati:<\/span><\/span><\/strong> i<span class=\"jCAhz ChMk0b\"><span class=\"ryNqvb\">\u00a0tuoi dati rimangono privati e non vengono mai condivisi o utilizzati per l&#8217;addestramento del modello.<\/span><\/span> <\/span><\/li>\n<li class=\"lRu31\"><span class=\"HwtZe\" lang=\"it\"><span class=\"jCAhz ChMk0b\"><span class=\"ryNqvb\"><strong>Trasparenza<\/strong>:<\/span><\/span> c<span class=\"jCAhz ChMk0b\"><span class=\"ryNqvb\">ompletamente verificabile, con la possibilit\u00e0 di ispezionare codice e dati del modello.<\/span><\/span> <\/span><\/li>\n<li class=\"lRu31\"><span class=\"HwtZe\" lang=\"it\"><span class=\"jCAhz ChMk0b\"><span class=\"ryNqvb\"><strong>Specificit\u00e0 del settore<\/strong>:<\/span><\/span> o<span class=\"jCAhz ChMk0b\"><span class=\"ryNqvb\">ttimizzato per settori specifici come quello sanitario.<\/span><\/span> <\/span><\/li>\n<li class=\"lRu31\"><span class=\"HwtZe\" lang=\"it\"><span class=\"jCAhz ChMk0b\"><span class=\"ryNqvb\"><strong>Distribuzione flessibile<\/strong>:<\/span><\/span> p<span class=\"jCAhz ChMk0b\"><span class=\"ryNqvb\">u\u00f2 essere gestito dal writer o dal cliente.<\/span><\/span> <\/span><\/li>\n<li class=\"lRu31\"><span class=\"HwtZe\" lang=\"it\"><span class=\"jCAhz ChMk0b\"><span class=\"ryNqvb\"><strong>Mantieni i tuoi dati al sicuro<\/strong>:<\/span><\/span>\u00a0<span class=\"jCAhz ChMk0b\"><span class=\"ryNqvb\">Non condivide n\u00e9 utilizza i tuoi dati nei modelli.<\/span><\/span> <\/span><\/li>\n<li class=\"lRu31\"><span class=\"HwtZe\" lang=\"it\"><span class=\"jCAhz ChMk0b\"><span class=\"ryNqvb\"><strong>Controlli di amministrazione<\/strong>:<\/span><\/span> g<span class=\"jCAhz ChMk0b\"><span class=\"ryNqvb\">estisci l&#8217;accesso con SSO, autorizzazioni basate sui ruoli, autenticazione a pi\u00f9 fattori e reporting avanzato.<\/span><\/span>\u00a0<\/span><\/li>\n<li class=\"lRu31\"><span class=\"HwtZe\" lang=\"it\"><span class=\"jCAhz ChMk0b\"><span class=\"ryNqvb\"><strong>Supporto dedicato<\/strong>:<\/span><\/span> i<span class=\"jCAhz ChMk0b\"><span class=\"ryNqvb\">l team esperto collabora con te all&#8217;onboarding, all&#8217;implementazione e alla gestione continua del programma AI.<\/span><\/span><\/span><\/li>\n<\/ul>\n<h3>LE RECENSIONI DEGLI UTENTI<\/h3>\n<p><strong>Chris &#8220;Utile&#8221;<\/strong><br \/>\n<strong>Pro<\/strong>: Questo strumento \u00e8 stato molto utile nella scrittura del mio libro. Consente facilmente l&#8217;unione di documenti. E i documenti possono essere salvati come file PDF&#8230; e ancora a una velocit\u00e0 molto elevata. Questo offre anche grammatica contestuale e suggerimenti di stile che mi hanno aiutato a migliorare la mia scrittura<br \/>\n<strong>Contro<\/strong>: Nei miei anni di utilizzo di questo strumento ho avuto solo tutti i motivi per apprezzarlo. Non mi ha dato problemi o preoccupazioni.<\/p>\n<p><strong>Miguel &#8220;software di scrittura&#8221;<\/strong><br \/>\n<strong>Pro<\/strong>: Che \u00e8 compatibile con altri programmi di modifica del testo e consente anche di apportare correzioni al testo<br \/>\n<strong>Contro<\/strong>: Il periodo di prova \u00e8 poco equo e non ti consente di navigare completamente nel programma per approfondirlo.<\/p>\n<p><strong>Mohip &#8220;Writer \u00e8 la sua interfaccia pulita e user-friendly.&#8221;<\/strong><br \/>\n<strong>Pro<\/strong>: Lo strumento offre un design semplice e intuitivo che semplifica la creazione e la modifica di documenti da parte degli utenti. Inoltre, Writer \u00e8 basato su cloud, consentendo agli utenti di accedere e modificare documenti da qualsiasi luogo con una connessione Internet.<br \/>\n<strong>Contro<\/strong>: A Writer mancano alcune delle funzionalit\u00e0 pi\u00f9 avanzate che si trovano in altri strumenti di elaborazione testi, come Microsoft Word.<\/p>\n<\/div>\n<\/div>\n","protected":false},"excerpt":{"rendered":"<p>L&#8217;intelligenza artificiale di Writer (ex Qordoba) aiuta tutti in azienda a scrivere con lo stesso stile, terminologia e voce del marchio. Con le linee guida sui contenuti dinamici della soluzione, le organizzazioni possono ottenere coerenza e chiarezza in tutti i tipi di contenuti, comprese comunicazioni e marketing, documentazione tecnica, prodotti, basi di conoscenza dei clienti, politiche legali e delle risorse umane e altro ancora.<\/p>\n","protected":false},"author":19,"featured_media":73299,"parent":5386,"menu_order":0,"comment_status":"open","ping_status":"closed","template":"g1_template_page_review_new.php","meta":{"_acf_changed":false,"cwp_meta_box_check":"Yes","cwp_rev_product_name":"","cwp_rev_product_image":"","wppr_links":[],"cwp_rev_price":"0.00","wppr_options":[{"name":"Usability","value":"0"},{"name":"Speed","value":"0"},{"name":"Features","value":"0"},{"name":"Support","value":"0"},{"name":"Pricing","value":"0"}],"wppr_pros":["","","","",""],"wppr_cons":["","","","",""],"_monsterinsights_skip_tracking":false,"_monsterinsights_sitenote_active":false,"_monsterinsights_sitenote_note":"","_monsterinsights_sitenote_category":0,"footnotes":""},"categories":[95],"tags":[3567,3566,14814,3569,3548,14813],"features":[],"class_list":{"0":"post-73297","1":"page","2":"type-page","3":"status-publish","4":"has-post-thumbnail","6":"category-chat-im","7":"tag-piattaforma-messaggistica","8":"tag-programma-messaggistica","9":"tag-qordoba","10":"tag-software-messaggistica","11":"tag-soluzione-messaggistica","12":"tag-writer"},"wppr_data":{"cwp_meta_box_check":"Yes","_wppr_review_template":"default","cwp_rev_product_image":"","cwp_image_link":"image","wppr_links":[],"cwp_rev_price":"0.00","wppr_pros":["","","","",""],"wppr_cons":["","","","",""],"wppr_rating":"0.00","wppr_options":{"1":{"name":"Usability","value":"0"},"2":{"name":"Speed","value":"0"},"3":{"name":"Features","value":"0"},"4":{"name":"Support","value":"0"},"5":{"name":"Pricing","value":"0"}},"wppr_review_type":"Product","wppr_review_custom_fields":{"additionalProperty":"","additionalType":"","aggregateRating":"","alternateName":"","audience":"","award":"","awards":"","brand":"","color":"","depth":"","description":"","disambiguatingDescription":"","gtin12":"","gtin13":"","gtin14":"","gtin8":"","height":"","identifier":"","image":"","isAccessoryOrSparePartFor":"","isConsumableFor":"","isRelatedTo":"","isSimilarTo":"","itemCondition":"","logo":"","mainEntityOfPage":"","manufacturer":"","material":"","model":"","mpn":"","name":"","offers":"","potentialAction":"","productID":"","productionDate":"","purchaseDate":"","releaseDate":"","review":"","reviews":"","sameAs":"","sku":"","slogan":"","subjectOf":"","url":"","weight":"","width":""}},"acf":[],"yoast_head":"<!-- This site is optimized with the Yoast SEO plugin v27.4 - https:\/\/yoast.com\/product\/yoast-seo-wordpress\/ -->\n<title>Writer: recensione software messaggistica - Accurate Reviews<\/title>\n<meta name=\"description\" content=\"Writer: recensione software messaggistica che aiuta tutti in azienda a scrivere con lo stesso stile, terminologia e voce del marchio.\" \/>\n<meta name=\"robots\" content=\"index, follow, max-snippet:-1, max-image-preview:large, max-video-preview:-1\" \/>\n<link rel=\"canonical\" href=\"https:\/\/www.accuratereviews.com\/it\/chat-i-migliori-im-lista\/writer-recensione\/\" \/>\n<meta property=\"og:locale\" content=\"it_IT\" \/>\n<meta property=\"og:type\" content=\"article\" \/>\n<meta property=\"og:title\" content=\"Writer: recensione software messaggistica - Accurate Reviews\" \/>\n<meta property=\"og:description\" content=\"Writer: recensione software messaggistica che aiuta tutti in azienda a scrivere con lo stesso stile, terminologia e voce del marchio.\" \/>\n<meta property=\"og:url\" content=\"https:\/\/www.accuratereviews.com\/it\/chat-i-migliori-im-lista\/writer-recensione\/\" \/>\n<meta property=\"og:site_name\" content=\"Accurate Reviews\" \/>\n<meta property=\"article:modified_time\" content=\"2024-03-25T22:17:45+00:00\" \/>\n<meta property=\"og:image\" content=\"https:\/\/www.accuratereviews.com\/wp-content\/uploads\/2023\/12\/Screenshot-2023-12-07-alle-09.39.28.png\" \/>\n\t<meta property=\"og:image:width\" content=\"1038\" \/>\n\t<meta property=\"og:image:height\" content=\"672\" \/>\n\t<meta property=\"og:image:type\" content=\"image\/png\" \/>\n<meta name=\"twitter:card\" content=\"summary_large_image\" \/>\n<meta name=\"twitter:label1\" content=\"Tempo di lettura stimato\" \/>\n\t<meta name=\"twitter:data1\" content=\"4 minuti\" \/>\n<script type=\"application\/ld+json\" class=\"yoast-schema-graph\">{\"@context\":\"https:\\\/\\\/schema.org\",\"@graph\":[{\"@type\":\"WebPage\",\"@id\":\"https:\\\/\\\/www.accuratereviews.com\\\/it\\\/chat-i-migliori-im-lista\\\/writer-recensione\\\/\",\"url\":\"https:\\\/\\\/www.accuratereviews.com\\\/it\\\/chat-i-migliori-im-lista\\\/writer-recensione\\\/\",\"name\":\"Writer: recensione software messaggistica - Accurate Reviews\",\"isPartOf\":{\"@id\":\"https:\\\/\\\/www.accuratereviews.com\\\/it\\\/#website\"},\"primaryImageOfPage\":{\"@id\":\"https:\\\/\\\/www.accuratereviews.com\\\/it\\\/chat-i-migliori-im-lista\\\/writer-recensione\\\/#primaryimage\"},\"image\":{\"@id\":\"https:\\\/\\\/www.accuratereviews.com\\\/it\\\/chat-i-migliori-im-lista\\\/writer-recensione\\\/#primaryimage\"},\"thumbnailUrl\":\"https:\\\/\\\/www.accuratereviews.com\\\/wp-content\\\/uploads\\\/2023\\\/12\\\/Screenshot-2023-12-07-alle-09.39.28.png\",\"datePublished\":\"2023-12-07T16:45:40+00:00\",\"dateModified\":\"2024-03-25T22:17:45+00:00\",\"description\":\"Writer: recensione software messaggistica che aiuta tutti in azienda a scrivere con lo stesso stile, terminologia e voce del marchio.\",\"breadcrumb\":{\"@id\":\"https:\\\/\\\/www.accuratereviews.com\\\/it\\\/chat-i-migliori-im-lista\\\/writer-recensione\\\/#breadcrumb\"},\"inLanguage\":\"it-IT\",\"potentialAction\":[{\"@type\":\"ReadAction\",\"target\":[\"https:\\\/\\\/www.accuratereviews.com\\\/it\\\/chat-i-migliori-im-lista\\\/writer-recensione\\\/\"]}]},{\"@type\":\"ImageObject\",\"inLanguage\":\"it-IT\",\"@id\":\"https:\\\/\\\/www.accuratereviews.com\\\/it\\\/chat-i-migliori-im-lista\\\/writer-recensione\\\/#primaryimage\",\"url\":\"https:\\\/\\\/www.accuratereviews.com\\\/wp-content\\\/uploads\\\/2023\\\/12\\\/Screenshot-2023-12-07-alle-09.39.28.png\",\"contentUrl\":\"https:\\\/\\\/www.accuratereviews.com\\\/wp-content\\\/uploads\\\/2023\\\/12\\\/Screenshot-2023-12-07-alle-09.39.28.png\",\"width\":1038,\"height\":672},{\"@type\":\"BreadcrumbList\",\"@id\":\"https:\\\/\\\/www.accuratereviews.com\\\/it\\\/chat-i-migliori-im-lista\\\/writer-recensione\\\/#breadcrumb\",\"itemListElement\":[{\"@type\":\"ListItem\",\"position\":1,\"name\":\"Home\",\"item\":\"https:\\\/\\\/www.accuratereviews.com\\\/it\\\/\"},{\"@type\":\"ListItem\",\"position\":2,\"name\":\"Chat: I migliori IM\",\"item\":\"https:\\\/\\\/www.accuratereviews.com\\\/it\\\/chat-i-migliori-im-lista\\\/\"},{\"@type\":\"ListItem\",\"position\":3,\"name\":\"Writer\"}]},{\"@type\":\"WebSite\",\"@id\":\"https:\\\/\\\/www.accuratereviews.com\\\/it\\\/#website\",\"url\":\"https:\\\/\\\/www.accuratereviews.com\\\/it\\\/\",\"name\":\"Accurate Reviews\",\"description\":\"\",\"potentialAction\":[{\"@type\":\"SearchAction\",\"target\":{\"@type\":\"EntryPoint\",\"urlTemplate\":\"https:\\\/\\\/www.accuratereviews.com\\\/it\\\/?s={search_term_string}\"},\"query-input\":{\"@type\":\"PropertyValueSpecification\",\"valueRequired\":true,\"valueName\":\"search_term_string\"}}],\"inLanguage\":\"it-IT\"}]}<\/script>\n<!-- \/ Yoast SEO plugin. -->","yoast_head_json":{"title":"Writer: recensione software messaggistica - Accurate Reviews","description":"Writer: recensione software messaggistica che aiuta tutti in azienda a scrivere con lo stesso stile, terminologia e voce del marchio.","robots":{"index":"index","follow":"follow","max-snippet":"max-snippet:-1","max-image-preview":"max-image-preview:large","max-video-preview":"max-video-preview:-1"},"canonical":"https:\/\/www.accuratereviews.com\/it\/chat-i-migliori-im-lista\/writer-recensione\/","og_locale":"it_IT","og_type":"article","og_title":"Writer: recensione software messaggistica - Accurate Reviews","og_description":"Writer: recensione software messaggistica che aiuta tutti in azienda a scrivere con lo stesso stile, terminologia e voce del marchio.","og_url":"https:\/\/www.accuratereviews.com\/it\/chat-i-migliori-im-lista\/writer-recensione\/","og_site_name":"Accurate Reviews","article_modified_time":"2024-03-25T22:17:45+00:00","og_image":[{"width":1038,"height":672,"url":"https:\/\/www.accuratereviews.com\/wp-content\/uploads\/2023\/12\/Screenshot-2023-12-07-alle-09.39.28.png","type":"image\/png"}],"twitter_card":"summary_large_image","twitter_misc":{"Tempo di lettura stimato":"4 minuti"},"schema":{"@context":"https:\/\/schema.org","@graph":[{"@type":"WebPage","@id":"https:\/\/www.accuratereviews.com\/it\/chat-i-migliori-im-lista\/writer-recensione\/","url":"https:\/\/www.accuratereviews.com\/it\/chat-i-migliori-im-lista\/writer-recensione\/","name":"Writer: recensione software messaggistica - Accurate Reviews","isPartOf":{"@id":"https:\/\/www.accuratereviews.com\/it\/#website"},"primaryImageOfPage":{"@id":"https:\/\/www.accuratereviews.com\/it\/chat-i-migliori-im-lista\/writer-recensione\/#primaryimage"},"image":{"@id":"https:\/\/www.accuratereviews.com\/it\/chat-i-migliori-im-lista\/writer-recensione\/#primaryimage"},"thumbnailUrl":"https:\/\/www.accuratereviews.com\/wp-content\/uploads\/2023\/12\/Screenshot-2023-12-07-alle-09.39.28.png","datePublished":"2023-12-07T16:45:40+00:00","dateModified":"2024-03-25T22:17:45+00:00","description":"Writer: recensione software messaggistica che aiuta tutti in azienda a scrivere con lo stesso stile, terminologia e voce del marchio.","breadcrumb":{"@id":"https:\/\/www.accuratereviews.com\/it\/chat-i-migliori-im-lista\/writer-recensione\/#breadcrumb"},"inLanguage":"it-IT","potentialAction":[{"@type":"ReadAction","target":["https:\/\/www.accuratereviews.com\/it\/chat-i-migliori-im-lista\/writer-recensione\/"]}]},{"@type":"ImageObject","inLanguage":"it-IT","@id":"https:\/\/www.accuratereviews.com\/it\/chat-i-migliori-im-lista\/writer-recensione\/#primaryimage","url":"https:\/\/www.accuratereviews.com\/wp-content\/uploads\/2023\/12\/Screenshot-2023-12-07-alle-09.39.28.png","contentUrl":"https:\/\/www.accuratereviews.com\/wp-content\/uploads\/2023\/12\/Screenshot-2023-12-07-alle-09.39.28.png","width":1038,"height":672},{"@type":"BreadcrumbList","@id":"https:\/\/www.accuratereviews.com\/it\/chat-i-migliori-im-lista\/writer-recensione\/#breadcrumb","itemListElement":[{"@type":"ListItem","position":1,"name":"Home","item":"https:\/\/www.accuratereviews.com\/it\/"},{"@type":"ListItem","position":2,"name":"Chat: I migliori IM","item":"https:\/\/www.accuratereviews.com\/it\/chat-i-migliori-im-lista\/"},{"@type":"ListItem","position":3,"name":"Writer"}]},{"@type":"WebSite","@id":"https:\/\/www.accuratereviews.com\/it\/#website","url":"https:\/\/www.accuratereviews.com\/it\/","name":"Accurate Reviews","description":"","potentialAction":[{"@type":"SearchAction","target":{"@type":"EntryPoint","urlTemplate":"https:\/\/www.accuratereviews.com\/it\/?s={search_term_string}"},"query-input":{"@type":"PropertyValueSpecification","valueRequired":true,"valueName":"search_term_string"}}],"inLanguage":"it-IT"}]}},"_links":{"self":[{"href":"https:\/\/www.accuratereviews.com\/it\/wp-json\/wp\/v2\/pages\/73297","targetHints":{"allow":["GET"]}}],"collection":[{"href":"https:\/\/www.accuratereviews.com\/it\/wp-json\/wp\/v2\/pages"}],"about":[{"href":"https:\/\/www.accuratereviews.com\/it\/wp-json\/wp\/v2\/types\/page"}],"author":[{"embeddable":true,"href":"https:\/\/www.accuratereviews.com\/it\/wp-json\/wp\/v2\/users\/19"}],"replies":[{"embeddable":true,"href":"https:\/\/www.accuratereviews.com\/it\/wp-json\/wp\/v2\/comments?post=73297"}],"version-history":[{"count":11,"href":"https:\/\/www.accuratereviews.com\/it\/wp-json\/wp\/v2\/pages\/73297\/revisions"}],"predecessor-version":[{"id":75507,"href":"https:\/\/www.accuratereviews.com\/it\/wp-json\/wp\/v2\/pages\/73297\/revisions\/75507"}],"up":[{"embeddable":true,"href":"https:\/\/www.accuratereviews.com\/it\/wp-json\/wp\/v2\/pages\/5386"}],"wp:featuredmedia":[{"embeddable":true,"href":"https:\/\/www.accuratereviews.com\/it\/wp-json\/wp\/v2\/media\/73299"}],"wp:attachment":[{"href":"https:\/\/www.accuratereviews.com\/it\/wp-json\/wp\/v2\/media?parent=73297"}],"wp:term":[{"taxonomy":"category","embeddable":true,"href":"https:\/\/www.accuratereviews.com\/it\/wp-json\/wp\/v2\/categories?post=73297"},{"taxonomy":"post_tag","embeddable":true,"href":"https:\/\/www.accuratereviews.com\/it\/wp-json\/wp\/v2\/tags?post=73297"},{"taxonomy":"features","embeddable":true,"href":"https:\/\/www.accuratereviews.com\/it\/wp-json\/wp\/v2\/features?post=73297"}],"curies":[{"name":"wp","href":"https:\/\/api.w.org\/{rel}","templated":true}]}}