{"id":73327,"date":"2023-12-11T12:57:11","date_gmt":"2023-12-11T12:57:11","guid":{"rendered":"https:\/\/www.accuratereviews.com\/?page_id=73327"},"modified":"2023-12-11T12:57:11","modified_gmt":"2023-12-11T12:57:11","slug":"increso-recensione","status":"publish","type":"page","link":"https:\/\/www.accuratereviews.com\/it\/chat-i-migliori-im-lista\/increso-recensione\/","title":{"rendered":"Increso"},"content":{"rendered":"<p><strong>Inxide<\/strong> di <strong>Increso<\/strong> \u00e8 una<strong> piattaforma di comunicazione<\/strong>,\u00a0basata su <strong>cloud<\/strong>, che aiuta i contact center a personalizzare le interazioni attraverso varie tecnologie come il riconoscimento biometrico, l&#8217;elaborazione del linguaggio naturale (NLP), l&#8217;altoparlante intelligente e il deep learning.<br \/>\nIl modulo <strong>Visual IVR<\/strong> analizza automaticamente il contenuto fornito dal cliente e identifica e valuta i sentimenti o le intenzioni del cliente. Fornisce servizi coinvolgenti come pagamenti digitali, generazione di OTP, firma elettronica e streaming video insieme a tutte le funzionalit\u00e0 dello smartphone.<br \/>\nLa piattaforma consente agli utenti di costruire percorsi e flussi di lavoro del cliente utilizzando le metriche ad hoc offerte tramite una dashboard in tempo reale. Offre altre funzionalit\u00e0 come alberi IVR configurabili, consegna automatica di contenuti personalizzati, comunicazione social e video, registrazione e monitoraggio delle chiamate.<\/p>\n<h2><a href=\"https:\/\/www.accuratereviews.com\/wp-content\/uploads\/2023\/12\/Screenshot-2023-12-11-alle-10.40.37.png\"><img loading=\"lazy\" decoding=\"async\" class=\"aligncenter wp-image-73334 size-large\" src=\"https:\/\/www.accuratereviews.com\/wp-content\/uploads\/2023\/12\/Screenshot-2023-12-11-alle-10.40.37-1024x534.png\" alt=\"\" width=\"686\" height=\"358\" srcset=\"https:\/\/www.accuratereviews.com\/wp-content\/uploads\/2023\/12\/Screenshot-2023-12-11-alle-10.40.37-1024x534.png 1024w, https:\/\/www.accuratereviews.com\/wp-content\/uploads\/2023\/12\/Screenshot-2023-12-11-alle-10.40.37-300x156.png 300w, https:\/\/www.accuratereviews.com\/wp-content\/uploads\/2023\/12\/Screenshot-2023-12-11-alle-10.40.37-768x401.png 768w, https:\/\/www.accuratereviews.com\/wp-content\/uploads\/2023\/12\/Screenshot-2023-12-11-alle-10.40.37-1536x801.png 1536w, https:\/\/www.accuratereviews.com\/wp-content\/uploads\/2023\/12\/Screenshot-2023-12-11-alle-10.40.37-2048x1068.png 2048w, https:\/\/www.accuratereviews.com\/wp-content\/uploads\/2023\/12\/Screenshot-2023-12-11-alle-10.40.37-50x26.png 50w, https:\/\/www.accuratereviews.com\/wp-content\/uploads\/2023\/12\/Screenshot-2023-12-11-alle-10.40.37-240x125.png 240w, https:\/\/www.accuratereviews.com\/wp-content\/uploads\/2023\/12\/Screenshot-2023-12-11-alle-10.40.37-968x505.png 968w, https:\/\/www.accuratereviews.com\/wp-content\/uploads\/2023\/12\/Screenshot-2023-12-11-alle-10.40.37-636x332.png 636w, https:\/\/www.accuratereviews.com\/wp-content\/uploads\/2023\/12\/Screenshot-2023-12-11-alle-10.40.37-320x167.png 320w, https:\/\/www.accuratereviews.com\/wp-content\/uploads\/2023\/12\/Screenshot-2023-12-11-alle-10.40.37-239x125.png 239w\" sizes=\"auto, (max-width: 686px) 100vw, 686px\" \/><\/a><\/h2>\n<h2>INCRESO &#8211; CARATTERISTICHE<\/h2>\n<ul>\n<li><strong>Smart Automation:<\/strong> con la soluzione sarai in grado di aumentare le capacit\u00e0 dei clienti finali di gestire autonomamente le proprie esigenze, grazie al supporto di assistenti virtuali potenziati dall\u2019AI, riducendo la pressione sulle strutture di assistenza.\u200b<\/li>\n<li><strong>Assistenti virtuali:<\/strong> gli assistenti virtuali comprendono le richieste dei clienti, forniscono le riposte di cui hanno bisogno sul loro canale preferito (telefono, WhatsApp, email e chat) e li guidano alla risoluzione delle loro necessit\u00e0, eseguendo in automatico le attivit\u00e0 operative. Quando reputano sia necessario il supporto Human per la gestione di determinate operazioni, ingaggiano sempre i Customer Specialist, professionisti del settore con una profonda esperienza nell\u2019assistenza clienti.<\/li>\n<li><strong>Contenuti personalizzati<\/strong>: il cliente finale, tramite il proprio smartphone e senza ricorrere ad app o siti istituzionali, accede a contenuti web personalizzati, caratterizzati da funzionalit\u00e0 interattive e dinamiche che permettono di trasformare e migliorare la gestione di tutte le loro esigenze.<\/li>\n<li><strong>Modularit\u00e0 e sicurezza:<\/strong> la soluzione di Smart Automation \u00e8 modulare e dispone di diverse funzionalit\u00e0 evolute come: videostreaming, firma digitale e canale di pagamento. \u00c8 completamente personalizzabile e risponde ai pi\u00f9 stringenti requisiti in termini di IT security e privacy.\u200b\u200b\u200b\u200b\u200b<\/li>\n<li><strong>Omnichannel Customer Care<\/strong>: aiutiamo le aziende ad ottimizzare i processi ed i Customer Journey dei clienti finali su tutti i touchpoint disponibili, grazie alle competenze di Customer Experience design e Journey Mapping dei Customer Success Manager.<\/li>\n<li><strong>Tecnologia<\/strong>: la tecnologia sulla quale operano tutti i Customer Specialist \u00e8 tra le pi\u00f9 evolute sul mercato. \u00c8 facilmente configurabile ed integrabile nell\u2019architettura informatica dell\u2019azienda ed \u00e8 in grado di gestire tutti i canali in un unico ambiente: IVR, voce, chat, bot, video, social media, WhatsApp, sms ed email.\u200b<\/li>\n<li><strong>Operational Excellence<\/strong>: eroga servizi multilingua su tutti i processi di Customer Care \u2013 lead generation, presa appuntamento, onboarding, assistenza commerciale e tecnica, retention e credit management \u2013 grazie alla professionalit\u00e0 ed alla continua formazione dei nostri Customer Specialist.\u200b\u200b Esegue un monitoraggio real time dei servizi, garantendo un miglioramento progressivo delle performance ed il raggiungimento degli obiettivi di business nei tempi previsti.\u200b\u200b\u200b\u200b\u200b<\/li>\n<li><strong>Business App<\/strong>: le App permettono di trasformare e digitalizzare i processi di Customer Care, senza intervenire in laboriose customizzazioni sui sistemi aziendali. Inoltre, consentono di reagire con tempestivit\u00e0 sulle esigenze di cambiamento delle aziende, riducendo le pressioni sulle strutture di assistenza e migliorando la Customer Experience.<\/li>\n<li><strong>Integrabili e personalizzabili<\/strong>: realizzate in cloud e facilmente integrabili con i sistemi aziendali, le App sono completamente personalizzabili, grazie all\u2019accurata fase di set-up dei Customer Success Manager.<\/li>\n<li><strong>Migliori performance:<\/strong> le App permettono di migliorare l\u2019efficacia e l\u2019efficienza dei processi, oltre alla qualit\u00e0 e alle tempistiche di risposta ai clienti, riducono i costi di gestione ed entro pochi mesi dall\u2019adozione, si rientra interamente dell\u2019investimento fatto.<\/li>\n<\/ul>\n<h3>LE RECENSIONI DEGLI UTENTI<\/h3>\n<p><strong>Eugenio &#8220;Recensione Inxide&#8221;<\/strong><br \/>\n<strong>Commenti<\/strong>: Positiva<br \/>\n<strong>Pro<\/strong>: La facilit\u00e0 di installazione e di utilizzo<br \/>\n<strong>Contro<\/strong>: l&#8217;Impostazioni campagne non user friendly<\/p>\n<p><strong>Monica &#8220;Recensione Increso&#8221;<\/strong><br \/>\n<strong>Commenti<\/strong>: interessante<br \/>\n<strong>Pro<\/strong>: molto intuitivo e facile da comprendere ed usare<br \/>\n<strong>Contro<\/strong>: non vi \u00e8 nulla di incomprensibile o difficile<\/p>\n<p><strong>Daniele &#8220;Centralino ed altre funzionalit\u00e0 immediatamente disponibili&#8221;<\/strong><br \/>\n<strong>Pro<\/strong>: Funzionalit\u00e0 base facilmente configurabili e soluzione immediatamente utilizzabile anche su grandi gruppi di lavoro.<br \/>\n<strong>Contro<\/strong>: Complessit\u00e0 di configurazione dei workflow.<\/p>\n","protected":false},"excerpt":{"rendered":"<p>Inxide di Increso \u00e8 una piattaforma di comunicazione, basata su cloud, che aiuta i contact center a personalizzare le interazioni attraverso varie tecnologie come il riconoscimento biometrico, l&#8217;elaborazione del linguaggio naturale (NLP), l&#8217;altoparlante intelligente e il deep learning.<\/p>\n","protected":false},"author":19,"featured_media":73329,"parent":5386,"menu_order":0,"comment_status":"open","ping_status":"closed","template":"g1_template_page_review_new.php","meta":{"_acf_changed":false,"cwp_meta_box_check":"Yes","cwp_rev_product_name":"","cwp_rev_product_image":"","wppr_links":[],"cwp_rev_price":"0.00","wppr_options":[{"name":"Usability","value":"0"},{"name":"Speed","value":"0"},{"name":"Features","value":"0"},{"name":"Support","value":"0"},{"name":"Pricing","value":"0"}],"wppr_pros":["","","","",""],"wppr_cons":["","","","",""],"_monsterinsights_skip_tracking":false,"_monsterinsights_sitenote_active":false,"_monsterinsights_sitenote_note":"","_monsterinsights_sitenote_category":0,"footnotes":""},"categories":[95],"tags":[396,14818,3567,3566,3569,3548],"features":[],"class_list":{"0":"post-73327","1":"page","2":"type-page","3":"status-publish","4":"has-post-thumbnail","6":"category-chat-im","7":"tag-cloud","8":"tag-increso","9":"tag-piattaforma-messaggistica","10":"tag-programma-messaggistica","11":"tag-software-messaggistica","12":"tag-soluzione-messaggistica"},"wppr_data":{"cwp_meta_box_check":"Yes","_wppr_review_template":"default","cwp_rev_product_image":"","cwp_image_link":"image","wppr_links":[],"cwp_rev_price":"0.00","wppr_pros":["","","","",""],"wppr_cons":["","","","",""],"wppr_rating":"0.00","wppr_options":{"1":{"name":"Usability","value":"0"},"2":{"name":"Speed","value":"0"},"3":{"name":"Features","value":"0"},"4":{"name":"Support","value":"0"},"5":{"name":"Pricing","value":"0"}},"wppr_review_type":"Product","wppr_review_custom_fields":{"additionalProperty":"","additionalType":"","aggregateRating":"","alternateName":"","audience":"","award":"","awards":"","brand":"","color":"","depth":"","description":"","disambiguatingDescription":"","gtin12":"","gtin13":"","gtin14":"","gtin8":"","height":"","identifier":"","image":"","isAccessoryOrSparePartFor":"","isConsumableFor":"","isRelatedTo":"","isSimilarTo":"","itemCondition":"","logo":"","mainEntityOfPage":"","manufacturer":"","material":"","model":"","mpn":"","name":"","offers":"","potentialAction":"","productID":"","productionDate":"","purchaseDate":"","releaseDate":"","review":"","reviews":"","sameAs":"","sku":"","slogan":"","subjectOf":"","url":"","weight":"","width":""}},"acf":[],"yoast_head":"<!-- This site is optimized with the Yoast SEO plugin v27.4 - https:\/\/yoast.com\/product\/yoast-seo-wordpress\/ -->\n<title>Increso: recensione software messaggistica - Accurate Reviews<\/title>\n<meta name=\"description\" content=\"Increso: recensione piattaforma di comunicazione, basata su cloud, che aiuta i contact center a personalizzare le interazioni.\" \/>\n<meta name=\"robots\" content=\"index, follow, max-snippet:-1, max-image-preview:large, max-video-preview:-1\" \/>\n<link rel=\"canonical\" href=\"https:\/\/www.accuratereviews.com\/it\/chat-i-migliori-im-lista\/increso-recensione\/\" \/>\n<meta property=\"og:locale\" content=\"it_IT\" \/>\n<meta property=\"og:type\" content=\"article\" \/>\n<meta property=\"og:title\" content=\"Increso: recensione software messaggistica - Accurate Reviews\" \/>\n<meta property=\"og:description\" content=\"Increso: recensione piattaforma di comunicazione, basata su cloud, che aiuta i contact center a personalizzare le interazioni.\" \/>\n<meta property=\"og:url\" content=\"https:\/\/www.accuratereviews.com\/it\/chat-i-migliori-im-lista\/increso-recensione\/\" \/>\n<meta property=\"og:site_name\" content=\"Accurate Reviews\" \/>\n<meta property=\"og:image\" content=\"https:\/\/www.accuratereviews.com\/wp-content\/uploads\/2023\/12\/increso_brand-logo-mobile.jpg\" \/>\n\t<meta property=\"og:image:width\" content=\"1076\" \/>\n\t<meta property=\"og:image:height\" content=\"630\" \/>\n\t<meta property=\"og:image:type\" content=\"image\/jpeg\" \/>\n<meta name=\"twitter:card\" content=\"summary_large_image\" \/>\n<meta name=\"twitter:label1\" content=\"Tempo di lettura stimato\" \/>\n\t<meta name=\"twitter:data1\" content=\"4 minuti\" \/>\n<script type=\"application\/ld+json\" class=\"yoast-schema-graph\">{\"@context\":\"https:\\\/\\\/schema.org\",\"@graph\":[{\"@type\":\"WebPage\",\"@id\":\"https:\\\/\\\/www.accuratereviews.com\\\/it\\\/chat-i-migliori-im-lista\\\/increso-recensione\\\/\",\"url\":\"https:\\\/\\\/www.accuratereviews.com\\\/it\\\/chat-i-migliori-im-lista\\\/increso-recensione\\\/\",\"name\":\"Increso: recensione software messaggistica - Accurate Reviews\",\"isPartOf\":{\"@id\":\"https:\\\/\\\/www.accuratereviews.com\\\/it\\\/#website\"},\"primaryImageOfPage\":{\"@id\":\"https:\\\/\\\/www.accuratereviews.com\\\/it\\\/chat-i-migliori-im-lista\\\/increso-recensione\\\/#primaryimage\"},\"image\":{\"@id\":\"https:\\\/\\\/www.accuratereviews.com\\\/it\\\/chat-i-migliori-im-lista\\\/increso-recensione\\\/#primaryimage\"},\"thumbnailUrl\":\"https:\\\/\\\/www.accuratereviews.com\\\/wp-content\\\/uploads\\\/2023\\\/12\\\/increso_brand-logo-mobile.jpg\",\"datePublished\":\"2023-12-11T12:57:11+00:00\",\"description\":\"Increso: recensione piattaforma di comunicazione, basata su cloud, che aiuta i contact center a personalizzare le interazioni.\",\"breadcrumb\":{\"@id\":\"https:\\\/\\\/www.accuratereviews.com\\\/it\\\/chat-i-migliori-im-lista\\\/increso-recensione\\\/#breadcrumb\"},\"inLanguage\":\"it-IT\",\"potentialAction\":[{\"@type\":\"ReadAction\",\"target\":[\"https:\\\/\\\/www.accuratereviews.com\\\/it\\\/chat-i-migliori-im-lista\\\/increso-recensione\\\/\"]}]},{\"@type\":\"ImageObject\",\"inLanguage\":\"it-IT\",\"@id\":\"https:\\\/\\\/www.accuratereviews.com\\\/it\\\/chat-i-migliori-im-lista\\\/increso-recensione\\\/#primaryimage\",\"url\":\"https:\\\/\\\/www.accuratereviews.com\\\/wp-content\\\/uploads\\\/2023\\\/12\\\/increso_brand-logo-mobile.jpg\",\"contentUrl\":\"https:\\\/\\\/www.accuratereviews.com\\\/wp-content\\\/uploads\\\/2023\\\/12\\\/increso_brand-logo-mobile.jpg\",\"width\":1076,\"height\":630},{\"@type\":\"BreadcrumbList\",\"@id\":\"https:\\\/\\\/www.accuratereviews.com\\\/it\\\/chat-i-migliori-im-lista\\\/increso-recensione\\\/#breadcrumb\",\"itemListElement\":[{\"@type\":\"ListItem\",\"position\":1,\"name\":\"Home\",\"item\":\"https:\\\/\\\/www.accuratereviews.com\\\/it\\\/\"},{\"@type\":\"ListItem\",\"position\":2,\"name\":\"Chat: I migliori IM\",\"item\":\"https:\\\/\\\/www.accuratereviews.com\\\/it\\\/chat-i-migliori-im-lista\\\/\"},{\"@type\":\"ListItem\",\"position\":3,\"name\":\"Increso\"}]},{\"@type\":\"WebSite\",\"@id\":\"https:\\\/\\\/www.accuratereviews.com\\\/it\\\/#website\",\"url\":\"https:\\\/\\\/www.accuratereviews.com\\\/it\\\/\",\"name\":\"Accurate Reviews\",\"description\":\"\",\"potentialAction\":[{\"@type\":\"SearchAction\",\"target\":{\"@type\":\"EntryPoint\",\"urlTemplate\":\"https:\\\/\\\/www.accuratereviews.com\\\/it\\\/?s={search_term_string}\"},\"query-input\":{\"@type\":\"PropertyValueSpecification\",\"valueRequired\":true,\"valueName\":\"search_term_string\"}}],\"inLanguage\":\"it-IT\"}]}<\/script>\n<!-- \/ Yoast SEO plugin. -->","yoast_head_json":{"title":"Increso: recensione software messaggistica - Accurate Reviews","description":"Increso: recensione piattaforma di comunicazione, basata su cloud, che aiuta i contact center a personalizzare le interazioni.","robots":{"index":"index","follow":"follow","max-snippet":"max-snippet:-1","max-image-preview":"max-image-preview:large","max-video-preview":"max-video-preview:-1"},"canonical":"https:\/\/www.accuratereviews.com\/it\/chat-i-migliori-im-lista\/increso-recensione\/","og_locale":"it_IT","og_type":"article","og_title":"Increso: recensione software messaggistica - Accurate Reviews","og_description":"Increso: recensione piattaforma di comunicazione, basata su cloud, che aiuta i contact center a personalizzare le interazioni.","og_url":"https:\/\/www.accuratereviews.com\/it\/chat-i-migliori-im-lista\/increso-recensione\/","og_site_name":"Accurate Reviews","og_image":[{"width":1076,"height":630,"url":"https:\/\/www.accuratereviews.com\/wp-content\/uploads\/2023\/12\/increso_brand-logo-mobile.jpg","type":"image\/jpeg"}],"twitter_card":"summary_large_image","twitter_misc":{"Tempo di lettura stimato":"4 minuti"},"schema":{"@context":"https:\/\/schema.org","@graph":[{"@type":"WebPage","@id":"https:\/\/www.accuratereviews.com\/it\/chat-i-migliori-im-lista\/increso-recensione\/","url":"https:\/\/www.accuratereviews.com\/it\/chat-i-migliori-im-lista\/increso-recensione\/","name":"Increso: recensione software messaggistica - Accurate Reviews","isPartOf":{"@id":"https:\/\/www.accuratereviews.com\/it\/#website"},"primaryImageOfPage":{"@id":"https:\/\/www.accuratereviews.com\/it\/chat-i-migliori-im-lista\/increso-recensione\/#primaryimage"},"image":{"@id":"https:\/\/www.accuratereviews.com\/it\/chat-i-migliori-im-lista\/increso-recensione\/#primaryimage"},"thumbnailUrl":"https:\/\/www.accuratereviews.com\/wp-content\/uploads\/2023\/12\/increso_brand-logo-mobile.jpg","datePublished":"2023-12-11T12:57:11+00:00","description":"Increso: recensione piattaforma di comunicazione, basata su cloud, che aiuta i contact center a personalizzare le interazioni.","breadcrumb":{"@id":"https:\/\/www.accuratereviews.com\/it\/chat-i-migliori-im-lista\/increso-recensione\/#breadcrumb"},"inLanguage":"it-IT","potentialAction":[{"@type":"ReadAction","target":["https:\/\/www.accuratereviews.com\/it\/chat-i-migliori-im-lista\/increso-recensione\/"]}]},{"@type":"ImageObject","inLanguage":"it-IT","@id":"https:\/\/www.accuratereviews.com\/it\/chat-i-migliori-im-lista\/increso-recensione\/#primaryimage","url":"https:\/\/www.accuratereviews.com\/wp-content\/uploads\/2023\/12\/increso_brand-logo-mobile.jpg","contentUrl":"https:\/\/www.accuratereviews.com\/wp-content\/uploads\/2023\/12\/increso_brand-logo-mobile.jpg","width":1076,"height":630},{"@type":"BreadcrumbList","@id":"https:\/\/www.accuratereviews.com\/it\/chat-i-migliori-im-lista\/increso-recensione\/#breadcrumb","itemListElement":[{"@type":"ListItem","position":1,"name":"Home","item":"https:\/\/www.accuratereviews.com\/it\/"},{"@type":"ListItem","position":2,"name":"Chat: I migliori IM","item":"https:\/\/www.accuratereviews.com\/it\/chat-i-migliori-im-lista\/"},{"@type":"ListItem","position":3,"name":"Increso"}]},{"@type":"WebSite","@id":"https:\/\/www.accuratereviews.com\/it\/#website","url":"https:\/\/www.accuratereviews.com\/it\/","name":"Accurate Reviews","description":"","potentialAction":[{"@type":"SearchAction","target":{"@type":"EntryPoint","urlTemplate":"https:\/\/www.accuratereviews.com\/it\/?s={search_term_string}"},"query-input":{"@type":"PropertyValueSpecification","valueRequired":true,"valueName":"search_term_string"}}],"inLanguage":"it-IT"}]}},"_links":{"self":[{"href":"https:\/\/www.accuratereviews.com\/it\/wp-json\/wp\/v2\/pages\/73327","targetHints":{"allow":["GET"]}}],"collection":[{"href":"https:\/\/www.accuratereviews.com\/it\/wp-json\/wp\/v2\/pages"}],"about":[{"href":"https:\/\/www.accuratereviews.com\/it\/wp-json\/wp\/v2\/types\/page"}],"author":[{"embeddable":true,"href":"https:\/\/www.accuratereviews.com\/it\/wp-json\/wp\/v2\/users\/19"}],"replies":[{"embeddable":true,"href":"https:\/\/www.accuratereviews.com\/it\/wp-json\/wp\/v2\/comments?post=73327"}],"version-history":[{"count":8,"href":"https:\/\/www.accuratereviews.com\/it\/wp-json\/wp\/v2\/pages\/73327\/revisions"}],"predecessor-version":[{"id":73347,"href":"https:\/\/www.accuratereviews.com\/it\/wp-json\/wp\/v2\/pages\/73327\/revisions\/73347"}],"up":[{"embeddable":true,"href":"https:\/\/www.accuratereviews.com\/it\/wp-json\/wp\/v2\/pages\/5386"}],"wp:featuredmedia":[{"embeddable":true,"href":"https:\/\/www.accuratereviews.com\/it\/wp-json\/wp\/v2\/media\/73329"}],"wp:attachment":[{"href":"https:\/\/www.accuratereviews.com\/it\/wp-json\/wp\/v2\/media?parent=73327"}],"wp:term":[{"taxonomy":"category","embeddable":true,"href":"https:\/\/www.accuratereviews.com\/it\/wp-json\/wp\/v2\/categories?post=73327"},{"taxonomy":"post_tag","embeddable":true,"href":"https:\/\/www.accuratereviews.com\/it\/wp-json\/wp\/v2\/tags?post=73327"},{"taxonomy":"features","embeddable":true,"href":"https:\/\/www.accuratereviews.com\/it\/wp-json\/wp\/v2\/features?post=73327"}],"curies":[{"name":"wp","href":"https:\/\/api.w.org\/{rel}","templated":true}]}}