{"id":73377,"date":"2023-12-13T13:54:09","date_gmt":"2023-12-13T13:54:09","guid":{"rendered":"https:\/\/www.accuratereviews.com\/?page_id=73377"},"modified":"2023-12-13T13:54:09","modified_gmt":"2023-12-13T13:54:09","slug":"infobip-recensione","status":"publish","type":"page","link":"https:\/\/www.accuratereviews.com\/it\/chat-i-migliori-im-lista\/infobip-recensione\/","title":{"rendered":"Infobip"},"content":{"rendered":"<p><strong>Infobip<\/strong> \u00e8 una <strong>piattaforma di comunicazione<\/strong> multicanale per l&#8217;assistenza e il coinvolgimento dei clienti, che utilizza sms, messaggi vocali, email e messaggistica per app mobili. Le funzionalit\u00e0 della piattaforma includono profilazione dei clienti, strumenti di payload personalizzati, geolocalizzazione, chatbot, intelligenza artificiale, azioni attivate da eventi e altro ancora.<br \/>\nCon il programma i messaggi sms possono essere <strong>visualizzati su qualsiasi dispositivo<\/strong> impostando automaticamente la codifica necessaria per garantire compatibilit\u00e0 e leggibilit\u00e0 su qualsiasi dispositivo, indipendentemente dalla lunghezza del messaggio. Utilizzando il routing intelligente, <strong>Infobip<\/strong> esplora pi\u00f9 parametri di percorso in tempo reale per trovare il percorso pi\u00f9 breve per ciascun sms. Il motore di conformit\u00e0 globale consente agli utenti di inviare messaggi ai clienti in qualsiasi paese, garantendo il rispetto di tutte le normative nazionali. La funzione di <strong>sintesi vocale<\/strong> consente agli utenti di convertire il testo in chiamate telefoniche, mentre i file vocali preregistrati consentono di inviare messaggi vocali con accenti diversi, offrendo ai clienti un&#8217;esperienza pi\u00f9 personalizzata. <strong>Infolib<\/strong> offre un&#8217;opzione di <strong>mascheramento dei numer<\/strong>i per garantire la privacy e la sicurezza dei numeri di telefono dei clienti.<\/p>\n<h2>INFOBIP &#8211; TUTORIAL<\/h2>\n<div id=\"fluid-wrapper-counter-1\" class=\"g1-fluid-wrapper \" style=\"width:686px;\">\n<div style=\"padding-bottom:56.268221574344%;\"><iframe loading=\"lazy\" title=\"Start sending SMS messages to your customers with Infobip\" width=\"686\" height=\"386\" src=\"https:\/\/www.youtube.com\/embed\/w2Mnxnlh9wg?feature=oembed&amp;wmode=transparent&amp;autohide=1&amp;autoplay=0&amp;disablekb=0&amp;fs=1&amp;loop=0&amp;enablejsapi=1&amp;rel=0&amp;controls=2&amp;showinfo=0&amp;wmode=transparent&amp;autohide=2&amp;autoplay=0&amp;disablekb=0&amp;fs=1&amp;loop=0&amp;enablejsapi=1&amp;rel=0&amp;controls=2&amp;showinfo=1\" frameborder=\"0\" allow=\"accelerometer; autoplay; clipboard-write; encrypted-media; gyroscope; picture-in-picture; web-share\" allowfullscreen><\/iframe><\/div>\n<\/div>\n<h3>INFOBIP &#8211; CARATTERISTICHE<\/h3>\n<ul>\n<li><strong>Personalizza i messaggi sms<\/strong>: aggiungi valore ai tuoi messaggi con funzionalit\u00e0 di personalizzazione abbinate alla piattaforma dati dei clienti People.<\/li>\n<li><strong>Automatizza i messaggi sms<\/strong>: con flussi di lavoro facili da usare puoi automatizzare i messaggi e migliorare l&#8217;assistenza clienti.<\/li>\n<li><strong>Rivolgiti ai clienti giusti<\/strong>: segmenta e indirizza i clienti in base a modelli e comportamenti passati per aumentare il coinvolgimento.<\/li>\n<li><strong>Comunicazione bidirezionale<\/strong>: comunicazione aperta e bidirezionale con clienti in pi\u00f9 paesi rispetto a qualsiasi altro fornitore.<\/li>\n<li><strong>Messaggi in formato lungo<\/strong>: invia messaggi sms pi\u00f9 lunghi di 160 caratteri in qualsiasi paese e in qualsiasi lingua.<\/li>\n<li><strong>Consegna sicura<\/strong>: garantisce che i tuoi messaggi vengano consegnati in modo sicuro e con successo con il nostro affidabile servizio sms.<\/li>\n<li><strong>Protezione dalle frodi<\/strong>: semplifica l&#8217;autenticazione con OTP, 2FA e ID di invio registrati tramite sms.<\/li>\n<li><strong>Messaggi verificati<\/strong>: evita gli attacchi di phishing inviando messaggi sms verificati di cui i tuoi clienti possono fidarsi.<\/li>\n<li><strong>Routing intelligente<\/strong>: con pi\u00f9 connessioni in tutto il mondo rispetto a qualsiasi altro provider, troviamo il percorso pi\u00f9 breve per ogni messaggio.<\/li>\n<li><strong>Rendilo personale<\/strong>: risolvi problemi urgenti tramite Voice. Una connessione da persona a persona aiuta i clienti a sentire che le loro domande vengono gestite immediatamente e offre ai clienti un&#8217;esperienza personalizzata con gli agenti.<\/li>\n<li><strong>Connessioni vocali in tutto il mondo<\/strong>: con oltre 800 connessioni dirette con operatori possono metterti in contatto con i clienti tramite voce ovunque e assicurarti di fornire sempre chiamate vocali di alta qualit\u00e0 e conformi a livello locale.<\/li>\n<li><strong>Messaggistica istantanea<\/strong>: introduci la Live Chat per il servizio clienti nella tua strategia di comunicazione per coinvolgere, convertire e fidelizzare pi\u00f9 clienti.<\/li>\n<li><strong>L&#8217;integrazione resa semplice<\/strong>: integra facilmente l&#8217;API vocale nel tuo stack di comunicazione senza attriti. Puoi ridurre le spese e assicurarti che le tue soluzioni vocali siano attive e funzionanti in pochissimo tempo.<\/li>\n<\/ul>\n<h4>LE RECENSIONI DEGLI UTENTI<\/h4>\n<p><strong>Ahmad Idzuan &#8220;Abbastanza buono con il marketing via SMS&#8221;<\/strong><br \/>\n<strong>Pro<\/strong>: Infobip \u00e8 un software indispensabile per una campagna di marketing via SMS. Pu\u00f2 gestire facilmente migliaia di elenchi di contatti.<br \/>\n<strong>Contro<\/strong>: Il costo \u00e8 la cosa principale a cui stiamo molto attenti durante l&#8217;utilizzo di questo software e credo sia pi\u00f9 adatto per organizzazioni di medie o grandi dimensioni.<\/p>\n<p><strong>Eva &#8220;Eccezionale piattaforma di marketing per SMS&#8221;<\/strong><br \/>\n<strong>Commenti<\/strong>: \u00c8 un ottimo strumento per scopi di marketing, ma dovrebbero migliorare i tempi di risposta alle questioni sollevate<br \/>\n<strong>Pro<\/strong>: Attualmente utilizzo questa piattaforma per il marketing di SMS e funzionalit\u00e0 di notifica push per il nostro sistema bancario principale.<br \/>\n<strong>Contro<\/strong>: La piattaforma fornisce sms solo agli abbonati Safaricom. Il team di supporto impiega molto tempo per rispondere al problema sollevato.<\/p>\n<p><strong>Darshan &#8220;La migliore piattaforma per la consegna di email e SMS&#8221;<\/strong><br \/>\n<strong>Commenti<\/strong>: La mia esperienza complessiva con Infobip \u00e8 molto buona. Lo consiglio a tutti.<br \/>\n<strong>Pro<\/strong>: La cosa migliore di Infobip \u00e8 l&#8217;assistenza e il servizio clienti. Aiutano nell&#8217;integrazione e in altri processi richiesti. L&#8217;interfaccia utente \u00e8 molto buona e fornisce rapporti e fatturazione chiari. Lo utilizziamo regolarmente per SMS, campagne di email marketing. Inoltre, abbiamo recentemente integrato la funzione WhatsApp.<br \/>\n<strong>Contro<\/strong>: Niente di specifico da richiamare in questa sezione. Mi piacerebbe avere offerte per vecchi clienti come noi.<\/p>\n","protected":false},"excerpt":{"rendered":"<p>Infobip \u00e8 una piattaforma di comunicazione multicanale per l&#8217;assistenza e il coinvolgimento dei clienti, che utilizza sms, messaggi vocali, email e messaggistica per app mobili. Le funzionalit\u00e0 della piattaforma includono profilazione dei clienti, strumenti di payload personalizzati, geolocalizzazione, chatbot, intelligenza artificiale, azioni attivate da eventi e altro ancora.<\/p>\n","protected":false},"author":19,"featured_media":73378,"parent":5386,"menu_order":0,"comment_status":"open","ping_status":"closed","template":"g1_template_page_review_new.php","meta":{"_acf_changed":false,"cwp_meta_box_check":"Yes","cwp_rev_product_name":"","cwp_rev_product_image":"","wppr_links":[],"cwp_rev_price":"0.00","wppr_options":[{"name":"Usability","value":"0"},{"name":"Speed","value":"0"},{"name":"Features","value":"0"},{"name":"Support","value":"0"},{"name":"Pricing","value":"0"}],"wppr_pros":["","","","",""],"wppr_cons":["","","","",""],"_monsterinsights_skip_tracking":false,"_monsterinsights_sitenote_active":false,"_monsterinsights_sitenote_note":"","_monsterinsights_sitenote_category":0,"footnotes":""},"categories":[95],"tags":[1155,14821,1156,3567,3566,3569,3548],"features":[],"class_list":{"0":"post-73377","1":"page","2":"type-page","3":"status-publish","4":"has-post-thumbnail","6":"category-chat-im","7":"tag-chat","8":"tag-infobip","9":"tag-messaggistica","10":"tag-piattaforma-messaggistica","11":"tag-programma-messaggistica","12":"tag-software-messaggistica","13":"tag-soluzione-messaggistica"},"wppr_data":{"cwp_meta_box_check":"Yes","_wppr_review_template":"default","cwp_rev_product_image":"","cwp_image_link":"image","wppr_links":[],"cwp_rev_price":"0.00","wppr_pros":["","","","",""],"wppr_cons":["","","","",""],"wppr_rating":"0.00","wppr_options":{"1":{"name":"Usability","value":"0"},"2":{"name":"Speed","value":"0"},"3":{"name":"Features","value":"0"},"4":{"name":"Support","value":"0"},"5":{"name":"Pricing","value":"0"}},"wppr_review_type":"Product","wppr_review_custom_fields":{"additionalProperty":"","additionalType":"","aggregateRating":"","alternateName":"","audience":"","award":"","awards":"","brand":"","color":"","depth":"","description":"","disambiguatingDescription":"","gtin12":"","gtin13":"","gtin14":"","gtin8":"","height":"","identifier":"","image":"","isAccessoryOrSparePartFor":"","isConsumableFor":"","isRelatedTo":"","isSimilarTo":"","itemCondition":"","logo":"","mainEntityOfPage":"","manufacturer":"","material":"","model":"","mpn":"","name":"","offers":"","potentialAction":"","productID":"","productionDate":"","purchaseDate":"","releaseDate":"","review":"","reviews":"","sameAs":"","sku":"","slogan":"","subjectOf":"","url":"","weight":"","width":""}},"acf":[],"yoast_head":"<!-- This site is optimized with the Yoast SEO plugin v27.4 - https:\/\/yoast.com\/product\/yoast-seo-wordpress\/ -->\n<title>Infobip: recensione software messaggistica - Accurate Reviews<\/title>\n<meta name=\"description\" content=\"Infobip: recensione software di messaggistica per l&#039;assistenza e il coinvolgimento dei clienti, che utilizza sms, messaggi vocali e email.\" \/>\n<meta name=\"robots\" content=\"index, follow, max-snippet:-1, max-image-preview:large, max-video-preview:-1\" \/>\n<link rel=\"canonical\" href=\"https:\/\/www.accuratereviews.com\/it\/chat-i-migliori-im-lista\/infobip-recensione\/\" \/>\n<meta property=\"og:locale\" content=\"it_IT\" \/>\n<meta property=\"og:type\" content=\"article\" \/>\n<meta property=\"og:title\" content=\"Infobip: recensione software messaggistica - Accurate Reviews\" \/>\n<meta property=\"og:description\" content=\"Infobip: recensione software di messaggistica per l&#039;assistenza e il coinvolgimento dei clienti, che utilizza sms, messaggi vocali e email.\" \/>\n<meta property=\"og:url\" content=\"https:\/\/www.accuratereviews.com\/it\/chat-i-migliori-im-lista\/infobip-recensione\/\" \/>\n<meta property=\"og:site_name\" content=\"Accurate Reviews\" \/>\n<meta property=\"og:image\" content=\"https:\/\/www.accuratereviews.com\/wp-content\/uploads\/2023\/12\/infobip-vector-logo.png\" \/>\n\t<meta property=\"og:image:width\" content=\"900\" \/>\n\t<meta property=\"og:image:height\" content=\"500\" \/>\n\t<meta property=\"og:image:type\" content=\"image\/png\" \/>\n<meta name=\"twitter:card\" content=\"summary_large_image\" \/>\n<meta name=\"twitter:label1\" content=\"Tempo di lettura stimato\" \/>\n\t<meta name=\"twitter:data1\" content=\"4 minuti\" \/>\n<script type=\"application\/ld+json\" class=\"yoast-schema-graph\">{\"@context\":\"https:\\\/\\\/schema.org\",\"@graph\":[{\"@type\":\"WebPage\",\"@id\":\"https:\\\/\\\/www.accuratereviews.com\\\/it\\\/chat-i-migliori-im-lista\\\/infobip-recensione\\\/\",\"url\":\"https:\\\/\\\/www.accuratereviews.com\\\/it\\\/chat-i-migliori-im-lista\\\/infobip-recensione\\\/\",\"name\":\"Infobip: recensione software messaggistica - Accurate Reviews\",\"isPartOf\":{\"@id\":\"https:\\\/\\\/www.accuratereviews.com\\\/it\\\/#website\"},\"primaryImageOfPage\":{\"@id\":\"https:\\\/\\\/www.accuratereviews.com\\\/it\\\/chat-i-migliori-im-lista\\\/infobip-recensione\\\/#primaryimage\"},\"image\":{\"@id\":\"https:\\\/\\\/www.accuratereviews.com\\\/it\\\/chat-i-migliori-im-lista\\\/infobip-recensione\\\/#primaryimage\"},\"thumbnailUrl\":\"https:\\\/\\\/www.accuratereviews.com\\\/wp-content\\\/uploads\\\/2023\\\/12\\\/infobip-vector-logo.png\",\"datePublished\":\"2023-12-13T13:54:09+00:00\",\"description\":\"Infobip: recensione software di messaggistica per l'assistenza e il coinvolgimento dei clienti, che utilizza sms, messaggi vocali e email.\",\"breadcrumb\":{\"@id\":\"https:\\\/\\\/www.accuratereviews.com\\\/it\\\/chat-i-migliori-im-lista\\\/infobip-recensione\\\/#breadcrumb\"},\"inLanguage\":\"it-IT\",\"potentialAction\":[{\"@type\":\"ReadAction\",\"target\":[\"https:\\\/\\\/www.accuratereviews.com\\\/it\\\/chat-i-migliori-im-lista\\\/infobip-recensione\\\/\"]}]},{\"@type\":\"ImageObject\",\"inLanguage\":\"it-IT\",\"@id\":\"https:\\\/\\\/www.accuratereviews.com\\\/it\\\/chat-i-migliori-im-lista\\\/infobip-recensione\\\/#primaryimage\",\"url\":\"https:\\\/\\\/www.accuratereviews.com\\\/wp-content\\\/uploads\\\/2023\\\/12\\\/infobip-vector-logo.png\",\"contentUrl\":\"https:\\\/\\\/www.accuratereviews.com\\\/wp-content\\\/uploads\\\/2023\\\/12\\\/infobip-vector-logo.png\",\"width\":900,\"height\":500},{\"@type\":\"BreadcrumbList\",\"@id\":\"https:\\\/\\\/www.accuratereviews.com\\\/it\\\/chat-i-migliori-im-lista\\\/infobip-recensione\\\/#breadcrumb\",\"itemListElement\":[{\"@type\":\"ListItem\",\"position\":1,\"name\":\"Home\",\"item\":\"https:\\\/\\\/www.accuratereviews.com\\\/it\\\/\"},{\"@type\":\"ListItem\",\"position\":2,\"name\":\"Chat: I migliori IM\",\"item\":\"https:\\\/\\\/www.accuratereviews.com\\\/it\\\/chat-i-migliori-im-lista\\\/\"},{\"@type\":\"ListItem\",\"position\":3,\"name\":\"Infobip\"}]},{\"@type\":\"WebSite\",\"@id\":\"https:\\\/\\\/www.accuratereviews.com\\\/it\\\/#website\",\"url\":\"https:\\\/\\\/www.accuratereviews.com\\\/it\\\/\",\"name\":\"Accurate Reviews\",\"description\":\"\",\"potentialAction\":[{\"@type\":\"SearchAction\",\"target\":{\"@type\":\"EntryPoint\",\"urlTemplate\":\"https:\\\/\\\/www.accuratereviews.com\\\/it\\\/?s={search_term_string}\"},\"query-input\":{\"@type\":\"PropertyValueSpecification\",\"valueRequired\":true,\"valueName\":\"search_term_string\"}}],\"inLanguage\":\"it-IT\"}]}<\/script>\n<!-- \/ Yoast SEO plugin. -->","yoast_head_json":{"title":"Infobip: recensione software messaggistica - Accurate Reviews","description":"Infobip: recensione software di messaggistica per l'assistenza e il coinvolgimento dei clienti, che utilizza sms, messaggi vocali e email.","robots":{"index":"index","follow":"follow","max-snippet":"max-snippet:-1","max-image-preview":"max-image-preview:large","max-video-preview":"max-video-preview:-1"},"canonical":"https:\/\/www.accuratereviews.com\/it\/chat-i-migliori-im-lista\/infobip-recensione\/","og_locale":"it_IT","og_type":"article","og_title":"Infobip: recensione software messaggistica - Accurate Reviews","og_description":"Infobip: recensione software di messaggistica per l'assistenza e il coinvolgimento dei clienti, che utilizza sms, messaggi vocali e email.","og_url":"https:\/\/www.accuratereviews.com\/it\/chat-i-migliori-im-lista\/infobip-recensione\/","og_site_name":"Accurate Reviews","og_image":[{"width":900,"height":500,"url":"https:\/\/www.accuratereviews.com\/wp-content\/uploads\/2023\/12\/infobip-vector-logo.png","type":"image\/png"}],"twitter_card":"summary_large_image","twitter_misc":{"Tempo di lettura stimato":"4 minuti"},"schema":{"@context":"https:\/\/schema.org","@graph":[{"@type":"WebPage","@id":"https:\/\/www.accuratereviews.com\/it\/chat-i-migliori-im-lista\/infobip-recensione\/","url":"https:\/\/www.accuratereviews.com\/it\/chat-i-migliori-im-lista\/infobip-recensione\/","name":"Infobip: recensione software messaggistica - Accurate Reviews","isPartOf":{"@id":"https:\/\/www.accuratereviews.com\/it\/#website"},"primaryImageOfPage":{"@id":"https:\/\/www.accuratereviews.com\/it\/chat-i-migliori-im-lista\/infobip-recensione\/#primaryimage"},"image":{"@id":"https:\/\/www.accuratereviews.com\/it\/chat-i-migliori-im-lista\/infobip-recensione\/#primaryimage"},"thumbnailUrl":"https:\/\/www.accuratereviews.com\/wp-content\/uploads\/2023\/12\/infobip-vector-logo.png","datePublished":"2023-12-13T13:54:09+00:00","description":"Infobip: recensione software di messaggistica per l'assistenza e il coinvolgimento dei clienti, che utilizza sms, messaggi vocali e email.","breadcrumb":{"@id":"https:\/\/www.accuratereviews.com\/it\/chat-i-migliori-im-lista\/infobip-recensione\/#breadcrumb"},"inLanguage":"it-IT","potentialAction":[{"@type":"ReadAction","target":["https:\/\/www.accuratereviews.com\/it\/chat-i-migliori-im-lista\/infobip-recensione\/"]}]},{"@type":"ImageObject","inLanguage":"it-IT","@id":"https:\/\/www.accuratereviews.com\/it\/chat-i-migliori-im-lista\/infobip-recensione\/#primaryimage","url":"https:\/\/www.accuratereviews.com\/wp-content\/uploads\/2023\/12\/infobip-vector-logo.png","contentUrl":"https:\/\/www.accuratereviews.com\/wp-content\/uploads\/2023\/12\/infobip-vector-logo.png","width":900,"height":500},{"@type":"BreadcrumbList","@id":"https:\/\/www.accuratereviews.com\/it\/chat-i-migliori-im-lista\/infobip-recensione\/#breadcrumb","itemListElement":[{"@type":"ListItem","position":1,"name":"Home","item":"https:\/\/www.accuratereviews.com\/it\/"},{"@type":"ListItem","position":2,"name":"Chat: I migliori IM","item":"https:\/\/www.accuratereviews.com\/it\/chat-i-migliori-im-lista\/"},{"@type":"ListItem","position":3,"name":"Infobip"}]},{"@type":"WebSite","@id":"https:\/\/www.accuratereviews.com\/it\/#website","url":"https:\/\/www.accuratereviews.com\/it\/","name":"Accurate Reviews","description":"","potentialAction":[{"@type":"SearchAction","target":{"@type":"EntryPoint","urlTemplate":"https:\/\/www.accuratereviews.com\/it\/?s={search_term_string}"},"query-input":{"@type":"PropertyValueSpecification","valueRequired":true,"valueName":"search_term_string"}}],"inLanguage":"it-IT"}]}},"_links":{"self":[{"href":"https:\/\/www.accuratereviews.com\/it\/wp-json\/wp\/v2\/pages\/73377","targetHints":{"allow":["GET"]}}],"collection":[{"href":"https:\/\/www.accuratereviews.com\/it\/wp-json\/wp\/v2\/pages"}],"about":[{"href":"https:\/\/www.accuratereviews.com\/it\/wp-json\/wp\/v2\/types\/page"}],"author":[{"embeddable":true,"href":"https:\/\/www.accuratereviews.com\/it\/wp-json\/wp\/v2\/users\/19"}],"replies":[{"embeddable":true,"href":"https:\/\/www.accuratereviews.com\/it\/wp-json\/wp\/v2\/comments?post=73377"}],"version-history":[{"count":10,"href":"https:\/\/www.accuratereviews.com\/it\/wp-json\/wp\/v2\/pages\/73377\/revisions"}],"predecessor-version":[{"id":73393,"href":"https:\/\/www.accuratereviews.com\/it\/wp-json\/wp\/v2\/pages\/73377\/revisions\/73393"}],"up":[{"embeddable":true,"href":"https:\/\/www.accuratereviews.com\/it\/wp-json\/wp\/v2\/pages\/5386"}],"wp:featuredmedia":[{"embeddable":true,"href":"https:\/\/www.accuratereviews.com\/it\/wp-json\/wp\/v2\/media\/73378"}],"wp:attachment":[{"href":"https:\/\/www.accuratereviews.com\/it\/wp-json\/wp\/v2\/media?parent=73377"}],"wp:term":[{"taxonomy":"category","embeddable":true,"href":"https:\/\/www.accuratereviews.com\/it\/wp-json\/wp\/v2\/categories?post=73377"},{"taxonomy":"post_tag","embeddable":true,"href":"https:\/\/www.accuratereviews.com\/it\/wp-json\/wp\/v2\/tags?post=73377"},{"taxonomy":"features","embeddable":true,"href":"https:\/\/www.accuratereviews.com\/it\/wp-json\/wp\/v2\/features?post=73377"}],"curies":[{"name":"wp","href":"https:\/\/api.w.org\/{rel}","templated":true}]}}