{"id":73395,"date":"2023-12-15T18:03:22","date_gmt":"2023-12-15T18:03:22","guid":{"rendered":"https:\/\/www.accuratereviews.com\/?page_id=73395"},"modified":"2023-12-15T18:03:22","modified_gmt":"2023-12-15T18:03:22","slug":"moxo-recensione","status":"publish","type":"page","link":"https:\/\/www.accuratereviews.com\/it\/chat-i-migliori-im-lista\/moxo-recensione\/","title":{"rendered":"Moxo"},"content":{"rendered":"<p><strong>Moxo<\/strong> \u00e8 una <strong>soluzione di gestione delle interazioni<\/strong> aziendali, basata su <strong>cloud<\/strong>, che consente alle aziende di creare un portale brandizzato per mantenere una connessione continua con team interni e clienti esterni. Progettato per luoghi di lavoro virtuali, garantisce la continuit\u00e0 aziendale fornendo esperienze connesse a tutti gli utenti con una suite di strumenti di collaborazione. Le funzionalit\u00e0 includono messaggistica sicura, videoconferenze, funzionalit\u00e0 di firma elettronica, data room virtuali, gestione delle attivit\u00e0, condivisione dello schermo, elaborazione delle transazioni, annotazioni visive, connettori di app social e altro ancora.<br \/>\nCon <strong>Moxo<\/strong>, le aziende possono fornire un servizio clienti continuo in un portale OneStop con marchio utilizzando videoconferenze integrate e messaggistica sicura. I documenti aziendali possono essere archiviati in modo sicuro nel cloud, classificati e organizzati con data room virtuali e firmati elettronicamente con funzionalit\u00e0 di firma elettronica. Gli utenti possono creare annotazioni visive, video e vocali su qualsiasi file condiviso per una comunicazione precisa. Inoltre, le aziende possono gestire tutte le interazioni che avvengono tra team interni e clienti su tutti i canali social come WhatsApp e WeChat.<\/p>\n<h2><a href=\"https:\/\/www.accuratereviews.com\/wp-content\/uploads\/2023\/12\/Screenshot-2023-12-14-alle-11.16.54.png\"><img loading=\"lazy\" decoding=\"async\" class=\"aligncenter wp-image-73403 size-large\" src=\"https:\/\/www.accuratereviews.com\/wp-content\/uploads\/2023\/12\/Screenshot-2023-12-14-alle-11.16.54-1024x520.png\" alt=\"\" width=\"686\" height=\"348\" srcset=\"https:\/\/www.accuratereviews.com\/wp-content\/uploads\/2023\/12\/Screenshot-2023-12-14-alle-11.16.54-1024x520.png 1024w, https:\/\/www.accuratereviews.com\/wp-content\/uploads\/2023\/12\/Screenshot-2023-12-14-alle-11.16.54-300x152.png 300w, https:\/\/www.accuratereviews.com\/wp-content\/uploads\/2023\/12\/Screenshot-2023-12-14-alle-11.16.54-768x390.png 768w, https:\/\/www.accuratereviews.com\/wp-content\/uploads\/2023\/12\/Screenshot-2023-12-14-alle-11.16.54-1536x780.png 1536w, https:\/\/www.accuratereviews.com\/wp-content\/uploads\/2023\/12\/Screenshot-2023-12-14-alle-11.16.54-2048x1040.png 2048w, https:\/\/www.accuratereviews.com\/wp-content\/uploads\/2023\/12\/Screenshot-2023-12-14-alle-11.16.54-50x25.png 50w, https:\/\/www.accuratereviews.com\/wp-content\/uploads\/2023\/12\/Screenshot-2023-12-14-alle-11.16.54-246x125.png 246w, https:\/\/www.accuratereviews.com\/wp-content\/uploads\/2023\/12\/Screenshot-2023-12-14-alle-11.16.54-968x492.png 968w, https:\/\/www.accuratereviews.com\/wp-content\/uploads\/2023\/12\/Screenshot-2023-12-14-alle-11.16.54-636x323.png 636w, https:\/\/www.accuratereviews.com\/wp-content\/uploads\/2023\/12\/Screenshot-2023-12-14-alle-11.16.54-320x163.png 320w, https:\/\/www.accuratereviews.com\/wp-content\/uploads\/2023\/12\/Screenshot-2023-12-14-alle-11.16.54-239x121.png 239w\" sizes=\"auto, (max-width: 686px) 100vw, 686px\" \/><\/a><\/h2>\n<h2>MOXO &#8211; CARATTERISTICHE<\/h2>\n<ul>\n<li>Gli utenti riceveranno un&#8217;email con un collegamento magico quando sar\u00e0 il loro turno di agire.<\/li>\n<li>Portale per gli utenti esterni per accedere agli spazi di lavoro. Disponibile su dispositivi mobili e Web.<\/li>\n<li>Creare spazi di lavoro per progetti esterni.<\/li>\n<li>Portale per utenti amministratori per creare\/modificare utenti, gestire autorizzazioni, impostare branding e altro ancora.<\/li>\n<li>Personalizza i tuoi processi frequenti.<\/li>\n<li>Suddividi il processo in tappe fondamentali.<\/li>\n<li>Scheda azione per la registrazione delle approvazioni, riconoscimenti e firme elettroniche.<\/li>\n<li>Crea modelli per i documenti utilizzati di frequente.<\/li>\n<li>Cerca e filtra negli spazi di lavoro e all&#8217;interno dei documenti.<\/li>\n<li>Lo spazio di archiviazione \u00e8 condiviso tra tutti gli utenti.<\/li>\n<li>Collegamento a pagine Web esterne<\/li>\n<li>Possibilit\u00e0 per i tuoi clienti di essere indirizzati ai tuoi team interni in tempo reale per avere impegni in chat.<\/li>\n<li>Crea moduli per raccogliere dati con il generatore di moduli<\/li>\n<li>Possibilit\u00e0 per gli utenti esterni di inviare richieste al tuo team. Le richieste possono essere classificate per tipo e essere instradate a una casella di posta condivisa.<\/li>\n<li>Registra la tua voce e il tuo video, insieme alle annotazioni, nella parte superiore del file.<\/li>\n<li>Avvia riunioni in tempo reale con video, voce e condivisione dello schermo.<\/li>\n<li>Invia messaggi per interagire rapidamente e nel contesto.<\/li>\n<li>Repository condiviso di documenti e azioni basate su modelli.<\/li>\n<li>Scheda azione per visualizzare la disponibilit\u00e0 e pianificare riunioni pi\u00f9 facilmente.<\/li>\n<li>Integrazioni con Outlook e Google disponibili.<\/li>\n<li>Crea attivit\u00e0 con assegnatari, date di scadenza e promemoria.<\/li>\n<li>Set completo di API per inviare\/estrarre dati e orchestrare azioni.<\/li>\n<li>Dashboard per i manager per monitorare la produttivit\u00e0 di utenti e team<\/li>\n<\/ul>\n<h3>LE RECENSIONI DEGLI UTENTI<\/h3>\n<p><strong>Christian &#8220;Piattaforma di collaborazione con comunicazione interna ed esterna&#8221;<\/strong><br \/>\n<strong>Commenti<\/strong>: Manteniamo le conversazioni sui progetti in un unico flusso, comprese riunioni, registrazioni e registrazione di documenti.<br \/>\n<strong>Pro<\/strong>: Il progetto funziona cos\u00ec bene. Hai tutte le tue cose in un unico flusso e non devi spostarti tra strane schede come su Microsoft Teams o non avere tutte le riunioni, le cose da fare e i documenti come fai su Slack. Ottieni un flusso rapido e gli avvisi in-app e via email funzionano bene nel tuo lavoro quotidiano. Abbiamo anche integrato alcune funzionalit\u00e0 nella nostra applicazione tramite l&#8217;API. Se ha funzionato, sar\u00e0 un ottimo supporto per gli sviluppatori tramite un progetto Moxtra.<br \/>\n<strong>Contro<\/strong>: L&#8217;esperienza &#8220;tutto in uno&#8221; del progetto potrebbe essere raggiunta pi\u00f9 velocemente per gli utenti che non sono utenti giornalieri o settimanali.<\/p>\n<p><strong>Hiran &#8220;Una comunicazione aziendale resa amichevole e intraprendente.&#8221;<\/strong><br \/>\n<strong>Commenti<\/strong>: Ha una caratteristica di base sufficiente per le piccole imprese, ma pi\u00f9 caratteristiche e funzioni potrebbero aggiungere valore a questo prodotto.<br \/>\n<strong>Pro<\/strong>: L&#8217;etichettatura privata del portale pu\u00f2 essere effettuata in base alla scelta degli utenti. La configurazione del portale pu\u00f2 essere effettuata automatizzando i flussi di gestione del conto cliente che abilitano l&#8217;assistenza ai processi aziendali, dall&#8217;onboarding alla fatturazione. La funzione di condivisione dello schermo aiuta l&#8217;utente durante la riunione a proiettare lo schermo ad altri partecipanti. La sezione chat ha reso la comunicazione amichevole e piena di risorse con l&#8217;aggiunta di file alla conversazione in chat. La discussione di gruppo pu\u00f2 essere effettuata durante una conversazione insieme all&#8217;opzione di videochiamata di gruppo. La scheda Conversazioni ha sezioni separate per interni e clienti che aiutano l&#8217;utente a differenziare le conversazioni. \u00c8 disponibile un&#8217;opzione di chiamata per chiamare tramite l&#8217;app. L&#8217;interfaccia utente \u00e8 semplice e facile da usare.<br \/>\n<strong>Contro<\/strong>: Moxo non ha molte funzionalit\u00e0. I piani tariffari devono essere flessibili rispetto alle esigenze del cliente. L&#8217;assistenza clienti deve migliorare il proprio servizio ottimizzando la risoluzione e i tempi di risposta.<\/p>\n<p><strong>Brittany &#8220;Comunicare meglio con Moxo&#8221;<\/strong><br \/>\n<strong>Commenti<\/strong>: Con il nostro ampio team di operai edili, siamo in grado di utilizzare Moxo per stare al passo con ogni lavoro a cui stiamo lavorando. Essendo nel settore della piscina, lavoriamo fino a 10 lavori alla volta. Potendo aggiungere immagini, file e chattare con il team, possiamo effettivamente trasmettere tutto ci\u00f2 che \u00e8 necessario a tutti senza dover utilizzare pi\u00f9 canali di comunicazione<br \/>\n<strong>Pro<\/strong>: Questo software \u00e8 gratuito! La migliore caratteristica \u00e8 il fatto che \u00e8 possibile condividere documenti e immagini insieme alla conversazione. Con questo software, pi\u00f9 utenti sono in grado di comunicare comodamente dai loro telefoni cellulari.<br \/>\n<strong>Contro<\/strong>: L&#8217;unico aspetto negativo del software \u00e8 che ogni conversazione, &#8220;Group Chat&#8221;, ha una finestra di 90 giorni. Se qualcuno ha aggiunto un messaggio di oltre 90 giorni fa, quel messaggio non pu\u00f2 pi\u00f9 essere visualizzato da nessuno nel gruppo. I file rimangono, mentre la chat no.<\/p>\n","protected":false},"excerpt":{"rendered":"<p>Moxo \u00e8 una soluzione di gestione delle interazioni aziendali, basata su cloud, che consente alle aziende di creare un portale brandizzato per mantenere una connessione continua con team interni e clienti esterni. Progettato per luoghi di lavoro virtuali, garantisce la continuit\u00e0 aziendale fornendo esperienze connesse a tutti gli utenti con una suite di strumenti di collaborazione.<\/p>\n","protected":false},"author":19,"featured_media":73398,"parent":5386,"menu_order":0,"comment_status":"open","ping_status":"closed","template":"g1_template_page_review_new.php","meta":{"_acf_changed":false,"cwp_meta_box_check":"Yes","cwp_rev_product_name":"","cwp_rev_product_image":"","wppr_links":[],"cwp_rev_price":"0.00","wppr_options":[{"name":"Usability","value":"0"},{"name":"Speed","value":"0"},{"name":"Features","value":"0"},{"name":"Support","value":"0"},{"name":"Pricing","value":"0"}],"wppr_pros":["","","","",""],"wppr_cons":["","","","",""],"_monsterinsights_skip_tracking":false,"_monsterinsights_sitenote_active":false,"_monsterinsights_sitenote_note":"","_monsterinsights_sitenote_category":0,"footnotes":""},"categories":[95],"tags":[1156,14822,3567,3566,3569,3548],"features":[],"class_list":{"0":"post-73395","1":"page","2":"type-page","3":"status-publish","4":"has-post-thumbnail","6":"category-chat-im","7":"tag-messaggistica","8":"tag-moxo","9":"tag-piattaforma-messaggistica","10":"tag-programma-messaggistica","11":"tag-software-messaggistica","12":"tag-soluzione-messaggistica"},"wppr_data":{"cwp_meta_box_check":"Yes","_wppr_review_template":"default","cwp_rev_product_image":"","cwp_image_link":"image","wppr_links":[],"cwp_rev_price":"0.00","wppr_pros":["","","","",""],"wppr_cons":["","","","",""],"wppr_rating":"0.00","wppr_options":{"1":{"name":"Usability","value":"0"},"2":{"name":"Speed","value":"0"},"3":{"name":"Features","value":"0"},"4":{"name":"Support","value":"0"},"5":{"name":"Pricing","value":"0"}},"wppr_review_type":"Product","wppr_review_custom_fields":{"additionalProperty":"","additionalType":"","aggregateRating":"","alternateName":"","audience":"","award":"","awards":"","brand":"","color":"","depth":"","description":"","disambiguatingDescription":"","gtin12":"","gtin13":"","gtin14":"","gtin8":"","height":"","identifier":"","image":"","isAccessoryOrSparePartFor":"","isConsumableFor":"","isRelatedTo":"","isSimilarTo":"","itemCondition":"","logo":"","mainEntityOfPage":"","manufacturer":"","material":"","model":"","mpn":"","name":"","offers":"","potentialAction":"","productID":"","productionDate":"","purchaseDate":"","releaseDate":"","review":"","reviews":"","sameAs":"","sku":"","slogan":"","subjectOf":"","url":"","weight":"","width":""}},"acf":[],"yoast_head":"<!-- This site is optimized with the Yoast SEO plugin v27.4 - https:\/\/yoast.com\/product\/yoast-seo-wordpress\/ -->\n<title>Moxo: recensione software di messaggistica - Accurate Reviews<\/title>\n<meta name=\"description\" content=\"Moxo: recensione soluzione di gestione delle interazioni aziendali che consente di mantenere una connessione continua con il team e clienti.\" \/>\n<meta name=\"robots\" content=\"index, follow, max-snippet:-1, max-image-preview:large, max-video-preview:-1\" \/>\n<link rel=\"canonical\" href=\"https:\/\/www.accuratereviews.com\/it\/chat-i-migliori-im-lista\/moxo-recensione\/\" \/>\n<meta property=\"og:locale\" content=\"it_IT\" \/>\n<meta property=\"og:type\" content=\"article\" \/>\n<meta property=\"og:title\" content=\"Moxo: recensione software di messaggistica - Accurate Reviews\" \/>\n<meta property=\"og:description\" content=\"Moxo: recensione soluzione di gestione delle interazioni aziendali che consente di mantenere una connessione continua con il team e clienti.\" \/>\n<meta property=\"og:url\" content=\"https:\/\/www.accuratereviews.com\/it\/chat-i-migliori-im-lista\/moxo-recensione\/\" \/>\n<meta property=\"og:site_name\" content=\"Accurate Reviews\" \/>\n<meta property=\"og:image\" content=\"https:\/\/www.accuratereviews.com\/wp-content\/uploads\/2023\/12\/Moxo.jpeg\" \/>\n\t<meta property=\"og:image:width\" content=\"600\" \/>\n\t<meta property=\"og:image:height\" content=\"315\" \/>\n\t<meta property=\"og:image:type\" content=\"image\/jpeg\" \/>\n<meta name=\"twitter:card\" content=\"summary_large_image\" \/>\n<meta name=\"twitter:label1\" content=\"Tempo di lettura stimato\" \/>\n\t<meta name=\"twitter:data1\" content=\"6 minuti\" \/>\n<script type=\"application\/ld+json\" class=\"yoast-schema-graph\">{\"@context\":\"https:\\\/\\\/schema.org\",\"@graph\":[{\"@type\":\"WebPage\",\"@id\":\"https:\\\/\\\/www.accuratereviews.com\\\/it\\\/chat-i-migliori-im-lista\\\/moxo-recensione\\\/\",\"url\":\"https:\\\/\\\/www.accuratereviews.com\\\/it\\\/chat-i-migliori-im-lista\\\/moxo-recensione\\\/\",\"name\":\"Moxo: recensione software di messaggistica - Accurate Reviews\",\"isPartOf\":{\"@id\":\"https:\\\/\\\/www.accuratereviews.com\\\/it\\\/#website\"},\"primaryImageOfPage\":{\"@id\":\"https:\\\/\\\/www.accuratereviews.com\\\/it\\\/chat-i-migliori-im-lista\\\/moxo-recensione\\\/#primaryimage\"},\"image\":{\"@id\":\"https:\\\/\\\/www.accuratereviews.com\\\/it\\\/chat-i-migliori-im-lista\\\/moxo-recensione\\\/#primaryimage\"},\"thumbnailUrl\":\"https:\\\/\\\/www.accuratereviews.com\\\/wp-content\\\/uploads\\\/2023\\\/12\\\/Moxo.jpeg\",\"datePublished\":\"2023-12-15T18:03:22+00:00\",\"description\":\"Moxo: recensione soluzione di gestione delle interazioni aziendali che consente di mantenere una connessione continua con il team e clienti.\",\"breadcrumb\":{\"@id\":\"https:\\\/\\\/www.accuratereviews.com\\\/it\\\/chat-i-migliori-im-lista\\\/moxo-recensione\\\/#breadcrumb\"},\"inLanguage\":\"it-IT\",\"potentialAction\":[{\"@type\":\"ReadAction\",\"target\":[\"https:\\\/\\\/www.accuratereviews.com\\\/it\\\/chat-i-migliori-im-lista\\\/moxo-recensione\\\/\"]}]},{\"@type\":\"ImageObject\",\"inLanguage\":\"it-IT\",\"@id\":\"https:\\\/\\\/www.accuratereviews.com\\\/it\\\/chat-i-migliori-im-lista\\\/moxo-recensione\\\/#primaryimage\",\"url\":\"https:\\\/\\\/www.accuratereviews.com\\\/wp-content\\\/uploads\\\/2023\\\/12\\\/Moxo.jpeg\",\"contentUrl\":\"https:\\\/\\\/www.accuratereviews.com\\\/wp-content\\\/uploads\\\/2023\\\/12\\\/Moxo.jpeg\",\"width\":600,\"height\":315},{\"@type\":\"BreadcrumbList\",\"@id\":\"https:\\\/\\\/www.accuratereviews.com\\\/it\\\/chat-i-migliori-im-lista\\\/moxo-recensione\\\/#breadcrumb\",\"itemListElement\":[{\"@type\":\"ListItem\",\"position\":1,\"name\":\"Home\",\"item\":\"https:\\\/\\\/www.accuratereviews.com\\\/it\\\/\"},{\"@type\":\"ListItem\",\"position\":2,\"name\":\"Chat: I migliori IM\",\"item\":\"https:\\\/\\\/www.accuratereviews.com\\\/it\\\/chat-i-migliori-im-lista\\\/\"},{\"@type\":\"ListItem\",\"position\":3,\"name\":\"Moxo\"}]},{\"@type\":\"WebSite\",\"@id\":\"https:\\\/\\\/www.accuratereviews.com\\\/it\\\/#website\",\"url\":\"https:\\\/\\\/www.accuratereviews.com\\\/it\\\/\",\"name\":\"Accurate Reviews\",\"description\":\"\",\"potentialAction\":[{\"@type\":\"SearchAction\",\"target\":{\"@type\":\"EntryPoint\",\"urlTemplate\":\"https:\\\/\\\/www.accuratereviews.com\\\/it\\\/?s={search_term_string}\"},\"query-input\":{\"@type\":\"PropertyValueSpecification\",\"valueRequired\":true,\"valueName\":\"search_term_string\"}}],\"inLanguage\":\"it-IT\"}]}<\/script>\n<!-- \/ Yoast SEO plugin. -->","yoast_head_json":{"title":"Moxo: recensione software di messaggistica - Accurate Reviews","description":"Moxo: recensione soluzione di gestione delle interazioni aziendali che consente di mantenere una connessione continua con il team e clienti.","robots":{"index":"index","follow":"follow","max-snippet":"max-snippet:-1","max-image-preview":"max-image-preview:large","max-video-preview":"max-video-preview:-1"},"canonical":"https:\/\/www.accuratereviews.com\/it\/chat-i-migliori-im-lista\/moxo-recensione\/","og_locale":"it_IT","og_type":"article","og_title":"Moxo: recensione software di messaggistica - Accurate Reviews","og_description":"Moxo: recensione soluzione di gestione delle interazioni aziendali che consente di mantenere una connessione continua con il team e clienti.","og_url":"https:\/\/www.accuratereviews.com\/it\/chat-i-migliori-im-lista\/moxo-recensione\/","og_site_name":"Accurate Reviews","og_image":[{"width":600,"height":315,"url":"https:\/\/www.accuratereviews.com\/wp-content\/uploads\/2023\/12\/Moxo.jpeg","type":"image\/jpeg"}],"twitter_card":"summary_large_image","twitter_misc":{"Tempo di lettura stimato":"6 minuti"},"schema":{"@context":"https:\/\/schema.org","@graph":[{"@type":"WebPage","@id":"https:\/\/www.accuratereviews.com\/it\/chat-i-migliori-im-lista\/moxo-recensione\/","url":"https:\/\/www.accuratereviews.com\/it\/chat-i-migliori-im-lista\/moxo-recensione\/","name":"Moxo: recensione software di messaggistica - Accurate Reviews","isPartOf":{"@id":"https:\/\/www.accuratereviews.com\/it\/#website"},"primaryImageOfPage":{"@id":"https:\/\/www.accuratereviews.com\/it\/chat-i-migliori-im-lista\/moxo-recensione\/#primaryimage"},"image":{"@id":"https:\/\/www.accuratereviews.com\/it\/chat-i-migliori-im-lista\/moxo-recensione\/#primaryimage"},"thumbnailUrl":"https:\/\/www.accuratereviews.com\/wp-content\/uploads\/2023\/12\/Moxo.jpeg","datePublished":"2023-12-15T18:03:22+00:00","description":"Moxo: recensione soluzione di gestione delle interazioni aziendali che consente di mantenere una connessione continua con il team e clienti.","breadcrumb":{"@id":"https:\/\/www.accuratereviews.com\/it\/chat-i-migliori-im-lista\/moxo-recensione\/#breadcrumb"},"inLanguage":"it-IT","potentialAction":[{"@type":"ReadAction","target":["https:\/\/www.accuratereviews.com\/it\/chat-i-migliori-im-lista\/moxo-recensione\/"]}]},{"@type":"ImageObject","inLanguage":"it-IT","@id":"https:\/\/www.accuratereviews.com\/it\/chat-i-migliori-im-lista\/moxo-recensione\/#primaryimage","url":"https:\/\/www.accuratereviews.com\/wp-content\/uploads\/2023\/12\/Moxo.jpeg","contentUrl":"https:\/\/www.accuratereviews.com\/wp-content\/uploads\/2023\/12\/Moxo.jpeg","width":600,"height":315},{"@type":"BreadcrumbList","@id":"https:\/\/www.accuratereviews.com\/it\/chat-i-migliori-im-lista\/moxo-recensione\/#breadcrumb","itemListElement":[{"@type":"ListItem","position":1,"name":"Home","item":"https:\/\/www.accuratereviews.com\/it\/"},{"@type":"ListItem","position":2,"name":"Chat: I migliori IM","item":"https:\/\/www.accuratereviews.com\/it\/chat-i-migliori-im-lista\/"},{"@type":"ListItem","position":3,"name":"Moxo"}]},{"@type":"WebSite","@id":"https:\/\/www.accuratereviews.com\/it\/#website","url":"https:\/\/www.accuratereviews.com\/it\/","name":"Accurate Reviews","description":"","potentialAction":[{"@type":"SearchAction","target":{"@type":"EntryPoint","urlTemplate":"https:\/\/www.accuratereviews.com\/it\/?s={search_term_string}"},"query-input":{"@type":"PropertyValueSpecification","valueRequired":true,"valueName":"search_term_string"}}],"inLanguage":"it-IT"}]}},"_links":{"self":[{"href":"https:\/\/www.accuratereviews.com\/it\/wp-json\/wp\/v2\/pages\/73395","targetHints":{"allow":["GET"]}}],"collection":[{"href":"https:\/\/www.accuratereviews.com\/it\/wp-json\/wp\/v2\/pages"}],"about":[{"href":"https:\/\/www.accuratereviews.com\/it\/wp-json\/wp\/v2\/types\/page"}],"author":[{"embeddable":true,"href":"https:\/\/www.accuratereviews.com\/it\/wp-json\/wp\/v2\/users\/19"}],"replies":[{"embeddable":true,"href":"https:\/\/www.accuratereviews.com\/it\/wp-json\/wp\/v2\/comments?post=73395"}],"version-history":[{"count":12,"href":"https:\/\/www.accuratereviews.com\/it\/wp-json\/wp\/v2\/pages\/73395\/revisions"}],"predecessor-version":[{"id":73430,"href":"https:\/\/www.accuratereviews.com\/it\/wp-json\/wp\/v2\/pages\/73395\/revisions\/73430"}],"up":[{"embeddable":true,"href":"https:\/\/www.accuratereviews.com\/it\/wp-json\/wp\/v2\/pages\/5386"}],"wp:featuredmedia":[{"embeddable":true,"href":"https:\/\/www.accuratereviews.com\/it\/wp-json\/wp\/v2\/media\/73398"}],"wp:attachment":[{"href":"https:\/\/www.accuratereviews.com\/it\/wp-json\/wp\/v2\/media?parent=73395"}],"wp:term":[{"taxonomy":"category","embeddable":true,"href":"https:\/\/www.accuratereviews.com\/it\/wp-json\/wp\/v2\/categories?post=73395"},{"taxonomy":"post_tag","embeddable":true,"href":"https:\/\/www.accuratereviews.com\/it\/wp-json\/wp\/v2\/tags?post=73395"},{"taxonomy":"features","embeddable":true,"href":"https:\/\/www.accuratereviews.com\/it\/wp-json\/wp\/v2\/features?post=73395"}],"curies":[{"name":"wp","href":"https:\/\/api.w.org\/{rel}","templated":true}]}}