{"id":73433,"date":"2023-12-18T19:16:23","date_gmt":"2023-12-18T19:16:23","guid":{"rendered":"https:\/\/www.accuratereviews.com\/?page_id=73433"},"modified":"2023-12-19T11:06:33","modified_gmt":"2023-12-19T11:06:33","slug":"hello24-ai-recensione","status":"publish","type":"page","link":"https:\/\/www.accuratereviews.com\/it\/chat-i-migliori-im-lista\/hello24-ai-recensione\/","title":{"rendered":"Hello24.ai"},"content":{"rendered":"<p><strong>hello24.ai<\/strong> \u00e8 una <strong>piattaforma di commercio conversazionale<\/strong> che aiuta le aziende a interagire con i clienti tramite WhatsApp. Il sistema offre integrazioni con piattaforme di eCommerce e integrazione con gateway di pagamento per migliorare le entrate, coinvolgere nuovamente o recuperare carrelli abbandonati, condividere prodotti e accettare ordini su WhatsApp, nonch\u00e9 automatizzare le campagne di cross-sell e rivendita. I team possono ridurre i costi dell&#8217;assistenza clienti attraverso l&#8217;automazione dei chatbot e una casella di posta multi-agente. Ottieni pi\u00f9 ROI sulle tue spese di marketing rispetto agli annunci tradizionali e supporta i clienti in chat attraverso il nostro motore avanzato di automazione della chat.<\/p>\n<h2>HELLO24.AI &#8211; TUTORIAL<\/h2>\n<div id=\"fluid-wrapper-counter-1\" class=\"g1-fluid-wrapper \" style=\"width:686px;\">\n<div style=\"padding-bottom:56.268221574344%;\"><iframe loading=\"lazy\" title=\"HOW TO DO VIDEO - Automate &amp; Get 3x Product Reviews From Your Customers via WhatsApp | hello24.ai\" width=\"686\" height=\"386\" src=\"https:\/\/www.youtube.com\/embed\/YrkFeBdBOuA?feature=oembed&amp;wmode=transparent&amp;autohide=1&amp;autoplay=0&amp;disablekb=0&amp;fs=1&amp;loop=0&amp;enablejsapi=1&amp;rel=0&amp;controls=2&amp;showinfo=0&amp;wmode=transparent&amp;autohide=2&amp;autoplay=0&amp;disablekb=0&amp;fs=1&amp;loop=0&amp;enablejsapi=1&amp;rel=0&amp;controls=2&amp;showinfo=1\" frameborder=\"0\" allow=\"accelerometer; autoplay; clipboard-write; encrypted-media; gyroscope; picture-in-picture; web-share\" allowfullscreen><\/iframe><\/div>\n<\/div>\n<h3>HELLO24.AI &#8211; CARATTERISTICHE<\/h3>\n<ul>\n<li>Trasmissioni illimitate<\/li>\n<li>Segmentazione della clientela<\/li>\n<li>Analisi del coinvolgimento nelle trasmissioni<\/li>\n<li>Automazione dei chatbot<\/li>\n<li>Routing dell&#8217;agente basato sull&#8217;argomento<\/li>\n<li>Analisi degli agenti<\/li>\n<li>Integrazione Shopify\/Woocommerce<\/li>\n<li>Recupero carrello abbandonato<\/li>\n<li>Conferma COD<\/li>\n<li>Numero personalizzato degli accessi degli agenti<\/li>\n<li>Conversione da COD a prepagato<\/li>\n<li>Negozio WhatsApp<\/li>\n<li>Integrazione dei pagamenti<\/li>\n<li>Automazione della chat basata su codice QR<\/li>\n<li>Segmenti automatici<\/li>\n<li>Automazione dei contatti WhatsApp<\/li>\n<li>Qualificazione dei lead e sondaggi<\/li>\n<li>Chatbot multilingue<\/li>\n<li>API per sviluppatori<\/li>\n<li>Integrazioni personalizzate<\/li>\n<\/ul>\n<h4>LE RECENSIONI DEGLI UTENTI<\/h4>\n<p><strong>Elis\u00e9e&#8221;Soddisfa ma bisogna fare degli sforzi&#8221;<\/strong><br \/>\n<strong>Commenti<\/strong>: Bene<br \/>\n<strong>Pro<\/strong>: Assistenza della squadra. Penso che Hello 24 abbia una buona squadra<br \/>\n<strong>Contro<\/strong>: Ti consiglio Hello24 per iniziare la tua attivit\u00e0 per aumentare i risultati<\/p>\n<p><strong>Swati&#8221;Soluzione in un solo passaggio per gestire tutti i tuoi clienti con API\/AI perfette&#8221;<\/strong><br \/>\n<strong>Commenti<\/strong>: \u00c8 stato fantastico<br \/>\n<strong>Pro<\/strong>: La casella di chat, il recupero automatico degli ordini, gli avvisi di transazione al momento dell&#8217;effettuazione dell&#8217;ordine, la spedizione sono molto utili. La cosa principale \u00e8 per le casse abbandonate. Siamo in grado di recuperarli molto bene con l&#8217;aiuto di Hello24. E anche l&#8217;attivit\u00e0 di trasmissione promozionale \u00e8 una delle caratteristiche interessanti. Consigliamo vivamente alla tua attivit\u00e0. Pi\u00f9 team leader\/responsabili possono gestire questo pannello contemporaneamente.<br \/>\n<strong>Contro<\/strong>: Interfaccia utente pi\u00f9 intuitiva nella pagina di trasmissione.<\/p>\n<p><strong>Yogesh&#8221;Semplicit\u00e0 aziendale con Hello24.ai&#8221;<\/strong><br \/>\n<strong>Commenti<\/strong>: Mi piace molto il modo in cui \u00e8 progettato. Facile da usare e ottimo supporto<br \/>\n<strong>Pro<\/strong>: L&#8217;assistenza clienti \u00e8 eccezionale. Specificamente molto utile per qualsiasi domanda.<br \/>\n<strong>Contro<\/strong>: Non c&#8217;\u00e8 niente da scrivere, quindi perch\u00e9 dovrei? :)<\/p>\n","protected":false},"excerpt":{"rendered":"<p>hello24.ai \u00e8 una piattaforma di commercio conversazionale che aiuta le aziende a interagire con i clienti tramite WhatsApp. Il sistema offre integrazioni con piattaforme di eCommerce e integrazione con gateway di pagamento per migliorare le entrate, coinvolgere nuovamente o recuperare carrelli abbandonati, condividere prodotti e accettare ordini su WhatsApp, nonch\u00e9 automatizzare le campagne di cross-sell e rivendita<\/p>\n","protected":false},"author":19,"featured_media":73434,"parent":5386,"menu_order":0,"comment_status":"open","ping_status":"closed","template":"g1_template_page_review_new.php","meta":{"_acf_changed":false,"cwp_meta_box_check":"No","cwp_rev_product_name":"","cwp_rev_product_image":"","wppr_links":[],"cwp_rev_price":"","wppr_options":[],"wppr_pros":[],"wppr_cons":[],"_monsterinsights_skip_tracking":false,"_monsterinsights_sitenote_active":false,"_monsterinsights_sitenote_note":"","_monsterinsights_sitenote_category":0,"footnotes":""},"categories":[95],"tags":[14824,1156,3567,3566,3569,3548,1017],"features":[],"class_list":{"0":"post-73433","1":"page","2":"type-page","3":"status-publish","4":"has-post-thumbnail","6":"category-chat-im","7":"tag-hello24-ai","8":"tag-messaggistica","9":"tag-piattaforma-messaggistica","10":"tag-programma-messaggistica","11":"tag-software-messaggistica","12":"tag-soluzione-messaggistica","13":"tag-whatsapp"},"wppr_data":{"cwp_meta_box_check":"No"},"acf":[],"yoast_head":"<!-- This site is optimized with the Yoast SEO plugin v27.4 - https:\/\/yoast.com\/product\/yoast-seo-wordpress\/ -->\n<title>Hello24.ai: recensione software messaggistica - Accurate Reviews<\/title>\n<meta name=\"description\" content=\"hello24.ai: recensione piattaforma di commercio conversazionale che aiuta le aziende a interagire con i clienti tramite WhatsApp.\" \/>\n<meta name=\"robots\" content=\"index, follow, max-snippet:-1, max-image-preview:large, max-video-preview:-1\" \/>\n<link rel=\"canonical\" href=\"https:\/\/www.accuratereviews.com\/it\/chat-i-migliori-im-lista\/hello24-ai-recensione\/\" \/>\n<meta property=\"og:locale\" content=\"it_IT\" \/>\n<meta property=\"og:type\" content=\"article\" \/>\n<meta property=\"og:title\" content=\"Hello24.ai: recensione software messaggistica - Accurate Reviews\" \/>\n<meta property=\"og:description\" content=\"hello24.ai: recensione piattaforma di commercio conversazionale che aiuta le aziende a interagire con i clienti tramite WhatsApp.\" \/>\n<meta property=\"og:url\" content=\"https:\/\/www.accuratereviews.com\/it\/chat-i-migliori-im-lista\/hello24-ai-recensione\/\" \/>\n<meta property=\"og:site_name\" content=\"Accurate Reviews\" \/>\n<meta property=\"article:modified_time\" content=\"2023-12-19T11:06:33+00:00\" \/>\n<meta property=\"og:image\" content=\"https:\/\/www.accuratereviews.com\/wp-content\/uploads\/2023\/12\/hello24.ai_.webp\" \/>\n\t<meta property=\"og:image:width\" content=\"1510\" \/>\n\t<meta property=\"og:image:height\" content=\"512\" \/>\n\t<meta property=\"og:image:type\" content=\"image\/webp\" \/>\n<meta name=\"twitter:card\" content=\"summary_large_image\" \/>\n<meta name=\"twitter:label1\" content=\"Tempo di lettura stimato\" \/>\n\t<meta name=\"twitter:data1\" content=\"2 minuti\" \/>\n<script type=\"application\/ld+json\" class=\"yoast-schema-graph\">{\"@context\":\"https:\\\/\\\/schema.org\",\"@graph\":[{\"@type\":\"WebPage\",\"@id\":\"https:\\\/\\\/www.accuratereviews.com\\\/it\\\/chat-i-migliori-im-lista\\\/hello24-ai-recensione\\\/\",\"url\":\"https:\\\/\\\/www.accuratereviews.com\\\/it\\\/chat-i-migliori-im-lista\\\/hello24-ai-recensione\\\/\",\"name\":\"Hello24.ai: recensione software messaggistica - Accurate Reviews\",\"isPartOf\":{\"@id\":\"https:\\\/\\\/www.accuratereviews.com\\\/it\\\/#website\"},\"primaryImageOfPage\":{\"@id\":\"https:\\\/\\\/www.accuratereviews.com\\\/it\\\/chat-i-migliori-im-lista\\\/hello24-ai-recensione\\\/#primaryimage\"},\"image\":{\"@id\":\"https:\\\/\\\/www.accuratereviews.com\\\/it\\\/chat-i-migliori-im-lista\\\/hello24-ai-recensione\\\/#primaryimage\"},\"thumbnailUrl\":\"https:\\\/\\\/www.accuratereviews.com\\\/wp-content\\\/uploads\\\/2023\\\/12\\\/hello24.ai_.webp\",\"datePublished\":\"2023-12-18T19:16:23+00:00\",\"dateModified\":\"2023-12-19T11:06:33+00:00\",\"description\":\"hello24.ai: recensione piattaforma di commercio conversazionale che aiuta le aziende a interagire con i clienti tramite WhatsApp.\",\"breadcrumb\":{\"@id\":\"https:\\\/\\\/www.accuratereviews.com\\\/it\\\/chat-i-migliori-im-lista\\\/hello24-ai-recensione\\\/#breadcrumb\"},\"inLanguage\":\"it-IT\",\"potentialAction\":[{\"@type\":\"ReadAction\",\"target\":[\"https:\\\/\\\/www.accuratereviews.com\\\/it\\\/chat-i-migliori-im-lista\\\/hello24-ai-recensione\\\/\"]}]},{\"@type\":\"ImageObject\",\"inLanguage\":\"it-IT\",\"@id\":\"https:\\\/\\\/www.accuratereviews.com\\\/it\\\/chat-i-migliori-im-lista\\\/hello24-ai-recensione\\\/#primaryimage\",\"url\":\"https:\\\/\\\/www.accuratereviews.com\\\/wp-content\\\/uploads\\\/2023\\\/12\\\/hello24.ai_.webp\",\"contentUrl\":\"https:\\\/\\\/www.accuratereviews.com\\\/wp-content\\\/uploads\\\/2023\\\/12\\\/hello24.ai_.webp\",\"width\":1510,\"height\":512},{\"@type\":\"BreadcrumbList\",\"@id\":\"https:\\\/\\\/www.accuratereviews.com\\\/it\\\/chat-i-migliori-im-lista\\\/hello24-ai-recensione\\\/#breadcrumb\",\"itemListElement\":[{\"@type\":\"ListItem\",\"position\":1,\"name\":\"Home\",\"item\":\"https:\\\/\\\/www.accuratereviews.com\\\/it\\\/\"},{\"@type\":\"ListItem\",\"position\":2,\"name\":\"Chat: I migliori IM\",\"item\":\"https:\\\/\\\/www.accuratereviews.com\\\/it\\\/chat-i-migliori-im-lista\\\/\"},{\"@type\":\"ListItem\",\"position\":3,\"name\":\"Hello24.ai\"}]},{\"@type\":\"WebSite\",\"@id\":\"https:\\\/\\\/www.accuratereviews.com\\\/it\\\/#website\",\"url\":\"https:\\\/\\\/www.accuratereviews.com\\\/it\\\/\",\"name\":\"Accurate Reviews\",\"description\":\"\",\"potentialAction\":[{\"@type\":\"SearchAction\",\"target\":{\"@type\":\"EntryPoint\",\"urlTemplate\":\"https:\\\/\\\/www.accuratereviews.com\\\/it\\\/?s={search_term_string}\"},\"query-input\":{\"@type\":\"PropertyValueSpecification\",\"valueRequired\":true,\"valueName\":\"search_term_string\"}}],\"inLanguage\":\"it-IT\"}]}<\/script>\n<!-- \/ Yoast SEO plugin. -->","yoast_head_json":{"title":"Hello24.ai: recensione software messaggistica - Accurate Reviews","description":"hello24.ai: recensione piattaforma di commercio conversazionale che aiuta le aziende a interagire con i clienti tramite WhatsApp.","robots":{"index":"index","follow":"follow","max-snippet":"max-snippet:-1","max-image-preview":"max-image-preview:large","max-video-preview":"max-video-preview:-1"},"canonical":"https:\/\/www.accuratereviews.com\/it\/chat-i-migliori-im-lista\/hello24-ai-recensione\/","og_locale":"it_IT","og_type":"article","og_title":"Hello24.ai: recensione software messaggistica - Accurate Reviews","og_description":"hello24.ai: recensione piattaforma di commercio conversazionale che aiuta le aziende a interagire con i clienti tramite WhatsApp.","og_url":"https:\/\/www.accuratereviews.com\/it\/chat-i-migliori-im-lista\/hello24-ai-recensione\/","og_site_name":"Accurate Reviews","article_modified_time":"2023-12-19T11:06:33+00:00","og_image":[{"width":1510,"height":512,"url":"https:\/\/www.accuratereviews.com\/wp-content\/uploads\/2023\/12\/hello24.ai_.webp","type":"image\/webp"}],"twitter_card":"summary_large_image","twitter_misc":{"Tempo di lettura stimato":"2 minuti"},"schema":{"@context":"https:\/\/schema.org","@graph":[{"@type":"WebPage","@id":"https:\/\/www.accuratereviews.com\/it\/chat-i-migliori-im-lista\/hello24-ai-recensione\/","url":"https:\/\/www.accuratereviews.com\/it\/chat-i-migliori-im-lista\/hello24-ai-recensione\/","name":"Hello24.ai: recensione software messaggistica - Accurate Reviews","isPartOf":{"@id":"https:\/\/www.accuratereviews.com\/it\/#website"},"primaryImageOfPage":{"@id":"https:\/\/www.accuratereviews.com\/it\/chat-i-migliori-im-lista\/hello24-ai-recensione\/#primaryimage"},"image":{"@id":"https:\/\/www.accuratereviews.com\/it\/chat-i-migliori-im-lista\/hello24-ai-recensione\/#primaryimage"},"thumbnailUrl":"https:\/\/www.accuratereviews.com\/wp-content\/uploads\/2023\/12\/hello24.ai_.webp","datePublished":"2023-12-18T19:16:23+00:00","dateModified":"2023-12-19T11:06:33+00:00","description":"hello24.ai: recensione piattaforma di commercio conversazionale che aiuta le aziende a interagire con i clienti tramite WhatsApp.","breadcrumb":{"@id":"https:\/\/www.accuratereviews.com\/it\/chat-i-migliori-im-lista\/hello24-ai-recensione\/#breadcrumb"},"inLanguage":"it-IT","potentialAction":[{"@type":"ReadAction","target":["https:\/\/www.accuratereviews.com\/it\/chat-i-migliori-im-lista\/hello24-ai-recensione\/"]}]},{"@type":"ImageObject","inLanguage":"it-IT","@id":"https:\/\/www.accuratereviews.com\/it\/chat-i-migliori-im-lista\/hello24-ai-recensione\/#primaryimage","url":"https:\/\/www.accuratereviews.com\/wp-content\/uploads\/2023\/12\/hello24.ai_.webp","contentUrl":"https:\/\/www.accuratereviews.com\/wp-content\/uploads\/2023\/12\/hello24.ai_.webp","width":1510,"height":512},{"@type":"BreadcrumbList","@id":"https:\/\/www.accuratereviews.com\/it\/chat-i-migliori-im-lista\/hello24-ai-recensione\/#breadcrumb","itemListElement":[{"@type":"ListItem","position":1,"name":"Home","item":"https:\/\/www.accuratereviews.com\/it\/"},{"@type":"ListItem","position":2,"name":"Chat: I migliori IM","item":"https:\/\/www.accuratereviews.com\/it\/chat-i-migliori-im-lista\/"},{"@type":"ListItem","position":3,"name":"Hello24.ai"}]},{"@type":"WebSite","@id":"https:\/\/www.accuratereviews.com\/it\/#website","url":"https:\/\/www.accuratereviews.com\/it\/","name":"Accurate Reviews","description":"","potentialAction":[{"@type":"SearchAction","target":{"@type":"EntryPoint","urlTemplate":"https:\/\/www.accuratereviews.com\/it\/?s={search_term_string}"},"query-input":{"@type":"PropertyValueSpecification","valueRequired":true,"valueName":"search_term_string"}}],"inLanguage":"it-IT"}]}},"_links":{"self":[{"href":"https:\/\/www.accuratereviews.com\/it\/wp-json\/wp\/v2\/pages\/73433","targetHints":{"allow":["GET"]}}],"collection":[{"href":"https:\/\/www.accuratereviews.com\/it\/wp-json\/wp\/v2\/pages"}],"about":[{"href":"https:\/\/www.accuratereviews.com\/it\/wp-json\/wp\/v2\/types\/page"}],"author":[{"embeddable":true,"href":"https:\/\/www.accuratereviews.com\/it\/wp-json\/wp\/v2\/users\/19"}],"replies":[{"embeddable":true,"href":"https:\/\/www.accuratereviews.com\/it\/wp-json\/wp\/v2\/comments?post=73433"}],"version-history":[{"count":11,"href":"https:\/\/www.accuratereviews.com\/it\/wp-json\/wp\/v2\/pages\/73433\/revisions"}],"predecessor-version":[{"id":73463,"href":"https:\/\/www.accuratereviews.com\/it\/wp-json\/wp\/v2\/pages\/73433\/revisions\/73463"}],"up":[{"embeddable":true,"href":"https:\/\/www.accuratereviews.com\/it\/wp-json\/wp\/v2\/pages\/5386"}],"wp:featuredmedia":[{"embeddable":true,"href":"https:\/\/www.accuratereviews.com\/it\/wp-json\/wp\/v2\/media\/73434"}],"wp:attachment":[{"href":"https:\/\/www.accuratereviews.com\/it\/wp-json\/wp\/v2\/media?parent=73433"}],"wp:term":[{"taxonomy":"category","embeddable":true,"href":"https:\/\/www.accuratereviews.com\/it\/wp-json\/wp\/v2\/categories?post=73433"},{"taxonomy":"post_tag","embeddable":true,"href":"https:\/\/www.accuratereviews.com\/it\/wp-json\/wp\/v2\/tags?post=73433"},{"taxonomy":"features","embeddable":true,"href":"https:\/\/www.accuratereviews.com\/it\/wp-json\/wp\/v2\/features?post=73433"}],"curies":[{"name":"wp","href":"https:\/\/api.w.org\/{rel}","templated":true}]}}