{"id":73451,"date":"2023-12-19T16:45:35","date_gmt":"2023-12-19T16:45:35","guid":{"rendered":"https:\/\/www.accuratereviews.com\/?page_id=73451"},"modified":"2023-12-19T16:45:35","modified_gmt":"2023-12-19T16:45:35","slug":"chaty-recensione","status":"publish","type":"page","link":"https:\/\/www.accuratereviews.com\/it\/chat-i-migliori-im-lista\/chaty-recensione\/","title":{"rendered":"Chaty"},"content":{"rendered":"<p><strong>Chaty<\/strong> \u00e8 un <strong>software di messaggistica<\/strong> che aiuta le aziende a interagire con i clienti, sui loro canali preferiti tra cui WhatsApp, Facebook Messenger, Telegram, Viber, Skype, email, Instagram, WeChat, Snapchat, TikTok, Google Maps, Waze, Slack, Microsoft Teams, LinkedIn e altro ancora. Consente agli utenti di ottenere informazioni dettagliate sulle preferenze o le esigenze dei clienti e di favorire la fidelizzazione che aumenta le vendite, i lead e le conversioni aziendali.<br \/>\nGli utenti possono visualizzare un pulsante di chiamata o un modulo di contatto in cui cliccare per chattare permettendo di porre domande sui tuoi servizi e condividere le loro preoccupazioni o feedback sui prodotti. I team possono migliorare i tassi di soddisfazione e fidelizzazione monitorando canali di comunicazione con l&#8217;analisi. Inoltre gli utenti possono impostare trigger e regole di targeting per i widget di chat in base a pagine, date, orari, intenzioni di uscita o scorrimento della pagina specifici.<\/p>\n<h2>CHATY &#8211; TUTORIAL<\/h2>\n<div id=\"fluid-wrapper-counter-1\" class=\"g1-fluid-wrapper \" style=\"width:686px;\">\n<div style=\"padding-bottom:56.268221574344%;\"><iframe loading=\"lazy\" title=\"Chaty app - chat &amp; make friends - full app overview\" width=\"686\" height=\"386\" src=\"https:\/\/www.youtube.com\/embed\/exTWkyuRIBw?feature=oembed&amp;wmode=transparent&amp;autohide=1&amp;autoplay=0&amp;disablekb=0&amp;fs=1&amp;loop=0&amp;enablejsapi=1&amp;rel=0&amp;controls=2&amp;showinfo=0&amp;wmode=transparent&amp;autohide=2&amp;autoplay=0&amp;disablekb=0&amp;fs=1&amp;loop=0&amp;enablejsapi=1&amp;rel=0&amp;controls=2&amp;showinfo=1\" frameborder=\"0\" allow=\"accelerometer; autoplay; clipboard-write; encrypted-media; gyroscope; picture-in-picture; web-share\" allowfullscreen><\/iframe><\/div>\n<\/div>\n<h3>CHATY &#8211; CARATTERISTICHE<\/h3>\n<ul>\n<li><strong>Canali illimitati<\/strong>: renditi disponibile ai clienti su tutte le piattaforme in cui ti trovi. WhatsApp, Facebook Messenger, Telegram, Viber o qualsiasi collegamento personalizzato. \u00c8 qui per aiutarti a essere disponibile per i tuoi clienti.<\/li>\n<li><strong>Visualizzazione chat<\/strong>: scegli tra due layout popup di chat. Modifica il design del popup e inserisci tag di unione come URL e titolo nella casella popup. Utilizza l&#8217;analisi per personalizzare il widget in base alle interazioni dei visitatori.<\/li>\n<li><strong>Sincronizzazione dei lead<\/strong>: cattura lead con un modulo di contatto e salvali automaticamente nella soluzione o inviali via email per follow-up e distribuzione pi\u00f9 semplici degli sforzi di conversione dei lead.<\/li>\n<li><strong>Targeting avanzato<\/strong>: mostra il widget a sorgenti di traffico specifiche: traffico del sito web, social network, motori di ricerca, Google Ads o qualsiasi altra fonte di traffico. Crea widget per vari dispositivi, lingue e pagine. Scegli come target paesi specifici o determinate pagine.<\/li>\n<li><strong>Installa il software su qualsiasi piattaforma<\/strong>: connetti il programma alle popolari piattaforme di e-commerce migliorare il coinvolgimento, la soddisfazione del cliente.<\/li>\n<li><strong>Connetti oltre 20 piattaforme di chat e social<\/strong>: che si tratti di Facebook, WhatsApp, Telegram, Viber o qualsiasi social media o piattaforma di messaggistica, usa la piattaforma per renderti facilmente raggiungibile dai tuoi clienti.<\/li>\n<li><strong>Interfaccia utente straordinaria e personalizzabile<\/strong>: software completamente personalizzabile (puoi modificare i colori, il posizionamento dei pulsanti, l&#8217;icona personalizzata, i caratteri e altro) per assicurarti di poterlo progettare in base al tuo marchio e alle tue esigenze.<\/li>\n<li><strong>Messaggi preimpostati WhatsApp personalizzabili<\/strong>: puoi impostare messaggi preimpostati e utilizzare i tag e url per sapere da dove provengono i clienti in modo da poter creare un supporto personalizzato per il tuo pubblico<\/li>\n<li><strong>Monitoraggio delle metriche tramite Google Analytics<\/strong>: tieni traccia delle aperture dei canali, dei clic, delle sorgenti di traffico, della sorgente della pagina e altro ancora con Google Analytics.<\/li>\n<li><strong>Targeting per Paese e sorgente di traffico:<\/strong> personalizza il tuo widget in base al Paese o alla fonte (come la ricerca Google) da cui provengono i tuoi visitatori, consentendoti di creare trigger personalizzati per loro.<\/li>\n<li><strong>Migliorare la qualit\u00e0 del supporto<\/strong>: essendo prontamente disponibile nei canali in cui sono presenti i tuoi clienti, sarai in grado di migliorare la qualit\u00e0 del tuo supporto e soddisfare le esigenze velocemente.<\/li>\n<li><strong>Trigger e targeting<\/strong>: viene fornito con un&#8217;ampia gamma di trigger e funzionalit\u00e0 di targeting per ottimizzare il comportamento che ti aspetti dal plug-in, consentendoti di fornire il miglior supporto possibile.<\/li>\n<li><strong>Programmazione di date e giorni specifici<\/strong>: crea un targeting specializzato scegliendo in quale giorno e a quale ora del giorno desideri mostrare il tuo widget ai tuoi visitatori.<\/li>\n<\/ul>\n<h4>LE RECENSIONI DEGLI UTENTI<\/h4>\n<p><strong>Juan &#8220;Canale eccellente&#8221;<\/strong><br \/>\n<strong>Commenti<\/strong>: Adoro questa app<br \/>\n<strong>Pro<\/strong>: Mi piace perch\u00e9 \u00e8 facile da usare e da configurare, ha varie opzioni che si adattano a tutti i social network e ha funzionato in modo eccellente per la mia attivit\u00e0<br \/>\n<strong>Contro<\/strong>: La funzione chat su Instagram non funziona correttamente<\/p>\n<p><strong>Osbaldo &#8220;Perrona beauty ama Chaty&#8221;<\/strong><br \/>\n<strong>Pro<\/strong>: Essere in grado di fornire ai miei clienti la possibilit\u00e0 di contattarmi in pochi clic<br \/>\n<strong>Contro<\/strong>: Mi piace tutto di Chaty, l&#8217;opzione gratuita offre tantissimo!<\/p>\n<p><strong>Cherriana &#8220;Ottimo widget&#8221;<\/strong><br \/>\n<strong>Commenti<\/strong>: Ottimo widget che consiglio vivamente a una famiglia o a un amico di provarli<br \/>\n<strong>Pro<\/strong>: Ci\u00f2 che pi\u00f9 mi piace di Chaty \u00e8 che \u00e8 molto comodo per i miei clienti interagire con me se hanno bisogno di aiuto immediato con un ordine<br \/>\n<strong>Contro<\/strong>: Non c&#8217;\u00e8 niente di sbagliato non ho avuto problemi con loro<\/p>\n","protected":false},"excerpt":{"rendered":"<p>Chaty \u00e8 un software di messaggistica che aiuta le aziende a interagire con i clienti, sui loro canali preferiti tra cui WhatsApp, Facebook Messenger, Telegram, Viber, Skype, email, Instagram, WeChat, Snapchat, TikTok, Google Maps, Waze, Slack, Microsoft Teams, LinkedIn e altro ancora. Consente agli utenti di ottenere informazioni dettagliate sulle preferenze o le esigenze dei clienti e di favorire la fidelizzazione che aumenta le vendite, i lead e le conversioni aziendali.<\/p>\n","protected":false},"author":19,"featured_media":73454,"parent":5386,"menu_order":0,"comment_status":"open","ping_status":"closed","template":"g1_template_page_review_new.php","meta":{"_acf_changed":false,"cwp_meta_box_check":"Yes","cwp_rev_product_name":"","cwp_rev_product_image":"","wppr_links":[],"cwp_rev_price":"0.00","wppr_options":[{"name":"Usability","value":"0"},{"name":"Speed","value":"0"},{"name":"Features","value":"0"},{"name":"Support","value":"0"},{"name":"Pricing","value":"0"}],"wppr_pros":["","","","",""],"wppr_cons":["","","","",""],"_monsterinsights_skip_tracking":false,"_monsterinsights_sitenote_active":false,"_monsterinsights_sitenote_note":"","_monsterinsights_sitenote_category":0,"footnotes":""},"categories":[95],"tags":[1155,14825,1156,3567,14826,3569,3548],"features":[],"class_list":{"0":"post-73451","1":"page","2":"type-page","3":"status-publish","4":"has-post-thumbnail","6":"category-chat-im","7":"tag-chat","8":"tag-chaty","9":"tag-messaggistica","10":"tag-piattaforma-messaggistica","11":"tag-programma-messeggistica","12":"tag-software-messaggistica","13":"tag-soluzione-messaggistica"},"wppr_data":{"cwp_meta_box_check":"Yes","_wppr_review_template":"default","cwp_rev_product_image":"","cwp_image_link":"image","wppr_links":[],"cwp_rev_price":"0.00","wppr_pros":["","","","",""],"wppr_cons":["","","","",""],"wppr_rating":"0.00","wppr_options":{"1":{"name":"Usability","value":"0"},"2":{"name":"Speed","value":"0"},"3":{"name":"Features","value":"0"},"4":{"name":"Support","value":"0"},"5":{"name":"Pricing","value":"0"}},"wppr_review_type":"Product","wppr_review_custom_fields":{"additionalProperty":"","additionalType":"","aggregateRating":"","alternateName":"","audience":"","award":"","awards":"","brand":"","color":"","depth":"","description":"","disambiguatingDescription":"","gtin12":"","gtin13":"","gtin14":"","gtin8":"","height":"","identifier":"","image":"","isAccessoryOrSparePartFor":"","isConsumableFor":"","isRelatedTo":"","isSimilarTo":"","itemCondition":"","logo":"","mainEntityOfPage":"","manufacturer":"","material":"","model":"","mpn":"","name":"","offers":"","potentialAction":"","productID":"","productionDate":"","purchaseDate":"","releaseDate":"","review":"","reviews":"","sameAs":"","sku":"","slogan":"","subjectOf":"","url":"","weight":"","width":""}},"acf":[],"yoast_head":"<!-- This site is optimized with the Yoast SEO plugin v27.4 - https:\/\/yoast.com\/product\/yoast-seo-wordpress\/ -->\n<title>Chaty: recensione software messaggistica - Accurate Reviews<\/title>\n<meta name=\"description\" content=\"Chaty: recensione software di messaggistica che aiuta le aziende a interagire con i clienti sui loro canali preferiti.\" \/>\n<meta name=\"robots\" content=\"index, follow, max-snippet:-1, max-image-preview:large, max-video-preview:-1\" \/>\n<link rel=\"canonical\" href=\"https:\/\/www.accuratereviews.com\/it\/chat-i-migliori-im-lista\/chaty-recensione\/\" \/>\n<meta property=\"og:locale\" content=\"it_IT\" \/>\n<meta property=\"og:type\" content=\"article\" \/>\n<meta property=\"og:title\" content=\"Chaty: recensione software messaggistica - Accurate Reviews\" \/>\n<meta property=\"og:description\" content=\"Chaty: recensione software di messaggistica che aiuta le aziende a interagire con i clienti sui loro canali preferiti.\" \/>\n<meta property=\"og:url\" content=\"https:\/\/www.accuratereviews.com\/it\/chat-i-migliori-im-lista\/chaty-recensione\/\" \/>\n<meta property=\"og:site_name\" content=\"Accurate Reviews\" \/>\n<meta property=\"og:image\" content=\"https:\/\/www.accuratereviews.com\/wp-content\/uploads\/2023\/12\/Chaty.png\" \/>\n\t<meta property=\"og:image:width\" content=\"687\" \/>\n\t<meta property=\"og:image:height\" content=\"284\" \/>\n\t<meta property=\"og:image:type\" content=\"image\/png\" \/>\n<meta name=\"twitter:card\" content=\"summary_large_image\" \/>\n<meta name=\"twitter:label1\" content=\"Tempo di lettura stimato\" \/>\n\t<meta name=\"twitter:data1\" content=\"4 minuti\" \/>\n<script type=\"application\/ld+json\" class=\"yoast-schema-graph\">{\"@context\":\"https:\\\/\\\/schema.org\",\"@graph\":[{\"@type\":\"WebPage\",\"@id\":\"https:\\\/\\\/www.accuratereviews.com\\\/it\\\/chat-i-migliori-im-lista\\\/chaty-recensione\\\/\",\"url\":\"https:\\\/\\\/www.accuratereviews.com\\\/it\\\/chat-i-migliori-im-lista\\\/chaty-recensione\\\/\",\"name\":\"Chaty: recensione software messaggistica - Accurate Reviews\",\"isPartOf\":{\"@id\":\"https:\\\/\\\/www.accuratereviews.com\\\/it\\\/#website\"},\"primaryImageOfPage\":{\"@id\":\"https:\\\/\\\/www.accuratereviews.com\\\/it\\\/chat-i-migliori-im-lista\\\/chaty-recensione\\\/#primaryimage\"},\"image\":{\"@id\":\"https:\\\/\\\/www.accuratereviews.com\\\/it\\\/chat-i-migliori-im-lista\\\/chaty-recensione\\\/#primaryimage\"},\"thumbnailUrl\":\"https:\\\/\\\/www.accuratereviews.com\\\/wp-content\\\/uploads\\\/2023\\\/12\\\/Chaty.png\",\"datePublished\":\"2023-12-19T16:45:35+00:00\",\"description\":\"Chaty: recensione software di messaggistica che aiuta le aziende a interagire con i clienti sui loro canali preferiti.\",\"breadcrumb\":{\"@id\":\"https:\\\/\\\/www.accuratereviews.com\\\/it\\\/chat-i-migliori-im-lista\\\/chaty-recensione\\\/#breadcrumb\"},\"inLanguage\":\"it-IT\",\"potentialAction\":[{\"@type\":\"ReadAction\",\"target\":[\"https:\\\/\\\/www.accuratereviews.com\\\/it\\\/chat-i-migliori-im-lista\\\/chaty-recensione\\\/\"]}]},{\"@type\":\"ImageObject\",\"inLanguage\":\"it-IT\",\"@id\":\"https:\\\/\\\/www.accuratereviews.com\\\/it\\\/chat-i-migliori-im-lista\\\/chaty-recensione\\\/#primaryimage\",\"url\":\"https:\\\/\\\/www.accuratereviews.com\\\/wp-content\\\/uploads\\\/2023\\\/12\\\/Chaty.png\",\"contentUrl\":\"https:\\\/\\\/www.accuratereviews.com\\\/wp-content\\\/uploads\\\/2023\\\/12\\\/Chaty.png\",\"width\":687,\"height\":284},{\"@type\":\"BreadcrumbList\",\"@id\":\"https:\\\/\\\/www.accuratereviews.com\\\/it\\\/chat-i-migliori-im-lista\\\/chaty-recensione\\\/#breadcrumb\",\"itemListElement\":[{\"@type\":\"ListItem\",\"position\":1,\"name\":\"Home\",\"item\":\"https:\\\/\\\/www.accuratereviews.com\\\/it\\\/\"},{\"@type\":\"ListItem\",\"position\":2,\"name\":\"Chat: I migliori IM\",\"item\":\"https:\\\/\\\/www.accuratereviews.com\\\/it\\\/chat-i-migliori-im-lista\\\/\"},{\"@type\":\"ListItem\",\"position\":3,\"name\":\"Chaty\"}]},{\"@type\":\"WebSite\",\"@id\":\"https:\\\/\\\/www.accuratereviews.com\\\/it\\\/#website\",\"url\":\"https:\\\/\\\/www.accuratereviews.com\\\/it\\\/\",\"name\":\"Accurate Reviews\",\"description\":\"\",\"potentialAction\":[{\"@type\":\"SearchAction\",\"target\":{\"@type\":\"EntryPoint\",\"urlTemplate\":\"https:\\\/\\\/www.accuratereviews.com\\\/it\\\/?s={search_term_string}\"},\"query-input\":{\"@type\":\"PropertyValueSpecification\",\"valueRequired\":true,\"valueName\":\"search_term_string\"}}],\"inLanguage\":\"it-IT\"}]}<\/script>\n<!-- \/ Yoast SEO plugin. -->","yoast_head_json":{"title":"Chaty: recensione software messaggistica - Accurate Reviews","description":"Chaty: recensione software di messaggistica che aiuta le aziende a interagire con i clienti sui loro canali preferiti.","robots":{"index":"index","follow":"follow","max-snippet":"max-snippet:-1","max-image-preview":"max-image-preview:large","max-video-preview":"max-video-preview:-1"},"canonical":"https:\/\/www.accuratereviews.com\/it\/chat-i-migliori-im-lista\/chaty-recensione\/","og_locale":"it_IT","og_type":"article","og_title":"Chaty: recensione software messaggistica - Accurate Reviews","og_description":"Chaty: recensione software di messaggistica che aiuta le aziende a interagire con i clienti sui loro canali preferiti.","og_url":"https:\/\/www.accuratereviews.com\/it\/chat-i-migliori-im-lista\/chaty-recensione\/","og_site_name":"Accurate Reviews","og_image":[{"width":687,"height":284,"url":"https:\/\/www.accuratereviews.com\/wp-content\/uploads\/2023\/12\/Chaty.png","type":"image\/png"}],"twitter_card":"summary_large_image","twitter_misc":{"Tempo di lettura stimato":"4 minuti"},"schema":{"@context":"https:\/\/schema.org","@graph":[{"@type":"WebPage","@id":"https:\/\/www.accuratereviews.com\/it\/chat-i-migliori-im-lista\/chaty-recensione\/","url":"https:\/\/www.accuratereviews.com\/it\/chat-i-migliori-im-lista\/chaty-recensione\/","name":"Chaty: recensione software messaggistica - Accurate Reviews","isPartOf":{"@id":"https:\/\/www.accuratereviews.com\/it\/#website"},"primaryImageOfPage":{"@id":"https:\/\/www.accuratereviews.com\/it\/chat-i-migliori-im-lista\/chaty-recensione\/#primaryimage"},"image":{"@id":"https:\/\/www.accuratereviews.com\/it\/chat-i-migliori-im-lista\/chaty-recensione\/#primaryimage"},"thumbnailUrl":"https:\/\/www.accuratereviews.com\/wp-content\/uploads\/2023\/12\/Chaty.png","datePublished":"2023-12-19T16:45:35+00:00","description":"Chaty: recensione software di messaggistica che aiuta le aziende a interagire con i clienti sui loro canali preferiti.","breadcrumb":{"@id":"https:\/\/www.accuratereviews.com\/it\/chat-i-migliori-im-lista\/chaty-recensione\/#breadcrumb"},"inLanguage":"it-IT","potentialAction":[{"@type":"ReadAction","target":["https:\/\/www.accuratereviews.com\/it\/chat-i-migliori-im-lista\/chaty-recensione\/"]}]},{"@type":"ImageObject","inLanguage":"it-IT","@id":"https:\/\/www.accuratereviews.com\/it\/chat-i-migliori-im-lista\/chaty-recensione\/#primaryimage","url":"https:\/\/www.accuratereviews.com\/wp-content\/uploads\/2023\/12\/Chaty.png","contentUrl":"https:\/\/www.accuratereviews.com\/wp-content\/uploads\/2023\/12\/Chaty.png","width":687,"height":284},{"@type":"BreadcrumbList","@id":"https:\/\/www.accuratereviews.com\/it\/chat-i-migliori-im-lista\/chaty-recensione\/#breadcrumb","itemListElement":[{"@type":"ListItem","position":1,"name":"Home","item":"https:\/\/www.accuratereviews.com\/it\/"},{"@type":"ListItem","position":2,"name":"Chat: I migliori IM","item":"https:\/\/www.accuratereviews.com\/it\/chat-i-migliori-im-lista\/"},{"@type":"ListItem","position":3,"name":"Chaty"}]},{"@type":"WebSite","@id":"https:\/\/www.accuratereviews.com\/it\/#website","url":"https:\/\/www.accuratereviews.com\/it\/","name":"Accurate Reviews","description":"","potentialAction":[{"@type":"SearchAction","target":{"@type":"EntryPoint","urlTemplate":"https:\/\/www.accuratereviews.com\/it\/?s={search_term_string}"},"query-input":{"@type":"PropertyValueSpecification","valueRequired":true,"valueName":"search_term_string"}}],"inLanguage":"it-IT"}]}},"_links":{"self":[{"href":"https:\/\/www.accuratereviews.com\/it\/wp-json\/wp\/v2\/pages\/73451","targetHints":{"allow":["GET"]}}],"collection":[{"href":"https:\/\/www.accuratereviews.com\/it\/wp-json\/wp\/v2\/pages"}],"about":[{"href":"https:\/\/www.accuratereviews.com\/it\/wp-json\/wp\/v2\/types\/page"}],"author":[{"embeddable":true,"href":"https:\/\/www.accuratereviews.com\/it\/wp-json\/wp\/v2\/users\/19"}],"replies":[{"embeddable":true,"href":"https:\/\/www.accuratereviews.com\/it\/wp-json\/wp\/v2\/comments?post=73451"}],"version-history":[{"count":10,"href":"https:\/\/www.accuratereviews.com\/it\/wp-json\/wp\/v2\/pages\/73451\/revisions"}],"predecessor-version":[{"id":73467,"href":"https:\/\/www.accuratereviews.com\/it\/wp-json\/wp\/v2\/pages\/73451\/revisions\/73467"}],"up":[{"embeddable":true,"href":"https:\/\/www.accuratereviews.com\/it\/wp-json\/wp\/v2\/pages\/5386"}],"wp:featuredmedia":[{"embeddable":true,"href":"https:\/\/www.accuratereviews.com\/it\/wp-json\/wp\/v2\/media\/73454"}],"wp:attachment":[{"href":"https:\/\/www.accuratereviews.com\/it\/wp-json\/wp\/v2\/media?parent=73451"}],"wp:term":[{"taxonomy":"category","embeddable":true,"href":"https:\/\/www.accuratereviews.com\/it\/wp-json\/wp\/v2\/categories?post=73451"},{"taxonomy":"post_tag","embeddable":true,"href":"https:\/\/www.accuratereviews.com\/it\/wp-json\/wp\/v2\/tags?post=73451"},{"taxonomy":"features","embeddable":true,"href":"https:\/\/www.accuratereviews.com\/it\/wp-json\/wp\/v2\/features?post=73451"}],"curies":[{"name":"wp","href":"https:\/\/api.w.org\/{rel}","templated":true}]}}