{"id":73538,"date":"2023-12-27T15:45:13","date_gmt":"2023-12-27T15:45:13","guid":{"rendered":"https:\/\/www.accuratereviews.com\/?page_id=73538"},"modified":"2023-12-27T16:26:16","modified_gmt":"2023-12-27T16:26:16","slug":"demandforce-recensione","status":"publish","type":"page","link":"https:\/\/www.accuratereviews.com\/it\/chat-i-migliori-im-lista\/demandforce-recensione\/","title":{"rendered":"Demandforce"},"content":{"rendered":"<p><strong>Demandforce<\/strong> \u00e8 la <strong>soluzione all-in-one<\/strong> per la crescita degli studi, creata per attirare nuovi pazienti e farli tornare con strumenti come promemoria automatici degli appuntamenti, messaggi di testo bidirezionali, campagne email mirate e altro ancora. Con questo programma, ottieni strumenti completamente integrati che ti consentono di automatizzare una serie di attivit\u00e0 quotidiane, aumentare l&#8217;efficienza e garantire che il tuo ufficio funzioni senza intoppi.<br \/>\nI pazienti di oggi si fidano delle recensioni online tanto quanto di una raccomandazione personale. Con le funzionalit\u00e0 di gestione della reputazione, puoi proteggere la reputazione online del tuo studio e aumentare le tue recensioni sui siti pi\u00f9 conosciuti.<\/p>\n<h2>DEMANDFORCE &#8211; TUTORIAL<\/h2>\n<div id=\"fluid-wrapper-counter-1\" class=\"g1-fluid-wrapper \" style=\"width:686px;\">\n<div style=\"padding-bottom:56.268221574344%;\"><iframe loading=\"lazy\" title=\"Demandforce in 60 Seconds\" width=\"686\" height=\"386\" src=\"https:\/\/www.youtube.com\/embed\/7eU_j5sInkg?feature=oembed&amp;wmode=transparent&amp;autohide=1&amp;autoplay=0&amp;disablekb=0&amp;fs=1&amp;loop=0&amp;enablejsapi=1&amp;rel=0&amp;controls=2&amp;showinfo=0&amp;wmode=transparent&amp;autohide=2&amp;autoplay=0&amp;disablekb=0&amp;fs=1&amp;loop=0&amp;enablejsapi=1&amp;rel=0&amp;controls=2&amp;showinfo=1\" frameborder=\"0\" allow=\"accelerometer; autoplay; clipboard-write; encrypted-media; gyroscope; picture-in-picture; web-share\" allowfullscreen><\/iframe><\/div>\n<\/div>\n<h3>DEMANDFORCE &#8211; CARATTERISTICHE<\/h3>\n<ul>\n<li><strong>Attira i pazienti<\/strong>: guida pi\u00f9 appuntamenti con prenotazione online, email marketing, e siti web ottimizzati per dispositivi mobili.<\/li>\n<li><strong>Prenotazione online<\/strong>: genera appuntamento richieste sul Web e riempi il tuo calendario 24 ore su 24, 7 giorni su 7.<\/li>\n<li><strong>Marketing via email<\/strong>: promuovi la tua attivit\u00e0 utilizzando il generatore di campagne email e modelli completamente personalizzabili.<\/li>\n<li><strong>Gestisci gli appuntamenti<\/strong>: riduci le mancate presentazioni e riempi l&#8217;ultimo minuto, cancellazioni con notifiche automatiche inviato tramite sms, email e voce.<\/li>\n<li><strong>Promemoria appuntamenti<\/strong>: risparmia tempo prezioso inviando appuntamento automatizzato promemoria e conferme.<\/li>\n<li><strong>Testo bidirezionale<\/strong>: invia aggiornamenti rapidi con pazienti che utilizzano il testo bidirezionale.<\/li>\n<li><strong>Forza della domanda in diretta<\/strong>: ricevi avvisi desktop istantanei di nuove richieste di appuntamento, conferme e sms bidirezionali.<\/li>\n<li><strong>Check-in mobile<\/strong>: limitare la capienza delle sale d&#8217;attesa con appuntamento mobile processo di check-in.<\/li>\n<li><strong>Lista calda degli appuntamenti:<\/strong> visualizza e compila rapidamente l&#8217;ultimo minuto cancellazioni di appuntamenti da una dashboard intuitiva.<\/li>\n<li><strong>Studio per la campagna email<\/strong>: invia offerte mirate utilizzando il servizio professionale-modelli di email progettati o creane di tuoi.<\/li>\n<li><strong>Testo in blocco<\/strong>: raggiungi pi\u00f9 pazienti e aumenta il coinvolgimento con campagne di messaggi di testo in blocco.<\/li>\n<li><strong>Cartoline<\/strong>: coinvolgi pi\u00f9 pazienti con soluzioni personalizzate cartoline di posta diretta progettate.<\/li>\n<li><strong>Gestione della reputazione<\/strong>: acquisisci e pubblica recensioni senza problemi i siti pi\u00f9 importanti per la tua attivit\u00e0.<\/li>\n<li><strong>Aumentare la produttivit\u00e0<\/strong>: aumenta la produttivit\u00e0 con strumenti progettati per rendere il tuo front office efficiente.<\/li>\n<li><strong>Applicazione mobile<\/strong>: gestisci la tua attivit\u00e0 in movimento con accesso immediato a<br \/>\nle tue informazioni pi\u00f9 preziose.<\/li>\n<li><strong>Portale pazienti<\/strong>: consentire ai pazienti di accedere alla salute documenti, prenotare appuntamenti e raggiungere i loro fornitori in un unico posto.<\/li>\n<\/ul>\n<h4>LE RECENSIONI DEGLI UTENTI<\/h4>\n<p><strong>Kimberly &#8220;Un ottimo strumento per rimanere in contatto con i tuoi pazienti.&#8221;<\/strong><br \/>\n<strong>Commenti<\/strong>: Fantastico, uno strumento fantastico per qualsiasi ufficio.<br \/>\n<strong>Pro<\/strong>: Soprattutto durante il Covid riusciamo a comunicare quotidianamente con i nostri pazienti. Possono inviarci un messaggio se non si sentono bene e possiamo rispondere al pi\u00f9 presto.<br \/>\n<strong>Contro<\/strong>: Non riesco a pensare a niente che non mi piaccia in questo momento.<\/p>\n<p><strong>Nina &#8220;Assolutamente favoloso&#8221;<\/strong><br \/>\n<strong>Pro<\/strong>: Adoro la conferma degli appuntamenti, i pazienti fanno affidamento su di essa ogni volta.<br \/>\n<strong>Contro<\/strong>: A volte l&#8217;accuratezza del sito web e la gestione delle modifiche possono richiedere molto tempo. Vorrei pi\u00f9 opzioni di stock di carte<\/p>\n<p><strong>Jill &#8220;Ottimo software di comunicazione per i clienti&#8221;<\/strong><br \/>\n<strong>Commenti<\/strong>: Abbiamo risparmiato tempo con Demandforce.<br \/>\n<strong>Pro<\/strong>: Questo software \u00e8 facile da usare e implementare per il personale perch\u00e9 \u00e8 facile da usare. Adoro il sistema di promemoria per gli appuntamenti con i clienti e la possibilit\u00e0 di inviargli messaggi.<br \/>\n<strong>Contro<\/strong>: Raramente c&#8217;\u00e8 stato un cliente che ha dichiarato di non aver ricevuto il promemoria.<\/p>\n","protected":false},"excerpt":{"rendered":"<p>Demandforce \u00e8 la soluzione all-in-one per la crescita degli studi, creata per attirare nuovi pazienti e farli tornare con strumenti come promemoria automatici degli appuntamenti, messaggi di testo bidirezionali, campagne email mirate e altro ancora. Con questo programma, ottieni strumenti completamente integrati che ti consentono di automatizzare una serie di attivit\u00e0 quotidiane, aumentare l&#8217;efficienza e garantire che il tuo ufficio funzioni senza intoppi.<\/p>\n","protected":false},"author":19,"featured_media":73540,"parent":5386,"menu_order":0,"comment_status":"open","ping_status":"closed","template":"g1_template_page_review_new.php","meta":{"_acf_changed":false,"cwp_meta_box_check":"Yes","cwp_rev_product_name":"","cwp_rev_product_image":"","wppr_links":[],"cwp_rev_price":"0.00","wppr_options":[{"name":"Usability","value":"0"},{"name":"Speed","value":"0"},{"name":"Features","value":"0"},{"name":"Support","value":"0"},{"name":"Pricing","value":"0"}],"wppr_pros":["","","","",""],"wppr_cons":["","","","",""],"_monsterinsights_skip_tracking":false,"_monsterinsights_sitenote_active":false,"_monsterinsights_sitenote_note":"","_monsterinsights_sitenote_category":0,"footnotes":""},"categories":[95],"tags":[14834,1156,3567,3566,3569,3548],"features":[],"class_list":{"0":"post-73538","1":"page","2":"type-page","3":"status-publish","4":"has-post-thumbnail","6":"category-chat-im","7":"tag-demandforce","8":"tag-messaggistica","9":"tag-piattaforma-messaggistica","10":"tag-programma-messaggistica","11":"tag-software-messaggistica","12":"tag-soluzione-messaggistica"},"wppr_data":{"cwp_meta_box_check":"Yes","_wppr_review_template":"default","cwp_rev_product_image":"","cwp_image_link":"image","wppr_links":[],"cwp_rev_price":"0.00","wppr_pros":["","","","",""],"wppr_cons":["","","","",""],"wppr_rating":"0.00","wppr_options":{"1":{"name":"Usability","value":"0"},"2":{"name":"Speed","value":"0"},"3":{"name":"Features","value":"0"},"4":{"name":"Support","value":"0"},"5":{"name":"Pricing","value":"0"}},"wppr_review_type":"Product","wppr_review_custom_fields":{"additionalProperty":"","additionalType":"","aggregateRating":"","alternateName":"","audience":"","award":"","awards":"","brand":"","color":"","depth":"","description":"","disambiguatingDescription":"","gtin12":"","gtin13":"","gtin14":"","gtin8":"","height":"","identifier":"","image":"","isAccessoryOrSparePartFor":"","isConsumableFor":"","isRelatedTo":"","isSimilarTo":"","itemCondition":"","logo":"","mainEntityOfPage":"","manufacturer":"","material":"","model":"","mpn":"","name":"","offers":"","potentialAction":"","productID":"","productionDate":"","purchaseDate":"","releaseDate":"","review":"","reviews":"","sameAs":"","sku":"","slogan":"","subjectOf":"","url":"","weight":"","width":""}},"acf":[],"yoast_head":"<!-- This site is optimized with the Yoast SEO plugin v27.4 - https:\/\/yoast.com\/product\/yoast-seo-wordpress\/ -->\n<title>Demandforce: recensione software messaggistica - Accurate Reviews<\/title>\n<meta name=\"description\" content=\"Demandforce: recensione soluzione all-in-one per la crescita degli studi, creata per attirare nuovi pazienti e mantenere quelli attuali.\" \/>\n<meta name=\"robots\" content=\"index, follow, max-snippet:-1, max-image-preview:large, max-video-preview:-1\" \/>\n<link rel=\"canonical\" href=\"https:\/\/www.accuratereviews.com\/it\/chat-i-migliori-im-lista\/demandforce-recensione\/\" \/>\n<meta property=\"og:locale\" content=\"it_IT\" \/>\n<meta property=\"og:type\" content=\"article\" \/>\n<meta property=\"og:title\" content=\"Demandforce: recensione software messaggistica - Accurate Reviews\" \/>\n<meta property=\"og:description\" content=\"Demandforce: recensione soluzione all-in-one per la crescita degli studi, creata per attirare nuovi pazienti e mantenere quelli attuali.\" \/>\n<meta property=\"og:url\" content=\"https:\/\/www.accuratereviews.com\/it\/chat-i-migliori-im-lista\/demandforce-recensione\/\" \/>\n<meta property=\"og:site_name\" content=\"Accurate Reviews\" \/>\n<meta property=\"article:modified_time\" content=\"2023-12-27T16:26:16+00:00\" \/>\n<meta property=\"og:image\" content=\"https:\/\/www.accuratereviews.com\/wp-content\/uploads\/2023\/12\/Demandforce_Logo_Logo.jpg\" \/>\n\t<meta property=\"og:image:width\" content=\"1424\" \/>\n\t<meta property=\"og:image:height\" content=\"746\" \/>\n\t<meta property=\"og:image:type\" content=\"image\/jpeg\" \/>\n<meta name=\"twitter:card\" content=\"summary_large_image\" \/>\n<meta name=\"twitter:label1\" content=\"Tempo di lettura stimato\" \/>\n\t<meta name=\"twitter:data1\" content=\"3 minuti\" \/>\n<script type=\"application\/ld+json\" class=\"yoast-schema-graph\">{\"@context\":\"https:\\\/\\\/schema.org\",\"@graph\":[{\"@type\":\"WebPage\",\"@id\":\"https:\\\/\\\/www.accuratereviews.com\\\/it\\\/chat-i-migliori-im-lista\\\/demandforce-recensione\\\/\",\"url\":\"https:\\\/\\\/www.accuratereviews.com\\\/it\\\/chat-i-migliori-im-lista\\\/demandforce-recensione\\\/\",\"name\":\"Demandforce: recensione software messaggistica - Accurate Reviews\",\"isPartOf\":{\"@id\":\"https:\\\/\\\/www.accuratereviews.com\\\/it\\\/#website\"},\"primaryImageOfPage\":{\"@id\":\"https:\\\/\\\/www.accuratereviews.com\\\/it\\\/chat-i-migliori-im-lista\\\/demandforce-recensione\\\/#primaryimage\"},\"image\":{\"@id\":\"https:\\\/\\\/www.accuratereviews.com\\\/it\\\/chat-i-migliori-im-lista\\\/demandforce-recensione\\\/#primaryimage\"},\"thumbnailUrl\":\"https:\\\/\\\/www.accuratereviews.com\\\/wp-content\\\/uploads\\\/2023\\\/12\\\/Demandforce_Logo_Logo.jpg\",\"datePublished\":\"2023-12-27T15:45:13+00:00\",\"dateModified\":\"2023-12-27T16:26:16+00:00\",\"description\":\"Demandforce: recensione soluzione all-in-one per la crescita degli studi, creata per attirare nuovi pazienti e mantenere quelli attuali.\",\"breadcrumb\":{\"@id\":\"https:\\\/\\\/www.accuratereviews.com\\\/it\\\/chat-i-migliori-im-lista\\\/demandforce-recensione\\\/#breadcrumb\"},\"inLanguage\":\"it-IT\",\"potentialAction\":[{\"@type\":\"ReadAction\",\"target\":[\"https:\\\/\\\/www.accuratereviews.com\\\/it\\\/chat-i-migliori-im-lista\\\/demandforce-recensione\\\/\"]}]},{\"@type\":\"ImageObject\",\"inLanguage\":\"it-IT\",\"@id\":\"https:\\\/\\\/www.accuratereviews.com\\\/it\\\/chat-i-migliori-im-lista\\\/demandforce-recensione\\\/#primaryimage\",\"url\":\"https:\\\/\\\/www.accuratereviews.com\\\/wp-content\\\/uploads\\\/2023\\\/12\\\/Demandforce_Logo_Logo.jpg\",\"contentUrl\":\"https:\\\/\\\/www.accuratereviews.com\\\/wp-content\\\/uploads\\\/2023\\\/12\\\/Demandforce_Logo_Logo.jpg\",\"width\":1424,\"height\":746,\"caption\":\"Demandforce logo\"},{\"@type\":\"BreadcrumbList\",\"@id\":\"https:\\\/\\\/www.accuratereviews.com\\\/it\\\/chat-i-migliori-im-lista\\\/demandforce-recensione\\\/#breadcrumb\",\"itemListElement\":[{\"@type\":\"ListItem\",\"position\":1,\"name\":\"Home\",\"item\":\"https:\\\/\\\/www.accuratereviews.com\\\/it\\\/\"},{\"@type\":\"ListItem\",\"position\":2,\"name\":\"Chat: I migliori IM\",\"item\":\"https:\\\/\\\/www.accuratereviews.com\\\/it\\\/chat-i-migliori-im-lista\\\/\"},{\"@type\":\"ListItem\",\"position\":3,\"name\":\"Demandforce\"}]},{\"@type\":\"WebSite\",\"@id\":\"https:\\\/\\\/www.accuratereviews.com\\\/it\\\/#website\",\"url\":\"https:\\\/\\\/www.accuratereviews.com\\\/it\\\/\",\"name\":\"Accurate Reviews\",\"description\":\"\",\"potentialAction\":[{\"@type\":\"SearchAction\",\"target\":{\"@type\":\"EntryPoint\",\"urlTemplate\":\"https:\\\/\\\/www.accuratereviews.com\\\/it\\\/?s={search_term_string}\"},\"query-input\":{\"@type\":\"PropertyValueSpecification\",\"valueRequired\":true,\"valueName\":\"search_term_string\"}}],\"inLanguage\":\"it-IT\"}]}<\/script>\n<!-- \/ Yoast SEO plugin. -->","yoast_head_json":{"title":"Demandforce: recensione software messaggistica - Accurate Reviews","description":"Demandforce: recensione soluzione all-in-one per la crescita degli studi, creata per attirare nuovi pazienti e mantenere quelli attuali.","robots":{"index":"index","follow":"follow","max-snippet":"max-snippet:-1","max-image-preview":"max-image-preview:large","max-video-preview":"max-video-preview:-1"},"canonical":"https:\/\/www.accuratereviews.com\/it\/chat-i-migliori-im-lista\/demandforce-recensione\/","og_locale":"it_IT","og_type":"article","og_title":"Demandforce: recensione software messaggistica - Accurate Reviews","og_description":"Demandforce: recensione soluzione all-in-one per la crescita degli studi, creata per attirare nuovi pazienti e mantenere quelli attuali.","og_url":"https:\/\/www.accuratereviews.com\/it\/chat-i-migliori-im-lista\/demandforce-recensione\/","og_site_name":"Accurate Reviews","article_modified_time":"2023-12-27T16:26:16+00:00","og_image":[{"width":1424,"height":746,"url":"https:\/\/www.accuratereviews.com\/wp-content\/uploads\/2023\/12\/Demandforce_Logo_Logo.jpg","type":"image\/jpeg"}],"twitter_card":"summary_large_image","twitter_misc":{"Tempo di lettura stimato":"3 minuti"},"schema":{"@context":"https:\/\/schema.org","@graph":[{"@type":"WebPage","@id":"https:\/\/www.accuratereviews.com\/it\/chat-i-migliori-im-lista\/demandforce-recensione\/","url":"https:\/\/www.accuratereviews.com\/it\/chat-i-migliori-im-lista\/demandforce-recensione\/","name":"Demandforce: recensione software messaggistica - Accurate Reviews","isPartOf":{"@id":"https:\/\/www.accuratereviews.com\/it\/#website"},"primaryImageOfPage":{"@id":"https:\/\/www.accuratereviews.com\/it\/chat-i-migliori-im-lista\/demandforce-recensione\/#primaryimage"},"image":{"@id":"https:\/\/www.accuratereviews.com\/it\/chat-i-migliori-im-lista\/demandforce-recensione\/#primaryimage"},"thumbnailUrl":"https:\/\/www.accuratereviews.com\/wp-content\/uploads\/2023\/12\/Demandforce_Logo_Logo.jpg","datePublished":"2023-12-27T15:45:13+00:00","dateModified":"2023-12-27T16:26:16+00:00","description":"Demandforce: recensione soluzione all-in-one per la crescita degli studi, creata per attirare nuovi pazienti e mantenere quelli attuali.","breadcrumb":{"@id":"https:\/\/www.accuratereviews.com\/it\/chat-i-migliori-im-lista\/demandforce-recensione\/#breadcrumb"},"inLanguage":"it-IT","potentialAction":[{"@type":"ReadAction","target":["https:\/\/www.accuratereviews.com\/it\/chat-i-migliori-im-lista\/demandforce-recensione\/"]}]},{"@type":"ImageObject","inLanguage":"it-IT","@id":"https:\/\/www.accuratereviews.com\/it\/chat-i-migliori-im-lista\/demandforce-recensione\/#primaryimage","url":"https:\/\/www.accuratereviews.com\/wp-content\/uploads\/2023\/12\/Demandforce_Logo_Logo.jpg","contentUrl":"https:\/\/www.accuratereviews.com\/wp-content\/uploads\/2023\/12\/Demandforce_Logo_Logo.jpg","width":1424,"height":746,"caption":"Demandforce logo"},{"@type":"BreadcrumbList","@id":"https:\/\/www.accuratereviews.com\/it\/chat-i-migliori-im-lista\/demandforce-recensione\/#breadcrumb","itemListElement":[{"@type":"ListItem","position":1,"name":"Home","item":"https:\/\/www.accuratereviews.com\/it\/"},{"@type":"ListItem","position":2,"name":"Chat: I migliori IM","item":"https:\/\/www.accuratereviews.com\/it\/chat-i-migliori-im-lista\/"},{"@type":"ListItem","position":3,"name":"Demandforce"}]},{"@type":"WebSite","@id":"https:\/\/www.accuratereviews.com\/it\/#website","url":"https:\/\/www.accuratereviews.com\/it\/","name":"Accurate Reviews","description":"","potentialAction":[{"@type":"SearchAction","target":{"@type":"EntryPoint","urlTemplate":"https:\/\/www.accuratereviews.com\/it\/?s={search_term_string}"},"query-input":{"@type":"PropertyValueSpecification","valueRequired":true,"valueName":"search_term_string"}}],"inLanguage":"it-IT"}]}},"_links":{"self":[{"href":"https:\/\/www.accuratereviews.com\/it\/wp-json\/wp\/v2\/pages\/73538","targetHints":{"allow":["GET"]}}],"collection":[{"href":"https:\/\/www.accuratereviews.com\/it\/wp-json\/wp\/v2\/pages"}],"about":[{"href":"https:\/\/www.accuratereviews.com\/it\/wp-json\/wp\/v2\/types\/page"}],"author":[{"embeddable":true,"href":"https:\/\/www.accuratereviews.com\/it\/wp-json\/wp\/v2\/users\/19"}],"replies":[{"embeddable":true,"href":"https:\/\/www.accuratereviews.com\/it\/wp-json\/wp\/v2\/comments?post=73538"}],"version-history":[{"count":8,"href":"https:\/\/www.accuratereviews.com\/it\/wp-json\/wp\/v2\/pages\/73538\/revisions"}],"predecessor-version":[{"id":73554,"href":"https:\/\/www.accuratereviews.com\/it\/wp-json\/wp\/v2\/pages\/73538\/revisions\/73554"}],"up":[{"embeddable":true,"href":"https:\/\/www.accuratereviews.com\/it\/wp-json\/wp\/v2\/pages\/5386"}],"wp:featuredmedia":[{"embeddable":true,"href":"https:\/\/www.accuratereviews.com\/it\/wp-json\/wp\/v2\/media\/73540"}],"wp:attachment":[{"href":"https:\/\/www.accuratereviews.com\/it\/wp-json\/wp\/v2\/media?parent=73538"}],"wp:term":[{"taxonomy":"category","embeddable":true,"href":"https:\/\/www.accuratereviews.com\/it\/wp-json\/wp\/v2\/categories?post=73538"},{"taxonomy":"post_tag","embeddable":true,"href":"https:\/\/www.accuratereviews.com\/it\/wp-json\/wp\/v2\/tags?post=73538"},{"taxonomy":"features","embeddable":true,"href":"https:\/\/www.accuratereviews.com\/it\/wp-json\/wp\/v2\/features?post=73538"}],"curies":[{"name":"wp","href":"https:\/\/api.w.org\/{rel}","templated":true}]}}