{"id":73625,"date":"2024-01-02T16:18:54","date_gmt":"2024-01-02T16:18:54","guid":{"rendered":"https:\/\/www.accuratereviews.com\/?page_id=73625"},"modified":"2024-01-03T11:14:27","modified_gmt":"2024-01-03T11:14:27","slug":"preferred-patron-loyalty-recensione","status":"publish","type":"page","link":"https:\/\/www.accuratereviews.com\/it\/chat-i-migliori-im-lista\/preferred-patron-loyalty-recensione\/","title":{"rendered":"Preferred Patron Loyalty"},"content":{"rendered":"<p><strong>Preferred Patron Loyalty <\/strong>acquisisce tutti i dati necessari sui clienti, inclusi dati demografici, comportamenti di acquisto e comunicazioni con i clienti per contribuire a creare regole aziendali incentrate sulla fidelizzazione. Uno strumento di gestione del marketing integrato gestisce e coordina le email di offerte attivate da eventi in tempo reale. Le aziende possono fornire contenuti dinamici ai clienti in tempo reale, su richiesta o pianificati in base ai dati dei singoli clienti e alle regole di fidelizzazione.<br \/>\n<strong>Preferred Patron Loyalty <\/strong>offre vari programmi basati su incentivi come apprezzamento, coupon, riconoscimento, segnalazione, rimborso in contanti e altro ancora.<\/p>\n<h2>PREFERRED PATRON LOYALTY &#8211; TUTORIAL<\/h2>\n<div id=\"fluid-wrapper-counter-1\" class=\"g1-fluid-wrapper \" style=\"width:686px;\">\n<div style=\"padding-bottom:56.268221574344%;\"><iframe loading=\"lazy\" title=\"Preferred Patron Tablet Edition\" width=\"686\" height=\"386\" src=\"https:\/\/www.youtube.com\/embed\/UHgJIswCYAQ?feature=oembed&amp;wmode=transparent&amp;autohide=1&amp;autoplay=0&amp;disablekb=0&amp;fs=1&amp;loop=0&amp;enablejsapi=1&amp;rel=0&amp;controls=2&amp;showinfo=0&amp;wmode=transparent&amp;autohide=2&amp;autoplay=0&amp;disablekb=0&amp;fs=1&amp;loop=0&amp;enablejsapi=1&amp;rel=0&amp;controls=2&amp;showinfo=1\" frameborder=\"0\" allow=\"accelerometer; autoplay; clipboard-write; encrypted-media; gyroscope; picture-in-picture; web-share\" allowfullscreen><\/iframe><\/div>\n<\/div>\n<h3>PREFERRED PATRON LOYALTY &#8211; CARATTERISTICHE<\/h3>\n<ul>\n<li>Promemoria mobile | Campagna di promemoria via sms per dispositivi mobili<\/li>\n<li>Leggi subito i messaggi vocali invece che quelli persi!<\/li>\n<li>Ottimo per appuntamenti e promemoria di eventi<\/li>\n<li>Riduci al minimo gli appuntamenti mancati<\/li>\n<li>Scrivimi RICORDAMI per vedere i promemoria!<\/li>\n<li>Lotteria mobile<\/li>\n<li>Email con doppio consenso esplicito<\/li>\n<li>Incluso nel tuo abbonamento<\/li>\n<li>Progettista di posta elettronica WYSIWYG<\/li>\n<li>Ottieni il massimo coinvolgimento<\/li>\n<li>Certificato di posta fideiussoria<\/li>\n<li>Ottieni una migliore consegna della posta in arrivo<\/li>\n<li>Esplosioni illimitate su richiesta e ricorrenti<\/li>\n<li>Conforme CASL, GDPR e CCPA<\/li>\n<li>Consegna mirata con regole e segmentazione<\/li>\n<li>Contenuti specifici della promozione forniti<\/li>\n<li>Libreria completa di modelli HTML<\/li>\n<li>Controllo integrato del punteggio spam<\/li>\n<li>Email con doppio consenso esplicito<\/li>\n<li>Integrazione perfetta con il monitoraggio<\/li>\n<li>Costruisci la tua lista email velocemente<\/li>\n<li>Invia esplosioni su richiesta e ricorrenti<\/li>\n<li>Conforme CAN-SPAM USA<\/li>\n<li>Consegna mirata con regole e segmentazione<\/li>\n<li>Contenuti specifici della promozione forniti<\/li>\n<li>Libreria completa di modelli HTML<\/li>\n<li>Controllo integrato del punteggio spam<\/li>\n<li>Recensioni sui social media<\/li>\n<li>Includere pulsanti di revisione nel portale Web dei membri<\/li>\n<li>Incoraggiare la consapevolezza senza sollecitazione<\/li>\n<li>Campagne sui social media<\/li>\n<li>Condivisione social di promozioni e offerte<\/li>\n<li>Includi collegamenti di recensione nell&#8217;e-mail<\/li>\n<li>Assegna punti per Mi piace su Facebook, Tweet e Follow<\/li>\n<li>Consenti post dal tuo portale web<\/li>\n<li>Certificato di ricompensa per posta diretta<\/li>\n<li>Converti i punti in voucher<\/li>\n<li>Alto tasso di coinvolgimento<\/li>\n<li>Riduci al minimo l&#8217;esposizione dei tuoi punti<\/li>\n<li>Include la verifica dell&#8217;indirizzo<\/li>\n<li>Solo un minimo di 200 pezzi per tiratura<\/li>\n<\/ul>\n<h4>LE RECENSIONI DEGLI UTENTI<\/h4>\n<p><strong>Tammy &#8220;Recensione PPL&#8221;<\/strong><br \/>\n<strong>Commenti<\/strong>: Riteniamo che il programma PPL abbia contribuito a costruire la nostra attivit\u00e0 nel giro di pochi anni, consentendoci di poter andare in pensione ed \u00e8 per questo che stiamo chiudendo l&#8217;app.<br \/>\n<strong>Pro<\/strong>: La facilit\u00e0 d&#8217;uso per il management e per i nostri clienti \u00e8 davvero ci\u00f2 che distingue PPL. Anche il servizio clienti \u00e8 eccellente.<br \/>\n<strong>Contro<\/strong>: Il tablet sono stati l&#8217;unico problema che abbiamo riscontrato, ma il servizio clienti \u00e8 stato molto rapido nel fornircene di nuovi al pi\u00f9 presto.<\/p>\n<p><strong>Rafael &#8220;Un&#8217;esperienza grandiosa&#8221;<\/strong><br \/>\n<strong>Commenti<\/strong>: Siamo un fornitore di soluzioni per punti vendita focalizzato nello spazio dei ristoranti a servizio rapido. Ci \u00e8 voluto un po&#8217; di tempo per trovare e filtrare i partner target per le nostre esigenze di implementazione del sistema. Finalmente abbiamo trovato e scelto come nostro partner la piattaforma Preferred Patron Loyalty e Gift Card. Abbiamo completato tempestivamente numerose integrazioni API complete e complesse con la nostra piattaforma POS, l&#8217;applicazione mobile, il modulo di ordinazione online e il sito Web dei membri. Durante il processo, abbiamo riscontrato che la loro API era ben documentata, facile da usare e affidabile per la nostra integrazione. Il supporto che riceviamo da loro \u00e8 sempre stato eccellente e tempestivo. Ci hanno dimostrato che si impegnano ad aiutarci ad avere successo e ora abbiamo un vero partner su cui possiamo fare affidamento e trasmettere questa estensione della carta fedelt\u00e0 e regalo ai nostri clienti.<br \/>\n<strong>Pro<\/strong>: &#8211; Livello molto elevato di comunicazione e supporto da parte di tutti i team di Preferred Patron. &#8211; Sono disposti a scalare le montagne per aiutare a risolvere i problemi. &#8211; Preferred Patron l&#8217;ha resa una vera esperienza da partner fin dall&#8217;inizio.<br \/>\n<strong>Contro<\/strong>: nessuno finora e voglio rimanere cos\u00ec.<\/p>\n<p><strong>Sydnei &#8220;Ottimo prodotto, ottimo servizio&#8221;<\/strong><br \/>\n<strong>Commenti<\/strong>: Fin dall&#8217;inizio, non ho sperimentato altro che professionalit\u00e0 e rispetto da parte di ogni persona che ho incontrato in PPL. Mi hanno aiutato a determinare i prodotti giusti per me e mi hanno fatto impostare rapidamente. Da allora tutto \u00e8 andato liscio!<br \/>\n<strong>Pro<\/strong>: Ha tutto ci\u00f2 di cui ho bisogno per monitorare i miei clienti nella mia piccola impresa. Mi consente di inviare loro messaggi di testo ed e-mail di marketing. Inoltre, ho programmato un marketing testuale automatizzato per invitarli a tornare quando i miei clienti non vengono da un po&#8217;.<br \/>\n<strong>Contro<\/strong>: A volte pu\u00f2 essere difficile determinare dove cercare determinate funzionalit\u00e0. Quando ci\u00f2 accade, mi rivolgo semplicemente al nostro rappresentante, che mi assiste rapidamente.<\/p>\n","protected":false},"excerpt":{"rendered":"<p>Preferred Patron Loyalty\u00a0acquisisce tutti i dati necessari sui clienti, inclusi dati demografici, comportamenti di acquisto e comunicazioni con i clienti per contribuire a creare regole aziendali incentrate sulla fidelizzazione. Uno strumento di gestione del marketing integrato gestisce e coordina le email di offerte attivate da eventi in tempo reale.<\/p>\n","protected":false},"author":19,"featured_media":73627,"parent":5386,"menu_order":0,"comment_status":"open","ping_status":"closed","template":"g1_template_page_review_new.php","meta":{"_acf_changed":false,"cwp_meta_box_check":"Yes","cwp_rev_product_name":"","cwp_rev_product_image":"","wppr_links":[],"cwp_rev_price":"0.00","wppr_options":[{"name":"Usability","value":"0"},{"name":"Speed","value":"0"},{"name":"Features","value":"0"},{"name":"Support","value":"0"},{"name":"Pricing","value":"0"}],"wppr_pros":["","","","",""],"wppr_cons":["","","","",""],"_monsterinsights_skip_tracking":false,"_monsterinsights_sitenote_active":false,"_monsterinsights_sitenote_note":"","_monsterinsights_sitenote_category":0,"footnotes":""},"categories":[95],"tags":[14846,1156,3567,14845,3566,3569,3548],"features":[],"class_list":{"0":"post-73625","1":"page","2":"type-page","3":"status-publish","4":"has-post-thumbnail","6":"category-chat-im","7":"tag-app-messaggistica","8":"tag-messaggistica","9":"tag-piattaforma-messaggistica","10":"tag-preferred-patron-loyalty","11":"tag-programma-messaggistica","12":"tag-software-messaggistica","13":"tag-soluzione-messaggistica"},"wppr_data":{"cwp_meta_box_check":"Yes","_wppr_review_template":"default","cwp_rev_product_image":"","cwp_image_link":"image","wppr_links":[],"cwp_rev_price":"0.00","wppr_pros":["","","","",""],"wppr_cons":["","","","",""],"wppr_rating":"0.00","wppr_options":{"1":{"name":"Usability","value":"0"},"2":{"name":"Speed","value":"0"},"3":{"name":"Features","value":"0"},"4":{"name":"Support","value":"0"},"5":{"name":"Pricing","value":"0"}},"wppr_review_type":"Product","wppr_review_custom_fields":{"additionalProperty":"","additionalType":"","aggregateRating":"","alternateName":"","audience":"","award":"","awards":"","brand":"","color":"","depth":"","description":"","disambiguatingDescription":"","gtin12":"","gtin13":"","gtin14":"","gtin8":"","height":"","identifier":"","image":"","isAccessoryOrSparePartFor":"","isConsumableFor":"","isRelatedTo":"","isSimilarTo":"","itemCondition":"","logo":"","mainEntityOfPage":"","manufacturer":"","material":"","model":"","mpn":"","name":"","offers":"","potentialAction":"","productID":"","productionDate":"","purchaseDate":"","releaseDate":"","review":"","reviews":"","sameAs":"","sku":"","slogan":"","subjectOf":"","url":"","weight":"","width":""}},"acf":[],"yoast_head":"<!-- This site is optimized with the Yoast SEO plugin v27.4 - https:\/\/yoast.com\/product\/yoast-seo-wordpress\/ -->\n<title>Preferred Patron Loyalty: recensione software messaggistica - Accurate Reviews<\/title>\n<meta name=\"description\" content=\"Preferred Patron Loyalty: recensione software di messaggistica che include compatibilit\u00e0 tra dispositivi, servizi di marketing e dati.\" \/>\n<meta name=\"robots\" content=\"index, follow, max-snippet:-1, max-image-preview:large, max-video-preview:-1\" \/>\n<link rel=\"canonical\" href=\"https:\/\/www.accuratereviews.com\/it\/chat-i-migliori-im-lista\/preferred-patron-loyalty-recensione\/\" \/>\n<meta property=\"og:locale\" content=\"it_IT\" \/>\n<meta property=\"og:type\" content=\"article\" \/>\n<meta property=\"og:title\" content=\"Preferred Patron Loyalty: recensione software messaggistica - Accurate Reviews\" \/>\n<meta property=\"og:description\" content=\"Preferred Patron Loyalty: recensione software di messaggistica che include compatibilit\u00e0 tra dispositivi, servizi di marketing e dati.\" \/>\n<meta property=\"og:url\" content=\"https:\/\/www.accuratereviews.com\/it\/chat-i-migliori-im-lista\/preferred-patron-loyalty-recensione\/\" \/>\n<meta property=\"og:site_name\" content=\"Accurate Reviews\" \/>\n<meta property=\"article:modified_time\" content=\"2024-01-03T11:14:27+00:00\" \/>\n<meta property=\"og:image\" content=\"https:\/\/www.accuratereviews.com\/wp-content\/uploads\/2024\/01\/Preferred-Patron-Loyalty.webp\" \/>\n\t<meta property=\"og:image:width\" content=\"240\" \/>\n\t<meta property=\"og:image:height\" content=\"240\" \/>\n\t<meta property=\"og:image:type\" content=\"image\/webp\" \/>\n<meta name=\"twitter:card\" content=\"summary_large_image\" \/>\n<meta name=\"twitter:label1\" content=\"Tempo di lettura stimato\" \/>\n\t<meta name=\"twitter:data1\" content=\"4 minuti\" \/>\n<script type=\"application\/ld+json\" class=\"yoast-schema-graph\">{\"@context\":\"https:\\\/\\\/schema.org\",\"@graph\":[{\"@type\":\"WebPage\",\"@id\":\"https:\\\/\\\/www.accuratereviews.com\\\/it\\\/chat-i-migliori-im-lista\\\/preferred-patron-loyalty-recensione\\\/\",\"url\":\"https:\\\/\\\/www.accuratereviews.com\\\/it\\\/chat-i-migliori-im-lista\\\/preferred-patron-loyalty-recensione\\\/\",\"name\":\"Preferred Patron Loyalty: recensione software messaggistica - Accurate Reviews\",\"isPartOf\":{\"@id\":\"https:\\\/\\\/www.accuratereviews.com\\\/it\\\/#website\"},\"primaryImageOfPage\":{\"@id\":\"https:\\\/\\\/www.accuratereviews.com\\\/it\\\/chat-i-migliori-im-lista\\\/preferred-patron-loyalty-recensione\\\/#primaryimage\"},\"image\":{\"@id\":\"https:\\\/\\\/www.accuratereviews.com\\\/it\\\/chat-i-migliori-im-lista\\\/preferred-patron-loyalty-recensione\\\/#primaryimage\"},\"thumbnailUrl\":\"https:\\\/\\\/www.accuratereviews.com\\\/wp-content\\\/uploads\\\/2024\\\/01\\\/Preferred-Patron-Loyalty.webp\",\"datePublished\":\"2024-01-02T16:18:54+00:00\",\"dateModified\":\"2024-01-03T11:14:27+00:00\",\"description\":\"Preferred Patron Loyalty: recensione software di messaggistica che include compatibilit\u00e0 tra dispositivi, servizi di marketing e dati.\",\"breadcrumb\":{\"@id\":\"https:\\\/\\\/www.accuratereviews.com\\\/it\\\/chat-i-migliori-im-lista\\\/preferred-patron-loyalty-recensione\\\/#breadcrumb\"},\"inLanguage\":\"it-IT\",\"potentialAction\":[{\"@type\":\"ReadAction\",\"target\":[\"https:\\\/\\\/www.accuratereviews.com\\\/it\\\/chat-i-migliori-im-lista\\\/preferred-patron-loyalty-recensione\\\/\"]}]},{\"@type\":\"ImageObject\",\"inLanguage\":\"it-IT\",\"@id\":\"https:\\\/\\\/www.accuratereviews.com\\\/it\\\/chat-i-migliori-im-lista\\\/preferred-patron-loyalty-recensione\\\/#primaryimage\",\"url\":\"https:\\\/\\\/www.accuratereviews.com\\\/wp-content\\\/uploads\\\/2024\\\/01\\\/Preferred-Patron-Loyalty.webp\",\"contentUrl\":\"https:\\\/\\\/www.accuratereviews.com\\\/wp-content\\\/uploads\\\/2024\\\/01\\\/Preferred-Patron-Loyalty.webp\",\"width\":240,\"height\":240},{\"@type\":\"BreadcrumbList\",\"@id\":\"https:\\\/\\\/www.accuratereviews.com\\\/it\\\/chat-i-migliori-im-lista\\\/preferred-patron-loyalty-recensione\\\/#breadcrumb\",\"itemListElement\":[{\"@type\":\"ListItem\",\"position\":1,\"name\":\"Home\",\"item\":\"https:\\\/\\\/www.accuratereviews.com\\\/it\\\/\"},{\"@type\":\"ListItem\",\"position\":2,\"name\":\"Chat: I migliori IM\",\"item\":\"https:\\\/\\\/www.accuratereviews.com\\\/it\\\/chat-i-migliori-im-lista\\\/\"},{\"@type\":\"ListItem\",\"position\":3,\"name\":\"Preferred Patron Loyalty\"}]},{\"@type\":\"WebSite\",\"@id\":\"https:\\\/\\\/www.accuratereviews.com\\\/it\\\/#website\",\"url\":\"https:\\\/\\\/www.accuratereviews.com\\\/it\\\/\",\"name\":\"Accurate Reviews\",\"description\":\"\",\"potentialAction\":[{\"@type\":\"SearchAction\",\"target\":{\"@type\":\"EntryPoint\",\"urlTemplate\":\"https:\\\/\\\/www.accuratereviews.com\\\/it\\\/?s={search_term_string}\"},\"query-input\":{\"@type\":\"PropertyValueSpecification\",\"valueRequired\":true,\"valueName\":\"search_term_string\"}}],\"inLanguage\":\"it-IT\"}]}<\/script>\n<!-- \/ Yoast SEO plugin. -->","yoast_head_json":{"title":"Preferred Patron Loyalty: recensione software messaggistica - Accurate Reviews","description":"Preferred Patron Loyalty: recensione software di messaggistica che include compatibilit\u00e0 tra dispositivi, servizi di marketing e dati.","robots":{"index":"index","follow":"follow","max-snippet":"max-snippet:-1","max-image-preview":"max-image-preview:large","max-video-preview":"max-video-preview:-1"},"canonical":"https:\/\/www.accuratereviews.com\/it\/chat-i-migliori-im-lista\/preferred-patron-loyalty-recensione\/","og_locale":"it_IT","og_type":"article","og_title":"Preferred Patron Loyalty: recensione software messaggistica - Accurate Reviews","og_description":"Preferred Patron Loyalty: recensione software di messaggistica che include compatibilit\u00e0 tra dispositivi, servizi di marketing e dati.","og_url":"https:\/\/www.accuratereviews.com\/it\/chat-i-migliori-im-lista\/preferred-patron-loyalty-recensione\/","og_site_name":"Accurate Reviews","article_modified_time":"2024-01-03T11:14:27+00:00","og_image":[{"width":240,"height":240,"url":"https:\/\/www.accuratereviews.com\/wp-content\/uploads\/2024\/01\/Preferred-Patron-Loyalty.webp","type":"image\/webp"}],"twitter_card":"summary_large_image","twitter_misc":{"Tempo di lettura stimato":"4 minuti"},"schema":{"@context":"https:\/\/schema.org","@graph":[{"@type":"WebPage","@id":"https:\/\/www.accuratereviews.com\/it\/chat-i-migliori-im-lista\/preferred-patron-loyalty-recensione\/","url":"https:\/\/www.accuratereviews.com\/it\/chat-i-migliori-im-lista\/preferred-patron-loyalty-recensione\/","name":"Preferred Patron Loyalty: recensione software messaggistica - Accurate Reviews","isPartOf":{"@id":"https:\/\/www.accuratereviews.com\/it\/#website"},"primaryImageOfPage":{"@id":"https:\/\/www.accuratereviews.com\/it\/chat-i-migliori-im-lista\/preferred-patron-loyalty-recensione\/#primaryimage"},"image":{"@id":"https:\/\/www.accuratereviews.com\/it\/chat-i-migliori-im-lista\/preferred-patron-loyalty-recensione\/#primaryimage"},"thumbnailUrl":"https:\/\/www.accuratereviews.com\/wp-content\/uploads\/2024\/01\/Preferred-Patron-Loyalty.webp","datePublished":"2024-01-02T16:18:54+00:00","dateModified":"2024-01-03T11:14:27+00:00","description":"Preferred Patron Loyalty: recensione software di messaggistica che include compatibilit\u00e0 tra dispositivi, servizi di marketing e dati.","breadcrumb":{"@id":"https:\/\/www.accuratereviews.com\/it\/chat-i-migliori-im-lista\/preferred-patron-loyalty-recensione\/#breadcrumb"},"inLanguage":"it-IT","potentialAction":[{"@type":"ReadAction","target":["https:\/\/www.accuratereviews.com\/it\/chat-i-migliori-im-lista\/preferred-patron-loyalty-recensione\/"]}]},{"@type":"ImageObject","inLanguage":"it-IT","@id":"https:\/\/www.accuratereviews.com\/it\/chat-i-migliori-im-lista\/preferred-patron-loyalty-recensione\/#primaryimage","url":"https:\/\/www.accuratereviews.com\/wp-content\/uploads\/2024\/01\/Preferred-Patron-Loyalty.webp","contentUrl":"https:\/\/www.accuratereviews.com\/wp-content\/uploads\/2024\/01\/Preferred-Patron-Loyalty.webp","width":240,"height":240},{"@type":"BreadcrumbList","@id":"https:\/\/www.accuratereviews.com\/it\/chat-i-migliori-im-lista\/preferred-patron-loyalty-recensione\/#breadcrumb","itemListElement":[{"@type":"ListItem","position":1,"name":"Home","item":"https:\/\/www.accuratereviews.com\/it\/"},{"@type":"ListItem","position":2,"name":"Chat: I migliori IM","item":"https:\/\/www.accuratereviews.com\/it\/chat-i-migliori-im-lista\/"},{"@type":"ListItem","position":3,"name":"Preferred Patron Loyalty"}]},{"@type":"WebSite","@id":"https:\/\/www.accuratereviews.com\/it\/#website","url":"https:\/\/www.accuratereviews.com\/it\/","name":"Accurate Reviews","description":"","potentialAction":[{"@type":"SearchAction","target":{"@type":"EntryPoint","urlTemplate":"https:\/\/www.accuratereviews.com\/it\/?s={search_term_string}"},"query-input":{"@type":"PropertyValueSpecification","valueRequired":true,"valueName":"search_term_string"}}],"inLanguage":"it-IT"}]}},"_links":{"self":[{"href":"https:\/\/www.accuratereviews.com\/it\/wp-json\/wp\/v2\/pages\/73625","targetHints":{"allow":["GET"]}}],"collection":[{"href":"https:\/\/www.accuratereviews.com\/it\/wp-json\/wp\/v2\/pages"}],"about":[{"href":"https:\/\/www.accuratereviews.com\/it\/wp-json\/wp\/v2\/types\/page"}],"author":[{"embeddable":true,"href":"https:\/\/www.accuratereviews.com\/it\/wp-json\/wp\/v2\/users\/19"}],"replies":[{"embeddable":true,"href":"https:\/\/www.accuratereviews.com\/it\/wp-json\/wp\/v2\/comments?post=73625"}],"version-history":[{"count":11,"href":"https:\/\/www.accuratereviews.com\/it\/wp-json\/wp\/v2\/pages\/73625\/revisions"}],"predecessor-version":[{"id":73655,"href":"https:\/\/www.accuratereviews.com\/it\/wp-json\/wp\/v2\/pages\/73625\/revisions\/73655"}],"up":[{"embeddable":true,"href":"https:\/\/www.accuratereviews.com\/it\/wp-json\/wp\/v2\/pages\/5386"}],"wp:featuredmedia":[{"embeddable":true,"href":"https:\/\/www.accuratereviews.com\/it\/wp-json\/wp\/v2\/media\/73627"}],"wp:attachment":[{"href":"https:\/\/www.accuratereviews.com\/it\/wp-json\/wp\/v2\/media?parent=73625"}],"wp:term":[{"taxonomy":"category","embeddable":true,"href":"https:\/\/www.accuratereviews.com\/it\/wp-json\/wp\/v2\/categories?post=73625"},{"taxonomy":"post_tag","embeddable":true,"href":"https:\/\/www.accuratereviews.com\/it\/wp-json\/wp\/v2\/tags?post=73625"},{"taxonomy":"features","embeddable":true,"href":"https:\/\/www.accuratereviews.com\/it\/wp-json\/wp\/v2\/features?post=73625"}],"curies":[{"name":"wp","href":"https:\/\/api.w.org\/{rel}","templated":true}]}}