{"id":7363,"date":"2017-01-13T14:06:21","date_gmt":"2017-01-13T14:06:21","guid":{"rendered":"http:\/\/www.accuratereviews.com\/?page_id=7363\/"},"modified":"2017-01-13T14:57:23","modified_gmt":"2017-01-13T14:57:23","slug":"kickofflabs","status":"publish","type":"page","link":"https:\/\/www.accuratereviews.com\/it\/landing-page-lista-software\/kickofflabs\/","title":{"rendered":"KickoffLabs"},"content":{"rendered":"<p><a href=\"http:\/\/www.accuratereviews.com\/wp-content\/uploads\/2016\/07\/Campaign___Prova___KickoffLabs.jpg\"><img loading=\"lazy\" decoding=\"async\" class=\"aligncenter size-large wp-image-5074\" src=\"http:\/\/www.accuratereviews.com\/wp-content\/uploads\/2016\/07\/Campaign___Prova___KickoffLabs-1024x512.jpg\" alt=\"KickoffLabs\" width=\"686\" height=\"343\" srcset=\"https:\/\/www.accuratereviews.com\/wp-content\/uploads\/2016\/07\/Campaign___Prova___KickoffLabs-1024x512.jpg 1024w, https:\/\/www.accuratereviews.com\/wp-content\/uploads\/2016\/07\/Campaign___Prova___KickoffLabs-300x150.jpg 300w, https:\/\/www.accuratereviews.com\/wp-content\/uploads\/2016\/07\/Campaign___Prova___KickoffLabs-768x384.jpg 768w, https:\/\/www.accuratereviews.com\/wp-content\/uploads\/2016\/07\/Campaign___Prova___KickoffLabs-250x125.jpg 250w, https:\/\/www.accuratereviews.com\/wp-content\/uploads\/2016\/07\/Campaign___Prova___KickoffLabs-50x25.jpg 50w, https:\/\/www.accuratereviews.com\/wp-content\/uploads\/2016\/07\/Campaign___Prova___KickoffLabs-968x484.jpg 968w, https:\/\/www.accuratereviews.com\/wp-content\/uploads\/2016\/07\/Campaign___Prova___KickoffLabs-636x318.jpg 636w, https:\/\/www.accuratereviews.com\/wp-content\/uploads\/2016\/07\/Campaign___Prova___KickoffLabs-320x160.jpg 320w, https:\/\/www.accuratereviews.com\/wp-content\/uploads\/2016\/07\/Campaign___Prova___KickoffLabs-239x119.jpg 239w\" sizes=\"auto, (max-width: 686px) 100vw, 686px\" \/><\/a><\/p>\n<p><strong>KickoffLabs offre un servizio per la creazione di landing page alla portata di ogni utente<\/strong>. Include infatti 60 template pronti gi\u00e0 ottimizzati per ottenere il maggior numero di conversioni: perfetti per pagine di vendita, sondaggi, lanci di prodotti, coming soon, registrazioni a webinar, promozioni, concorsi, giveaway e profili social. Il tutto <strong>si integra con una soluzione di email marketing<\/strong>, creando il sistema perfetto per la raccolta di nuovi clienti.<\/p>\n<p>L\u2019editor \u00e8 del tipo WYSIWYG (ovvero \u201cwhat you see is what you get\u201d, che in italiano possiamo tradurre come \u201cottieni esattamente ci\u00f2 che vedi\u201d), <strong>offre una discreta flessibilit\u00e0<\/strong>, \u00e8 semplice da utilizzare e offre un\u2019anteprima in tempo reale della landing page sulla quale stiamo lavorando. \u00c8 possibile personalizzare testi, colori, immagini, formattazioni ed inserire video in ogni template.<\/p>\n<p><strong>KickoffLabs \u00e8 una buona soluzione per dare maggior forza alla propria\u00a0presenza online<\/strong>, si rivolge ad un ampio pubblico ed \u00e8 alla portata di utilizzatori inesperti. Ricco di funzionalit\u00e0, <strong>KickoffLabs propone il miglior rapporto qualit\u00e0\/prezzo sul mercato<\/strong>. Se siete interessati ad una recensione di KickoffLabs pi\u00f9 dettagliata <a href=\"https:\/\/www.accuratereviews.com\/landing-pages-software-reviews-list\/kickofflabs\/\" title=\"vi invitiamo a leggere il nostro approfondimento in inglese\">vi invitiamo a leggere il nostro approfondimento in inglese<\/a>.<\/p>\n","protected":false},"excerpt":{"rendered":"<p>KickoffLabs offre un servizio per la creazione di landing page alla portata di ogni utente. Include infatti 60 template pronti gi\u00e0 ottimizzati per ottenere il maggior numero di conversioni: perfetti per pagine di vendita, sondaggi, lanci di prodotti, coming soon, registrazioni a webinar, promozioni, concorsi, giveaway e profili social.<\/p>\n","protected":false},"author":16,"featured_media":0,"parent":7132,"menu_order":12,"comment_status":"open","ping_status":"closed","template":"g1_template_page_review_new.php","meta":{"_acf_changed":false,"cwp_meta_box_check":"Yes","cwp_rev_product_name":"","cwp_rev_product_image":"","wppr_links":[],"cwp_rev_price":"","wppr_options":[],"wppr_pros":[],"wppr_cons":[],"_monsterinsights_skip_tracking":false,"_monsterinsights_sitenote_active":false,"_monsterinsights_sitenote_note":"","_monsterinsights_sitenote_category":0,"footnotes":""},"categories":[162],"tags":[],"features":[],"class_list":{"0":"post-7363","1":"page","2":"type-page","3":"status-publish","5":"category-landing-page-it"},"wppr_data":{"cwp_meta_box_check":"Yes","cwp_rev_product_name":"","cwp_rev_product_image":"","cwp_image_link":"image","cwp_rev_price":"","wppr_rating":"0.00"},"acf":[],"yoast_head":"<!-- This site is optimized with the Yoast SEO plugin v27.4 - https:\/\/yoast.com\/product\/yoast-seo-wordpress\/ -->\n<title>KickoffLabs recensione creatore di landing page | Accurate Reviews<\/title>\n<meta name=\"description\" content=\"KickoffLabs offre un servizio per la creazione di landing page alla portata di ogni utente. Include 60 template pronti gi\u00e0 ottimizzati.\" \/>\n<meta name=\"robots\" content=\"index, follow, max-snippet:-1, max-image-preview:large, max-video-preview:-1\" \/>\n<link rel=\"canonical\" href=\"https:\/\/www.accuratereviews.com\/it\/landing-page-lista-software\/kickofflabs\/\" \/>\n<meta property=\"og:locale\" content=\"it_IT\" \/>\n<meta property=\"og:type\" content=\"article\" \/>\n<meta property=\"og:title\" content=\"KickoffLabs recensione creatore di landing page | Accurate Reviews\" \/>\n<meta property=\"og:description\" content=\"KickoffLabs offre un servizio per la creazione di landing page alla portata di ogni utente. Include 60 template pronti gi\u00e0 ottimizzati.\" \/>\n<meta property=\"og:url\" content=\"https:\/\/www.accuratereviews.com\/it\/landing-page-lista-software\/kickofflabs\/\" \/>\n<meta property=\"og:site_name\" content=\"Accurate Reviews\" \/>\n<meta property=\"article:modified_time\" content=\"2017-01-13T14:57:23+00:00\" \/>\n<meta property=\"og:image\" content=\"http:\/\/www.accuratereviews.com\/wp-content\/uploads\/2016\/07\/Campaign___Prova___KickoffLabs-1024x512.jpg\" \/>\n<meta name=\"twitter:card\" content=\"summary_large_image\" \/>\n<meta name=\"twitter:label1\" content=\"Tempo di lettura stimato\" \/>\n\t<meta name=\"twitter:data1\" content=\"1 minuto\" \/>\n<script type=\"application\/ld+json\" class=\"yoast-schema-graph\">{\"@context\":\"https:\\\/\\\/schema.org\",\"@graph\":[{\"@type\":\"WebPage\",\"@id\":\"https:\\\/\\\/www.accuratereviews.com\\\/it\\\/landing-page-lista-software\\\/kickofflabs\\\/\",\"url\":\"https:\\\/\\\/www.accuratereviews.com\\\/it\\\/landing-page-lista-software\\\/kickofflabs\\\/\",\"name\":\"KickoffLabs recensione creatore di landing page | Accurate Reviews\",\"isPartOf\":{\"@id\":\"https:\\\/\\\/www.accuratereviews.com\\\/it\\\/#website\"},\"primaryImageOfPage\":{\"@id\":\"https:\\\/\\\/www.accuratereviews.com\\\/it\\\/landing-page-lista-software\\\/kickofflabs\\\/#primaryimage\"},\"image\":{\"@id\":\"https:\\\/\\\/www.accuratereviews.com\\\/it\\\/landing-page-lista-software\\\/kickofflabs\\\/#primaryimage\"},\"thumbnailUrl\":\"http:\\\/\\\/www.accuratereviews.com\\\/wp-content\\\/uploads\\\/2016\\\/07\\\/Campaign___Prova___KickoffLabs-1024x512.jpg\",\"datePublished\":\"2017-01-13T14:06:21+00:00\",\"dateModified\":\"2017-01-13T14:57:23+00:00\",\"description\":\"KickoffLabs offre un servizio per la creazione di landing page alla portata di ogni utente. Include 60 template pronti gi\u00e0 ottimizzati.\",\"breadcrumb\":{\"@id\":\"https:\\\/\\\/www.accuratereviews.com\\\/it\\\/landing-page-lista-software\\\/kickofflabs\\\/#breadcrumb\"},\"inLanguage\":\"it-IT\",\"potentialAction\":[{\"@type\":\"ReadAction\",\"target\":[\"https:\\\/\\\/www.accuratereviews.com\\\/it\\\/landing-page-lista-software\\\/kickofflabs\\\/\"]}]},{\"@type\":\"ImageObject\",\"inLanguage\":\"it-IT\",\"@id\":\"https:\\\/\\\/www.accuratereviews.com\\\/it\\\/landing-page-lista-software\\\/kickofflabs\\\/#primaryimage\",\"url\":\"http:\\\/\\\/www.accuratereviews.com\\\/wp-content\\\/uploads\\\/2016\\\/07\\\/Campaign___Prova___KickoffLabs-1024x512.jpg\",\"contentUrl\":\"http:\\\/\\\/www.accuratereviews.com\\\/wp-content\\\/uploads\\\/2016\\\/07\\\/Campaign___Prova___KickoffLabs-1024x512.jpg\"},{\"@type\":\"BreadcrumbList\",\"@id\":\"https:\\\/\\\/www.accuratereviews.com\\\/it\\\/landing-page-lista-software\\\/kickofflabs\\\/#breadcrumb\",\"itemListElement\":[{\"@type\":\"ListItem\",\"position\":1,\"name\":\"Home\",\"item\":\"https:\\\/\\\/www.accuratereviews.com\\\/it\\\/\"},{\"@type\":\"ListItem\",\"position\":2,\"name\":\"Landing Page\",\"item\":\"https:\\\/\\\/www.accuratereviews.com\\\/it\\\/landing-page-lista-software\\\/\"},{\"@type\":\"ListItem\",\"position\":3,\"name\":\"KickoffLabs\"}]},{\"@type\":\"WebSite\",\"@id\":\"https:\\\/\\\/www.accuratereviews.com\\\/it\\\/#website\",\"url\":\"https:\\\/\\\/www.accuratereviews.com\\\/it\\\/\",\"name\":\"Accurate Reviews\",\"description\":\"\",\"potentialAction\":[{\"@type\":\"SearchAction\",\"target\":{\"@type\":\"EntryPoint\",\"urlTemplate\":\"https:\\\/\\\/www.accuratereviews.com\\\/it\\\/?s={search_term_string}\"},\"query-input\":{\"@type\":\"PropertyValueSpecification\",\"valueRequired\":true,\"valueName\":\"search_term_string\"}}],\"inLanguage\":\"it-IT\"}]}<\/script>\n<!-- \/ Yoast SEO plugin. -->","yoast_head_json":{"title":"KickoffLabs recensione creatore di landing page | Accurate Reviews","description":"KickoffLabs offre un servizio per la creazione di landing page alla portata di ogni utente. Include 60 template pronti gi\u00e0 ottimizzati.","robots":{"index":"index","follow":"follow","max-snippet":"max-snippet:-1","max-image-preview":"max-image-preview:large","max-video-preview":"max-video-preview:-1"},"canonical":"https:\/\/www.accuratereviews.com\/it\/landing-page-lista-software\/kickofflabs\/","og_locale":"it_IT","og_type":"article","og_title":"KickoffLabs recensione creatore di landing page | Accurate Reviews","og_description":"KickoffLabs offre un servizio per la creazione di landing page alla portata di ogni utente. Include 60 template pronti gi\u00e0 ottimizzati.","og_url":"https:\/\/www.accuratereviews.com\/it\/landing-page-lista-software\/kickofflabs\/","og_site_name":"Accurate Reviews","article_modified_time":"2017-01-13T14:57:23+00:00","og_image":[{"url":"http:\/\/www.accuratereviews.com\/wp-content\/uploads\/2016\/07\/Campaign___Prova___KickoffLabs-1024x512.jpg","type":"","width":"","height":""}],"twitter_card":"summary_large_image","twitter_misc":{"Tempo di lettura stimato":"1 minuto"},"schema":{"@context":"https:\/\/schema.org","@graph":[{"@type":"WebPage","@id":"https:\/\/www.accuratereviews.com\/it\/landing-page-lista-software\/kickofflabs\/","url":"https:\/\/www.accuratereviews.com\/it\/landing-page-lista-software\/kickofflabs\/","name":"KickoffLabs recensione creatore di landing page | Accurate Reviews","isPartOf":{"@id":"https:\/\/www.accuratereviews.com\/it\/#website"},"primaryImageOfPage":{"@id":"https:\/\/www.accuratereviews.com\/it\/landing-page-lista-software\/kickofflabs\/#primaryimage"},"image":{"@id":"https:\/\/www.accuratereviews.com\/it\/landing-page-lista-software\/kickofflabs\/#primaryimage"},"thumbnailUrl":"http:\/\/www.accuratereviews.com\/wp-content\/uploads\/2016\/07\/Campaign___Prova___KickoffLabs-1024x512.jpg","datePublished":"2017-01-13T14:06:21+00:00","dateModified":"2017-01-13T14:57:23+00:00","description":"KickoffLabs offre un servizio per la creazione di landing page alla portata di ogni utente. Include 60 template pronti gi\u00e0 ottimizzati.","breadcrumb":{"@id":"https:\/\/www.accuratereviews.com\/it\/landing-page-lista-software\/kickofflabs\/#breadcrumb"},"inLanguage":"it-IT","potentialAction":[{"@type":"ReadAction","target":["https:\/\/www.accuratereviews.com\/it\/landing-page-lista-software\/kickofflabs\/"]}]},{"@type":"ImageObject","inLanguage":"it-IT","@id":"https:\/\/www.accuratereviews.com\/it\/landing-page-lista-software\/kickofflabs\/#primaryimage","url":"http:\/\/www.accuratereviews.com\/wp-content\/uploads\/2016\/07\/Campaign___Prova___KickoffLabs-1024x512.jpg","contentUrl":"http:\/\/www.accuratereviews.com\/wp-content\/uploads\/2016\/07\/Campaign___Prova___KickoffLabs-1024x512.jpg"},{"@type":"BreadcrumbList","@id":"https:\/\/www.accuratereviews.com\/it\/landing-page-lista-software\/kickofflabs\/#breadcrumb","itemListElement":[{"@type":"ListItem","position":1,"name":"Home","item":"https:\/\/www.accuratereviews.com\/it\/"},{"@type":"ListItem","position":2,"name":"Landing Page","item":"https:\/\/www.accuratereviews.com\/it\/landing-page-lista-software\/"},{"@type":"ListItem","position":3,"name":"KickoffLabs"}]},{"@type":"WebSite","@id":"https:\/\/www.accuratereviews.com\/it\/#website","url":"https:\/\/www.accuratereviews.com\/it\/","name":"Accurate Reviews","description":"","potentialAction":[{"@type":"SearchAction","target":{"@type":"EntryPoint","urlTemplate":"https:\/\/www.accuratereviews.com\/it\/?s={search_term_string}"},"query-input":{"@type":"PropertyValueSpecification","valueRequired":true,"valueName":"search_term_string"}}],"inLanguage":"it-IT"}]}},"_links":{"self":[{"href":"https:\/\/www.accuratereviews.com\/it\/wp-json\/wp\/v2\/pages\/7363","targetHints":{"allow":["GET"]}}],"collection":[{"href":"https:\/\/www.accuratereviews.com\/it\/wp-json\/wp\/v2\/pages"}],"about":[{"href":"https:\/\/www.accuratereviews.com\/it\/wp-json\/wp\/v2\/types\/page"}],"author":[{"embeddable":true,"href":"https:\/\/www.accuratereviews.com\/it\/wp-json\/wp\/v2\/users\/16"}],"replies":[{"embeddable":true,"href":"https:\/\/www.accuratereviews.com\/it\/wp-json\/wp\/v2\/comments?post=7363"}],"version-history":[{"count":4,"href":"https:\/\/www.accuratereviews.com\/it\/wp-json\/wp\/v2\/pages\/7363\/revisions"}],"predecessor-version":[{"id":7367,"href":"https:\/\/www.accuratereviews.com\/it\/wp-json\/wp\/v2\/pages\/7363\/revisions\/7367"}],"up":[{"embeddable":true,"href":"https:\/\/www.accuratereviews.com\/it\/wp-json\/wp\/v2\/pages\/7132"}],"wp:attachment":[{"href":"https:\/\/www.accuratereviews.com\/it\/wp-json\/wp\/v2\/media?parent=7363"}],"wp:term":[{"taxonomy":"category","embeddable":true,"href":"https:\/\/www.accuratereviews.com\/it\/wp-json\/wp\/v2\/categories?post=7363"},{"taxonomy":"post_tag","embeddable":true,"href":"https:\/\/www.accuratereviews.com\/it\/wp-json\/wp\/v2\/tags?post=7363"},{"taxonomy":"features","embeddable":true,"href":"https:\/\/www.accuratereviews.com\/it\/wp-json\/wp\/v2\/features?post=7363"}],"curies":[{"name":"wp","href":"https:\/\/api.w.org\/{rel}","templated":true}]}}