{"id":73681,"date":"2024-01-05T15:18:32","date_gmt":"2024-01-05T15:18:32","guid":{"rendered":"https:\/\/www.accuratereviews.com\/?page_id=73681"},"modified":"2024-01-05T15:18:32","modified_gmt":"2024-01-05T15:18:32","slug":"17hats-recensione","status":"publish","type":"page","link":"https:\/\/www.accuratereviews.com\/it\/chat-i-migliori-im-lista\/17hats-recensione\/","title":{"rendered":"17hats"},"content":{"rendered":"<p><strong>17hats<\/strong> \u00e8 un <strong>software di gestione aziendale<\/strong> per organizzare progetti, contratti, contabilit\u00e0, pagamenti online e altro ancora. La dashboard centralizzata nell&#8217;applicazione mostra le attivit\u00e0 e le notifiche urgenti insieme ai prossimi eventi del calendario e alle previsioni del tempo per semplificare le attivit\u00e0 quotidiane.<br \/>\nConsente ai membri di progettare moduli di richiesta lead personalizzati e di incorporarli nei siti Web esistenti per acquisire informazioni sui clienti e rispondere automaticamente ai potenziali clienti. Offre una serie di funzionalit\u00e0 tra cui fatturazione, gestione dei preventivi, sincronizzazione della posta elettronica, pianificazione online, questionari personalizzati, promemoria di pagamento automatici e flussi di lavoro. La funzionalit\u00e0 di monitoraggio del tempo consente ai membri di registrare il tempo impiegato sui progetti, modificare le tariffe orarie, tenere traccia delle ore fatturabili e non e condividere le fatture con i clienti. Permette alle organizzazioni di creare contratti ed e-mail personalizzate con loghi personalizzati.<\/p>\n<h2>17HATS &#8211; TUTORIAL<\/h2>\n<div id=\"fluid-wrapper-counter-1\" class=\"g1-fluid-wrapper \" style=\"width:686px;\">\n<div style=\"padding-bottom:56.268221574344%;\"><iframe loading=\"lazy\" title=\"Gift Card Feature Inside 17hats\" width=\"686\" height=\"386\" src=\"https:\/\/www.youtube.com\/embed\/qkcAnfpp7xo?list=PLmh2h8DCwNgR9Q35DcHBkKKt_4iA-FmdX\" frameborder=\"0\" allow=\"accelerometer; autoplay; clipboard-write; encrypted-media; gyroscope; picture-in-picture; web-share\" allowfullscreen><\/iframe><\/div>\n<\/div>\n<h3>17HATS &#8211; CARATTERISTICHE<\/h3>\n<ul>\n<li>Mantenendo il processo dei lead in un unico posto sarai in grado di rispondere rapidamente e facilmente via e-mail, registrare note, riprogrammare gli appuntamenti, tenere traccia del denaro e molto altro ancora.<\/li>\n<li>Crea modelli che puoi facilmente attivare. Utilizza i token per personalizzare ogni e-mail assicurandoti di non scrivere mai male il nome di un cliente o di aggiungere una data di servizio sbagliata.<\/li>\n<li>Scopri i tuoi migliori clienti e il valore che hanno apportato alla tua attivit\u00e0 nel corso degli anni.<\/li>\n<li>La soluzione mostra esattamente quante entrate ha realizzato ciascun prodotto e\/o servizio per identificare rapidamente i tuoi servizi pi\u00f9 popolari o redditizi.<\/li>\n<li>I nuovi lead completeranno un modulo di acquisizione lead dal tuo sito Web o dal collegamento ai social media. Questa azione dar\u00e0 il via alla tua esperienza semplificata.<\/li>\n<li>Invia automaticamente un&#8217;email o un documento (preventivo, contatto e fattura o questionario) immediatamente al tuo nuovo lead. I lead vogliono una gratificazione immediata e tu la consegnerai.<\/li>\n<li>Consenti l&#8217;accesso ai documenti completati e ai dettagli importanti del progetto in un portale clienti unico. Non \u00e8 pi\u00f9 necessario inviare nuovamente i documenti completati o i dettagli del progetto.<\/li>\n<li>Con il sistema di pianificazione online di 17hats, chiedi ai tuoi clienti di prenotare altri incontri in modo rapido e semplice, risparmiando a te e a loro tempo ed energia.<\/li>\n<\/ul>\n<h4>LE RECENSIONI DEGLI UTENTI<\/h4>\n<p><strong>Ulrich &#8220;Incredibile 17 hats!&#8221;<\/strong><br \/>\n<strong>Commenti<\/strong>: Questo software \u00e8 un vero ALL-IN-ONE. Gestire tutto in modo efficiente con un solo programma \u00e8 semplicemente incredibile. Semplifica il lavoro e la vita, a un prezzo accessibile. E c&#8217;\u00e8 anche una prova gratuita!<br \/>\n<strong>Pro<\/strong>: Adoro questo software. Mi aiuta a gestire il mio tempo, i miei compiti, le opportunit\u00e0 e i contatti in modo efficiente e produttivo, e quindi a prevedere le vendite. E tutto questo con un&#8217;interfaccia facile da usare e la possibilit\u00e0 di conquistare nuovi clienti.<br \/>\n<strong>Contro<\/strong>: Il software funziona molto bene, niente di cui lamentarsi. Al contrario, lo consiglio vivamente.<\/p>\n<p><strong>Shamika &#8220;Va bene&#8221;<\/strong><br \/>\n<strong>Commenti<\/strong>: \u00c8 stato un buon inizio per la mia attivit\u00e0.<br \/>\n<strong>Pro<\/strong>: Aveva un buon monitoraggio di quando i documenti venivano inviati ai clienti.<br \/>\n<strong>Contro<\/strong>: L\u2019integrazione dei pagamenti costa di pi\u00f9 e poich\u00e9 \u00e8 una caratteristica essenziale, \u00e8 un costo elevato. Soprattutto quando gi\u00e0 paghiamo anche le commissioni commerciali ai gestori dei pagamenti. Inoltre, il software non offre la gestione dell\u2019inventario, motivo per cui me ne sono andato.<\/p>\n<p><strong>Jamie &#8220;17 hats da cui tutto ha avuto inizio&#8230;&#8221;<\/strong><br \/>\n<strong>Pro<\/strong>: Ho iniziato a usare 17 cappelli per. La funzionalit\u00e0 di pianificazione e contratto cliente firmato.<br \/>\n<strong>Contro<\/strong>: Non mi \u00e8 piaciuto come erano organizzati i progetti. Questo potrebbe essere cambiato da quando ho usato il prodotto.<\/p>\n","protected":false},"excerpt":{"rendered":"<p>17hats \u00e8 un software di gestione aziendale per organizzare progetti, contratti, contabilit\u00e0, pagamenti online e altro ancora. La dashboard centralizzata nell&#8217;applicazione mostra le attivit\u00e0 e le notifiche urgenti insieme ai prossimi eventi del calendario e alle previsioni del tempo per semplificare le attivit\u00e0 quotidiane.<\/p>\n","protected":false},"author":19,"featured_media":73686,"parent":5386,"menu_order":0,"comment_status":"open","ping_status":"closed","template":"g1_template_page_review_new.php","meta":{"_acf_changed":false,"cwp_meta_box_check":"Yes","cwp_rev_product_name":"","cwp_rev_product_image":"","wppr_links":[],"cwp_rev_price":"0.00","wppr_options":[{"name":"Usability","value":"0"},{"name":"Speed","value":"0"},{"name":"Features","value":"0"},{"name":"Support","value":"0"},{"name":"Pricing","value":"0"}],"wppr_pros":["","","","",""],"wppr_cons":["","","","",""],"_monsterinsights_skip_tracking":false,"_monsterinsights_sitenote_active":false,"_monsterinsights_sitenote_note":"","_monsterinsights_sitenote_category":0,"footnotes":""},"categories":[95],"tags":[14849,1156,3567,3566,3569,3548],"features":[],"class_list":{"0":"post-73681","1":"page","2":"type-page","3":"status-publish","4":"has-post-thumbnail","6":"category-chat-im","7":"tag-17hats","8":"tag-messaggistica","9":"tag-piattaforma-messaggistica","10":"tag-programma-messaggistica","11":"tag-software-messaggistica","12":"tag-soluzione-messaggistica"},"wppr_data":{"cwp_meta_box_check":"Yes","_wppr_review_template":"default","cwp_rev_product_image":"","cwp_image_link":"image","wppr_links":[],"cwp_rev_price":"0.00","wppr_pros":["","","","",""],"wppr_cons":["","","","",""],"wppr_rating":"0.00","wppr_options":{"1":{"name":"Usability","value":"0"},"2":{"name":"Speed","value":"0"},"3":{"name":"Features","value":"0"},"4":{"name":"Support","value":"0"},"5":{"name":"Pricing","value":"0"}},"wppr_review_type":"Product","wppr_review_custom_fields":{"additionalProperty":"","additionalType":"","aggregateRating":"","alternateName":"","audience":"","award":"","awards":"","brand":"","color":"","depth":"","description":"","disambiguatingDescription":"","gtin12":"","gtin13":"","gtin14":"","gtin8":"","height":"","identifier":"","image":"","isAccessoryOrSparePartFor":"","isConsumableFor":"","isRelatedTo":"","isSimilarTo":"","itemCondition":"","logo":"","mainEntityOfPage":"","manufacturer":"","material":"","model":"","mpn":"","name":"","offers":"","potentialAction":"","productID":"","productionDate":"","purchaseDate":"","releaseDate":"","review":"","reviews":"","sameAs":"","sku":"","slogan":"","subjectOf":"","url":"","weight":"","width":""}},"acf":[],"yoast_head":"<!-- This site is optimized with the Yoast SEO plugin v27.4 - https:\/\/yoast.com\/product\/yoast-seo-wordpress\/ -->\n<title>17hats: recensione software messaggistica - Accurate Reviews<\/title>\n<meta name=\"description\" content=\"17hats: recensione soluzione di messaggistica per monitorare lo stato dei lavori, accettare preventivi, firmare contratti e pagare fatture.\" \/>\n<meta name=\"robots\" content=\"index, follow, max-snippet:-1, max-image-preview:large, max-video-preview:-1\" \/>\n<link rel=\"canonical\" href=\"https:\/\/www.accuratereviews.com\/it\/chat-i-migliori-im-lista\/17hats-recensione\/\" \/>\n<meta property=\"og:locale\" content=\"it_IT\" \/>\n<meta property=\"og:type\" content=\"article\" \/>\n<meta property=\"og:title\" content=\"17hats: recensione software messaggistica - Accurate Reviews\" \/>\n<meta property=\"og:description\" content=\"17hats: recensione soluzione di messaggistica per monitorare lo stato dei lavori, accettare preventivi, firmare contratti e pagare fatture.\" \/>\n<meta property=\"og:url\" content=\"https:\/\/www.accuratereviews.com\/it\/chat-i-migliori-im-lista\/17hats-recensione\/\" \/>\n<meta property=\"og:site_name\" content=\"Accurate Reviews\" \/>\n<meta property=\"og:image\" content=\"https:\/\/www.accuratereviews.com\/wp-content\/uploads\/2024\/01\/17hats.png\" \/>\n\t<meta property=\"og:image:width\" content=\"600\" \/>\n\t<meta property=\"og:image:height\" content=\"315\" \/>\n\t<meta property=\"og:image:type\" content=\"image\/png\" \/>\n<meta name=\"twitter:card\" content=\"summary_large_image\" \/>\n<meta name=\"twitter:label1\" content=\"Tempo di lettura stimato\" \/>\n\t<meta name=\"twitter:data1\" content=\"4 minuti\" \/>\n<script type=\"application\/ld+json\" class=\"yoast-schema-graph\">{\"@context\":\"https:\\\/\\\/schema.org\",\"@graph\":[{\"@type\":\"WebPage\",\"@id\":\"https:\\\/\\\/www.accuratereviews.com\\\/it\\\/chat-i-migliori-im-lista\\\/17hats-recensione\\\/\",\"url\":\"https:\\\/\\\/www.accuratereviews.com\\\/it\\\/chat-i-migliori-im-lista\\\/17hats-recensione\\\/\",\"name\":\"17hats: recensione software messaggistica - Accurate Reviews\",\"isPartOf\":{\"@id\":\"https:\\\/\\\/www.accuratereviews.com\\\/it\\\/#website\"},\"primaryImageOfPage\":{\"@id\":\"https:\\\/\\\/www.accuratereviews.com\\\/it\\\/chat-i-migliori-im-lista\\\/17hats-recensione\\\/#primaryimage\"},\"image\":{\"@id\":\"https:\\\/\\\/www.accuratereviews.com\\\/it\\\/chat-i-migliori-im-lista\\\/17hats-recensione\\\/#primaryimage\"},\"thumbnailUrl\":\"https:\\\/\\\/www.accuratereviews.com\\\/wp-content\\\/uploads\\\/2024\\\/01\\\/17hats.png\",\"datePublished\":\"2024-01-05T15:18:32+00:00\",\"description\":\"17hats: recensione soluzione di messaggistica per monitorare lo stato dei lavori, accettare preventivi, firmare contratti e pagare fatture.\",\"breadcrumb\":{\"@id\":\"https:\\\/\\\/www.accuratereviews.com\\\/it\\\/chat-i-migliori-im-lista\\\/17hats-recensione\\\/#breadcrumb\"},\"inLanguage\":\"it-IT\",\"potentialAction\":[{\"@type\":\"ReadAction\",\"target\":[\"https:\\\/\\\/www.accuratereviews.com\\\/it\\\/chat-i-migliori-im-lista\\\/17hats-recensione\\\/\"]}]},{\"@type\":\"ImageObject\",\"inLanguage\":\"it-IT\",\"@id\":\"https:\\\/\\\/www.accuratereviews.com\\\/it\\\/chat-i-migliori-im-lista\\\/17hats-recensione\\\/#primaryimage\",\"url\":\"https:\\\/\\\/www.accuratereviews.com\\\/wp-content\\\/uploads\\\/2024\\\/01\\\/17hats.png\",\"contentUrl\":\"https:\\\/\\\/www.accuratereviews.com\\\/wp-content\\\/uploads\\\/2024\\\/01\\\/17hats.png\",\"width\":600,\"height\":315},{\"@type\":\"BreadcrumbList\",\"@id\":\"https:\\\/\\\/www.accuratereviews.com\\\/it\\\/chat-i-migliori-im-lista\\\/17hats-recensione\\\/#breadcrumb\",\"itemListElement\":[{\"@type\":\"ListItem\",\"position\":1,\"name\":\"Home\",\"item\":\"https:\\\/\\\/www.accuratereviews.com\\\/it\\\/\"},{\"@type\":\"ListItem\",\"position\":2,\"name\":\"Chat: I migliori IM\",\"item\":\"https:\\\/\\\/www.accuratereviews.com\\\/it\\\/chat-i-migliori-im-lista\\\/\"},{\"@type\":\"ListItem\",\"position\":3,\"name\":\"17hats\"}]},{\"@type\":\"WebSite\",\"@id\":\"https:\\\/\\\/www.accuratereviews.com\\\/it\\\/#website\",\"url\":\"https:\\\/\\\/www.accuratereviews.com\\\/it\\\/\",\"name\":\"Accurate Reviews\",\"description\":\"\",\"potentialAction\":[{\"@type\":\"SearchAction\",\"target\":{\"@type\":\"EntryPoint\",\"urlTemplate\":\"https:\\\/\\\/www.accuratereviews.com\\\/it\\\/?s={search_term_string}\"},\"query-input\":{\"@type\":\"PropertyValueSpecification\",\"valueRequired\":true,\"valueName\":\"search_term_string\"}}],\"inLanguage\":\"it-IT\"}]}<\/script>\n<!-- \/ Yoast SEO plugin. -->","yoast_head_json":{"title":"17hats: recensione software messaggistica - Accurate Reviews","description":"17hats: recensione soluzione di messaggistica per monitorare lo stato dei lavori, accettare preventivi, firmare contratti e pagare fatture.","robots":{"index":"index","follow":"follow","max-snippet":"max-snippet:-1","max-image-preview":"max-image-preview:large","max-video-preview":"max-video-preview:-1"},"canonical":"https:\/\/www.accuratereviews.com\/it\/chat-i-migliori-im-lista\/17hats-recensione\/","og_locale":"it_IT","og_type":"article","og_title":"17hats: recensione software messaggistica - Accurate Reviews","og_description":"17hats: recensione soluzione di messaggistica per monitorare lo stato dei lavori, accettare preventivi, firmare contratti e pagare fatture.","og_url":"https:\/\/www.accuratereviews.com\/it\/chat-i-migliori-im-lista\/17hats-recensione\/","og_site_name":"Accurate Reviews","og_image":[{"width":600,"height":315,"url":"https:\/\/www.accuratereviews.com\/wp-content\/uploads\/2024\/01\/17hats.png","type":"image\/png"}],"twitter_card":"summary_large_image","twitter_misc":{"Tempo di lettura stimato":"4 minuti"},"schema":{"@context":"https:\/\/schema.org","@graph":[{"@type":"WebPage","@id":"https:\/\/www.accuratereviews.com\/it\/chat-i-migliori-im-lista\/17hats-recensione\/","url":"https:\/\/www.accuratereviews.com\/it\/chat-i-migliori-im-lista\/17hats-recensione\/","name":"17hats: recensione software messaggistica - Accurate Reviews","isPartOf":{"@id":"https:\/\/www.accuratereviews.com\/it\/#website"},"primaryImageOfPage":{"@id":"https:\/\/www.accuratereviews.com\/it\/chat-i-migliori-im-lista\/17hats-recensione\/#primaryimage"},"image":{"@id":"https:\/\/www.accuratereviews.com\/it\/chat-i-migliori-im-lista\/17hats-recensione\/#primaryimage"},"thumbnailUrl":"https:\/\/www.accuratereviews.com\/wp-content\/uploads\/2024\/01\/17hats.png","datePublished":"2024-01-05T15:18:32+00:00","description":"17hats: recensione soluzione di messaggistica per monitorare lo stato dei lavori, accettare preventivi, firmare contratti e pagare fatture.","breadcrumb":{"@id":"https:\/\/www.accuratereviews.com\/it\/chat-i-migliori-im-lista\/17hats-recensione\/#breadcrumb"},"inLanguage":"it-IT","potentialAction":[{"@type":"ReadAction","target":["https:\/\/www.accuratereviews.com\/it\/chat-i-migliori-im-lista\/17hats-recensione\/"]}]},{"@type":"ImageObject","inLanguage":"it-IT","@id":"https:\/\/www.accuratereviews.com\/it\/chat-i-migliori-im-lista\/17hats-recensione\/#primaryimage","url":"https:\/\/www.accuratereviews.com\/wp-content\/uploads\/2024\/01\/17hats.png","contentUrl":"https:\/\/www.accuratereviews.com\/wp-content\/uploads\/2024\/01\/17hats.png","width":600,"height":315},{"@type":"BreadcrumbList","@id":"https:\/\/www.accuratereviews.com\/it\/chat-i-migliori-im-lista\/17hats-recensione\/#breadcrumb","itemListElement":[{"@type":"ListItem","position":1,"name":"Home","item":"https:\/\/www.accuratereviews.com\/it\/"},{"@type":"ListItem","position":2,"name":"Chat: I migliori IM","item":"https:\/\/www.accuratereviews.com\/it\/chat-i-migliori-im-lista\/"},{"@type":"ListItem","position":3,"name":"17hats"}]},{"@type":"WebSite","@id":"https:\/\/www.accuratereviews.com\/it\/#website","url":"https:\/\/www.accuratereviews.com\/it\/","name":"Accurate Reviews","description":"","potentialAction":[{"@type":"SearchAction","target":{"@type":"EntryPoint","urlTemplate":"https:\/\/www.accuratereviews.com\/it\/?s={search_term_string}"},"query-input":{"@type":"PropertyValueSpecification","valueRequired":true,"valueName":"search_term_string"}}],"inLanguage":"it-IT"}]}},"_links":{"self":[{"href":"https:\/\/www.accuratereviews.com\/it\/wp-json\/wp\/v2\/pages\/73681","targetHints":{"allow":["GET"]}}],"collection":[{"href":"https:\/\/www.accuratereviews.com\/it\/wp-json\/wp\/v2\/pages"}],"about":[{"href":"https:\/\/www.accuratereviews.com\/it\/wp-json\/wp\/v2\/types\/page"}],"author":[{"embeddable":true,"href":"https:\/\/www.accuratereviews.com\/it\/wp-json\/wp\/v2\/users\/19"}],"replies":[{"embeddable":true,"href":"https:\/\/www.accuratereviews.com\/it\/wp-json\/wp\/v2\/comments?post=73681"}],"version-history":[{"count":10,"href":"https:\/\/www.accuratereviews.com\/it\/wp-json\/wp\/v2\/pages\/73681\/revisions"}],"predecessor-version":[{"id":73707,"href":"https:\/\/www.accuratereviews.com\/it\/wp-json\/wp\/v2\/pages\/73681\/revisions\/73707"}],"up":[{"embeddable":true,"href":"https:\/\/www.accuratereviews.com\/it\/wp-json\/wp\/v2\/pages\/5386"}],"wp:featuredmedia":[{"embeddable":true,"href":"https:\/\/www.accuratereviews.com\/it\/wp-json\/wp\/v2\/media\/73686"}],"wp:attachment":[{"href":"https:\/\/www.accuratereviews.com\/it\/wp-json\/wp\/v2\/media?parent=73681"}],"wp:term":[{"taxonomy":"category","embeddable":true,"href":"https:\/\/www.accuratereviews.com\/it\/wp-json\/wp\/v2\/categories?post=73681"},{"taxonomy":"post_tag","embeddable":true,"href":"https:\/\/www.accuratereviews.com\/it\/wp-json\/wp\/v2\/tags?post=73681"},{"taxonomy":"features","embeddable":true,"href":"https:\/\/www.accuratereviews.com\/it\/wp-json\/wp\/v2\/features?post=73681"}],"curies":[{"name":"wp","href":"https:\/\/api.w.org\/{rel}","templated":true}]}}