{"id":73713,"date":"2024-01-08T16:53:05","date_gmt":"2024-01-08T16:53:05","guid":{"rendered":"https:\/\/www.accuratereviews.com\/?page_id=73713"},"modified":"2024-01-09T09:43:32","modified_gmt":"2024-01-09T09:43:32","slug":"gladly-recensione","status":"publish","type":"page","link":"https:\/\/www.accuratereviews.com\/it\/chat-i-migliori-im-lista\/gladly-recensione\/","title":{"rendered":"Gladly"},"content":{"rendered":"<p><strong>Gladly<\/strong> \u00e8 una <strong>piattaforma di servizio clienti<\/strong>, basata su <strong>cloud<\/strong>, offerta da Gladly Software, Inc. con sede a San Francisco. Centralizza tutte le interazioni tra un&#8217;organizzazione e i suoi clienti e aiuta le aziende a ridurre la dipendenza da un singolo agente per rispondere a qualsiasi domanda dei clienti. Aiuta le aziende a riconoscere i clienti integrando le conversazioni che si svolgono su vari canali come email, sms, voce, social media e chat.<br \/>\nL&#8217;accesso all&#8217;intera cronologia delle conversazioni consente a qualsiasi agente del servizio clienti di riprendere le interazioni con un cliente dallo stesso punto in cui era stata precedentemente interrotta una conversazione con un altro agente. Le robuste funzionalit\u00e0 di routing e accodamento aiutano a trasferire i clienti al giusto agente del servizio clienti, che pu\u00f2 collaborare con altri colleghi per risolvere le perplessit\u00e0 dei clienti in un tempo minimo. Il software aiuta anche a tenere traccia dei parametri operativi come tempi di risposta alle email, tempi di chiamata, di attesa e argomenti di conversazione.<\/p>\n<h2>GLADLY &#8211; TUTORIAL<\/h2>\n<div id=\"fluid-wrapper-counter-1\" class=\"g1-fluid-wrapper \" style=\"width:686px;\">\n<div style=\"padding-bottom:56.268221574344%;\"><iframe loading=\"lazy\" title=\"Gladly Short Product Overview\" width=\"686\" height=\"386\" src=\"https:\/\/www.youtube.com\/embed\/4cb0SOOk5AM?feature=oembed&amp;wmode=transparent&amp;autohide=1&amp;autoplay=0&amp;disablekb=0&amp;fs=1&amp;loop=0&amp;enablejsapi=1&amp;rel=0&amp;controls=2&amp;showinfo=0&amp;wmode=transparent&amp;autohide=2&amp;autoplay=0&amp;disablekb=0&amp;fs=1&amp;loop=0&amp;enablejsapi=1&amp;rel=0&amp;controls=2&amp;showinfo=1\" frameborder=\"0\" allow=\"accelerometer; autoplay; clipboard-write; encrypted-media; gyroscope; picture-in-picture; web-share\" allowfullscreen><\/iframe><\/div>\n<\/div>\n<h3>GLADLY &#8211; CARATTERISTICHE<\/h3>\n<ul>\n<li><strong>Voce<\/strong>: fornisce personale e supporto telefonico senza problemi<\/li>\n<li><strong>IVR<\/strong>: IVR completamente integrato personalizzato per i clienti<\/li>\n<li><strong>Self service<\/strong>: la superficie risponde a domande frequenti per il supporto 24 ore su 24, 7 giorni su 7<\/li>\n<li><strong>Social<\/strong>: interagisci senza problemi su tutte le piattaforme social<\/li>\n<li><strong>Chiacchierata<\/strong>: chatta con i clienti direttamente sul tuo sito web<\/li>\n<li><strong>Chat nell&#8217;app<\/strong>: supporto tramite chat in-app integrato nativamente<\/li>\n<li><strong>Email<\/strong>: email in entrata e in uscita in un unico thread<\/li>\n<li><strong>Capacit\u00e0<\/strong>: tutte le funzionalit\u00e0 di cui hai bisogno, integrate nativamente, per fornire un servizio clienti radicalmente personalizzato<\/li>\n<li><strong>Pagamenti<\/strong>: accetta pagamenti tramite canali di messaggistica<\/li>\n<li><strong>Approfondimenti<\/strong>: tutti gli approfondimenti sul tuo canale, tutto in un unico posto<\/li>\n<li><strong>Gestione<\/strong>: collaborare efficacemente con compiti incentrati sul cliente<\/li>\n<\/ul>\n<h4>LE RECENSIONI DEGLI UTENTI<\/h4>\n<p><strong>Erlan Gino &#8220;Flusso di lavoro pi\u00f9 fluido&#8221;<\/strong><br \/>\n<strong>Commenti<\/strong>: Molto soddisfatto dell&#8217;app. spero che possa migliorare ancora di pi\u00f9 ma ha davvero reso le cose pi\u00f9 facili.<br \/>\n<strong>Pro<\/strong>: Sono in grado di visualizzare i registri delle chiamate, le e-mail e le note nello stesso posto e di dare un buon seguito allo stato attuale della richiesta.<br \/>\n<strong>Contro<\/strong>: A volte si blocca, e inoltre vorrei che fosse pi\u00f9 integrato con i sistemi delle Aziende.<\/p>\n<p><strong>Taylor &#8220;Recensione&#8221;\u00a0<\/strong><br \/>\n<strong>Commenti<\/strong>: 6 su 10<br \/>\n<strong>Pro<\/strong>: \u00e8 abbastanza affidabile e facile da usare<br \/>\n<strong>Contro<\/strong>: La suoneria delle chiamate \u00e8 orribile. Dovrebbe essere personalizzabile<\/p>\n<p><strong>Jonathan &#8220;Sono felice di avermi aiutato moltissimo fornendo una bella esperienza con i nostri clienti tramite chat\/telefono dal vivo!&#8221;<\/strong><br \/>\n<strong>Commenti<\/strong>: Volentieri \u00e8 diventato il mio strumento quotidiano per svolgere i miei compiti attraverso l&#8217;organizzazione dei ticket, l&#8217;interazione in chat e la portata delle telefonate.<br \/>\n<strong>Pro<\/strong>: Strumento per organizzare facile da usare e fantastico.<br \/>\n<strong>Contro<\/strong>: \u00e8 un ottimo strumento per supportare le interazioni tramite chat e telefono. Forse potrebbe migliorare il modo in cui mostra l&#8217;attivit\u00e0 della cronologia.<\/p>\n","protected":false},"excerpt":{"rendered":"<p>Gladly \u00e8 una piattaforma di servizio clienti, basata su cloud, offerta da Gladly Software, Inc. con sede a San Francisco. Centralizza tutte le interazioni tra un&#8217;organizzazione e i suoi clienti e aiuta le aziende a ridurre la dipendenza da un singolo agente per rispondere a qualsiasi domanda dei clienti.<\/p>\n","protected":false},"author":19,"featured_media":73718,"parent":5386,"menu_order":0,"comment_status":"open","ping_status":"closed","template":"g1_template_page_review_new.php","meta":{"_acf_changed":false,"cwp_meta_box_check":"Yes","cwp_rev_product_name":"","cwp_rev_product_image":"","wppr_links":[],"cwp_rev_price":"0.00","wppr_options":[{"name":"Usability","value":"0"},{"name":"Speed","value":"0"},{"name":"Features","value":"0"},{"name":"Support","value":"0"},{"name":"Pricing","value":"0"}],"wppr_pros":["","","","",""],"wppr_cons":["","","","",""],"_monsterinsights_skip_tracking":false,"_monsterinsights_sitenote_active":false,"_monsterinsights_sitenote_note":"","_monsterinsights_sitenote_category":0,"footnotes":""},"categories":[95],"tags":[14853,1156,3567,3566,3569,3548],"features":[],"class_list":{"0":"post-73713","1":"page","2":"type-page","3":"status-publish","4":"has-post-thumbnail","6":"category-chat-im","7":"tag-gladly","8":"tag-messaggistica","9":"tag-piattaforma-messaggistica","10":"tag-programma-messaggistica","11":"tag-software-messaggistica","12":"tag-soluzione-messaggistica"},"wppr_data":{"cwp_meta_box_check":"Yes","_wppr_review_template":"default","cwp_rev_product_image":"","cwp_image_link":"image","wppr_links":[],"cwp_rev_price":"0.00","wppr_pros":["","","","",""],"wppr_cons":["","","","",""],"wppr_rating":"0.00","wppr_options":{"1":{"name":"Usability","value":"0"},"2":{"name":"Speed","value":"0"},"3":{"name":"Features","value":"0"},"4":{"name":"Support","value":"0"},"5":{"name":"Pricing","value":"0"}},"wppr_review_type":"Product","wppr_review_custom_fields":{"additionalProperty":"","additionalType":"","aggregateRating":"","alternateName":"","audience":"","award":"","awards":"","brand":"","color":"","depth":"","description":"","disambiguatingDescription":"","gtin12":"","gtin13":"","gtin14":"","gtin8":"","height":"","identifier":"","image":"","isAccessoryOrSparePartFor":"","isConsumableFor":"","isRelatedTo":"","isSimilarTo":"","itemCondition":"","logo":"","mainEntityOfPage":"","manufacturer":"","material":"","model":"","mpn":"","name":"","offers":"","potentialAction":"","productID":"","productionDate":"","purchaseDate":"","releaseDate":"","review":"","reviews":"","sameAs":"","sku":"","slogan":"","subjectOf":"","url":"","weight":"","width":""}},"acf":[],"yoast_head":"<!-- This site is optimized with the Yoast SEO plugin v27.4 - https:\/\/yoast.com\/product\/yoast-seo-wordpress\/ -->\n<title>Gladly: recensione software messaggistica - Accurate Reviews<\/title>\n<meta name=\"description\" content=\"Gladly: recensione piattaforma di servizio clienti basata su cloud, offerta da Gladly Software, Inc. con sede a San Francisco.\" \/>\n<meta name=\"robots\" content=\"index, follow, max-snippet:-1, max-image-preview:large, max-video-preview:-1\" \/>\n<link rel=\"canonical\" href=\"https:\/\/www.accuratereviews.com\/it\/chat-i-migliori-im-lista\/gladly-recensione\/\" \/>\n<meta property=\"og:locale\" content=\"it_IT\" \/>\n<meta property=\"og:type\" content=\"article\" \/>\n<meta property=\"og:title\" content=\"Gladly: recensione software messaggistica - Accurate Reviews\" \/>\n<meta property=\"og:description\" content=\"Gladly: recensione piattaforma di servizio clienti basata su cloud, offerta da Gladly Software, Inc. con sede a San Francisco.\" \/>\n<meta property=\"og:url\" content=\"https:\/\/www.accuratereviews.com\/it\/chat-i-migliori-im-lista\/gladly-recensione\/\" \/>\n<meta property=\"og:site_name\" content=\"Accurate Reviews\" \/>\n<meta property=\"article:modified_time\" content=\"2024-01-09T09:43:32+00:00\" \/>\n<meta property=\"og:image\" content=\"https:\/\/www.accuratereviews.com\/wp-content\/uploads\/2024\/01\/Gladly.webp\" \/>\n\t<meta property=\"og:image:width\" content=\"280\" \/>\n\t<meta property=\"og:image:height\" content=\"220\" \/>\n\t<meta property=\"og:image:type\" content=\"image\/webp\" \/>\n<meta name=\"twitter:card\" content=\"summary_large_image\" \/>\n<meta name=\"twitter:label1\" content=\"Tempo di lettura stimato\" \/>\n\t<meta name=\"twitter:data1\" content=\"3 minuti\" \/>\n<script type=\"application\/ld+json\" class=\"yoast-schema-graph\">{\"@context\":\"https:\\\/\\\/schema.org\",\"@graph\":[{\"@type\":\"WebPage\",\"@id\":\"https:\\\/\\\/www.accuratereviews.com\\\/it\\\/chat-i-migliori-im-lista\\\/gladly-recensione\\\/\",\"url\":\"https:\\\/\\\/www.accuratereviews.com\\\/it\\\/chat-i-migliori-im-lista\\\/gladly-recensione\\\/\",\"name\":\"Gladly: recensione software messaggistica - Accurate Reviews\",\"isPartOf\":{\"@id\":\"https:\\\/\\\/www.accuratereviews.com\\\/it\\\/#website\"},\"primaryImageOfPage\":{\"@id\":\"https:\\\/\\\/www.accuratereviews.com\\\/it\\\/chat-i-migliori-im-lista\\\/gladly-recensione\\\/#primaryimage\"},\"image\":{\"@id\":\"https:\\\/\\\/www.accuratereviews.com\\\/it\\\/chat-i-migliori-im-lista\\\/gladly-recensione\\\/#primaryimage\"},\"thumbnailUrl\":\"https:\\\/\\\/www.accuratereviews.com\\\/wp-content\\\/uploads\\\/2024\\\/01\\\/Gladly.webp\",\"datePublished\":\"2024-01-08T16:53:05+00:00\",\"dateModified\":\"2024-01-09T09:43:32+00:00\",\"description\":\"Gladly: recensione piattaforma di servizio clienti basata su cloud, offerta da Gladly Software, Inc. con sede a San Francisco.\",\"breadcrumb\":{\"@id\":\"https:\\\/\\\/www.accuratereviews.com\\\/it\\\/chat-i-migliori-im-lista\\\/gladly-recensione\\\/#breadcrumb\"},\"inLanguage\":\"it-IT\",\"potentialAction\":[{\"@type\":\"ReadAction\",\"target\":[\"https:\\\/\\\/www.accuratereviews.com\\\/it\\\/chat-i-migliori-im-lista\\\/gladly-recensione\\\/\"]}]},{\"@type\":\"ImageObject\",\"inLanguage\":\"it-IT\",\"@id\":\"https:\\\/\\\/www.accuratereviews.com\\\/it\\\/chat-i-migliori-im-lista\\\/gladly-recensione\\\/#primaryimage\",\"url\":\"https:\\\/\\\/www.accuratereviews.com\\\/wp-content\\\/uploads\\\/2024\\\/01\\\/Gladly.webp\",\"contentUrl\":\"https:\\\/\\\/www.accuratereviews.com\\\/wp-content\\\/uploads\\\/2024\\\/01\\\/Gladly.webp\",\"width\":280,\"height\":220},{\"@type\":\"BreadcrumbList\",\"@id\":\"https:\\\/\\\/www.accuratereviews.com\\\/it\\\/chat-i-migliori-im-lista\\\/gladly-recensione\\\/#breadcrumb\",\"itemListElement\":[{\"@type\":\"ListItem\",\"position\":1,\"name\":\"Home\",\"item\":\"https:\\\/\\\/www.accuratereviews.com\\\/it\\\/\"},{\"@type\":\"ListItem\",\"position\":2,\"name\":\"Chat: I migliori IM\",\"item\":\"https:\\\/\\\/www.accuratereviews.com\\\/it\\\/chat-i-migliori-im-lista\\\/\"},{\"@type\":\"ListItem\",\"position\":3,\"name\":\"Gladly\"}]},{\"@type\":\"WebSite\",\"@id\":\"https:\\\/\\\/www.accuratereviews.com\\\/it\\\/#website\",\"url\":\"https:\\\/\\\/www.accuratereviews.com\\\/it\\\/\",\"name\":\"Accurate Reviews\",\"description\":\"\",\"potentialAction\":[{\"@type\":\"SearchAction\",\"target\":{\"@type\":\"EntryPoint\",\"urlTemplate\":\"https:\\\/\\\/www.accuratereviews.com\\\/it\\\/?s={search_term_string}\"},\"query-input\":{\"@type\":\"PropertyValueSpecification\",\"valueRequired\":true,\"valueName\":\"search_term_string\"}}],\"inLanguage\":\"it-IT\"}]}<\/script>\n<!-- \/ Yoast SEO plugin. -->","yoast_head_json":{"title":"Gladly: recensione software messaggistica - Accurate Reviews","description":"Gladly: recensione piattaforma di servizio clienti basata su cloud, offerta da Gladly Software, Inc. con sede a San Francisco.","robots":{"index":"index","follow":"follow","max-snippet":"max-snippet:-1","max-image-preview":"max-image-preview:large","max-video-preview":"max-video-preview:-1"},"canonical":"https:\/\/www.accuratereviews.com\/it\/chat-i-migliori-im-lista\/gladly-recensione\/","og_locale":"it_IT","og_type":"article","og_title":"Gladly: recensione software messaggistica - Accurate Reviews","og_description":"Gladly: recensione piattaforma di servizio clienti basata su cloud, offerta da Gladly Software, Inc. con sede a San Francisco.","og_url":"https:\/\/www.accuratereviews.com\/it\/chat-i-migliori-im-lista\/gladly-recensione\/","og_site_name":"Accurate Reviews","article_modified_time":"2024-01-09T09:43:32+00:00","og_image":[{"width":280,"height":220,"url":"https:\/\/www.accuratereviews.com\/wp-content\/uploads\/2024\/01\/Gladly.webp","type":"image\/webp"}],"twitter_card":"summary_large_image","twitter_misc":{"Tempo di lettura stimato":"3 minuti"},"schema":{"@context":"https:\/\/schema.org","@graph":[{"@type":"WebPage","@id":"https:\/\/www.accuratereviews.com\/it\/chat-i-migliori-im-lista\/gladly-recensione\/","url":"https:\/\/www.accuratereviews.com\/it\/chat-i-migliori-im-lista\/gladly-recensione\/","name":"Gladly: recensione software messaggistica - Accurate Reviews","isPartOf":{"@id":"https:\/\/www.accuratereviews.com\/it\/#website"},"primaryImageOfPage":{"@id":"https:\/\/www.accuratereviews.com\/it\/chat-i-migliori-im-lista\/gladly-recensione\/#primaryimage"},"image":{"@id":"https:\/\/www.accuratereviews.com\/it\/chat-i-migliori-im-lista\/gladly-recensione\/#primaryimage"},"thumbnailUrl":"https:\/\/www.accuratereviews.com\/wp-content\/uploads\/2024\/01\/Gladly.webp","datePublished":"2024-01-08T16:53:05+00:00","dateModified":"2024-01-09T09:43:32+00:00","description":"Gladly: recensione piattaforma di servizio clienti basata su cloud, offerta da Gladly Software, Inc. con sede a San Francisco.","breadcrumb":{"@id":"https:\/\/www.accuratereviews.com\/it\/chat-i-migliori-im-lista\/gladly-recensione\/#breadcrumb"},"inLanguage":"it-IT","potentialAction":[{"@type":"ReadAction","target":["https:\/\/www.accuratereviews.com\/it\/chat-i-migliori-im-lista\/gladly-recensione\/"]}]},{"@type":"ImageObject","inLanguage":"it-IT","@id":"https:\/\/www.accuratereviews.com\/it\/chat-i-migliori-im-lista\/gladly-recensione\/#primaryimage","url":"https:\/\/www.accuratereviews.com\/wp-content\/uploads\/2024\/01\/Gladly.webp","contentUrl":"https:\/\/www.accuratereviews.com\/wp-content\/uploads\/2024\/01\/Gladly.webp","width":280,"height":220},{"@type":"BreadcrumbList","@id":"https:\/\/www.accuratereviews.com\/it\/chat-i-migliori-im-lista\/gladly-recensione\/#breadcrumb","itemListElement":[{"@type":"ListItem","position":1,"name":"Home","item":"https:\/\/www.accuratereviews.com\/it\/"},{"@type":"ListItem","position":2,"name":"Chat: I migliori IM","item":"https:\/\/www.accuratereviews.com\/it\/chat-i-migliori-im-lista\/"},{"@type":"ListItem","position":3,"name":"Gladly"}]},{"@type":"WebSite","@id":"https:\/\/www.accuratereviews.com\/it\/#website","url":"https:\/\/www.accuratereviews.com\/it\/","name":"Accurate Reviews","description":"","potentialAction":[{"@type":"SearchAction","target":{"@type":"EntryPoint","urlTemplate":"https:\/\/www.accuratereviews.com\/it\/?s={search_term_string}"},"query-input":{"@type":"PropertyValueSpecification","valueRequired":true,"valueName":"search_term_string"}}],"inLanguage":"it-IT"}]}},"_links":{"self":[{"href":"https:\/\/www.accuratereviews.com\/it\/wp-json\/wp\/v2\/pages\/73713","targetHints":{"allow":["GET"]}}],"collection":[{"href":"https:\/\/www.accuratereviews.com\/it\/wp-json\/wp\/v2\/pages"}],"about":[{"href":"https:\/\/www.accuratereviews.com\/it\/wp-json\/wp\/v2\/types\/page"}],"author":[{"embeddable":true,"href":"https:\/\/www.accuratereviews.com\/it\/wp-json\/wp\/v2\/users\/19"}],"replies":[{"embeddable":true,"href":"https:\/\/www.accuratereviews.com\/it\/wp-json\/wp\/v2\/comments?post=73713"}],"version-history":[{"count":11,"href":"https:\/\/www.accuratereviews.com\/it\/wp-json\/wp\/v2\/pages\/73713\/revisions"}],"predecessor-version":[{"id":73752,"href":"https:\/\/www.accuratereviews.com\/it\/wp-json\/wp\/v2\/pages\/73713\/revisions\/73752"}],"up":[{"embeddable":true,"href":"https:\/\/www.accuratereviews.com\/it\/wp-json\/wp\/v2\/pages\/5386"}],"wp:featuredmedia":[{"embeddable":true,"href":"https:\/\/www.accuratereviews.com\/it\/wp-json\/wp\/v2\/media\/73718"}],"wp:attachment":[{"href":"https:\/\/www.accuratereviews.com\/it\/wp-json\/wp\/v2\/media?parent=73713"}],"wp:term":[{"taxonomy":"category","embeddable":true,"href":"https:\/\/www.accuratereviews.com\/it\/wp-json\/wp\/v2\/categories?post=73713"},{"taxonomy":"post_tag","embeddable":true,"href":"https:\/\/www.accuratereviews.com\/it\/wp-json\/wp\/v2\/tags?post=73713"},{"taxonomy":"features","embeddable":true,"href":"https:\/\/www.accuratereviews.com\/it\/wp-json\/wp\/v2\/features?post=73713"}],"curies":[{"name":"wp","href":"https:\/\/api.w.org\/{rel}","templated":true}]}}