{"id":7381,"date":"2017-01-17T13:26:25","date_gmt":"2017-01-17T13:26:25","guid":{"rendered":"http:\/\/www.accuratereviews.com\/?page_id=7381\/"},"modified":"2017-01-17T14:04:01","modified_gmt":"2017-01-17T14:04:01","slug":"landigi","status":"publish","type":"page","link":"https:\/\/www.accuratereviews.com\/it\/landing-page-lista-software\/landigi\/","title":{"rendered":"Landigi"},"content":{"rendered":"<div id=\"attachment_5045\" style=\"width: 784px\" class=\"wp-caption alignnone\"><img loading=\"lazy\" decoding=\"async\" aria-describedby=\"caption-attachment-5045\" class=\"size-full wp-image-5045\" src=\"http:\/\/www.accuratereviews.com\/wp-content\/uploads\/2016\/07\/landigi.png\" alt=\"At a first look, Landigi's editor is very simple: but you can find many specific menus whenever you'll need them.\" width=\"774\" height=\"492\" srcset=\"https:\/\/www.accuratereviews.com\/wp-content\/uploads\/2016\/07\/landigi.png 774w, https:\/\/www.accuratereviews.com\/wp-content\/uploads\/2016\/07\/landigi-300x191.png 300w, https:\/\/www.accuratereviews.com\/wp-content\/uploads\/2016\/07\/landigi-768x488.png 768w, https:\/\/www.accuratereviews.com\/wp-content\/uploads\/2016\/07\/landigi-197x125.png 197w, https:\/\/www.accuratereviews.com\/wp-content\/uploads\/2016\/07\/landigi-50x32.png 50w, https:\/\/www.accuratereviews.com\/wp-content\/uploads\/2016\/07\/landigi-636x404.png 636w, https:\/\/www.accuratereviews.com\/wp-content\/uploads\/2016\/07\/landigi-320x203.png 320w, https:\/\/www.accuratereviews.com\/wp-content\/uploads\/2016\/07\/landigi-239x152.png 239w\" sizes=\"auto, (max-width: 774px) 100vw, 774px\" \/><p id=\"caption-attachment-5045\" class=\"wp-caption-text\">A una prima occhiata, l&#8217;editor di Landig \u00e8 molto semplice: ma troverete men\u00f9 pi\u00f9 specifici a seconda del contesto.<\/p><\/div>\n<p><strong>Landigi offre un servizio di creazione delle landing page che combina un editor tradizionale con un sistema di lead generation<\/strong>, ovvero la generazione di contatti profilati ottenuti tramite lecite strategie di marketing. La piattaforma \u00e8 in grado di garantire buoni risultati grazie a strumenti professionali offerti insieme all\u2019ottimo editor. <strong>Il sistema pu\u00f2 sembrare complesso agli utenti insperti, ma con pazienza e pratica si possono ottenere landing page perfette<\/strong>.<\/p>\n<p>Una delle ragioni principali per le quali si creano questo tipo di pagine \u00e8 la raccolta dei dati degli utenti: dall\u2019indirizzo email a dati molto pi\u00f9 precisi che variano a seconda dell\u2019azienda interessata. <strong>Landigi permette di raccogliere le informazioni che servono offrendo diversi form da personalizzare<\/strong>. La piattaforma integra altri utilissimi tool come un CRM e una piattaforma di email marketing, cos\u00ec da poter ottenere dati, gestirli e raggiungere il cliente in base a questi in un\u2019unico flusso di lavoro. <strong>Sono presenti sulla piattaforma anche strumenti per l\u2019analisi delle performance delle landing page<\/strong>, cos\u00ec da permettere un\u2019ottimizzazione costante delle campagne marketing.<\/p>\n<p>Landigi offre un servizio professionale, completo, da testare grazie ai 30 giorni di prova gratuita garantiti. Purtroppo la piattaforma non \u00e8 localizzata in lingua italiana.<\/p>\n","protected":false},"excerpt":{"rendered":"<p>Landigi offre un servizio di creazione delle landing page che combina un editor tradizionale con un sistema di lead generation, ovvero la generazione di contatti profilati ottenuti tramite lecite strategie di marketing.<\/p>\n","protected":false},"author":16,"featured_media":0,"parent":7132,"menu_order":9,"comment_status":"open","ping_status":"closed","template":"g1_template_page_review_new.php","meta":{"_acf_changed":false,"cwp_meta_box_check":"Yes","cwp_rev_product_name":"","cwp_rev_product_image":"","wppr_links":[],"cwp_rev_price":"","wppr_options":[],"wppr_pros":[],"wppr_cons":[],"_monsterinsights_skip_tracking":false,"_monsterinsights_sitenote_active":false,"_monsterinsights_sitenote_note":"","_monsterinsights_sitenote_category":0,"footnotes":""},"categories":[162],"tags":[],"features":[],"class_list":{"0":"post-7381","1":"page","2":"type-page","3":"status-publish","5":"category-landing-page-it"},"wppr_data":{"cwp_meta_box_check":"Yes","cwp_rev_product_name":"","cwp_rev_product_image":"","cwp_image_link":"image","cwp_rev_price":"","wppr_rating":"0.00"},"acf":[],"yoast_head":"<!-- This site is optimized with the Yoast SEO plugin v27.4 - https:\/\/yoast.com\/product\/yoast-seo-wordpress\/ -->\n<title>Landigi recensione miglior landing page creator | Accurate Reviews<\/title>\n<meta name=\"description\" content=\"Landigi \u00e8 una piattaforma in grado di garantire buoni risultati grazie a strumenti professionali offerti insieme all\u2019ottimo editor.\" \/>\n<meta name=\"robots\" content=\"index, follow, max-snippet:-1, max-image-preview:large, max-video-preview:-1\" \/>\n<link rel=\"canonical\" href=\"https:\/\/www.accuratereviews.com\/it\/landing-page-lista-software\/landigi\/\" \/>\n<meta property=\"og:locale\" content=\"it_IT\" \/>\n<meta property=\"og:type\" content=\"article\" \/>\n<meta property=\"og:title\" content=\"Landigi recensione miglior landing page creator | Accurate Reviews\" \/>\n<meta property=\"og:description\" content=\"Landigi \u00e8 una piattaforma in grado di garantire buoni risultati grazie a strumenti professionali offerti insieme all\u2019ottimo editor.\" \/>\n<meta property=\"og:url\" content=\"https:\/\/www.accuratereviews.com\/it\/landing-page-lista-software\/landigi\/\" \/>\n<meta property=\"og:site_name\" content=\"Accurate Reviews\" \/>\n<meta property=\"article:modified_time\" content=\"2017-01-17T14:04:01+00:00\" \/>\n<meta property=\"og:image\" content=\"http:\/\/www.accuratereviews.com\/wp-content\/uploads\/2016\/07\/landigi.png\" \/>\n<meta name=\"twitter:card\" content=\"summary_large_image\" \/>\n<meta name=\"twitter:label1\" content=\"Tempo di lettura stimato\" \/>\n\t<meta name=\"twitter:data1\" content=\"1 minuto\" \/>\n<script type=\"application\/ld+json\" class=\"yoast-schema-graph\">{\"@context\":\"https:\\\/\\\/schema.org\",\"@graph\":[{\"@type\":\"WebPage\",\"@id\":\"https:\\\/\\\/www.accuratereviews.com\\\/it\\\/landing-page-lista-software\\\/landigi\\\/\",\"url\":\"https:\\\/\\\/www.accuratereviews.com\\\/it\\\/landing-page-lista-software\\\/landigi\\\/\",\"name\":\"Landigi recensione miglior landing page creator | Accurate Reviews\",\"isPartOf\":{\"@id\":\"https:\\\/\\\/www.accuratereviews.com\\\/it\\\/#website\"},\"primaryImageOfPage\":{\"@id\":\"https:\\\/\\\/www.accuratereviews.com\\\/it\\\/landing-page-lista-software\\\/landigi\\\/#primaryimage\"},\"image\":{\"@id\":\"https:\\\/\\\/www.accuratereviews.com\\\/it\\\/landing-page-lista-software\\\/landigi\\\/#primaryimage\"},\"thumbnailUrl\":\"http:\\\/\\\/www.accuratereviews.com\\\/wp-content\\\/uploads\\\/2016\\\/07\\\/landigi.png\",\"datePublished\":\"2017-01-17T13:26:25+00:00\",\"dateModified\":\"2017-01-17T14:04:01+00:00\",\"description\":\"Landigi \u00e8 una piattaforma in grado di garantire buoni risultati grazie a strumenti professionali offerti insieme all\u2019ottimo editor.\",\"breadcrumb\":{\"@id\":\"https:\\\/\\\/www.accuratereviews.com\\\/it\\\/landing-page-lista-software\\\/landigi\\\/#breadcrumb\"},\"inLanguage\":\"it-IT\",\"potentialAction\":[{\"@type\":\"ReadAction\",\"target\":[\"https:\\\/\\\/www.accuratereviews.com\\\/it\\\/landing-page-lista-software\\\/landigi\\\/\"]}]},{\"@type\":\"ImageObject\",\"inLanguage\":\"it-IT\",\"@id\":\"https:\\\/\\\/www.accuratereviews.com\\\/it\\\/landing-page-lista-software\\\/landigi\\\/#primaryimage\",\"url\":\"http:\\\/\\\/www.accuratereviews.com\\\/wp-content\\\/uploads\\\/2016\\\/07\\\/landigi.png\",\"contentUrl\":\"http:\\\/\\\/www.accuratereviews.com\\\/wp-content\\\/uploads\\\/2016\\\/07\\\/landigi.png\"},{\"@type\":\"BreadcrumbList\",\"@id\":\"https:\\\/\\\/www.accuratereviews.com\\\/it\\\/landing-page-lista-software\\\/landigi\\\/#breadcrumb\",\"itemListElement\":[{\"@type\":\"ListItem\",\"position\":1,\"name\":\"Home\",\"item\":\"https:\\\/\\\/www.accuratereviews.com\\\/it\\\/\"},{\"@type\":\"ListItem\",\"position\":2,\"name\":\"Landing Page\",\"item\":\"https:\\\/\\\/www.accuratereviews.com\\\/it\\\/landing-page-lista-software\\\/\"},{\"@type\":\"ListItem\",\"position\":3,\"name\":\"Landigi\"}]},{\"@type\":\"WebSite\",\"@id\":\"https:\\\/\\\/www.accuratereviews.com\\\/it\\\/#website\",\"url\":\"https:\\\/\\\/www.accuratereviews.com\\\/it\\\/\",\"name\":\"Accurate Reviews\",\"description\":\"\",\"potentialAction\":[{\"@type\":\"SearchAction\",\"target\":{\"@type\":\"EntryPoint\",\"urlTemplate\":\"https:\\\/\\\/www.accuratereviews.com\\\/it\\\/?s={search_term_string}\"},\"query-input\":{\"@type\":\"PropertyValueSpecification\",\"valueRequired\":true,\"valueName\":\"search_term_string\"}}],\"inLanguage\":\"it-IT\"}]}<\/script>\n<!-- \/ Yoast SEO plugin. -->","yoast_head_json":{"title":"Landigi recensione miglior landing page creator | Accurate Reviews","description":"Landigi \u00e8 una piattaforma in grado di garantire buoni risultati grazie a strumenti professionali offerti insieme all\u2019ottimo editor.","robots":{"index":"index","follow":"follow","max-snippet":"max-snippet:-1","max-image-preview":"max-image-preview:large","max-video-preview":"max-video-preview:-1"},"canonical":"https:\/\/www.accuratereviews.com\/it\/landing-page-lista-software\/landigi\/","og_locale":"it_IT","og_type":"article","og_title":"Landigi recensione miglior landing page creator | Accurate Reviews","og_description":"Landigi \u00e8 una piattaforma in grado di garantire buoni risultati grazie a strumenti professionali offerti insieme all\u2019ottimo editor.","og_url":"https:\/\/www.accuratereviews.com\/it\/landing-page-lista-software\/landigi\/","og_site_name":"Accurate Reviews","article_modified_time":"2017-01-17T14:04:01+00:00","og_image":[{"url":"http:\/\/www.accuratereviews.com\/wp-content\/uploads\/2016\/07\/landigi.png","type":"","width":"","height":""}],"twitter_card":"summary_large_image","twitter_misc":{"Tempo di lettura stimato":"1 minuto"},"schema":{"@context":"https:\/\/schema.org","@graph":[{"@type":"WebPage","@id":"https:\/\/www.accuratereviews.com\/it\/landing-page-lista-software\/landigi\/","url":"https:\/\/www.accuratereviews.com\/it\/landing-page-lista-software\/landigi\/","name":"Landigi recensione miglior landing page creator | Accurate Reviews","isPartOf":{"@id":"https:\/\/www.accuratereviews.com\/it\/#website"},"primaryImageOfPage":{"@id":"https:\/\/www.accuratereviews.com\/it\/landing-page-lista-software\/landigi\/#primaryimage"},"image":{"@id":"https:\/\/www.accuratereviews.com\/it\/landing-page-lista-software\/landigi\/#primaryimage"},"thumbnailUrl":"http:\/\/www.accuratereviews.com\/wp-content\/uploads\/2016\/07\/landigi.png","datePublished":"2017-01-17T13:26:25+00:00","dateModified":"2017-01-17T14:04:01+00:00","description":"Landigi \u00e8 una piattaforma in grado di garantire buoni risultati grazie a strumenti professionali offerti insieme all\u2019ottimo editor.","breadcrumb":{"@id":"https:\/\/www.accuratereviews.com\/it\/landing-page-lista-software\/landigi\/#breadcrumb"},"inLanguage":"it-IT","potentialAction":[{"@type":"ReadAction","target":["https:\/\/www.accuratereviews.com\/it\/landing-page-lista-software\/landigi\/"]}]},{"@type":"ImageObject","inLanguage":"it-IT","@id":"https:\/\/www.accuratereviews.com\/it\/landing-page-lista-software\/landigi\/#primaryimage","url":"http:\/\/www.accuratereviews.com\/wp-content\/uploads\/2016\/07\/landigi.png","contentUrl":"http:\/\/www.accuratereviews.com\/wp-content\/uploads\/2016\/07\/landigi.png"},{"@type":"BreadcrumbList","@id":"https:\/\/www.accuratereviews.com\/it\/landing-page-lista-software\/landigi\/#breadcrumb","itemListElement":[{"@type":"ListItem","position":1,"name":"Home","item":"https:\/\/www.accuratereviews.com\/it\/"},{"@type":"ListItem","position":2,"name":"Landing Page","item":"https:\/\/www.accuratereviews.com\/it\/landing-page-lista-software\/"},{"@type":"ListItem","position":3,"name":"Landigi"}]},{"@type":"WebSite","@id":"https:\/\/www.accuratereviews.com\/it\/#website","url":"https:\/\/www.accuratereviews.com\/it\/","name":"Accurate Reviews","description":"","potentialAction":[{"@type":"SearchAction","target":{"@type":"EntryPoint","urlTemplate":"https:\/\/www.accuratereviews.com\/it\/?s={search_term_string}"},"query-input":{"@type":"PropertyValueSpecification","valueRequired":true,"valueName":"search_term_string"}}],"inLanguage":"it-IT"}]}},"_links":{"self":[{"href":"https:\/\/www.accuratereviews.com\/it\/wp-json\/wp\/v2\/pages\/7381","targetHints":{"allow":["GET"]}}],"collection":[{"href":"https:\/\/www.accuratereviews.com\/it\/wp-json\/wp\/v2\/pages"}],"about":[{"href":"https:\/\/www.accuratereviews.com\/it\/wp-json\/wp\/v2\/types\/page"}],"author":[{"embeddable":true,"href":"https:\/\/www.accuratereviews.com\/it\/wp-json\/wp\/v2\/users\/16"}],"replies":[{"embeddable":true,"href":"https:\/\/www.accuratereviews.com\/it\/wp-json\/wp\/v2\/comments?post=7381"}],"version-history":[{"count":4,"href":"https:\/\/www.accuratereviews.com\/it\/wp-json\/wp\/v2\/pages\/7381\/revisions"}],"predecessor-version":[{"id":7385,"href":"https:\/\/www.accuratereviews.com\/it\/wp-json\/wp\/v2\/pages\/7381\/revisions\/7385"}],"up":[{"embeddable":true,"href":"https:\/\/www.accuratereviews.com\/it\/wp-json\/wp\/v2\/pages\/7132"}],"wp:attachment":[{"href":"https:\/\/www.accuratereviews.com\/it\/wp-json\/wp\/v2\/media?parent=7381"}],"wp:term":[{"taxonomy":"category","embeddable":true,"href":"https:\/\/www.accuratereviews.com\/it\/wp-json\/wp\/v2\/categories?post=7381"},{"taxonomy":"post_tag","embeddable":true,"href":"https:\/\/www.accuratereviews.com\/it\/wp-json\/wp\/v2\/tags?post=7381"},{"taxonomy":"features","embeddable":true,"href":"https:\/\/www.accuratereviews.com\/it\/wp-json\/wp\/v2\/features?post=7381"}],"curies":[{"name":"wp","href":"https:\/\/api.w.org\/{rel}","templated":true}]}}