{"id":7386,"date":"2017-01-17T14:15:31","date_gmt":"2017-01-17T14:15:31","guid":{"rendered":"http:\/\/www.accuratereviews.com\/?page_id=7386\/"},"modified":"2017-01-17T14:37:17","modified_gmt":"2017-01-17T14:37:17","slug":"lander","status":"publish","type":"page","link":"https:\/\/www.accuratereviews.com\/it\/landing-page-lista-software\/lander\/","title":{"rendered":"Lander"},"content":{"rendered":"<p><a href=\"http:\/\/www.accuratereviews.com\/wp-content\/uploads\/2016\/07\/Lander.png\"><img loading=\"lazy\" decoding=\"async\" class=\"aligncenter size-large wp-image-5101\" src=\"http:\/\/www.accuratereviews.com\/wp-content\/uploads\/2016\/07\/Lander-1024x564.png\" alt=\"Lander\" width=\"686\" height=\"378\" srcset=\"https:\/\/www.accuratereviews.com\/wp-content\/uploads\/2016\/07\/Lander-1024x564.png 1024w, https:\/\/www.accuratereviews.com\/wp-content\/uploads\/2016\/07\/Lander-300x165.png 300w, https:\/\/www.accuratereviews.com\/wp-content\/uploads\/2016\/07\/Lander-768x423.png 768w, https:\/\/www.accuratereviews.com\/wp-content\/uploads\/2016\/07\/Lander-227x125.png 227w, https:\/\/www.accuratereviews.com\/wp-content\/uploads\/2016\/07\/Lander-50x28.png 50w, https:\/\/www.accuratereviews.com\/wp-content\/uploads\/2016\/07\/Lander-968x533.png 968w, https:\/\/www.accuratereviews.com\/wp-content\/uploads\/2016\/07\/Lander-636x350.png 636w, https:\/\/www.accuratereviews.com\/wp-content\/uploads\/2016\/07\/Lander-320x176.png 320w, https:\/\/www.accuratereviews.com\/wp-content\/uploads\/2016\/07\/Lander-239x132.png 239w\" sizes=\"auto, (max-width: 686px) 100vw, 686px\" \/><\/a><\/p>\n<p><strong>Lander \u00e8 uno dei servizi per la creazone di landing page pi\u00f9 utilizzati internazionalmente<\/strong>. Caratterizzato da un semplice processo di creazione delle pagine con indicazioni passo dopo passo, nasce per gestire pagine sui social media, campagne PPC e di email marketing.<\/p>\n<p><strong>Lo scopo di Lander \u00e8 quello di aiutarvi a trasformare visitatori interessati in acquirenti<\/strong>. Un breve, ma chiaro, tutorial iniziale vi mostrer\u00e0 le fasi di creazione della vostra landing page, portandovi poi direttamente all\u2019editor drag-and-drop. <strong>Non \u00e8 richiesta alcuna conoscenza di HTML o CSS<\/strong>: \u00e8 possibile partire direttamente da uno di template pronti organizzati in categorie (tra le quali troviamo anche landing page per Facebook). L\u2019editor soffre di qualche bug e mancanzaa di funzionalit\u00e0, ma \u00e8 alla portata di tutti.<\/p>\n<p>Complessivamente Lander offre una soluzione semplice per la conquista di nuovi contatti garantendo integrazione con i maggiori servizi di email marketing e CRM. <strong>I piani di pagamento proposti sono pi\u00f9 ragionevoli della maggior parte dei concorrenti<\/strong>. Non esiste localizzazione in lingua italiana. Se siete interessati ad una recensione di Lander pi\u00f9 dettagliata, <a href=\"https:\/\/www.accuratereviews.com\/landing-pages-software-reviews-list\/lander\/\" title=\"date un\u2019occhiata al nostro approfondimento in inglese\">date un\u2019occhiata al nostro approfondimento in inglese<\/a>.<\/p>\n","protected":false},"excerpt":{"rendered":"<p>Lander \u00e8 uno dei servizi per la creazone di landing page pi\u00f9 utilizzati internazionalmente. Caratterizzato da un semplice processo di creazione delle pagine con indicazioni passo dopo passo, nasce per gestire pagine sui social media, campagne PPC e di email marketing.<\/p>\n","protected":false},"author":16,"featured_media":0,"parent":7132,"menu_order":14,"comment_status":"open","ping_status":"closed","template":"g1_template_page_review_new.php","meta":{"_acf_changed":false,"cwp_meta_box_check":"Yes","cwp_rev_product_name":"","cwp_rev_product_image":"","wppr_links":[],"cwp_rev_price":"","wppr_options":[],"wppr_pros":[],"wppr_cons":[],"_monsterinsights_skip_tracking":false,"_monsterinsights_sitenote_active":false,"_monsterinsights_sitenote_note":"","_monsterinsights_sitenote_category":0,"footnotes":""},"categories":[162],"tags":[],"features":[],"class_list":{"0":"post-7386","1":"page","2":"type-page","3":"status-publish","5":"category-landing-page-it"},"wppr_data":{"cwp_meta_box_check":"Yes","cwp_rev_product_name":"","cwp_rev_product_image":"","cwp_image_link":"image","cwp_rev_price":"","wppr_rating":"0.00"},"acf":[],"yoast_head":"<!-- This site is optimized with the Yoast SEO plugin v27.4 - https:\/\/yoast.com\/product\/yoast-seo-wordpress\/ -->\n<title>Lander recensione miglior landing page creator | Accurate Reviews<\/title>\n<meta name=\"description\" content=\"Lander \u00e8 uno dei servizi per la creazone di landing page pi\u00f9 utilizzati internazionalmente: e non \u00e8 richiesta alcuna conoscenza di HTML o CSS.\" \/>\n<meta name=\"robots\" content=\"index, follow, max-snippet:-1, max-image-preview:large, max-video-preview:-1\" \/>\n<link rel=\"canonical\" href=\"https:\/\/www.accuratereviews.com\/it\/landing-page-lista-software\/lander\/\" \/>\n<meta property=\"og:locale\" content=\"it_IT\" \/>\n<meta property=\"og:type\" content=\"article\" \/>\n<meta property=\"og:title\" content=\"Lander recensione miglior landing page creator | Accurate Reviews\" \/>\n<meta property=\"og:description\" content=\"Lander \u00e8 uno dei servizi per la creazone di landing page pi\u00f9 utilizzati internazionalmente: e non \u00e8 richiesta alcuna conoscenza di HTML o CSS.\" \/>\n<meta property=\"og:url\" content=\"https:\/\/www.accuratereviews.com\/it\/landing-page-lista-software\/lander\/\" \/>\n<meta property=\"og:site_name\" content=\"Accurate Reviews\" \/>\n<meta property=\"article:modified_time\" content=\"2017-01-17T14:37:17+00:00\" \/>\n<meta property=\"og:image\" content=\"http:\/\/www.accuratereviews.com\/wp-content\/uploads\/2016\/07\/Lander-1024x564.png\" \/>\n<meta name=\"twitter:card\" content=\"summary_large_image\" \/>\n<meta name=\"twitter:label1\" content=\"Tempo di lettura stimato\" \/>\n\t<meta name=\"twitter:data1\" content=\"1 minuto\" \/>\n<script type=\"application\/ld+json\" class=\"yoast-schema-graph\">{\"@context\":\"https:\\\/\\\/schema.org\",\"@graph\":[{\"@type\":\"WebPage\",\"@id\":\"https:\\\/\\\/www.accuratereviews.com\\\/it\\\/landing-page-lista-software\\\/lander\\\/\",\"url\":\"https:\\\/\\\/www.accuratereviews.com\\\/it\\\/landing-page-lista-software\\\/lander\\\/\",\"name\":\"Lander recensione miglior landing page creator | Accurate Reviews\",\"isPartOf\":{\"@id\":\"https:\\\/\\\/www.accuratereviews.com\\\/it\\\/#website\"},\"primaryImageOfPage\":{\"@id\":\"https:\\\/\\\/www.accuratereviews.com\\\/it\\\/landing-page-lista-software\\\/lander\\\/#primaryimage\"},\"image\":{\"@id\":\"https:\\\/\\\/www.accuratereviews.com\\\/it\\\/landing-page-lista-software\\\/lander\\\/#primaryimage\"},\"thumbnailUrl\":\"http:\\\/\\\/www.accuratereviews.com\\\/wp-content\\\/uploads\\\/2016\\\/07\\\/Lander-1024x564.png\",\"datePublished\":\"2017-01-17T14:15:31+00:00\",\"dateModified\":\"2017-01-17T14:37:17+00:00\",\"description\":\"Lander \u00e8 uno dei servizi per la creazone di landing page pi\u00f9 utilizzati internazionalmente: e non \u00e8 richiesta alcuna conoscenza di HTML o CSS.\",\"breadcrumb\":{\"@id\":\"https:\\\/\\\/www.accuratereviews.com\\\/it\\\/landing-page-lista-software\\\/lander\\\/#breadcrumb\"},\"inLanguage\":\"it-IT\",\"potentialAction\":[{\"@type\":\"ReadAction\",\"target\":[\"https:\\\/\\\/www.accuratereviews.com\\\/it\\\/landing-page-lista-software\\\/lander\\\/\"]}]},{\"@type\":\"ImageObject\",\"inLanguage\":\"it-IT\",\"@id\":\"https:\\\/\\\/www.accuratereviews.com\\\/it\\\/landing-page-lista-software\\\/lander\\\/#primaryimage\",\"url\":\"http:\\\/\\\/www.accuratereviews.com\\\/wp-content\\\/uploads\\\/2016\\\/07\\\/Lander-1024x564.png\",\"contentUrl\":\"http:\\\/\\\/www.accuratereviews.com\\\/wp-content\\\/uploads\\\/2016\\\/07\\\/Lander-1024x564.png\"},{\"@type\":\"BreadcrumbList\",\"@id\":\"https:\\\/\\\/www.accuratereviews.com\\\/it\\\/landing-page-lista-software\\\/lander\\\/#breadcrumb\",\"itemListElement\":[{\"@type\":\"ListItem\",\"position\":1,\"name\":\"Home\",\"item\":\"https:\\\/\\\/www.accuratereviews.com\\\/it\\\/\"},{\"@type\":\"ListItem\",\"position\":2,\"name\":\"Landing Page\",\"item\":\"https:\\\/\\\/www.accuratereviews.com\\\/it\\\/landing-page-lista-software\\\/\"},{\"@type\":\"ListItem\",\"position\":3,\"name\":\"Lander\"}]},{\"@type\":\"WebSite\",\"@id\":\"https:\\\/\\\/www.accuratereviews.com\\\/it\\\/#website\",\"url\":\"https:\\\/\\\/www.accuratereviews.com\\\/it\\\/\",\"name\":\"Accurate Reviews\",\"description\":\"\",\"potentialAction\":[{\"@type\":\"SearchAction\",\"target\":{\"@type\":\"EntryPoint\",\"urlTemplate\":\"https:\\\/\\\/www.accuratereviews.com\\\/it\\\/?s={search_term_string}\"},\"query-input\":{\"@type\":\"PropertyValueSpecification\",\"valueRequired\":true,\"valueName\":\"search_term_string\"}}],\"inLanguage\":\"it-IT\"}]}<\/script>\n<!-- \/ Yoast SEO plugin. -->","yoast_head_json":{"title":"Lander recensione miglior landing page creator | Accurate Reviews","description":"Lander \u00e8 uno dei servizi per la creazone di landing page pi\u00f9 utilizzati internazionalmente: e non \u00e8 richiesta alcuna conoscenza di HTML o CSS.","robots":{"index":"index","follow":"follow","max-snippet":"max-snippet:-1","max-image-preview":"max-image-preview:large","max-video-preview":"max-video-preview:-1"},"canonical":"https:\/\/www.accuratereviews.com\/it\/landing-page-lista-software\/lander\/","og_locale":"it_IT","og_type":"article","og_title":"Lander recensione miglior landing page creator | Accurate Reviews","og_description":"Lander \u00e8 uno dei servizi per la creazone di landing page pi\u00f9 utilizzati internazionalmente: e non \u00e8 richiesta alcuna conoscenza di HTML o CSS.","og_url":"https:\/\/www.accuratereviews.com\/it\/landing-page-lista-software\/lander\/","og_site_name":"Accurate Reviews","article_modified_time":"2017-01-17T14:37:17+00:00","og_image":[{"url":"http:\/\/www.accuratereviews.com\/wp-content\/uploads\/2016\/07\/Lander-1024x564.png","type":"","width":"","height":""}],"twitter_card":"summary_large_image","twitter_misc":{"Tempo di lettura stimato":"1 minuto"},"schema":{"@context":"https:\/\/schema.org","@graph":[{"@type":"WebPage","@id":"https:\/\/www.accuratereviews.com\/it\/landing-page-lista-software\/lander\/","url":"https:\/\/www.accuratereviews.com\/it\/landing-page-lista-software\/lander\/","name":"Lander recensione miglior landing page creator | Accurate Reviews","isPartOf":{"@id":"https:\/\/www.accuratereviews.com\/it\/#website"},"primaryImageOfPage":{"@id":"https:\/\/www.accuratereviews.com\/it\/landing-page-lista-software\/lander\/#primaryimage"},"image":{"@id":"https:\/\/www.accuratereviews.com\/it\/landing-page-lista-software\/lander\/#primaryimage"},"thumbnailUrl":"http:\/\/www.accuratereviews.com\/wp-content\/uploads\/2016\/07\/Lander-1024x564.png","datePublished":"2017-01-17T14:15:31+00:00","dateModified":"2017-01-17T14:37:17+00:00","description":"Lander \u00e8 uno dei servizi per la creazone di landing page pi\u00f9 utilizzati internazionalmente: e non \u00e8 richiesta alcuna conoscenza di HTML o CSS.","breadcrumb":{"@id":"https:\/\/www.accuratereviews.com\/it\/landing-page-lista-software\/lander\/#breadcrumb"},"inLanguage":"it-IT","potentialAction":[{"@type":"ReadAction","target":["https:\/\/www.accuratereviews.com\/it\/landing-page-lista-software\/lander\/"]}]},{"@type":"ImageObject","inLanguage":"it-IT","@id":"https:\/\/www.accuratereviews.com\/it\/landing-page-lista-software\/lander\/#primaryimage","url":"http:\/\/www.accuratereviews.com\/wp-content\/uploads\/2016\/07\/Lander-1024x564.png","contentUrl":"http:\/\/www.accuratereviews.com\/wp-content\/uploads\/2016\/07\/Lander-1024x564.png"},{"@type":"BreadcrumbList","@id":"https:\/\/www.accuratereviews.com\/it\/landing-page-lista-software\/lander\/#breadcrumb","itemListElement":[{"@type":"ListItem","position":1,"name":"Home","item":"https:\/\/www.accuratereviews.com\/it\/"},{"@type":"ListItem","position":2,"name":"Landing Page","item":"https:\/\/www.accuratereviews.com\/it\/landing-page-lista-software\/"},{"@type":"ListItem","position":3,"name":"Lander"}]},{"@type":"WebSite","@id":"https:\/\/www.accuratereviews.com\/it\/#website","url":"https:\/\/www.accuratereviews.com\/it\/","name":"Accurate Reviews","description":"","potentialAction":[{"@type":"SearchAction","target":{"@type":"EntryPoint","urlTemplate":"https:\/\/www.accuratereviews.com\/it\/?s={search_term_string}"},"query-input":{"@type":"PropertyValueSpecification","valueRequired":true,"valueName":"search_term_string"}}],"inLanguage":"it-IT"}]}},"_links":{"self":[{"href":"https:\/\/www.accuratereviews.com\/it\/wp-json\/wp\/v2\/pages\/7386","targetHints":{"allow":["GET"]}}],"collection":[{"href":"https:\/\/www.accuratereviews.com\/it\/wp-json\/wp\/v2\/pages"}],"about":[{"href":"https:\/\/www.accuratereviews.com\/it\/wp-json\/wp\/v2\/types\/page"}],"author":[{"embeddable":true,"href":"https:\/\/www.accuratereviews.com\/it\/wp-json\/wp\/v2\/users\/16"}],"replies":[{"embeddable":true,"href":"https:\/\/www.accuratereviews.com\/it\/wp-json\/wp\/v2\/comments?post=7386"}],"version-history":[{"count":6,"href":"https:\/\/www.accuratereviews.com\/it\/wp-json\/wp\/v2\/pages\/7386\/revisions"}],"predecessor-version":[{"id":7397,"href":"https:\/\/www.accuratereviews.com\/it\/wp-json\/wp\/v2\/pages\/7386\/revisions\/7397"}],"up":[{"embeddable":true,"href":"https:\/\/www.accuratereviews.com\/it\/wp-json\/wp\/v2\/pages\/7132"}],"wp:attachment":[{"href":"https:\/\/www.accuratereviews.com\/it\/wp-json\/wp\/v2\/media?parent=7386"}],"wp:term":[{"taxonomy":"category","embeddable":true,"href":"https:\/\/www.accuratereviews.com\/it\/wp-json\/wp\/v2\/categories?post=7386"},{"taxonomy":"post_tag","embeddable":true,"href":"https:\/\/www.accuratereviews.com\/it\/wp-json\/wp\/v2\/tags?post=7386"},{"taxonomy":"features","embeddable":true,"href":"https:\/\/www.accuratereviews.com\/it\/wp-json\/wp\/v2\/features?post=7386"}],"curies":[{"name":"wp","href":"https:\/\/api.w.org\/{rel}","templated":true}]}}