{"id":73906,"date":"2024-01-17T15:37:24","date_gmt":"2024-01-17T15:37:24","guid":{"rendered":"https:\/\/www.accuratereviews.com\/?page_id=73906"},"modified":"2024-01-17T15:37:24","modified_gmt":"2024-01-17T15:37:24","slug":"bigin-recensione","status":"publish","type":"page","link":"https:\/\/www.accuratereviews.com\/it\/chat-i-migliori-im-lista\/bigin-recensione\/","title":{"rendered":"Bigin"},"content":{"rendered":"<p><strong>Bigin<\/strong> \u00e8 un <strong>software di gestione delle relazioni<\/strong> con i clienti, progettato per aiutare le piccole imprese a gestire le pipeline di vendita, pianificare i follow-up e aggiornare i record dei clienti. Consente ai dipendenti di acquisire e archiviare i dettagli dei potenziali clienti, tra cui offerte, email, attivit\u00e0, tweet e altro in un archivio centralizzato.<br \/>\nL&#8217;applicazione permette agli utenti di creare e incorporare moduli web nei siti aziendali per acquisire informazioni sui lead. Gli utenti possono anche utilizzare il<strong> sistema di telefonia integrato<\/strong> per connettersi con potenziali o vecchi clienti \u00a0e aggiornare automaticamente i record delle chiamate. Con il modulo di gestione delle attivit\u00e0 i dipendenti possono creare attivit\u00e0, pianificare chiamate, creare eventi e impostare promemoria di attivit\u00e0. Altre funzionalit\u00e0 sono la gestione del flusso di lavoro, le notifiche automatizzate, la collaborazione, l&#8217;importazione dei dati, il registro di controllo, i modelli di posta elettronica e altro ancora.<\/p>\n<h2>BIGIN &#8211; TUTORIAL<\/h2>\n<div id=\"fluid-wrapper-counter-1\" class=\"g1-fluid-wrapper \" style=\"width:686px;\">\n<div style=\"padding-bottom:56.268221574344%;\"><iframe loading=\"lazy\" title=\"Bigin by Zoho CRM | An introduction to the CRM software built and priced for small businesses\" width=\"686\" height=\"386\" src=\"https:\/\/www.youtube.com\/embed\/1NQ8apHhLsU?feature=oembed&amp;wmode=transparent&amp;autohide=1&amp;autoplay=0&amp;disablekb=0&amp;fs=1&amp;loop=0&amp;enablejsapi=1&amp;rel=0&amp;controls=2&amp;showinfo=0&amp;wmode=transparent&amp;autohide=2&amp;autoplay=0&amp;disablekb=0&amp;fs=1&amp;loop=0&amp;enablejsapi=1&amp;rel=0&amp;controls=2&amp;showinfo=1\" frameborder=\"0\" allow=\"accelerometer; autoplay; clipboard-write; encrypted-media; gyroscope; picture-in-picture; web-share\" allowfullscreen><\/iframe><\/div>\n<\/div>\n<h3>BIGIN &#8211; CARATTERISTICHE<\/h3>\n<ul>\n<li><strong>Pipeline di squadra<\/strong>: unifica tutte le operazioni rivolte ai clienti con le pipeline dei team. Il tuo account pu\u00f2 essere l&#8217;unica fonte di verit\u00e0 per tutte le informazioni sui tuoi clienti, protette da diversi team a contatto con i clienti<\/li>\n<li><strong>Collegamento<\/strong>: tieni traccia dei percorsi dei tuoi clienti dall&#8217;inizio alla fine creando automazioni del flusso di lavoro per monitorare le loro transizioni da una fase a quella successiva attraverso le pipeline del team.<\/li>\n<li><strong>Gestione dei compiti<\/strong>: gestisci i tuoi compiti e le tue attivit\u00e0 dalle tue pipeline. Crea attivit\u00e0, seguile, completale ed eliminale in pochi minuti con pochi clic.<\/li>\n<li><strong>Prodotti<\/strong>: crea un elenco di prodotti, associali automaticamente a nuove offerte e tieni sotto controllo le tue vendite.<\/li>\n<li><strong>Importa, esporta e migra<\/strong>: importa automaticamente i dati dai tuoi fogli di calcolo nel tuo account. Esporta i dati dai tuoi moduli e salvali per un riferimento futuro.<\/li>\n<li><strong>Forme<\/strong>: crea rapidamente moduli personalizzati, condividili su pi\u00f9 canali e acquisisci un&#8217;ampia gamma di dati dai tuoi clienti e potenziali clienti.<\/li>\n<li><strong>Rimani connesso in tempo reale<\/strong>: goditi le notifiche in tempo reale di nuove email, chiamate perse e altri tipi di aggiornamenti con Bigin&#8217;s Signals.<\/li>\n<li><strong>Gmail<\/strong>: cattura automaticamente i contatti dalla tua casella di posta Gmail senza cambiare scheda tra le applicazioni.<\/li>\n<li><strong>Telefonia integrata<\/strong>: i tuoi contatti e i tuoi clienti sono solo a un squillo di distanza! Connettiti con loro tramite chiamate dal tuo CRM tramite la telefonia integrata.<\/li>\n<li><strong>Integrazione WhatsApp<\/strong>: comunica tramite le chat di WhatsApp, ricevi tutte le informazioni necessarie mentre interagisci con un contatto e semplifica la gestione complessiva dei contatti.<\/li>\n<li><strong>Email<\/strong>: associa automaticamente le email in arrivo ai contatti nel tuo CRM e analizza l&#8217;efficacia delle tue campagne con approfondimenti email.<\/li>\n<li><strong>X (in precedenza Twitter)<\/strong>: rtimani in contatto con i tuoi contatti e clienti su X dal tuo account.<\/li>\n<li><strong>Comunicazione<\/strong>: ospita riunioni e conferenze con i clienti all&#8217;interno della soluzione attraverso le integrazioni con Zoho Meeting, Microsoft Teams e Zoom.<\/li>\n<li><strong>Gestione delle attivit\u00e0<\/strong>: mantieni una panoramica di tutte le tue attivit\u00e0 importanti, come attivit\u00e0, chiamate ed eventi. Avvisa i tuoi compagni di squadra con @menzioni e collabora senza sforzo.<\/li>\n<li><strong>Tag e note<\/strong>: aggiungi tag colorati per identificare rapidamente i record e lascia note in modo che i membri del tuo team possano rimanere pienamente informati.<\/li>\n<li><strong>Multivaluta<\/strong>: crea offerte in valute internazionali in base a dove si trovano i tuoi clienti, impostando al tempo stesso una valuta nazionale per la tua organizzazione.<\/li>\n<li><strong>Ruoli e profili<\/strong>: proteggi le informazioni dei tuoi clienti creando autorizzazioni di accesso basate sul profilo, garantendo che i dati vengano condivisi solo con le persone che ne hanno bisogno.<\/li>\n<li><strong>Registri di controllo<\/strong>: visualizza un registro cronologico di ogni azione eseguita nel tuo account per migliorare la documentazione e la conformit\u00e0.<\/li>\n<li><strong>Gestione duplicati<\/strong>: identifica, previeni e rimuovi il verificarsi di duplicati e mantieni l&#8217;integrit\u00e0 dei dati dei tuoi clienti.<\/li>\n<\/ul>\n<h4>LE RECENSIONI DEGLI UTENTI<\/h4>\n<p><strong>Natale &#8220;Valutazione dell&#8217;utilizzo di &#8220;Bigin&#8221;<\/strong><br \/>\n<strong>Commenti<\/strong>: Esperienza sicuramente ottima, molto migliorativa rispetto ad altri CRM utilizzati in passato.<br \/>\n<strong>Pro<\/strong>: La funzionalit\u00e0 del software \u00e8 indiscutibile, molto intuitivo e ci aggiungerei abbastanza &#8220;guidato&#8221; nella propria dinamica. Nello stesso periodo di utilizzo della versione di prova di Bigin ho utilizzato altri CRM, ma questo \u00e8 di sicuro il migliore che abbia mai provato. IL prezzo \u00e8 molto accessibile, se paragonato soprattutto ad altri CRM di similari caratteristiche e funzionalit\u00e0. Molte le potenzialit\u00e0 che offre il software nel proprio utilizzo. Mi sta cambiando il modo di lavorare di giorno in giorno.<br \/>\n<strong>Contro<\/strong>: Un po&#8217; difficoltoso all&#8217;inizio l&#8217;importazione dei contatti, pur essendoci la sincronizzazione con Google e dunque anche con i contatti, ho trovato i passaggi un po&#8217; &#8220;macchinosi&#8221; i passaggi da fare, ma dopo aver capito la funzionalit\u00e0 non ho pi\u00f9 avuto difficolt\u00e0.<\/p>\n<p><strong>Amit &#8220;\u00c8 necessario disporre di uno strumento CRM per i proprietari di piccole imprese&#8221;<\/strong><br \/>\n<strong>Pro<\/strong>: Puoi gestire facilmente la tua pipeline di vendita con facilit\u00e0. Adoro la pipeline e il reporting di questo strumento.<br \/>\n<strong>Contro<\/strong>: Adoro segnalare questo strumento, ma l&#8217;interfaccia utente pu\u00f2 essere pi\u00f9 interattiva come Pipedrive.<\/p>\n<p><strong>Alex &#8220;Mi piace veramente questo crm: facile da usare&#8221;<\/strong><br \/>\n<strong>Commenti<\/strong>: Quando ho trovato questo CRM \u00e8 stato come &#8220;Grazie a Dio&#8221;, finalmente ho trovato uno strumento con cui posso connettermi ed essere in grado di utilizzare senza bisogno di molto apprendimento tecnico.<br \/>\n<strong>Pro<\/strong>: Quanto \u00e8 facile da usare e anche quanto \u00e8 facile imparare a usare il software<br \/>\n<strong>Contro<\/strong>: Non c&#8217;\u00e8 davvero nulla che posso dire per ora che non mi piaccia.<\/p>\n","protected":false},"excerpt":{"rendered":"<p>Bigin \u00e8 un software di gestione delle relazioni con i clienti, progettato per aiutare le piccole imprese a gestire le pipeline di vendita, pianificare i follow-up e aggiornare i record dei clienti. Consente ai dipendenti di acquisire e archiviare i dettagli dei potenziali clienti, tra cui offerte, email, attivit\u00e0, tweet e altro in un archivio centralizzato.<\/p>\n","protected":false},"author":19,"featured_media":73908,"parent":5386,"menu_order":0,"comment_status":"open","ping_status":"closed","template":"g1_template_page_review_new.php","meta":{"_acf_changed":false,"cwp_meta_box_check":"Yes","cwp_rev_product_name":"","cwp_rev_product_image":"","wppr_links":[],"cwp_rev_price":"0.00","wppr_options":[{"name":"Usability","value":"0"},{"name":"Speed","value":"0"},{"name":"Features","value":"0"},{"name":"Support","value":"0"},{"name":"Pricing","value":"0"}],"wppr_pros":["","","","",""],"wppr_cons":["","","","",""],"_monsterinsights_skip_tracking":false,"_monsterinsights_sitenote_active":false,"_monsterinsights_sitenote_note":"","_monsterinsights_sitenote_category":0,"footnotes":""},"categories":[95],"tags":[14871,1156,3567,3566,3569,3548],"features":[],"class_list":{"0":"post-73906","1":"page","2":"type-page","3":"status-publish","4":"has-post-thumbnail","6":"category-chat-im","7":"tag-bigin","8":"tag-messaggistica","9":"tag-piattaforma-messaggistica","10":"tag-programma-messaggistica","11":"tag-software-messaggistica","12":"tag-soluzione-messaggistica"},"wppr_data":{"cwp_meta_box_check":"Yes","_wppr_review_template":"default","cwp_rev_product_image":"","cwp_image_link":"image","wppr_links":[],"cwp_rev_price":"0.00","wppr_pros":["","","","",""],"wppr_cons":["","","","",""],"wppr_rating":"0.00","wppr_options":{"1":{"name":"Usability","value":"0"},"2":{"name":"Speed","value":"0"},"3":{"name":"Features","value":"0"},"4":{"name":"Support","value":"0"},"5":{"name":"Pricing","value":"0"}},"wppr_review_type":"Product","wppr_review_custom_fields":{"additionalProperty":"","additionalType":"","aggregateRating":"","alternateName":"","audience":"","award":"","awards":"","brand":"","color":"","depth":"","description":"","disambiguatingDescription":"","gtin12":"","gtin13":"","gtin14":"","gtin8":"","height":"","identifier":"","image":"","isAccessoryOrSparePartFor":"","isConsumableFor":"","isRelatedTo":"","isSimilarTo":"","itemCondition":"","logo":"","mainEntityOfPage":"","manufacturer":"","material":"","model":"","mpn":"","name":"","offers":"","potentialAction":"","productID":"","productionDate":"","purchaseDate":"","releaseDate":"","review":"","reviews":"","sameAs":"","sku":"","slogan":"","subjectOf":"","url":"","weight":"","width":""}},"acf":[],"yoast_head":"<!-- This site is optimized with the Yoast SEO plugin v27.4 - https:\/\/yoast.com\/product\/yoast-seo-wordpress\/ -->\n<title>Bigin: recensione software messaggistica - Accurate Reviews<\/title>\n<meta name=\"description\" content=\"Bigin: software gestione relazioni progettato per gestire le pipeline di vendita, pianificare i follow-up e aggiornare i record dei clienti.\" \/>\n<meta name=\"robots\" content=\"index, follow, max-snippet:-1, max-image-preview:large, max-video-preview:-1\" \/>\n<link rel=\"canonical\" href=\"https:\/\/www.accuratereviews.com\/it\/chat-i-migliori-im-lista\/bigin-recensione\/\" \/>\n<meta property=\"og:locale\" content=\"it_IT\" \/>\n<meta property=\"og:type\" content=\"article\" \/>\n<meta property=\"og:title\" content=\"Bigin: recensione software messaggistica - Accurate Reviews\" \/>\n<meta property=\"og:description\" content=\"Bigin: software gestione relazioni progettato per gestire le pipeline di vendita, pianificare i follow-up e aggiornare i record dei clienti.\" \/>\n<meta property=\"og:url\" content=\"https:\/\/www.accuratereviews.com\/it\/chat-i-migliori-im-lista\/bigin-recensione\/\" \/>\n<meta property=\"og:site_name\" content=\"Accurate Reviews\" \/>\n<meta property=\"og:image\" content=\"https:\/\/www.accuratereviews.com\/wp-content\/uploads\/2024\/01\/bigin-logo.png\" \/>\n\t<meta property=\"og:image:width\" content=\"1024\" \/>\n\t<meta property=\"og:image:height\" content=\"1024\" \/>\n\t<meta property=\"og:image:type\" content=\"image\/png\" \/>\n<meta name=\"twitter:card\" content=\"summary_large_image\" \/>\n<meta name=\"twitter:label1\" content=\"Tempo di lettura stimato\" \/>\n\t<meta name=\"twitter:data1\" content=\"5 minuti\" \/>\n<script type=\"application\/ld+json\" class=\"yoast-schema-graph\">{\"@context\":\"https:\\\/\\\/schema.org\",\"@graph\":[{\"@type\":\"WebPage\",\"@id\":\"https:\\\/\\\/www.accuratereviews.com\\\/it\\\/chat-i-migliori-im-lista\\\/bigin-recensione\\\/\",\"url\":\"https:\\\/\\\/www.accuratereviews.com\\\/it\\\/chat-i-migliori-im-lista\\\/bigin-recensione\\\/\",\"name\":\"Bigin: recensione software messaggistica - Accurate Reviews\",\"isPartOf\":{\"@id\":\"https:\\\/\\\/www.accuratereviews.com\\\/it\\\/#website\"},\"primaryImageOfPage\":{\"@id\":\"https:\\\/\\\/www.accuratereviews.com\\\/it\\\/chat-i-migliori-im-lista\\\/bigin-recensione\\\/#primaryimage\"},\"image\":{\"@id\":\"https:\\\/\\\/www.accuratereviews.com\\\/it\\\/chat-i-migliori-im-lista\\\/bigin-recensione\\\/#primaryimage\"},\"thumbnailUrl\":\"https:\\\/\\\/www.accuratereviews.com\\\/wp-content\\\/uploads\\\/2024\\\/01\\\/bigin-logo.png\",\"datePublished\":\"2024-01-17T15:37:24+00:00\",\"description\":\"Bigin: software gestione relazioni progettato per gestire le pipeline di vendita, pianificare i follow-up e aggiornare i record dei clienti.\",\"breadcrumb\":{\"@id\":\"https:\\\/\\\/www.accuratereviews.com\\\/it\\\/chat-i-migliori-im-lista\\\/bigin-recensione\\\/#breadcrumb\"},\"inLanguage\":\"it-IT\",\"potentialAction\":[{\"@type\":\"ReadAction\",\"target\":[\"https:\\\/\\\/www.accuratereviews.com\\\/it\\\/chat-i-migliori-im-lista\\\/bigin-recensione\\\/\"]}]},{\"@type\":\"ImageObject\",\"inLanguage\":\"it-IT\",\"@id\":\"https:\\\/\\\/www.accuratereviews.com\\\/it\\\/chat-i-migliori-im-lista\\\/bigin-recensione\\\/#primaryimage\",\"url\":\"https:\\\/\\\/www.accuratereviews.com\\\/wp-content\\\/uploads\\\/2024\\\/01\\\/bigin-logo.png\",\"contentUrl\":\"https:\\\/\\\/www.accuratereviews.com\\\/wp-content\\\/uploads\\\/2024\\\/01\\\/bigin-logo.png\",\"width\":1024,\"height\":1024},{\"@type\":\"BreadcrumbList\",\"@id\":\"https:\\\/\\\/www.accuratereviews.com\\\/it\\\/chat-i-migliori-im-lista\\\/bigin-recensione\\\/#breadcrumb\",\"itemListElement\":[{\"@type\":\"ListItem\",\"position\":1,\"name\":\"Home\",\"item\":\"https:\\\/\\\/www.accuratereviews.com\\\/it\\\/\"},{\"@type\":\"ListItem\",\"position\":2,\"name\":\"Chat: I migliori IM\",\"item\":\"https:\\\/\\\/www.accuratereviews.com\\\/it\\\/chat-i-migliori-im-lista\\\/\"},{\"@type\":\"ListItem\",\"position\":3,\"name\":\"Bigin\"}]},{\"@type\":\"WebSite\",\"@id\":\"https:\\\/\\\/www.accuratereviews.com\\\/it\\\/#website\",\"url\":\"https:\\\/\\\/www.accuratereviews.com\\\/it\\\/\",\"name\":\"Accurate Reviews\",\"description\":\"\",\"potentialAction\":[{\"@type\":\"SearchAction\",\"target\":{\"@type\":\"EntryPoint\",\"urlTemplate\":\"https:\\\/\\\/www.accuratereviews.com\\\/it\\\/?s={search_term_string}\"},\"query-input\":{\"@type\":\"PropertyValueSpecification\",\"valueRequired\":true,\"valueName\":\"search_term_string\"}}],\"inLanguage\":\"it-IT\"}]}<\/script>\n<!-- \/ Yoast SEO plugin. -->","yoast_head_json":{"title":"Bigin: recensione software messaggistica - Accurate Reviews","description":"Bigin: software gestione relazioni progettato per gestire le pipeline di vendita, pianificare i follow-up e aggiornare i record dei clienti.","robots":{"index":"index","follow":"follow","max-snippet":"max-snippet:-1","max-image-preview":"max-image-preview:large","max-video-preview":"max-video-preview:-1"},"canonical":"https:\/\/www.accuratereviews.com\/it\/chat-i-migliori-im-lista\/bigin-recensione\/","og_locale":"it_IT","og_type":"article","og_title":"Bigin: recensione software messaggistica - Accurate Reviews","og_description":"Bigin: software gestione relazioni progettato per gestire le pipeline di vendita, pianificare i follow-up e aggiornare i record dei clienti.","og_url":"https:\/\/www.accuratereviews.com\/it\/chat-i-migliori-im-lista\/bigin-recensione\/","og_site_name":"Accurate Reviews","og_image":[{"width":1024,"height":1024,"url":"https:\/\/www.accuratereviews.com\/wp-content\/uploads\/2024\/01\/bigin-logo.png","type":"image\/png"}],"twitter_card":"summary_large_image","twitter_misc":{"Tempo di lettura stimato":"5 minuti"},"schema":{"@context":"https:\/\/schema.org","@graph":[{"@type":"WebPage","@id":"https:\/\/www.accuratereviews.com\/it\/chat-i-migliori-im-lista\/bigin-recensione\/","url":"https:\/\/www.accuratereviews.com\/it\/chat-i-migliori-im-lista\/bigin-recensione\/","name":"Bigin: recensione software messaggistica - Accurate Reviews","isPartOf":{"@id":"https:\/\/www.accuratereviews.com\/it\/#website"},"primaryImageOfPage":{"@id":"https:\/\/www.accuratereviews.com\/it\/chat-i-migliori-im-lista\/bigin-recensione\/#primaryimage"},"image":{"@id":"https:\/\/www.accuratereviews.com\/it\/chat-i-migliori-im-lista\/bigin-recensione\/#primaryimage"},"thumbnailUrl":"https:\/\/www.accuratereviews.com\/wp-content\/uploads\/2024\/01\/bigin-logo.png","datePublished":"2024-01-17T15:37:24+00:00","description":"Bigin: software gestione relazioni progettato per gestire le pipeline di vendita, pianificare i follow-up e aggiornare i record dei clienti.","breadcrumb":{"@id":"https:\/\/www.accuratereviews.com\/it\/chat-i-migliori-im-lista\/bigin-recensione\/#breadcrumb"},"inLanguage":"it-IT","potentialAction":[{"@type":"ReadAction","target":["https:\/\/www.accuratereviews.com\/it\/chat-i-migliori-im-lista\/bigin-recensione\/"]}]},{"@type":"ImageObject","inLanguage":"it-IT","@id":"https:\/\/www.accuratereviews.com\/it\/chat-i-migliori-im-lista\/bigin-recensione\/#primaryimage","url":"https:\/\/www.accuratereviews.com\/wp-content\/uploads\/2024\/01\/bigin-logo.png","contentUrl":"https:\/\/www.accuratereviews.com\/wp-content\/uploads\/2024\/01\/bigin-logo.png","width":1024,"height":1024},{"@type":"BreadcrumbList","@id":"https:\/\/www.accuratereviews.com\/it\/chat-i-migliori-im-lista\/bigin-recensione\/#breadcrumb","itemListElement":[{"@type":"ListItem","position":1,"name":"Home","item":"https:\/\/www.accuratereviews.com\/it\/"},{"@type":"ListItem","position":2,"name":"Chat: I migliori IM","item":"https:\/\/www.accuratereviews.com\/it\/chat-i-migliori-im-lista\/"},{"@type":"ListItem","position":3,"name":"Bigin"}]},{"@type":"WebSite","@id":"https:\/\/www.accuratereviews.com\/it\/#website","url":"https:\/\/www.accuratereviews.com\/it\/","name":"Accurate Reviews","description":"","potentialAction":[{"@type":"SearchAction","target":{"@type":"EntryPoint","urlTemplate":"https:\/\/www.accuratereviews.com\/it\/?s={search_term_string}"},"query-input":{"@type":"PropertyValueSpecification","valueRequired":true,"valueName":"search_term_string"}}],"inLanguage":"it-IT"}]}},"_links":{"self":[{"href":"https:\/\/www.accuratereviews.com\/it\/wp-json\/wp\/v2\/pages\/73906","targetHints":{"allow":["GET"]}}],"collection":[{"href":"https:\/\/www.accuratereviews.com\/it\/wp-json\/wp\/v2\/pages"}],"about":[{"href":"https:\/\/www.accuratereviews.com\/it\/wp-json\/wp\/v2\/types\/page"}],"author":[{"embeddable":true,"href":"https:\/\/www.accuratereviews.com\/it\/wp-json\/wp\/v2\/users\/19"}],"replies":[{"embeddable":true,"href":"https:\/\/www.accuratereviews.com\/it\/wp-json\/wp\/v2\/comments?post=73906"}],"version-history":[{"count":5,"href":"https:\/\/www.accuratereviews.com\/it\/wp-json\/wp\/v2\/pages\/73906\/revisions"}],"predecessor-version":[{"id":73917,"href":"https:\/\/www.accuratereviews.com\/it\/wp-json\/wp\/v2\/pages\/73906\/revisions\/73917"}],"up":[{"embeddable":true,"href":"https:\/\/www.accuratereviews.com\/it\/wp-json\/wp\/v2\/pages\/5386"}],"wp:featuredmedia":[{"embeddable":true,"href":"https:\/\/www.accuratereviews.com\/it\/wp-json\/wp\/v2\/media\/73908"}],"wp:attachment":[{"href":"https:\/\/www.accuratereviews.com\/it\/wp-json\/wp\/v2\/media?parent=73906"}],"wp:term":[{"taxonomy":"category","embeddable":true,"href":"https:\/\/www.accuratereviews.com\/it\/wp-json\/wp\/v2\/categories?post=73906"},{"taxonomy":"post_tag","embeddable":true,"href":"https:\/\/www.accuratereviews.com\/it\/wp-json\/wp\/v2\/tags?post=73906"},{"taxonomy":"features","embeddable":true,"href":"https:\/\/www.accuratereviews.com\/it\/wp-json\/wp\/v2\/features?post=73906"}],"curies":[{"name":"wp","href":"https:\/\/api.w.org\/{rel}","templated":true}]}}