{"id":73948,"date":"2024-01-19T15:24:14","date_gmt":"2024-01-19T15:24:14","guid":{"rendered":"https:\/\/www.accuratereviews.com\/?page_id=73948"},"modified":"2024-01-19T15:24:14","modified_gmt":"2024-01-19T15:24:14","slug":"viber-recensione","status":"publish","type":"page","link":"https:\/\/www.accuratereviews.com\/it\/chat-i-migliori-im-lista\/viber-recensione\/","title":{"rendered":"Viber"},"content":{"rendered":"<p><strong>Viber<\/strong> \u00e8 una <strong>piattaforma di messaggistica<\/strong> mobile che aiuta le aziende a comunicare e gestire campagne promozionali tramite<strong> chat individuali<\/strong>, videochiamate o notifiche di testo. Consente agli utenti di chiamarsi e scambiarsi messaggi tramite Wi-Fi o connessione Internet. L&#8217;applicazione consente, inoltre, agli esperti di marketing di utilizzare pi\u00f9 opzioni di posizionamento per pubblicare annunci pubblicitari.<br \/>\nLa piattaforma di messaggistica consente agli utenti di condividere immagini, file e audio da qualsiasi dispositivo come desktop, laptop o smartphone. Consente ai team di marketing di migliorare il coinvolgimento del pubblico e la consapevolezza del marchio attraverso la funzionalit\u00e0 del contenuto degli adesivi. Le aziende possono utilizzare la funzionalit\u00e0 community per gestire pi\u00f9 membri contemporaneamente, invitare nuovi utenti e controllare i privilegi.<\/p>\n<h2>VIBER &#8211; TUTORIAL<\/h2>\n<div id=\"fluid-wrapper-counter-1\" class=\"g1-fluid-wrapper \" style=\"width:686px;\">\n<div style=\"padding-bottom:56.268221574344%;\"><iframe loading=\"lazy\" title=\"Video Guida - Viber App per Messaggi Istantanei, Scarica ed Installa Gratis Alternativa a Whatsapp\" width=\"686\" height=\"386\" src=\"https:\/\/www.youtube.com\/embed\/UT-iFO0IXvk?feature=oembed&amp;wmode=transparent&amp;autohide=1&amp;autoplay=0&amp;disablekb=0&amp;fs=1&amp;loop=0&amp;enablejsapi=1&amp;rel=0&amp;controls=2&amp;showinfo=0&amp;wmode=transparent&amp;autohide=2&amp;autoplay=0&amp;disablekb=0&amp;fs=1&amp;loop=0&amp;enablejsapi=1&amp;rel=0&amp;controls=2&amp;showinfo=1\" frameborder=\"0\" allow=\"accelerometer; autoplay; clipboard-write; encrypted-media; gyroscope; picture-in-picture; web-share\" allowfullscreen><\/iframe><\/div>\n<\/div>\n<h3>VIBER &#8211; CARATTERISTICHE<\/h3>\n<ul>\n<li>Invia testi, foto, video o file. Registra messaggi vocali e video istantanei e inviali rapidamente.<\/li>\n<li>Esegui chiamate di alta qualit\u00e0 e passa facilmente al video<\/li>\n<li>Riunioni di famiglia, tra amici o colleghi: puoi organizzare tutto con chat e chiamate vocali o video di gruppo.<\/li>\n<li>Partecipa a gruppi pubblici con persone che condividono la tua stessa passione, dai marchi agli influencer.<\/li>\n<li>Comunica in modo originale, giocoso ed espressivo con infiniti adesivi e GIF.<\/li>\n<li>Esprimiti perfettamente con i tuoi adesivi e le tue GIF.<\/li>\n<li>Elimina ci\u00f2 che non intendi inviare, per tutti i membri della chat.<\/li>\n<li>Aggiungi un timer di autodistruzione dei messaggi per una maggiore privacy<\/li>\n<li>Usa il tuo account Viber su pi\u00f9 dispositivi<\/li>\n<li>Trasferimento rapido delle chiamate tra dispositivi<\/li>\n<li>Condividi lo schermo dal desktop durante le videochiamate<\/li>\n<li>Chatta anche senza avere il telefono a portata di mano<\/li>\n<li>I messaggi vengono crittografati quando viaggiano su Internet dal tuo dispositivo a quello del destinatario.<\/li>\n<li>Le chiavi di crittografia sono presenti sui dispositivi degli utenti e in nessun\u2019altra parte. Quindi nessuno, nemmeno Viber, pu\u00f2 leggere i tuoi messaggi.<\/li>\n<li>Verifica l\u2019identit\u00e0 delle persone con le quali stai chattando scambiando chiavi segrete. Viber ti avvisa in caso di cambiamento del recapito del contatto.<\/li>\n<li>Una piattaforma che coinvolge ed effettua transazioni, ottenendo consapevolezza, fidelizzazione e conversione<\/li>\n<\/ul>\n<h4>LE RECENSIONI DEGLI UTENTI<\/h4>\n<p><strong>Francesco &#8220;Affidabile e utile per il teamwork&#8221;<\/strong><br \/>\n<strong>Commenti<\/strong>: Buono ed affidabile. Esperienza che si conferma positiva a lungo termine<br \/>\n<strong>Pro<\/strong>: Mi piace la sua facilita&#8217; d&#8217;uso e il fatto che i dipendenti ne abbiano acceso senza problemi sia di costi che di download<br \/>\n<strong>Contro<\/strong>: Ovviamente meno gif e piu&#8217; opzioni per le chat di gruppo sarebbe molto utile<\/p>\n<p><strong>Nancy &#8220;\u00c8 un app perfetta&#8221;<\/strong><br \/>\n<strong>Pro<\/strong>: Purtroppo non \u00e8 un app molto conosciuta per questo voglio dire a tutti quanti che questa app \u00e8 bellissima, \u00e8 facile da usare, la uso molto con i parenti<br \/>\n<strong>Contro<\/strong>: Secondo me non ha problemi \u00e8 semplice proprio come ho bisogno<\/p>\n<p><strong>Meggie &#8220;Buona ma da migliroare&#8221;<\/strong><br \/>\n<strong>Commenti<\/strong>: Con viber mi trovo bene. Non lo uso ogni giorno in quanto non tutti i miei contatti lo usano.<br \/>\n<strong>Pro<\/strong>: Il prodotto funziona bene, spesso la connessione rallenta l&#8217;utilizzo. Lo uso soprattuto per le chiamate e la possibilit\u00e0 di chattare. mi trovo bene<br \/>\n<strong>Contro<\/strong>: Alcune volte la connessione \u00e8 lenta, ma credo dipenda dalla reta wifi che si utilizza.<\/p>\n","protected":false},"excerpt":{"rendered":"<p>Viber \u00e8 una piattaforma di messaggistica mobile che aiuta le aziende a comunicare e gestire campagne promozionali tramite chat individuali, videochiamate o notifiche di testo. Consente agli utenti di chiamarsi e scambiarsi messaggi tramite Wi-Fi o connessione Internet. L&#8217;applicazione consente, inoltre, agli esperti di marketing di utilizzare pi\u00f9 opzioni di posizionamento per pubblicare annunci pubblicitari.<\/p>\n","protected":false},"author":19,"featured_media":73949,"parent":5386,"menu_order":0,"comment_status":"open","ping_status":"closed","template":"g1_template_page_review_new.php","meta":{"_acf_changed":false,"cwp_meta_box_check":"Yes","cwp_rev_product_name":"","cwp_rev_product_image":"","wppr_links":[],"cwp_rev_price":"0.00","wppr_options":[{"name":"Usability","value":"0"},{"name":"Speed","value":"0"},{"name":"Features","value":"0"},{"name":"Support","value":"0"},{"name":"Pricing","value":"0"}],"wppr_pros":["","","","",""],"wppr_cons":["","","","",""],"_monsterinsights_skip_tracking":false,"_monsterinsights_sitenote_active":false,"_monsterinsights_sitenote_note":"","_monsterinsights_sitenote_category":0,"footnotes":""},"categories":[95],"tags":[1156,3567,3566,3569,3548,14876],"features":[],"class_list":{"0":"post-73948","1":"page","2":"type-page","3":"status-publish","4":"has-post-thumbnail","6":"category-chat-im","7":"tag-messaggistica","8":"tag-piattaforma-messaggistica","9":"tag-programma-messaggistica","10":"tag-software-messaggistica","11":"tag-soluzione-messaggistica","12":"tag-viber"},"wppr_data":{"cwp_meta_box_check":"Yes","_wppr_review_template":"default","cwp_rev_product_image":"","cwp_image_link":"image","wppr_links":[],"cwp_rev_price":"0.00","wppr_pros":["","","","",""],"wppr_cons":["","","","",""],"wppr_rating":"0.00","wppr_options":{"1":{"name":"Usability","value":"0"},"2":{"name":"Speed","value":"0"},"3":{"name":"Features","value":"0"},"4":{"name":"Support","value":"0"},"5":{"name":"Pricing","value":"0"}},"wppr_review_type":"Product","wppr_review_custom_fields":{"additionalProperty":"","additionalType":"","aggregateRating":"","alternateName":"","audience":"","award":"","awards":"","brand":"","color":"","depth":"","description":"","disambiguatingDescription":"","gtin12":"","gtin13":"","gtin14":"","gtin8":"","height":"","identifier":"","image":"","isAccessoryOrSparePartFor":"","isConsumableFor":"","isRelatedTo":"","isSimilarTo":"","itemCondition":"","logo":"","mainEntityOfPage":"","manufacturer":"","material":"","model":"","mpn":"","name":"","offers":"","potentialAction":"","productID":"","productionDate":"","purchaseDate":"","releaseDate":"","review":"","reviews":"","sameAs":"","sku":"","slogan":"","subjectOf":"","url":"","weight":"","width":""}},"acf":[],"yoast_head":"<!-- This site is optimized with the Yoast SEO plugin v27.4 - https:\/\/yoast.com\/product\/yoast-seo-wordpress\/ -->\n<title>Viber: recensione software messaggistica - Accurate Reviews<\/title>\n<meta name=\"description\" content=\"Viber: piattaforma messaggistica che aiuta le aziende a comunicare e gestire campagne promozionali tramite chat individuali e videochiamate.\" \/>\n<meta name=\"robots\" content=\"index, follow, max-snippet:-1, max-image-preview:large, max-video-preview:-1\" \/>\n<link rel=\"canonical\" href=\"https:\/\/www.accuratereviews.com\/it\/chat-i-migliori-im-lista\/viber-recensione\/\" \/>\n<meta property=\"og:locale\" content=\"it_IT\" \/>\n<meta property=\"og:type\" content=\"article\" \/>\n<meta property=\"og:title\" content=\"Viber: recensione software messaggistica - Accurate Reviews\" \/>\n<meta property=\"og:description\" content=\"Viber: piattaforma messaggistica che aiuta le aziende a comunicare e gestire campagne promozionali tramite chat individuali e videochiamate.\" \/>\n<meta property=\"og:url\" content=\"https:\/\/www.accuratereviews.com\/it\/chat-i-migliori-im-lista\/viber-recensione\/\" \/>\n<meta property=\"og:site_name\" content=\"Accurate Reviews\" \/>\n<meta property=\"og:image\" content=\"https:\/\/www.accuratereviews.com\/wp-content\/uploads\/2024\/01\/Viber.jpeg\" \/>\n\t<meta property=\"og:image:width\" content=\"824\" \/>\n\t<meta property=\"og:image:height\" content=\"494\" \/>\n\t<meta property=\"og:image:type\" content=\"image\/jpeg\" \/>\n<meta name=\"twitter:card\" content=\"summary_large_image\" \/>\n<meta name=\"twitter:label1\" content=\"Tempo di lettura stimato\" \/>\n\t<meta name=\"twitter:data1\" content=\"3 minuti\" \/>\n<script type=\"application\/ld+json\" class=\"yoast-schema-graph\">{\"@context\":\"https:\\\/\\\/schema.org\",\"@graph\":[{\"@type\":\"WebPage\",\"@id\":\"https:\\\/\\\/www.accuratereviews.com\\\/it\\\/chat-i-migliori-im-lista\\\/viber-recensione\\\/\",\"url\":\"https:\\\/\\\/www.accuratereviews.com\\\/it\\\/chat-i-migliori-im-lista\\\/viber-recensione\\\/\",\"name\":\"Viber: recensione software messaggistica - Accurate Reviews\",\"isPartOf\":{\"@id\":\"https:\\\/\\\/www.accuratereviews.com\\\/it\\\/#website\"},\"primaryImageOfPage\":{\"@id\":\"https:\\\/\\\/www.accuratereviews.com\\\/it\\\/chat-i-migliori-im-lista\\\/viber-recensione\\\/#primaryimage\"},\"image\":{\"@id\":\"https:\\\/\\\/www.accuratereviews.com\\\/it\\\/chat-i-migliori-im-lista\\\/viber-recensione\\\/#primaryimage\"},\"thumbnailUrl\":\"https:\\\/\\\/www.accuratereviews.com\\\/wp-content\\\/uploads\\\/2024\\\/01\\\/Viber.jpeg\",\"datePublished\":\"2024-01-19T15:24:14+00:00\",\"description\":\"Viber: piattaforma messaggistica che aiuta le aziende a comunicare e gestire campagne promozionali tramite chat individuali e videochiamate.\",\"breadcrumb\":{\"@id\":\"https:\\\/\\\/www.accuratereviews.com\\\/it\\\/chat-i-migliori-im-lista\\\/viber-recensione\\\/#breadcrumb\"},\"inLanguage\":\"it-IT\",\"potentialAction\":[{\"@type\":\"ReadAction\",\"target\":[\"https:\\\/\\\/www.accuratereviews.com\\\/it\\\/chat-i-migliori-im-lista\\\/viber-recensione\\\/\"]}]},{\"@type\":\"ImageObject\",\"inLanguage\":\"it-IT\",\"@id\":\"https:\\\/\\\/www.accuratereviews.com\\\/it\\\/chat-i-migliori-im-lista\\\/viber-recensione\\\/#primaryimage\",\"url\":\"https:\\\/\\\/www.accuratereviews.com\\\/wp-content\\\/uploads\\\/2024\\\/01\\\/Viber.jpeg\",\"contentUrl\":\"https:\\\/\\\/www.accuratereviews.com\\\/wp-content\\\/uploads\\\/2024\\\/01\\\/Viber.jpeg\",\"width\":824,\"height\":494},{\"@type\":\"BreadcrumbList\",\"@id\":\"https:\\\/\\\/www.accuratereviews.com\\\/it\\\/chat-i-migliori-im-lista\\\/viber-recensione\\\/#breadcrumb\",\"itemListElement\":[{\"@type\":\"ListItem\",\"position\":1,\"name\":\"Home\",\"item\":\"https:\\\/\\\/www.accuratereviews.com\\\/it\\\/\"},{\"@type\":\"ListItem\",\"position\":2,\"name\":\"Chat: I migliori IM\",\"item\":\"https:\\\/\\\/www.accuratereviews.com\\\/it\\\/chat-i-migliori-im-lista\\\/\"},{\"@type\":\"ListItem\",\"position\":3,\"name\":\"Viber\"}]},{\"@type\":\"WebSite\",\"@id\":\"https:\\\/\\\/www.accuratereviews.com\\\/it\\\/#website\",\"url\":\"https:\\\/\\\/www.accuratereviews.com\\\/it\\\/\",\"name\":\"Accurate Reviews\",\"description\":\"\",\"potentialAction\":[{\"@type\":\"SearchAction\",\"target\":{\"@type\":\"EntryPoint\",\"urlTemplate\":\"https:\\\/\\\/www.accuratereviews.com\\\/it\\\/?s={search_term_string}\"},\"query-input\":{\"@type\":\"PropertyValueSpecification\",\"valueRequired\":true,\"valueName\":\"search_term_string\"}}],\"inLanguage\":\"it-IT\"}]}<\/script>\n<!-- \/ Yoast SEO plugin. -->","yoast_head_json":{"title":"Viber: recensione software messaggistica - Accurate Reviews","description":"Viber: piattaforma messaggistica che aiuta le aziende a comunicare e gestire campagne promozionali tramite chat individuali e videochiamate.","robots":{"index":"index","follow":"follow","max-snippet":"max-snippet:-1","max-image-preview":"max-image-preview:large","max-video-preview":"max-video-preview:-1"},"canonical":"https:\/\/www.accuratereviews.com\/it\/chat-i-migliori-im-lista\/viber-recensione\/","og_locale":"it_IT","og_type":"article","og_title":"Viber: recensione software messaggistica - Accurate Reviews","og_description":"Viber: piattaforma messaggistica che aiuta le aziende a comunicare e gestire campagne promozionali tramite chat individuali e videochiamate.","og_url":"https:\/\/www.accuratereviews.com\/it\/chat-i-migliori-im-lista\/viber-recensione\/","og_site_name":"Accurate Reviews","og_image":[{"width":824,"height":494,"url":"https:\/\/www.accuratereviews.com\/wp-content\/uploads\/2024\/01\/Viber.jpeg","type":"image\/jpeg"}],"twitter_card":"summary_large_image","twitter_misc":{"Tempo di lettura stimato":"3 minuti"},"schema":{"@context":"https:\/\/schema.org","@graph":[{"@type":"WebPage","@id":"https:\/\/www.accuratereviews.com\/it\/chat-i-migliori-im-lista\/viber-recensione\/","url":"https:\/\/www.accuratereviews.com\/it\/chat-i-migliori-im-lista\/viber-recensione\/","name":"Viber: recensione software messaggistica - Accurate Reviews","isPartOf":{"@id":"https:\/\/www.accuratereviews.com\/it\/#website"},"primaryImageOfPage":{"@id":"https:\/\/www.accuratereviews.com\/it\/chat-i-migliori-im-lista\/viber-recensione\/#primaryimage"},"image":{"@id":"https:\/\/www.accuratereviews.com\/it\/chat-i-migliori-im-lista\/viber-recensione\/#primaryimage"},"thumbnailUrl":"https:\/\/www.accuratereviews.com\/wp-content\/uploads\/2024\/01\/Viber.jpeg","datePublished":"2024-01-19T15:24:14+00:00","description":"Viber: piattaforma messaggistica che aiuta le aziende a comunicare e gestire campagne promozionali tramite chat individuali e videochiamate.","breadcrumb":{"@id":"https:\/\/www.accuratereviews.com\/it\/chat-i-migliori-im-lista\/viber-recensione\/#breadcrumb"},"inLanguage":"it-IT","potentialAction":[{"@type":"ReadAction","target":["https:\/\/www.accuratereviews.com\/it\/chat-i-migliori-im-lista\/viber-recensione\/"]}]},{"@type":"ImageObject","inLanguage":"it-IT","@id":"https:\/\/www.accuratereviews.com\/it\/chat-i-migliori-im-lista\/viber-recensione\/#primaryimage","url":"https:\/\/www.accuratereviews.com\/wp-content\/uploads\/2024\/01\/Viber.jpeg","contentUrl":"https:\/\/www.accuratereviews.com\/wp-content\/uploads\/2024\/01\/Viber.jpeg","width":824,"height":494},{"@type":"BreadcrumbList","@id":"https:\/\/www.accuratereviews.com\/it\/chat-i-migliori-im-lista\/viber-recensione\/#breadcrumb","itemListElement":[{"@type":"ListItem","position":1,"name":"Home","item":"https:\/\/www.accuratereviews.com\/it\/"},{"@type":"ListItem","position":2,"name":"Chat: I migliori IM","item":"https:\/\/www.accuratereviews.com\/it\/chat-i-migliori-im-lista\/"},{"@type":"ListItem","position":3,"name":"Viber"}]},{"@type":"WebSite","@id":"https:\/\/www.accuratereviews.com\/it\/#website","url":"https:\/\/www.accuratereviews.com\/it\/","name":"Accurate Reviews","description":"","potentialAction":[{"@type":"SearchAction","target":{"@type":"EntryPoint","urlTemplate":"https:\/\/www.accuratereviews.com\/it\/?s={search_term_string}"},"query-input":{"@type":"PropertyValueSpecification","valueRequired":true,"valueName":"search_term_string"}}],"inLanguage":"it-IT"}]}},"_links":{"self":[{"href":"https:\/\/www.accuratereviews.com\/it\/wp-json\/wp\/v2\/pages\/73948","targetHints":{"allow":["GET"]}}],"collection":[{"href":"https:\/\/www.accuratereviews.com\/it\/wp-json\/wp\/v2\/pages"}],"about":[{"href":"https:\/\/www.accuratereviews.com\/it\/wp-json\/wp\/v2\/types\/page"}],"author":[{"embeddable":true,"href":"https:\/\/www.accuratereviews.com\/it\/wp-json\/wp\/v2\/users\/19"}],"replies":[{"embeddable":true,"href":"https:\/\/www.accuratereviews.com\/it\/wp-json\/wp\/v2\/comments?post=73948"}],"version-history":[{"count":12,"href":"https:\/\/www.accuratereviews.com\/it\/wp-json\/wp\/v2\/pages\/73948\/revisions"}],"predecessor-version":[{"id":73966,"href":"https:\/\/www.accuratereviews.com\/it\/wp-json\/wp\/v2\/pages\/73948\/revisions\/73966"}],"up":[{"embeddable":true,"href":"https:\/\/www.accuratereviews.com\/it\/wp-json\/wp\/v2\/pages\/5386"}],"wp:featuredmedia":[{"embeddable":true,"href":"https:\/\/www.accuratereviews.com\/it\/wp-json\/wp\/v2\/media\/73949"}],"wp:attachment":[{"href":"https:\/\/www.accuratereviews.com\/it\/wp-json\/wp\/v2\/media?parent=73948"}],"wp:term":[{"taxonomy":"category","embeddable":true,"href":"https:\/\/www.accuratereviews.com\/it\/wp-json\/wp\/v2\/categories?post=73948"},{"taxonomy":"post_tag","embeddable":true,"href":"https:\/\/www.accuratereviews.com\/it\/wp-json\/wp\/v2\/tags?post=73948"},{"taxonomy":"features","embeddable":true,"href":"https:\/\/www.accuratereviews.com\/it\/wp-json\/wp\/v2\/features?post=73948"}],"curies":[{"name":"wp","href":"https:\/\/api.w.org\/{rel}","templated":true}]}}