{"id":73968,"date":"2024-01-22T11:28:19","date_gmt":"2024-01-22T11:28:19","guid":{"rendered":"https:\/\/www.accuratereviews.com\/?page_id=73968"},"modified":"2024-01-23T11:03:23","modified_gmt":"2024-01-23T11:03:23","slug":"openeducat-recensione","status":"publish","type":"page","link":"https:\/\/www.accuratereviews.com\/it\/piattaforme-didattica-distanza\/openeducat-recensione\/","title":{"rendered":"OpenEduCat"},"content":{"rendered":"<p><strong>OpenEduCat<\/strong> \u00e8 una<strong> soluzione di gestione scolastica open source<\/strong> che aiuta gli istituti scolastici a gestire la comunicazione, la collaborazione e ad aumentare il coinvolgimento di studenti, insegnanti e membri del personale. L&#8217;applicazione viene fornita con un modulo di gestione dei corsi, che assiste le organizzazioni nella pianificazione del curriculum, delle trascrizioni, dei programmi degli esami, delle gerarchie dei corsi e altro ancora. Il portale degli studenti fornisce visibilit\u00e0 sui risultati, sui corsi iscritti, sui dettagli di contatto e sulle informazioni di ammissione.<br \/>\nLa piattaforma offre una serie di funzionalit\u00e0 come metodi di valutazione multipli, riscossione delle commissioni, portali self-service, gestione dei documenti, monitoraggio delle presenze e notifiche in tempo reale. Lo strumento integrato di gestione degli orari offre un&#8217;<strong>interfaccia drag-and-drop<\/strong> per permettere agli utenti di pianificare le sessioni e gli insegnanti possono inviare promemoria agli studenti in batch o per corso. Il sistema di gestione centralizzata della biblioteca consente agli amministratori di gestire la circolazione e il monitoraggio di libri, articoli, media, cataloghi e altri contenuti utilizzando codici a barre. Inoltre, consente a studenti, genitori e docenti di accedere alle informazioni relative a compiti, lezioni ed eventi utilizzando le applicazioni native Android e iOS.<\/p>\n<h2>OPENEDUCAT &#8211; TUTORIAL<\/h2>\n<div id=\"fluid-wrapper-counter-1\" class=\"g1-fluid-wrapper \" style=\"width:686px;\">\n<div style=\"padding-bottom:56.268221574344%;\"><iframe loading=\"lazy\" title=\"How to Print Bonafide Certificate in OpenEduCat\" width=\"686\" height=\"386\" src=\"https:\/\/www.youtube.com\/embed\/UDzPEYSkW_0?list=PLLvhYNZBRDmtdea39FbSm6EGZ0gDkG3OT\" frameborder=\"0\" allow=\"accelerometer; autoplay; clipboard-write; encrypted-media; gyroscope; picture-in-picture; web-share\" allowfullscreen><\/iframe><\/div>\n<\/div>\n<h3>OPENEDUCAT &#8211; CARATTERISTICHE<\/h3>\n<ul>\n<li><strong>Gestione dei dati degli studenti<\/strong>: archivia e organizza tutti i dati degli studenti, inclusi dati personali, progressi accademici, documenti e presenze.<\/li>\n<li><strong>Ammissione<\/strong>: automatizza le ammissioni per ridurre gli errori, gestire le informazioni su studenti e genitori, personalizzare i moduli e semplificare la gestione dei documenti.<\/li>\n<li><strong>Biblioteca<\/strong>: utilizza la scansione dei codici a barre per monitorare la disponibilit\u00e0 dei libri, prevenirne i furti, identificarli e classificarli per argomento.<\/li>\n<li><strong>Presenze<\/strong>: automatizza il monitoraggio delle presenze con dati biometrici o RFID, contrassegna le presenze per materia o giorno e invia avvisi istantanei ai genitori per le lezioni perse.<\/li>\n<li><strong>Rapporti<\/strong>: fornisce diversi report come presenze, quote in sospeso e risultati degli esami. Personalizza facilmente i campi per soddisfare i requisiti specifici del tuo istituto.<\/li>\n<li><strong>Pagamento on-line delle tariffe<\/strong>: automatizza l&#8217;invio delle tariffe, invia avvisi istantanei sulle tariffe in sospeso a genitori e studenti e applica tasse e sconti secondo necessit\u00e0, semplificando la gestione delle tariffe per tutti.<\/li>\n<li><strong>Gestione degli esami<\/strong>: puoi automatizzare l&#8217;intero processo d&#8217;esame, dalla pianificazione degli esami all&#8217;invio di notifiche e alla condivisione dei risultati con studenti e genitori.<\/li>\n<li><strong>Trasporti<\/strong>: tieni traccia dei veicoli e delle fermate in tempo reale con l&#8217;integrazione del GPS, gestisci e pianifica le tariffe di trasporto e garantisci la sicurezza e la protezione degli studenti.<\/li>\n<li><strong>Gestione degli ex studenti:<\/strong> facilitare le connessioni studenti-ex studenti tramite sms o email, consentendo agli ex studenti di guidare gli studenti per le sfide future.<\/li>\n<li><strong>Ostello<\/strong>: semplifica l&#8217;assegnazione delle camere, le tariffe e la sicurezza e offri una visione completa degli ostelli del campus. Condividi record dettagliati con gli utenti autorizzati per una gestione efficiente.<\/li>\n<li><strong>Sistema di comunicazione<\/strong>: migliora la comunicazione tra genitori, insegnanti e studenti integrando sms ed email. Invia avvisi istantanei e personalizza messaggi per segmenti di pubblico specifici.<\/li>\n<li><strong>Applicazione mobile<\/strong>: accedi a tutte le funzionalit\u00e0 da qualsiasi luogo e in qualsiasi momento. Visualizza il tuo orario, valuta la frequenza, controlla i risultati degli esami, visualizza i prossimi eventi, tieni traccia delle tasse in sospeso e interagisci con compagni di classe e insegnanti.<\/li>\n<\/ul>\n<h4>LE RECENSIONI DEGLI UTENTI<\/h4>\n<p><strong>Frank &#8220;OpenEduCat&#8221;<\/strong><br \/>\n<strong>Pro<\/strong>: Le caratteristiche della contabilit\u00e0 e dell&#8217;inventario.<br \/>\n<strong>Contro<\/strong>: I moduli della Biblioteca. Anche il profilo degli studenti deve avere pi\u00f9 moderno.<\/p>\n<p><strong>Simon &#8220;Buono ma potrebbe essere meglio&#8221;<\/strong><br \/>\n<strong>Commenti<\/strong>: Un software buono e completo, lo consigliamo anche ad altri clienti. Ci sono troppi menu ma nessun altro problema se non questa parte estetica.<br \/>\n<strong>Pro<\/strong>: \u00c8 molto completo per qualsiasi dimensione di istituzioni educative<br \/>\n<strong>Contro<\/strong>: C&#8217;\u00e8 una barriera linguistica, parliamo spagnolo e abbiamo avuto difficolt\u00e0 a capire alcuni termini. Sarebbe utile avere termini e definizioni da qualche parte. Ci sono troppe icone di menu, anche per singole funzionalit\u00e0. Con questo pensiamo che meno \u00e8 meglio. In qualit\u00e0 di partner, vorremmo avere accesso al fork dei repository software acquistati. Quindi, quando ci sono aggiornamenti e upgrade, i nostri clienti dovrebbero essere in grado di estrarli.<\/p>\n<p><strong>Victor &#8220;\u00c8 importante seguire il ciclo educativo, nell&#8217;area di valutazione. \u00c8 molto chiuso per avanzare.&#8221;<\/strong><br \/>\n<strong>Commenti<\/strong>: \u00c8 stato interessante, ci aiuta a ridurre il tempo nei nostri processi.<br \/>\n<strong>Pro<\/strong>: Questo articola la maggior parte delle esigenze di un&#8217;istituzione educativa. \u00c8 molto intuitivo e facile da usare.<br \/>\n<strong>Contro<\/strong>: Complica alcuni processi, ad esempio: valutazione, prendere appunti per un periodo, assegnare materie a 1 o pi\u00f9 insegnanti.<\/p>\n","protected":false},"excerpt":{"rendered":"<p>OpenEduCat \u00e8 una soluzione di gestione scolastica open source che aiuta gli istituti scolastici a gestire la comunicazione, la collaborazione e ad aumentare il coinvolgimento di studenti, insegnanti e membri del personale. L&#8217;applicazione viene fornita con un modulo di gestione dei corsi, che assiste le organizzazioni nella pianificazione del curriculum, delle trascrizioni, dei programmi degli esami, delle gerarchie dei corsi e altro ancora.<\/p>\n","protected":false},"author":19,"featured_media":73972,"parent":30279,"menu_order":0,"comment_status":"open","ping_status":"closed","template":"g1_template_page_review_new.php","meta":{"_acf_changed":false,"cwp_meta_box_check":"Yes","cwp_rev_product_name":"","cwp_rev_product_image":"","wppr_links":[],"cwp_rev_price":"0.00","wppr_options":[{"name":"Usability","value":"0"},{"name":"Speed","value":"0"},{"name":"Features","value":"0"},{"name":"Support","value":"0"},{"name":"Pricing","value":"0"}],"wppr_pros":["","","","",""],"wppr_cons":["","","","",""],"_monsterinsights_skip_tracking":false,"_monsterinsights_sitenote_active":false,"_monsterinsights_sitenote_note":"","_monsterinsights_sitenote_category":0,"footnotes":""},"categories":[3634],"tags":[5100,14878,14877,3661,3660,3659,3658],"features":[],"class_list":{"0":"post-73968","1":"page","2":"type-page","3":"status-publish","4":"has-post-thumbnail","6":"category-piattaforme-per-la-didattica-a-distanza-categoria","7":"tag-didattica-a-distanza","8":"tag-ope","9":"tag-openeducat","10":"tag-piattaforma-didattica-a-distanza","11":"tag-programma-didattica-a-distanza","12":"tag-software-didattica-a-distanza","13":"tag-soluzione-didattica-a-distanza"},"wppr_data":{"cwp_meta_box_check":"Yes","_wppr_review_template":"default","cwp_rev_product_image":"","cwp_image_link":"image","wppr_links":[],"cwp_rev_price":"0.00","wppr_pros":["","","","",""],"wppr_cons":["","","","",""],"wppr_rating":"0.00","wppr_options":{"1":{"name":"Usability","value":"0"},"2":{"name":"Speed","value":"0"},"3":{"name":"Features","value":"0"},"4":{"name":"Support","value":"0"},"5":{"name":"Pricing","value":"0"}},"wppr_review_type":"Product","wppr_review_custom_fields":{"additionalProperty":"","additionalType":"","aggregateRating":"","alternateName":"","audience":"","award":"","awards":"","brand":"","color":"","depth":"","description":"","disambiguatingDescription":"","gtin12":"","gtin13":"","gtin14":"","gtin8":"","height":"","identifier":"","image":"","isAccessoryOrSparePartFor":"","isConsumableFor":"","isRelatedTo":"","isSimilarTo":"","itemCondition":"","logo":"","mainEntityOfPage":"","manufacturer":"","material":"","model":"","mpn":"","name":"","offers":"","potentialAction":"","productID":"","productionDate":"","purchaseDate":"","releaseDate":"","review":"","reviews":"","sameAs":"","sku":"","slogan":"","subjectOf":"","url":"","weight":"","width":""}},"acf":[],"yoast_head":"<!-- This site is optimized with the Yoast SEO plugin v27.4 - https:\/\/yoast.com\/product\/yoast-seo-wordpress\/ -->\n<title>OpenEduCat: recensione piattaforma didattica a distanza - Accurate Reviews<\/title>\n<meta name=\"description\" content=\"OpenEduCat: recensione soluzione gestione scolastica che aiuta le scuole a gestire il coinvolgimento, la comunicazione e la collaborazione.\" \/>\n<meta name=\"robots\" content=\"index, follow, max-snippet:-1, max-image-preview:large, max-video-preview:-1\" \/>\n<link rel=\"canonical\" href=\"https:\/\/www.accuratereviews.com\/it\/piattaforme-didattica-distanza\/openeducat-recensione\/\" \/>\n<meta property=\"og:locale\" content=\"it_IT\" \/>\n<meta property=\"og:type\" content=\"article\" \/>\n<meta property=\"og:title\" content=\"OpenEduCat: recensione piattaforma didattica a distanza - Accurate Reviews\" \/>\n<meta property=\"og:description\" content=\"OpenEduCat: recensione soluzione gestione scolastica che aiuta le scuole a gestire il coinvolgimento, la comunicazione e la collaborazione.\" \/>\n<meta property=\"og:url\" content=\"https:\/\/www.accuratereviews.com\/it\/piattaforme-didattica-distanza\/openeducat-recensione\/\" \/>\n<meta property=\"og:site_name\" content=\"Accurate Reviews\" \/>\n<meta property=\"article:modified_time\" content=\"2024-01-23T11:03:23+00:00\" \/>\n<meta property=\"og:image\" content=\"https:\/\/www.accuratereviews.com\/wp-content\/uploads\/2024\/01\/OpenEduCat.png\" \/>\n\t<meta property=\"og:image:width\" content=\"733\" \/>\n\t<meta property=\"og:image:height\" content=\"550\" \/>\n\t<meta property=\"og:image:type\" content=\"image\/png\" \/>\n<meta name=\"twitter:card\" content=\"summary_large_image\" \/>\n<meta name=\"twitter:label1\" content=\"Tempo di lettura stimato\" \/>\n\t<meta name=\"twitter:data1\" content=\"4 minuti\" \/>\n<script type=\"application\/ld+json\" class=\"yoast-schema-graph\">{\"@context\":\"https:\\\/\\\/schema.org\",\"@graph\":[{\"@type\":\"WebPage\",\"@id\":\"https:\\\/\\\/www.accuratereviews.com\\\/it\\\/piattaforme-didattica-distanza\\\/openeducat-recensione\\\/\",\"url\":\"https:\\\/\\\/www.accuratereviews.com\\\/it\\\/piattaforme-didattica-distanza\\\/openeducat-recensione\\\/\",\"name\":\"OpenEduCat: recensione piattaforma didattica a distanza - Accurate Reviews\",\"isPartOf\":{\"@id\":\"https:\\\/\\\/www.accuratereviews.com\\\/it\\\/#website\"},\"primaryImageOfPage\":{\"@id\":\"https:\\\/\\\/www.accuratereviews.com\\\/it\\\/piattaforme-didattica-distanza\\\/openeducat-recensione\\\/#primaryimage\"},\"image\":{\"@id\":\"https:\\\/\\\/www.accuratereviews.com\\\/it\\\/piattaforme-didattica-distanza\\\/openeducat-recensione\\\/#primaryimage\"},\"thumbnailUrl\":\"https:\\\/\\\/www.accuratereviews.com\\\/wp-content\\\/uploads\\\/2024\\\/01\\\/OpenEduCat.png\",\"datePublished\":\"2024-01-22T11:28:19+00:00\",\"dateModified\":\"2024-01-23T11:03:23+00:00\",\"description\":\"OpenEduCat: recensione soluzione gestione scolastica che aiuta le scuole a gestire il coinvolgimento, la comunicazione e la collaborazione.\",\"breadcrumb\":{\"@id\":\"https:\\\/\\\/www.accuratereviews.com\\\/it\\\/piattaforme-didattica-distanza\\\/openeducat-recensione\\\/#breadcrumb\"},\"inLanguage\":\"it-IT\",\"potentialAction\":[{\"@type\":\"ReadAction\",\"target\":[\"https:\\\/\\\/www.accuratereviews.com\\\/it\\\/piattaforme-didattica-distanza\\\/openeducat-recensione\\\/\"]}]},{\"@type\":\"ImageObject\",\"inLanguage\":\"it-IT\",\"@id\":\"https:\\\/\\\/www.accuratereviews.com\\\/it\\\/piattaforme-didattica-distanza\\\/openeducat-recensione\\\/#primaryimage\",\"url\":\"https:\\\/\\\/www.accuratereviews.com\\\/wp-content\\\/uploads\\\/2024\\\/01\\\/OpenEduCat.png\",\"contentUrl\":\"https:\\\/\\\/www.accuratereviews.com\\\/wp-content\\\/uploads\\\/2024\\\/01\\\/OpenEduCat.png\",\"width\":733,\"height\":550},{\"@type\":\"BreadcrumbList\",\"@id\":\"https:\\\/\\\/www.accuratereviews.com\\\/it\\\/piattaforme-didattica-distanza\\\/openeducat-recensione\\\/#breadcrumb\",\"itemListElement\":[{\"@type\":\"ListItem\",\"position\":1,\"name\":\"Home\",\"item\":\"https:\\\/\\\/www.accuratereviews.com\\\/it\\\/\"},{\"@type\":\"ListItem\",\"position\":2,\"name\":\"Piattaforme per la didattica a distanza\",\"item\":\"https:\\\/\\\/www.accuratereviews.com\\\/it\\\/piattaforme-didattica-distanza\\\/\"},{\"@type\":\"ListItem\",\"position\":3,\"name\":\"OpenEduCat\"}]},{\"@type\":\"WebSite\",\"@id\":\"https:\\\/\\\/www.accuratereviews.com\\\/it\\\/#website\",\"url\":\"https:\\\/\\\/www.accuratereviews.com\\\/it\\\/\",\"name\":\"Accurate Reviews\",\"description\":\"\",\"potentialAction\":[{\"@type\":\"SearchAction\",\"target\":{\"@type\":\"EntryPoint\",\"urlTemplate\":\"https:\\\/\\\/www.accuratereviews.com\\\/it\\\/?s={search_term_string}\"},\"query-input\":{\"@type\":\"PropertyValueSpecification\",\"valueRequired\":true,\"valueName\":\"search_term_string\"}}],\"inLanguage\":\"it-IT\"}]}<\/script>\n<!-- \/ Yoast SEO plugin. -->","yoast_head_json":{"title":"OpenEduCat: recensione piattaforma didattica a distanza - Accurate Reviews","description":"OpenEduCat: recensione soluzione gestione scolastica che aiuta le scuole a gestire il coinvolgimento, la comunicazione e la collaborazione.","robots":{"index":"index","follow":"follow","max-snippet":"max-snippet:-1","max-image-preview":"max-image-preview:large","max-video-preview":"max-video-preview:-1"},"canonical":"https:\/\/www.accuratereviews.com\/it\/piattaforme-didattica-distanza\/openeducat-recensione\/","og_locale":"it_IT","og_type":"article","og_title":"OpenEduCat: recensione piattaforma didattica a distanza - Accurate Reviews","og_description":"OpenEduCat: recensione soluzione gestione scolastica che aiuta le scuole a gestire il coinvolgimento, la comunicazione e la collaborazione.","og_url":"https:\/\/www.accuratereviews.com\/it\/piattaforme-didattica-distanza\/openeducat-recensione\/","og_site_name":"Accurate Reviews","article_modified_time":"2024-01-23T11:03:23+00:00","og_image":[{"width":733,"height":550,"url":"https:\/\/www.accuratereviews.com\/wp-content\/uploads\/2024\/01\/OpenEduCat.png","type":"image\/png"}],"twitter_card":"summary_large_image","twitter_misc":{"Tempo di lettura stimato":"4 minuti"},"schema":{"@context":"https:\/\/schema.org","@graph":[{"@type":"WebPage","@id":"https:\/\/www.accuratereviews.com\/it\/piattaforme-didattica-distanza\/openeducat-recensione\/","url":"https:\/\/www.accuratereviews.com\/it\/piattaforme-didattica-distanza\/openeducat-recensione\/","name":"OpenEduCat: recensione piattaforma didattica a distanza - Accurate Reviews","isPartOf":{"@id":"https:\/\/www.accuratereviews.com\/it\/#website"},"primaryImageOfPage":{"@id":"https:\/\/www.accuratereviews.com\/it\/piattaforme-didattica-distanza\/openeducat-recensione\/#primaryimage"},"image":{"@id":"https:\/\/www.accuratereviews.com\/it\/piattaforme-didattica-distanza\/openeducat-recensione\/#primaryimage"},"thumbnailUrl":"https:\/\/www.accuratereviews.com\/wp-content\/uploads\/2024\/01\/OpenEduCat.png","datePublished":"2024-01-22T11:28:19+00:00","dateModified":"2024-01-23T11:03:23+00:00","description":"OpenEduCat: recensione soluzione gestione scolastica che aiuta le scuole a gestire il coinvolgimento, la comunicazione e la collaborazione.","breadcrumb":{"@id":"https:\/\/www.accuratereviews.com\/it\/piattaforme-didattica-distanza\/openeducat-recensione\/#breadcrumb"},"inLanguage":"it-IT","potentialAction":[{"@type":"ReadAction","target":["https:\/\/www.accuratereviews.com\/it\/piattaforme-didattica-distanza\/openeducat-recensione\/"]}]},{"@type":"ImageObject","inLanguage":"it-IT","@id":"https:\/\/www.accuratereviews.com\/it\/piattaforme-didattica-distanza\/openeducat-recensione\/#primaryimage","url":"https:\/\/www.accuratereviews.com\/wp-content\/uploads\/2024\/01\/OpenEduCat.png","contentUrl":"https:\/\/www.accuratereviews.com\/wp-content\/uploads\/2024\/01\/OpenEduCat.png","width":733,"height":550},{"@type":"BreadcrumbList","@id":"https:\/\/www.accuratereviews.com\/it\/piattaforme-didattica-distanza\/openeducat-recensione\/#breadcrumb","itemListElement":[{"@type":"ListItem","position":1,"name":"Home","item":"https:\/\/www.accuratereviews.com\/it\/"},{"@type":"ListItem","position":2,"name":"Piattaforme per la didattica a distanza","item":"https:\/\/www.accuratereviews.com\/it\/piattaforme-didattica-distanza\/"},{"@type":"ListItem","position":3,"name":"OpenEduCat"}]},{"@type":"WebSite","@id":"https:\/\/www.accuratereviews.com\/it\/#website","url":"https:\/\/www.accuratereviews.com\/it\/","name":"Accurate Reviews","description":"","potentialAction":[{"@type":"SearchAction","target":{"@type":"EntryPoint","urlTemplate":"https:\/\/www.accuratereviews.com\/it\/?s={search_term_string}"},"query-input":{"@type":"PropertyValueSpecification","valueRequired":true,"valueName":"search_term_string"}}],"inLanguage":"it-IT"}]}},"_links":{"self":[{"href":"https:\/\/www.accuratereviews.com\/it\/wp-json\/wp\/v2\/pages\/73968","targetHints":{"allow":["GET"]}}],"collection":[{"href":"https:\/\/www.accuratereviews.com\/it\/wp-json\/wp\/v2\/pages"}],"about":[{"href":"https:\/\/www.accuratereviews.com\/it\/wp-json\/wp\/v2\/types\/page"}],"author":[{"embeddable":true,"href":"https:\/\/www.accuratereviews.com\/it\/wp-json\/wp\/v2\/users\/19"}],"replies":[{"embeddable":true,"href":"https:\/\/www.accuratereviews.com\/it\/wp-json\/wp\/v2\/comments?post=73968"}],"version-history":[{"count":12,"href":"https:\/\/www.accuratereviews.com\/it\/wp-json\/wp\/v2\/pages\/73968\/revisions"}],"predecessor-version":[{"id":73998,"href":"https:\/\/www.accuratereviews.com\/it\/wp-json\/wp\/v2\/pages\/73968\/revisions\/73998"}],"up":[{"embeddable":true,"href":"https:\/\/www.accuratereviews.com\/it\/wp-json\/wp\/v2\/pages\/30279"}],"wp:featuredmedia":[{"embeddable":true,"href":"https:\/\/www.accuratereviews.com\/it\/wp-json\/wp\/v2\/media\/73972"}],"wp:attachment":[{"href":"https:\/\/www.accuratereviews.com\/it\/wp-json\/wp\/v2\/media?parent=73968"}],"wp:term":[{"taxonomy":"category","embeddable":true,"href":"https:\/\/www.accuratereviews.com\/it\/wp-json\/wp\/v2\/categories?post=73968"},{"taxonomy":"post_tag","embeddable":true,"href":"https:\/\/www.accuratereviews.com\/it\/wp-json\/wp\/v2\/tags?post=73968"},{"taxonomy":"features","embeddable":true,"href":"https:\/\/www.accuratereviews.com\/it\/wp-json\/wp\/v2\/features?post=73968"}],"curies":[{"name":"wp","href":"https:\/\/api.w.org\/{rel}","templated":true}]}}