{"id":73990,"date":"2024-01-23T14:11:46","date_gmt":"2024-01-23T14:11:46","guid":{"rendered":"https:\/\/www.accuratereviews.com\/?page_id=73990"},"modified":"2024-01-23T14:11:46","modified_gmt":"2024-01-23T14:11:46","slug":"jugo-recensione","status":"publish","type":"page","link":"https:\/\/www.accuratereviews.com\/it\/piattaforme-didattica-distanza\/jugo-recensione\/","title":{"rendered":"Jugo"},"content":{"rendered":"<p><strong>Jugo<\/strong> offre un&#8217;immersione mirata riunendo persone da tutto il mondo in un ambiente di <strong>incontro digitale<\/strong>. La piattaforma offre immagini straordinarie e realistiche per migliorare l&#8217;esperienza delle riunioni. Gli schermi verdi dell&#8217;intelligenza artificiale di nuova generazione consentono a chiunque di essere al centro della scena.<br \/>\nLa piattaforma di incontro virtuale, <strong>Jugo<\/strong>, si impegna a far s\u00ec che il mondo digitale appaia, suoni e sembri straordinariamente reale. La semplicit\u00e0 \u00e8 una priorit\u00e0 nell&#8217;approccio della soluzione. Gli utenti possono partecipare senza la necessit\u00e0 di cuffie ingombranti, schermi verdi o attrezzature specializzate. Non sono richiesti download aggiuntivi, rendendo il processo intuitivo e senza interruzioni. Sia tramite browser che tramite l&#8217;app, gli utenti possono facilmente partecipare da qualsiasi dispositivo e iniziare a collaborare.<\/p>\n<h2>JUGO &#8211; TUTORIAL<\/h2>\n<div id=\"fluid-wrapper-counter-1\" class=\"g1-fluid-wrapper \" style=\"width:686px;\">\n<div style=\"padding-bottom:56.268221574344%;\"><iframe loading=\"lazy\" title=\"Jugo Product Promo\" width=\"686\" height=\"386\" src=\"https:\/\/www.youtube.com\/embed\/2BmVPbEKs9w?feature=oembed&amp;wmode=transparent&amp;autohide=1&amp;autoplay=0&amp;disablekb=0&amp;fs=1&amp;loop=0&amp;enablejsapi=1&amp;rel=0&amp;controls=2&amp;showinfo=0&amp;wmode=transparent&amp;autohide=2&amp;autoplay=0&amp;disablekb=0&amp;fs=1&amp;loop=0&amp;enablejsapi=1&amp;rel=0&amp;controls=2&amp;showinfo=1\" frameborder=\"0\" allow=\"accelerometer; autoplay; clipboard-write; encrypted-media; gyroscope; picture-in-picture; web-share\" allowfullscreen><\/iframe><\/div>\n<\/div>\n<h3>JUGO &#8211; CARATTERISTICHE<\/h3>\n<ul>\n<li><strong>Rendering 3D in tempo reale<\/strong>: sperimenta immagini coinvolgenti, sorprendenti e realistiche, basate sull&#8217;impareggiabile Unreal Engine.<\/li>\n<li><strong>Partecipazione illimitata<\/strong>: tutti hanno voce in capitolo con accesso illimitato al palco. Gioca con flessibilit\u00e0 di ruolo: chiunque pu\u00f2 mettersi sotto i riflettori con un semplice clic.<\/li>\n<li><strong>Personalizzazione<\/strong>: personalizza il tuo studio con il tuo marchio. Differenziarti dai tuoi concorrenti. Il tuo ufficio, a modo tuo.<\/li>\n<li><strong>Qualit\u00e0 di streaming premium<\/strong>: la compressione video avanzata e all&#8217;avanguardia garantisce uno streaming di alta qualit\u00e0 e a bassa latenza su pi\u00f9 dispositivi.<\/li>\n<li><strong>Scalabilit\u00e0 illimitata<\/strong>: dalle conversazioni intime alle presentazioni su larga scala, tutti possono partecipare in meno di 60 secondi.<\/li>\n<li><strong>Funzionalit\u00e0 interattive<\/strong>: sessioni di domande e risposte in tempo reale, sondaggi dal vivo e reazioni emoji. Gestiamo decine di migliaia di interazioni al secondo.<\/li>\n<li><strong>IA intelligente<\/strong>: la suite interna di servizi IA forniti da Nvidia ti fa apparire e sentire al meglio.<\/li>\n<li>Sblocca il potere dell&#8217;interazione umana reale nel mondo virtuale.<\/li>\n<\/ul>\n<h4>LE RECENSIONI DEGLI UTENTI<\/h4>\n<p><strong>Courtney &#8220;Jugo ha contribuito a riportare la collaborazione e l&#8217;autenticit\u00e0 nel nostro team remoto&#8221;<\/strong><br \/>\n<strong>Commenti<\/strong>: Trovo che Jugo sia molto pi\u00f9 interessante e utile rispetto ad altre piattaforme. Jugo \u00e8 stato uno dei preferiti dai fan per coloro che in azienda hanno avuto modo di esplorarlo.<br \/>\n<strong>Pro<\/strong>: Jugo \u00e8 incredibilmente interattivo e visivamente emozionante: le nostre riunioni sono pi\u00f9 produttive poich\u00e9 il team rimane coinvolto e partecipa attivamente alle nostre riunioni ed eventi.<br \/>\n<strong>Contro<\/strong>: Jugo non \u00e8 attualmente disponibile su Safari.<\/p>\n<p><strong>Tom &#8220;Ambiente su misura per eventi&#8221;<\/strong><br \/>\n<strong>Pro<\/strong>: Le caratteristiche del design di Jugo sono ci\u00f2 che lo distingue dalla concorrenza, essere in grado di creare vari ambienti su misura per eventi \u00e8 un&#8217;ottima opzione per servire i nostri sostenitori<br \/>\n<strong>Contro<\/strong>: Non c&#8217;\u00e8 niente che non mi piace, una sfida \u00e8 stata spostare le persone da altri prodotti a questo; ma ci\u00f2 \u00e8 aiutato dalla facilit\u00e0 d&#8217;uso e dall&#8217;ottimo team di supporto<\/p>\n<p><strong>Laura &#8220;Recensione Laura&#8221;<\/strong><br \/>\n<strong>Pro<\/strong>: Interfaccia 3D interattiva, grafica molto avvincente, capacit\u00e0 di far &#8220;sembrare&#8221; una conferenza live con la scrivania.<br \/>\n<strong>Contro<\/strong>: Non posso sfocare o modificare lo sfondo senza uno strumento di terze parti e non \u00e8 facile pianificare le riunioni.<\/p>\n","protected":false},"excerpt":{"rendered":"<p>Jugo offre un&#8217;immersione mirata riunendo persone da tutto il mondo in un ambiente di incontro digitale. La piattaforma offre immagini straordinarie e realistiche per migliorare l&#8217;esperienza delle riunioni. Gli schermi verdi dell&#8217;intelligenza artificiale di nuova generazione consentono a chiunque di essere al centro della scena.<\/p>\n","protected":false},"author":19,"featured_media":73991,"parent":30279,"menu_order":0,"comment_status":"open","ping_status":"closed","template":"g1_template_page_review_new.php","meta":{"_acf_changed":false,"cwp_meta_box_check":"Yes","cwp_rev_product_name":"","cwp_rev_product_image":"","wppr_links":[],"cwp_rev_price":"0.00","wppr_options":[{"name":"Usability","value":"0"},{"name":"Speed","value":"0"},{"name":"Features","value":"0"},{"name":"Support","value":"0"},{"name":"Pricing","value":"0"}],"wppr_pros":["","","","",""],"wppr_cons":["","","","",""],"_monsterinsights_skip_tracking":false,"_monsterinsights_sitenote_active":false,"_monsterinsights_sitenote_note":"","_monsterinsights_sitenote_category":0,"footnotes":""},"categories":[3634],"tags":[5100,14882,3661,3660,3659,3658],"features":[],"class_list":{"0":"post-73990","1":"page","2":"type-page","3":"status-publish","4":"has-post-thumbnail","6":"category-piattaforme-per-la-didattica-a-distanza-categoria","7":"tag-didattica-a-distanza","8":"tag-jugo","9":"tag-piattaforma-didattica-a-distanza","10":"tag-programma-didattica-a-distanza","11":"tag-software-didattica-a-distanza","12":"tag-soluzione-didattica-a-distanza"},"wppr_data":{"cwp_meta_box_check":"Yes","_wppr_review_template":"default","cwp_rev_product_image":"","cwp_image_link":"image","wppr_links":[],"cwp_rev_price":"0.00","wppr_pros":["","","","",""],"wppr_cons":["","","","",""],"wppr_rating":"0.00","wppr_options":{"1":{"name":"Usability","value":"0"},"2":{"name":"Speed","value":"0"},"3":{"name":"Features","value":"0"},"4":{"name":"Support","value":"0"},"5":{"name":"Pricing","value":"0"}},"wppr_review_type":"Product","wppr_review_custom_fields":{"additionalProperty":"","additionalType":"","aggregateRating":"","alternateName":"","audience":"","award":"","awards":"","brand":"","color":"","depth":"","description":"","disambiguatingDescription":"","gtin12":"","gtin13":"","gtin14":"","gtin8":"","height":"","identifier":"","image":"","isAccessoryOrSparePartFor":"","isConsumableFor":"","isRelatedTo":"","isSimilarTo":"","itemCondition":"","logo":"","mainEntityOfPage":"","manufacturer":"","material":"","model":"","mpn":"","name":"","offers":"","potentialAction":"","productID":"","productionDate":"","purchaseDate":"","releaseDate":"","review":"","reviews":"","sameAs":"","sku":"","slogan":"","subjectOf":"","url":"","weight":"","width":""}},"acf":[],"yoast_head":"<!-- This site is optimized with the Yoast SEO plugin v27.4 - https:\/\/yoast.com\/product\/yoast-seo-wordpress\/ -->\n<title>Jugo: recensione software didattica a distanza - Accurate Reviews<\/title>\n<meta name=\"description\" content=\"Jugo: recensione soluzione didattica a distanza che offre un&#039;immersione mirata riunendo gli utenti in un ambiente di incontro digitale.\" \/>\n<meta name=\"robots\" content=\"index, follow, max-snippet:-1, max-image-preview:large, max-video-preview:-1\" \/>\n<link rel=\"canonical\" href=\"https:\/\/www.accuratereviews.com\/it\/piattaforme-didattica-distanza\/jugo-recensione\/\" \/>\n<meta property=\"og:locale\" content=\"it_IT\" \/>\n<meta property=\"og:type\" content=\"article\" \/>\n<meta property=\"og:title\" content=\"Jugo: recensione software didattica a distanza - Accurate Reviews\" \/>\n<meta property=\"og:description\" content=\"Jugo: recensione soluzione didattica a distanza che offre un&#039;immersione mirata riunendo gli utenti in un ambiente di incontro digitale.\" \/>\n<meta property=\"og:url\" content=\"https:\/\/www.accuratereviews.com\/it\/piattaforme-didattica-distanza\/jugo-recensione\/\" \/>\n<meta property=\"og:site_name\" content=\"Accurate Reviews\" \/>\n<meta property=\"og:image\" content=\"https:\/\/www.accuratereviews.com\/wp-content\/uploads\/2024\/01\/Jugo.jpeg\" \/>\n\t<meta property=\"og:image:width\" content=\"200\" \/>\n\t<meta property=\"og:image:height\" content=\"200\" \/>\n\t<meta property=\"og:image:type\" content=\"image\/jpeg\" \/>\n<meta name=\"twitter:card\" content=\"summary_large_image\" \/>\n<meta name=\"twitter:label1\" content=\"Tempo di lettura stimato\" \/>\n\t<meta name=\"twitter:data1\" content=\"3 minuti\" \/>\n<script type=\"application\/ld+json\" class=\"yoast-schema-graph\">{\"@context\":\"https:\\\/\\\/schema.org\",\"@graph\":[{\"@type\":\"WebPage\",\"@id\":\"https:\\\/\\\/www.accuratereviews.com\\\/it\\\/piattaforme-didattica-distanza\\\/jugo-recensione\\\/\",\"url\":\"https:\\\/\\\/www.accuratereviews.com\\\/it\\\/piattaforme-didattica-distanza\\\/jugo-recensione\\\/\",\"name\":\"Jugo: recensione software didattica a distanza - Accurate Reviews\",\"isPartOf\":{\"@id\":\"https:\\\/\\\/www.accuratereviews.com\\\/it\\\/#website\"},\"primaryImageOfPage\":{\"@id\":\"https:\\\/\\\/www.accuratereviews.com\\\/it\\\/piattaforme-didattica-distanza\\\/jugo-recensione\\\/#primaryimage\"},\"image\":{\"@id\":\"https:\\\/\\\/www.accuratereviews.com\\\/it\\\/piattaforme-didattica-distanza\\\/jugo-recensione\\\/#primaryimage\"},\"thumbnailUrl\":\"https:\\\/\\\/www.accuratereviews.com\\\/wp-content\\\/uploads\\\/2024\\\/01\\\/Jugo.jpeg\",\"datePublished\":\"2024-01-23T14:11:46+00:00\",\"description\":\"Jugo: recensione soluzione didattica a distanza che offre un'immersione mirata riunendo gli utenti in un ambiente di incontro digitale.\",\"breadcrumb\":{\"@id\":\"https:\\\/\\\/www.accuratereviews.com\\\/it\\\/piattaforme-didattica-distanza\\\/jugo-recensione\\\/#breadcrumb\"},\"inLanguage\":\"it-IT\",\"potentialAction\":[{\"@type\":\"ReadAction\",\"target\":[\"https:\\\/\\\/www.accuratereviews.com\\\/it\\\/piattaforme-didattica-distanza\\\/jugo-recensione\\\/\"]}]},{\"@type\":\"ImageObject\",\"inLanguage\":\"it-IT\",\"@id\":\"https:\\\/\\\/www.accuratereviews.com\\\/it\\\/piattaforme-didattica-distanza\\\/jugo-recensione\\\/#primaryimage\",\"url\":\"https:\\\/\\\/www.accuratereviews.com\\\/wp-content\\\/uploads\\\/2024\\\/01\\\/Jugo.jpeg\",\"contentUrl\":\"https:\\\/\\\/www.accuratereviews.com\\\/wp-content\\\/uploads\\\/2024\\\/01\\\/Jugo.jpeg\",\"width\":200,\"height\":200},{\"@type\":\"BreadcrumbList\",\"@id\":\"https:\\\/\\\/www.accuratereviews.com\\\/it\\\/piattaforme-didattica-distanza\\\/jugo-recensione\\\/#breadcrumb\",\"itemListElement\":[{\"@type\":\"ListItem\",\"position\":1,\"name\":\"Home\",\"item\":\"https:\\\/\\\/www.accuratereviews.com\\\/it\\\/\"},{\"@type\":\"ListItem\",\"position\":2,\"name\":\"Piattaforme per la didattica a distanza\",\"item\":\"https:\\\/\\\/www.accuratereviews.com\\\/it\\\/piattaforme-didattica-distanza\\\/\"},{\"@type\":\"ListItem\",\"position\":3,\"name\":\"Jugo\"}]},{\"@type\":\"WebSite\",\"@id\":\"https:\\\/\\\/www.accuratereviews.com\\\/it\\\/#website\",\"url\":\"https:\\\/\\\/www.accuratereviews.com\\\/it\\\/\",\"name\":\"Accurate Reviews\",\"description\":\"\",\"potentialAction\":[{\"@type\":\"SearchAction\",\"target\":{\"@type\":\"EntryPoint\",\"urlTemplate\":\"https:\\\/\\\/www.accuratereviews.com\\\/it\\\/?s={search_term_string}\"},\"query-input\":{\"@type\":\"PropertyValueSpecification\",\"valueRequired\":true,\"valueName\":\"search_term_string\"}}],\"inLanguage\":\"it-IT\"}]}<\/script>\n<!-- \/ Yoast SEO plugin. -->","yoast_head_json":{"title":"Jugo: recensione software didattica a distanza - Accurate Reviews","description":"Jugo: recensione soluzione didattica a distanza che offre un'immersione mirata riunendo gli utenti in un ambiente di incontro digitale.","robots":{"index":"index","follow":"follow","max-snippet":"max-snippet:-1","max-image-preview":"max-image-preview:large","max-video-preview":"max-video-preview:-1"},"canonical":"https:\/\/www.accuratereviews.com\/it\/piattaforme-didattica-distanza\/jugo-recensione\/","og_locale":"it_IT","og_type":"article","og_title":"Jugo: recensione software didattica a distanza - Accurate Reviews","og_description":"Jugo: recensione soluzione didattica a distanza che offre un'immersione mirata riunendo gli utenti in un ambiente di incontro digitale.","og_url":"https:\/\/www.accuratereviews.com\/it\/piattaforme-didattica-distanza\/jugo-recensione\/","og_site_name":"Accurate Reviews","og_image":[{"width":200,"height":200,"url":"https:\/\/www.accuratereviews.com\/wp-content\/uploads\/2024\/01\/Jugo.jpeg","type":"image\/jpeg"}],"twitter_card":"summary_large_image","twitter_misc":{"Tempo di lettura stimato":"3 minuti"},"schema":{"@context":"https:\/\/schema.org","@graph":[{"@type":"WebPage","@id":"https:\/\/www.accuratereviews.com\/it\/piattaforme-didattica-distanza\/jugo-recensione\/","url":"https:\/\/www.accuratereviews.com\/it\/piattaforme-didattica-distanza\/jugo-recensione\/","name":"Jugo: recensione software didattica a distanza - Accurate Reviews","isPartOf":{"@id":"https:\/\/www.accuratereviews.com\/it\/#website"},"primaryImageOfPage":{"@id":"https:\/\/www.accuratereviews.com\/it\/piattaforme-didattica-distanza\/jugo-recensione\/#primaryimage"},"image":{"@id":"https:\/\/www.accuratereviews.com\/it\/piattaforme-didattica-distanza\/jugo-recensione\/#primaryimage"},"thumbnailUrl":"https:\/\/www.accuratereviews.com\/wp-content\/uploads\/2024\/01\/Jugo.jpeg","datePublished":"2024-01-23T14:11:46+00:00","description":"Jugo: recensione soluzione didattica a distanza che offre un'immersione mirata riunendo gli utenti in un ambiente di incontro digitale.","breadcrumb":{"@id":"https:\/\/www.accuratereviews.com\/it\/piattaforme-didattica-distanza\/jugo-recensione\/#breadcrumb"},"inLanguage":"it-IT","potentialAction":[{"@type":"ReadAction","target":["https:\/\/www.accuratereviews.com\/it\/piattaforme-didattica-distanza\/jugo-recensione\/"]}]},{"@type":"ImageObject","inLanguage":"it-IT","@id":"https:\/\/www.accuratereviews.com\/it\/piattaforme-didattica-distanza\/jugo-recensione\/#primaryimage","url":"https:\/\/www.accuratereviews.com\/wp-content\/uploads\/2024\/01\/Jugo.jpeg","contentUrl":"https:\/\/www.accuratereviews.com\/wp-content\/uploads\/2024\/01\/Jugo.jpeg","width":200,"height":200},{"@type":"BreadcrumbList","@id":"https:\/\/www.accuratereviews.com\/it\/piattaforme-didattica-distanza\/jugo-recensione\/#breadcrumb","itemListElement":[{"@type":"ListItem","position":1,"name":"Home","item":"https:\/\/www.accuratereviews.com\/it\/"},{"@type":"ListItem","position":2,"name":"Piattaforme per la didattica a distanza","item":"https:\/\/www.accuratereviews.com\/it\/piattaforme-didattica-distanza\/"},{"@type":"ListItem","position":3,"name":"Jugo"}]},{"@type":"WebSite","@id":"https:\/\/www.accuratereviews.com\/it\/#website","url":"https:\/\/www.accuratereviews.com\/it\/","name":"Accurate Reviews","description":"","potentialAction":[{"@type":"SearchAction","target":{"@type":"EntryPoint","urlTemplate":"https:\/\/www.accuratereviews.com\/it\/?s={search_term_string}"},"query-input":{"@type":"PropertyValueSpecification","valueRequired":true,"valueName":"search_term_string"}}],"inLanguage":"it-IT"}]}},"_links":{"self":[{"href":"https:\/\/www.accuratereviews.com\/it\/wp-json\/wp\/v2\/pages\/73990","targetHints":{"allow":["GET"]}}],"collection":[{"href":"https:\/\/www.accuratereviews.com\/it\/wp-json\/wp\/v2\/pages"}],"about":[{"href":"https:\/\/www.accuratereviews.com\/it\/wp-json\/wp\/v2\/types\/page"}],"author":[{"embeddable":true,"href":"https:\/\/www.accuratereviews.com\/it\/wp-json\/wp\/v2\/users\/19"}],"replies":[{"embeddable":true,"href":"https:\/\/www.accuratereviews.com\/it\/wp-json\/wp\/v2\/comments?post=73990"}],"version-history":[{"count":7,"href":"https:\/\/www.accuratereviews.com\/it\/wp-json\/wp\/v2\/pages\/73990\/revisions"}],"predecessor-version":[{"id":74033,"href":"https:\/\/www.accuratereviews.com\/it\/wp-json\/wp\/v2\/pages\/73990\/revisions\/74033"}],"up":[{"embeddable":true,"href":"https:\/\/www.accuratereviews.com\/it\/wp-json\/wp\/v2\/pages\/30279"}],"wp:featuredmedia":[{"embeddable":true,"href":"https:\/\/www.accuratereviews.com\/it\/wp-json\/wp\/v2\/media\/73991"}],"wp:attachment":[{"href":"https:\/\/www.accuratereviews.com\/it\/wp-json\/wp\/v2\/media?parent=73990"}],"wp:term":[{"taxonomy":"category","embeddable":true,"href":"https:\/\/www.accuratereviews.com\/it\/wp-json\/wp\/v2\/categories?post=73990"},{"taxonomy":"post_tag","embeddable":true,"href":"https:\/\/www.accuratereviews.com\/it\/wp-json\/wp\/v2\/tags?post=73990"},{"taxonomy":"features","embeddable":true,"href":"https:\/\/www.accuratereviews.com\/it\/wp-json\/wp\/v2\/features?post=73990"}],"curies":[{"name":"wp","href":"https:\/\/api.w.org\/{rel}","templated":true}]}}