{"id":74039,"date":"2024-01-24T16:57:17","date_gmt":"2024-01-24T16:57:17","guid":{"rendered":"https:\/\/www.accuratereviews.com\/?page_id=74039"},"modified":"2024-01-25T09:34:12","modified_gmt":"2024-01-25T09:34:12","slug":"meet-hour-recensione","status":"publish","type":"page","link":"https:\/\/www.accuratereviews.com\/it\/piattaforme-didattica-distanza\/meet-hour-recensione\/","title":{"rendered":"Meet Hour"},"content":{"rendered":"<p><strong>Meet Hour<\/strong> \u00e8 un&#8217;<strong>app di videoconferenza<\/strong> disponibile principalmente per la comunicazione virtuale in tempo reale. Fornisce una piattaforma audio-video sicura e affidabile che non ha eguali in termini di qualit\u00e0 ed esperienza. <strong>L&#8217;app \u00e8 sicura, affidabile e gratuita.<\/strong> \u00c8 allo stesso tempo coerente e infallibile nel mantenere le persone connesse con chat ininterrotte, telefonate, conferenze, riunioni, eventi dal vivo e webinar.<br \/>\nIn breve, <strong>Meet Hour<\/strong> \u00e8 pi\u00f9 inclusivo, interattivo e coinvolgente ed \u00e8 essenzialmente pi\u00f9 produttivo. Il programma rappresenta quindi un miglioramento percepibile rispetto ad altri software di questo settore.<\/p>\n<h2>MEET HOUR &#8211; TUTORIAL<\/h2>\n<div id=\"fluid-wrapper-counter-1\" class=\"g1-fluid-wrapper \" style=\"width:686px;\">\n<div style=\"padding-bottom:56.268221574344%;\"><iframe loading=\"lazy\" title=\"(Meet Hour - Tutorial) - How to Live Stream Meet Hour Video Conference on YouTube Live - Desktop\" width=\"686\" height=\"386\" src=\"https:\/\/www.youtube.com\/embed\/t5Ud-Azm-PI?feature=oembed&amp;wmode=transparent&amp;autohide=1&amp;autoplay=0&amp;disablekb=0&amp;fs=1&amp;loop=0&amp;enablejsapi=1&amp;rel=0&amp;controls=2&amp;showinfo=0&amp;wmode=transparent&amp;autohide=2&amp;autoplay=0&amp;disablekb=0&amp;fs=1&amp;loop=0&amp;enablejsapi=1&amp;rel=0&amp;controls=2&amp;showinfo=1\" frameborder=\"0\" allow=\"accelerometer; autoplay; clipboard-write; encrypted-media; gyroscope; picture-in-picture; web-share\" allowfullscreen><\/iframe><\/div>\n<\/div>\n<h3>MEET HOUR &#8211; CARATTERISTICHE<\/h3>\n<p>Le caratteristiche rilevanti \u00a0di questa soluzione possono essere riassunte nelle seguenti punti:<\/p>\n<ul>\n<li>Nessuna limitazione sul tempo di conversazione. \u00c8 illimitato nel vero senso della parola.<\/li>\n<li>Pu\u00f2 ospitare fino a 200 partecipanti<\/li>\n<li>\u00c8 possibile la condivisione dello schermo<\/li>\n<li>Facilita la condivisione dei video di YouTube<\/li>\n<li>Pu\u00f2 effettuare streaming live parallelo su YouTube, Instagram, Facebook, LinkedIn, Twitter e RTMP personalizzato<\/li>\n<li>Dispone di lavagna, utilizzata per scopi di insegnamento e apprendimento<\/li>\n<li>Pu\u00f2 facilitare la donazione in tempo reale su Donorbox e Click &amp; Pledge Connect<\/li>\n<li>Abilita anche conferenze brandizzate: &#8220;Yourbrand.meethour.io&#8221;<\/li>\n<li>\u00c8 possibile integrare Meet Hour tramite Android nativo, iOS nativo, React Native e Flutter SDK<\/li>\n<li>Possibilit\u00e0 di incorporare riunioni<\/li>\n<li>Fornisce la possibilit\u00e0 di ospitare su Client-Server<\/li>\n<li>Ha la possibilit\u00e0 di disattivare l&#8217;audio\/video dei partecipanti all&#8217;ingresso<\/li>\n<li>Consente all&#8217;amministratore\/organizzatore del team di forzare l&#8217;audio\/video dei partecipanti durante la conferenza<\/li>\n<\/ul>\n<h4><strong>LE RECENSIONI DEGLI UTENTI<\/strong><\/h4>\n<p><strong>Konjengbam &#8220;Una Piattaforma Affidabile, Utile e Comoda per Meeting e Videoconferenze per le Aziende.&#8221;<\/strong><br \/>\n<strong>Commenti<\/strong>: Ho avuto una buona esperienza utilizzando questo prodotto. Lo trovo molto affidabile e stabile. Ritengo che con l&#8217;aggiunta di pi\u00f9 strumenti e funzionalit\u00e0, questa applicazione sar\u00e0 una scelta per molte altre aziende commerciali per assisterle efficacemente nelle loro operazioni.<br \/>\n<strong>Pro<\/strong>: Adoro l&#8217;interfaccia utente di questa piattaforma. Ha feed video e audio stabili.<br \/>\n<strong>Contro<\/strong>: Vorrei che nella chat fosse disponibile un&#8217;opzione di condivisione dei file che consentir\u00e0 ai partecipanti di condividere pi\u00f9 informazioni. L&#8217;aggiunta della lavagna sar\u00e0 davvero utile per gli utenti che utilizzano questa piattaforma.<\/p>\n<p><strong>Sheikh &#8220;Per quanto riguarda l&#8217;app Meet Hour&#8221;<\/strong><br \/>\n<strong>Pro<\/strong>: Stavo utilizzando un&#8217;app di videoconferenza diversa per la mia attivit\u00e0 e riscontravo problemi ogni volta che dovevo utilizzare l&#8217;app ininterrottamente per un paio d&#8217;ore. Mentre cercavo un&#8217;opzione migliore, ho trovato l&#8217;app dell&#8217;orario di incontro tramite un annuncio sui social media. Durante l&#8217;esplorazione, l&#8217;ho trovato molto facile da usare e comodo da usare con il mio team. Al momento sto utilizzando la versione gratuita dell&#8217;app, spero che dal prossimo mese mi abboner\u00f2 secondo le mie esigenze aziendali.<br \/>\n<strong>Contro<\/strong>: Fino ad ora, non ho avuto alcun problema da menzionare.<\/p>\n<p><strong>Hannah &#8220;Ottimo software per riunioni alternativo&#8221;<\/strong><br \/>\n<strong>Pro<\/strong>: Possibilit\u00e0 di creare il mio nome URL univoco<br \/>\n<strong>Contro<\/strong>: Non \u00e8 ancora integrabile con Outlook, n\u00e9 con i calendari di Google, Calendly, ecc. durante l&#8217;invio di una riunione.<\/p>\n","protected":false},"excerpt":{"rendered":"<p>Meet Hour \u00e8 un&#8217;app di videoconferenza disponibile principalmente per la comunicazione virtuale in tempo reale. Fornisce una piattaforma audio-video sicura e affidabile che non ha eguali in termini di qualit\u00e0 ed esperienza. L&#8217;app \u00e8 sicura, affidabile e gratuita. \u00c8 allo stesso tempo coerente e infallibile nel mantenere le persone connesse con chat ininterrotte, telefonate, conferenze, riunioni, eventi dal vivo e webinar.<\/p>\n","protected":false},"author":19,"featured_media":74040,"parent":30279,"menu_order":0,"comment_status":"open","ping_status":"closed","template":"g1_template_page_review_new.php","meta":{"_acf_changed":false,"cwp_meta_box_check":"Yes","cwp_rev_product_name":"","cwp_rev_product_image":"","wppr_links":[],"cwp_rev_price":"0.00","wppr_options":[{"name":"Usability","value":"0"},{"name":"Speed","value":"0"},{"name":"Features","value":"0"},{"name":"Support","value":"0"},{"name":"Pricing","value":"0"}],"wppr_pros":["","","","",""],"wppr_cons":["","","","",""],"_monsterinsights_skip_tracking":false,"_monsterinsights_sitenote_active":false,"_monsterinsights_sitenote_note":"","_monsterinsights_sitenote_category":0,"footnotes":""},"categories":[3634],"tags":[5100,14888,3661,3660,3659,3658],"features":[],"class_list":{"0":"post-74039","1":"page","2":"type-page","3":"status-publish","4":"has-post-thumbnail","6":"category-piattaforme-per-la-didattica-a-distanza-categoria","7":"tag-didattica-a-distanza","8":"tag-meet-hour","9":"tag-piattaforma-didattica-a-distanza","10":"tag-programma-didattica-a-distanza","11":"tag-software-didattica-a-distanza","12":"tag-soluzione-didattica-a-distanza"},"wppr_data":{"cwp_meta_box_check":"Yes","_wppr_review_template":"default","cwp_rev_product_image":"","cwp_image_link":"image","wppr_links":[],"cwp_rev_price":"0.00","wppr_pros":["","","","",""],"wppr_cons":["","","","",""],"wppr_rating":"0.00","wppr_options":{"1":{"name":"Usability","value":"0"},"2":{"name":"Speed","value":"0"},"3":{"name":"Features","value":"0"},"4":{"name":"Support","value":"0"},"5":{"name":"Pricing","value":"0"}},"wppr_review_type":"Product","wppr_review_custom_fields":{"additionalProperty":"","additionalType":"","aggregateRating":"","alternateName":"","audience":"","award":"","awards":"","brand":"","color":"","depth":"","description":"","disambiguatingDescription":"","gtin12":"","gtin13":"","gtin14":"","gtin8":"","height":"","identifier":"","image":"","isAccessoryOrSparePartFor":"","isConsumableFor":"","isRelatedTo":"","isSimilarTo":"","itemCondition":"","logo":"","mainEntityOfPage":"","manufacturer":"","material":"","model":"","mpn":"","name":"","offers":"","potentialAction":"","productID":"","productionDate":"","purchaseDate":"","releaseDate":"","review":"","reviews":"","sameAs":"","sku":"","slogan":"","subjectOf":"","url":"","weight":"","width":""}},"acf":[],"yoast_head":"<!-- This site is optimized with the Yoast SEO plugin v27.4 - https:\/\/yoast.com\/product\/yoast-seo-wordpress\/ -->\n<title>Meet Hour: recensione software didattica a distanza - Accurate Reviews<\/title>\n<meta name=\"description\" content=\"Meet Hour: recensione app di videoconferenza disponibile principalmente per la comunicazione virtuale in tempo reale.\" \/>\n<meta name=\"robots\" content=\"index, follow, max-snippet:-1, max-image-preview:large, max-video-preview:-1\" \/>\n<link rel=\"canonical\" href=\"https:\/\/www.accuratereviews.com\/it\/piattaforme-didattica-distanza\/meet-hour-recensione\/\" \/>\n<meta property=\"og:locale\" content=\"it_IT\" \/>\n<meta property=\"og:type\" content=\"article\" \/>\n<meta property=\"og:title\" content=\"Meet Hour: recensione software didattica a distanza - Accurate Reviews\" \/>\n<meta property=\"og:description\" content=\"Meet Hour: recensione app di videoconferenza disponibile principalmente per la comunicazione virtuale in tempo reale.\" \/>\n<meta property=\"og:url\" content=\"https:\/\/www.accuratereviews.com\/it\/piattaforme-didattica-distanza\/meet-hour-recensione\/\" \/>\n<meta property=\"og:site_name\" content=\"Accurate Reviews\" \/>\n<meta property=\"article:modified_time\" content=\"2024-01-25T09:34:12+00:00\" \/>\n<meta property=\"og:image\" content=\"https:\/\/www.accuratereviews.com\/wp-content\/uploads\/2024\/01\/Meet-Hour.webp\" \/>\n\t<meta property=\"og:image:width\" content=\"240\" \/>\n\t<meta property=\"og:image:height\" content=\"240\" \/>\n\t<meta property=\"og:image:type\" content=\"image\/webp\" \/>\n<meta name=\"twitter:card\" content=\"summary_large_image\" \/>\n<meta name=\"twitter:label1\" content=\"Tempo di lettura stimato\" \/>\n\t<meta name=\"twitter:data1\" content=\"3 minuti\" \/>\n<script type=\"application\/ld+json\" class=\"yoast-schema-graph\">{\"@context\":\"https:\\\/\\\/schema.org\",\"@graph\":[{\"@type\":\"WebPage\",\"@id\":\"https:\\\/\\\/www.accuratereviews.com\\\/it\\\/piattaforme-didattica-distanza\\\/meet-hour-recensione\\\/\",\"url\":\"https:\\\/\\\/www.accuratereviews.com\\\/it\\\/piattaforme-didattica-distanza\\\/meet-hour-recensione\\\/\",\"name\":\"Meet Hour: recensione software didattica a distanza - Accurate Reviews\",\"isPartOf\":{\"@id\":\"https:\\\/\\\/www.accuratereviews.com\\\/it\\\/#website\"},\"primaryImageOfPage\":{\"@id\":\"https:\\\/\\\/www.accuratereviews.com\\\/it\\\/piattaforme-didattica-distanza\\\/meet-hour-recensione\\\/#primaryimage\"},\"image\":{\"@id\":\"https:\\\/\\\/www.accuratereviews.com\\\/it\\\/piattaforme-didattica-distanza\\\/meet-hour-recensione\\\/#primaryimage\"},\"thumbnailUrl\":\"https:\\\/\\\/www.accuratereviews.com\\\/wp-content\\\/uploads\\\/2024\\\/01\\\/Meet-Hour.webp\",\"datePublished\":\"2024-01-24T16:57:17+00:00\",\"dateModified\":\"2024-01-25T09:34:12+00:00\",\"description\":\"Meet Hour: recensione app di videoconferenza disponibile principalmente per la comunicazione virtuale in tempo reale.\",\"breadcrumb\":{\"@id\":\"https:\\\/\\\/www.accuratereviews.com\\\/it\\\/piattaforme-didattica-distanza\\\/meet-hour-recensione\\\/#breadcrumb\"},\"inLanguage\":\"it-IT\",\"potentialAction\":[{\"@type\":\"ReadAction\",\"target\":[\"https:\\\/\\\/www.accuratereviews.com\\\/it\\\/piattaforme-didattica-distanza\\\/meet-hour-recensione\\\/\"]}]},{\"@type\":\"ImageObject\",\"inLanguage\":\"it-IT\",\"@id\":\"https:\\\/\\\/www.accuratereviews.com\\\/it\\\/piattaforme-didattica-distanza\\\/meet-hour-recensione\\\/#primaryimage\",\"url\":\"https:\\\/\\\/www.accuratereviews.com\\\/wp-content\\\/uploads\\\/2024\\\/01\\\/Meet-Hour.webp\",\"contentUrl\":\"https:\\\/\\\/www.accuratereviews.com\\\/wp-content\\\/uploads\\\/2024\\\/01\\\/Meet-Hour.webp\",\"width\":240,\"height\":240},{\"@type\":\"BreadcrumbList\",\"@id\":\"https:\\\/\\\/www.accuratereviews.com\\\/it\\\/piattaforme-didattica-distanza\\\/meet-hour-recensione\\\/#breadcrumb\",\"itemListElement\":[{\"@type\":\"ListItem\",\"position\":1,\"name\":\"Home\",\"item\":\"https:\\\/\\\/www.accuratereviews.com\\\/it\\\/\"},{\"@type\":\"ListItem\",\"position\":2,\"name\":\"Piattaforme per la didattica a distanza\",\"item\":\"https:\\\/\\\/www.accuratereviews.com\\\/it\\\/piattaforme-didattica-distanza\\\/\"},{\"@type\":\"ListItem\",\"position\":3,\"name\":\"Meet Hour\"}]},{\"@type\":\"WebSite\",\"@id\":\"https:\\\/\\\/www.accuratereviews.com\\\/it\\\/#website\",\"url\":\"https:\\\/\\\/www.accuratereviews.com\\\/it\\\/\",\"name\":\"Accurate Reviews\",\"description\":\"\",\"potentialAction\":[{\"@type\":\"SearchAction\",\"target\":{\"@type\":\"EntryPoint\",\"urlTemplate\":\"https:\\\/\\\/www.accuratereviews.com\\\/it\\\/?s={search_term_string}\"},\"query-input\":{\"@type\":\"PropertyValueSpecification\",\"valueRequired\":true,\"valueName\":\"search_term_string\"}}],\"inLanguage\":\"it-IT\"}]}<\/script>\n<!-- \/ Yoast SEO plugin. -->","yoast_head_json":{"title":"Meet Hour: recensione software didattica a distanza - Accurate Reviews","description":"Meet Hour: recensione app di videoconferenza disponibile principalmente per la comunicazione virtuale in tempo reale.","robots":{"index":"index","follow":"follow","max-snippet":"max-snippet:-1","max-image-preview":"max-image-preview:large","max-video-preview":"max-video-preview:-1"},"canonical":"https:\/\/www.accuratereviews.com\/it\/piattaforme-didattica-distanza\/meet-hour-recensione\/","og_locale":"it_IT","og_type":"article","og_title":"Meet Hour: recensione software didattica a distanza - Accurate Reviews","og_description":"Meet Hour: recensione app di videoconferenza disponibile principalmente per la comunicazione virtuale in tempo reale.","og_url":"https:\/\/www.accuratereviews.com\/it\/piattaforme-didattica-distanza\/meet-hour-recensione\/","og_site_name":"Accurate Reviews","article_modified_time":"2024-01-25T09:34:12+00:00","og_image":[{"width":240,"height":240,"url":"https:\/\/www.accuratereviews.com\/wp-content\/uploads\/2024\/01\/Meet-Hour.webp","type":"image\/webp"}],"twitter_card":"summary_large_image","twitter_misc":{"Tempo di lettura stimato":"3 minuti"},"schema":{"@context":"https:\/\/schema.org","@graph":[{"@type":"WebPage","@id":"https:\/\/www.accuratereviews.com\/it\/piattaforme-didattica-distanza\/meet-hour-recensione\/","url":"https:\/\/www.accuratereviews.com\/it\/piattaforme-didattica-distanza\/meet-hour-recensione\/","name":"Meet Hour: recensione software didattica a distanza - Accurate Reviews","isPartOf":{"@id":"https:\/\/www.accuratereviews.com\/it\/#website"},"primaryImageOfPage":{"@id":"https:\/\/www.accuratereviews.com\/it\/piattaforme-didattica-distanza\/meet-hour-recensione\/#primaryimage"},"image":{"@id":"https:\/\/www.accuratereviews.com\/it\/piattaforme-didattica-distanza\/meet-hour-recensione\/#primaryimage"},"thumbnailUrl":"https:\/\/www.accuratereviews.com\/wp-content\/uploads\/2024\/01\/Meet-Hour.webp","datePublished":"2024-01-24T16:57:17+00:00","dateModified":"2024-01-25T09:34:12+00:00","description":"Meet Hour: recensione app di videoconferenza disponibile principalmente per la comunicazione virtuale in tempo reale.","breadcrumb":{"@id":"https:\/\/www.accuratereviews.com\/it\/piattaforme-didattica-distanza\/meet-hour-recensione\/#breadcrumb"},"inLanguage":"it-IT","potentialAction":[{"@type":"ReadAction","target":["https:\/\/www.accuratereviews.com\/it\/piattaforme-didattica-distanza\/meet-hour-recensione\/"]}]},{"@type":"ImageObject","inLanguage":"it-IT","@id":"https:\/\/www.accuratereviews.com\/it\/piattaforme-didattica-distanza\/meet-hour-recensione\/#primaryimage","url":"https:\/\/www.accuratereviews.com\/wp-content\/uploads\/2024\/01\/Meet-Hour.webp","contentUrl":"https:\/\/www.accuratereviews.com\/wp-content\/uploads\/2024\/01\/Meet-Hour.webp","width":240,"height":240},{"@type":"BreadcrumbList","@id":"https:\/\/www.accuratereviews.com\/it\/piattaforme-didattica-distanza\/meet-hour-recensione\/#breadcrumb","itemListElement":[{"@type":"ListItem","position":1,"name":"Home","item":"https:\/\/www.accuratereviews.com\/it\/"},{"@type":"ListItem","position":2,"name":"Piattaforme per la didattica a distanza","item":"https:\/\/www.accuratereviews.com\/it\/piattaforme-didattica-distanza\/"},{"@type":"ListItem","position":3,"name":"Meet Hour"}]},{"@type":"WebSite","@id":"https:\/\/www.accuratereviews.com\/it\/#website","url":"https:\/\/www.accuratereviews.com\/it\/","name":"Accurate Reviews","description":"","potentialAction":[{"@type":"SearchAction","target":{"@type":"EntryPoint","urlTemplate":"https:\/\/www.accuratereviews.com\/it\/?s={search_term_string}"},"query-input":{"@type":"PropertyValueSpecification","valueRequired":true,"valueName":"search_term_string"}}],"inLanguage":"it-IT"}]}},"_links":{"self":[{"href":"https:\/\/www.accuratereviews.com\/it\/wp-json\/wp\/v2\/pages\/74039","targetHints":{"allow":["GET"]}}],"collection":[{"href":"https:\/\/www.accuratereviews.com\/it\/wp-json\/wp\/v2\/pages"}],"about":[{"href":"https:\/\/www.accuratereviews.com\/it\/wp-json\/wp\/v2\/types\/page"}],"author":[{"embeddable":true,"href":"https:\/\/www.accuratereviews.com\/it\/wp-json\/wp\/v2\/users\/19"}],"replies":[{"embeddable":true,"href":"https:\/\/www.accuratereviews.com\/it\/wp-json\/wp\/v2\/comments?post=74039"}],"version-history":[{"count":9,"href":"https:\/\/www.accuratereviews.com\/it\/wp-json\/wp\/v2\/pages\/74039\/revisions"}],"predecessor-version":[{"id":74077,"href":"https:\/\/www.accuratereviews.com\/it\/wp-json\/wp\/v2\/pages\/74039\/revisions\/74077"}],"up":[{"embeddable":true,"href":"https:\/\/www.accuratereviews.com\/it\/wp-json\/wp\/v2\/pages\/30279"}],"wp:featuredmedia":[{"embeddable":true,"href":"https:\/\/www.accuratereviews.com\/it\/wp-json\/wp\/v2\/media\/74040"}],"wp:attachment":[{"href":"https:\/\/www.accuratereviews.com\/it\/wp-json\/wp\/v2\/media?parent=74039"}],"wp:term":[{"taxonomy":"category","embeddable":true,"href":"https:\/\/www.accuratereviews.com\/it\/wp-json\/wp\/v2\/categories?post=74039"},{"taxonomy":"post_tag","embeddable":true,"href":"https:\/\/www.accuratereviews.com\/it\/wp-json\/wp\/v2\/tags?post=74039"},{"taxonomy":"features","embeddable":true,"href":"https:\/\/www.accuratereviews.com\/it\/wp-json\/wp\/v2\/features?post=74039"}],"curies":[{"name":"wp","href":"https:\/\/api.w.org\/{rel}","templated":true}]}}