{"id":74126,"date":"2024-01-30T16:00:08","date_gmt":"2024-01-30T16:00:08","guid":{"rendered":"https:\/\/www.accuratereviews.com\/?page_id=74126"},"modified":"2024-01-29T16:53:19","modified_gmt":"2024-01-29T16:53:19","slug":"teleskill-live-recensione","status":"publish","type":"page","link":"https:\/\/www.accuratereviews.com\/it\/piattaforme-didattica-distanza\/teleskill-live-recensione\/","title":{"rendered":"Teleskill Live"},"content":{"rendered":"<p><strong>Teleskill Live<\/strong> \u00e8 una <strong>soluzione di conferenza web<\/strong> che aiuta le aziende a comunicare con i dipendenti tramite chiamate audio e video. Gli amministratori possono condividere le registrazioni delle chiamate con i colleghi tramite Intranet, siti web e portali su un&#8217;interfaccia unificata. La piattaforma offre una funzionalit\u00e0 di chat, che permette ai manager di visualizzare e comunicare con i partecipanti in tempo reale. I professionisti IT possono gestire i livelli audio, accendere\/spegnere la webcam e alzare la mano durante le riunioni online.<br \/>\n<strong>Teleskill Live<\/strong> consente ai team di caricare o scaricare file e inviare questionari per raccogliere feedback dai partecipanti. I supervisori possono anche collaborare con i membri su schermi, presentazioni, documenti, video e immagini condivisi. Consente alle parti interessate di utilizzare la lavagna nera per scrivere e disegnare digitalmente sullo schermo.<\/p>\n<h2>TELESKILL LIVE &#8211; TUTORIAL<\/h2>\n<div id=\"fluid-wrapper-counter-1\" class=\"g1-fluid-wrapper \" style=\"width:686px;\">\n<div style=\"padding-bottom:56.268221574344%;\"><iframe loading=\"lazy\" title=\"Teleskill Live: come condividere il tuo schermo con  lo Screen Sharing\" width=\"686\" height=\"386\" src=\"https:\/\/www.youtube.com\/embed\/w08QOzTz_6g?list=PLF3zRSjVIcPfTfyeh54OE2uzOQMUkxNst\" frameborder=\"0\" allow=\"accelerometer; autoplay; clipboard-write; encrypted-media; gyroscope; picture-in-picture; web-share\" allowfullscreen><\/iframe><\/div>\n<\/div>\n<h3>TELESKILL LIVE &#8211; CARATTERISTICHE<\/h3>\n<ul>\n<li><strong>Video\/Audio interattivo<\/strong>: permette la partecipazione attiva fino ad 8 utenti remoti selezionati dal gestore dall&#8217;elenco dei partecipanti. Gli utenti abilitati in audio\/video possono ascoltare e parlare contemporaneamente tra loro come in una normale conversazione. Il resto della platea pu\u00f2 vedere gli utenti abilitati ed ascoltarli in diretta.<\/li>\n<li><strong>Condivisione di file:<\/strong> consente la condivisione in tempo reale di file abilitando i partecipanti, in qualsiasi momento, durante un incontro, a caricare (upload) sul server centrale e scaricare (download) dal medesimo server un qualunque file di interesse comune.<\/li>\n<li><strong>Presentazione di documenti, diapositive, immagini e video<\/strong>: da la possibilit\u00e0 la rapida condivisione di slides, documenti, immagini e video con un minimo di occupazione di banda.<\/li>\n<li><strong>Tracciamento degli utenti:<\/strong> questa importante funzionalit\u00e0 ideata ad hoc per la formazione online, in particolare per quella certificata, consente di tracciare la presenza dell&#8217;alunno, dal momento di inizio effettivo della lezione e non da quando si \u00e8 connesso. I dati sulla presenza nella classe virtuale vengono riportati automaticamente anche nella scheda formativa della piattaforma e-learning (LMS) utilizzata.<\/li>\n<li><strong>Chiacchierata<\/strong>: permette a ciascun utente remoto di interagire attraverso un testo inviato in forma pubblica o privata. La chat pu\u00f2 essere facilmente salvata e conservata per un utilizzo successivo.<\/li>\n<li><strong>Condivisione dello schermo e di applicazioni<\/strong>: la funzione abilita il gestore del meeting online a mostrare in tempo reale a tutti i partecipanti il contenuto presente sullo schermo del proprio PC quale ad es: presentazioni, slides, immagini, navigazioni in internet, documenti, applicazioni software, ecc\u2026<\/li>\n<li><strong>Installazione nell&#8217;alloggiamento<\/strong>: pu\u00f2 essere installato in qualunque Server Farm attraverso comode macchine virtuali, anche a valle di un complesso sistema di autenticazione.<\/li>\n<li><strong>Questionari<\/strong>: crea questionari a risposta multipla. Il sistema raccoglie, elabora e rappresenta graficamente i dati.<\/li>\n<li><strong>Domande<\/strong>: il partecipante alla sessione di formazione online pu\u00f2 chiedere di intervenire in audio\/video modificando il proprio stato.<\/li>\n<li><strong>Multilingue<\/strong>: l&#8217;intero software \u00e8 sviluppato in pi\u00f9 di 10 lingue diverse. Ogni singolo partecipante, potr\u00e0 selezionare automaticamente la lingua desiderata.<\/li>\n<\/ul>\n<h4>LE RECENSIONI DEGLI UTENTI<\/h4>\n<p><strong>Fabrizio &#8220;Recensione Teleskill Live&#8221;<\/strong><br \/>\n<strong>Pro<\/strong>: L&#8217;aspetto positivo principale che ho potuto apprezzare \u00e8 quello della facilit\u00e0 d&#8217;uso.<br \/>\n<strong>Contro<\/strong>: Non ho registrato alcun inconveniente nell&#8217;utilizzo dello strumento.<\/p>\n<p><strong>Federico &#8220;Funziona bene anche da smartphone o tablet&#8221;<\/strong><br \/>\n<strong>Pro<\/strong>: Ho utilizzato tablet e cellulare per seguire dei corsi in mobilit\u00e0. La possibilit\u00e0 di utilizzarlo senza dover scaricare un&#8217;applicazione e l&#8217;ottimizzazione per i dispositivi mobili lo rendono eccellente.<br \/>\n<strong>Contro<\/strong>: L&#8217;unica problematica pu\u00f2 essere relativa alla propria linea mobile. Fortunatamente la mia non ha dato nessun tipo di problema<\/p>\n<p><strong>Antonio &#8220;Un software che \u00e8 davvero semplice e funzionale. Evoluzione collaborativa.&#8221;<\/strong><br \/>\n<strong>Pro<\/strong>: Facilit\u00e0 utilizzo ed estrema disponibilit\u00e0 da parte di Teleskill nello sviluppare funzionalit\u00e0 evolutive sulla base delle esigenze dei propri clienti (collaboration)<br \/>\n<strong>Contro<\/strong>: Al momento non ho rilevato alcun inconveniente.<\/p>\n","protected":false},"excerpt":{"rendered":"<p>Teleskill Live \u00e8 una soluzione di conferenza web che aiuta le aziende a comunicare con i dipendenti tramite chiamate audio e video. Gli amministratori possono condividere le registrazioni delle chiamate con i colleghi tramite Intranet, siti web e portali su un&#8217;interfaccia unificata. La piattaforma offre una funzionalit\u00e0 di chat, che permette ai manager di visualizzare e comunicare con i partecipanti in tempo reale.<\/p>\n","protected":false},"author":19,"featured_media":74129,"parent":30279,"menu_order":0,"comment_status":"open","ping_status":"closed","template":"g1_template_page_review_new.php","meta":{"_acf_changed":false,"cwp_meta_box_check":"Yes","cwp_rev_product_name":"","cwp_rev_product_image":"","wppr_links":[],"cwp_rev_price":"0.00","wppr_options":[{"name":"Usability","value":"0"},{"name":"Speed","value":"0"},{"name":"Features","value":"0"},{"name":"Support","value":"0"},{"name":"Pricing","value":"0"}],"wppr_pros":["","","","",""],"wppr_cons":["","","","",""],"_monsterinsights_skip_tracking":false,"_monsterinsights_sitenote_active":false,"_monsterinsights_sitenote_note":"","_monsterinsights_sitenote_category":0,"footnotes":""},"categories":[3634],"tags":[5100,3661,3660,3659,3658,14894],"features":[],"class_list":{"0":"post-74126","1":"page","2":"type-page","3":"status-publish","4":"has-post-thumbnail","6":"category-piattaforme-per-la-didattica-a-distanza-categoria","7":"tag-didattica-a-distanza","8":"tag-piattaforma-didattica-a-distanza","9":"tag-programma-didattica-a-distanza","10":"tag-software-didattica-a-distanza","11":"tag-soluzione-didattica-a-distanza","12":"tag-teleskill-live"},"wppr_data":{"cwp_meta_box_check":"Yes","_wppr_review_template":"default","cwp_rev_product_image":"","cwp_image_link":"image","wppr_links":[],"cwp_rev_price":"0.00","wppr_pros":["","","","",""],"wppr_cons":["","","","",""],"wppr_rating":"0.00","wppr_options":{"1":{"name":"Usability","value":"0"},"2":{"name":"Speed","value":"0"},"3":{"name":"Features","value":"0"},"4":{"name":"Support","value":"0"},"5":{"name":"Pricing","value":"0"}},"wppr_review_type":"Product","wppr_review_custom_fields":{"additionalProperty":"","additionalType":"","aggregateRating":"","alternateName":"","audience":"","award":"","awards":"","brand":"","color":"","depth":"","description":"","disambiguatingDescription":"","gtin12":"","gtin13":"","gtin14":"","gtin8":"","height":"","identifier":"","image":"","isAccessoryOrSparePartFor":"","isConsumableFor":"","isRelatedTo":"","isSimilarTo":"","itemCondition":"","logo":"","mainEntityOfPage":"","manufacturer":"","material":"","model":"","mpn":"","name":"","offers":"","potentialAction":"","productID":"","productionDate":"","purchaseDate":"","releaseDate":"","review":"","reviews":"","sameAs":"","sku":"","slogan":"","subjectOf":"","url":"","weight":"","width":""}},"acf":[],"yoast_head":"<!-- This site is optimized with the Yoast SEO plugin v27.4 - https:\/\/yoast.com\/product\/yoast-seo-wordpress\/ -->\n<title>Teleskill Live: recensione software didattica a distanza - Accurate Reviews<\/title>\n<meta name=\"description\" content=\"Teleskill Live: recensione soluzione di conferenza web che aiuta le aziende a comunicare con i dipendenti tramite chiamate audio e video.\" \/>\n<meta name=\"robots\" content=\"index, follow, max-snippet:-1, max-image-preview:large, max-video-preview:-1\" \/>\n<link rel=\"canonical\" href=\"https:\/\/www.accuratereviews.com\/it\/piattaforme-didattica-distanza\/teleskill-live-recensione\/\" \/>\n<meta property=\"og:locale\" content=\"it_IT\" \/>\n<meta property=\"og:type\" content=\"article\" \/>\n<meta property=\"og:title\" content=\"Teleskill Live: recensione software didattica a distanza - Accurate Reviews\" \/>\n<meta property=\"og:description\" content=\"Teleskill Live: recensione soluzione di conferenza web che aiuta le aziende a comunicare con i dipendenti tramite chiamate audio e video.\" \/>\n<meta property=\"og:url\" content=\"https:\/\/www.accuratereviews.com\/it\/piattaforme-didattica-distanza\/teleskill-live-recensione\/\" \/>\n<meta property=\"og:site_name\" content=\"Accurate Reviews\" \/>\n<meta property=\"og:image\" content=\"https:\/\/www.accuratereviews.com\/wp-content\/uploads\/2024\/01\/Teleskill-Live.png\" \/>\n\t<meta property=\"og:image:width\" content=\"1370\" \/>\n\t<meta property=\"og:image:height\" content=\"631\" \/>\n\t<meta property=\"og:image:type\" content=\"image\/png\" \/>\n<meta name=\"twitter:card\" content=\"summary_large_image\" \/>\n<meta name=\"twitter:label1\" content=\"Tempo di lettura stimato\" \/>\n\t<meta name=\"twitter:data1\" content=\"4 minuti\" \/>\n<script type=\"application\/ld+json\" class=\"yoast-schema-graph\">{\"@context\":\"https:\\\/\\\/schema.org\",\"@graph\":[{\"@type\":\"WebPage\",\"@id\":\"https:\\\/\\\/www.accuratereviews.com\\\/it\\\/piattaforme-didattica-distanza\\\/teleskill-live-recensione\\\/\",\"url\":\"https:\\\/\\\/www.accuratereviews.com\\\/it\\\/piattaforme-didattica-distanza\\\/teleskill-live-recensione\\\/\",\"name\":\"Teleskill Live: recensione software didattica a distanza - Accurate Reviews\",\"isPartOf\":{\"@id\":\"https:\\\/\\\/www.accuratereviews.com\\\/it\\\/#website\"},\"primaryImageOfPage\":{\"@id\":\"https:\\\/\\\/www.accuratereviews.com\\\/it\\\/piattaforme-didattica-distanza\\\/teleskill-live-recensione\\\/#primaryimage\"},\"image\":{\"@id\":\"https:\\\/\\\/www.accuratereviews.com\\\/it\\\/piattaforme-didattica-distanza\\\/teleskill-live-recensione\\\/#primaryimage\"},\"thumbnailUrl\":\"https:\\\/\\\/www.accuratereviews.com\\\/wp-content\\\/uploads\\\/2024\\\/01\\\/Teleskill-Live.png\",\"datePublished\":\"2024-01-30T16:00:08+00:00\",\"description\":\"Teleskill Live: recensione soluzione di conferenza web che aiuta le aziende a comunicare con i dipendenti tramite chiamate audio e video.\",\"breadcrumb\":{\"@id\":\"https:\\\/\\\/www.accuratereviews.com\\\/it\\\/piattaforme-didattica-distanza\\\/teleskill-live-recensione\\\/#breadcrumb\"},\"inLanguage\":\"it-IT\",\"potentialAction\":[{\"@type\":\"ReadAction\",\"target\":[\"https:\\\/\\\/www.accuratereviews.com\\\/it\\\/piattaforme-didattica-distanza\\\/teleskill-live-recensione\\\/\"]}]},{\"@type\":\"ImageObject\",\"inLanguage\":\"it-IT\",\"@id\":\"https:\\\/\\\/www.accuratereviews.com\\\/it\\\/piattaforme-didattica-distanza\\\/teleskill-live-recensione\\\/#primaryimage\",\"url\":\"https:\\\/\\\/www.accuratereviews.com\\\/wp-content\\\/uploads\\\/2024\\\/01\\\/Teleskill-Live.png\",\"contentUrl\":\"https:\\\/\\\/www.accuratereviews.com\\\/wp-content\\\/uploads\\\/2024\\\/01\\\/Teleskill-Live.png\",\"width\":1370,\"height\":631},{\"@type\":\"BreadcrumbList\",\"@id\":\"https:\\\/\\\/www.accuratereviews.com\\\/it\\\/piattaforme-didattica-distanza\\\/teleskill-live-recensione\\\/#breadcrumb\",\"itemListElement\":[{\"@type\":\"ListItem\",\"position\":1,\"name\":\"Home\",\"item\":\"https:\\\/\\\/www.accuratereviews.com\\\/it\\\/\"},{\"@type\":\"ListItem\",\"position\":2,\"name\":\"Piattaforme per la didattica a distanza\",\"item\":\"https:\\\/\\\/www.accuratereviews.com\\\/it\\\/piattaforme-didattica-distanza\\\/\"},{\"@type\":\"ListItem\",\"position\":3,\"name\":\"Teleskill Live\"}]},{\"@type\":\"WebSite\",\"@id\":\"https:\\\/\\\/www.accuratereviews.com\\\/it\\\/#website\",\"url\":\"https:\\\/\\\/www.accuratereviews.com\\\/it\\\/\",\"name\":\"Accurate Reviews\",\"description\":\"\",\"potentialAction\":[{\"@type\":\"SearchAction\",\"target\":{\"@type\":\"EntryPoint\",\"urlTemplate\":\"https:\\\/\\\/www.accuratereviews.com\\\/it\\\/?s={search_term_string}\"},\"query-input\":{\"@type\":\"PropertyValueSpecification\",\"valueRequired\":true,\"valueName\":\"search_term_string\"}}],\"inLanguage\":\"it-IT\"}]}<\/script>\n<!-- \/ Yoast SEO plugin. -->","yoast_head_json":{"title":"Teleskill Live: recensione software didattica a distanza - Accurate Reviews","description":"Teleskill Live: recensione soluzione di conferenza web che aiuta le aziende a comunicare con i dipendenti tramite chiamate audio e video.","robots":{"index":"index","follow":"follow","max-snippet":"max-snippet:-1","max-image-preview":"max-image-preview:large","max-video-preview":"max-video-preview:-1"},"canonical":"https:\/\/www.accuratereviews.com\/it\/piattaforme-didattica-distanza\/teleskill-live-recensione\/","og_locale":"it_IT","og_type":"article","og_title":"Teleskill Live: recensione software didattica a distanza - Accurate Reviews","og_description":"Teleskill Live: recensione soluzione di conferenza web che aiuta le aziende a comunicare con i dipendenti tramite chiamate audio e video.","og_url":"https:\/\/www.accuratereviews.com\/it\/piattaforme-didattica-distanza\/teleskill-live-recensione\/","og_site_name":"Accurate Reviews","og_image":[{"width":1370,"height":631,"url":"https:\/\/www.accuratereviews.com\/wp-content\/uploads\/2024\/01\/Teleskill-Live.png","type":"image\/png"}],"twitter_card":"summary_large_image","twitter_misc":{"Tempo di lettura stimato":"4 minuti"},"schema":{"@context":"https:\/\/schema.org","@graph":[{"@type":"WebPage","@id":"https:\/\/www.accuratereviews.com\/it\/piattaforme-didattica-distanza\/teleskill-live-recensione\/","url":"https:\/\/www.accuratereviews.com\/it\/piattaforme-didattica-distanza\/teleskill-live-recensione\/","name":"Teleskill Live: recensione software didattica a distanza - Accurate Reviews","isPartOf":{"@id":"https:\/\/www.accuratereviews.com\/it\/#website"},"primaryImageOfPage":{"@id":"https:\/\/www.accuratereviews.com\/it\/piattaforme-didattica-distanza\/teleskill-live-recensione\/#primaryimage"},"image":{"@id":"https:\/\/www.accuratereviews.com\/it\/piattaforme-didattica-distanza\/teleskill-live-recensione\/#primaryimage"},"thumbnailUrl":"https:\/\/www.accuratereviews.com\/wp-content\/uploads\/2024\/01\/Teleskill-Live.png","datePublished":"2024-01-30T16:00:08+00:00","description":"Teleskill Live: recensione soluzione di conferenza web che aiuta le aziende a comunicare con i dipendenti tramite chiamate audio e video.","breadcrumb":{"@id":"https:\/\/www.accuratereviews.com\/it\/piattaforme-didattica-distanza\/teleskill-live-recensione\/#breadcrumb"},"inLanguage":"it-IT","potentialAction":[{"@type":"ReadAction","target":["https:\/\/www.accuratereviews.com\/it\/piattaforme-didattica-distanza\/teleskill-live-recensione\/"]}]},{"@type":"ImageObject","inLanguage":"it-IT","@id":"https:\/\/www.accuratereviews.com\/it\/piattaforme-didattica-distanza\/teleskill-live-recensione\/#primaryimage","url":"https:\/\/www.accuratereviews.com\/wp-content\/uploads\/2024\/01\/Teleskill-Live.png","contentUrl":"https:\/\/www.accuratereviews.com\/wp-content\/uploads\/2024\/01\/Teleskill-Live.png","width":1370,"height":631},{"@type":"BreadcrumbList","@id":"https:\/\/www.accuratereviews.com\/it\/piattaforme-didattica-distanza\/teleskill-live-recensione\/#breadcrumb","itemListElement":[{"@type":"ListItem","position":1,"name":"Home","item":"https:\/\/www.accuratereviews.com\/it\/"},{"@type":"ListItem","position":2,"name":"Piattaforme per la didattica a distanza","item":"https:\/\/www.accuratereviews.com\/it\/piattaforme-didattica-distanza\/"},{"@type":"ListItem","position":3,"name":"Teleskill Live"}]},{"@type":"WebSite","@id":"https:\/\/www.accuratereviews.com\/it\/#website","url":"https:\/\/www.accuratereviews.com\/it\/","name":"Accurate Reviews","description":"","potentialAction":[{"@type":"SearchAction","target":{"@type":"EntryPoint","urlTemplate":"https:\/\/www.accuratereviews.com\/it\/?s={search_term_string}"},"query-input":{"@type":"PropertyValueSpecification","valueRequired":true,"valueName":"search_term_string"}}],"inLanguage":"it-IT"}]}},"_links":{"self":[{"href":"https:\/\/www.accuratereviews.com\/it\/wp-json\/wp\/v2\/pages\/74126","targetHints":{"allow":["GET"]}}],"collection":[{"href":"https:\/\/www.accuratereviews.com\/it\/wp-json\/wp\/v2\/pages"}],"about":[{"href":"https:\/\/www.accuratereviews.com\/it\/wp-json\/wp\/v2\/types\/page"}],"author":[{"embeddable":true,"href":"https:\/\/www.accuratereviews.com\/it\/wp-json\/wp\/v2\/users\/19"}],"replies":[{"embeddable":true,"href":"https:\/\/www.accuratereviews.com\/it\/wp-json\/wp\/v2\/comments?post=74126"}],"version-history":[{"count":11,"href":"https:\/\/www.accuratereviews.com\/it\/wp-json\/wp\/v2\/pages\/74126\/revisions"}],"predecessor-version":[{"id":74161,"href":"https:\/\/www.accuratereviews.com\/it\/wp-json\/wp\/v2\/pages\/74126\/revisions\/74161"}],"up":[{"embeddable":true,"href":"https:\/\/www.accuratereviews.com\/it\/wp-json\/wp\/v2\/pages\/30279"}],"wp:featuredmedia":[{"embeddable":true,"href":"https:\/\/www.accuratereviews.com\/it\/wp-json\/wp\/v2\/media\/74129"}],"wp:attachment":[{"href":"https:\/\/www.accuratereviews.com\/it\/wp-json\/wp\/v2\/media?parent=74126"}],"wp:term":[{"taxonomy":"category","embeddable":true,"href":"https:\/\/www.accuratereviews.com\/it\/wp-json\/wp\/v2\/categories?post=74126"},{"taxonomy":"post_tag","embeddable":true,"href":"https:\/\/www.accuratereviews.com\/it\/wp-json\/wp\/v2\/tags?post=74126"},{"taxonomy":"features","embeddable":true,"href":"https:\/\/www.accuratereviews.com\/it\/wp-json\/wp\/v2\/features?post=74126"}],"curies":[{"name":"wp","href":"https:\/\/api.w.org\/{rel}","templated":true}]}}