{"id":74176,"date":"2024-01-29T21:04:36","date_gmt":"2024-01-29T21:04:36","guid":{"rendered":"https:\/\/www.accuratereviews.com\/?page_id=74176"},"modified":"2024-01-29T21:04:36","modified_gmt":"2024-01-29T21:04:36","slug":"flumind-recensione","status":"publish","type":"page","link":"https:\/\/www.accuratereviews.com\/it\/piattaforme-didattica-distanza\/flumind-recensione\/","title":{"rendered":"Flumind"},"content":{"rendered":"<p><strong>Flumind<\/strong> \u00e8 un <strong>sistema di gestione dell&#8217;apprendimento<\/strong>, progettato per aiutare le organizzazioni a creare, eseguire e gestire programmi di formazione personalizzati. La piattaforma consente alle aziende di gestire l&#8217;intero ciclo di vita della gestione della formazione tra cui comunicazione, monitoraggio, generazione di risultati e altro ancora. Permette, inoltre, alle aziende di gestire una serie di attivit\u00e0 di apprendimento tra cui ebook, video, podcast, webinar, lezioni online e altro ancora.<\/p>\n<p><a href=\"https:\/\/www.accuratereviews.com\/wp-content\/uploads\/2024\/01\/Flumind_Come-funziona.png\"><img loading=\"lazy\" decoding=\"async\" class=\"aligncenter wp-image-74102 size-large\" src=\"https:\/\/www.accuratereviews.com\/wp-content\/uploads\/2024\/01\/Flumind_Come-funziona-1024x536.png\" alt=\"\" width=\"686\" height=\"359\" srcset=\"https:\/\/www.accuratereviews.com\/wp-content\/uploads\/2024\/01\/Flumind_Come-funziona-1024x536.png 1024w, https:\/\/www.accuratereviews.com\/wp-content\/uploads\/2024\/01\/Flumind_Come-funziona-300x157.png 300w, https:\/\/www.accuratereviews.com\/wp-content\/uploads\/2024\/01\/Flumind_Come-funziona-768x402.png 768w, https:\/\/www.accuratereviews.com\/wp-content\/uploads\/2024\/01\/Flumind_Come-funziona-50x26.png 50w, https:\/\/www.accuratereviews.com\/wp-content\/uploads\/2024\/01\/Flumind_Come-funziona-239x125.png 239w, https:\/\/www.accuratereviews.com\/wp-content\/uploads\/2024\/01\/Flumind_Come-funziona-968x507.png 968w, https:\/\/www.accuratereviews.com\/wp-content\/uploads\/2024\/01\/Flumind_Come-funziona-636x333.png 636w, https:\/\/www.accuratereviews.com\/wp-content\/uploads\/2024\/01\/Flumind_Come-funziona-320x167.png 320w, https:\/\/www.accuratereviews.com\/wp-content\/uploads\/2024\/01\/Flumind_Come-funziona.png 1200w\" sizes=\"auto, (max-width: 686px) 100vw, 686px\" \/><\/a><\/p>\n<h2>FLUMIND &#8211; CARATTERISTICHE<\/h2>\n<ul>\n<li><strong>Library<\/strong>: con la funzione aggiuntiva Library crei una biblioteca multimediale e permetti al team di continuare a formarsi con qualsiasi tipo di contenuto.<\/li>\n<li><strong>Attestati<\/strong>: condividi i tuoi successi! Mostra su LinkedIn i tuoi attestati, condividendoli direttamente dalla piattaforma.<\/li>\n<li><strong>Questionari autovalutativi<\/strong>: fondamentali. Cos\u00ec le persone verificano le competenze acquisite e capiscono dove migliorare.<\/li>\n<li><strong>Tecnologia omniSCALE<\/strong>: una tecnologia solida, ottimizzata per l\u2019integrazione con i tuoi software aziendali.<\/li>\n<li><strong>Dillo ai tuoi tecnici<\/strong>: sistema di tracciamento attivit\u00e0 utenti\/processi compatibile con SCORM e xAPI (Tin-Can).<\/li>\n<li><strong>Reportistica personalizzabile:<\/strong> crea report solo con i dati necessari (visibilit\u00e0 per area\/dipartimento e per utenti).<\/li>\n<li><strong>Scadenziario evoluto<\/strong>: per una migliore gestione della formazione obbligatoria hai a disposizione un utile strumento per il calcolo delle scadenze.<\/li>\n<li><strong>Gestione crediti automatizzata<\/strong>: IVASS, EFPA, MiFID&#8230; Il monitoraggio dei crediti formativi in tempo reale.<\/li>\n<li><strong>Aule Virtuali con Teams e Samba:<\/strong> utilizzi Microsoft Teams o Samba per le aule virtuali? Gestisci tutto da Flumind!<\/li>\n<\/ul>\n<h3>LE RECENSIONI DEGLI UTENTI<\/h3>\n<p><strong>Christian &#8220;Software su misura per te&#8221;<\/strong><br \/>\n<strong>Commenti<\/strong>: Il team \u00e8 stato in grado di risolvere tutte le nostre esigenze, analizzandole e poi andandole ad implementare.<br \/>\n<strong>Pro<\/strong>: La cosa che pi\u00f9 mi \u00e8 piaciuta di Flumind \u00e8 stata sin da subito la possibilit\u00e0 di personalizzarlo. Perch\u00e9 ogni realt\u00e0 ha i suoi processi, le sue caratteristiche peculiari, le sue usanze, ecc. Quindi, la possibilit\u00e0 di customizzare il prodotto sulle proprie esigenze lo rende a tutti gli effetti un vestito su misura del cliente.<br \/>\n<strong>Contro<\/strong>: Per poter essere personalizzato, il software richiede tempo e test.<\/p>\n<p><strong>Ciro &#8220;Soluzione ideale&#8221;<\/strong><br \/>\n<strong>Commenti<\/strong>: Estremamente positiva: fin dalla presentazione iniziale, il software \u00e8 stato illustrato per le sue reali potenzialit\u00e0, quindi non abbiamo avuto sorprese negative. Ottima l&#8217;assistenza post-vendita.<br \/>\n<strong>Pro<\/strong>: Il software \u00e8 completo e di facile gestione; non crea problemi di compatibilit\u00e0 con altri programmi, anzi l&#8217;importazione di dati \u00e8 semplice e veloce. Fornisce, ad un costo contenuto, tutte le funzionalit\u00e0 richieste.<br \/>\n<strong>Contro<\/strong>: A tutt&#8217;oggi non abbiamo rilievi negativi: il software ci fornisce tutte le prestazioni per cui lo abbiamo acquistato<\/p>\n<p><strong>Mirko &#8220;Prodotto Top di Gamma&#8221;<\/strong><br \/>\n<strong>Commenti<\/strong>: Abbiamo installato la soluzioni integrandola con la nostra infrastruttura interna garantendo sia internamente che esternamente un servizio che rispetta a pieno i nostri obbiettivi<br \/>\n<strong>Pro<\/strong>: Flessibilit\u00e0, personalizzazioni, integrabilit\u00e0<br \/>\n<strong>Contro<\/strong>: per il monento non abbiamo avuto nessun tipo di inconveniente<\/p>\n","protected":false},"excerpt":{"rendered":"<p>Flumind \u00e8 un sistema di gestione dell&#8217;apprendimento progettato per aiutare le organizzazioni a creare, eseguire e gestire programmi di formazione personalizzati. La piattaforma consente alle aziende di gestire l&#8217;intero ciclo di vita della gestione della formazione tra cui comunicazione, monitoraggio, generazione di risultati e altro ancora.<\/p>\n","protected":false},"author":17,"featured_media":74095,"parent":30279,"menu_order":0,"comment_status":"open","ping_status":"closed","template":"g1_template_page_review_new.php","meta":{"_acf_changed":false,"cwp_meta_box_check":"Yes","cwp_rev_product_name":"","cwp_rev_product_image":"","wppr_links":[],"cwp_rev_price":"0.00","wppr_options":[{"name":"Usability","value":"0"},{"name":"Speed","value":"0"},{"name":"Features","value":"0"},{"name":"Support","value":"0"},{"name":"Pricing","value":"0"}],"wppr_pros":["","","","",""],"wppr_cons":["","","","",""],"_monsterinsights_skip_tracking":false,"_monsterinsights_sitenote_active":false,"_monsterinsights_sitenote_note":"","_monsterinsights_sitenote_category":0,"footnotes":""},"categories":[3634],"tags":[5100,11562,11619,14891,3661,3660,3659,3658],"features":[],"class_list":{"0":"post-74176","1":"page","2":"type-page","3":"status-publish","4":"has-post-thumbnail","6":"category-piattaforme-per-la-didattica-a-distanza-categoria","7":"tag-didattica-a-distanza","8":"tag-distance-learning-it","9":"tag-distance-learning-software-it","10":"tag-flumind","11":"tag-piattaforma-didattica-a-distanza","12":"tag-programma-didattica-a-distanza","13":"tag-software-didattica-a-distanza","14":"tag-soluzione-didattica-a-distanza"},"wppr_data":{"cwp_meta_box_check":"Yes","_wppr_review_template":"default","cwp_rev_product_image":"","cwp_image_link":"image","wppr_links":[],"cwp_rev_price":"0.00","wppr_pros":["","","","",""],"wppr_cons":["","","","",""],"wppr_rating":"0.00","wppr_options":{"1":{"name":"Usability","value":"0"},"2":{"name":"Speed","value":"0"},"3":{"name":"Features","value":"0"},"4":{"name":"Support","value":"0"},"5":{"name":"Pricing","value":"0"}},"wppr_review_type":"Product","wppr_review_custom_fields":{"additionalProperty":"","additionalType":"","aggregateRating":"","alternateName":"","audience":"","award":"","awards":"","brand":"","color":"","depth":"","description":"","disambiguatingDescription":"","gtin12":"","gtin13":"","gtin14":"","gtin8":"","height":"","identifier":"","image":"","isAccessoryOrSparePartFor":"","isConsumableFor":"","isRelatedTo":"","isSimilarTo":"","itemCondition":"","logo":"","mainEntityOfPage":"","manufacturer":"","material":"","model":"","mpn":"","name":"","offers":"","potentialAction":"","productID":"","productionDate":"","purchaseDate":"","releaseDate":"","review":"","reviews":"","sameAs":"","sku":"","slogan":"","subjectOf":"","url":"","weight":"","width":""}},"acf":[],"yoast_head":"<!-- This site is optimized with the Yoast SEO plugin v27.4 - https:\/\/yoast.com\/product\/yoast-seo-wordpress\/ -->\n<title>Flumind: recensione software didattica a distanza - Accurate Reviews<\/title>\n<meta name=\"description\" content=\"Flumind: recensione sistema di gestione dell&#039;apprendimento progettato per aiutare a creare, eseguire e gestire programmi di formazione personalizzati\" \/>\n<meta name=\"robots\" content=\"index, follow, max-snippet:-1, max-image-preview:large, max-video-preview:-1\" \/>\n<link rel=\"canonical\" href=\"https:\/\/www.accuratereviews.com\/it\/piattaforme-didattica-distanza\/flumind-recensione\/\" \/>\n<meta property=\"og:locale\" content=\"it_IT\" \/>\n<meta property=\"og:type\" content=\"article\" \/>\n<meta property=\"og:title\" content=\"Flumind: recensione software didattica a distanza - Accurate Reviews\" \/>\n<meta property=\"og:description\" content=\"Flumind: recensione sistema di gestione dell&#039;apprendimento progettato per aiutare a creare, eseguire e gestire programmi di formazione personalizzati\" \/>\n<meta property=\"og:url\" content=\"https:\/\/www.accuratereviews.com\/it\/piattaforme-didattica-distanza\/flumind-recensione\/\" \/>\n<meta property=\"og:site_name\" content=\"Accurate Reviews\" \/>\n<meta property=\"og:image\" content=\"https:\/\/www.accuratereviews.com\/wp-content\/uploads\/2024\/01\/Flumind.png\" \/>\n\t<meta property=\"og:image:width\" content=\"492\" \/>\n\t<meta property=\"og:image:height\" content=\"521\" \/>\n\t<meta property=\"og:image:type\" content=\"image\/png\" \/>\n<meta name=\"twitter:card\" content=\"summary_large_image\" \/>\n<meta name=\"twitter:label1\" content=\"Tempo di lettura stimato\" \/>\n\t<meta name=\"twitter:data1\" content=\"3 minuti\" \/>\n<script type=\"application\/ld+json\" class=\"yoast-schema-graph\">{\"@context\":\"https:\\\/\\\/schema.org\",\"@graph\":[{\"@type\":\"WebPage\",\"@id\":\"https:\\\/\\\/www.accuratereviews.com\\\/it\\\/piattaforme-didattica-distanza\\\/flumind-recensione\\\/\",\"url\":\"https:\\\/\\\/www.accuratereviews.com\\\/it\\\/piattaforme-didattica-distanza\\\/flumind-recensione\\\/\",\"name\":\"Flumind: recensione software didattica a distanza - Accurate Reviews\",\"isPartOf\":{\"@id\":\"https:\\\/\\\/www.accuratereviews.com\\\/it\\\/#website\"},\"primaryImageOfPage\":{\"@id\":\"https:\\\/\\\/www.accuratereviews.com\\\/it\\\/piattaforme-didattica-distanza\\\/flumind-recensione\\\/#primaryimage\"},\"image\":{\"@id\":\"https:\\\/\\\/www.accuratereviews.com\\\/it\\\/piattaforme-didattica-distanza\\\/flumind-recensione\\\/#primaryimage\"},\"thumbnailUrl\":\"https:\\\/\\\/www.accuratereviews.com\\\/wp-content\\\/uploads\\\/2024\\\/01\\\/Flumind.png\",\"datePublished\":\"2024-01-29T21:04:36+00:00\",\"description\":\"Flumind: recensione sistema di gestione dell'apprendimento progettato per aiutare a creare, eseguire e gestire programmi di formazione personalizzati\",\"breadcrumb\":{\"@id\":\"https:\\\/\\\/www.accuratereviews.com\\\/it\\\/piattaforme-didattica-distanza\\\/flumind-recensione\\\/#breadcrumb\"},\"inLanguage\":\"it-IT\",\"potentialAction\":[{\"@type\":\"ReadAction\",\"target\":[\"https:\\\/\\\/www.accuratereviews.com\\\/it\\\/piattaforme-didattica-distanza\\\/flumind-recensione\\\/\"]}]},{\"@type\":\"ImageObject\",\"inLanguage\":\"it-IT\",\"@id\":\"https:\\\/\\\/www.accuratereviews.com\\\/it\\\/piattaforme-didattica-distanza\\\/flumind-recensione\\\/#primaryimage\",\"url\":\"https:\\\/\\\/www.accuratereviews.com\\\/wp-content\\\/uploads\\\/2024\\\/01\\\/Flumind.png\",\"contentUrl\":\"https:\\\/\\\/www.accuratereviews.com\\\/wp-content\\\/uploads\\\/2024\\\/01\\\/Flumind.png\",\"width\":492,\"height\":521},{\"@type\":\"BreadcrumbList\",\"@id\":\"https:\\\/\\\/www.accuratereviews.com\\\/it\\\/piattaforme-didattica-distanza\\\/flumind-recensione\\\/#breadcrumb\",\"itemListElement\":[{\"@type\":\"ListItem\",\"position\":1,\"name\":\"Home\",\"item\":\"https:\\\/\\\/www.accuratereviews.com\\\/it\\\/\"},{\"@type\":\"ListItem\",\"position\":2,\"name\":\"Piattaforme per la didattica a distanza\",\"item\":\"https:\\\/\\\/www.accuratereviews.com\\\/it\\\/piattaforme-didattica-distanza\\\/\"},{\"@type\":\"ListItem\",\"position\":3,\"name\":\"Flumind\"}]},{\"@type\":\"WebSite\",\"@id\":\"https:\\\/\\\/www.accuratereviews.com\\\/it\\\/#website\",\"url\":\"https:\\\/\\\/www.accuratereviews.com\\\/it\\\/\",\"name\":\"Accurate Reviews\",\"description\":\"\",\"potentialAction\":[{\"@type\":\"SearchAction\",\"target\":{\"@type\":\"EntryPoint\",\"urlTemplate\":\"https:\\\/\\\/www.accuratereviews.com\\\/it\\\/?s={search_term_string}\"},\"query-input\":{\"@type\":\"PropertyValueSpecification\",\"valueRequired\":true,\"valueName\":\"search_term_string\"}}],\"inLanguage\":\"it-IT\"}]}<\/script>\n<!-- \/ Yoast SEO plugin. -->","yoast_head_json":{"title":"Flumind: recensione software didattica a distanza - Accurate Reviews","description":"Flumind: recensione sistema di gestione dell'apprendimento progettato per aiutare a creare, eseguire e gestire programmi di formazione personalizzati","robots":{"index":"index","follow":"follow","max-snippet":"max-snippet:-1","max-image-preview":"max-image-preview:large","max-video-preview":"max-video-preview:-1"},"canonical":"https:\/\/www.accuratereviews.com\/it\/piattaforme-didattica-distanza\/flumind-recensione\/","og_locale":"it_IT","og_type":"article","og_title":"Flumind: recensione software didattica a distanza - Accurate Reviews","og_description":"Flumind: recensione sistema di gestione dell'apprendimento progettato per aiutare a creare, eseguire e gestire programmi di formazione personalizzati","og_url":"https:\/\/www.accuratereviews.com\/it\/piattaforme-didattica-distanza\/flumind-recensione\/","og_site_name":"Accurate Reviews","og_image":[{"width":492,"height":521,"url":"https:\/\/www.accuratereviews.com\/wp-content\/uploads\/2024\/01\/Flumind.png","type":"image\/png"}],"twitter_card":"summary_large_image","twitter_misc":{"Tempo di lettura stimato":"3 minuti"},"schema":{"@context":"https:\/\/schema.org","@graph":[{"@type":"WebPage","@id":"https:\/\/www.accuratereviews.com\/it\/piattaforme-didattica-distanza\/flumind-recensione\/","url":"https:\/\/www.accuratereviews.com\/it\/piattaforme-didattica-distanza\/flumind-recensione\/","name":"Flumind: recensione software didattica a distanza - Accurate Reviews","isPartOf":{"@id":"https:\/\/www.accuratereviews.com\/it\/#website"},"primaryImageOfPage":{"@id":"https:\/\/www.accuratereviews.com\/it\/piattaforme-didattica-distanza\/flumind-recensione\/#primaryimage"},"image":{"@id":"https:\/\/www.accuratereviews.com\/it\/piattaforme-didattica-distanza\/flumind-recensione\/#primaryimage"},"thumbnailUrl":"https:\/\/www.accuratereviews.com\/wp-content\/uploads\/2024\/01\/Flumind.png","datePublished":"2024-01-29T21:04:36+00:00","description":"Flumind: recensione sistema di gestione dell'apprendimento progettato per aiutare a creare, eseguire e gestire programmi di formazione personalizzati","breadcrumb":{"@id":"https:\/\/www.accuratereviews.com\/it\/piattaforme-didattica-distanza\/flumind-recensione\/#breadcrumb"},"inLanguage":"it-IT","potentialAction":[{"@type":"ReadAction","target":["https:\/\/www.accuratereviews.com\/it\/piattaforme-didattica-distanza\/flumind-recensione\/"]}]},{"@type":"ImageObject","inLanguage":"it-IT","@id":"https:\/\/www.accuratereviews.com\/it\/piattaforme-didattica-distanza\/flumind-recensione\/#primaryimage","url":"https:\/\/www.accuratereviews.com\/wp-content\/uploads\/2024\/01\/Flumind.png","contentUrl":"https:\/\/www.accuratereviews.com\/wp-content\/uploads\/2024\/01\/Flumind.png","width":492,"height":521},{"@type":"BreadcrumbList","@id":"https:\/\/www.accuratereviews.com\/it\/piattaforme-didattica-distanza\/flumind-recensione\/#breadcrumb","itemListElement":[{"@type":"ListItem","position":1,"name":"Home","item":"https:\/\/www.accuratereviews.com\/it\/"},{"@type":"ListItem","position":2,"name":"Piattaforme per la didattica a distanza","item":"https:\/\/www.accuratereviews.com\/it\/piattaforme-didattica-distanza\/"},{"@type":"ListItem","position":3,"name":"Flumind"}]},{"@type":"WebSite","@id":"https:\/\/www.accuratereviews.com\/it\/#website","url":"https:\/\/www.accuratereviews.com\/it\/","name":"Accurate Reviews","description":"","potentialAction":[{"@type":"SearchAction","target":{"@type":"EntryPoint","urlTemplate":"https:\/\/www.accuratereviews.com\/it\/?s={search_term_string}"},"query-input":{"@type":"PropertyValueSpecification","valueRequired":true,"valueName":"search_term_string"}}],"inLanguage":"it-IT"}]}},"_links":{"self":[{"href":"https:\/\/www.accuratereviews.com\/it\/wp-json\/wp\/v2\/pages\/74176","targetHints":{"allow":["GET"]}}],"collection":[{"href":"https:\/\/www.accuratereviews.com\/it\/wp-json\/wp\/v2\/pages"}],"about":[{"href":"https:\/\/www.accuratereviews.com\/it\/wp-json\/wp\/v2\/types\/page"}],"author":[{"embeddable":true,"href":"https:\/\/www.accuratereviews.com\/it\/wp-json\/wp\/v2\/users\/17"}],"replies":[{"embeddable":true,"href":"https:\/\/www.accuratereviews.com\/it\/wp-json\/wp\/v2\/comments?post=74176"}],"version-history":[{"count":1,"href":"https:\/\/www.accuratereviews.com\/it\/wp-json\/wp\/v2\/pages\/74176\/revisions"}],"predecessor-version":[{"id":74177,"href":"https:\/\/www.accuratereviews.com\/it\/wp-json\/wp\/v2\/pages\/74176\/revisions\/74177"}],"up":[{"embeddable":true,"href":"https:\/\/www.accuratereviews.com\/it\/wp-json\/wp\/v2\/pages\/30279"}],"wp:featuredmedia":[{"embeddable":true,"href":"https:\/\/www.accuratereviews.com\/it\/wp-json\/wp\/v2\/media\/74095"}],"wp:attachment":[{"href":"https:\/\/www.accuratereviews.com\/it\/wp-json\/wp\/v2\/media?parent=74176"}],"wp:term":[{"taxonomy":"category","embeddable":true,"href":"https:\/\/www.accuratereviews.com\/it\/wp-json\/wp\/v2\/categories?post=74176"},{"taxonomy":"post_tag","embeddable":true,"href":"https:\/\/www.accuratereviews.com\/it\/wp-json\/wp\/v2\/tags?post=74176"},{"taxonomy":"features","embeddable":true,"href":"https:\/\/www.accuratereviews.com\/it\/wp-json\/wp\/v2\/features?post=74176"}],"curies":[{"name":"wp","href":"https:\/\/api.w.org\/{rel}","templated":true}]}}