{"id":74222,"date":"2024-01-31T15:00:48","date_gmt":"2024-01-31T15:00:48","guid":{"rendered":"https:\/\/www.accuratereviews.com\/?page_id=74222"},"modified":"2024-01-31T10:22:35","modified_gmt":"2024-01-31T10:22:35","slug":"newrow-suite-recensione","status":"publish","type":"page","link":"https:\/\/www.accuratereviews.com\/it\/piattaforme-didattica-distanza\/newrow-suite-recensione\/","title":{"rendered":"Newrow Suite"},"content":{"rendered":"<p>Con <strong>Newrow<\/strong> le aziende possono offrire <strong>lezioni online coinvolgenti<\/strong> attraverso aule virtuali basate sul web di facile utilizzo, creare corsi su richiesta per l<strong>&#8216;apprendimento autonomo<\/strong> e gestire il proprio campus virtuale attraverso un portale personalizzato. I partecipanti ai corsi possono semplicemente fare clic su un collegamento per partecipare ad aule virtuali e sessioni di formazione.<br \/>\n<strong>Newrow <\/strong>consente agli utenti di personalizzare il proprio spazio di apprendimento online con il marchio della propria organizzazione. La soluzione permette, inoltre, agli utenti di creare corsi strutturati di autoapprendimento per gli studenti con i contenuti organizzati in pi\u00f9 capitoli. Offre anche funzionalit\u00e0 di classe virtuale come la condivisione dello schermo, la lavagna e le annotazioni sui file, la registrazione sul cloud, i gruppi di lavoro e i quiz online. Supporta l&#8217;integrazione con il sistema di gestione dell&#8217;apprendimento D2L Brightspace.<\/p>\n<h2>NEWROW &#8211; TUTORIAL<\/h2>\n<div id=\"fluid-wrapper-counter-1\" class=\"g1-fluid-wrapper \" style=\"width:686px;\">\n<div style=\"padding-bottom:56.268221574344%;\"><iframe loading=\"lazy\" title=\"Newrow Smart Virtual Classroom\" width=\"686\" height=\"386\" src=\"https:\/\/www.youtube.com\/embed\/6kgYTqHpPuQ?feature=oembed&amp;wmode=transparent&amp;autohide=1&amp;autoplay=0&amp;disablekb=0&amp;fs=1&amp;loop=0&amp;enablejsapi=1&amp;rel=0&amp;controls=2&amp;showinfo=0&amp;wmode=transparent&amp;autohide=2&amp;autoplay=0&amp;disablekb=0&amp;fs=1&amp;loop=0&amp;enablejsapi=1&amp;rel=0&amp;controls=2&amp;showinfo=1\" frameborder=\"0\" allow=\"accelerometer; autoplay; clipboard-write; encrypted-media; gyroscope; picture-in-picture; web-share\" allowfullscreen><\/iframe><\/div>\n<\/div>\n<h3>NEWROW &#8211; CARATTERISTICHE<\/h3>\n<ul>\n<li><strong>Integrazione video LMS\/VLE<\/strong>: d\u00ec addio a sistemi obsoleti e complicati e migliora la tua esperienza di apprendimento digitale con l&#8217;integrazione video LMS. Semplifica il tuo flusso di lavoro, migliora le funzionalit\u00e0 e gestisci i video senza sforzo. Misura in modo fluido i dati sul coinvolgimento che ritornano al tuo LMS.<\/li>\n<li><strong>Eventi universitari:<\/strong> crea, gestisci, promuovi e monitora facilmente eventi virtuali e ibridi straordinari di ogni tipo e dimensione. Differenzia la presenza digitale del tuo istituto, promuovi gli sforzi di reclutamento, l&#8217;attivazione e la fidelizzazione degli ex studenti, il networking accademico globale e la reputazione del marchio.<\/li>\n<li><strong>Aula virtuale<\/strong>: a differenza di altre piattaforme di comunicazione video, l\u2019aula virtuale \u00e8 specificamente adattata alle esigenze di educatori e studenti. L&#8217;aula virtuale offre un&#8217;esperienza nativa con funzionalit\u00e0 avanzate come analisi del coinvolgimento degli studenti, lavagna, condivisione dello schermo, playlist di gestione dei contenuti, stanze per sottogruppi di lavoro, quiz dal vivo, video dell&#8217;esperienza nativa, condivisione di video HD e funzionalit\u00e0 di pausa\/riproduzione.<\/li>\n<li><strong>Cattura della lezione<\/strong>: Gli insegnanti possono trasmettere in live streaming e registrare video di alta qualit\u00e0 senza alcuno sforzo, offrendo agli studenti opportunit\u00e0 di apprendimento flessibili. Accessibili su richiesta, questi video consentono agli studenti di rivedere e migliorare la loro esperienza educativa.<\/li>\n<li><strong>Portale video<\/strong>: semplifica la generazione di contenuti, ottimizza i flussi di lavoro e consente a creatori, team e organizzazioni di lavorare senza problemi. \u00c8 un hub brandizzato per la creazione, la gestione e la distribuzione di contenuti con opzioni di personalizzazione. Le funzionalit\u00e0 includono analisi approfondite, ricerca di parole chiave nei video, sottotitoli multilingue, strumenti di coinvolgimento e sicurezza di massimo livello per flessibilit\u00e0 e scalabilit\u00e0.<\/li>\n<li><strong>Personalizzazione e scalabilit\u00e0<\/strong>: personalizza in base alle esigenze specifiche del tuo istituto con ampie opzioni di personalizzazione e scalabilit\u00e0 per ambienti di apprendimento in evoluzione.<\/li>\n<\/ul>\n<h4>LE RECENSIONI DEGLI UTENTI<\/h4>\n<p><strong>Linda &#8220;Ottimo per l&#8217;aula virtuale!&#8221;<\/strong><br \/>\n<strong>Commenti<\/strong>: Utilizzo quotidianamente l&#8217;aula virtuale. Il collegamento alla classe \u00e8 facile da creare e condividere. Adoro la funzione playlist e il fatto che le registrazioni siano disponibili solo pochi minuti dopo la fine della sessione.<br \/>\n<strong>Pro<\/strong>: Mi piace la playlist. Avere i materiali delle mie lezioni nella playlist rende il passaggio da un&#8217;attivit\u00e0 a quella successiva senza intoppi.<br \/>\n<strong>Contro<\/strong>: Non ho trovato nulla che non mi piaccia in questo momento.<\/p>\n<p><strong>Andr\u00e9 &#8220;La migliore soluzione per lezioni e riunioni virtuali!&#8221;<\/strong><br \/>\n<strong>Pro<\/strong>: Molto facile da usare. Non \u00e8 necessario installare alcuna applicazione sul tuo computer. Funziona al 100% browser web. C&#8217;\u00e8 la possibilit\u00e0 di integrarlo con i sistemi LMS (Canvas, Blackboard, Moodle, ecc.) e avviare la lezione dal vivo direttamente dall&#8217;LMS.<br \/>\n<strong>Contro<\/strong>: Nulla da eccepire sul software che sin dall&#8217;inizio ha soddisfatto a pieno le esigenze.<\/p>\n<p><strong>Cheri &#8220;Ottimo software per aule virtuali&#8221;<\/strong><br \/>\n<strong>Commenti<\/strong>: Il nostro staff lo adora. \u00c8 facile da usare, simile a molte altre opzioni, quindi le persone hanno gi\u00e0 familiarit\u00e0 con le opzioni.<br \/>\n<strong>Pro<\/strong>: Il software semplifica il caricamento e la presentazione dei file PPT. I sondaggi sono ottimi per verificare la comprensione. La chat in tempo reale \u00e8 fantastica.<br \/>\n<strong>Contro<\/strong>: All&#8217;inizio ci sono stati problemi, ma Newrow ha continuato a collaborare con il nostro staff per comprendere e implementare gli elementi di cui avevamo bisogno per una piattaforma educativa.<\/p>\n","protected":false},"excerpt":{"rendered":"<p>Con Newrow le aziende possono offrire lezioni online coinvolgenti attraverso aule virtuali basate sul web di facile utilizzo, creare corsi su richiesta per l&#8217;apprendimento autonomo e gestire il proprio campus virtuale attraverso un portale personalizzato. I partecipanti ai corsi possono semplicemente fare clic su un collegamento per partecipare ad aule virtuali e sessioni di formazione.<\/p>\n","protected":false},"author":19,"featured_media":74223,"parent":30279,"menu_order":0,"comment_status":"open","ping_status":"closed","template":"g1_template_page_review_new.php","meta":{"_acf_changed":false,"cwp_meta_box_check":"Yes","cwp_rev_product_name":"","cwp_rev_product_image":"","wppr_links":[],"cwp_rev_price":"0.00","wppr_options":[{"name":"Usability","value":"0"},{"name":"Speed","value":"0"},{"name":"Features","value":"0"},{"name":"Support","value":"0"},{"name":"Pricing","value":"0"}],"wppr_pros":["","","","",""],"wppr_cons":["","","","",""],"_monsterinsights_skip_tracking":false,"_monsterinsights_sitenote_active":false,"_monsterinsights_sitenote_note":"","_monsterinsights_sitenote_category":0,"footnotes":""},"categories":[3634],"tags":[5100,14908,14907,3661,3660,3659,3658],"features":[],"class_list":{"0":"post-74222","1":"page","2":"type-page","3":"status-publish","4":"has-post-thumbnail","6":"category-piattaforme-per-la-didattica-a-distanza-categoria","7":"tag-didattica-a-distanza","8":"tag-lezioni-online","9":"tag-newrow-suite","10":"tag-piattaforma-didattica-a-distanza","11":"tag-programma-didattica-a-distanza","12":"tag-software-didattica-a-distanza","13":"tag-soluzione-didattica-a-distanza"},"wppr_data":{"cwp_meta_box_check":"Yes","_wppr_review_template":"default","cwp_rev_product_image":"","cwp_image_link":"image","wppr_links":[],"cwp_rev_price":"0.00","wppr_pros":["","","","",""],"wppr_cons":["","","","",""],"wppr_rating":"0.00","wppr_options":{"1":{"name":"Usability","value":"0"},"2":{"name":"Speed","value":"0"},"3":{"name":"Features","value":"0"},"4":{"name":"Support","value":"0"},"5":{"name":"Pricing","value":"0"}},"wppr_review_type":"Product","wppr_review_custom_fields":{"additionalProperty":"","additionalType":"","aggregateRating":"","alternateName":"","audience":"","award":"","awards":"","brand":"","color":"","depth":"","description":"","disambiguatingDescription":"","gtin12":"","gtin13":"","gtin14":"","gtin8":"","height":"","identifier":"","image":"","isAccessoryOrSparePartFor":"","isConsumableFor":"","isRelatedTo":"","isSimilarTo":"","itemCondition":"","logo":"","mainEntityOfPage":"","manufacturer":"","material":"","model":"","mpn":"","name":"","offers":"","potentialAction":"","productID":"","productionDate":"","purchaseDate":"","releaseDate":"","review":"","reviews":"","sameAs":"","sku":"","slogan":"","subjectOf":"","url":"","weight":"","width":""}},"acf":[],"yoast_head":"<!-- This site is optimized with the Yoast SEO plugin v27.4 - https:\/\/yoast.com\/product\/yoast-seo-wordpress\/ -->\n<title>Newrow: recensione software didattica a distanza - Accurate Reviews<\/title>\n<meta name=\"description\" content=\"Newrow: recensione soluzione didattica a distanza per le aziende attraverso aule virtuali basate sul Web di facile utilizzo.\" \/>\n<meta name=\"robots\" content=\"index, follow, max-snippet:-1, max-image-preview:large, max-video-preview:-1\" \/>\n<link rel=\"canonical\" href=\"https:\/\/www.accuratereviews.com\/it\/piattaforme-didattica-distanza\/newrow-suite-recensione\/\" \/>\n<meta property=\"og:locale\" content=\"it_IT\" \/>\n<meta property=\"og:type\" content=\"article\" \/>\n<meta property=\"og:title\" content=\"Newrow: recensione software didattica a distanza - Accurate Reviews\" \/>\n<meta property=\"og:description\" content=\"Newrow: recensione soluzione didattica a distanza per le aziende attraverso aule virtuali basate sul Web di facile utilizzo.\" \/>\n<meta property=\"og:url\" content=\"https:\/\/www.accuratereviews.com\/it\/piattaforme-didattica-distanza\/newrow-suite-recensione\/\" \/>\n<meta property=\"og:site_name\" content=\"Accurate Reviews\" \/>\n<meta property=\"og:image\" content=\"https:\/\/www.accuratereviews.com\/wp-content\/uploads\/2024\/01\/Newrow-Suite.png\" \/>\n\t<meta property=\"og:image:width\" content=\"400\" \/>\n\t<meta property=\"og:image:height\" content=\"400\" \/>\n\t<meta property=\"og:image:type\" content=\"image\/png\" \/>\n<meta name=\"twitter:card\" content=\"summary_large_image\" \/>\n<meta name=\"twitter:label1\" content=\"Tempo di lettura stimato\" \/>\n\t<meta name=\"twitter:data1\" content=\"4 minuti\" \/>\n<script type=\"application\/ld+json\" class=\"yoast-schema-graph\">{\"@context\":\"https:\\\/\\\/schema.org\",\"@graph\":[{\"@type\":\"WebPage\",\"@id\":\"https:\\\/\\\/www.accuratereviews.com\\\/it\\\/piattaforme-didattica-distanza\\\/newrow-suite-recensione\\\/\",\"url\":\"https:\\\/\\\/www.accuratereviews.com\\\/it\\\/piattaforme-didattica-distanza\\\/newrow-suite-recensione\\\/\",\"name\":\"Newrow: recensione software didattica a distanza - Accurate Reviews\",\"isPartOf\":{\"@id\":\"https:\\\/\\\/www.accuratereviews.com\\\/it\\\/#website\"},\"primaryImageOfPage\":{\"@id\":\"https:\\\/\\\/www.accuratereviews.com\\\/it\\\/piattaforme-didattica-distanza\\\/newrow-suite-recensione\\\/#primaryimage\"},\"image\":{\"@id\":\"https:\\\/\\\/www.accuratereviews.com\\\/it\\\/piattaforme-didattica-distanza\\\/newrow-suite-recensione\\\/#primaryimage\"},\"thumbnailUrl\":\"https:\\\/\\\/www.accuratereviews.com\\\/wp-content\\\/uploads\\\/2024\\\/01\\\/Newrow-Suite.png\",\"datePublished\":\"2024-01-31T15:00:48+00:00\",\"description\":\"Newrow: recensione soluzione didattica a distanza per le aziende attraverso aule virtuali basate sul Web di facile utilizzo.\",\"breadcrumb\":{\"@id\":\"https:\\\/\\\/www.accuratereviews.com\\\/it\\\/piattaforme-didattica-distanza\\\/newrow-suite-recensione\\\/#breadcrumb\"},\"inLanguage\":\"it-IT\",\"potentialAction\":[{\"@type\":\"ReadAction\",\"target\":[\"https:\\\/\\\/www.accuratereviews.com\\\/it\\\/piattaforme-didattica-distanza\\\/newrow-suite-recensione\\\/\"]}]},{\"@type\":\"ImageObject\",\"inLanguage\":\"it-IT\",\"@id\":\"https:\\\/\\\/www.accuratereviews.com\\\/it\\\/piattaforme-didattica-distanza\\\/newrow-suite-recensione\\\/#primaryimage\",\"url\":\"https:\\\/\\\/www.accuratereviews.com\\\/wp-content\\\/uploads\\\/2024\\\/01\\\/Newrow-Suite.png\",\"contentUrl\":\"https:\\\/\\\/www.accuratereviews.com\\\/wp-content\\\/uploads\\\/2024\\\/01\\\/Newrow-Suite.png\",\"width\":400,\"height\":400},{\"@type\":\"BreadcrumbList\",\"@id\":\"https:\\\/\\\/www.accuratereviews.com\\\/it\\\/piattaforme-didattica-distanza\\\/newrow-suite-recensione\\\/#breadcrumb\",\"itemListElement\":[{\"@type\":\"ListItem\",\"position\":1,\"name\":\"Home\",\"item\":\"https:\\\/\\\/www.accuratereviews.com\\\/it\\\/\"},{\"@type\":\"ListItem\",\"position\":2,\"name\":\"Piattaforme per la didattica a distanza\",\"item\":\"https:\\\/\\\/www.accuratereviews.com\\\/it\\\/piattaforme-didattica-distanza\\\/\"},{\"@type\":\"ListItem\",\"position\":3,\"name\":\"Newrow Suite\"}]},{\"@type\":\"WebSite\",\"@id\":\"https:\\\/\\\/www.accuratereviews.com\\\/it\\\/#website\",\"url\":\"https:\\\/\\\/www.accuratereviews.com\\\/it\\\/\",\"name\":\"Accurate Reviews\",\"description\":\"\",\"potentialAction\":[{\"@type\":\"SearchAction\",\"target\":{\"@type\":\"EntryPoint\",\"urlTemplate\":\"https:\\\/\\\/www.accuratereviews.com\\\/it\\\/?s={search_term_string}\"},\"query-input\":{\"@type\":\"PropertyValueSpecification\",\"valueRequired\":true,\"valueName\":\"search_term_string\"}}],\"inLanguage\":\"it-IT\"}]}<\/script>\n<!-- \/ Yoast SEO plugin. -->","yoast_head_json":{"title":"Newrow: recensione software didattica a distanza - Accurate Reviews","description":"Newrow: recensione soluzione didattica a distanza per le aziende attraverso aule virtuali basate sul Web di facile utilizzo.","robots":{"index":"index","follow":"follow","max-snippet":"max-snippet:-1","max-image-preview":"max-image-preview:large","max-video-preview":"max-video-preview:-1"},"canonical":"https:\/\/www.accuratereviews.com\/it\/piattaforme-didattica-distanza\/newrow-suite-recensione\/","og_locale":"it_IT","og_type":"article","og_title":"Newrow: recensione software didattica a distanza - Accurate Reviews","og_description":"Newrow: recensione soluzione didattica a distanza per le aziende attraverso aule virtuali basate sul Web di facile utilizzo.","og_url":"https:\/\/www.accuratereviews.com\/it\/piattaforme-didattica-distanza\/newrow-suite-recensione\/","og_site_name":"Accurate Reviews","og_image":[{"width":400,"height":400,"url":"https:\/\/www.accuratereviews.com\/wp-content\/uploads\/2024\/01\/Newrow-Suite.png","type":"image\/png"}],"twitter_card":"summary_large_image","twitter_misc":{"Tempo di lettura stimato":"4 minuti"},"schema":{"@context":"https:\/\/schema.org","@graph":[{"@type":"WebPage","@id":"https:\/\/www.accuratereviews.com\/it\/piattaforme-didattica-distanza\/newrow-suite-recensione\/","url":"https:\/\/www.accuratereviews.com\/it\/piattaforme-didattica-distanza\/newrow-suite-recensione\/","name":"Newrow: recensione software didattica a distanza - Accurate Reviews","isPartOf":{"@id":"https:\/\/www.accuratereviews.com\/it\/#website"},"primaryImageOfPage":{"@id":"https:\/\/www.accuratereviews.com\/it\/piattaforme-didattica-distanza\/newrow-suite-recensione\/#primaryimage"},"image":{"@id":"https:\/\/www.accuratereviews.com\/it\/piattaforme-didattica-distanza\/newrow-suite-recensione\/#primaryimage"},"thumbnailUrl":"https:\/\/www.accuratereviews.com\/wp-content\/uploads\/2024\/01\/Newrow-Suite.png","datePublished":"2024-01-31T15:00:48+00:00","description":"Newrow: recensione soluzione didattica a distanza per le aziende attraverso aule virtuali basate sul Web di facile utilizzo.","breadcrumb":{"@id":"https:\/\/www.accuratereviews.com\/it\/piattaforme-didattica-distanza\/newrow-suite-recensione\/#breadcrumb"},"inLanguage":"it-IT","potentialAction":[{"@type":"ReadAction","target":["https:\/\/www.accuratereviews.com\/it\/piattaforme-didattica-distanza\/newrow-suite-recensione\/"]}]},{"@type":"ImageObject","inLanguage":"it-IT","@id":"https:\/\/www.accuratereviews.com\/it\/piattaforme-didattica-distanza\/newrow-suite-recensione\/#primaryimage","url":"https:\/\/www.accuratereviews.com\/wp-content\/uploads\/2024\/01\/Newrow-Suite.png","contentUrl":"https:\/\/www.accuratereviews.com\/wp-content\/uploads\/2024\/01\/Newrow-Suite.png","width":400,"height":400},{"@type":"BreadcrumbList","@id":"https:\/\/www.accuratereviews.com\/it\/piattaforme-didattica-distanza\/newrow-suite-recensione\/#breadcrumb","itemListElement":[{"@type":"ListItem","position":1,"name":"Home","item":"https:\/\/www.accuratereviews.com\/it\/"},{"@type":"ListItem","position":2,"name":"Piattaforme per la didattica a distanza","item":"https:\/\/www.accuratereviews.com\/it\/piattaforme-didattica-distanza\/"},{"@type":"ListItem","position":3,"name":"Newrow Suite"}]},{"@type":"WebSite","@id":"https:\/\/www.accuratereviews.com\/it\/#website","url":"https:\/\/www.accuratereviews.com\/it\/","name":"Accurate Reviews","description":"","potentialAction":[{"@type":"SearchAction","target":{"@type":"EntryPoint","urlTemplate":"https:\/\/www.accuratereviews.com\/it\/?s={search_term_string}"},"query-input":{"@type":"PropertyValueSpecification","valueRequired":true,"valueName":"search_term_string"}}],"inLanguage":"it-IT"}]}},"_links":{"self":[{"href":"https:\/\/www.accuratereviews.com\/it\/wp-json\/wp\/v2\/pages\/74222","targetHints":{"allow":["GET"]}}],"collection":[{"href":"https:\/\/www.accuratereviews.com\/it\/wp-json\/wp\/v2\/pages"}],"about":[{"href":"https:\/\/www.accuratereviews.com\/it\/wp-json\/wp\/v2\/types\/page"}],"author":[{"embeddable":true,"href":"https:\/\/www.accuratereviews.com\/it\/wp-json\/wp\/v2\/users\/19"}],"replies":[{"embeddable":true,"href":"https:\/\/www.accuratereviews.com\/it\/wp-json\/wp\/v2\/comments?post=74222"}],"version-history":[{"count":6,"href":"https:\/\/www.accuratereviews.com\/it\/wp-json\/wp\/v2\/pages\/74222\/revisions"}],"predecessor-version":[{"id":74235,"href":"https:\/\/www.accuratereviews.com\/it\/wp-json\/wp\/v2\/pages\/74222\/revisions\/74235"}],"up":[{"embeddable":true,"href":"https:\/\/www.accuratereviews.com\/it\/wp-json\/wp\/v2\/pages\/30279"}],"wp:featuredmedia":[{"embeddable":true,"href":"https:\/\/www.accuratereviews.com\/it\/wp-json\/wp\/v2\/media\/74223"}],"wp:attachment":[{"href":"https:\/\/www.accuratereviews.com\/it\/wp-json\/wp\/v2\/media?parent=74222"}],"wp:term":[{"taxonomy":"category","embeddable":true,"href":"https:\/\/www.accuratereviews.com\/it\/wp-json\/wp\/v2\/categories?post=74222"},{"taxonomy":"post_tag","embeddable":true,"href":"https:\/\/www.accuratereviews.com\/it\/wp-json\/wp\/v2\/tags?post=74222"},{"taxonomy":"features","embeddable":true,"href":"https:\/\/www.accuratereviews.com\/it\/wp-json\/wp\/v2\/features?post=74222"}],"curies":[{"name":"wp","href":"https:\/\/api.w.org\/{rel}","templated":true}]}}