{"id":74257,"date":"2024-01-31T20:39:05","date_gmt":"2024-01-31T20:39:05","guid":{"rendered":"https:\/\/www.accuratereviews.com\/?page_id=74257"},"modified":"2024-02-07T08:13:04","modified_gmt":"2024-02-07T08:13:04","slug":"gmbapi-com-recensione","status":"publish","type":"page","link":"https:\/\/www.accuratereviews.com\/it\/software-gestione-recensioni\/gmbapi-com-recensione\/","title":{"rendered":"GMBapi.com"},"content":{"rendered":"<p class=\"h3 mb-2\"><strong>GMBapi.com<\/strong> \u00e8 uno strumento di local SEO progettato per ottimizzare i profili locali su Google Business Profile per la SEO multi-sede. Questo strumento consente di monitorare, gestire e <strong>migliorare la visibilit\u00e0 e la reputazione online<\/strong> delle sedi locali del tuo business. Con questa soluzione, \u00e8 possibile tracciare i contatti con i clienti locali, implementare una strategia di contenuti locali e massimizzare la visibilit\u00e0 locale.<br \/>\n<strong>GMBapi.com<\/strong> consente di tracciare e segnalare le prestazioni, effettuare test A\/B e identificare parole chiave locali importanti. Inoltre, offre la possibilit\u00e0 di pubblicare contenuti freschi, sincronizzare dati aziendali su diverse reti di terzi e caricare in bulk prodotti o servizi nel tuo Google Business Profile per aumentare la visibilit\u00e0 delle sedi locali.<\/p>\n<h2>GMBAPI.COM &#8211; TUTORIAL<\/h2>\n<div id=\"fluid-wrapper-counter-1\" class=\"g1-fluid-wrapper \" style=\"width:686px;\">\n<div style=\"padding-bottom:56.268221574344%;\"><iframe loading=\"lazy\" title=\"Multi-Location Local SEO Software\" width=\"686\" height=\"386\" src=\"https:\/\/www.youtube.com\/embed\/aikxMfaFRvU?feature=oembed&amp;wmode=transparent&amp;autohide=1&amp;autoplay=0&amp;disablekb=0&amp;fs=1&amp;loop=0&amp;enablejsapi=1&amp;rel=0&amp;controls=2&amp;showinfo=0&amp;wmode=transparent&amp;autohide=2&amp;autoplay=0&amp;disablekb=0&amp;fs=1&amp;loop=0&amp;enablejsapi=1&amp;rel=0&amp;controls=2&amp;showinfo=1\" frameborder=\"0\" allow=\"accelerometer; autoplay; clipboard-write; encrypted-media; gyroscope; picture-in-picture; web-share\" allowfullscreen><\/iframe><\/div>\n<\/div>\n<h3>GMBAPI.COM &#8211; CARATTERISTICHE<\/h3>\n<ul>\n<li><strong>Punteggio di salute:<\/strong> GMBapi.com ti permette di valutare la salute dei profili locali delle tue sedi. Puoi identificare quali sedi potrebbero avere informazioni commerciali incomplete o non ottimizzate, il che ti aiuta a migliorare la loro visibilit\u00e0 complessiva.<\/li>\n<li><strong>Monitoraggio delle prestazioni:<\/strong> questa funzione ti consente di tenere traccia delle prestazioni delle tue sedi nel tempo. Puoi osservare le tendenze di crescita anno dopo anno e valutare in modo efficiente come ogni sede si sta comportando online.<\/li>\n<li><strong>Strategia di posting:<\/strong> con un solo clic, puoi aggiornare i profili GMB di tutte le tue sedi con diversi tipi di post. Questo ti permette di condividere notizie, offerte speciali e aggiornamenti con i tuoi clienti locali.<\/li>\n<li><strong>Gestione della reputazione:<\/strong> GMBapi.com semplifica la gestione delle recensioni e delle domande dai clienti. Puoi rispondere rapidamente alle recensioni utilizzando modelli preimpostati o personalizzati, migliorando cos\u00ec la tua reputazione online.<\/li>\n<li><strong>Qualit\u00e0 dei dati:<\/strong> la qualit\u00e0 dei dati \u00e8 fondamentale per ottenere una maggiore visibilit\u00e0 online. GMBapi.com ti aiuta a garantire che le informazioni commerciali delle tue sedi siano accurate e complete, il che pu\u00f2 aumentare il numero di visualizzazioni online.<\/li>\n<li><strong>Monitoraggio:<\/strong> tieni d&#8217;occhio le impressioni di ricerca locale e comprendi quali fattori influenzano la visibilit\u00e0 delle tue sedi. Questa funzione ti offre una panoramica completa delle prestazioni delle tue sedi.<\/li>\n<li><strong>Test A\/B:<\/strong> utilizza il testing A\/B per sperimentare diverse strategie di ottimizzazione e scoprire cosa funziona meglio per la ricerca locale.<\/li>\n<li><strong>Ricerca di parole chiave locali:<\/strong> identifica le parole chiave locali che i potenziali clienti utilizzano per trovare la tua attivit\u00e0 su Google o Google Maps.<\/li>\n<li><strong>Strumento di pubblicazione:<\/strong> pubblicare contenuti freschi sui profili GMB delle tue sedi pu\u00f2 aumentare le impressioni online e aiutarti a mantenere un&#8217;immagine di marca coesa.<\/li>\n<li><strong>Software di citazione locale:<\/strong> sincronizza i dati della tua azienda su diverse reti di terzi, tra cui mappe per i consumatori, soluzioni di navigazione e social network, per migliorare la tua visibilit\u00e0 online.<\/li>\n<li><strong>Caricamento bulk dei prodotti:<\/strong> carica in modo efficiente i prodotti o servizi delle tue sedi nel tuo Google Business Profile per aumentare la visibilit\u00e0 quando i potenziali clienti cercano specifiche query di ricerca locali.<\/li>\n<\/ul>\n<h4>LE RECENSIONI DEGLI UTENTI<\/h4>\n<p><strong>Rob &#8220;GMBAPI funziona per noi&#8221;<\/strong><br \/>\nCommenti: Buon servizio e assistenza sul setup, risposta veloce in caso di domande via email.<br \/>\nPro: Facile da usare, poco costoso per le sue caratteristiche e capacit\u00e0.<br \/>\nContro: La configurazione richiede di ricordare le password&#8230;;)<\/p>\n<p><strong>Maria &#8220;ottimo strumento e ottimo servizio&#8221;<\/strong><br \/>\nCommenti: \u00c8 stato un piacere lavorare con loro e hanno ascoltato il mio feedback, implementando ulteriori funzionalit\u00e0 per rendere l&#8217;esperienza dell&#8217;utente pi\u00f9 piacevole. Consiglio vivamente il prodotto e l&#8217;azienda.<br \/>\nPro: Stavo cercando un prodotto per visualizzare le recensioni e le risposte per tutte le nostre sedi in un unico posto insieme ad altre analisi per i profili Google Business. Ora sto usando anche la funzione di pubblicazione, che \u00e8 bello avere in un unico strumento.<br \/>\nContro: Mi piacerebbe che la programmazione fosse inclusa nella funzione di pubblicazione.<\/p>\n<p><strong>Edo &#8220;GMBapi per Randstad&#8221;<\/strong><br \/>\nCommenti: L&#8217;implementazione \u00e8 facile, il supporto \u00e8 stato eccellente. Il fornitore \u00e8 anche aperto a sviluppare nuove funzionalit\u00e0.<br \/>\nPro: L&#8217;implementazione \u00e8 facile, il supporto \u00e8 stato eccellente.<br \/>\nContro: La leggibilit\u00e0 della reportistica pu\u00f2 essere migliorata.<\/p>\n","protected":false},"excerpt":{"rendered":"<p>GMBapi.com \u00e8 uno strumento di local SEO progettato per ottimizzare i profili locali su Google Business Profile per la SEO multi-sede. Questo strumento consente di monitorare, gestire e migliorare la visibilit\u00e0 e la reputazione online delle sedi locali del tuo business.<\/p>\n","protected":false},"author":17,"featured_media":74258,"parent":60645,"menu_order":0,"comment_status":"open","ping_status":"closed","template":"g1_template_page_review_new.php","meta":{"_acf_changed":false,"cwp_meta_box_check":"No","cwp_rev_product_name":"","cwp_rev_product_image":"","wppr_links":[],"cwp_rev_price":"","wppr_options":[],"wppr_pros":[],"wppr_cons":[],"_monsterinsights_skip_tracking":false,"_monsterinsights_sitenote_active":false,"_monsterinsights_sitenote_note":"","_monsterinsights_sitenote_category":0,"footnotes":""},"categories":[13158],"tags":[13226,13163,13248,13186,13249,13206],"features":[],"class_list":{"0":"post-74257","1":"page","2":"type-page","3":"status-publish","4":"has-post-thumbnail","6":"category-software-per-la-gestione-delle-recensioni","7":"tag-gestionale-recensioni","8":"tag-gestione-delle-recensioni","9":"tag-piattaforma-di-gestione-recensioni","10":"tag-piattaforma-per-gestione-delle-recensioni","11":"tag-programma-di-gestione-recensioni","12":"tag-software-gestione-recensioni"},"wppr_data":{"cwp_meta_box_check":"No"},"acf":[],"yoast_head":"<!-- This site is optimized with the Yoast SEO plugin v27.4 - https:\/\/yoast.com\/product\/yoast-seo-wordpress\/ -->\n<title>GMBapi.com: software gestione recensioni - Accurate Reviews<\/title>\n<meta name=\"description\" content=\"GMBapi.com: recensione strumento di local SEO progettato per ottimizzare i profili locali su Google Business Profile per la SEO multi-sede.\" \/>\n<meta name=\"robots\" content=\"index, follow, max-snippet:-1, max-image-preview:large, max-video-preview:-1\" \/>\n<link rel=\"canonical\" href=\"https:\/\/www.accuratereviews.com\/it\/software-gestione-recensioni\/gmbapi-com-recensione\/\" \/>\n<meta property=\"og:locale\" content=\"it_IT\" \/>\n<meta property=\"og:type\" content=\"article\" \/>\n<meta property=\"og:title\" content=\"GMBapi.com: software gestione recensioni - Accurate Reviews\" \/>\n<meta property=\"og:description\" content=\"GMBapi.com: recensione strumento di local SEO progettato per ottimizzare i profili locali su Google Business Profile per la SEO multi-sede.\" \/>\n<meta property=\"og:url\" content=\"https:\/\/www.accuratereviews.com\/it\/software-gestione-recensioni\/gmbapi-com-recensione\/\" \/>\n<meta property=\"og:site_name\" content=\"Accurate Reviews\" \/>\n<meta property=\"article:modified_time\" content=\"2024-02-07T08:13:04+00:00\" \/>\n<meta property=\"og:image\" content=\"https:\/\/www.accuratereviews.com\/wp-content\/uploads\/2024\/01\/gmbapi_logo.jpeg\" \/>\n\t<meta property=\"og:image:width\" content=\"200\" \/>\n\t<meta property=\"og:image:height\" content=\"200\" \/>\n\t<meta property=\"og:image:type\" content=\"image\/jpeg\" \/>\n<meta name=\"twitter:card\" content=\"summary_large_image\" \/>\n<meta name=\"twitter:label1\" content=\"Tempo di lettura stimato\" \/>\n\t<meta name=\"twitter:data1\" content=\"4 minuti\" \/>\n<script type=\"application\/ld+json\" class=\"yoast-schema-graph\">{\"@context\":\"https:\\\/\\\/schema.org\",\"@graph\":[{\"@type\":\"WebPage\",\"@id\":\"https:\\\/\\\/www.accuratereviews.com\\\/it\\\/software-gestione-recensioni\\\/gmbapi-com-recensione\\\/\",\"url\":\"https:\\\/\\\/www.accuratereviews.com\\\/it\\\/software-gestione-recensioni\\\/gmbapi-com-recensione\\\/\",\"name\":\"GMBapi.com: software gestione recensioni - Accurate Reviews\",\"isPartOf\":{\"@id\":\"https:\\\/\\\/www.accuratereviews.com\\\/it\\\/#website\"},\"primaryImageOfPage\":{\"@id\":\"https:\\\/\\\/www.accuratereviews.com\\\/it\\\/software-gestione-recensioni\\\/gmbapi-com-recensione\\\/#primaryimage\"},\"image\":{\"@id\":\"https:\\\/\\\/www.accuratereviews.com\\\/it\\\/software-gestione-recensioni\\\/gmbapi-com-recensione\\\/#primaryimage\"},\"thumbnailUrl\":\"https:\\\/\\\/www.accuratereviews.com\\\/wp-content\\\/uploads\\\/2024\\\/01\\\/gmbapi_logo.jpeg\",\"datePublished\":\"2024-01-31T20:39:05+00:00\",\"dateModified\":\"2024-02-07T08:13:04+00:00\",\"description\":\"GMBapi.com: recensione strumento di local SEO progettato per ottimizzare i profili locali su Google Business Profile per la SEO multi-sede.\",\"breadcrumb\":{\"@id\":\"https:\\\/\\\/www.accuratereviews.com\\\/it\\\/software-gestione-recensioni\\\/gmbapi-com-recensione\\\/#breadcrumb\"},\"inLanguage\":\"it-IT\",\"potentialAction\":[{\"@type\":\"ReadAction\",\"target\":[\"https:\\\/\\\/www.accuratereviews.com\\\/it\\\/software-gestione-recensioni\\\/gmbapi-com-recensione\\\/\"]}]},{\"@type\":\"ImageObject\",\"inLanguage\":\"it-IT\",\"@id\":\"https:\\\/\\\/www.accuratereviews.com\\\/it\\\/software-gestione-recensioni\\\/gmbapi-com-recensione\\\/#primaryimage\",\"url\":\"https:\\\/\\\/www.accuratereviews.com\\\/wp-content\\\/uploads\\\/2024\\\/01\\\/gmbapi_logo.jpeg\",\"contentUrl\":\"https:\\\/\\\/www.accuratereviews.com\\\/wp-content\\\/uploads\\\/2024\\\/01\\\/gmbapi_logo.jpeg\",\"width\":200,\"height\":200},{\"@type\":\"BreadcrumbList\",\"@id\":\"https:\\\/\\\/www.accuratereviews.com\\\/it\\\/software-gestione-recensioni\\\/gmbapi-com-recensione\\\/#breadcrumb\",\"itemListElement\":[{\"@type\":\"ListItem\",\"position\":1,\"name\":\"Home\",\"item\":\"https:\\\/\\\/www.accuratereviews.com\\\/it\\\/\"},{\"@type\":\"ListItem\",\"position\":2,\"name\":\"Software per la gestione delle recensioni\",\"item\":\"https:\\\/\\\/www.accuratereviews.com\\\/it\\\/software-gestione-recensioni\\\/\"},{\"@type\":\"ListItem\",\"position\":3,\"name\":\"GMBapi.com\"}]},{\"@type\":\"WebSite\",\"@id\":\"https:\\\/\\\/www.accuratereviews.com\\\/it\\\/#website\",\"url\":\"https:\\\/\\\/www.accuratereviews.com\\\/it\\\/\",\"name\":\"Accurate Reviews\",\"description\":\"\",\"potentialAction\":[{\"@type\":\"SearchAction\",\"target\":{\"@type\":\"EntryPoint\",\"urlTemplate\":\"https:\\\/\\\/www.accuratereviews.com\\\/it\\\/?s={search_term_string}\"},\"query-input\":{\"@type\":\"PropertyValueSpecification\",\"valueRequired\":true,\"valueName\":\"search_term_string\"}}],\"inLanguage\":\"it-IT\"}]}<\/script>\n<!-- \/ Yoast SEO plugin. -->","yoast_head_json":{"title":"GMBapi.com: software gestione recensioni - Accurate Reviews","description":"GMBapi.com: recensione strumento di local SEO progettato per ottimizzare i profili locali su Google Business Profile per la SEO multi-sede.","robots":{"index":"index","follow":"follow","max-snippet":"max-snippet:-1","max-image-preview":"max-image-preview:large","max-video-preview":"max-video-preview:-1"},"canonical":"https:\/\/www.accuratereviews.com\/it\/software-gestione-recensioni\/gmbapi-com-recensione\/","og_locale":"it_IT","og_type":"article","og_title":"GMBapi.com: software gestione recensioni - Accurate Reviews","og_description":"GMBapi.com: recensione strumento di local SEO progettato per ottimizzare i profili locali su Google Business Profile per la SEO multi-sede.","og_url":"https:\/\/www.accuratereviews.com\/it\/software-gestione-recensioni\/gmbapi-com-recensione\/","og_site_name":"Accurate Reviews","article_modified_time":"2024-02-07T08:13:04+00:00","og_image":[{"width":200,"height":200,"url":"https:\/\/www.accuratereviews.com\/wp-content\/uploads\/2024\/01\/gmbapi_logo.jpeg","type":"image\/jpeg"}],"twitter_card":"summary_large_image","twitter_misc":{"Tempo di lettura stimato":"4 minuti"},"schema":{"@context":"https:\/\/schema.org","@graph":[{"@type":"WebPage","@id":"https:\/\/www.accuratereviews.com\/it\/software-gestione-recensioni\/gmbapi-com-recensione\/","url":"https:\/\/www.accuratereviews.com\/it\/software-gestione-recensioni\/gmbapi-com-recensione\/","name":"GMBapi.com: software gestione recensioni - Accurate Reviews","isPartOf":{"@id":"https:\/\/www.accuratereviews.com\/it\/#website"},"primaryImageOfPage":{"@id":"https:\/\/www.accuratereviews.com\/it\/software-gestione-recensioni\/gmbapi-com-recensione\/#primaryimage"},"image":{"@id":"https:\/\/www.accuratereviews.com\/it\/software-gestione-recensioni\/gmbapi-com-recensione\/#primaryimage"},"thumbnailUrl":"https:\/\/www.accuratereviews.com\/wp-content\/uploads\/2024\/01\/gmbapi_logo.jpeg","datePublished":"2024-01-31T20:39:05+00:00","dateModified":"2024-02-07T08:13:04+00:00","description":"GMBapi.com: recensione strumento di local SEO progettato per ottimizzare i profili locali su Google Business Profile per la SEO multi-sede.","breadcrumb":{"@id":"https:\/\/www.accuratereviews.com\/it\/software-gestione-recensioni\/gmbapi-com-recensione\/#breadcrumb"},"inLanguage":"it-IT","potentialAction":[{"@type":"ReadAction","target":["https:\/\/www.accuratereviews.com\/it\/software-gestione-recensioni\/gmbapi-com-recensione\/"]}]},{"@type":"ImageObject","inLanguage":"it-IT","@id":"https:\/\/www.accuratereviews.com\/it\/software-gestione-recensioni\/gmbapi-com-recensione\/#primaryimage","url":"https:\/\/www.accuratereviews.com\/wp-content\/uploads\/2024\/01\/gmbapi_logo.jpeg","contentUrl":"https:\/\/www.accuratereviews.com\/wp-content\/uploads\/2024\/01\/gmbapi_logo.jpeg","width":200,"height":200},{"@type":"BreadcrumbList","@id":"https:\/\/www.accuratereviews.com\/it\/software-gestione-recensioni\/gmbapi-com-recensione\/#breadcrumb","itemListElement":[{"@type":"ListItem","position":1,"name":"Home","item":"https:\/\/www.accuratereviews.com\/it\/"},{"@type":"ListItem","position":2,"name":"Software per la gestione delle recensioni","item":"https:\/\/www.accuratereviews.com\/it\/software-gestione-recensioni\/"},{"@type":"ListItem","position":3,"name":"GMBapi.com"}]},{"@type":"WebSite","@id":"https:\/\/www.accuratereviews.com\/it\/#website","url":"https:\/\/www.accuratereviews.com\/it\/","name":"Accurate Reviews","description":"","potentialAction":[{"@type":"SearchAction","target":{"@type":"EntryPoint","urlTemplate":"https:\/\/www.accuratereviews.com\/it\/?s={search_term_string}"},"query-input":{"@type":"PropertyValueSpecification","valueRequired":true,"valueName":"search_term_string"}}],"inLanguage":"it-IT"}]}},"_links":{"self":[{"href":"https:\/\/www.accuratereviews.com\/it\/wp-json\/wp\/v2\/pages\/74257","targetHints":{"allow":["GET"]}}],"collection":[{"href":"https:\/\/www.accuratereviews.com\/it\/wp-json\/wp\/v2\/pages"}],"about":[{"href":"https:\/\/www.accuratereviews.com\/it\/wp-json\/wp\/v2\/types\/page"}],"author":[{"embeddable":true,"href":"https:\/\/www.accuratereviews.com\/it\/wp-json\/wp\/v2\/users\/17"}],"replies":[{"embeddable":true,"href":"https:\/\/www.accuratereviews.com\/it\/wp-json\/wp\/v2\/comments?post=74257"}],"version-history":[{"count":4,"href":"https:\/\/www.accuratereviews.com\/it\/wp-json\/wp\/v2\/pages\/74257\/revisions"}],"predecessor-version":[{"id":74343,"href":"https:\/\/www.accuratereviews.com\/it\/wp-json\/wp\/v2\/pages\/74257\/revisions\/74343"}],"up":[{"embeddable":true,"href":"https:\/\/www.accuratereviews.com\/it\/wp-json\/wp\/v2\/pages\/60645"}],"wp:featuredmedia":[{"embeddable":true,"href":"https:\/\/www.accuratereviews.com\/it\/wp-json\/wp\/v2\/media\/74258"}],"wp:attachment":[{"href":"https:\/\/www.accuratereviews.com\/it\/wp-json\/wp\/v2\/media?parent=74257"}],"wp:term":[{"taxonomy":"category","embeddable":true,"href":"https:\/\/www.accuratereviews.com\/it\/wp-json\/wp\/v2\/categories?post=74257"},{"taxonomy":"post_tag","embeddable":true,"href":"https:\/\/www.accuratereviews.com\/it\/wp-json\/wp\/v2\/tags?post=74257"},{"taxonomy":"features","embeddable":true,"href":"https:\/\/www.accuratereviews.com\/it\/wp-json\/wp\/v2\/features?post=74257"}],"curies":[{"name":"wp","href":"https:\/\/api.w.org\/{rel}","templated":true}]}}