{"id":74274,"date":"2024-02-02T14:26:23","date_gmt":"2024-02-02T14:26:23","guid":{"rendered":"https:\/\/www.accuratereviews.com\/?page_id=74274"},"modified":"2024-02-02T14:26:23","modified_gmt":"2024-02-02T14:26:23","slug":"jamf-school-recensione","status":"publish","type":"page","link":"https:\/\/www.accuratereviews.com\/it\/piattaforme-didattica-distanza\/jamf-school-recensione\/","title":{"rendered":"Jamf School"},"content":{"rendered":"<p><strong>Jamf School<\/strong> \u00e8 un<strong> software di gestione dei dispositivi mobili<\/strong> (MDM) che consente agli insegnanti di limitare determinati siti Web, applicazioni e funzionalit\u00e0 della fotocamera sui dispositivi degli studenti e di bloccarli dopo aver inviato un messaggio personalizzato. Offre una funzionalit\u00e0 di richiesta di applicazioni, che consente agli insegnanti di richiedere applicazioni dall&#8217;Apple App Store e dall&#8217;applicazione Jamf School Teacher e monitorare lo stato delle richieste in tempo reale.<br \/>\nLe caratteristiche di<strong> Jamf School<\/strong> includono la gestione degli utenti, un dashboard delle attivit\u00e0, un&#8217;interfaccia drag-and-drop e altro ancora. L&#8217;applicazione consente, inoltre, agli amministratori di eseguire la diagnostica sui singoli dispositivi e identificare i problemi del sistema. Fornisce agli studenti le autorizzazioni per accedere ai siti Web <strong>relativi all&#8217;istruzione<\/strong> e limita l&#8217;accesso alle applicazioni non autorizzate.<\/p>\n<h2>JAMF SCHOOL &#8211; TUTORIAL<\/h2>\n<div id=\"fluid-wrapper-counter-1\" class=\"g1-fluid-wrapper \" style=\"width:686px;\">\n<div style=\"padding-bottom:56.268221574344%;\"><iframe loading=\"lazy\" title=\"How to Renew a Push Certificate in Jamf School\" width=\"686\" height=\"386\" src=\"https:\/\/www.youtube.com\/embed\/NmvIZOPMc1o?list=PLWs1qukS_mcYHzR0IQOl7hvQK73BtN8UH\" frameborder=\"0\" allow=\"accelerometer; autoplay; clipboard-write; encrypted-media; gyroscope; picture-in-picture; web-share\" allowfullscreen><\/iframe><\/div>\n<\/div>\n<h3>JAMF SCHOOL &#8211; CARATTERISTICHE<\/h3>\n<ul>\n<li><strong>Dashboard<\/strong>: tieni traccia dei dispositivi, degli utenti e delle app gestiti. Visualizza rapidamente lo stato dei dispositivi e risolvi facilmente i problemi.<\/li>\n<li><strong>Gestione della classe<\/strong>: trascina e rilascia app, contenuti e restrizioni.<\/li>\n<li><strong>Assegnazione del profilo iBeacon<\/strong>: gli studenti ottengono l&#8217;accesso automatico ai materiali specifici della materia, mentre i contenuti non correlati vengono nascosti.<\/li>\n<li><strong>Sistema di incidenti<\/strong>: tieni traccia dei danni al dispositivo o di altri problemi.<\/li>\n<li><strong>Posizioni<\/strong>: gestisci ciascuna posizione e i relativi dispositivi, utenti e gruppi separatamente, spingendo verso il basso profili e app da un&#8217;unica posizione.<\/li>\n<li><strong>Caching dei contenuti:<\/strong> scarica i file che verranno utilizzati da pi\u00f9 studenti su un dispositivo dedicato che potr\u00e0 poi essere utilizzato da altri.<\/li>\n<li><strong>Richiesta di app<\/strong>: gli insegnanti possono richiedere app, che vengono poi condivise con gli amministratori IT semplificando la gestione dei dispositivi Apple e potenziando l&#8217;uso delle app per facilitare l&#8217;insegnamento e l&#8217;apprendimento.<\/li>\n<\/ul>\n<h4>LE RECENSIONI DEGLI UTENTI<\/h4>\n<p><strong>Donna &#8220;Ottimo modo per registrare i dispositivi scolastici.&#8221;<\/strong><br \/>\n<strong>Pro<\/strong>: \u00c8 stato fantastico registrare iPad e Chromebook utilizzando questo software. Puoi personalizzare ogni dispositivo in base al livello scolastico e al curriculum.<br \/>\n<strong>Contro<\/strong>: Ci vuole tempo per imparare il software e le impostazioni, ma con il tempo diventa pi\u00f9 facile.<\/p>\n<p><strong>Kevin &#8220;Pro a scuola&#8221;<\/strong><br \/>\n<strong>Pro<\/strong>: L&#8217;interfaccia utente \u00e8 facile da navigare. Fa pi\u00f9 di ci\u00f2 che vogliamo rispetto a Pro.<br \/>\n<strong>Contro<\/strong>: Il fatto che sia basato sull&#8217;utente \u00e8 diverso dalla nostra configurazione attuale, rendendolo un cambiamento pi\u00f9 grande di quanto pensato.<\/p>\n<p><strong>Michael &#8220;Jamf School \u00e8 fantastico!&#8221;<\/strong><br \/>\n<strong>Commenti<\/strong>: Siamo molto soddisfatti di Jamf School<br \/>\n<strong>Pro<\/strong>: Essere in grado di gestire gli iPad da una pagina web<br \/>\n<strong>Contro<\/strong>: Lunga curva di apprendimento. Per funzionalit\u00e0 avanzate ci vuole una persona molto tecnica<\/p>\n","protected":false},"excerpt":{"rendered":"<p>Jamf School \u00e8 un software di gestione dei dispositivi mobili (MDM) che consente agli insegnanti di limitare determinati siti Web, applicazioni e funzionalit\u00e0 della fotocamera sui dispositivi degli studenti e di bloccarli dopo aver inviato un messaggio personalizzato.<\/p>\n","protected":false},"author":19,"featured_media":74276,"parent":30279,"menu_order":0,"comment_status":"open","ping_status":"closed","template":"g1_template_page_review_new.php","meta":{"_acf_changed":false,"cwp_meta_box_check":"Yes","cwp_rev_product_name":"","cwp_rev_product_image":"","wppr_links":[],"cwp_rev_price":"0.00","wppr_options":[{"name":"Usability","value":"0"},{"name":"Speed","value":"0"},{"name":"Features","value":"0"},{"name":"Support","value":"0"},{"name":"Pricing","value":"0"}],"wppr_pros":["","","","",""],"wppr_cons":["","","","",""],"_monsterinsights_skip_tracking":false,"_monsterinsights_sitenote_active":false,"_monsterinsights_sitenote_note":"","_monsterinsights_sitenote_category":0,"footnotes":""},"categories":[3634],"tags":[5100,14913,3661,3660,3659,3658],"features":[],"class_list":{"0":"post-74274","1":"page","2":"type-page","3":"status-publish","4":"has-post-thumbnail","6":"category-piattaforme-per-la-didattica-a-distanza-categoria","7":"tag-didattica-a-distanza","8":"tag-jamf-school","9":"tag-piattaforma-didattica-a-distanza","10":"tag-programma-didattica-a-distanza","11":"tag-software-didattica-a-distanza","12":"tag-soluzione-didattica-a-distanza"},"wppr_data":{"cwp_meta_box_check":"Yes","_wppr_review_template":"default","cwp_rev_product_image":"","cwp_image_link":"image","wppr_links":[],"cwp_rev_price":"0.00","wppr_pros":["","","","",""],"wppr_cons":["","","","",""],"wppr_rating":"0.00","wppr_options":{"1":{"name":"Usability","value":"0"},"2":{"name":"Speed","value":"0"},"3":{"name":"Features","value":"0"},"4":{"name":"Support","value":"0"},"5":{"name":"Pricing","value":"0"}},"wppr_review_type":"Product","wppr_review_custom_fields":{"additionalProperty":"","additionalType":"","aggregateRating":"","alternateName":"","audience":"","award":"","awards":"","brand":"","color":"","depth":"","description":"","disambiguatingDescription":"","gtin12":"","gtin13":"","gtin14":"","gtin8":"","height":"","identifier":"","image":"","isAccessoryOrSparePartFor":"","isConsumableFor":"","isRelatedTo":"","isSimilarTo":"","itemCondition":"","logo":"","mainEntityOfPage":"","manufacturer":"","material":"","model":"","mpn":"","name":"","offers":"","potentialAction":"","productID":"","productionDate":"","purchaseDate":"","releaseDate":"","review":"","reviews":"","sameAs":"","sku":"","slogan":"","subjectOf":"","url":"","weight":"","width":""}},"acf":[],"yoast_head":"<!-- This site is optimized with the Yoast SEO plugin v27.4 - https:\/\/yoast.com\/product\/yoast-seo-wordpress\/ -->\n<title>Jamf School: recensione software didattica a distanza - Accurate Reviews<\/title>\n<meta name=\"description\" content=\"Jamf School: software di gestione dei dispositivi mobili che consente agli insegnanti di gestire al meglio la didattica a distanza.\" \/>\n<meta name=\"robots\" content=\"index, follow, max-snippet:-1, max-image-preview:large, max-video-preview:-1\" \/>\n<link rel=\"canonical\" href=\"https:\/\/www.accuratereviews.com\/it\/piattaforme-didattica-distanza\/jamf-school-recensione\/\" \/>\n<meta property=\"og:locale\" content=\"it_IT\" \/>\n<meta property=\"og:type\" content=\"article\" \/>\n<meta property=\"og:title\" content=\"Jamf School: recensione software didattica a distanza - Accurate Reviews\" \/>\n<meta property=\"og:description\" content=\"Jamf School: software di gestione dei dispositivi mobili che consente agli insegnanti di gestire al meglio la didattica a distanza.\" \/>\n<meta property=\"og:url\" content=\"https:\/\/www.accuratereviews.com\/it\/piattaforme-didattica-distanza\/jamf-school-recensione\/\" \/>\n<meta property=\"og:site_name\" content=\"Accurate Reviews\" \/>\n<meta property=\"og:image\" content=\"https:\/\/www.accuratereviews.com\/wp-content\/uploads\/2024\/02\/Jamf-School.png\" \/>\n\t<meta property=\"og:image:width\" content=\"270\" \/>\n\t<meta property=\"og:image:height\" content=\"282\" \/>\n\t<meta property=\"og:image:type\" content=\"image\/png\" \/>\n<meta name=\"twitter:card\" content=\"summary_large_image\" \/>\n<meta name=\"twitter:label1\" content=\"Tempo di lettura stimato\" \/>\n\t<meta name=\"twitter:data1\" content=\"3 minuti\" \/>\n<script type=\"application\/ld+json\" class=\"yoast-schema-graph\">{\"@context\":\"https:\\\/\\\/schema.org\",\"@graph\":[{\"@type\":\"WebPage\",\"@id\":\"https:\\\/\\\/www.accuratereviews.com\\\/it\\\/piattaforme-didattica-distanza\\\/jamf-school-recensione\\\/\",\"url\":\"https:\\\/\\\/www.accuratereviews.com\\\/it\\\/piattaforme-didattica-distanza\\\/jamf-school-recensione\\\/\",\"name\":\"Jamf School: recensione software didattica a distanza - Accurate Reviews\",\"isPartOf\":{\"@id\":\"https:\\\/\\\/www.accuratereviews.com\\\/it\\\/#website\"},\"primaryImageOfPage\":{\"@id\":\"https:\\\/\\\/www.accuratereviews.com\\\/it\\\/piattaforme-didattica-distanza\\\/jamf-school-recensione\\\/#primaryimage\"},\"image\":{\"@id\":\"https:\\\/\\\/www.accuratereviews.com\\\/it\\\/piattaforme-didattica-distanza\\\/jamf-school-recensione\\\/#primaryimage\"},\"thumbnailUrl\":\"https:\\\/\\\/www.accuratereviews.com\\\/wp-content\\\/uploads\\\/2024\\\/02\\\/Jamf-School.png\",\"datePublished\":\"2024-02-02T14:26:23+00:00\",\"description\":\"Jamf School: software di gestione dei dispositivi mobili che consente agli insegnanti di gestire al meglio la didattica a distanza.\",\"breadcrumb\":{\"@id\":\"https:\\\/\\\/www.accuratereviews.com\\\/it\\\/piattaforme-didattica-distanza\\\/jamf-school-recensione\\\/#breadcrumb\"},\"inLanguage\":\"it-IT\",\"potentialAction\":[{\"@type\":\"ReadAction\",\"target\":[\"https:\\\/\\\/www.accuratereviews.com\\\/it\\\/piattaforme-didattica-distanza\\\/jamf-school-recensione\\\/\"]}]},{\"@type\":\"ImageObject\",\"inLanguage\":\"it-IT\",\"@id\":\"https:\\\/\\\/www.accuratereviews.com\\\/it\\\/piattaforme-didattica-distanza\\\/jamf-school-recensione\\\/#primaryimage\",\"url\":\"https:\\\/\\\/www.accuratereviews.com\\\/wp-content\\\/uploads\\\/2024\\\/02\\\/Jamf-School.png\",\"contentUrl\":\"https:\\\/\\\/www.accuratereviews.com\\\/wp-content\\\/uploads\\\/2024\\\/02\\\/Jamf-School.png\",\"width\":270,\"height\":282},{\"@type\":\"BreadcrumbList\",\"@id\":\"https:\\\/\\\/www.accuratereviews.com\\\/it\\\/piattaforme-didattica-distanza\\\/jamf-school-recensione\\\/#breadcrumb\",\"itemListElement\":[{\"@type\":\"ListItem\",\"position\":1,\"name\":\"Home\",\"item\":\"https:\\\/\\\/www.accuratereviews.com\\\/it\\\/\"},{\"@type\":\"ListItem\",\"position\":2,\"name\":\"Piattaforme per la didattica a distanza\",\"item\":\"https:\\\/\\\/www.accuratereviews.com\\\/it\\\/piattaforme-didattica-distanza\\\/\"},{\"@type\":\"ListItem\",\"position\":3,\"name\":\"Jamf School\"}]},{\"@type\":\"WebSite\",\"@id\":\"https:\\\/\\\/www.accuratereviews.com\\\/it\\\/#website\",\"url\":\"https:\\\/\\\/www.accuratereviews.com\\\/it\\\/\",\"name\":\"Accurate Reviews\",\"description\":\"\",\"potentialAction\":[{\"@type\":\"SearchAction\",\"target\":{\"@type\":\"EntryPoint\",\"urlTemplate\":\"https:\\\/\\\/www.accuratereviews.com\\\/it\\\/?s={search_term_string}\"},\"query-input\":{\"@type\":\"PropertyValueSpecification\",\"valueRequired\":true,\"valueName\":\"search_term_string\"}}],\"inLanguage\":\"it-IT\"}]}<\/script>\n<!-- \/ Yoast SEO plugin. -->","yoast_head_json":{"title":"Jamf School: recensione software didattica a distanza - Accurate Reviews","description":"Jamf School: software di gestione dei dispositivi mobili che consente agli insegnanti di gestire al meglio la didattica a distanza.","robots":{"index":"index","follow":"follow","max-snippet":"max-snippet:-1","max-image-preview":"max-image-preview:large","max-video-preview":"max-video-preview:-1"},"canonical":"https:\/\/www.accuratereviews.com\/it\/piattaforme-didattica-distanza\/jamf-school-recensione\/","og_locale":"it_IT","og_type":"article","og_title":"Jamf School: recensione software didattica a distanza - Accurate Reviews","og_description":"Jamf School: software di gestione dei dispositivi mobili che consente agli insegnanti di gestire al meglio la didattica a distanza.","og_url":"https:\/\/www.accuratereviews.com\/it\/piattaforme-didattica-distanza\/jamf-school-recensione\/","og_site_name":"Accurate Reviews","og_image":[{"width":270,"height":282,"url":"https:\/\/www.accuratereviews.com\/wp-content\/uploads\/2024\/02\/Jamf-School.png","type":"image\/png"}],"twitter_card":"summary_large_image","twitter_misc":{"Tempo di lettura stimato":"3 minuti"},"schema":{"@context":"https:\/\/schema.org","@graph":[{"@type":"WebPage","@id":"https:\/\/www.accuratereviews.com\/it\/piattaforme-didattica-distanza\/jamf-school-recensione\/","url":"https:\/\/www.accuratereviews.com\/it\/piattaforme-didattica-distanza\/jamf-school-recensione\/","name":"Jamf School: recensione software didattica a distanza - Accurate Reviews","isPartOf":{"@id":"https:\/\/www.accuratereviews.com\/it\/#website"},"primaryImageOfPage":{"@id":"https:\/\/www.accuratereviews.com\/it\/piattaforme-didattica-distanza\/jamf-school-recensione\/#primaryimage"},"image":{"@id":"https:\/\/www.accuratereviews.com\/it\/piattaforme-didattica-distanza\/jamf-school-recensione\/#primaryimage"},"thumbnailUrl":"https:\/\/www.accuratereviews.com\/wp-content\/uploads\/2024\/02\/Jamf-School.png","datePublished":"2024-02-02T14:26:23+00:00","description":"Jamf School: software di gestione dei dispositivi mobili che consente agli insegnanti di gestire al meglio la didattica a distanza.","breadcrumb":{"@id":"https:\/\/www.accuratereviews.com\/it\/piattaforme-didattica-distanza\/jamf-school-recensione\/#breadcrumb"},"inLanguage":"it-IT","potentialAction":[{"@type":"ReadAction","target":["https:\/\/www.accuratereviews.com\/it\/piattaforme-didattica-distanza\/jamf-school-recensione\/"]}]},{"@type":"ImageObject","inLanguage":"it-IT","@id":"https:\/\/www.accuratereviews.com\/it\/piattaforme-didattica-distanza\/jamf-school-recensione\/#primaryimage","url":"https:\/\/www.accuratereviews.com\/wp-content\/uploads\/2024\/02\/Jamf-School.png","contentUrl":"https:\/\/www.accuratereviews.com\/wp-content\/uploads\/2024\/02\/Jamf-School.png","width":270,"height":282},{"@type":"BreadcrumbList","@id":"https:\/\/www.accuratereviews.com\/it\/piattaforme-didattica-distanza\/jamf-school-recensione\/#breadcrumb","itemListElement":[{"@type":"ListItem","position":1,"name":"Home","item":"https:\/\/www.accuratereviews.com\/it\/"},{"@type":"ListItem","position":2,"name":"Piattaforme per la didattica a distanza","item":"https:\/\/www.accuratereviews.com\/it\/piattaforme-didattica-distanza\/"},{"@type":"ListItem","position":3,"name":"Jamf School"}]},{"@type":"WebSite","@id":"https:\/\/www.accuratereviews.com\/it\/#website","url":"https:\/\/www.accuratereviews.com\/it\/","name":"Accurate Reviews","description":"","potentialAction":[{"@type":"SearchAction","target":{"@type":"EntryPoint","urlTemplate":"https:\/\/www.accuratereviews.com\/it\/?s={search_term_string}"},"query-input":{"@type":"PropertyValueSpecification","valueRequired":true,"valueName":"search_term_string"}}],"inLanguage":"it-IT"}]}},"_links":{"self":[{"href":"https:\/\/www.accuratereviews.com\/it\/wp-json\/wp\/v2\/pages\/74274","targetHints":{"allow":["GET"]}}],"collection":[{"href":"https:\/\/www.accuratereviews.com\/it\/wp-json\/wp\/v2\/pages"}],"about":[{"href":"https:\/\/www.accuratereviews.com\/it\/wp-json\/wp\/v2\/types\/page"}],"author":[{"embeddable":true,"href":"https:\/\/www.accuratereviews.com\/it\/wp-json\/wp\/v2\/users\/19"}],"replies":[{"embeddable":true,"href":"https:\/\/www.accuratereviews.com\/it\/wp-json\/wp\/v2\/comments?post=74274"}],"version-history":[{"count":11,"href":"https:\/\/www.accuratereviews.com\/it\/wp-json\/wp\/v2\/pages\/74274\/revisions"}],"predecessor-version":[{"id":74291,"href":"https:\/\/www.accuratereviews.com\/it\/wp-json\/wp\/v2\/pages\/74274\/revisions\/74291"}],"up":[{"embeddable":true,"href":"https:\/\/www.accuratereviews.com\/it\/wp-json\/wp\/v2\/pages\/30279"}],"wp:featuredmedia":[{"embeddable":true,"href":"https:\/\/www.accuratereviews.com\/it\/wp-json\/wp\/v2\/media\/74276"}],"wp:attachment":[{"href":"https:\/\/www.accuratereviews.com\/it\/wp-json\/wp\/v2\/media?parent=74274"}],"wp:term":[{"taxonomy":"category","embeddable":true,"href":"https:\/\/www.accuratereviews.com\/it\/wp-json\/wp\/v2\/categories?post=74274"},{"taxonomy":"post_tag","embeddable":true,"href":"https:\/\/www.accuratereviews.com\/it\/wp-json\/wp\/v2\/tags?post=74274"},{"taxonomy":"features","embeddable":true,"href":"https:\/\/www.accuratereviews.com\/it\/wp-json\/wp\/v2\/features?post=74274"}],"curies":[{"name":"wp","href":"https:\/\/api.w.org\/{rel}","templated":true}]}}