{"id":74298,"date":"2024-02-05T11:31:00","date_gmt":"2024-02-05T11:31:00","guid":{"rendered":"https:\/\/www.accuratereviews.com\/?page_id=74298"},"modified":"2024-02-06T10:43:35","modified_gmt":"2024-02-06T10:43:35","slug":"netsupport-school-recensione","status":"publish","type":"page","link":"https:\/\/www.accuratereviews.com\/it\/piattaforme-didattica-distanza\/netsupport-school-recensione\/","title":{"rendered":"NetSupport School"},"content":{"rendered":"<p><strong>NetSupport School<\/strong> \u00e8 la soluzione multipiattaforma per la<strong> gestione delle classi<\/strong> che assiste scuole e insegnanti con una vasta gamma di funzionalit\u00e0 dedicate di valutazione, monitoraggio, collaborazione e controllo. Il programma garantisce un utilizzo ottimale della tecnologia in classe, migliorando al tempo stesso i risultati di apprendimento degli studenti.<br \/>\nPer un maggiore coinvolgimento nella sessione, <strong>NetSupport School<\/strong> offre anche strumenti per consentire ai partecipanti di interagire, porre domande e valutare qualsiasi informazione presentata.<\/p>\n<h2>NETSUPPORT SCHOOL &#8211; TUTORIAL<\/h2>\n<div id=\"fluid-wrapper-counter-1\" class=\"g1-fluid-wrapper \" style=\"width:686px;\">\n<div style=\"padding-bottom:56.268221574344%;\"><iframe loading=\"lazy\" title=\"Tutorial NetSupport School - Docenti\" width=\"515\" height=\"386\" src=\"https:\/\/www.youtube.com\/embed\/nFmRYt-8cU0?feature=oembed&amp;wmode=transparent&amp;autohide=1&amp;autoplay=0&amp;disablekb=0&amp;fs=1&amp;loop=0&amp;enablejsapi=1&amp;rel=0&amp;controls=2&amp;showinfo=0&amp;wmode=transparent&amp;autohide=2&amp;autoplay=0&amp;disablekb=0&amp;fs=1&amp;loop=0&amp;enablejsapi=1&amp;rel=0&amp;controls=2&amp;showinfo=1\" frameborder=\"0\" allow=\"accelerometer; autoplay; clipboard-write; encrypted-media; gyroscope; picture-in-picture; web-share\" allowfullscreen><\/iframe><\/div>\n<\/div>\n<h3>NETSUPPORT SCHOOL &#8211; CARATTERISTICHE<\/h3>\n<ul>\n<li>Impedire agli studenti di stampare in classe.<\/li>\n<li>Limita l&#8217;utilizzo della stampante per numero di pagine.<\/li>\n<li>Richiedi l&#8217;autorizzazione del docente prima della stampa.<\/li>\n<li>Impedire l&#8217;utilizzo di singole stampanti.<\/li>\n<li>Visualizza un indicatore di stampa in tempo reale che identifica lo studente che sta attualmente stampando.<\/li>\n<li>Disattiva la webcam sui dispositivi della classe.<\/li>\n<li>Richiedi informazioni standard e personalizzate da ogni studente all&#8217;inizio della lezione.<\/li>\n<li>Stampa il registro degli studenti, incluso il totale dei premi o dei processi di stampa completati durante la lezione.<\/li>\n<li>Usa icone personalizzate o immagini per gli studenti.<\/li>\n<li>Utilizzare icone personalizzate per ciascun gruppo di studenti.<\/li>\n<li>Trasferisci i file a uno o a pi\u00f9 studenti<\/li>\n<li>Copia file e cartelle tra due studenti.<\/li>\n<li>Invia cartelle\/sottocartelle dall\u2019insegnante allo studente.<\/li>\n<li>Nello strumento File Transfer, puoi anche raccogliere file dagli studenti e consentire allo studente di scegliere quale file caricare per l&#8217;insegnante (senza dover prima inviare loro un file).<\/li>\n<li>Usa la funzionalit\u00e0 di Invio e Raccolta del Lavoro per inviare e raccogliere i file dagli studenti. Il feedback in tempo reale indica all\u2019insegnante quali file degli studenti sono pronti per la raccolta e quali studenti devono essere sollecitati.<\/li>\n<li>Una lavagna a tutto schermo, integrata direttamente nella Console Tutor, che contiene una gamma completa distrumenti di disegno per migliorare la collaborazione con l&#8217;aula.<\/li>\n<li>Apri una discussione in chat a cui possono partecipare tutti gli studenti o solo quelli selezionati, immetti i loro commenti e condividili con il resto della classe<\/li>\n<li>Trasmettete la voce dell&#8217;insegnante durante una presentazione. Il supporto audio \u00e8 incluso in ogni sessione di Presentazione dello schermo e di Controllo Remoto.<\/li>\n<li>Monitora l&#8217;aula intera in una singola visualizzazione con dimensioni di anteprima regolabili.<\/li>\n<li>Controlla gli studenti utilizzando pi\u00f9 monitor<\/li>\n<li>Aggiungere altre informazioni come le applicazioni attive o i siti web attivi.<\/li>\n<li>Ingrandimento per ottenere icone studente ad alta definizione ottimizzate.<\/li>\n<li>Controllate da remoto lo schermo dello studente per istruire o rimediare l\u2019attivit\u00e0.<\/li>\n<\/ul>\n<h4>LE RECENSIONI DEGLI UTENTI<\/h4>\n<p><strong>Lyle &#8220;Un ottimo prodotto per gli uffici di supporto alla disabilit\u00e0 che gestiscono i test per gli studenti.&#8221;<\/strong><br \/>\n<strong>Commenti<\/strong>: Lo usiamo da anni nei test dei servizi di supporto per disabili e funziona molto bene.<br \/>\n<strong>Pro<\/strong>: Utilizziamo i prodotti Netsupport School. Il loro tutor e la console tecnica fanno miracoli per il nostro personale addetto ai test. Non posso raccomandare abbastanza quella piattaforma. Rende l&#8217;intero processo di monitoraggio fluido e facile da gestire dalle console.<br \/>\n<strong>Contro<\/strong>: Non c&#8217;\u00e8 molto che sia scadente in questo prodotto. Se dovessi essere pignolo, vorrei che ci fosse un modo per bloccare l&#8217;accesso a Internet all&#8217;interno dell&#8217;applicazione. Ad esempio, quando si utilizza MS Word, se gli studenti cercano parole, ci\u00f2 fornisce l&#8217;accesso a contenuti basati su Internet (o almeno lo faceva).<\/p>\n<p><strong>Will &#8220;Recensione di NetSupport School&#8221;<\/strong><br \/>\n<strong>Pro<\/strong>: La cosa che mi piace di pi\u00f9 di NetSupport School \u00e8 che soddisfa un&#8217;esigenza conveniente per noi di gestire ci\u00f2 a cui hanno accesso gli studenti nei laboratori informatici.<br \/>\n<strong>Contro<\/strong>: La cosa che mi piace meno di NetSupport School \u00e8 che occasionalmente si verificano problemi con i computer che non vengono visualizzati nell&#8217;elenco sulla console dell&#8217;insegnante. A volte dobbiamo riavviare il computer per farlo apparire di nuovo.<\/p>\n<p><strong>Zuleida &#8220;Comunicazione con gli studenti nelle classi.&#8221;<\/strong><br \/>\n<strong>Commenti<\/strong>: Stimolante perch\u00e9 con questa applicazione posso svolgere le mie lezioni in modo dinamico e pi\u00f9 creativo, facendo partecipare con entusiasmo gli studenti.<br \/>\n<strong>Pro<\/strong>: Questo software facilita lo sviluppo delle classi perch\u00e9 posso rivedere ci\u00f2 che fanno gli studenti, rispondere alle loro domande e valutarle dal computer principale.<br \/>\n<strong>Contro<\/strong>: Quello che mi causa gli inconvenienti di questo software \u00e8 che quando attiviamo la chat, a volte inaspettatamente distoglie gli studenti dalla stanza.<\/p>\n","protected":false},"excerpt":{"rendered":"<p>NetSupport School \u00e8 la soluzione multipiattaforma per la gestione delle classi che assiste scuole e insegnanti con una vasta gamma di funzionalit\u00e0 dedicate di valutazione, monitoraggio, collaborazione e controllo. Il programma garantisce un utilizzo ottimale della tecnologia in classe, migliorando al tempo stesso i risultati di apprendimento degli studenti.<\/p>\n","protected":false},"author":19,"featured_media":74299,"parent":30279,"menu_order":0,"comment_status":"open","ping_status":"closed","template":"g1_template_page_review_new.php","meta":{"_acf_changed":false,"cwp_meta_box_check":"Yes","cwp_rev_product_name":"","cwp_rev_product_image":"","wppr_links":[],"cwp_rev_price":"0.00","wppr_options":[{"name":"Usability","value":"0"},{"name":"Speed","value":"0"},{"name":"Features","value":"0"},{"name":"Support","value":"0"},{"name":"Pricing","value":"0"}],"wppr_pros":["","","","",""],"wppr_cons":["","","","",""],"_monsterinsights_skip_tracking":false,"_monsterinsights_sitenote_active":false,"_monsterinsights_sitenote_note":"","_monsterinsights_sitenote_category":0,"footnotes":""},"categories":[3634],"tags":[5100,14920,3661,3660,3659,3658],"features":[],"class_list":{"0":"post-74298","1":"page","2":"type-page","3":"status-publish","4":"has-post-thumbnail","6":"category-piattaforme-per-la-didattica-a-distanza-categoria","7":"tag-didattica-a-distanza","8":"tag-netsupport-school","9":"tag-piattaforma-didattica-a-distanza","10":"tag-programma-didattica-a-distanza","11":"tag-software-didattica-a-distanza","12":"tag-soluzione-didattica-a-distanza"},"wppr_data":{"cwp_meta_box_check":"Yes","_wppr_review_template":"default","cwp_rev_product_image":"","cwp_image_link":"image","wppr_links":[],"cwp_rev_price":"0.00","wppr_pros":["","","","",""],"wppr_cons":["","","","",""],"wppr_rating":"0.00","wppr_options":{"1":{"name":"Usability","value":"0"},"2":{"name":"Speed","value":"0"},"3":{"name":"Features","value":"0"},"4":{"name":"Support","value":"0"},"5":{"name":"Pricing","value":"0"}},"wppr_review_type":"Product","wppr_review_custom_fields":{"additionalProperty":"","additionalType":"","aggregateRating":"","alternateName":"","audience":"","award":"","awards":"","brand":"","color":"","depth":"","description":"","disambiguatingDescription":"","gtin12":"","gtin13":"","gtin14":"","gtin8":"","height":"","identifier":"","image":"","isAccessoryOrSparePartFor":"","isConsumableFor":"","isRelatedTo":"","isSimilarTo":"","itemCondition":"","logo":"","mainEntityOfPage":"","manufacturer":"","material":"","model":"","mpn":"","name":"","offers":"","potentialAction":"","productID":"","productionDate":"","purchaseDate":"","releaseDate":"","review":"","reviews":"","sameAs":"","sku":"","slogan":"","subjectOf":"","url":"","weight":"","width":""}},"acf":[],"yoast_head":"<!-- This site is optimized with the Yoast SEO plugin v27.4 - https:\/\/yoast.com\/product\/yoast-seo-wordpress\/ -->\n<title>NetSupport School: recensione software didattica a distanza - Accurate Reviews<\/title>\n<meta name=\"description\" content=\"NetSupport School: recensione soluzione per la gestione delle classi che assiste scuole e insegnanti con una vasta gamma di funzionalit\u00e0.\" \/>\n<meta name=\"robots\" content=\"index, follow, max-snippet:-1, max-image-preview:large, max-video-preview:-1\" \/>\n<link rel=\"canonical\" href=\"https:\/\/www.accuratereviews.com\/it\/piattaforme-didattica-distanza\/netsupport-school-recensione\/\" \/>\n<meta property=\"og:locale\" content=\"it_IT\" \/>\n<meta property=\"og:type\" content=\"article\" \/>\n<meta property=\"og:title\" content=\"NetSupport School: recensione software didattica a distanza - Accurate Reviews\" \/>\n<meta property=\"og:description\" content=\"NetSupport School: recensione soluzione per la gestione delle classi che assiste scuole e insegnanti con una vasta gamma di funzionalit\u00e0.\" \/>\n<meta property=\"og:url\" content=\"https:\/\/www.accuratereviews.com\/it\/piattaforme-didattica-distanza\/netsupport-school-recensione\/\" \/>\n<meta property=\"og:site_name\" content=\"Accurate Reviews\" \/>\n<meta property=\"article:modified_time\" content=\"2024-02-06T10:43:35+00:00\" \/>\n<meta property=\"og:image\" content=\"https:\/\/www.accuratereviews.com\/wp-content\/uploads\/2024\/02\/Netsupport-logo.png\" \/>\n\t<meta property=\"og:image:width\" content=\"500\" \/>\n\t<meta property=\"og:image:height\" content=\"200\" \/>\n\t<meta property=\"og:image:type\" content=\"image\/png\" \/>\n<meta name=\"twitter:card\" content=\"summary_large_image\" \/>\n<meta name=\"twitter:label1\" content=\"Tempo di lettura stimato\" \/>\n\t<meta name=\"twitter:data1\" content=\"4 minuti\" \/>\n<script type=\"application\/ld+json\" class=\"yoast-schema-graph\">{\"@context\":\"https:\\\/\\\/schema.org\",\"@graph\":[{\"@type\":\"WebPage\",\"@id\":\"https:\\\/\\\/www.accuratereviews.com\\\/it\\\/piattaforme-didattica-distanza\\\/netsupport-school-recensione\\\/\",\"url\":\"https:\\\/\\\/www.accuratereviews.com\\\/it\\\/piattaforme-didattica-distanza\\\/netsupport-school-recensione\\\/\",\"name\":\"NetSupport School: recensione software didattica a distanza - Accurate Reviews\",\"isPartOf\":{\"@id\":\"https:\\\/\\\/www.accuratereviews.com\\\/it\\\/#website\"},\"primaryImageOfPage\":{\"@id\":\"https:\\\/\\\/www.accuratereviews.com\\\/it\\\/piattaforme-didattica-distanza\\\/netsupport-school-recensione\\\/#primaryimage\"},\"image\":{\"@id\":\"https:\\\/\\\/www.accuratereviews.com\\\/it\\\/piattaforme-didattica-distanza\\\/netsupport-school-recensione\\\/#primaryimage\"},\"thumbnailUrl\":\"https:\\\/\\\/www.accuratereviews.com\\\/wp-content\\\/uploads\\\/2024\\\/02\\\/Netsupport-logo.png\",\"datePublished\":\"2024-02-05T11:31:00+00:00\",\"dateModified\":\"2024-02-06T10:43:35+00:00\",\"description\":\"NetSupport School: recensione soluzione per la gestione delle classi che assiste scuole e insegnanti con una vasta gamma di funzionalit\u00e0.\",\"breadcrumb\":{\"@id\":\"https:\\\/\\\/www.accuratereviews.com\\\/it\\\/piattaforme-didattica-distanza\\\/netsupport-school-recensione\\\/#breadcrumb\"},\"inLanguage\":\"it-IT\",\"potentialAction\":[{\"@type\":\"ReadAction\",\"target\":[\"https:\\\/\\\/www.accuratereviews.com\\\/it\\\/piattaforme-didattica-distanza\\\/netsupport-school-recensione\\\/\"]}]},{\"@type\":\"ImageObject\",\"inLanguage\":\"it-IT\",\"@id\":\"https:\\\/\\\/www.accuratereviews.com\\\/it\\\/piattaforme-didattica-distanza\\\/netsupport-school-recensione\\\/#primaryimage\",\"url\":\"https:\\\/\\\/www.accuratereviews.com\\\/wp-content\\\/uploads\\\/2024\\\/02\\\/Netsupport-logo.png\",\"contentUrl\":\"https:\\\/\\\/www.accuratereviews.com\\\/wp-content\\\/uploads\\\/2024\\\/02\\\/Netsupport-logo.png\",\"width\":500,\"height\":200},{\"@type\":\"BreadcrumbList\",\"@id\":\"https:\\\/\\\/www.accuratereviews.com\\\/it\\\/piattaforme-didattica-distanza\\\/netsupport-school-recensione\\\/#breadcrumb\",\"itemListElement\":[{\"@type\":\"ListItem\",\"position\":1,\"name\":\"Home\",\"item\":\"https:\\\/\\\/www.accuratereviews.com\\\/it\\\/\"},{\"@type\":\"ListItem\",\"position\":2,\"name\":\"Piattaforme per la didattica a distanza\",\"item\":\"https:\\\/\\\/www.accuratereviews.com\\\/it\\\/piattaforme-didattica-distanza\\\/\"},{\"@type\":\"ListItem\",\"position\":3,\"name\":\"NetSupport School\"}]},{\"@type\":\"WebSite\",\"@id\":\"https:\\\/\\\/www.accuratereviews.com\\\/it\\\/#website\",\"url\":\"https:\\\/\\\/www.accuratereviews.com\\\/it\\\/\",\"name\":\"Accurate Reviews\",\"description\":\"\",\"potentialAction\":[{\"@type\":\"SearchAction\",\"target\":{\"@type\":\"EntryPoint\",\"urlTemplate\":\"https:\\\/\\\/www.accuratereviews.com\\\/it\\\/?s={search_term_string}\"},\"query-input\":{\"@type\":\"PropertyValueSpecification\",\"valueRequired\":true,\"valueName\":\"search_term_string\"}}],\"inLanguage\":\"it-IT\"}]}<\/script>\n<!-- \/ Yoast SEO plugin. -->","yoast_head_json":{"title":"NetSupport School: recensione software didattica a distanza - Accurate Reviews","description":"NetSupport School: recensione soluzione per la gestione delle classi che assiste scuole e insegnanti con una vasta gamma di funzionalit\u00e0.","robots":{"index":"index","follow":"follow","max-snippet":"max-snippet:-1","max-image-preview":"max-image-preview:large","max-video-preview":"max-video-preview:-1"},"canonical":"https:\/\/www.accuratereviews.com\/it\/piattaforme-didattica-distanza\/netsupport-school-recensione\/","og_locale":"it_IT","og_type":"article","og_title":"NetSupport School: recensione software didattica a distanza - Accurate Reviews","og_description":"NetSupport School: recensione soluzione per la gestione delle classi che assiste scuole e insegnanti con una vasta gamma di funzionalit\u00e0.","og_url":"https:\/\/www.accuratereviews.com\/it\/piattaforme-didattica-distanza\/netsupport-school-recensione\/","og_site_name":"Accurate Reviews","article_modified_time":"2024-02-06T10:43:35+00:00","og_image":[{"width":500,"height":200,"url":"https:\/\/www.accuratereviews.com\/wp-content\/uploads\/2024\/02\/Netsupport-logo.png","type":"image\/png"}],"twitter_card":"summary_large_image","twitter_misc":{"Tempo di lettura stimato":"4 minuti"},"schema":{"@context":"https:\/\/schema.org","@graph":[{"@type":"WebPage","@id":"https:\/\/www.accuratereviews.com\/it\/piattaforme-didattica-distanza\/netsupport-school-recensione\/","url":"https:\/\/www.accuratereviews.com\/it\/piattaforme-didattica-distanza\/netsupport-school-recensione\/","name":"NetSupport School: recensione software didattica a distanza - Accurate Reviews","isPartOf":{"@id":"https:\/\/www.accuratereviews.com\/it\/#website"},"primaryImageOfPage":{"@id":"https:\/\/www.accuratereviews.com\/it\/piattaforme-didattica-distanza\/netsupport-school-recensione\/#primaryimage"},"image":{"@id":"https:\/\/www.accuratereviews.com\/it\/piattaforme-didattica-distanza\/netsupport-school-recensione\/#primaryimage"},"thumbnailUrl":"https:\/\/www.accuratereviews.com\/wp-content\/uploads\/2024\/02\/Netsupport-logo.png","datePublished":"2024-02-05T11:31:00+00:00","dateModified":"2024-02-06T10:43:35+00:00","description":"NetSupport School: recensione soluzione per la gestione delle classi che assiste scuole e insegnanti con una vasta gamma di funzionalit\u00e0.","breadcrumb":{"@id":"https:\/\/www.accuratereviews.com\/it\/piattaforme-didattica-distanza\/netsupport-school-recensione\/#breadcrumb"},"inLanguage":"it-IT","potentialAction":[{"@type":"ReadAction","target":["https:\/\/www.accuratereviews.com\/it\/piattaforme-didattica-distanza\/netsupport-school-recensione\/"]}]},{"@type":"ImageObject","inLanguage":"it-IT","@id":"https:\/\/www.accuratereviews.com\/it\/piattaforme-didattica-distanza\/netsupport-school-recensione\/#primaryimage","url":"https:\/\/www.accuratereviews.com\/wp-content\/uploads\/2024\/02\/Netsupport-logo.png","contentUrl":"https:\/\/www.accuratereviews.com\/wp-content\/uploads\/2024\/02\/Netsupport-logo.png","width":500,"height":200},{"@type":"BreadcrumbList","@id":"https:\/\/www.accuratereviews.com\/it\/piattaforme-didattica-distanza\/netsupport-school-recensione\/#breadcrumb","itemListElement":[{"@type":"ListItem","position":1,"name":"Home","item":"https:\/\/www.accuratereviews.com\/it\/"},{"@type":"ListItem","position":2,"name":"Piattaforme per la didattica a distanza","item":"https:\/\/www.accuratereviews.com\/it\/piattaforme-didattica-distanza\/"},{"@type":"ListItem","position":3,"name":"NetSupport School"}]},{"@type":"WebSite","@id":"https:\/\/www.accuratereviews.com\/it\/#website","url":"https:\/\/www.accuratereviews.com\/it\/","name":"Accurate Reviews","description":"","potentialAction":[{"@type":"SearchAction","target":{"@type":"EntryPoint","urlTemplate":"https:\/\/www.accuratereviews.com\/it\/?s={search_term_string}"},"query-input":{"@type":"PropertyValueSpecification","valueRequired":true,"valueName":"search_term_string"}}],"inLanguage":"it-IT"}]}},"_links":{"self":[{"href":"https:\/\/www.accuratereviews.com\/it\/wp-json\/wp\/v2\/pages\/74298","targetHints":{"allow":["GET"]}}],"collection":[{"href":"https:\/\/www.accuratereviews.com\/it\/wp-json\/wp\/v2\/pages"}],"about":[{"href":"https:\/\/www.accuratereviews.com\/it\/wp-json\/wp\/v2\/types\/page"}],"author":[{"embeddable":true,"href":"https:\/\/www.accuratereviews.com\/it\/wp-json\/wp\/v2\/users\/19"}],"replies":[{"embeddable":true,"href":"https:\/\/www.accuratereviews.com\/it\/wp-json\/wp\/v2\/comments?post=74298"}],"version-history":[{"count":11,"href":"https:\/\/www.accuratereviews.com\/it\/wp-json\/wp\/v2\/pages\/74298\/revisions"}],"predecessor-version":[{"id":74327,"href":"https:\/\/www.accuratereviews.com\/it\/wp-json\/wp\/v2\/pages\/74298\/revisions\/74327"}],"up":[{"embeddable":true,"href":"https:\/\/www.accuratereviews.com\/it\/wp-json\/wp\/v2\/pages\/30279"}],"wp:featuredmedia":[{"embeddable":true,"href":"https:\/\/www.accuratereviews.com\/it\/wp-json\/wp\/v2\/media\/74299"}],"wp:attachment":[{"href":"https:\/\/www.accuratereviews.com\/it\/wp-json\/wp\/v2\/media?parent=74298"}],"wp:term":[{"taxonomy":"category","embeddable":true,"href":"https:\/\/www.accuratereviews.com\/it\/wp-json\/wp\/v2\/categories?post=74298"},{"taxonomy":"post_tag","embeddable":true,"href":"https:\/\/www.accuratereviews.com\/it\/wp-json\/wp\/v2\/tags?post=74298"},{"taxonomy":"features","embeddable":true,"href":"https:\/\/www.accuratereviews.com\/it\/wp-json\/wp\/v2\/features?post=74298"}],"curies":[{"name":"wp","href":"https:\/\/api.w.org\/{rel}","templated":true}]}}