{"id":74318,"date":"2024-02-06T12:29:12","date_gmt":"2024-02-06T12:29:12","guid":{"rendered":"https:\/\/www.accuratereviews.com\/?page_id=74318"},"modified":"2024-02-06T12:29:12","modified_gmt":"2024-02-06T12:29:12","slug":"eurekos-recensione","status":"publish","type":"page","link":"https:\/\/www.accuratereviews.com\/it\/piattaforme-didattica-distanza\/eurekos-recensione\/","title":{"rendered":"Eurekos"},"content":{"rendered":"<p><strong>Eurekos<\/strong> \u00e8 un ottimo esempio di <strong>LMS<\/strong> appositamente creato che coinvolge i clienti durante l&#8217;intero<strong> percorso di apprendimento<\/strong>, dalla prevendita all&#8217;onboarding, e tutto il resto. Gli utenti beneficiano di una suite di strumenti solo per il pubblico esterno. Il programma ha tutto il necessario per un onboarding rapido, certificazioni avanzate, eCommerce, portali brand illimitati, strutture organizzative complesse e sviluppo di contenuti integrati.<\/p>\n<h2>EUREKOS &#8211; TUTORIAL<\/h2>\n<div id=\"fluid-wrapper-counter-1\" class=\"g1-fluid-wrapper \" style=\"width:686px;\">\n<div style=\"padding-bottom:56.268221574344%;\"><iframe loading=\"lazy\" title=\"Eurekos release 10\" width=\"686\" height=\"386\" src=\"https:\/\/www.youtube.com\/embed\/QImYT0TPn3E?feature=oembed&amp;wmode=transparent&amp;autohide=1&amp;autoplay=0&amp;disablekb=0&amp;fs=1&amp;loop=0&amp;enablejsapi=1&amp;rel=0&amp;controls=2&amp;showinfo=0&amp;wmode=transparent&amp;autohide=2&amp;autoplay=0&amp;disablekb=0&amp;fs=1&amp;loop=0&amp;enablejsapi=1&amp;rel=0&amp;controls=2&amp;showinfo=1\" frameborder=\"0\" allow=\"accelerometer; autoplay; clipboard-write; encrypted-media; gyroscope; picture-in-picture; web-share\" allowfullscreen><\/iframe><\/div>\n<\/div>\n<h3>EUREKOS &#8211; CARATTERISTICHE<\/h3>\n<ul>\n<li>Learning Journey offre a clienti e partner un percorso guidato per padroneggiare i prodotti.<\/li>\n<li>Gli strumenti di certificazione avanzati semplificano la gestione di programmi di certificazione complessi.<\/li>\n<li>I portali brandizzati offrono la possibilit\u00e0 di offrire ambienti di formazione unici a un numero illimitato di clienti, ciascuno con i propri cataloghi di contenuti personalizzati, ecommerce, SSO, integrazioni e persino branding. Questo \u00e8 unico nel settore e aumenta il coinvolgimento senza costi aggiuntivi per te.<\/li>\n<li>La creazione di corsi nativi ti d\u00e0 la possibilit\u00e0 di creare facilmente contenuti interattivi che coinvolgono clienti e partner. Sono disponibili oltre 40 strumenti di apprendimento interattivi personalizzabili per la creazione di corsi semplice e veloce. Puoi creare corsi ricchi senza mai lasciare il tuo LMS.<\/li>\n<li>Il motore di onboarding intelligente accelera l&#8217;adozione dei prodotti e aumenta la soddisfazione.<\/li>\n<li>La potente soluzione di ecommerce \u00e8 sufficientemente flessibile da combinare e abbinare modelli di ecommerce per vari gruppi. Configura la tua vetrina per contenuti gratuiti o a pagamento. Utilizza fornitori di servizi di pagamento sicuri, gestisci pi\u00f9 valute, abilita coupon e offri manuali e materiali insieme al catalogo dei corsi.<\/li>\n<li>La soluzione dispone di integrazioni native con i principali sistemi SaaS a livello mondiale. Ottieni il meglio da entrambi i mondi con integrazioni native perfette per le principali piattaforme SaaS del mondo. Connetti Eurekos a Salesforce, qualsiasi tipo di tecnologia SSO, software Google e Microsoft, Adobe Connect, Zoom, il tuo portale clienti e altri software con Open API.<\/li>\n<li>Supporta oltre 100 lingue con un&#8217;interfaccia di traduzione integrata che semplifica la navigazione localizzata per qualsiasi pubblico. Potrai personalizzare qualsiasi cosa, dai pulsanti, ai messaggi e alle notifiche, per parlare la lingua madre dei tuoi clienti, partner di canale e dipendenti.<\/li>\n<li>La sicurezza ermetica garantisce una tranquillit\u00e0 imbattibile.<\/li>\n<\/ul>\n<h4>LE RECENSIONI DEGLI UTENTI<\/h4>\n<p><strong>Pasi &#8220;Piattaforma di eLearning potente e facile da usare per la distribuzione di corsi sia interni che esterni&#8221;<\/strong><br \/>\n<strong>Commenti<\/strong>: La nostra azienda ha scelto Eurekos per offrire formazione online su un&#8217;ampia gamma di argomenti: politiche\/linee guida interne, prodotti e tecnologia correlata. Offre un&#8217;interfaccia intuitiva e di facile apprendimento per la creazione di corsi, aiutando diversi dipartimenti (conformit\u00e0, tecnico, marketing, risorse umane) a creare corsi pertinenti per un&#8217;ampia gamma di esigenze. Nel complesso si tratta di una piattaforma di eLearning ben progettata e ricca di funzionalit\u00e0 con un supporto fantastico.<br \/>\n<strong>Pro<\/strong>: Strumenti e funzionalit\u00e0 ben progettati per amministratori e progettisti di corsi. Layout semplice e intuitivo che fornisce una piattaforma efficiente per distribuire e aggiornare i corsi, monitorare la partecipazione ai corsi e altro ancora. Un&#8217;ampia gamma di funzionalit\u00e0 per incorporare contenuti nelle pagine del corso &#8211; ad esempio immagini, video, collegamenti esterni, oggetti H5P, codice HTML. I layout di pagina del corso disponibili garantiscono struttura e chiarezza per un&#8217;esperienza di apprendimento online ottimale.<br \/>\n<strong>Contro<\/strong>: Sarebbe bello vedere ancora pi\u00f9 layout di pagina e opzioni creative disponibili.<\/p>\n<p><strong>Amanda &#8220;5 stelle!&#8221;<\/strong><br \/>\n<strong>Pro<\/strong>: Utilizzo Eurekos LMS ormai da alcuni mesi e sono molto soddisfatto delle sue funzionalit\u00e0, della sua facilit\u00e0 d&#8217;uso e, soprattutto, del servizio clienti. Questa piattaforma \u00e8 stata facile da apprendere e chiara nel modo in cui siamo in grado di caricare contenuti. L&#8217;interfaccia intuitiva rende la creazione del corso molto semplice e apprezzo il numero di tipi di contenuti che supporta. Inoltre, essere in grado di analizzare i progressi degli studenti \u00e8 fantastico ed \u00e8 una caratteristica forte di Eurekos. Il team di Eurekos \u00e8 stato estremamente incredibilmente disponibile ogni volta che abbiamo avuto bisogno di aiuto. Nel complesso, Eurekos LMS \u00e8 una soluzione di prim&#8217;ordine che ha semplificato e migliorato i nostri processi di formazione e l&#8217;esperienza degli studenti.<br \/>\n<strong>Contro<\/strong>: Mancanza di capacit\u00e0 di personalizzazione, impossibilit\u00e0 di caricare PDFSMinimal App integrate H5P<\/p>\n<p><strong>Amy &#8220;Pensare al futuro per soddisfare le esigenze di apprendimento odierne e quelle in evoluzione&#8221;<\/strong><br \/>\n<strong>Commenti<\/strong>: Partnership positiva e altamente reattiva. Trasparenza sulla tabella di marcia e ti d\u00e0 piena autonomia su quali aggiornamenti accettare e quando verranno pubblicati.<br \/>\n<strong>Pro<\/strong>: Ottima soluzione per la gestione dell&#8217;apprendimento di terze parti o dei clienti. Veri partner che continuano a evolvere le funzionalit\u00e0 del sistema per adattarsi agli studenti di oggi e del futuro. Prima di molti altri sistemi nella loro capacit\u00e0 di fare questo. Una delle cose pi\u00f9 importanti che sottolineo agli altri della mia esperienza con Eurekos \u00e8 questa squadra. Mantengo la mia dichiarazione secondo cui &#8220;non troverai un team pi\u00f9 reattivo e di supporto attraverso un sistema di ticket&#8221;. Supporto in evoluzione e allineamento agli standard del settore, ad esempio xAPI.<br \/>\n<strong>Contro<\/strong>: Con l&#8217;evoluzione arriva la necessit\u00e0 di rimanere al passo con i test. Il supporto in caso di intoppi \u00e8 eccezionale.<\/p>\n","protected":false},"excerpt":{"rendered":"<p>Eurekos \u00e8 un ottimo esempio di LMS appositamente creato che coinvolge i clienti durante l&#8217;intero percorso di apprendimento, dalla prevendita all&#8217;onboarding, e tutto il resto. Gli utenti beneficiano di una suite di strumenti solo per il pubblico esterno.<\/p>\n","protected":false},"author":19,"featured_media":74320,"parent":30279,"menu_order":0,"comment_status":"open","ping_status":"closed","template":"g1_template_page_review_new.php","meta":{"_acf_changed":false,"cwp_meta_box_check":"Yes","cwp_rev_product_name":"","cwp_rev_product_image":"","wppr_links":[],"cwp_rev_price":"0.00","wppr_options":[{"name":"Usability","value":"0"},{"name":"Speed","value":"0"},{"name":"Features","value":"0"},{"name":"Support","value":"0"},{"name":"Pricing","value":"0"}],"wppr_pros":["","","","",""],"wppr_cons":["","","","",""],"_monsterinsights_skip_tracking":false,"_monsterinsights_sitenote_active":false,"_monsterinsights_sitenote_note":"","_monsterinsights_sitenote_category":0,"footnotes":""},"categories":[3634],"tags":[14923,5100,14922,3661,3660,3659,3658],"features":[],"class_list":{"0":"post-74318","1":"page","2":"type-page","3":"status-publish","4":"has-post-thumbnail","6":"category-piattaforme-per-la-didattica-a-distanza-categoria","7":"tag-daniela-gambetta","8":"tag-didattica-a-distanza","9":"tag-eurekos","10":"tag-piattaforma-didattica-a-distanza","11":"tag-programma-didattica-a-distanza","12":"tag-software-didattica-a-distanza","13":"tag-soluzione-didattica-a-distanza"},"wppr_data":{"cwp_meta_box_check":"Yes","_wppr_review_template":"default","cwp_rev_product_image":"","cwp_image_link":"image","wppr_links":[],"cwp_rev_price":"0.00","wppr_pros":["","","","",""],"wppr_cons":["","","","",""],"wppr_rating":"0.00","wppr_options":{"1":{"name":"Usability","value":"0"},"2":{"name":"Speed","value":"0"},"3":{"name":"Features","value":"0"},"4":{"name":"Support","value":"0"},"5":{"name":"Pricing","value":"0"}},"wppr_review_type":"Product","wppr_review_custom_fields":{"additionalProperty":"","additionalType":"","aggregateRating":"","alternateName":"","audience":"","award":"","awards":"","brand":"","color":"","depth":"","description":"","disambiguatingDescription":"","gtin12":"","gtin13":"","gtin14":"","gtin8":"","height":"","identifier":"","image":"","isAccessoryOrSparePartFor":"","isConsumableFor":"","isRelatedTo":"","isSimilarTo":"","itemCondition":"","logo":"","mainEntityOfPage":"","manufacturer":"","material":"","model":"","mpn":"","name":"","offers":"","potentialAction":"","productID":"","productionDate":"","purchaseDate":"","releaseDate":"","review":"","reviews":"","sameAs":"","sku":"","slogan":"","subjectOf":"","url":"","weight":"","width":""}},"acf":[],"yoast_head":"<!-- This site is optimized with the Yoast SEO plugin v27.4 - https:\/\/yoast.com\/product\/yoast-seo-wordpress\/ -->\n<title>Eurekos: recensione software didattica a distanza - Accurate Reviews<\/title>\n<meta name=\"description\" content=\"Eurekos: recensione soluzione che coinvolge i clienti durante il percorso di apprendimento, dalla prevendita all&#039;onboarding e molto altro.\" \/>\n<meta name=\"robots\" content=\"index, follow, max-snippet:-1, max-image-preview:large, max-video-preview:-1\" \/>\n<link rel=\"canonical\" href=\"https:\/\/www.accuratereviews.com\/it\/piattaforme-didattica-distanza\/eurekos-recensione\/\" \/>\n<meta property=\"og:locale\" content=\"it_IT\" \/>\n<meta property=\"og:type\" content=\"article\" \/>\n<meta property=\"og:title\" content=\"Eurekos: recensione software didattica a distanza - Accurate Reviews\" \/>\n<meta property=\"og:description\" content=\"Eurekos: recensione soluzione che coinvolge i clienti durante il percorso di apprendimento, dalla prevendita all&#039;onboarding e molto altro.\" \/>\n<meta property=\"og:url\" content=\"https:\/\/www.accuratereviews.com\/it\/piattaforme-didattica-distanza\/eurekos-recensione\/\" \/>\n<meta property=\"og:site_name\" content=\"Accurate Reviews\" \/>\n<meta property=\"og:image\" content=\"https:\/\/www.accuratereviews.com\/wp-content\/uploads\/2024\/02\/Eurekos.jpeg\" \/>\n\t<meta property=\"og:image:width\" content=\"600\" \/>\n\t<meta property=\"og:image:height\" content=\"315\" \/>\n\t<meta property=\"og:image:type\" content=\"image\/jpeg\" \/>\n<meta name=\"twitter:card\" content=\"summary_large_image\" \/>\n<meta name=\"twitter:label1\" content=\"Tempo di lettura stimato\" \/>\n\t<meta name=\"twitter:data1\" content=\"5 minuti\" \/>\n<script type=\"application\/ld+json\" class=\"yoast-schema-graph\">{\"@context\":\"https:\\\/\\\/schema.org\",\"@graph\":[{\"@type\":\"WebPage\",\"@id\":\"https:\\\/\\\/www.accuratereviews.com\\\/it\\\/piattaforme-didattica-distanza\\\/eurekos-recensione\\\/\",\"url\":\"https:\\\/\\\/www.accuratereviews.com\\\/it\\\/piattaforme-didattica-distanza\\\/eurekos-recensione\\\/\",\"name\":\"Eurekos: recensione software didattica a distanza - Accurate Reviews\",\"isPartOf\":{\"@id\":\"https:\\\/\\\/www.accuratereviews.com\\\/it\\\/#website\"},\"primaryImageOfPage\":{\"@id\":\"https:\\\/\\\/www.accuratereviews.com\\\/it\\\/piattaforme-didattica-distanza\\\/eurekos-recensione\\\/#primaryimage\"},\"image\":{\"@id\":\"https:\\\/\\\/www.accuratereviews.com\\\/it\\\/piattaforme-didattica-distanza\\\/eurekos-recensione\\\/#primaryimage\"},\"thumbnailUrl\":\"https:\\\/\\\/www.accuratereviews.com\\\/wp-content\\\/uploads\\\/2024\\\/02\\\/Eurekos.jpeg\",\"datePublished\":\"2024-02-06T12:29:12+00:00\",\"description\":\"Eurekos: recensione soluzione che coinvolge i clienti durante il percorso di apprendimento, dalla prevendita all'onboarding e molto altro.\",\"breadcrumb\":{\"@id\":\"https:\\\/\\\/www.accuratereviews.com\\\/it\\\/piattaforme-didattica-distanza\\\/eurekos-recensione\\\/#breadcrumb\"},\"inLanguage\":\"it-IT\",\"potentialAction\":[{\"@type\":\"ReadAction\",\"target\":[\"https:\\\/\\\/www.accuratereviews.com\\\/it\\\/piattaforme-didattica-distanza\\\/eurekos-recensione\\\/\"]}]},{\"@type\":\"ImageObject\",\"inLanguage\":\"it-IT\",\"@id\":\"https:\\\/\\\/www.accuratereviews.com\\\/it\\\/piattaforme-didattica-distanza\\\/eurekos-recensione\\\/#primaryimage\",\"url\":\"https:\\\/\\\/www.accuratereviews.com\\\/wp-content\\\/uploads\\\/2024\\\/02\\\/Eurekos.jpeg\",\"contentUrl\":\"https:\\\/\\\/www.accuratereviews.com\\\/wp-content\\\/uploads\\\/2024\\\/02\\\/Eurekos.jpeg\",\"width\":600,\"height\":315},{\"@type\":\"BreadcrumbList\",\"@id\":\"https:\\\/\\\/www.accuratereviews.com\\\/it\\\/piattaforme-didattica-distanza\\\/eurekos-recensione\\\/#breadcrumb\",\"itemListElement\":[{\"@type\":\"ListItem\",\"position\":1,\"name\":\"Home\",\"item\":\"https:\\\/\\\/www.accuratereviews.com\\\/it\\\/\"},{\"@type\":\"ListItem\",\"position\":2,\"name\":\"Piattaforme per la didattica a distanza\",\"item\":\"https:\\\/\\\/www.accuratereviews.com\\\/it\\\/piattaforme-didattica-distanza\\\/\"},{\"@type\":\"ListItem\",\"position\":3,\"name\":\"Eurekos\"}]},{\"@type\":\"WebSite\",\"@id\":\"https:\\\/\\\/www.accuratereviews.com\\\/it\\\/#website\",\"url\":\"https:\\\/\\\/www.accuratereviews.com\\\/it\\\/\",\"name\":\"Accurate Reviews\",\"description\":\"\",\"potentialAction\":[{\"@type\":\"SearchAction\",\"target\":{\"@type\":\"EntryPoint\",\"urlTemplate\":\"https:\\\/\\\/www.accuratereviews.com\\\/it\\\/?s={search_term_string}\"},\"query-input\":{\"@type\":\"PropertyValueSpecification\",\"valueRequired\":true,\"valueName\":\"search_term_string\"}}],\"inLanguage\":\"it-IT\"}]}<\/script>\n<!-- \/ Yoast SEO plugin. -->","yoast_head_json":{"title":"Eurekos: recensione software didattica a distanza - Accurate Reviews","description":"Eurekos: recensione soluzione che coinvolge i clienti durante il percorso di apprendimento, dalla prevendita all'onboarding e molto altro.","robots":{"index":"index","follow":"follow","max-snippet":"max-snippet:-1","max-image-preview":"max-image-preview:large","max-video-preview":"max-video-preview:-1"},"canonical":"https:\/\/www.accuratereviews.com\/it\/piattaforme-didattica-distanza\/eurekos-recensione\/","og_locale":"it_IT","og_type":"article","og_title":"Eurekos: recensione software didattica a distanza - Accurate Reviews","og_description":"Eurekos: recensione soluzione che coinvolge i clienti durante il percorso di apprendimento, dalla prevendita all'onboarding e molto altro.","og_url":"https:\/\/www.accuratereviews.com\/it\/piattaforme-didattica-distanza\/eurekos-recensione\/","og_site_name":"Accurate Reviews","og_image":[{"width":600,"height":315,"url":"https:\/\/www.accuratereviews.com\/wp-content\/uploads\/2024\/02\/Eurekos.jpeg","type":"image\/jpeg"}],"twitter_card":"summary_large_image","twitter_misc":{"Tempo di lettura stimato":"5 minuti"},"schema":{"@context":"https:\/\/schema.org","@graph":[{"@type":"WebPage","@id":"https:\/\/www.accuratereviews.com\/it\/piattaforme-didattica-distanza\/eurekos-recensione\/","url":"https:\/\/www.accuratereviews.com\/it\/piattaforme-didattica-distanza\/eurekos-recensione\/","name":"Eurekos: recensione software didattica a distanza - Accurate Reviews","isPartOf":{"@id":"https:\/\/www.accuratereviews.com\/it\/#website"},"primaryImageOfPage":{"@id":"https:\/\/www.accuratereviews.com\/it\/piattaforme-didattica-distanza\/eurekos-recensione\/#primaryimage"},"image":{"@id":"https:\/\/www.accuratereviews.com\/it\/piattaforme-didattica-distanza\/eurekos-recensione\/#primaryimage"},"thumbnailUrl":"https:\/\/www.accuratereviews.com\/wp-content\/uploads\/2024\/02\/Eurekos.jpeg","datePublished":"2024-02-06T12:29:12+00:00","description":"Eurekos: recensione soluzione che coinvolge i clienti durante il percorso di apprendimento, dalla prevendita all'onboarding e molto altro.","breadcrumb":{"@id":"https:\/\/www.accuratereviews.com\/it\/piattaforme-didattica-distanza\/eurekos-recensione\/#breadcrumb"},"inLanguage":"it-IT","potentialAction":[{"@type":"ReadAction","target":["https:\/\/www.accuratereviews.com\/it\/piattaforme-didattica-distanza\/eurekos-recensione\/"]}]},{"@type":"ImageObject","inLanguage":"it-IT","@id":"https:\/\/www.accuratereviews.com\/it\/piattaforme-didattica-distanza\/eurekos-recensione\/#primaryimage","url":"https:\/\/www.accuratereviews.com\/wp-content\/uploads\/2024\/02\/Eurekos.jpeg","contentUrl":"https:\/\/www.accuratereviews.com\/wp-content\/uploads\/2024\/02\/Eurekos.jpeg","width":600,"height":315},{"@type":"BreadcrumbList","@id":"https:\/\/www.accuratereviews.com\/it\/piattaforme-didattica-distanza\/eurekos-recensione\/#breadcrumb","itemListElement":[{"@type":"ListItem","position":1,"name":"Home","item":"https:\/\/www.accuratereviews.com\/it\/"},{"@type":"ListItem","position":2,"name":"Piattaforme per la didattica a distanza","item":"https:\/\/www.accuratereviews.com\/it\/piattaforme-didattica-distanza\/"},{"@type":"ListItem","position":3,"name":"Eurekos"}]},{"@type":"WebSite","@id":"https:\/\/www.accuratereviews.com\/it\/#website","url":"https:\/\/www.accuratereviews.com\/it\/","name":"Accurate Reviews","description":"","potentialAction":[{"@type":"SearchAction","target":{"@type":"EntryPoint","urlTemplate":"https:\/\/www.accuratereviews.com\/it\/?s={search_term_string}"},"query-input":{"@type":"PropertyValueSpecification","valueRequired":true,"valueName":"search_term_string"}}],"inLanguage":"it-IT"}]}},"_links":{"self":[{"href":"https:\/\/www.accuratereviews.com\/it\/wp-json\/wp\/v2\/pages\/74318","targetHints":{"allow":["GET"]}}],"collection":[{"href":"https:\/\/www.accuratereviews.com\/it\/wp-json\/wp\/v2\/pages"}],"about":[{"href":"https:\/\/www.accuratereviews.com\/it\/wp-json\/wp\/v2\/types\/page"}],"author":[{"embeddable":true,"href":"https:\/\/www.accuratereviews.com\/it\/wp-json\/wp\/v2\/users\/19"}],"replies":[{"embeddable":true,"href":"https:\/\/www.accuratereviews.com\/it\/wp-json\/wp\/v2\/comments?post=74318"}],"version-history":[{"count":7,"href":"https:\/\/www.accuratereviews.com\/it\/wp-json\/wp\/v2\/pages\/74318\/revisions"}],"predecessor-version":[{"id":74332,"href":"https:\/\/www.accuratereviews.com\/it\/wp-json\/wp\/v2\/pages\/74318\/revisions\/74332"}],"up":[{"embeddable":true,"href":"https:\/\/www.accuratereviews.com\/it\/wp-json\/wp\/v2\/pages\/30279"}],"wp:featuredmedia":[{"embeddable":true,"href":"https:\/\/www.accuratereviews.com\/it\/wp-json\/wp\/v2\/media\/74320"}],"wp:attachment":[{"href":"https:\/\/www.accuratereviews.com\/it\/wp-json\/wp\/v2\/media?parent=74318"}],"wp:term":[{"taxonomy":"category","embeddable":true,"href":"https:\/\/www.accuratereviews.com\/it\/wp-json\/wp\/v2\/categories?post=74318"},{"taxonomy":"post_tag","embeddable":true,"href":"https:\/\/www.accuratereviews.com\/it\/wp-json\/wp\/v2\/tags?post=74318"},{"taxonomy":"features","embeddable":true,"href":"https:\/\/www.accuratereviews.com\/it\/wp-json\/wp\/v2\/features?post=74318"}],"curies":[{"name":"wp","href":"https:\/\/api.w.org\/{rel}","templated":true}]}}