{"id":7434,"date":"2017-01-19T09:35:13","date_gmt":"2017-01-19T09:35:13","guid":{"rendered":"http:\/\/www.accuratereviews.com\/?page_id=7434\/"},"modified":"2019-06-04T14:52:45","modified_gmt":"2019-06-04T14:52:45","slug":"avira-free-antivirus-for-mac","status":"publish","type":"page","link":"https:\/\/www.accuratereviews.com\/it\/antivirus-per-mac-lista-software\/avira-free-antivirus-for-mac\/","title":{"rendered":"Avira Free Antivirus for Mac"},"content":{"rendered":"<p><a href=\"http:\/\/www.accuratereviews.com\/wp-content\/uploads\/2016\/03\/Schermata-2016-03-21-alle-12.31.45.png\" rel=\"attachment wp-att-3796\"><img loading=\"lazy\" decoding=\"async\" class=\"aligncenter size-full wp-image-3796\" src=\"http:\/\/www.accuratereviews.com\/wp-content\/uploads\/2016\/03\/Schermata-2016-03-21-alle-12.31.45.png\" alt=\"Avira Free Antivirus For Mac\" width=\"1112\" height=\"1280\" srcset=\"https:\/\/www.accuratereviews.com\/wp-content\/uploads\/2016\/03\/Schermata-2016-03-21-alle-12.31.45.png 1112w, https:\/\/www.accuratereviews.com\/wp-content\/uploads\/2016\/03\/Schermata-2016-03-21-alle-12.31.45-261x300.png 261w, https:\/\/www.accuratereviews.com\/wp-content\/uploads\/2016\/03\/Schermata-2016-03-21-alle-12.31.45-768x884.png 768w, https:\/\/www.accuratereviews.com\/wp-content\/uploads\/2016\/03\/Schermata-2016-03-21-alle-12.31.45-890x1024.png 890w, https:\/\/www.accuratereviews.com\/wp-content\/uploads\/2016\/03\/Schermata-2016-03-21-alle-12.31.45-109x125.png 109w, https:\/\/www.accuratereviews.com\/wp-content\/uploads\/2016\/03\/Schermata-2016-03-21-alle-12.31.45-43x50.png 43w, https:\/\/www.accuratereviews.com\/wp-content\/uploads\/2016\/03\/Schermata-2016-03-21-alle-12.31.45-968x1114.png 968w, https:\/\/www.accuratereviews.com\/wp-content\/uploads\/2016\/03\/Schermata-2016-03-21-alle-12.31.45-636x732.png 636w, https:\/\/www.accuratereviews.com\/wp-content\/uploads\/2016\/03\/Schermata-2016-03-21-alle-12.31.45-320x368.png 320w, https:\/\/www.accuratereviews.com\/wp-content\/uploads\/2016\/03\/Schermata-2016-03-21-alle-12.31.45-239x275.png 239w\" sizes=\"auto, (max-width: 1112px) 100vw, 1112px\" \/><\/a><\/p>\n<p><strong>Avira Free Antivirus per Mac \u00e8 un ottimo esempio di antivirus per Mac gratuito che garantisce un\u2019ottima esperienza d\u2019uso e un rilevamento dei malware perfetto<\/strong>. Avira Free Antivirus per Mac pu\u00f2 riconoscere senza problemi il 100% di malware all\u2019accesso o all\u2019esecuzione, o file di codice malevolo riconosciuto come attivo e in esecuzione durante una scansione.<\/p>\n<p>Come Avast Free Mac Security, <strong>Avira Free Antivirus per Mac \u00e8 impostato completamente sulla ricerca del malware, e non offre tante altre funzionalit\u00e0<\/strong>. L\u2019interfaccia utente dell\u2019antivirus \u00e8 chiara, assomiglia a un\u2019interfaccia mobile e user-friendly: tutto quello che dovrete fare \u00e8 scegliere se effettuare subito una scansione, programmarla, oppure controllare l\u2019area di quarantena dove vengono spostati i file dannosi, quando trovati. Le impostazioni vi permettono di scegliere se cancellare immediatamente i malware oppure spostarli in quarantena, e se scansionare i file archiviati o meno.<\/p>\n<p><strong>Durante le scansioni, potete verificare il conteggio dei file controllati, e vedrete una barra di progresso<\/strong>. Diversamente da Avast, Avira Free Antivirus per Mac vi permette di programmare le scansioni. Potete scegliere se effettuare una scansione in momenti stabiliti, per mantenere il vostro Mac privo di infezioni. Si pu\u00f2 limitare una scansione veloce su file potenzialmente pericolosi o una scansione dell\u2019intero computer. \u00c8 anche possibile scegliere di scansionare una cartella o \u201cCritical Locations\u201d. <strong>Una scansione dell\u2019intero computer avr\u00e0 un impatto sulle performance del vostro Mac. La scansione veloce \u00e8 pi\u00f9 leggera, invece<\/strong>.<\/p>\n<p><strong>Un\u2019estensione chiamata Avira\u2019s Browser Safety \u00e8 disponibile per Chrome, Opera e Firefox<\/strong>: durante la navigazione controlla i siti sospetti e tiene d\u2019occhio le aziende che tracciano il vostro comportamento, permettendovi di bloccarle se volete.<\/p>\n<p>Avira Free Antivirus per Mac \u00e8 gratuito per sempre.<\/p>\n","protected":false},"excerpt":{"rendered":"<p>Avira Free Antivirus per Mac \u00e8 un ottimo esempio di antivirus per Mac gratuito che garantisce un\u2019ottima esperienza d\u2019uso e un rilevamento dei malware perfetto. Avira Free Antivirus per Mac pu\u00f2 riconoscere senza problemi il 100% di malware all\u2019accesso o all\u2019esecuzione, o file di codice malevolo riconosciuto come attivo e in esecuzione durante una scansione.<\/p>\n","protected":false},"author":16,"featured_media":0,"parent":7443,"menu_order":6,"comment_status":"open","ping_status":"closed","template":"g1_template_page_review_new.php","meta":{"_acf_changed":false,"cwp_meta_box_check":"Yes","cwp_rev_product_name":"","cwp_rev_product_image":"","wppr_links":[],"cwp_rev_price":"","wppr_options":[],"wppr_pros":[],"wppr_cons":[],"_monsterinsights_skip_tracking":false,"_monsterinsights_sitenote_active":false,"_monsterinsights_sitenote_note":"","_monsterinsights_sitenote_category":0,"footnotes":""},"categories":[166],"tags":[713,717,715,718,716,714],"features":[],"class_list":{"0":"post-7434","1":"page","2":"type-page","3":"status-publish","5":"category-antivirus-mac-it","6":"tag-malware","7":"tag-programma-antivirus-gratuito","8":"tag-programma-antivirus-per-mac","9":"tag-scansione","10":"tag-software-antivirus-gratuito","11":"tag-software-antivirus-per-mac"},"wppr_data":{"cwp_meta_box_check":"Yes","cwp_rev_product_name":"","cwp_rev_product_image":"","cwp_image_link":"image","cwp_rev_price":"","wppr_rating":"0.00"},"acf":[],"yoast_head":"<!-- This site is optimized with the Yoast SEO plugin v27.4 - https:\/\/yoast.com\/product\/yoast-seo-wordpress\/ -->\n<title>Avira Free miglior antivirus for Mac | Accurate Reviews<\/title>\n<meta name=\"description\" content=\"Avira Free Antivirus per Mac \u00e8 un antivirus per Mac gratuito che garantisce un\u2019ottima esperienza d\u2019uso e un rilevamento dei malware perfetto.\" \/>\n<meta name=\"robots\" content=\"index, follow, max-snippet:-1, max-image-preview:large, max-video-preview:-1\" \/>\n<link rel=\"canonical\" href=\"https:\/\/www.accuratereviews.com\/it\/antivirus-per-mac-lista-software\/avira-free-antivirus-for-mac\/\" \/>\n<meta property=\"og:locale\" content=\"it_IT\" \/>\n<meta property=\"og:type\" content=\"article\" \/>\n<meta property=\"og:title\" content=\"Avira Free miglior antivirus for Mac | Accurate Reviews\" \/>\n<meta property=\"og:description\" content=\"Avira Free Antivirus per Mac \u00e8 un antivirus per Mac gratuito che garantisce un\u2019ottima esperienza d\u2019uso e un rilevamento dei malware perfetto.\" \/>\n<meta property=\"og:url\" content=\"https:\/\/www.accuratereviews.com\/it\/antivirus-per-mac-lista-software\/avira-free-antivirus-for-mac\/\" \/>\n<meta property=\"og:site_name\" content=\"Accurate Reviews\" \/>\n<meta property=\"article:modified_time\" content=\"2019-06-04T14:52:45+00:00\" \/>\n<meta property=\"og:image\" content=\"http:\/\/www.accuratereviews.com\/wp-content\/uploads\/2016\/03\/Schermata-2016-03-21-alle-12.31.45.png\" \/>\n<meta name=\"twitter:card\" content=\"summary_large_image\" \/>\n<meta name=\"twitter:label1\" content=\"Tempo di lettura stimato\" \/>\n\t<meta name=\"twitter:data1\" content=\"1 minuto\" \/>\n<script type=\"application\/ld+json\" class=\"yoast-schema-graph\">{\"@context\":\"https:\\\/\\\/schema.org\",\"@graph\":[{\"@type\":\"WebPage\",\"@id\":\"https:\\\/\\\/www.accuratereviews.com\\\/it\\\/antivirus-per-mac-lista-software\\\/avira-free-antivirus-for-mac\\\/\",\"url\":\"https:\\\/\\\/www.accuratereviews.com\\\/it\\\/antivirus-per-mac-lista-software\\\/avira-free-antivirus-for-mac\\\/\",\"name\":\"Avira Free miglior antivirus for Mac | Accurate Reviews\",\"isPartOf\":{\"@id\":\"https:\\\/\\\/www.accuratereviews.com\\\/it\\\/#website\"},\"primaryImageOfPage\":{\"@id\":\"https:\\\/\\\/www.accuratereviews.com\\\/it\\\/antivirus-per-mac-lista-software\\\/avira-free-antivirus-for-mac\\\/#primaryimage\"},\"image\":{\"@id\":\"https:\\\/\\\/www.accuratereviews.com\\\/it\\\/antivirus-per-mac-lista-software\\\/avira-free-antivirus-for-mac\\\/#primaryimage\"},\"thumbnailUrl\":\"http:\\\/\\\/www.accuratereviews.com\\\/wp-content\\\/uploads\\\/2016\\\/03\\\/Schermata-2016-03-21-alle-12.31.45.png\",\"datePublished\":\"2017-01-19T09:35:13+00:00\",\"dateModified\":\"2019-06-04T14:52:45+00:00\",\"description\":\"Avira Free Antivirus per Mac \u00e8 un antivirus per Mac gratuito che garantisce un\u2019ottima esperienza d\u2019uso e un rilevamento dei malware perfetto.\",\"breadcrumb\":{\"@id\":\"https:\\\/\\\/www.accuratereviews.com\\\/it\\\/antivirus-per-mac-lista-software\\\/avira-free-antivirus-for-mac\\\/#breadcrumb\"},\"inLanguage\":\"it-IT\",\"potentialAction\":[{\"@type\":\"ReadAction\",\"target\":[\"https:\\\/\\\/www.accuratereviews.com\\\/it\\\/antivirus-per-mac-lista-software\\\/avira-free-antivirus-for-mac\\\/\"]}]},{\"@type\":\"ImageObject\",\"inLanguage\":\"it-IT\",\"@id\":\"https:\\\/\\\/www.accuratereviews.com\\\/it\\\/antivirus-per-mac-lista-software\\\/avira-free-antivirus-for-mac\\\/#primaryimage\",\"url\":\"http:\\\/\\\/www.accuratereviews.com\\\/wp-content\\\/uploads\\\/2016\\\/03\\\/Schermata-2016-03-21-alle-12.31.45.png\",\"contentUrl\":\"http:\\\/\\\/www.accuratereviews.com\\\/wp-content\\\/uploads\\\/2016\\\/03\\\/Schermata-2016-03-21-alle-12.31.45.png\"},{\"@type\":\"BreadcrumbList\",\"@id\":\"https:\\\/\\\/www.accuratereviews.com\\\/it\\\/antivirus-per-mac-lista-software\\\/avira-free-antivirus-for-mac\\\/#breadcrumb\",\"itemListElement\":[{\"@type\":\"ListItem\",\"position\":1,\"name\":\"Home\",\"item\":\"https:\\\/\\\/www.accuratereviews.com\\\/it\\\/\"},{\"@type\":\"ListItem\",\"position\":2,\"name\":\"Antivirus per Mac\",\"item\":\"https:\\\/\\\/www.accuratereviews.com\\\/it\\\/antivirus-per-mac-lista-software\\\/\"},{\"@type\":\"ListItem\",\"position\":3,\"name\":\"Avira Free Antivirus for Mac\"}]},{\"@type\":\"WebSite\",\"@id\":\"https:\\\/\\\/www.accuratereviews.com\\\/it\\\/#website\",\"url\":\"https:\\\/\\\/www.accuratereviews.com\\\/it\\\/\",\"name\":\"Accurate Reviews\",\"description\":\"\",\"potentialAction\":[{\"@type\":\"SearchAction\",\"target\":{\"@type\":\"EntryPoint\",\"urlTemplate\":\"https:\\\/\\\/www.accuratereviews.com\\\/it\\\/?s={search_term_string}\"},\"query-input\":{\"@type\":\"PropertyValueSpecification\",\"valueRequired\":true,\"valueName\":\"search_term_string\"}}],\"inLanguage\":\"it-IT\"}]}<\/script>\n<!-- \/ Yoast SEO plugin. -->","yoast_head_json":{"title":"Avira Free miglior antivirus for Mac | Accurate Reviews","description":"Avira Free Antivirus per Mac \u00e8 un antivirus per Mac gratuito che garantisce un\u2019ottima esperienza d\u2019uso e un rilevamento dei malware perfetto.","robots":{"index":"index","follow":"follow","max-snippet":"max-snippet:-1","max-image-preview":"max-image-preview:large","max-video-preview":"max-video-preview:-1"},"canonical":"https:\/\/www.accuratereviews.com\/it\/antivirus-per-mac-lista-software\/avira-free-antivirus-for-mac\/","og_locale":"it_IT","og_type":"article","og_title":"Avira Free miglior antivirus for Mac | Accurate Reviews","og_description":"Avira Free Antivirus per Mac \u00e8 un antivirus per Mac gratuito che garantisce un\u2019ottima esperienza d\u2019uso e un rilevamento dei malware perfetto.","og_url":"https:\/\/www.accuratereviews.com\/it\/antivirus-per-mac-lista-software\/avira-free-antivirus-for-mac\/","og_site_name":"Accurate Reviews","article_modified_time":"2019-06-04T14:52:45+00:00","og_image":[{"url":"http:\/\/www.accuratereviews.com\/wp-content\/uploads\/2016\/03\/Schermata-2016-03-21-alle-12.31.45.png","type":"","width":"","height":""}],"twitter_card":"summary_large_image","twitter_misc":{"Tempo di lettura stimato":"1 minuto"},"schema":{"@context":"https:\/\/schema.org","@graph":[{"@type":"WebPage","@id":"https:\/\/www.accuratereviews.com\/it\/antivirus-per-mac-lista-software\/avira-free-antivirus-for-mac\/","url":"https:\/\/www.accuratereviews.com\/it\/antivirus-per-mac-lista-software\/avira-free-antivirus-for-mac\/","name":"Avira Free miglior antivirus for Mac | Accurate Reviews","isPartOf":{"@id":"https:\/\/www.accuratereviews.com\/it\/#website"},"primaryImageOfPage":{"@id":"https:\/\/www.accuratereviews.com\/it\/antivirus-per-mac-lista-software\/avira-free-antivirus-for-mac\/#primaryimage"},"image":{"@id":"https:\/\/www.accuratereviews.com\/it\/antivirus-per-mac-lista-software\/avira-free-antivirus-for-mac\/#primaryimage"},"thumbnailUrl":"http:\/\/www.accuratereviews.com\/wp-content\/uploads\/2016\/03\/Schermata-2016-03-21-alle-12.31.45.png","datePublished":"2017-01-19T09:35:13+00:00","dateModified":"2019-06-04T14:52:45+00:00","description":"Avira Free Antivirus per Mac \u00e8 un antivirus per Mac gratuito che garantisce un\u2019ottima esperienza d\u2019uso e un rilevamento dei malware perfetto.","breadcrumb":{"@id":"https:\/\/www.accuratereviews.com\/it\/antivirus-per-mac-lista-software\/avira-free-antivirus-for-mac\/#breadcrumb"},"inLanguage":"it-IT","potentialAction":[{"@type":"ReadAction","target":["https:\/\/www.accuratereviews.com\/it\/antivirus-per-mac-lista-software\/avira-free-antivirus-for-mac\/"]}]},{"@type":"ImageObject","inLanguage":"it-IT","@id":"https:\/\/www.accuratereviews.com\/it\/antivirus-per-mac-lista-software\/avira-free-antivirus-for-mac\/#primaryimage","url":"http:\/\/www.accuratereviews.com\/wp-content\/uploads\/2016\/03\/Schermata-2016-03-21-alle-12.31.45.png","contentUrl":"http:\/\/www.accuratereviews.com\/wp-content\/uploads\/2016\/03\/Schermata-2016-03-21-alle-12.31.45.png"},{"@type":"BreadcrumbList","@id":"https:\/\/www.accuratereviews.com\/it\/antivirus-per-mac-lista-software\/avira-free-antivirus-for-mac\/#breadcrumb","itemListElement":[{"@type":"ListItem","position":1,"name":"Home","item":"https:\/\/www.accuratereviews.com\/it\/"},{"@type":"ListItem","position":2,"name":"Antivirus per Mac","item":"https:\/\/www.accuratereviews.com\/it\/antivirus-per-mac-lista-software\/"},{"@type":"ListItem","position":3,"name":"Avira Free Antivirus for Mac"}]},{"@type":"WebSite","@id":"https:\/\/www.accuratereviews.com\/it\/#website","url":"https:\/\/www.accuratereviews.com\/it\/","name":"Accurate Reviews","description":"","potentialAction":[{"@type":"SearchAction","target":{"@type":"EntryPoint","urlTemplate":"https:\/\/www.accuratereviews.com\/it\/?s={search_term_string}"},"query-input":{"@type":"PropertyValueSpecification","valueRequired":true,"valueName":"search_term_string"}}],"inLanguage":"it-IT"}]}},"_links":{"self":[{"href":"https:\/\/www.accuratereviews.com\/it\/wp-json\/wp\/v2\/pages\/7434","targetHints":{"allow":["GET"]}}],"collection":[{"href":"https:\/\/www.accuratereviews.com\/it\/wp-json\/wp\/v2\/pages"}],"about":[{"href":"https:\/\/www.accuratereviews.com\/it\/wp-json\/wp\/v2\/types\/page"}],"author":[{"embeddable":true,"href":"https:\/\/www.accuratereviews.com\/it\/wp-json\/wp\/v2\/users\/16"}],"replies":[{"embeddable":true,"href":"https:\/\/www.accuratereviews.com\/it\/wp-json\/wp\/v2\/comments?post=7434"}],"version-history":[{"count":5,"href":"https:\/\/www.accuratereviews.com\/it\/wp-json\/wp\/v2\/pages\/7434\/revisions"}],"predecessor-version":[{"id":7454,"href":"https:\/\/www.accuratereviews.com\/it\/wp-json\/wp\/v2\/pages\/7434\/revisions\/7454"}],"up":[{"embeddable":true,"href":"https:\/\/www.accuratereviews.com\/it\/wp-json\/wp\/v2\/pages\/7443"}],"wp:attachment":[{"href":"https:\/\/www.accuratereviews.com\/it\/wp-json\/wp\/v2\/media?parent=7434"}],"wp:term":[{"taxonomy":"category","embeddable":true,"href":"https:\/\/www.accuratereviews.com\/it\/wp-json\/wp\/v2\/categories?post=7434"},{"taxonomy":"post_tag","embeddable":true,"href":"https:\/\/www.accuratereviews.com\/it\/wp-json\/wp\/v2\/tags?post=7434"},{"taxonomy":"features","embeddable":true,"href":"https:\/\/www.accuratereviews.com\/it\/wp-json\/wp\/v2\/features?post=7434"}],"curies":[{"name":"wp","href":"https:\/\/api.w.org\/{rel}","templated":true}]}}