{"id":74360,"date":"2024-02-08T13:59:00","date_gmt":"2024-02-08T13:59:00","guid":{"rendered":"https:\/\/www.accuratereviews.com\/?page_id=74360"},"modified":"2024-02-08T13:59:00","modified_gmt":"2024-02-08T13:59:00","slug":"bigbluebutton-recensione","status":"publish","type":"page","link":"https:\/\/www.accuratereviews.com\/it\/piattaforme-didattica-distanza\/bigbluebutton-recensione\/","title":{"rendered":"BigBlueButton"},"content":{"rendered":"<p><strong>BigBlueButton<\/strong> \u00e8 un <strong>software di collaborazione<\/strong> web <strong>open source<\/strong> utilizzato dalle organizzazioni educative per l&#8217;e-learning e la formazione. Il software offre numerose opzioni di personalizzazione e integrazione secondo le esigenze degli utenti. Il programma consente agli utenti di condurre conferenze web e condividere documenti, file audio e video per l&#8217;<strong>apprendimento online<\/strong>.<br \/>\nLa funzione &#8220;lavagna&#8221; del software consente ai relatori di evidenziare argomenti importanti nella presentazione. Inoltre, la sua funzione di \u201csondaggio\u201d coinvolge gli studenti e aiuta il relatore a ricevere feedback. La funzionalit\u00e0 di &#8220;condivisione del desktop&#8221; di <strong>BigBlueButton<\/strong> si estende oltre le diapositive e consente ai moderatori di condividere il proprio schermo con il pubblico consentendo una migliore comprensione degli argomenti.<\/p>\n<h2>BIGBLUEBUTTON &#8211; TUTORIAL<\/h2>\n<div id=\"fluid-wrapper-counter-1\" class=\"g1-fluid-wrapper \" style=\"width:686px;\">\n<div style=\"padding-bottom:56.268221574344%;\"><iframe loading=\"lazy\" title=\"BigBlueButton Student Overview\" width=\"515\" height=\"386\" src=\"https:\/\/www.youtube.com\/embed\/J-zwnTK8oPg?feature=oembed&amp;wmode=transparent&amp;autohide=1&amp;autoplay=0&amp;disablekb=0&amp;fs=1&amp;loop=0&amp;enablejsapi=1&amp;rel=0&amp;controls=2&amp;showinfo=0&amp;wmode=transparent&amp;autohide=2&amp;autoplay=0&amp;disablekb=0&amp;fs=1&amp;loop=0&amp;enablejsapi=1&amp;rel=0&amp;controls=2&amp;showinfo=1\" frameborder=\"0\" allow=\"accelerometer; autoplay; clipboard-write; encrypted-media; gyroscope; picture-in-picture; web-share\" allowfullscreen><\/iframe><\/div>\n<\/div>\n<h3>BIGBLUEBUTTON &#8211; CARATTERISTICHE<\/h3>\n<ul>\n<li><strong>Caricamento documenti<\/strong>: carica documenti come PowerPoint, Word, PDF e immagini<\/li>\n<li><strong>Lavagna:<\/strong> utilizza la lavagna virtuale per evidenziare i contenuti<\/li>\n<li><strong>Sale per gruppi di lavoro<\/strong>: coinvolgi gli studenti nell&#8217;apprendimento collaborativo con le stanze per sottogruppi di lavoro<\/li>\n<li><strong>Opzioni video<\/strong>: riproduci video nelle opzioni video a bassa, media e alta risoluzione<\/li>\n<li><strong>Chiacchierata<\/strong>: comunica con la tua classe tramite chat pubbliche e private<\/li>\n<li><strong>Sondaggio<\/strong>: metti alla prova facilmente le conoscenze dei tuoi studenti con i sondaggi<\/li>\n<li><strong>Lavagna multiutente<\/strong>: incoraggia il pensiero creativo con la lavagna multiutente<\/li>\n<li><strong>Note condivise<\/strong>: utilizza le note condivise per una collaborazione di gruppo pi\u00f9 semplice<\/li>\n<li><strong>Condivisione dello schermo<\/strong>: condivisione dello schermo intuitiva che mantiene coinvolti gli studenti<\/li>\n<li><strong>Alzata di mano<\/strong>: fornisci feedback durante la lezione alzando virtualmente la mano<\/li>\n<li><strong>Emoji<\/strong>: esprimi te stesso attraverso la nostra vasta gamma di emoji<\/li>\n<li><strong>Video Webcam<\/strong>: condividi il video della tua webcam durante la lezione e utilizza sfondi personalizzati<\/li>\n<\/ul>\n<h4>LE RECENSIONE DEGLI UTENTI<\/h4>\n<p><strong>Martina &#8220;Ottimo software per FAD sincrona&#8221;<\/strong><br \/>\n<strong>Commenti<\/strong>: Abbiamo integrato BBB nel nostro Moodle per la gestione della FAD sincrona: ci permette di tracciare la formazione in modo puntuale e integrare i dati con quelli della FAD asincrona su Moodle in modo semplice e completo.<br \/>\n<strong>Pro<\/strong>: Tra le piattaforme per la didattica a distanza sincrona, \u00e8 una delle pi\u00f9 complete. Ha tantissime funzionalit\u00e0 per il coinvolgimento degli allievi, permette di gestire la formazione in diversi modi. La condivisione di slide e video integrati senza condivisione dello schermo \u00e8 un aspetto chiave. La presenza di tantissime lingue per l&#8217;interfaccia rende la piattaforma molto inclusiva. Si integra facilmente con Moodle permettendo il tracciamento della formazione. La nuova Learning Analytics Dashboard dell&#8217;ultima versione \u00e8 utilissima per avere un riassunto delle azioni durante la lezione online.<br \/>\n<strong>Contro<\/strong>: Non \u00e8 facilissimo da installare e configurare, richiede necessariamente l&#8217;intervento di un professionista.<\/p>\n<p><strong>Alper &#8220;Ottima app per riunioni&#8221;<\/strong><br \/>\n<strong>Pro<\/strong>: Grazie alla mia esperienza e a quella del mio insegnante, BigBlueButton \u00e8 l&#8217;applicazione per riunioni online pi\u00f9 utile. Fornisce molta facilit\u00e0 agli utenti.<br \/>\n<strong>Contro<\/strong>: Ci sono alcune funzionalit\u00e0 che potrebbero essere utili secondo me, come la condivisione di file tramite chat, ecc.<\/p>\n<p><strong>Marco &#8220;Un ambiente di comunicazione video completo che si integra bene&#8221;<\/strong><br \/>\n<strong>Commenti<\/strong>: Molto molto bene. Facile da interagire, utilizzare, stabile.<br \/>\n<strong>Pro<\/strong>: La qualit\u00e0 e la facilit\u00e0 d&#8217;uso sono al primo posto. Lo integri perfettamente con il tuo ambiente<br \/>\n<strong>Contro<\/strong>: l&#8217;applicazione \u00e8 esigente in termini di prestazioni e richiede un&#8217;implementazione reale pi\u00f9 che virtuale<\/p>\n","protected":false},"excerpt":{"rendered":"<p>BigBlueButton \u00e8 un software di collaborazione web open source utilizzato dalle organizzazioni educative per l&#8217;e-learning e la formazione. Il software offre numerose opzioni di personalizzazione e integrazione secondo le esigenze degli utenti. Il programma consente agli utenti di condurre conferenze web e condividere documenti, file audio e video per l&#8217;apprendimento online.<\/p>\n","protected":false},"author":19,"featured_media":74363,"parent":30279,"menu_order":0,"comment_status":"open","ping_status":"closed","template":"g1_template_page_review_new.php","meta":{"_acf_changed":false,"cwp_meta_box_check":"Yes","cwp_rev_product_name":"","cwp_rev_product_image":"","wppr_links":[],"cwp_rev_price":"0.00","wppr_options":[{"name":"Usability","value":"0"},{"name":"Speed","value":"0"},{"name":"Features","value":"0"},{"name":"Support","value":"0"},{"name":"Pricing","value":"0"}],"wppr_pros":["","","","",""],"wppr_cons":["","","","",""],"_monsterinsights_skip_tracking":false,"_monsterinsights_sitenote_active":false,"_monsterinsights_sitenote_note":"","_monsterinsights_sitenote_category":0,"footnotes":""},"categories":[3634],"tags":[14925,5100,3661,3660,3659,3658],"features":[],"class_list":{"0":"post-74360","1":"page","2":"type-page","3":"status-publish","4":"has-post-thumbnail","6":"category-piattaforme-per-la-didattica-a-distanza-categoria","7":"tag-bigbluebutton","8":"tag-didattica-a-distanza","9":"tag-piattaforma-didattica-a-distanza","10":"tag-programma-didattica-a-distanza","11":"tag-software-didattica-a-distanza","12":"tag-soluzione-didattica-a-distanza"},"wppr_data":{"cwp_meta_box_check":"Yes","_wppr_review_template":"default","cwp_rev_product_image":"","cwp_image_link":"image","wppr_links":[],"cwp_rev_price":"0.00","wppr_pros":["","","","",""],"wppr_cons":["","","","",""],"wppr_rating":"0.00","wppr_options":{"1":{"name":"Usability","value":"0"},"2":{"name":"Speed","value":"0"},"3":{"name":"Features","value":"0"},"4":{"name":"Support","value":"0"},"5":{"name":"Pricing","value":"0"}},"wppr_review_type":"Product","wppr_review_custom_fields":{"additionalProperty":"","additionalType":"","aggregateRating":"","alternateName":"","audience":"","award":"","awards":"","brand":"","color":"","depth":"","description":"","disambiguatingDescription":"","gtin12":"","gtin13":"","gtin14":"","gtin8":"","height":"","identifier":"","image":"","isAccessoryOrSparePartFor":"","isConsumableFor":"","isRelatedTo":"","isSimilarTo":"","itemCondition":"","logo":"","mainEntityOfPage":"","manufacturer":"","material":"","model":"","mpn":"","name":"","offers":"","potentialAction":"","productID":"","productionDate":"","purchaseDate":"","releaseDate":"","review":"","reviews":"","sameAs":"","sku":"","slogan":"","subjectOf":"","url":"","weight":"","width":""}},"acf":[],"yoast_head":"<!-- This site is optimized with the Yoast SEO plugin v27.4 - https:\/\/yoast.com\/product\/yoast-seo-wordpress\/ -->\n<title>BigBlueButton: recensione software didattica a distanza - Accurate Reviews<\/title>\n<meta name=\"description\" content=\"BigBlueButton: recensione software di collaborazione web open source utilizzato da organizzazioni educative per l&#039;e-learning e la formazione.\" \/>\n<meta name=\"robots\" content=\"index, follow, max-snippet:-1, max-image-preview:large, max-video-preview:-1\" \/>\n<link rel=\"canonical\" href=\"https:\/\/www.accuratereviews.com\/it\/piattaforme-didattica-distanza\/bigbluebutton-recensione\/\" \/>\n<meta property=\"og:locale\" content=\"it_IT\" \/>\n<meta property=\"og:type\" content=\"article\" \/>\n<meta property=\"og:title\" content=\"BigBlueButton: recensione software didattica a distanza - Accurate Reviews\" \/>\n<meta property=\"og:description\" content=\"BigBlueButton: recensione software di collaborazione web open source utilizzato da organizzazioni educative per l&#039;e-learning e la formazione.\" \/>\n<meta property=\"og:url\" content=\"https:\/\/www.accuratereviews.com\/it\/piattaforme-didattica-distanza\/bigbluebutton-recensione\/\" \/>\n<meta property=\"og:site_name\" content=\"Accurate Reviews\" \/>\n<meta property=\"og:image\" content=\"https:\/\/www.accuratereviews.com\/wp-content\/uploads\/2024\/02\/BigBlueButton.webp\" \/>\n\t<meta property=\"og:image:width\" content=\"377\" \/>\n\t<meta property=\"og:image:height\" content=\"296\" \/>\n\t<meta property=\"og:image:type\" content=\"image\/webp\" \/>\n<meta name=\"twitter:card\" content=\"summary_large_image\" \/>\n<meta name=\"twitter:label1\" content=\"Tempo di lettura stimato\" \/>\n\t<meta name=\"twitter:data1\" content=\"3 minuti\" \/>\n<script type=\"application\/ld+json\" class=\"yoast-schema-graph\">{\"@context\":\"https:\\\/\\\/schema.org\",\"@graph\":[{\"@type\":\"WebPage\",\"@id\":\"https:\\\/\\\/www.accuratereviews.com\\\/it\\\/piattaforme-didattica-distanza\\\/bigbluebutton-recensione\\\/\",\"url\":\"https:\\\/\\\/www.accuratereviews.com\\\/it\\\/piattaforme-didattica-distanza\\\/bigbluebutton-recensione\\\/\",\"name\":\"BigBlueButton: recensione software didattica a distanza - Accurate Reviews\",\"isPartOf\":{\"@id\":\"https:\\\/\\\/www.accuratereviews.com\\\/it\\\/#website\"},\"primaryImageOfPage\":{\"@id\":\"https:\\\/\\\/www.accuratereviews.com\\\/it\\\/piattaforme-didattica-distanza\\\/bigbluebutton-recensione\\\/#primaryimage\"},\"image\":{\"@id\":\"https:\\\/\\\/www.accuratereviews.com\\\/it\\\/piattaforme-didattica-distanza\\\/bigbluebutton-recensione\\\/#primaryimage\"},\"thumbnailUrl\":\"https:\\\/\\\/www.accuratereviews.com\\\/wp-content\\\/uploads\\\/2024\\\/02\\\/BigBlueButton.webp\",\"datePublished\":\"2024-02-08T13:59:00+00:00\",\"description\":\"BigBlueButton: recensione software di collaborazione web open source utilizzato da organizzazioni educative per l'e-learning e la formazione.\",\"breadcrumb\":{\"@id\":\"https:\\\/\\\/www.accuratereviews.com\\\/it\\\/piattaforme-didattica-distanza\\\/bigbluebutton-recensione\\\/#breadcrumb\"},\"inLanguage\":\"it-IT\",\"potentialAction\":[{\"@type\":\"ReadAction\",\"target\":[\"https:\\\/\\\/www.accuratereviews.com\\\/it\\\/piattaforme-didattica-distanza\\\/bigbluebutton-recensione\\\/\"]}]},{\"@type\":\"ImageObject\",\"inLanguage\":\"it-IT\",\"@id\":\"https:\\\/\\\/www.accuratereviews.com\\\/it\\\/piattaforme-didattica-distanza\\\/bigbluebutton-recensione\\\/#primaryimage\",\"url\":\"https:\\\/\\\/www.accuratereviews.com\\\/wp-content\\\/uploads\\\/2024\\\/02\\\/BigBlueButton.webp\",\"contentUrl\":\"https:\\\/\\\/www.accuratereviews.com\\\/wp-content\\\/uploads\\\/2024\\\/02\\\/BigBlueButton.webp\",\"width\":377,\"height\":296},{\"@type\":\"BreadcrumbList\",\"@id\":\"https:\\\/\\\/www.accuratereviews.com\\\/it\\\/piattaforme-didattica-distanza\\\/bigbluebutton-recensione\\\/#breadcrumb\",\"itemListElement\":[{\"@type\":\"ListItem\",\"position\":1,\"name\":\"Home\",\"item\":\"https:\\\/\\\/www.accuratereviews.com\\\/it\\\/\"},{\"@type\":\"ListItem\",\"position\":2,\"name\":\"Piattaforme per la didattica a distanza\",\"item\":\"https:\\\/\\\/www.accuratereviews.com\\\/it\\\/piattaforme-didattica-distanza\\\/\"},{\"@type\":\"ListItem\",\"position\":3,\"name\":\"BigBlueButton\"}]},{\"@type\":\"WebSite\",\"@id\":\"https:\\\/\\\/www.accuratereviews.com\\\/it\\\/#website\",\"url\":\"https:\\\/\\\/www.accuratereviews.com\\\/it\\\/\",\"name\":\"Accurate Reviews\",\"description\":\"\",\"potentialAction\":[{\"@type\":\"SearchAction\",\"target\":{\"@type\":\"EntryPoint\",\"urlTemplate\":\"https:\\\/\\\/www.accuratereviews.com\\\/it\\\/?s={search_term_string}\"},\"query-input\":{\"@type\":\"PropertyValueSpecification\",\"valueRequired\":true,\"valueName\":\"search_term_string\"}}],\"inLanguage\":\"it-IT\"}]}<\/script>\n<!-- \/ Yoast SEO plugin. -->","yoast_head_json":{"title":"BigBlueButton: recensione software didattica a distanza - Accurate Reviews","description":"BigBlueButton: recensione software di collaborazione web open source utilizzato da organizzazioni educative per l'e-learning e la formazione.","robots":{"index":"index","follow":"follow","max-snippet":"max-snippet:-1","max-image-preview":"max-image-preview:large","max-video-preview":"max-video-preview:-1"},"canonical":"https:\/\/www.accuratereviews.com\/it\/piattaforme-didattica-distanza\/bigbluebutton-recensione\/","og_locale":"it_IT","og_type":"article","og_title":"BigBlueButton: recensione software didattica a distanza - Accurate Reviews","og_description":"BigBlueButton: recensione software di collaborazione web open source utilizzato da organizzazioni educative per l'e-learning e la formazione.","og_url":"https:\/\/www.accuratereviews.com\/it\/piattaforme-didattica-distanza\/bigbluebutton-recensione\/","og_site_name":"Accurate Reviews","og_image":[{"width":377,"height":296,"url":"https:\/\/www.accuratereviews.com\/wp-content\/uploads\/2024\/02\/BigBlueButton.webp","type":"image\/webp"}],"twitter_card":"summary_large_image","twitter_misc":{"Tempo di lettura stimato":"3 minuti"},"schema":{"@context":"https:\/\/schema.org","@graph":[{"@type":"WebPage","@id":"https:\/\/www.accuratereviews.com\/it\/piattaforme-didattica-distanza\/bigbluebutton-recensione\/","url":"https:\/\/www.accuratereviews.com\/it\/piattaforme-didattica-distanza\/bigbluebutton-recensione\/","name":"BigBlueButton: recensione software didattica a distanza - Accurate Reviews","isPartOf":{"@id":"https:\/\/www.accuratereviews.com\/it\/#website"},"primaryImageOfPage":{"@id":"https:\/\/www.accuratereviews.com\/it\/piattaforme-didattica-distanza\/bigbluebutton-recensione\/#primaryimage"},"image":{"@id":"https:\/\/www.accuratereviews.com\/it\/piattaforme-didattica-distanza\/bigbluebutton-recensione\/#primaryimage"},"thumbnailUrl":"https:\/\/www.accuratereviews.com\/wp-content\/uploads\/2024\/02\/BigBlueButton.webp","datePublished":"2024-02-08T13:59:00+00:00","description":"BigBlueButton: recensione software di collaborazione web open source utilizzato da organizzazioni educative per l'e-learning e la formazione.","breadcrumb":{"@id":"https:\/\/www.accuratereviews.com\/it\/piattaforme-didattica-distanza\/bigbluebutton-recensione\/#breadcrumb"},"inLanguage":"it-IT","potentialAction":[{"@type":"ReadAction","target":["https:\/\/www.accuratereviews.com\/it\/piattaforme-didattica-distanza\/bigbluebutton-recensione\/"]}]},{"@type":"ImageObject","inLanguage":"it-IT","@id":"https:\/\/www.accuratereviews.com\/it\/piattaforme-didattica-distanza\/bigbluebutton-recensione\/#primaryimage","url":"https:\/\/www.accuratereviews.com\/wp-content\/uploads\/2024\/02\/BigBlueButton.webp","contentUrl":"https:\/\/www.accuratereviews.com\/wp-content\/uploads\/2024\/02\/BigBlueButton.webp","width":377,"height":296},{"@type":"BreadcrumbList","@id":"https:\/\/www.accuratereviews.com\/it\/piattaforme-didattica-distanza\/bigbluebutton-recensione\/#breadcrumb","itemListElement":[{"@type":"ListItem","position":1,"name":"Home","item":"https:\/\/www.accuratereviews.com\/it\/"},{"@type":"ListItem","position":2,"name":"Piattaforme per la didattica a distanza","item":"https:\/\/www.accuratereviews.com\/it\/piattaforme-didattica-distanza\/"},{"@type":"ListItem","position":3,"name":"BigBlueButton"}]},{"@type":"WebSite","@id":"https:\/\/www.accuratereviews.com\/it\/#website","url":"https:\/\/www.accuratereviews.com\/it\/","name":"Accurate Reviews","description":"","potentialAction":[{"@type":"SearchAction","target":{"@type":"EntryPoint","urlTemplate":"https:\/\/www.accuratereviews.com\/it\/?s={search_term_string}"},"query-input":{"@type":"PropertyValueSpecification","valueRequired":true,"valueName":"search_term_string"}}],"inLanguage":"it-IT"}]}},"_links":{"self":[{"href":"https:\/\/www.accuratereviews.com\/it\/wp-json\/wp\/v2\/pages\/74360","targetHints":{"allow":["GET"]}}],"collection":[{"href":"https:\/\/www.accuratereviews.com\/it\/wp-json\/wp\/v2\/pages"}],"about":[{"href":"https:\/\/www.accuratereviews.com\/it\/wp-json\/wp\/v2\/types\/page"}],"author":[{"embeddable":true,"href":"https:\/\/www.accuratereviews.com\/it\/wp-json\/wp\/v2\/users\/19"}],"replies":[{"embeddable":true,"href":"https:\/\/www.accuratereviews.com\/it\/wp-json\/wp\/v2\/comments?post=74360"}],"version-history":[{"count":10,"href":"https:\/\/www.accuratereviews.com\/it\/wp-json\/wp\/v2\/pages\/74360\/revisions"}],"predecessor-version":[{"id":74376,"href":"https:\/\/www.accuratereviews.com\/it\/wp-json\/wp\/v2\/pages\/74360\/revisions\/74376"}],"up":[{"embeddable":true,"href":"https:\/\/www.accuratereviews.com\/it\/wp-json\/wp\/v2\/pages\/30279"}],"wp:featuredmedia":[{"embeddable":true,"href":"https:\/\/www.accuratereviews.com\/it\/wp-json\/wp\/v2\/media\/74363"}],"wp:attachment":[{"href":"https:\/\/www.accuratereviews.com\/it\/wp-json\/wp\/v2\/media?parent=74360"}],"wp:term":[{"taxonomy":"category","embeddable":true,"href":"https:\/\/www.accuratereviews.com\/it\/wp-json\/wp\/v2\/categories?post=74360"},{"taxonomy":"post_tag","embeddable":true,"href":"https:\/\/www.accuratereviews.com\/it\/wp-json\/wp\/v2\/tags?post=74360"},{"taxonomy":"features","embeddable":true,"href":"https:\/\/www.accuratereviews.com\/it\/wp-json\/wp\/v2\/features?post=74360"}],"curies":[{"name":"wp","href":"https:\/\/api.w.org\/{rel}","templated":true}]}}