{"id":74377,"date":"2024-02-09T23:10:46","date_gmt":"2024-02-09T23:10:46","guid":{"rendered":"https:\/\/www.accuratereviews.com\/?page_id=74377"},"modified":"2024-02-12T10:57:42","modified_gmt":"2024-02-12T10:57:42","slug":"panopto-recensione","status":"publish","type":"page","link":"https:\/\/www.accuratereviews.com\/it\/piattaforme-didattica-distanza\/panopto-recensione\/","title":{"rendered":"Panopto"},"content":{"rendered":"<p><strong>Panopto<\/strong> \u00e8 il<strong> software all-in-one<\/strong> leader per l&#8217;<strong>acquisizione di lezioni<\/strong> e la gestione video per l&#8217;istruzione superiore e la formazione aziendale. Nell&#8217;istruzione superiore, aiuta docenti e tecnici a migliorare il coinvolgimento degli studenti e i risultati dell&#8217;apprendimento consentendo la facile acquisizione di lezioni in presenza e lezioni virtuali dal vivo. Favorisce anche una migliore archiviazione e condivisione senza soluzione di continuit\u00e0 attraverso integrazioni profonde con sistemi di gestione dell&#8217;apprendimento e soluzioni di videoconferenza.<br \/>\nNell&#8217;apprendimento e nello sviluppo aziendale, <strong>Panopto <\/strong>aiuta le aziende ad aumentare il coinvolgimento dei dipendenti in tutte le fasi dell&#8217;apprendimento organizzativo consentendo una facile creazione e condivisione di contenuti video interattivi, con risultati chiari e misurabili.<\/p>\n<h2>PANOPTO &#8211; TUTORIAL<\/h2>\n<div id=\"fluid-wrapper-counter-1\" class=\"g1-fluid-wrapper \" style=\"width:686px;\">\n<div style=\"padding-bottom:56.268221574344%;\"><iframe loading=\"lazy\" title=\"Panopto Video Platform - 3 Minute Introduction\" width=\"686\" height=\"386\" src=\"https:\/\/www.youtube.com\/embed\/RqLJEJEHu6E?feature=oembed&amp;wmode=transparent&amp;autohide=1&amp;autoplay=0&amp;disablekb=0&amp;fs=1&amp;loop=0&amp;enablejsapi=1&amp;rel=0&amp;controls=2&amp;showinfo=0&amp;wmode=transparent&amp;autohide=2&amp;autoplay=0&amp;disablekb=0&amp;fs=1&amp;loop=0&amp;enablejsapi=1&amp;rel=0&amp;controls=2&amp;showinfo=1\" frameborder=\"0\" allow=\"accelerometer; autoplay; clipboard-write; encrypted-media; gyroscope; picture-in-picture; web-share\" allowfullscreen><\/iframe><\/div>\n<\/div>\n<h3>PANOPTO &#8211; CARATTERISTICHE<\/h3>\n<ul>\n<li><strong>Crea e cura facilmente:<\/strong> crea, modifica, cura e condividi video immediatamente con il registratore di schermo online e l&#8217;editor basato sul web.<\/li>\n<li><strong>Garantire la coerenza tra insegnamento e formazione<\/strong>: acquisisci un corso una volta e assicurati che tutti ricevano le stesse informazioni senza variazioni indistintamente.<\/li>\n<li><strong>Promuovi il coinvolgimento<\/strong>: crea esperienze collaborative bidirezionali con le funzionalit\u00e0 native interattive e integrazioni di terze parti.<\/li>\n<li><strong>Aumenta l&#8217;accessibilit\u00e0 e la produttivit\u00e0 degli studenti<\/strong>: abilita l&#8217;apprendimento on demand e automatizza le parti noiose della creazione e gestione dei contenuti.<\/li>\n<li><strong>Misura i risultati<\/strong>: visualizza report dettagliati sul coinvolgimento e approfondimenti completi sul comportamento di visualizzazione per tutti i video nella tua libreria.<\/li>\n<li><strong>Sicurezza della rete<\/strong>: proteggi la privacy, l&#8217;integrit\u00e0 e la riservatezza dei tuoi dati con la sicurezza di livello aziendale.<\/li>\n<li><strong>Controllo centralizzato<\/strong>: gestisci l&#8217;uso organizzativo dei contenuti video in un&#8217;unica libreria centralizzata basata su cloud.<\/li>\n<li><strong>Integrazione perfetta<\/strong>: integra facilmente con gli strumenti che la tua organizzazione gi\u00e0 utilizza ogni giorno, inclusi Microsoft Teams, Zoom, WebEx, Slack e la maggior parte dei principali CRM e LMS.<\/li>\n<li><strong>Misura il ROI<\/strong>: gestisci i risultati con report di coinvolgimento integrati, approfondimenti sul comportamento e la capacit\u00e0 di integrazione con piattaforme di analisi di terze parti.<\/li>\n<\/ul>\n<h4>LE RECENSIONI DEGLI UTENTI<\/h4>\n<p><strong>Eleonora &#8220;Streaming semplice in qualsiasi momento&#8221;<\/strong><br \/>\n<strong>Pro<\/strong>: economico- facile da usare- intuitivo- si posso fermare i video e riprendere la visione in qualsiasi momento- facile trovare i video nelle cartelle<br \/>\n<strong>Contro<\/strong>: non ho riscontrato inconvenienti nell&#8217;utilizzo del programma<\/p>\n<p><strong>Marina &#8220;Aula virtuale essenziale&#8221;<\/strong><br \/>\n<strong>Pro<\/strong>: Panopto \u00e8 stata un ottima opzione per poter continuare a frequentare la didattica anche a distanza, avendo accesso alle registrazioni delle lezioni a qualsiasi ora del giorno, e da qualsiasi luogo. \u00c8 fantastica, mi ha aiutato molto per poter consultare le lezioni , dopo aver visto le lezioni in streaming, per colmare delle lacune, e il fatto di aver sempre la lezione a disposizione \u00e8 qualcosa di eccezionalmente innovativo<br \/>\n<strong>Contro<\/strong>: Quasi nulla, l\u2019unica pecca \u00e8 che le trascrizioni delle lezioni audio in lingua non sono esattamente accurate, migliorerei meglio il sistema di traduzione<\/p>\n<p><strong>Mohamed &#8220;Un altro straordinario registratore di schermo con funzionalit\u00e0 inaudite&#8221;<\/strong><br \/>\n<strong>Commenti<\/strong>: Una piacevole piattaforma per avviare le tue lezioni virtuali in pochi clic con molte funzionalit\u00e0 offerte dai potenti pannelli di editing video. Panopto, a differenza di Zoom e WebEx, offre la possibilit\u00e0 di registrare il tuo schermo, condividere dati, condividere informazioni, gestire il tuo spazio di archiviazione. Panopto aiuta a creare quiz.<br \/>\n<strong>Pro<\/strong>: Un software video interattivo e coinvolgente che aiuta a creare video straordinari con un clic e a condividerli con il pubblico con un altro clic. Panopto \u00e8 la soluzione finale per lezioni virtuali, corsi di formazione, webinar e altre riunioni di gruppo in cui condividi dati, presentazioni e qualsiasi tipo di esposizione. A differenza di Zoom, WebEx e Teams, Panopto offre la possibilit\u00e0 di gestire e condividere i tuoi video. Indovina un po&#8217;, Panopto pu\u00f2 fornire statistiche e creare quiz. \u00c8 semplicemente fantastico!<br \/>\n<strong>Contro<\/strong>: In realt\u00e0 non mi \u00e8 piaciuto il fatto che la versione completa sia limitata ad alcuni paesi a differenza di altri. Questo non va bene per una soluzione per conferenze come Panopto. Rivedere anche i piani di abbonamento, soprattutto per insegnanti ed educatori.<\/p>\n","protected":false},"excerpt":{"rendered":"<p>Panopto \u00e8 il software all-in-one leader per l&#8217;acquisizione di lezioni e la gestione video per l&#8217;istruzione superiore e la formazione aziendale. Nell&#8217;istruzione superiore, aiuta docenti e tecnici a migliorare il coinvolgimento degli studenti e i risultati dell&#8217;apprendimento consentendo la facile acquisizione di lezioni in presenza e lezioni virtuali dal vivo.<\/p>\n","protected":false},"author":19,"featured_media":74379,"parent":30279,"menu_order":0,"comment_status":"open","ping_status":"closed","template":"g1_template_page_review_new.php","meta":{"_acf_changed":false,"cwp_meta_box_check":"Yes","cwp_rev_product_name":"","cwp_rev_product_image":"","wppr_links":[],"cwp_rev_price":"0.00","wppr_options":[{"name":"Usability","value":"0"},{"name":"Speed","value":"0"},{"name":"Features","value":"0"},{"name":"Support","value":"0"},{"name":"Pricing","value":"0"}],"wppr_pros":["","","","",""],"wppr_cons":["","","","",""],"_monsterinsights_skip_tracking":false,"_monsterinsights_sitenote_active":false,"_monsterinsights_sitenote_note":"","_monsterinsights_sitenote_category":0,"footnotes":""},"categories":[3634],"tags":[5100,14926,3661,3660,3659,3658],"features":[],"class_list":{"0":"post-74377","1":"page","2":"type-page","3":"status-publish","4":"has-post-thumbnail","6":"category-piattaforme-per-la-didattica-a-distanza-categoria","7":"tag-didattica-a-distanza","8":"tag-panopto","9":"tag-piattaforma-didattica-a-distanza","10":"tag-programma-didattica-a-distanza","11":"tag-software-didattica-a-distanza","12":"tag-soluzione-didattica-a-distanza"},"wppr_data":{"cwp_meta_box_check":"Yes","_wppr_review_template":"default","cwp_rev_product_image":"","cwp_image_link":"image","wppr_links":[],"cwp_rev_price":"0.00","wppr_pros":["","","","",""],"wppr_cons":["","","","",""],"wppr_rating":"0.00","wppr_options":{"1":{"name":"Usability","value":"0"},"2":{"name":"Speed","value":"0"},"3":{"name":"Features","value":"0"},"4":{"name":"Support","value":"0"},"5":{"name":"Pricing","value":"0"}},"wppr_review_type":"Product","wppr_review_custom_fields":{"additionalProperty":"","additionalType":"","aggregateRating":"","alternateName":"","audience":"","award":"","awards":"","brand":"","color":"","depth":"","description":"","disambiguatingDescription":"","gtin12":"","gtin13":"","gtin14":"","gtin8":"","height":"","identifier":"","image":"","isAccessoryOrSparePartFor":"","isConsumableFor":"","isRelatedTo":"","isSimilarTo":"","itemCondition":"","logo":"","mainEntityOfPage":"","manufacturer":"","material":"","model":"","mpn":"","name":"","offers":"","potentialAction":"","productID":"","productionDate":"","purchaseDate":"","releaseDate":"","review":"","reviews":"","sameAs":"","sku":"","slogan":"","subjectOf":"","url":"","weight":"","width":""}},"acf":[],"yoast_head":"<!-- This site is optimized with the Yoast SEO plugin v27.4 - https:\/\/yoast.com\/product\/yoast-seo-wordpress\/ -->\n<title>Panopto: recensione software didattica a distanza - Accurate Reviews<\/title>\n<meta name=\"description\" content=\"Panopto: recensione software leader per l&#039;acquisizione di lezioni e la gestione video per l&#039;istruzione superiore e la formazione aziendale.\" \/>\n<meta name=\"robots\" content=\"index, follow, max-snippet:-1, max-image-preview:large, max-video-preview:-1\" \/>\n<link rel=\"canonical\" href=\"https:\/\/www.accuratereviews.com\/it\/piattaforme-didattica-distanza\/panopto-recensione\/\" \/>\n<meta property=\"og:locale\" content=\"it_IT\" \/>\n<meta property=\"og:type\" content=\"article\" \/>\n<meta property=\"og:title\" content=\"Panopto: recensione software didattica a distanza - Accurate Reviews\" \/>\n<meta property=\"og:description\" content=\"Panopto: recensione software leader per l&#039;acquisizione di lezioni e la gestione video per l&#039;istruzione superiore e la formazione aziendale.\" \/>\n<meta property=\"og:url\" content=\"https:\/\/www.accuratereviews.com\/it\/piattaforme-didattica-distanza\/panopto-recensione\/\" \/>\n<meta property=\"og:site_name\" content=\"Accurate Reviews\" \/>\n<meta property=\"article:modified_time\" content=\"2024-02-12T10:57:42+00:00\" \/>\n<meta property=\"og:image\" content=\"https:\/\/www.accuratereviews.com\/wp-content\/uploads\/2024\/02\/Panopto.jpeg\" \/>\n\t<meta property=\"og:image:width\" content=\"740\" \/>\n\t<meta property=\"og:image:height\" content=\"271\" \/>\n\t<meta property=\"og:image:type\" content=\"image\/jpeg\" \/>\n<meta name=\"twitter:card\" content=\"summary_large_image\" \/>\n<meta name=\"twitter:label1\" content=\"Tempo di lettura stimato\" \/>\n\t<meta name=\"twitter:data1\" content=\"4 minuti\" \/>\n<script type=\"application\/ld+json\" class=\"yoast-schema-graph\">{\"@context\":\"https:\\\/\\\/schema.org\",\"@graph\":[{\"@type\":\"WebPage\",\"@id\":\"https:\\\/\\\/www.accuratereviews.com\\\/it\\\/piattaforme-didattica-distanza\\\/panopto-recensione\\\/\",\"url\":\"https:\\\/\\\/www.accuratereviews.com\\\/it\\\/piattaforme-didattica-distanza\\\/panopto-recensione\\\/\",\"name\":\"Panopto: recensione software didattica a distanza - Accurate Reviews\",\"isPartOf\":{\"@id\":\"https:\\\/\\\/www.accuratereviews.com\\\/it\\\/#website\"},\"primaryImageOfPage\":{\"@id\":\"https:\\\/\\\/www.accuratereviews.com\\\/it\\\/piattaforme-didattica-distanza\\\/panopto-recensione\\\/#primaryimage\"},\"image\":{\"@id\":\"https:\\\/\\\/www.accuratereviews.com\\\/it\\\/piattaforme-didattica-distanza\\\/panopto-recensione\\\/#primaryimage\"},\"thumbnailUrl\":\"https:\\\/\\\/www.accuratereviews.com\\\/wp-content\\\/uploads\\\/2024\\\/02\\\/Panopto.jpeg\",\"datePublished\":\"2024-02-09T23:10:46+00:00\",\"dateModified\":\"2024-02-12T10:57:42+00:00\",\"description\":\"Panopto: recensione software leader per l'acquisizione di lezioni e la gestione video per l'istruzione superiore e la formazione aziendale.\",\"breadcrumb\":{\"@id\":\"https:\\\/\\\/www.accuratereviews.com\\\/it\\\/piattaforme-didattica-distanza\\\/panopto-recensione\\\/#breadcrumb\"},\"inLanguage\":\"it-IT\",\"potentialAction\":[{\"@type\":\"ReadAction\",\"target\":[\"https:\\\/\\\/www.accuratereviews.com\\\/it\\\/piattaforme-didattica-distanza\\\/panopto-recensione\\\/\"]}]},{\"@type\":\"ImageObject\",\"inLanguage\":\"it-IT\",\"@id\":\"https:\\\/\\\/www.accuratereviews.com\\\/it\\\/piattaforme-didattica-distanza\\\/panopto-recensione\\\/#primaryimage\",\"url\":\"https:\\\/\\\/www.accuratereviews.com\\\/wp-content\\\/uploads\\\/2024\\\/02\\\/Panopto.jpeg\",\"contentUrl\":\"https:\\\/\\\/www.accuratereviews.com\\\/wp-content\\\/uploads\\\/2024\\\/02\\\/Panopto.jpeg\",\"width\":740,\"height\":271},{\"@type\":\"BreadcrumbList\",\"@id\":\"https:\\\/\\\/www.accuratereviews.com\\\/it\\\/piattaforme-didattica-distanza\\\/panopto-recensione\\\/#breadcrumb\",\"itemListElement\":[{\"@type\":\"ListItem\",\"position\":1,\"name\":\"Home\",\"item\":\"https:\\\/\\\/www.accuratereviews.com\\\/it\\\/\"},{\"@type\":\"ListItem\",\"position\":2,\"name\":\"Piattaforme per la didattica a distanza\",\"item\":\"https:\\\/\\\/www.accuratereviews.com\\\/it\\\/piattaforme-didattica-distanza\\\/\"},{\"@type\":\"ListItem\",\"position\":3,\"name\":\"Panopto\"}]},{\"@type\":\"WebSite\",\"@id\":\"https:\\\/\\\/www.accuratereviews.com\\\/it\\\/#website\",\"url\":\"https:\\\/\\\/www.accuratereviews.com\\\/it\\\/\",\"name\":\"Accurate Reviews\",\"description\":\"\",\"potentialAction\":[{\"@type\":\"SearchAction\",\"target\":{\"@type\":\"EntryPoint\",\"urlTemplate\":\"https:\\\/\\\/www.accuratereviews.com\\\/it\\\/?s={search_term_string}\"},\"query-input\":{\"@type\":\"PropertyValueSpecification\",\"valueRequired\":true,\"valueName\":\"search_term_string\"}}],\"inLanguage\":\"it-IT\"}]}<\/script>\n<!-- \/ Yoast SEO plugin. -->","yoast_head_json":{"title":"Panopto: recensione software didattica a distanza - Accurate Reviews","description":"Panopto: recensione software leader per l'acquisizione di lezioni e la gestione video per l'istruzione superiore e la formazione aziendale.","robots":{"index":"index","follow":"follow","max-snippet":"max-snippet:-1","max-image-preview":"max-image-preview:large","max-video-preview":"max-video-preview:-1"},"canonical":"https:\/\/www.accuratereviews.com\/it\/piattaforme-didattica-distanza\/panopto-recensione\/","og_locale":"it_IT","og_type":"article","og_title":"Panopto: recensione software didattica a distanza - Accurate Reviews","og_description":"Panopto: recensione software leader per l'acquisizione di lezioni e la gestione video per l'istruzione superiore e la formazione aziendale.","og_url":"https:\/\/www.accuratereviews.com\/it\/piattaforme-didattica-distanza\/panopto-recensione\/","og_site_name":"Accurate Reviews","article_modified_time":"2024-02-12T10:57:42+00:00","og_image":[{"width":740,"height":271,"url":"https:\/\/www.accuratereviews.com\/wp-content\/uploads\/2024\/02\/Panopto.jpeg","type":"image\/jpeg"}],"twitter_card":"summary_large_image","twitter_misc":{"Tempo di lettura stimato":"4 minuti"},"schema":{"@context":"https:\/\/schema.org","@graph":[{"@type":"WebPage","@id":"https:\/\/www.accuratereviews.com\/it\/piattaforme-didattica-distanza\/panopto-recensione\/","url":"https:\/\/www.accuratereviews.com\/it\/piattaforme-didattica-distanza\/panopto-recensione\/","name":"Panopto: recensione software didattica a distanza - Accurate Reviews","isPartOf":{"@id":"https:\/\/www.accuratereviews.com\/it\/#website"},"primaryImageOfPage":{"@id":"https:\/\/www.accuratereviews.com\/it\/piattaforme-didattica-distanza\/panopto-recensione\/#primaryimage"},"image":{"@id":"https:\/\/www.accuratereviews.com\/it\/piattaforme-didattica-distanza\/panopto-recensione\/#primaryimage"},"thumbnailUrl":"https:\/\/www.accuratereviews.com\/wp-content\/uploads\/2024\/02\/Panopto.jpeg","datePublished":"2024-02-09T23:10:46+00:00","dateModified":"2024-02-12T10:57:42+00:00","description":"Panopto: recensione software leader per l'acquisizione di lezioni e la gestione video per l'istruzione superiore e la formazione aziendale.","breadcrumb":{"@id":"https:\/\/www.accuratereviews.com\/it\/piattaforme-didattica-distanza\/panopto-recensione\/#breadcrumb"},"inLanguage":"it-IT","potentialAction":[{"@type":"ReadAction","target":["https:\/\/www.accuratereviews.com\/it\/piattaforme-didattica-distanza\/panopto-recensione\/"]}]},{"@type":"ImageObject","inLanguage":"it-IT","@id":"https:\/\/www.accuratereviews.com\/it\/piattaforme-didattica-distanza\/panopto-recensione\/#primaryimage","url":"https:\/\/www.accuratereviews.com\/wp-content\/uploads\/2024\/02\/Panopto.jpeg","contentUrl":"https:\/\/www.accuratereviews.com\/wp-content\/uploads\/2024\/02\/Panopto.jpeg","width":740,"height":271},{"@type":"BreadcrumbList","@id":"https:\/\/www.accuratereviews.com\/it\/piattaforme-didattica-distanza\/panopto-recensione\/#breadcrumb","itemListElement":[{"@type":"ListItem","position":1,"name":"Home","item":"https:\/\/www.accuratereviews.com\/it\/"},{"@type":"ListItem","position":2,"name":"Piattaforme per la didattica a distanza","item":"https:\/\/www.accuratereviews.com\/it\/piattaforme-didattica-distanza\/"},{"@type":"ListItem","position":3,"name":"Panopto"}]},{"@type":"WebSite","@id":"https:\/\/www.accuratereviews.com\/it\/#website","url":"https:\/\/www.accuratereviews.com\/it\/","name":"Accurate Reviews","description":"","potentialAction":[{"@type":"SearchAction","target":{"@type":"EntryPoint","urlTemplate":"https:\/\/www.accuratereviews.com\/it\/?s={search_term_string}"},"query-input":{"@type":"PropertyValueSpecification","valueRequired":true,"valueName":"search_term_string"}}],"inLanguage":"it-IT"}]}},"_links":{"self":[{"href":"https:\/\/www.accuratereviews.com\/it\/wp-json\/wp\/v2\/pages\/74377","targetHints":{"allow":["GET"]}}],"collection":[{"href":"https:\/\/www.accuratereviews.com\/it\/wp-json\/wp\/v2\/pages"}],"about":[{"href":"https:\/\/www.accuratereviews.com\/it\/wp-json\/wp\/v2\/types\/page"}],"author":[{"embeddable":true,"href":"https:\/\/www.accuratereviews.com\/it\/wp-json\/wp\/v2\/users\/19"}],"replies":[{"embeddable":true,"href":"https:\/\/www.accuratereviews.com\/it\/wp-json\/wp\/v2\/comments?post=74377"}],"version-history":[{"count":9,"href":"https:\/\/www.accuratereviews.com\/it\/wp-json\/wp\/v2\/pages\/74377\/revisions"}],"predecessor-version":[{"id":74448,"href":"https:\/\/www.accuratereviews.com\/it\/wp-json\/wp\/v2\/pages\/74377\/revisions\/74448"}],"up":[{"embeddable":true,"href":"https:\/\/www.accuratereviews.com\/it\/wp-json\/wp\/v2\/pages\/30279"}],"wp:featuredmedia":[{"embeddable":true,"href":"https:\/\/www.accuratereviews.com\/it\/wp-json\/wp\/v2\/media\/74379"}],"wp:attachment":[{"href":"https:\/\/www.accuratereviews.com\/it\/wp-json\/wp\/v2\/media?parent=74377"}],"wp:term":[{"taxonomy":"category","embeddable":true,"href":"https:\/\/www.accuratereviews.com\/it\/wp-json\/wp\/v2\/categories?post=74377"},{"taxonomy":"post_tag","embeddable":true,"href":"https:\/\/www.accuratereviews.com\/it\/wp-json\/wp\/v2\/tags?post=74377"},{"taxonomy":"features","embeddable":true,"href":"https:\/\/www.accuratereviews.com\/it\/wp-json\/wp\/v2\/features?post=74377"}],"curies":[{"name":"wp","href":"https:\/\/api.w.org\/{rel}","templated":true}]}}