{"id":74417,"date":"2024-02-12T17:11:52","date_gmt":"2024-02-12T17:11:52","guid":{"rendered":"https:\/\/www.accuratereviews.com\/?page_id=74417"},"modified":"2024-02-12T17:11:52","modified_gmt":"2024-02-12T17:11:52","slug":"glisser-recensioni","status":"publish","type":"page","link":"https:\/\/www.accuratereviews.com\/it\/piattaforme-didattica-distanza\/glisser-recensioni\/","title":{"rendered":"Glisser"},"content":{"rendered":"<p><strong>Glisser<\/strong> \u00e8 una soluzion<strong>e Software-as-a-Service<\/strong> aziendale che coinvolge il pubblico e raccoglie dati preziosi da eventi e <strong>riunioni virtuali<\/strong>, ibridi e di persona. Lo fa condividendo le diapositive della presentazione con i dispositivi intelligenti del pubblico e consentendo loro di partecipare e fornire feedback elettronicamente. Consente alle organizzazioni di collegare i propri sforzi di comunicazione faccia a faccia nei propri database di marketing e gestione. Incorpora la condivisione di diapositive di presentazioni dal vivo su dispositivi del pubblico, sistemi di risposta del pubblico, sondaggi dal vivo, feed Twitter e altre interazioni con il pubblico. Pu\u00f2 essere utilizzato sia dai singoli relatori, sia dagli organizzatori di eventi, per rendere le presentazioni pi\u00f9 coinvolgenti e raccogliere dati preziosi. La piattaforma Glisser prende le normali presentazioni di<strong> PowerPoint o Keynote<\/strong> e le trasmette dal vivo ai dispositivi mobili del pubblico, diapositiva per diapositiva, man mano che vengono presentate. Consente quindi ai membri del pubblico di interagire con il relatore o tra loro e raccoglie il loro feedback. I partecipanti possono anche contrassegnare elettronicamente le diapositive con note e conservarle per riferimento futuro.<\/p>\n<h2>GLISSER &#8211; TUTORIAL<\/h2>\n<div id=\"fluid-wrapper-counter-1\" class=\"g1-fluid-wrapper \" style=\"width:686px;\">\n<div style=\"padding-bottom:56.268221574344%;\"><iframe loading=\"lazy\" title=\"Glisser Moderation Features\" width=\"686\" height=\"386\" src=\"https:\/\/www.youtube.com\/embed\/xuX1V1dCURY?feature=oembed&amp;wmode=transparent&amp;autohide=1&amp;autoplay=0&amp;disablekb=0&amp;fs=1&amp;loop=0&amp;enablejsapi=1&amp;rel=0&amp;controls=2&amp;showinfo=0&amp;wmode=transparent&amp;autohide=2&amp;autoplay=0&amp;disablekb=0&amp;fs=1&amp;loop=0&amp;enablejsapi=1&amp;rel=0&amp;controls=2&amp;showinfo=1\" frameborder=\"0\" allow=\"accelerometer; autoplay; clipboard-write; encrypted-media; gyroscope; picture-in-picture; web-share\" allowfullscreen><\/iframe><\/div>\n<\/div>\n<h3>GLISSER &#8211; CARATTERISTICHE<\/h3>\n<ul>\n<li><strong>Collegamenti dei partecipanti<\/strong>: consenti ai tuoi partecipanti di partecipare in modo anonimo o di condividere il loro nome con altri membri del pubblico, creare un profilo e iniziare a creare nuovi contatti.<\/li>\n<li><strong>Lotteria del pubblico<\/strong>: una funzionalit\u00e0 unica che genera uno o pi\u00f9 vincitori casuali per ogni partecipante alla sessione. Utilizzalo per rendere ludica la presenza o anche selezionare uno del tuo pubblico per parlare nella stanza.<\/li>\n<li><strong>Sale per gruppi di lavoro<\/strong>: la piattaforma gestisce facilmente stanze per sottogruppi di lavoro simultanee, senza limiti al numero che puoi gestire.<\/li>\n<li><strong>Chiacchierata<\/strong>: le domande e risposte; feed funge anche da chatroom, con istruzioni utente completamente modificabili per incoraggiare un dialogo pi\u00f9 informale tra i partecipanti.<\/li>\n<li><strong>Certificati CPE\/CPD<\/strong>: carica il tuo certificato CPE\/CPD marchiato e consenti ai tuoi partecipanti di scaricare automaticamente una copia personalizzata (con il loro nome e la data) immediatamente al termine della sessione.<\/li>\n<li><strong>Contenuto scaricabile<\/strong>: i tuoi delegati potranno scaricare slide, brochure e qualsiasi altro contenuto presentato non appena termina la sessione, con il semplice tocco di un pulsante.<\/li>\n<li><strong>Ludicizzazione<\/strong>: la piattaforma offre una gamma di opzioni di gamification, inclusi quiz ed estrazioni di lotterie, nonch\u00e9 integrazioni con fornitori di giochi di terze parti e cabine per selfie che offrono strumenti interattivi personalizzati e pronti all&#8217;uso.<\/li>\n<li><strong>Abilitato ibrido\/mobile<\/strong>: mobile e predisposti per l&#8217;ibrido fin dal primo giorno, i tuoi delegati in sala partecipano esattamente attraverso la stessa piattaforma dei tuoi delegati virtuali, per un&#8217;esperienza coerente e senza partecipanti di &#8220;seconda classe&#8221;&#8230;. Altro<\/li>\n<li><strong>Sottotitoli in tempo reale<\/strong>: ci integriamo con una serie di piattaforme video di terze parti che generano sottotitoli in tempo reale, mentre la nostra integrazione con Wordly consente di sottotitolare l&#8217;audio dell&#8217;oratore dal vivo (al di fuori del video per una migliore accessibilit\u00e0) e di tradurlo in pi\u00f9 lingue.<\/li>\n<li><strong>Sondaggi in tempo reale e libreria di sondaggi<\/strong>: le opzioni di sondaggio dal vivo sono le pi\u00f9 estese sul mercato, compresi sondaggi tramite immagine e visualizzazione dei risultati in camera. Inoltre, ogni sondaggio pu\u00f2 essere salvato in una libreria e riutilizzato o condiviso con gli account dei colleghi.<\/li>\n<li><strong>Prendere appunti<\/strong>: la presa di appunti integrata consente ai tuoi delegati di annotare i pensieri della sessione, che vengono scaricati immediatamente al termine.<\/li>\n<li><strong>Quiz, test e classifiche<\/strong>: che venga utilizzata per test seri o quiz divertenti, la piattaforma gestisce entrambi. Crea una serie di domande, assegna le risposte corrette e il gioco \u00e8 fatto, con classifiche a rotazione per tenere aggiornato il tuo pubblico.<\/li>\n<li><strong>Rete tavole rotonde<\/strong>: crea una sessione utilizzando la videoconferenza integrata (incluso Zoom) e vengono formate tavole rotonde di networking.<\/li>\n<li><strong>Condivisione diapositive<\/strong>: puoi condividere diapositive indipendentemente dallo streaming video, offrendo un&#8217;esperienza molto pi\u00f9 pulita e consentendo ai delegati di ingrandire i dettagli, tornare al contenuto precedente o scaricare immediatamente la presentazione.<\/li>\n<\/ul>\n<h4>LE RECENSIONI DEGLI UTENTI<\/h4>\n<p><strong>Nichole &#8220;Recensione del prodotto sulla piattaforma tecnologica Glisser&#8221;<\/strong><br \/>\n<strong>Commenti<\/strong>: Nel complesso mi \u00e8 piaciuto molto usare questo software, prima di utilizzare Glisser dovevo utilizzare probabilmente 3 o 4 applicazioni diverse per ottenere tutte le funzionalit\u00e0 offerte da Glisser in 1. \u00c8 semplicemente un prodotto davvero utile che mantiene le persone coinvolte nelle riunioni.<br \/>\n<strong>Pro<\/strong>: Mi \u00e8 piaciuta di pi\u00f9 la funzionalit\u00e0 di supporto video di questo software, perch\u00e9 rende la risoluzione dei problemi cos\u00ec efficiente. Questo software \u00e8 stato facilissimo da integrare con il mio attuale software quotidiano e pu\u00f2 essere utilizzato per presentazioni virtuali, presentazioni di persona e presentazioni che devi fare per un misto di di persona e virtuale. Nel complesso \u00e8 un software davvero straordinario.<br \/>\n<strong>Contro<\/strong>: L&#8217;unica cosa che non mi \u00e8 piaciuta \u00e8 che Glisser non offre alcun tipo di opzione per inviare notifiche di riunione, se vuoi avvisare tutti devi farlo manualmente tramite email o un&#8217;altra applicazione. Essere in grado di inviare notifiche a tutti sarebbe molto efficace.<\/p>\n<p><strong>Vincent &#8220;Glisser ti aiuta a creare eventi che il tuo pubblico amer\u00e0, ovunque si trovi.&#8221;<\/strong><br \/>\n<strong>Pro<\/strong>: facile da usare e ti aiuta davvero a creare grandi eventi. Spero di usarlo per gli eventi dei nostri clienti in futuro.<br \/>\n<strong>Contro<\/strong>: Sembra che abbiano aggiunto molte funzionalit\u00e0 che mancavano rispetto allo scorso anno. Quindi spero che tutti i contro siano stati risolti.<\/p>\n<p><strong>Jennifer &#8220;Ottimo prodotto ma troppo caro per le nostre esigenze&#8221;<\/strong><br \/>\nPro: mi piace la capacit\u00e0 di inviare contenuti agli utenti<br \/>\n<strong>Contro<\/strong>: costo; non lo usiamo abbastanza da giustificare un canone di licenza, ma anche il costo per evento \u00e8 troppo alto per noi<\/p>\n","protected":false},"excerpt":{"rendered":"<p>Glisser \u00e8 una soluzione Software-as-a-Service aziendale che coinvolge il pubblico e raccoglie dati preziosi da eventi e riunioni virtuali, ibridi e di persona. Lo fa condividendo le diapositive della presentazione con i dispositivi intelligenti del pubblico e consentendo loro di partecipare e fornire feedback elettronicamente.<\/p>\n","protected":false},"author":19,"featured_media":74430,"parent":30279,"menu_order":0,"comment_status":"open","ping_status":"closed","template":"g1_template_page_review_new.php","meta":{"_acf_changed":false,"cwp_meta_box_check":"Yes","cwp_rev_product_name":"","cwp_rev_product_image":"","wppr_links":[],"cwp_rev_price":"0.00","wppr_options":[{"name":"Usability","value":"0"},{"name":"Speed","value":"0"},{"name":"Features","value":"0"},{"name":"Support","value":"0"},{"name":"Pricing","value":"0"}],"wppr_pros":["","","","",""],"wppr_cons":["","","","",""],"_monsterinsights_skip_tracking":false,"_monsterinsights_sitenote_active":false,"_monsterinsights_sitenote_note":"","_monsterinsights_sitenote_category":0,"footnotes":""},"categories":[3634],"tags":[5100,14931,3661,3660,3659,3658],"features":[],"class_list":{"0":"post-74417","1":"page","2":"type-page","3":"status-publish","4":"has-post-thumbnail","6":"category-piattaforme-per-la-didattica-a-distanza-categoria","7":"tag-didattica-a-distanza","8":"tag-glisser","9":"tag-piattaforma-didattica-a-distanza","10":"tag-programma-didattica-a-distanza","11":"tag-software-didattica-a-distanza","12":"tag-soluzione-didattica-a-distanza"},"wppr_data":{"cwp_meta_box_check":"Yes","_wppr_review_template":"default","cwp_rev_product_image":"","cwp_image_link":"image","wppr_links":[],"cwp_rev_price":"0.00","wppr_pros":["","","","",""],"wppr_cons":["","","","",""],"wppr_rating":"0.00","wppr_options":{"1":{"name":"Usability","value":"0"},"2":{"name":"Speed","value":"0"},"3":{"name":"Features","value":"0"},"4":{"name":"Support","value":"0"},"5":{"name":"Pricing","value":"0"}},"wppr_review_type":"Product","wppr_review_custom_fields":{"additionalProperty":"","additionalType":"","aggregateRating":"","alternateName":"","audience":"","award":"","awards":"","brand":"","color":"","depth":"","description":"","disambiguatingDescription":"","gtin12":"","gtin13":"","gtin14":"","gtin8":"","height":"","identifier":"","image":"","isAccessoryOrSparePartFor":"","isConsumableFor":"","isRelatedTo":"","isSimilarTo":"","itemCondition":"","logo":"","mainEntityOfPage":"","manufacturer":"","material":"","model":"","mpn":"","name":"","offers":"","potentialAction":"","productID":"","productionDate":"","purchaseDate":"","releaseDate":"","review":"","reviews":"","sameAs":"","sku":"","slogan":"","subjectOf":"","url":"","weight":"","width":""}},"acf":[],"yoast_head":"<!-- This site is optimized with the Yoast SEO plugin v27.4 - https:\/\/yoast.com\/product\/yoast-seo-wordpress\/ -->\n<title>Glisser: recensione software didattica a distanza - Accurate Reviews<\/title>\n<meta name=\"description\" content=\"Glisser: recensione software didattica che coinvolge gli utenti e raccoglie dati preziosi da eventi e riunioni virtuali, ibridi e di persone.\" \/>\n<meta name=\"robots\" content=\"index, follow, max-snippet:-1, max-image-preview:large, max-video-preview:-1\" \/>\n<link rel=\"canonical\" href=\"https:\/\/www.accuratereviews.com\/it\/piattaforme-didattica-distanza\/glisser-recensioni\/\" \/>\n<meta property=\"og:locale\" content=\"it_IT\" \/>\n<meta property=\"og:type\" content=\"article\" \/>\n<meta property=\"og:title\" content=\"Glisser: recensione software didattica a distanza - Accurate Reviews\" \/>\n<meta property=\"og:description\" content=\"Glisser: recensione software didattica che coinvolge gli utenti e raccoglie dati preziosi da eventi e riunioni virtuali, ibridi e di persone.\" \/>\n<meta property=\"og:url\" content=\"https:\/\/www.accuratereviews.com\/it\/piattaforme-didattica-distanza\/glisser-recensioni\/\" \/>\n<meta property=\"og:site_name\" content=\"Accurate Reviews\" \/>\n<meta property=\"og:image\" content=\"https:\/\/www.accuratereviews.com\/wp-content\/uploads\/2024\/02\/Glisser.png\" \/>\n\t<meta property=\"og:image:width\" content=\"500\" \/>\n\t<meta property=\"og:image:height\" content=\"500\" \/>\n\t<meta property=\"og:image:type\" content=\"image\/png\" \/>\n<meta name=\"twitter:card\" content=\"summary_large_image\" \/>\n<meta name=\"twitter:label1\" content=\"Tempo di lettura stimato\" \/>\n\t<meta name=\"twitter:data1\" content=\"5 minuti\" \/>\n<script type=\"application\/ld+json\" class=\"yoast-schema-graph\">{\"@context\":\"https:\\\/\\\/schema.org\",\"@graph\":[{\"@type\":\"WebPage\",\"@id\":\"https:\\\/\\\/www.accuratereviews.com\\\/it\\\/piattaforme-didattica-distanza\\\/glisser-recensioni\\\/\",\"url\":\"https:\\\/\\\/www.accuratereviews.com\\\/it\\\/piattaforme-didattica-distanza\\\/glisser-recensioni\\\/\",\"name\":\"Glisser: recensione software didattica a distanza - Accurate Reviews\",\"isPartOf\":{\"@id\":\"https:\\\/\\\/www.accuratereviews.com\\\/it\\\/#website\"},\"primaryImageOfPage\":{\"@id\":\"https:\\\/\\\/www.accuratereviews.com\\\/it\\\/piattaforme-didattica-distanza\\\/glisser-recensioni\\\/#primaryimage\"},\"image\":{\"@id\":\"https:\\\/\\\/www.accuratereviews.com\\\/it\\\/piattaforme-didattica-distanza\\\/glisser-recensioni\\\/#primaryimage\"},\"thumbnailUrl\":\"https:\\\/\\\/www.accuratereviews.com\\\/wp-content\\\/uploads\\\/2024\\\/02\\\/Glisser.png\",\"datePublished\":\"2024-02-12T17:11:52+00:00\",\"description\":\"Glisser: recensione software didattica che coinvolge gli utenti e raccoglie dati preziosi da eventi e riunioni virtuali, ibridi e di persone.\",\"breadcrumb\":{\"@id\":\"https:\\\/\\\/www.accuratereviews.com\\\/it\\\/piattaforme-didattica-distanza\\\/glisser-recensioni\\\/#breadcrumb\"},\"inLanguage\":\"it-IT\",\"potentialAction\":[{\"@type\":\"ReadAction\",\"target\":[\"https:\\\/\\\/www.accuratereviews.com\\\/it\\\/piattaforme-didattica-distanza\\\/glisser-recensioni\\\/\"]}]},{\"@type\":\"ImageObject\",\"inLanguage\":\"it-IT\",\"@id\":\"https:\\\/\\\/www.accuratereviews.com\\\/it\\\/piattaforme-didattica-distanza\\\/glisser-recensioni\\\/#primaryimage\",\"url\":\"https:\\\/\\\/www.accuratereviews.com\\\/wp-content\\\/uploads\\\/2024\\\/02\\\/Glisser.png\",\"contentUrl\":\"https:\\\/\\\/www.accuratereviews.com\\\/wp-content\\\/uploads\\\/2024\\\/02\\\/Glisser.png\",\"width\":500,\"height\":500},{\"@type\":\"BreadcrumbList\",\"@id\":\"https:\\\/\\\/www.accuratereviews.com\\\/it\\\/piattaforme-didattica-distanza\\\/glisser-recensioni\\\/#breadcrumb\",\"itemListElement\":[{\"@type\":\"ListItem\",\"position\":1,\"name\":\"Home\",\"item\":\"https:\\\/\\\/www.accuratereviews.com\\\/it\\\/\"},{\"@type\":\"ListItem\",\"position\":2,\"name\":\"Piattaforme per la didattica a distanza\",\"item\":\"https:\\\/\\\/www.accuratereviews.com\\\/it\\\/piattaforme-didattica-distanza\\\/\"},{\"@type\":\"ListItem\",\"position\":3,\"name\":\"Glisser\"}]},{\"@type\":\"WebSite\",\"@id\":\"https:\\\/\\\/www.accuratereviews.com\\\/it\\\/#website\",\"url\":\"https:\\\/\\\/www.accuratereviews.com\\\/it\\\/\",\"name\":\"Accurate Reviews\",\"description\":\"\",\"potentialAction\":[{\"@type\":\"SearchAction\",\"target\":{\"@type\":\"EntryPoint\",\"urlTemplate\":\"https:\\\/\\\/www.accuratereviews.com\\\/it\\\/?s={search_term_string}\"},\"query-input\":{\"@type\":\"PropertyValueSpecification\",\"valueRequired\":true,\"valueName\":\"search_term_string\"}}],\"inLanguage\":\"it-IT\"}]}<\/script>\n<!-- \/ Yoast SEO plugin. -->","yoast_head_json":{"title":"Glisser: recensione software didattica a distanza - Accurate Reviews","description":"Glisser: recensione software didattica che coinvolge gli utenti e raccoglie dati preziosi da eventi e riunioni virtuali, ibridi e di persone.","robots":{"index":"index","follow":"follow","max-snippet":"max-snippet:-1","max-image-preview":"max-image-preview:large","max-video-preview":"max-video-preview:-1"},"canonical":"https:\/\/www.accuratereviews.com\/it\/piattaforme-didattica-distanza\/glisser-recensioni\/","og_locale":"it_IT","og_type":"article","og_title":"Glisser: recensione software didattica a distanza - Accurate Reviews","og_description":"Glisser: recensione software didattica che coinvolge gli utenti e raccoglie dati preziosi da eventi e riunioni virtuali, ibridi e di persone.","og_url":"https:\/\/www.accuratereviews.com\/it\/piattaforme-didattica-distanza\/glisser-recensioni\/","og_site_name":"Accurate Reviews","og_image":[{"width":500,"height":500,"url":"https:\/\/www.accuratereviews.com\/wp-content\/uploads\/2024\/02\/Glisser.png","type":"image\/png"}],"twitter_card":"summary_large_image","twitter_misc":{"Tempo di lettura stimato":"5 minuti"},"schema":{"@context":"https:\/\/schema.org","@graph":[{"@type":"WebPage","@id":"https:\/\/www.accuratereviews.com\/it\/piattaforme-didattica-distanza\/glisser-recensioni\/","url":"https:\/\/www.accuratereviews.com\/it\/piattaforme-didattica-distanza\/glisser-recensioni\/","name":"Glisser: recensione software didattica a distanza - Accurate Reviews","isPartOf":{"@id":"https:\/\/www.accuratereviews.com\/it\/#website"},"primaryImageOfPage":{"@id":"https:\/\/www.accuratereviews.com\/it\/piattaforme-didattica-distanza\/glisser-recensioni\/#primaryimage"},"image":{"@id":"https:\/\/www.accuratereviews.com\/it\/piattaforme-didattica-distanza\/glisser-recensioni\/#primaryimage"},"thumbnailUrl":"https:\/\/www.accuratereviews.com\/wp-content\/uploads\/2024\/02\/Glisser.png","datePublished":"2024-02-12T17:11:52+00:00","description":"Glisser: recensione software didattica che coinvolge gli utenti e raccoglie dati preziosi da eventi e riunioni virtuali, ibridi e di persone.","breadcrumb":{"@id":"https:\/\/www.accuratereviews.com\/it\/piattaforme-didattica-distanza\/glisser-recensioni\/#breadcrumb"},"inLanguage":"it-IT","potentialAction":[{"@type":"ReadAction","target":["https:\/\/www.accuratereviews.com\/it\/piattaforme-didattica-distanza\/glisser-recensioni\/"]}]},{"@type":"ImageObject","inLanguage":"it-IT","@id":"https:\/\/www.accuratereviews.com\/it\/piattaforme-didattica-distanza\/glisser-recensioni\/#primaryimage","url":"https:\/\/www.accuratereviews.com\/wp-content\/uploads\/2024\/02\/Glisser.png","contentUrl":"https:\/\/www.accuratereviews.com\/wp-content\/uploads\/2024\/02\/Glisser.png","width":500,"height":500},{"@type":"BreadcrumbList","@id":"https:\/\/www.accuratereviews.com\/it\/piattaforme-didattica-distanza\/glisser-recensioni\/#breadcrumb","itemListElement":[{"@type":"ListItem","position":1,"name":"Home","item":"https:\/\/www.accuratereviews.com\/it\/"},{"@type":"ListItem","position":2,"name":"Piattaforme per la didattica a distanza","item":"https:\/\/www.accuratereviews.com\/it\/piattaforme-didattica-distanza\/"},{"@type":"ListItem","position":3,"name":"Glisser"}]},{"@type":"WebSite","@id":"https:\/\/www.accuratereviews.com\/it\/#website","url":"https:\/\/www.accuratereviews.com\/it\/","name":"Accurate Reviews","description":"","potentialAction":[{"@type":"SearchAction","target":{"@type":"EntryPoint","urlTemplate":"https:\/\/www.accuratereviews.com\/it\/?s={search_term_string}"},"query-input":{"@type":"PropertyValueSpecification","valueRequired":true,"valueName":"search_term_string"}}],"inLanguage":"it-IT"}]}},"_links":{"self":[{"href":"https:\/\/www.accuratereviews.com\/it\/wp-json\/wp\/v2\/pages\/74417","targetHints":{"allow":["GET"]}}],"collection":[{"href":"https:\/\/www.accuratereviews.com\/it\/wp-json\/wp\/v2\/pages"}],"about":[{"href":"https:\/\/www.accuratereviews.com\/it\/wp-json\/wp\/v2\/types\/page"}],"author":[{"embeddable":true,"href":"https:\/\/www.accuratereviews.com\/it\/wp-json\/wp\/v2\/users\/19"}],"replies":[{"embeddable":true,"href":"https:\/\/www.accuratereviews.com\/it\/wp-json\/wp\/v2\/comments?post=74417"}],"version-history":[{"count":10,"href":"https:\/\/www.accuratereviews.com\/it\/wp-json\/wp\/v2\/pages\/74417\/revisions"}],"predecessor-version":[{"id":74453,"href":"https:\/\/www.accuratereviews.com\/it\/wp-json\/wp\/v2\/pages\/74417\/revisions\/74453"}],"up":[{"embeddable":true,"href":"https:\/\/www.accuratereviews.com\/it\/wp-json\/wp\/v2\/pages\/30279"}],"wp:featuredmedia":[{"embeddable":true,"href":"https:\/\/www.accuratereviews.com\/it\/wp-json\/wp\/v2\/media\/74430"}],"wp:attachment":[{"href":"https:\/\/www.accuratereviews.com\/it\/wp-json\/wp\/v2\/media?parent=74417"}],"wp:term":[{"taxonomy":"category","embeddable":true,"href":"https:\/\/www.accuratereviews.com\/it\/wp-json\/wp\/v2\/categories?post=74417"},{"taxonomy":"post_tag","embeddable":true,"href":"https:\/\/www.accuratereviews.com\/it\/wp-json\/wp\/v2\/tags?post=74417"},{"taxonomy":"features","embeddable":true,"href":"https:\/\/www.accuratereviews.com\/it\/wp-json\/wp\/v2\/features?post=74417"}],"curies":[{"name":"wp","href":"https:\/\/api.w.org\/{rel}","templated":true}]}}