{"id":74454,"date":"2024-02-13T17:55:37","date_gmt":"2024-02-13T17:55:37","guid":{"rendered":"https:\/\/www.accuratereviews.com\/?page_id=74454"},"modified":"2024-02-14T11:15:31","modified_gmt":"2024-02-14T11:15:31","slug":"facts-recensione","status":"publish","type":"page","link":"https:\/\/www.accuratereviews.com\/it\/piattaforme-didattica-distanza\/facts-recensione\/","title":{"rendered":"Facts"},"content":{"rendered":"<p><strong>FACTS<\/strong> \u00e8 un <strong>software di gestione delle borse di studio<\/strong> che aiuta le scuole private e religiose a consolidare le informazioni sugli studenti, a gestire i processi di iscrizione e i servizi di valutazione degli aiuti finanziari. Consente agli insegnanti di creare piani di lezione personalizzati, registrare le presenze, rivedere le pagelle degli studenti e tenere traccia degli eventi del calendario.<br \/>\nLa soluzione permette agli amministratori scolastici di monitorare la disponibilit\u00e0 dei fondi, analizzare i dati finanziari delle famiglie e fornire assistenza per le tasse universitarie agli studenti sotto forma di borse di studio basate sul merito. Fornisce formazione per lo sviluppo professionale ai docenti, consentendo loro di esplorare nuovi aspetti dell&#8217;insegnamento e<strong> migliorare il coinvolgimento con gli studenti<\/strong>.<br \/>\nLa piattaforma aiuta gli amministratori a elaborare i pagamenti ACH, generare report sulle rimesse e monitorare i parametri finanziari su una dashboard unificata.<\/p>\n<h2>FACTS &#8211; TUTORIAL<\/h2>\n<div id=\"fluid-wrapper-counter-1\" class=\"g1-fluid-wrapper \" style=\"width:686px;\">\n<div style=\"padding-bottom:56.268221574344%;\"><iframe loading=\"lazy\" title=\"FACTS SIS Classroom Assignment Creation and Grading\" width=\"686\" height=\"386\" src=\"https:\/\/www.youtube.com\/embed\/iae5MCNpNIs?feature=oembed&amp;wmode=transparent&amp;autohide=1&amp;autoplay=0&amp;disablekb=0&amp;fs=1&amp;loop=0&amp;enablejsapi=1&amp;rel=0&amp;controls=2&amp;showinfo=0&amp;wmode=transparent&amp;autohide=2&amp;autoplay=0&amp;disablekb=0&amp;fs=1&amp;loop=0&amp;enablejsapi=1&amp;rel=0&amp;controls=2&amp;showinfo=1\" frameborder=\"0\" allow=\"accelerometer; autoplay; clipboard-write; encrypted-media; gyroscope; picture-in-picture; web-share\" allowfullscreen><\/iframe><\/div>\n<\/div>\n<h3>FACTS &#8211; CARATTERISTICHE<\/h3>\n<ul>\n<li><strong>Esperienza personalizzata<\/strong>: le scuole hanno il pieno controllo sul branding dell&#8217;app e sull&#8217;aspetto generale e possono aggiungere o rimuovere funzionalit\u00e0 in tempo reale.<\/li>\n<li><strong>Design con il marchio della scuola<\/strong>: il logo e il nome della tua scuola vengono messi in primo piano sull&#8217;App Store\/Google Play Store, sulla schermata iniziale e altro ancora.<\/li>\n<li><strong>Integrazione:<\/strong> accetta donazioni tramite FACTS Giving e pagamenti da Premier Integration o FACTS SIS, tutto tramite l&#8217;app.<\/li>\n<li><strong>Comunicazione con le famiglie<\/strong>: crea elenchi mirati per notifiche push e calendari per tenere tutti aggiornati.<\/li>\n<li><strong>Video post-scuola:<\/strong> I video tramite Vimeo e YouTube sono visualizzabili tramite l&#8217;app.<\/li>\n<li><strong>Accesso alle informazioni sulla scuola:<\/strong> accedi a tutto, dai voti ai compiti, ai menu del pranzo e ai calendari.<\/li>\n<li><strong>Non perdere mai un annuncio<\/strong>: ricevi notifiche push e annunci dalla tua scuola.<\/li>\n<li><strong>Effettua pagamenti ovunque ti trovi<\/strong>: se la tua scuola utilizza soluzioni di fatturazione FACTS, puoi effettuare pagamenti tramite l&#8217;app FACTS Family Custom.<\/li>\n<\/ul>\n<h4>LE RECENSIONI DEGLI UTENTI<\/h4>\n<p><strong>Bracia. &#8220;Sito dei fatti&#8221;<\/strong><br \/>\n<strong>Pro<\/strong>: Ci\u00f2 che mi piace di pi\u00f9 \u00e8 che mantiene le informazioni sugli studenti aggiornate e accessibili<br \/>\n<strong>Contro<\/strong>: Non c&#8217;\u00e8 niente che mi piaccia di meno nel sito<\/p>\n<p><strong>Lisa &#8220;Una soluzione completa&#8221;<\/strong><br \/>\n<strong>Commenti<\/strong>: \u00c8 stato uno strumento meraviglioso. Ci consente di avere il registro dei voti, il registro delle presenze, le informazioni sulla salute e i rapporti sul comportamento, tutto all&#8217;interno di un unico programma.<br \/>\n<strong>Pro<\/strong>: Questo software \u00e8 molto versatile. Risolve molti dei nostri problemi.<br \/>\n<strong>Contro<\/strong>: Poich\u00e9 ha cos\u00ec tante sfaccettature, pu\u00f2 essere un po\u2019 difficile orientarsi. Le cose non si trovano dove penso che dovrebbero essere. Trovo che il layout sia illogico.<\/p>\n<p><strong>Simon &#8220;Ottimo software gestionale&#8221;<\/strong><br \/>\n<strong>Commenti<\/strong>: Il software di gestione della scuola mi aiuta a risolvere il problema di fissare l&#8217;ammissione degli studenti, inserire le valutazioni e i registri degli studenti e anche compilare i risultati degli studenti.<br \/>\n<strong>Pro<\/strong>: Il software di gestione scolastica \u00e8 un eccellente software scolastico che gestisce in modo efficace le attivit\u00e0 di un sistema scolastico dall&#8217;ammissione, alla valutazione e alla compilazione dei risultati.<br \/>\n<strong>Contro<\/strong>: Il software di gestione della scuola \u00e8 semplicemente perfetto, davvero non ho visto nulla che non mi piaccia. Ma pu\u00f2 ancora essere migliorato.<\/p>\n","protected":false},"excerpt":{"rendered":"<p>FACTS \u00e8 un software di gestione delle borse di studio che aiuta le scuole private e religiose a consolidare le informazioni sugli studenti, a gestire i processi di iscrizione e a gestire i servizi di valutazione degli aiuti finanziari. Consente agli insegnanti di creare piani di lezione personalizzati, registrare le presenze, rivedere le pagelle degli studenti e tenere traccia degli eventi del calendario.<\/p>\n","protected":false},"author":19,"featured_media":74455,"parent":30279,"menu_order":0,"comment_status":"open","ping_status":"closed","template":"g1_template_page_review_new.php","meta":{"_acf_changed":false,"cwp_meta_box_check":"Yes","cwp_rev_product_name":"","cwp_rev_product_image":"","wppr_links":[],"cwp_rev_price":"0.00","wppr_options":[{"name":"Usability","value":"0"},{"name":"Speed","value":"0"},{"name":"Features","value":"0"},{"name":"Support","value":"0"},{"name":"Pricing","value":"0"}],"wppr_pros":["","","","",""],"wppr_cons":["","","","",""],"_monsterinsights_skip_tracking":false,"_monsterinsights_sitenote_active":false,"_monsterinsights_sitenote_note":"","_monsterinsights_sitenote_category":0,"footnotes":""},"categories":[3634],"tags":[5100,14935,3661,3660,3659,3658],"features":[],"class_list":{"0":"post-74454","1":"page","2":"type-page","3":"status-publish","4":"has-post-thumbnail","6":"category-piattaforme-per-la-didattica-a-distanza-categoria","7":"tag-didattica-a-distanza","8":"tag-facts","9":"tag-piattaforma-didattica-a-distanza","10":"tag-programma-didattica-a-distanza","11":"tag-software-didattica-a-distanza","12":"tag-soluzione-didattica-a-distanza"},"wppr_data":{"cwp_meta_box_check":"Yes","_wppr_review_template":"default","cwp_rev_product_image":"","cwp_image_link":"image","wppr_links":[],"cwp_rev_price":"0.00","wppr_pros":["","","","",""],"wppr_cons":["","","","",""],"wppr_rating":"0.00","wppr_options":{"1":{"name":"Usability","value":"0"},"2":{"name":"Speed","value":"0"},"3":{"name":"Features","value":"0"},"4":{"name":"Support","value":"0"},"5":{"name":"Pricing","value":"0"}},"wppr_review_type":"Product","wppr_review_custom_fields":{"additionalProperty":"","additionalType":"","aggregateRating":"","alternateName":"","audience":"","award":"","awards":"","brand":"","color":"","depth":"","description":"","disambiguatingDescription":"","gtin12":"","gtin13":"","gtin14":"","gtin8":"","height":"","identifier":"","image":"","isAccessoryOrSparePartFor":"","isConsumableFor":"","isRelatedTo":"","isSimilarTo":"","itemCondition":"","logo":"","mainEntityOfPage":"","manufacturer":"","material":"","model":"","mpn":"","name":"","offers":"","potentialAction":"","productID":"","productionDate":"","purchaseDate":"","releaseDate":"","review":"","reviews":"","sameAs":"","sku":"","slogan":"","subjectOf":"","url":"","weight":"","width":""}},"acf":[],"yoast_head":"<!-- This site is optimized with the Yoast SEO plugin v27.4 - https:\/\/yoast.com\/product\/yoast-seo-wordpress\/ -->\n<title>FACTS: recensione software didattica a distanza - Accurate Reviews<\/title>\n<meta name=\"description\" content=\"FACTS: software di gestione delle borse di studio che aiuta le scuole private e religiose a consolidare informazioni sugli studenti.\" \/>\n<meta name=\"robots\" content=\"index, follow, max-snippet:-1, max-image-preview:large, max-video-preview:-1\" \/>\n<link rel=\"canonical\" href=\"https:\/\/www.accuratereviews.com\/it\/piattaforme-didattica-distanza\/facts-recensione\/\" \/>\n<meta property=\"og:locale\" content=\"it_IT\" \/>\n<meta property=\"og:type\" content=\"article\" \/>\n<meta property=\"og:title\" content=\"FACTS: recensione software didattica a distanza - Accurate Reviews\" \/>\n<meta property=\"og:description\" content=\"FACTS: software di gestione delle borse di studio che aiuta le scuole private e religiose a consolidare informazioni sugli studenti.\" \/>\n<meta property=\"og:url\" content=\"https:\/\/www.accuratereviews.com\/it\/piattaforme-didattica-distanza\/facts-recensione\/\" \/>\n<meta property=\"og:site_name\" content=\"Accurate Reviews\" \/>\n<meta property=\"article:modified_time\" content=\"2024-02-14T11:15:31+00:00\" \/>\n<meta property=\"og:image\" content=\"https:\/\/www.accuratereviews.com\/wp-content\/uploads\/2024\/02\/Screenshot-2024-02-13-alle-10.14.08.png\" \/>\n\t<meta property=\"og:image:width\" content=\"1012\" \/>\n\t<meta property=\"og:image:height\" content=\"334\" \/>\n\t<meta property=\"og:image:type\" content=\"image\/png\" \/>\n<meta name=\"twitter:card\" content=\"summary_large_image\" \/>\n<meta name=\"twitter:label1\" content=\"Tempo di lettura stimato\" \/>\n\t<meta name=\"twitter:data1\" content=\"3 minuti\" \/>\n<script type=\"application\/ld+json\" class=\"yoast-schema-graph\">{\"@context\":\"https:\\\/\\\/schema.org\",\"@graph\":[{\"@type\":\"WebPage\",\"@id\":\"https:\\\/\\\/www.accuratereviews.com\\\/it\\\/piattaforme-didattica-distanza\\\/facts-recensione\\\/\",\"url\":\"https:\\\/\\\/www.accuratereviews.com\\\/it\\\/piattaforme-didattica-distanza\\\/facts-recensione\\\/\",\"name\":\"FACTS: recensione software didattica a distanza - Accurate Reviews\",\"isPartOf\":{\"@id\":\"https:\\\/\\\/www.accuratereviews.com\\\/it\\\/#website\"},\"primaryImageOfPage\":{\"@id\":\"https:\\\/\\\/www.accuratereviews.com\\\/it\\\/piattaforme-didattica-distanza\\\/facts-recensione\\\/#primaryimage\"},\"image\":{\"@id\":\"https:\\\/\\\/www.accuratereviews.com\\\/it\\\/piattaforme-didattica-distanza\\\/facts-recensione\\\/#primaryimage\"},\"thumbnailUrl\":\"https:\\\/\\\/www.accuratereviews.com\\\/wp-content\\\/uploads\\\/2024\\\/02\\\/Screenshot-2024-02-13-alle-10.14.08.png\",\"datePublished\":\"2024-02-13T17:55:37+00:00\",\"dateModified\":\"2024-02-14T11:15:31+00:00\",\"description\":\"FACTS: software di gestione delle borse di studio che aiuta le scuole private e religiose a consolidare informazioni sugli studenti.\",\"breadcrumb\":{\"@id\":\"https:\\\/\\\/www.accuratereviews.com\\\/it\\\/piattaforme-didattica-distanza\\\/facts-recensione\\\/#breadcrumb\"},\"inLanguage\":\"it-IT\",\"potentialAction\":[{\"@type\":\"ReadAction\",\"target\":[\"https:\\\/\\\/www.accuratereviews.com\\\/it\\\/piattaforme-didattica-distanza\\\/facts-recensione\\\/\"]}]},{\"@type\":\"ImageObject\",\"inLanguage\":\"it-IT\",\"@id\":\"https:\\\/\\\/www.accuratereviews.com\\\/it\\\/piattaforme-didattica-distanza\\\/facts-recensione\\\/#primaryimage\",\"url\":\"https:\\\/\\\/www.accuratereviews.com\\\/wp-content\\\/uploads\\\/2024\\\/02\\\/Screenshot-2024-02-13-alle-10.14.08.png\",\"contentUrl\":\"https:\\\/\\\/www.accuratereviews.com\\\/wp-content\\\/uploads\\\/2024\\\/02\\\/Screenshot-2024-02-13-alle-10.14.08.png\",\"width\":1012,\"height\":334},{\"@type\":\"BreadcrumbList\",\"@id\":\"https:\\\/\\\/www.accuratereviews.com\\\/it\\\/piattaforme-didattica-distanza\\\/facts-recensione\\\/#breadcrumb\",\"itemListElement\":[{\"@type\":\"ListItem\",\"position\":1,\"name\":\"Home\",\"item\":\"https:\\\/\\\/www.accuratereviews.com\\\/it\\\/\"},{\"@type\":\"ListItem\",\"position\":2,\"name\":\"Piattaforme per la didattica a distanza\",\"item\":\"https:\\\/\\\/www.accuratereviews.com\\\/it\\\/piattaforme-didattica-distanza\\\/\"},{\"@type\":\"ListItem\",\"position\":3,\"name\":\"Facts\"}]},{\"@type\":\"WebSite\",\"@id\":\"https:\\\/\\\/www.accuratereviews.com\\\/it\\\/#website\",\"url\":\"https:\\\/\\\/www.accuratereviews.com\\\/it\\\/\",\"name\":\"Accurate Reviews\",\"description\":\"\",\"potentialAction\":[{\"@type\":\"SearchAction\",\"target\":{\"@type\":\"EntryPoint\",\"urlTemplate\":\"https:\\\/\\\/www.accuratereviews.com\\\/it\\\/?s={search_term_string}\"},\"query-input\":{\"@type\":\"PropertyValueSpecification\",\"valueRequired\":true,\"valueName\":\"search_term_string\"}}],\"inLanguage\":\"it-IT\"}]}<\/script>\n<!-- \/ Yoast SEO plugin. -->","yoast_head_json":{"title":"FACTS: recensione software didattica a distanza - Accurate Reviews","description":"FACTS: software di gestione delle borse di studio che aiuta le scuole private e religiose a consolidare informazioni sugli studenti.","robots":{"index":"index","follow":"follow","max-snippet":"max-snippet:-1","max-image-preview":"max-image-preview:large","max-video-preview":"max-video-preview:-1"},"canonical":"https:\/\/www.accuratereviews.com\/it\/piattaforme-didattica-distanza\/facts-recensione\/","og_locale":"it_IT","og_type":"article","og_title":"FACTS: recensione software didattica a distanza - Accurate Reviews","og_description":"FACTS: software di gestione delle borse di studio che aiuta le scuole private e religiose a consolidare informazioni sugli studenti.","og_url":"https:\/\/www.accuratereviews.com\/it\/piattaforme-didattica-distanza\/facts-recensione\/","og_site_name":"Accurate Reviews","article_modified_time":"2024-02-14T11:15:31+00:00","og_image":[{"width":1012,"height":334,"url":"https:\/\/www.accuratereviews.com\/wp-content\/uploads\/2024\/02\/Screenshot-2024-02-13-alle-10.14.08.png","type":"image\/png"}],"twitter_card":"summary_large_image","twitter_misc":{"Tempo di lettura stimato":"3 minuti"},"schema":{"@context":"https:\/\/schema.org","@graph":[{"@type":"WebPage","@id":"https:\/\/www.accuratereviews.com\/it\/piattaforme-didattica-distanza\/facts-recensione\/","url":"https:\/\/www.accuratereviews.com\/it\/piattaforme-didattica-distanza\/facts-recensione\/","name":"FACTS: recensione software didattica a distanza - Accurate Reviews","isPartOf":{"@id":"https:\/\/www.accuratereviews.com\/it\/#website"},"primaryImageOfPage":{"@id":"https:\/\/www.accuratereviews.com\/it\/piattaforme-didattica-distanza\/facts-recensione\/#primaryimage"},"image":{"@id":"https:\/\/www.accuratereviews.com\/it\/piattaforme-didattica-distanza\/facts-recensione\/#primaryimage"},"thumbnailUrl":"https:\/\/www.accuratereviews.com\/wp-content\/uploads\/2024\/02\/Screenshot-2024-02-13-alle-10.14.08.png","datePublished":"2024-02-13T17:55:37+00:00","dateModified":"2024-02-14T11:15:31+00:00","description":"FACTS: software di gestione delle borse di studio che aiuta le scuole private e religiose a consolidare informazioni sugli studenti.","breadcrumb":{"@id":"https:\/\/www.accuratereviews.com\/it\/piattaforme-didattica-distanza\/facts-recensione\/#breadcrumb"},"inLanguage":"it-IT","potentialAction":[{"@type":"ReadAction","target":["https:\/\/www.accuratereviews.com\/it\/piattaforme-didattica-distanza\/facts-recensione\/"]}]},{"@type":"ImageObject","inLanguage":"it-IT","@id":"https:\/\/www.accuratereviews.com\/it\/piattaforme-didattica-distanza\/facts-recensione\/#primaryimage","url":"https:\/\/www.accuratereviews.com\/wp-content\/uploads\/2024\/02\/Screenshot-2024-02-13-alle-10.14.08.png","contentUrl":"https:\/\/www.accuratereviews.com\/wp-content\/uploads\/2024\/02\/Screenshot-2024-02-13-alle-10.14.08.png","width":1012,"height":334},{"@type":"BreadcrumbList","@id":"https:\/\/www.accuratereviews.com\/it\/piattaforme-didattica-distanza\/facts-recensione\/#breadcrumb","itemListElement":[{"@type":"ListItem","position":1,"name":"Home","item":"https:\/\/www.accuratereviews.com\/it\/"},{"@type":"ListItem","position":2,"name":"Piattaforme per la didattica a distanza","item":"https:\/\/www.accuratereviews.com\/it\/piattaforme-didattica-distanza\/"},{"@type":"ListItem","position":3,"name":"Facts"}]},{"@type":"WebSite","@id":"https:\/\/www.accuratereviews.com\/it\/#website","url":"https:\/\/www.accuratereviews.com\/it\/","name":"Accurate Reviews","description":"","potentialAction":[{"@type":"SearchAction","target":{"@type":"EntryPoint","urlTemplate":"https:\/\/www.accuratereviews.com\/it\/?s={search_term_string}"},"query-input":{"@type":"PropertyValueSpecification","valueRequired":true,"valueName":"search_term_string"}}],"inLanguage":"it-IT"}]}},"_links":{"self":[{"href":"https:\/\/www.accuratereviews.com\/it\/wp-json\/wp\/v2\/pages\/74454","targetHints":{"allow":["GET"]}}],"collection":[{"href":"https:\/\/www.accuratereviews.com\/it\/wp-json\/wp\/v2\/pages"}],"about":[{"href":"https:\/\/www.accuratereviews.com\/it\/wp-json\/wp\/v2\/types\/page"}],"author":[{"embeddable":true,"href":"https:\/\/www.accuratereviews.com\/it\/wp-json\/wp\/v2\/users\/19"}],"replies":[{"embeddable":true,"href":"https:\/\/www.accuratereviews.com\/it\/wp-json\/wp\/v2\/comments?post=74454"}],"version-history":[{"count":11,"href":"https:\/\/www.accuratereviews.com\/it\/wp-json\/wp\/v2\/pages\/74454\/revisions"}],"predecessor-version":[{"id":74490,"href":"https:\/\/www.accuratereviews.com\/it\/wp-json\/wp\/v2\/pages\/74454\/revisions\/74490"}],"up":[{"embeddable":true,"href":"https:\/\/www.accuratereviews.com\/it\/wp-json\/wp\/v2\/pages\/30279"}],"wp:featuredmedia":[{"embeddable":true,"href":"https:\/\/www.accuratereviews.com\/it\/wp-json\/wp\/v2\/media\/74455"}],"wp:attachment":[{"href":"https:\/\/www.accuratereviews.com\/it\/wp-json\/wp\/v2\/media?parent=74454"}],"wp:term":[{"taxonomy":"category","embeddable":true,"href":"https:\/\/www.accuratereviews.com\/it\/wp-json\/wp\/v2\/categories?post=74454"},{"taxonomy":"post_tag","embeddable":true,"href":"https:\/\/www.accuratereviews.com\/it\/wp-json\/wp\/v2\/tags?post=74454"},{"taxonomy":"features","embeddable":true,"href":"https:\/\/www.accuratereviews.com\/it\/wp-json\/wp\/v2\/features?post=74454"}],"curies":[{"name":"wp","href":"https:\/\/api.w.org\/{rel}","templated":true}]}}