{"id":7446,"date":"2017-01-19T09:48:42","date_gmt":"2017-01-19T09:48:42","guid":{"rendered":"http:\/\/www.accuratereviews.com\/?page_id=7446\/"},"modified":"2019-06-04T15:01:55","modified_gmt":"2019-06-04T15:01:55","slug":"antivirus-per-mac-guida","status":"publish","type":"page","link":"https:\/\/www.accuratereviews.com\/it\/antivirus-per-mac-guida\/","title":{"rendered":"Antivirus per Mac"},"content":{"rendered":"<p><a href=\"http:\/\/www.accuratereviews.com\/wp-content\/uploads\/2015\/11\/Mac-Antivirus.jpg\" rel=\"attachment wp-att-2464\"><img loading=\"lazy\" decoding=\"async\" class=\"aligncenter size-full wp-image-2464\" src=\"http:\/\/www.accuratereviews.com\/wp-content\/uploads\/2015\/11\/Mac-Antivirus.jpg\" alt=\"Mac Antivirus\" width=\"590\" height=\"473\" srcset=\"https:\/\/www.accuratereviews.com\/wp-content\/uploads\/2015\/11\/Mac-Antivirus.jpg 590w, https:\/\/www.accuratereviews.com\/wp-content\/uploads\/2015\/11\/Mac-Antivirus-300x241.jpg 300w, https:\/\/www.accuratereviews.com\/wp-content\/uploads\/2015\/11\/Mac-Antivirus-156x125.jpg 156w, https:\/\/www.accuratereviews.com\/wp-content\/uploads\/2015\/11\/Mac-Antivirus-50x40.jpg 50w, https:\/\/www.accuratereviews.com\/wp-content\/uploads\/2015\/11\/Mac-Antivirus-320x257.jpg 320w, https:\/\/www.accuratereviews.com\/wp-content\/uploads\/2015\/11\/Mac-Antivirus-239x192.jpg 239w\" sizes=\"auto, (max-width: 590px) 100vw, 590px\" \/><\/a><\/p>\n<p>Soprattutto, dovete tenere a mente che anche i malware per Windows o Linux possono essre delle minacce per il vostro Mac. Anche se quei virus non possono girare su macOS, vi rubano spazio e possono usare il vostro computer come veicolo di contagio. Per mettere a tacere gli scettici, <strong>AV-Test Institute e AV-Comparatives, due laboratori indipendenti, hanno confermato che i software antivirus per Mac sono efficaci<\/strong> per rimuovere malware e minacce web.<\/p>\n<p>Per essere chiamato \u201c<strong>virus<\/strong>\u201d, un programma per computer deve obbedire a due regole fondamentali: <strong>deve essere capace di eseguirsi da solo, e deve replicare s\u00e9 stesso in qualche maniera<\/strong>. Ultimamente, per indicare qualsiasi file o software che voglia arrecare danni ai vostri dati o PC \u00e8 stato anche usato il termine <strong>\u201cmalware\u201d, una contrazione di \u201csoftware maligno\u201d<\/strong>. Se il virus non ha bisogno di un ospite per diffondersi, viene chiamato worm. A seconda dei suoi obiettivi, un malware pu\u00f2 essere chiamato in altri modi ancora.<br \/>\nSe cerca di farsi passare per <strong>un file o un allegato innocuo, \u00e8 un virus trojan<\/strong>. Uno <strong>spyware<\/strong> \u00e8 un particolare tipo di virus che <strong>spia le attivit\u00e0 che svolgete al computer<\/strong>, spesso usando un keylogger per registrare le combinazioni di tasti che premete, per poter cos\u00ec rubare dati sensibili come le informazioni della carta di credito o altri dati personali. Quando un virus infetta con pubblicit\u00e0 non richiesta il vostro browser o altre parti del sistema, avete incontrato un adware. <strong>Un rootkit<\/strong>, invece, \u00e8 <strong>un virus che dar\u00e0 accesso ad altri software ad aree del vostro hard disk<\/strong> che normalmente dovrebbero essere private. Ransomware sono un tipo di virus piuttosto insidioso che vi impedir\u00e0 l\u2019accesso ai vostri dati o al vostro account e vi obbligher\u00e0 a pagare un riscatto per tornare in controllo.<\/p>\n<p>A seconda della situazione e della gravit\u00e0 del problema, ci sono diverse cose che potete fare per risolvere l\u2019infezione \u2013 o prevenirla. <strong>Se siete un utente comune o un freelance, probabilmente starete tranquilli con le versioni base di qualsiasi antivirus<\/strong> abbiamo testato, dando per scontato che lo aggiorniate sempre e non andiate alla ricerca di minacce per il vostro Mac.<\/p>\n<p><strong>La prima linea di difesa \u00e8 \u2013 ovviamente \u2013 il firewall del vostro Mac<\/strong>, che dovreste sempre aver attivo. Molte software house realizzano software firewall, spesso inclusi nelle loro suite di sicurezza. Cos\u00ec potete scegliere la migliore suite internet a seconda dei vostri bisogni \u2013 o dei vostri problemi. La maggior parte di essi realizzano una scansione completa del vostro sistema, distruggendo malware, adware o spyware eventualmente presenti sul vostro Mac. Queste applicazioni di sicurezza verificano ogni sito a cui accedete e vi avviseranno se c\u2019\u00e8 qualcosa di sospetto in corso; possono eseguire la stessa verifica sui link trovati sui feed dei vostri social network.<\/p>\n<p><strong>Alcune suite di sicurezza, di solito quelle pi\u00f9 costose, aggiungono anche dei filtri famiglia nel sistema<\/strong>, permettendovi di bloccare l\u2019accesso ad altri utenti del Mac a contenuti inappropriati. <strong>Funzioni anti-phishing scendono in campo ogni qual volta riceviate (e clicchiate) un messaggio<\/strong>, per controllare che non siano truffe che vi spingono a inserire informazioni personali come il codice della carta di credito o altre password private in siti fasulli.<\/p>\n<p><strong>Se lavorate in un\u2019azienda, il vostro settore IT ha gi\u00e0 impiegato diverse risorse per proteggere la sicurezza informatica dell\u2019azienda<\/strong>, che significa tipicamente crittografia end-to-end, scansione dei file sul server, protezione del server email, e un firewall molto pi\u00f9 resistente. Le versioni aziendali dei software di sicurezza di solito permettono agli amministratori del sistema informatico un controllo capillare sulle macchine dell\u2019ufficio, e allo stesso tempo possono scegliere diversi livelli di sicurezza per diversi gruppi di utenti o impiegati. Come per le versioni per il consumatore, <strong>\u00e8 importante che un antivirus sia in grado di bloccare falle non previste<\/strong>, cio\u00e8 che il suo software sia ben calibrato per riconoscere e neutralizzare il malware che non \u00e8 stato ancora ufficialmente inseriti nell\u2019elenco delle minacce.<\/p>\n<p>In ogni caso, la migliore strategia per rimanere al sicuro su internet \u00e8 semplice: state attenti a qualsiasi sito visitiate, cercare di scaricare il meno possibile (specialmente da siti che non conoscete), non aprite allegati provenienti da qualcuno che non \u00e8 gi\u00e0 tra i vostri contatti. <strong>Ricordate: l\u2019anello debole in questo caso non \u00e8 il virus, non \u00e8 il computer: \u00e8 l\u2019utente. Voi<\/strong>.<\/p>\n","protected":false},"excerpt":{"rendered":"<p>Soprattutto, dovete tenere a mente che anche i malware per Windows o Linux possono essre delle minacce per il vostro Mac. Anche se quei virus non possono girare su macOS, vi rubano spazio e possono usare il vostro computer come veicolo di contagio. Per mettere a tacere gli scettici, AV-Test Institute e AV-Comparatives, due laboratori [&hellip;]<\/p>\n","protected":false},"author":16,"featured_media":0,"parent":0,"menu_order":112,"comment_status":"closed","ping_status":"closed","template":"g1_template_page_category_userguide.php","meta":{"_acf_changed":false,"cwp_meta_box_check":"No","cwp_rev_product_name":"","cwp_rev_product_image":"","wppr_links":[],"cwp_rev_price":"","wppr_options":[],"wppr_pros":[],"wppr_cons":[],"_monsterinsights_skip_tracking":false,"_monsterinsights_sitenote_active":false,"_monsterinsights_sitenote_note":"","_monsterinsights_sitenote_category":0,"footnotes":""},"categories":[166],"tags":[720,713,715,721,714,722],"features":[],"class_list":{"0":"post-7446","1":"page","2":"type-page","3":"status-publish","5":"category-antivirus-mac-it","6":"tag-anti-phishing","7":"tag-malware","8":"tag-programma-antivirus-per-mac","9":"tag-rootkit","10":"tag-software-antivirus-per-mac","11":"tag-spyware"},"wppr_data":{"cwp_meta_box_check":"No","cwp_rev_product_name":"","cwp_rev_product_image":"","cwp_image_link":"image","cwp_rev_price":""},"acf":[],"yoast_head":"<!-- This site is optimized with the Yoast SEO plugin v27.4 - https:\/\/yoast.com\/product\/yoast-seo-wordpress\/ -->\n<title>Guida ai migliori antivirus per Mac del 2019 | Accurate Reviews<\/title>\n<meta name=\"description\" content=\"You jumped the fence thinking an Apple computer would be safer than a PC? Generally it&#039;s true, but protect you computer anyway with an antivirus for Mac.\" \/>\n<meta name=\"robots\" content=\"index, follow, max-snippet:-1, max-image-preview:large, max-video-preview:-1\" \/>\n<link rel=\"canonical\" href=\"https:\/\/www.accuratereviews.com\/it\/antivirus-per-mac-guida\/\" \/>\n<meta property=\"og:locale\" content=\"it_IT\" \/>\n<meta property=\"og:type\" content=\"article\" \/>\n<meta property=\"og:title\" content=\"Guida ai migliori antivirus per Mac del 2019 | Accurate Reviews\" \/>\n<meta property=\"og:description\" content=\"You jumped the fence thinking an Apple computer would be safer than a PC? Generally it&#039;s true, but protect you computer anyway with an antivirus for Mac.\" \/>\n<meta property=\"og:url\" content=\"https:\/\/www.accuratereviews.com\/it\/antivirus-per-mac-guida\/\" \/>\n<meta property=\"og:site_name\" content=\"Accurate Reviews\" \/>\n<meta property=\"article:modified_time\" content=\"2019-06-04T15:01:55+00:00\" \/>\n<meta property=\"og:image\" content=\"http:\/\/www.accuratereviews.com\/wp-content\/uploads\/2015\/11\/Mac-Antivirus.jpg\" \/>\n<meta name=\"twitter:card\" content=\"summary_large_image\" \/>\n<meta name=\"twitter:label1\" content=\"Tempo di lettura stimato\" \/>\n\t<meta name=\"twitter:data1\" content=\"4 minuti\" \/>\n<script type=\"application\/ld+json\" class=\"yoast-schema-graph\">{\"@context\":\"https:\\\/\\\/schema.org\",\"@graph\":[{\"@type\":\"WebPage\",\"@id\":\"https:\\\/\\\/www.accuratereviews.com\\\/it\\\/antivirus-per-mac-guida\\\/\",\"url\":\"https:\\\/\\\/www.accuratereviews.com\\\/it\\\/antivirus-per-mac-guida\\\/\",\"name\":\"Guida ai migliori antivirus per Mac del 2019 | Accurate Reviews\",\"isPartOf\":{\"@id\":\"https:\\\/\\\/www.accuratereviews.com\\\/it\\\/#website\"},\"primaryImageOfPage\":{\"@id\":\"https:\\\/\\\/www.accuratereviews.com\\\/it\\\/antivirus-per-mac-guida\\\/#primaryimage\"},\"image\":{\"@id\":\"https:\\\/\\\/www.accuratereviews.com\\\/it\\\/antivirus-per-mac-guida\\\/#primaryimage\"},\"thumbnailUrl\":\"http:\\\/\\\/www.accuratereviews.com\\\/wp-content\\\/uploads\\\/2015\\\/11\\\/Mac-Antivirus.jpg\",\"datePublished\":\"2017-01-19T09:48:42+00:00\",\"dateModified\":\"2019-06-04T15:01:55+00:00\",\"description\":\"You jumped the fence thinking an Apple computer would be safer than a PC? Generally it's true, but protect you computer anyway with an antivirus for Mac.\",\"breadcrumb\":{\"@id\":\"https:\\\/\\\/www.accuratereviews.com\\\/it\\\/antivirus-per-mac-guida\\\/#breadcrumb\"},\"inLanguage\":\"it-IT\",\"potentialAction\":[{\"@type\":\"ReadAction\",\"target\":[\"https:\\\/\\\/www.accuratereviews.com\\\/it\\\/antivirus-per-mac-guida\\\/\"]}]},{\"@type\":\"ImageObject\",\"inLanguage\":\"it-IT\",\"@id\":\"https:\\\/\\\/www.accuratereviews.com\\\/it\\\/antivirus-per-mac-guida\\\/#primaryimage\",\"url\":\"http:\\\/\\\/www.accuratereviews.com\\\/wp-content\\\/uploads\\\/2015\\\/11\\\/Mac-Antivirus.jpg\",\"contentUrl\":\"http:\\\/\\\/www.accuratereviews.com\\\/wp-content\\\/uploads\\\/2015\\\/11\\\/Mac-Antivirus.jpg\"},{\"@type\":\"BreadcrumbList\",\"@id\":\"https:\\\/\\\/www.accuratereviews.com\\\/it\\\/antivirus-per-mac-guida\\\/#breadcrumb\",\"itemListElement\":[{\"@type\":\"ListItem\",\"position\":1,\"name\":\"Home\",\"item\":\"https:\\\/\\\/www.accuratereviews.com\\\/it\\\/\"},{\"@type\":\"ListItem\",\"position\":2,\"name\":\"Antivirus per Mac\"}]},{\"@type\":\"WebSite\",\"@id\":\"https:\\\/\\\/www.accuratereviews.com\\\/it\\\/#website\",\"url\":\"https:\\\/\\\/www.accuratereviews.com\\\/it\\\/\",\"name\":\"Accurate Reviews\",\"description\":\"\",\"potentialAction\":[{\"@type\":\"SearchAction\",\"target\":{\"@type\":\"EntryPoint\",\"urlTemplate\":\"https:\\\/\\\/www.accuratereviews.com\\\/it\\\/?s={search_term_string}\"},\"query-input\":{\"@type\":\"PropertyValueSpecification\",\"valueRequired\":true,\"valueName\":\"search_term_string\"}}],\"inLanguage\":\"it-IT\"}]}<\/script>\n<!-- \/ Yoast SEO plugin. -->","yoast_head_json":{"title":"Guida ai migliori antivirus per Mac del 2019 | Accurate Reviews","description":"You jumped the fence thinking an Apple computer would be safer than a PC? Generally it's true, but protect you computer anyway with an antivirus for Mac.","robots":{"index":"index","follow":"follow","max-snippet":"max-snippet:-1","max-image-preview":"max-image-preview:large","max-video-preview":"max-video-preview:-1"},"canonical":"https:\/\/www.accuratereviews.com\/it\/antivirus-per-mac-guida\/","og_locale":"it_IT","og_type":"article","og_title":"Guida ai migliori antivirus per Mac del 2019 | Accurate Reviews","og_description":"You jumped the fence thinking an Apple computer would be safer than a PC? Generally it's true, but protect you computer anyway with an antivirus for Mac.","og_url":"https:\/\/www.accuratereviews.com\/it\/antivirus-per-mac-guida\/","og_site_name":"Accurate Reviews","article_modified_time":"2019-06-04T15:01:55+00:00","og_image":[{"url":"http:\/\/www.accuratereviews.com\/wp-content\/uploads\/2015\/11\/Mac-Antivirus.jpg","type":"","width":"","height":""}],"twitter_card":"summary_large_image","twitter_misc":{"Tempo di lettura stimato":"4 minuti"},"schema":{"@context":"https:\/\/schema.org","@graph":[{"@type":"WebPage","@id":"https:\/\/www.accuratereviews.com\/it\/antivirus-per-mac-guida\/","url":"https:\/\/www.accuratereviews.com\/it\/antivirus-per-mac-guida\/","name":"Guida ai migliori antivirus per Mac del 2019 | Accurate Reviews","isPartOf":{"@id":"https:\/\/www.accuratereviews.com\/it\/#website"},"primaryImageOfPage":{"@id":"https:\/\/www.accuratereviews.com\/it\/antivirus-per-mac-guida\/#primaryimage"},"image":{"@id":"https:\/\/www.accuratereviews.com\/it\/antivirus-per-mac-guida\/#primaryimage"},"thumbnailUrl":"http:\/\/www.accuratereviews.com\/wp-content\/uploads\/2015\/11\/Mac-Antivirus.jpg","datePublished":"2017-01-19T09:48:42+00:00","dateModified":"2019-06-04T15:01:55+00:00","description":"You jumped the fence thinking an Apple computer would be safer than a PC? Generally it's true, but protect you computer anyway with an antivirus for Mac.","breadcrumb":{"@id":"https:\/\/www.accuratereviews.com\/it\/antivirus-per-mac-guida\/#breadcrumb"},"inLanguage":"it-IT","potentialAction":[{"@type":"ReadAction","target":["https:\/\/www.accuratereviews.com\/it\/antivirus-per-mac-guida\/"]}]},{"@type":"ImageObject","inLanguage":"it-IT","@id":"https:\/\/www.accuratereviews.com\/it\/antivirus-per-mac-guida\/#primaryimage","url":"http:\/\/www.accuratereviews.com\/wp-content\/uploads\/2015\/11\/Mac-Antivirus.jpg","contentUrl":"http:\/\/www.accuratereviews.com\/wp-content\/uploads\/2015\/11\/Mac-Antivirus.jpg"},{"@type":"BreadcrumbList","@id":"https:\/\/www.accuratereviews.com\/it\/antivirus-per-mac-guida\/#breadcrumb","itemListElement":[{"@type":"ListItem","position":1,"name":"Home","item":"https:\/\/www.accuratereviews.com\/it\/"},{"@type":"ListItem","position":2,"name":"Antivirus per Mac"}]},{"@type":"WebSite","@id":"https:\/\/www.accuratereviews.com\/it\/#website","url":"https:\/\/www.accuratereviews.com\/it\/","name":"Accurate Reviews","description":"","potentialAction":[{"@type":"SearchAction","target":{"@type":"EntryPoint","urlTemplate":"https:\/\/www.accuratereviews.com\/it\/?s={search_term_string}"},"query-input":{"@type":"PropertyValueSpecification","valueRequired":true,"valueName":"search_term_string"}}],"inLanguage":"it-IT"}]}},"_links":{"self":[{"href":"https:\/\/www.accuratereviews.com\/it\/wp-json\/wp\/v2\/pages\/7446","targetHints":{"allow":["GET"]}}],"collection":[{"href":"https:\/\/www.accuratereviews.com\/it\/wp-json\/wp\/v2\/pages"}],"about":[{"href":"https:\/\/www.accuratereviews.com\/it\/wp-json\/wp\/v2\/types\/page"}],"author":[{"embeddable":true,"href":"https:\/\/www.accuratereviews.com\/it\/wp-json\/wp\/v2\/users\/16"}],"replies":[{"embeddable":true,"href":"https:\/\/www.accuratereviews.com\/it\/wp-json\/wp\/v2\/comments?post=7446"}],"version-history":[{"count":5,"href":"https:\/\/www.accuratereviews.com\/it\/wp-json\/wp\/v2\/pages\/7446\/revisions"}],"predecessor-version":[{"id":7506,"href":"https:\/\/www.accuratereviews.com\/it\/wp-json\/wp\/v2\/pages\/7446\/revisions\/7506"}],"wp:attachment":[{"href":"https:\/\/www.accuratereviews.com\/it\/wp-json\/wp\/v2\/media?parent=7446"}],"wp:term":[{"taxonomy":"category","embeddable":true,"href":"https:\/\/www.accuratereviews.com\/it\/wp-json\/wp\/v2\/categories?post=7446"},{"taxonomy":"post_tag","embeddable":true,"href":"https:\/\/www.accuratereviews.com\/it\/wp-json\/wp\/v2\/tags?post=7446"},{"taxonomy":"features","embeddable":true,"href":"https:\/\/www.accuratereviews.com\/it\/wp-json\/wp\/v2\/features?post=7446"}],"curies":[{"name":"wp","href":"https:\/\/api.w.org\/{rel}","templated":true}]}}