{"id":74516,"date":"2024-02-15T17:14:13","date_gmt":"2024-02-15T17:14:13","guid":{"rendered":"https:\/\/www.accuratereviews.com\/?page_id=74516"},"modified":"2024-02-15T17:58:40","modified_gmt":"2024-02-15T17:58:40","slug":"charlie-recensione","status":"publish","type":"page","link":"https:\/\/www.accuratereviews.com\/it\/software-gestione-recensioni\/charlie-recensione\/","title":{"rendered":"YourCharlie"},"content":{"rendered":"<p><strong>YourCharlie<\/strong> \u00e8 un software che si propone di semplificare e migliorare la gestione delle risorse umane all&#8217;interno delle organizzazioni. La piattaforma offre una vasta gamma di funzionalit\u00e0 progettate per ottimizzare i processi HR, tra cui la gestione delle prestazioni, la pianificazione dei turni, la comunicazione interna e la <strong>raccolta di recensioni<\/strong> dai dipendenti.<br \/>\nCon <strong>YourCharlie<\/strong>, sembra che sia possibile raccogliere, gestire e condividere i <strong>video testimonial<\/strong> dei dipendenti in modo efficace. I video testimonial\u00a0rappresentano un modo potente per mostrare le esperienze positive dei dipendenti e promuovere la cultura aziendale. Attraverso i video, i dipendenti possono condividere le loro storie, i successi e le sfide affrontate nel contesto lavorativo. Questo tipo di contenuto pu\u00f2 essere prezioso per attirare nuovi talenti, creare un legame emotivo con potenziali candidati e rafforzare l&#8217;immagine del datore di lavoro.<\/p>\n<h2>YOURCHARLIE &#8211; TUTORIAL<\/h2>\n<div id=\"fluid-wrapper-counter-1\" class=\"g1-fluid-wrapper \" style=\"width:686px;\">\n<div style=\"padding-bottom:56.268221574344%;\"><iframe loading=\"lazy\" title=\"YourCharlie - D\u00e9monstration logiciel fran\u00e7ais\" width=\"686\" height=\"386\" src=\"https:\/\/www.youtube.com\/embed\/yBsgs-kAfro?feature=oembed&amp;wmode=transparent&amp;autohide=1&amp;autoplay=0&amp;disablekb=0&amp;fs=1&amp;loop=0&amp;enablejsapi=1&amp;rel=0&amp;controls=2&amp;showinfo=0&amp;wmode=transparent&amp;autohide=2&amp;autoplay=0&amp;disablekb=0&amp;fs=1&amp;loop=0&amp;enablejsapi=1&amp;rel=0&amp;controls=2&amp;showinfo=1\" frameborder=\"0\" allow=\"accelerometer; autoplay; clipboard-write; encrypted-media; gyroscope; picture-in-picture; web-share\" allowfullscreen><\/iframe><\/div>\n<\/div>\n<h3>YOURCHARLIE &#8211; CARATTERISTICHE<\/h3>\n<ul>\n<li><strong>Gestione delle recensioni<\/strong>: offre strumenti per gestire le recensioni dei dipendenti, consentendo alle aziende di raccogliere, monitorare e rispondere alle recensioni in modo efficace.<\/li>\n<li><strong>Video testimonial<\/strong>: supporta la raccolta e la gestione dei video testimonial dei dipendenti, consentendo loro di condividere le loro esperienze e storie lavorative in modo autentico.<\/li>\n<li><strong>Engagement dei dipendenti<\/strong>: aiuta a coinvolgere i dipendenti attraverso sondaggi, feedback e riconoscimenti, promuovendo un ambiente lavorativo positivo e favorevole.<\/li>\n<li><strong>Analisi e reportistica<\/strong>: fornisce analisi approfondite sull&#8217;engagement dei dipendenti e sulla gestione delle recensioni, consentendo alle aziende di valutare le prestazioni e identificare aree di miglioramento.<\/li>\n<li><strong>Personalizzazione<\/strong>: consente alle aziende di personalizzare l&#8217;esperienza in base alle proprie esigenze, inclusi il branding e le funzionalit\u00e0 specifiche desiderate.<\/li>\n<li><strong>Supporto multilingue<\/strong>: supporta pi\u00f9 lingue, consentendo alle aziende con una presenza internazionale di utilizzare il software in diverse regioni.<\/li>\n<\/ul>\n<h4>LE RECENSIONI DEGLI UTENTI<\/h4>\n<p><strong>Ari &#8220;Raccomandazioni\/raccomandazioni vere e proprie&#8221;<\/strong><br \/>\nCommenti: Voglio aumentare la consapevolezza del mio marchio chiedendo ai miei ospiti del podcast di offrire una raccomandazione video, e Charlie lo fa perfettamente.<br \/>\nPro: Interfaccia molto facile da usare, il software e il suo team sono davvero fantastici, molto reattivi.<br \/>\nContro: Niente. Tutto \u00e8 perfetto, quindi non ho nulla di negativo da dire.<\/p>\n<p><strong>Emilie &#8220;Octoplus-coaching&#8221;<\/strong><br \/>\nCommenti: \u00c8 stato un grande aiuto per la mia palestra. Questo ha aiutato a rassicurare i miei clienti nel loro processo di acquisto.<br \/>\nPro: la facilit\u00e0 di richiedere testimonianze, la semplicit\u00e0, l&#8217;accessibilit\u00e0 anche a chi non \u00e8 pratico di tecnologia e l&#8217;alta qualit\u00e0 del servizio clienti.<br \/>\nContro: Niente, tutto \u00e8 assolutamente perfetto. Il team mi ha informato che sta lavorando duramente per continuare a sviluppare il software, in particolare su ulteriori funzionalit\u00e0. La promessa del cliente \u00e8 riuscita.<\/p>\n<p><strong>Mathieu &#8220;Efficiente ed efficace&#8221;<\/strong><br \/>\nCommenti: Ottima esperienza. Fluida, intuitiva e conveniente.<br \/>\nPro: Facile da usare, pratico, moderno ed efficiente!<br \/>\nContro: Per me \u00e8 tutto perfetto. Continuate a lavorare bene.<\/p>\n","protected":false},"excerpt":{"rendered":"<p>YourCharlie \u00e8 un software che si propone di semplificare e migliorare la gestione delle risorse umane all&#8217;interno delle organizzazioni. La piattaforma offre una vasta gamma di funzionalit\u00e0 progettate per ottimizzare i processi HR, tra cui la gestione delle prestazioni, la pianificazione dei turni, la comunicazione interna e la raccolta di recensioni dai dipendenti. Con YourCharlie, [&hellip;]<\/p>\n","protected":false},"author":17,"featured_media":74527,"parent":60645,"menu_order":0,"comment_status":"open","ping_status":"closed","template":"g1_template_page_review_new.php","meta":{"_acf_changed":false,"cwp_meta_box_check":"No","cwp_rev_product_name":"","cwp_rev_product_image":"","wppr_links":[],"cwp_rev_price":"","wppr_options":[],"wppr_pros":[],"wppr_cons":[],"_monsterinsights_skip_tracking":false,"_monsterinsights_sitenote_active":false,"_monsterinsights_sitenote_note":"","_monsterinsights_sitenote_category":0,"footnotes":""},"categories":[13158],"tags":[13178,13248,13249,13189,13206],"features":[],"class_list":{"0":"post-74516","1":"page","2":"type-page","3":"status-publish","4":"has-post-thumbnail","6":"category-software-per-la-gestione-delle-recensioni","7":"tag-app-gestione-recensioni","8":"tag-piattaforma-di-gestione-recensioni","9":"tag-programma-di-gestione-recensioni","10":"tag-programma-per-gestire-recensioni","11":"tag-software-gestione-recensioni"},"wppr_data":{"cwp_meta_box_check":"No"},"acf":[],"yoast_head":"<!-- This site is optimized with the Yoast SEO plugin v27.4 - https:\/\/yoast.com\/product\/yoast-seo-wordpress\/ -->\n<title>YourCharlie: recensione software - Accurate Reviews<\/title>\n<meta name=\"robots\" content=\"index, follow, max-snippet:-1, max-image-preview:large, max-video-preview:-1\" \/>\n<link rel=\"canonical\" href=\"https:\/\/www.accuratereviews.com\/it\/software-gestione-recensioni\/charlie-recensione\/\" \/>\n<meta property=\"og:locale\" content=\"it_IT\" \/>\n<meta property=\"og:type\" content=\"article\" \/>\n<meta property=\"og:title\" content=\"YourCharlie: recensione software - Accurate Reviews\" \/>\n<meta property=\"og:description\" content=\"YourCharlie \u00e8 un software che si propone di semplificare e migliorare la gestione delle risorse umane all&#8217;interno delle organizzazioni. La piattaforma offre una vasta gamma di funzionalit\u00e0 progettate per ottimizzare i processi HR, tra cui la gestione delle prestazioni, la pianificazione dei turni, la comunicazione interna e la raccolta di recensioni dai dipendenti. Con YourCharlie, [&hellip;]\" \/>\n<meta property=\"og:url\" content=\"https:\/\/www.accuratereviews.com\/it\/software-gestione-recensioni\/charlie-recensione\/\" \/>\n<meta property=\"og:site_name\" content=\"Accurate Reviews\" \/>\n<meta property=\"article:modified_time\" content=\"2024-02-15T17:58:40+00:00\" \/>\n<meta property=\"og:image\" content=\"https:\/\/www.accuratereviews.com\/wp-content\/uploads\/2024\/02\/Screenshot-2024-02-15-alle-17.56.21-1.png\" \/>\n\t<meta property=\"og:image:width\" content=\"603\" \/>\n\t<meta property=\"og:image:height\" content=\"200\" \/>\n\t<meta property=\"og:image:type\" content=\"image\/png\" \/>\n<meta name=\"twitter:card\" content=\"summary_large_image\" \/>\n<meta name=\"twitter:label1\" content=\"Tempo di lettura stimato\" \/>\n\t<meta name=\"twitter:data1\" content=\"3 minuti\" \/>\n<script type=\"application\/ld+json\" class=\"yoast-schema-graph\">{\"@context\":\"https:\\\/\\\/schema.org\",\"@graph\":[{\"@type\":\"WebPage\",\"@id\":\"https:\\\/\\\/www.accuratereviews.com\\\/it\\\/software-gestione-recensioni\\\/charlie-recensione\\\/\",\"url\":\"https:\\\/\\\/www.accuratereviews.com\\\/it\\\/software-gestione-recensioni\\\/charlie-recensione\\\/\",\"name\":\"YourCharlie: recensione software - Accurate Reviews\",\"isPartOf\":{\"@id\":\"https:\\\/\\\/www.accuratereviews.com\\\/it\\\/#website\"},\"primaryImageOfPage\":{\"@id\":\"https:\\\/\\\/www.accuratereviews.com\\\/it\\\/software-gestione-recensioni\\\/charlie-recensione\\\/#primaryimage\"},\"image\":{\"@id\":\"https:\\\/\\\/www.accuratereviews.com\\\/it\\\/software-gestione-recensioni\\\/charlie-recensione\\\/#primaryimage\"},\"thumbnailUrl\":\"https:\\\/\\\/www.accuratereviews.com\\\/wp-content\\\/uploads\\\/2024\\\/02\\\/Screenshot-2024-02-15-alle-17.56.21-1.png\",\"datePublished\":\"2024-02-15T17:14:13+00:00\",\"dateModified\":\"2024-02-15T17:58:40+00:00\",\"breadcrumb\":{\"@id\":\"https:\\\/\\\/www.accuratereviews.com\\\/it\\\/software-gestione-recensioni\\\/charlie-recensione\\\/#breadcrumb\"},\"inLanguage\":\"it-IT\",\"potentialAction\":[{\"@type\":\"ReadAction\",\"target\":[\"https:\\\/\\\/www.accuratereviews.com\\\/it\\\/software-gestione-recensioni\\\/charlie-recensione\\\/\"]}]},{\"@type\":\"ImageObject\",\"inLanguage\":\"it-IT\",\"@id\":\"https:\\\/\\\/www.accuratereviews.com\\\/it\\\/software-gestione-recensioni\\\/charlie-recensione\\\/#primaryimage\",\"url\":\"https:\\\/\\\/www.accuratereviews.com\\\/wp-content\\\/uploads\\\/2024\\\/02\\\/Screenshot-2024-02-15-alle-17.56.21-1.png\",\"contentUrl\":\"https:\\\/\\\/www.accuratereviews.com\\\/wp-content\\\/uploads\\\/2024\\\/02\\\/Screenshot-2024-02-15-alle-17.56.21-1.png\",\"width\":603,\"height\":200},{\"@type\":\"BreadcrumbList\",\"@id\":\"https:\\\/\\\/www.accuratereviews.com\\\/it\\\/software-gestione-recensioni\\\/charlie-recensione\\\/#breadcrumb\",\"itemListElement\":[{\"@type\":\"ListItem\",\"position\":1,\"name\":\"Home\",\"item\":\"https:\\\/\\\/www.accuratereviews.com\\\/it\\\/\"},{\"@type\":\"ListItem\",\"position\":2,\"name\":\"Software per la gestione delle recensioni\",\"item\":\"https:\\\/\\\/www.accuratereviews.com\\\/it\\\/software-gestione-recensioni\\\/\"},{\"@type\":\"ListItem\",\"position\":3,\"name\":\"YourCharlie\"}]},{\"@type\":\"WebSite\",\"@id\":\"https:\\\/\\\/www.accuratereviews.com\\\/it\\\/#website\",\"url\":\"https:\\\/\\\/www.accuratereviews.com\\\/it\\\/\",\"name\":\"Accurate Reviews\",\"description\":\"\",\"potentialAction\":[{\"@type\":\"SearchAction\",\"target\":{\"@type\":\"EntryPoint\",\"urlTemplate\":\"https:\\\/\\\/www.accuratereviews.com\\\/it\\\/?s={search_term_string}\"},\"query-input\":{\"@type\":\"PropertyValueSpecification\",\"valueRequired\":true,\"valueName\":\"search_term_string\"}}],\"inLanguage\":\"it-IT\"}]}<\/script>\n<!-- \/ Yoast SEO plugin. -->","yoast_head_json":{"title":"YourCharlie: recensione software - Accurate Reviews","robots":{"index":"index","follow":"follow","max-snippet":"max-snippet:-1","max-image-preview":"max-image-preview:large","max-video-preview":"max-video-preview:-1"},"canonical":"https:\/\/www.accuratereviews.com\/it\/software-gestione-recensioni\/charlie-recensione\/","og_locale":"it_IT","og_type":"article","og_title":"YourCharlie: recensione software - Accurate Reviews","og_description":"YourCharlie \u00e8 un software che si propone di semplificare e migliorare la gestione delle risorse umane all&#8217;interno delle organizzazioni. La piattaforma offre una vasta gamma di funzionalit\u00e0 progettate per ottimizzare i processi HR, tra cui la gestione delle prestazioni, la pianificazione dei turni, la comunicazione interna e la raccolta di recensioni dai dipendenti. Con YourCharlie, [&hellip;]","og_url":"https:\/\/www.accuratereviews.com\/it\/software-gestione-recensioni\/charlie-recensione\/","og_site_name":"Accurate Reviews","article_modified_time":"2024-02-15T17:58:40+00:00","og_image":[{"width":603,"height":200,"url":"https:\/\/www.accuratereviews.com\/wp-content\/uploads\/2024\/02\/Screenshot-2024-02-15-alle-17.56.21-1.png","type":"image\/png"}],"twitter_card":"summary_large_image","twitter_misc":{"Tempo di lettura stimato":"3 minuti"},"schema":{"@context":"https:\/\/schema.org","@graph":[{"@type":"WebPage","@id":"https:\/\/www.accuratereviews.com\/it\/software-gestione-recensioni\/charlie-recensione\/","url":"https:\/\/www.accuratereviews.com\/it\/software-gestione-recensioni\/charlie-recensione\/","name":"YourCharlie: recensione software - Accurate Reviews","isPartOf":{"@id":"https:\/\/www.accuratereviews.com\/it\/#website"},"primaryImageOfPage":{"@id":"https:\/\/www.accuratereviews.com\/it\/software-gestione-recensioni\/charlie-recensione\/#primaryimage"},"image":{"@id":"https:\/\/www.accuratereviews.com\/it\/software-gestione-recensioni\/charlie-recensione\/#primaryimage"},"thumbnailUrl":"https:\/\/www.accuratereviews.com\/wp-content\/uploads\/2024\/02\/Screenshot-2024-02-15-alle-17.56.21-1.png","datePublished":"2024-02-15T17:14:13+00:00","dateModified":"2024-02-15T17:58:40+00:00","breadcrumb":{"@id":"https:\/\/www.accuratereviews.com\/it\/software-gestione-recensioni\/charlie-recensione\/#breadcrumb"},"inLanguage":"it-IT","potentialAction":[{"@type":"ReadAction","target":["https:\/\/www.accuratereviews.com\/it\/software-gestione-recensioni\/charlie-recensione\/"]}]},{"@type":"ImageObject","inLanguage":"it-IT","@id":"https:\/\/www.accuratereviews.com\/it\/software-gestione-recensioni\/charlie-recensione\/#primaryimage","url":"https:\/\/www.accuratereviews.com\/wp-content\/uploads\/2024\/02\/Screenshot-2024-02-15-alle-17.56.21-1.png","contentUrl":"https:\/\/www.accuratereviews.com\/wp-content\/uploads\/2024\/02\/Screenshot-2024-02-15-alle-17.56.21-1.png","width":603,"height":200},{"@type":"BreadcrumbList","@id":"https:\/\/www.accuratereviews.com\/it\/software-gestione-recensioni\/charlie-recensione\/#breadcrumb","itemListElement":[{"@type":"ListItem","position":1,"name":"Home","item":"https:\/\/www.accuratereviews.com\/it\/"},{"@type":"ListItem","position":2,"name":"Software per la gestione delle recensioni","item":"https:\/\/www.accuratereviews.com\/it\/software-gestione-recensioni\/"},{"@type":"ListItem","position":3,"name":"YourCharlie"}]},{"@type":"WebSite","@id":"https:\/\/www.accuratereviews.com\/it\/#website","url":"https:\/\/www.accuratereviews.com\/it\/","name":"Accurate Reviews","description":"","potentialAction":[{"@type":"SearchAction","target":{"@type":"EntryPoint","urlTemplate":"https:\/\/www.accuratereviews.com\/it\/?s={search_term_string}"},"query-input":{"@type":"PropertyValueSpecification","valueRequired":true,"valueName":"search_term_string"}}],"inLanguage":"it-IT"}]}},"_links":{"self":[{"href":"https:\/\/www.accuratereviews.com\/it\/wp-json\/wp\/v2\/pages\/74516","targetHints":{"allow":["GET"]}}],"collection":[{"href":"https:\/\/www.accuratereviews.com\/it\/wp-json\/wp\/v2\/pages"}],"about":[{"href":"https:\/\/www.accuratereviews.com\/it\/wp-json\/wp\/v2\/types\/page"}],"author":[{"embeddable":true,"href":"https:\/\/www.accuratereviews.com\/it\/wp-json\/wp\/v2\/users\/17"}],"replies":[{"embeddable":true,"href":"https:\/\/www.accuratereviews.com\/it\/wp-json\/wp\/v2\/comments?post=74516"}],"version-history":[{"count":3,"href":"https:\/\/www.accuratereviews.com\/it\/wp-json\/wp\/v2\/pages\/74516\/revisions"}],"predecessor-version":[{"id":74535,"href":"https:\/\/www.accuratereviews.com\/it\/wp-json\/wp\/v2\/pages\/74516\/revisions\/74535"}],"up":[{"embeddable":true,"href":"https:\/\/www.accuratereviews.com\/it\/wp-json\/wp\/v2\/pages\/60645"}],"wp:featuredmedia":[{"embeddable":true,"href":"https:\/\/www.accuratereviews.com\/it\/wp-json\/wp\/v2\/media\/74527"}],"wp:attachment":[{"href":"https:\/\/www.accuratereviews.com\/it\/wp-json\/wp\/v2\/media?parent=74516"}],"wp:term":[{"taxonomy":"category","embeddable":true,"href":"https:\/\/www.accuratereviews.com\/it\/wp-json\/wp\/v2\/categories?post=74516"},{"taxonomy":"post_tag","embeddable":true,"href":"https:\/\/www.accuratereviews.com\/it\/wp-json\/wp\/v2\/tags?post=74516"},{"taxonomy":"features","embeddable":true,"href":"https:\/\/www.accuratereviews.com\/it\/wp-json\/wp\/v2\/features?post=74516"}],"curies":[{"name":"wp","href":"https:\/\/api.w.org\/{rel}","templated":true}]}}