{"id":74554,"date":"2024-02-16T15:46:38","date_gmt":"2024-02-16T15:46:38","guid":{"rendered":"https:\/\/www.accuratereviews.com\/?page_id=74554"},"modified":"2024-02-16T15:46:38","modified_gmt":"2024-02-16T15:46:38","slug":"graphy-recensione","status":"publish","type":"page","link":"https:\/\/www.accuratereviews.com\/it\/piattaforme-didattica-distanza\/graphy-recensione\/","title":{"rendered":"Graphy"},"content":{"rendered":"<p><strong>Graphy<\/strong> (in precedenza Spayee) \u00e8 una<strong> piattaforma di gestione dell&#8217;apprendimento<\/strong> per creare e vendere corsi online, lanciare siti web o applicazioni didattiche in bianco e condurre valutazioni. I formatori possono caricare domande in Microsoft Word, Excel e altri formati, proteggere i dati utilizzando algoritmi di crittografia e utilizzare contenuti integrati, riferimenti e strumenti di marketing di affiliazione per promuovere i corsi.<br \/>\nLa soluzione consente alle organizzazioni di ospitare <strong>piattaforme di apprendimento<\/strong> utilizzando nomi di dominio personalizzati e di risolvere i dubbi degli studenti tramite forum di discussione o chat dal vivo. Gli istituti possono creare siti web dei corsi con funzionalit\u00e0 di ricerca utilizzando modelli predefiniti e un&#8217;interfaccia drag-and-drop. Gli insegnanti possono anche tenere traccia delle prestazioni, dei risultati, delle classifiche e di altri parametri degli studenti attraverso report e creare corsi con audio, video, PDF, modello di riferimento agli oggetti di contenuto condivisibile (SCORM), compiti e moduli.<\/p>\n<h2>GRAPHY &#8211; TUTORIAL<\/h2>\n<div id=\"fluid-wrapper-counter-1\" class=\"g1-fluid-wrapper \" style=\"width:686px;\">\n<div style=\"padding-bottom:56.268221574344%;\"><iframe loading=\"lazy\" title=\"Graphy&#039;s New AI for Course Creation | New Feature Update\" width=\"686\" height=\"386\" src=\"https:\/\/www.youtube.com\/embed\/NtyGw85_Yz0?feature=oembed&amp;wmode=transparent&amp;autohide=1&amp;autoplay=0&amp;disablekb=0&amp;fs=1&amp;loop=0&amp;enablejsapi=1&amp;rel=0&amp;controls=2&amp;showinfo=0&amp;wmode=transparent&amp;autohide=2&amp;autoplay=0&amp;disablekb=0&amp;fs=1&amp;loop=0&amp;enablejsapi=1&amp;rel=0&amp;controls=2&amp;showinfo=1\" frameborder=\"0\" allow=\"accelerometer; autoplay; clipboard-write; encrypted-media; gyroscope; picture-in-picture; web-share\" allowfullscreen><\/iframe><\/div>\n<\/div>\n<h3>GRAPHY &#8211; CARATTERISTICHE<\/h3>\n<ul>\n<li><strong>Sito web<\/strong>: ottieni la sede online perfetta per i tuoi corsi, prodotti digitali, webinar sull&#8217;onboarding<\/li>\n<li><strong>Personalizza in base al tuo marchio:<\/strong> personalizza il tuo sito web senza competenze tecniche o di progettazione con editor senza codice<\/li>\n<li><strong>Il tuo negozio digitale online<\/strong>: concentrati sui contenuti, mentre il software consolida il tuo business online in un unico sito web<\/li>\n<li><strong>Applicazione mobile<\/strong>: ottieni un&#8217;app mobile predefinita che affasciner\u00e0 i tuoi clienti<\/li>\n<li><strong>Strumenti di marketing<\/strong>: funzioni che ti aiutano ad acquisire pi\u00f9 contatti e ad ampliare la tua attivit\u00e0 basata sulla conoscenza<\/li>\n<li><strong>Comunit\u00e0 di chat<\/strong>: aumenta la fidelizzazione dei membri attraverso interazioni chat coinvolgenti<\/li>\n<li><strong>Sicura<\/strong>: ottieni la massima sicurezza per proteggere i tuoi contenuti dalla pirateria e dall&#8217;accesso non autorizzato.<\/li>\n<li><strong>Assistenza grafica:<\/strong> aumenta le tue entrate senza alcuno sforzo con l&#8217;innovativo Graph Assist<\/li>\n<li><strong>Gateway di pagamento integrati:<\/strong> attiva i tuoi pagamenti in un clic e raccogli gli introiti delle tue vendite in pochissimo tempo.<\/li>\n<li><strong>Supporto di terze parti<\/strong>: connettiti senza problemi con gli strumenti di terze parti preferiti.<\/li>\n<li><strong>Approfondimenti di vendita avanzati<\/strong>: espandi la tua base clienti e vendi con precisione<\/li>\n<\/ul>\n<h4>LE RECENSIONI DEGLI UTENTI<\/h4>\n<p><strong>Milind &#8220;Graphy, conveniente ma facile da usare&#8221;<\/strong><br \/>\n<strong>Pro<\/strong>: Tutto in uno per gestire e far crescere il business della formazione elettronica<br \/>\n<strong>Contro<\/strong>: Sarebbe positivo se ci fossero diversi livelli di opzioni di abbonamento da vendere.<\/p>\n<p><strong>Jacs &#8220;LMS reso semplice&#8221;<\/strong><br \/>\n<strong>Pro<\/strong>: Adoro le funzionalit\u00e0 di sicurezza fornite. Ad esempio, come impostare i PDF caricati per essere condivisi\/scaricabili o meno.<br \/>\n<strong>Contro<\/strong>: Ho acquistato la versione che non include l&#8217;hosting video, quindi devo abbonarmi ad altri per quella parte<\/p>\n<p><strong>Josef &#8220;Piattaforma LMS con funzionalit\u00e0 sorprendenti&#8221;<\/strong><br \/>\n<strong>Commenti<\/strong>: Onboarding impeccabile con supporto eccellente e molto reattivo. Gli sviluppatori sono molto attivi, ascoltano i clienti e offrono nuove funzionalit\u00e0 suggerite. Con mia sorpresa, la funzionalit\u00e0 di affiliazione non prevede costi aggiuntivi, cos\u00ec come altre funzionalit\u00e0 premium come ad esempio il white label. Sono molto soddisfatto di loro finora.<br \/>\n<strong>Pro<\/strong>: Mi piace il fatto che tutti possano iniziare gratuitamente e accedere alla piattaforma LMS con tutte le funzionalit\u00e0. I piani a pagamento offrono tutto generosamente illimitato al momento. Gateway di pagamento senza costi aggiuntivi. Supporto supremo e rapido.<br \/>\n<strong>Contro<\/strong>: Sto aspettando di aggiungere la valuta attualmente non supportata nell&#8217;opzione del gateway di pagamento, ma non sembra che ci siano problemi per loro. Speriamo che lo aggiungano presto.<\/p>\n","protected":false},"excerpt":{"rendered":"<p>Graphy (in precedenza Spayee) \u00e8 una piattaforma di gestione dell&#8217;apprendimento per creare e vendere corsi online, lanciare siti web o applicazioni didattiche in bianco e condurre valutazioni. I formatori possono caricare domande in Microsoft Word, Excel e altri formati, proteggere i dati utilizzando algoritmi di crittografia e utilizzare contenuti integrati, riferimenti e strumenti di marketing di affiliazione per promuovere i corsi.<\/p>\n","protected":false},"author":19,"featured_media":74557,"parent":30279,"menu_order":0,"comment_status":"open","ping_status":"closed","template":"g1_template_page_review_new.php","meta":{"_acf_changed":false,"cwp_meta_box_check":"Yes","cwp_rev_product_name":"","cwp_rev_product_image":"","wppr_links":[],"cwp_rev_price":"0.00","wppr_options":[{"name":"Usability","value":"0"},{"name":"Speed","value":"0"},{"name":"Features","value":"0"},{"name":"Support","value":"0"},{"name":"Pricing","value":"0"}],"wppr_pros":["","","","",""],"wppr_cons":["","","","",""],"_monsterinsights_skip_tracking":false,"_monsterinsights_sitenote_active":false,"_monsterinsights_sitenote_note":"","_monsterinsights_sitenote_category":0,"footnotes":""},"categories":[3634],"tags":[5100,14940,3661,3660,3659,3658],"features":[],"class_list":{"0":"post-74554","1":"page","2":"type-page","3":"status-publish","4":"has-post-thumbnail","6":"category-piattaforme-per-la-didattica-a-distanza-categoria","7":"tag-didattica-a-distanza","8":"tag-graphy","9":"tag-piattaforma-didattica-a-distanza","10":"tag-programma-didattica-a-distanza","11":"tag-software-didattica-a-distanza","12":"tag-soluzione-didattica-a-distanza"},"wppr_data":{"cwp_meta_box_check":"Yes","_wppr_review_template":"default","cwp_rev_product_image":"","cwp_image_link":"image","wppr_links":[],"cwp_rev_price":"0.00","wppr_pros":["","","","",""],"wppr_cons":["","","","",""],"wppr_rating":"0.00","wppr_options":{"1":{"name":"Usability","value":"0"},"2":{"name":"Speed","value":"0"},"3":{"name":"Features","value":"0"},"4":{"name":"Support","value":"0"},"5":{"name":"Pricing","value":"0"}},"wppr_review_type":"Product","wppr_review_custom_fields":{"additionalProperty":"","additionalType":"","aggregateRating":"","alternateName":"","audience":"","award":"","awards":"","brand":"","color":"","depth":"","description":"","disambiguatingDescription":"","gtin12":"","gtin13":"","gtin14":"","gtin8":"","height":"","identifier":"","image":"","isAccessoryOrSparePartFor":"","isConsumableFor":"","isRelatedTo":"","isSimilarTo":"","itemCondition":"","logo":"","mainEntityOfPage":"","manufacturer":"","material":"","model":"","mpn":"","name":"","offers":"","potentialAction":"","productID":"","productionDate":"","purchaseDate":"","releaseDate":"","review":"","reviews":"","sameAs":"","sku":"","slogan":"","subjectOf":"","url":"","weight":"","width":""}},"acf":[],"yoast_head":"<!-- This site is optimized with the Yoast SEO plugin v27.4 - https:\/\/yoast.com\/product\/yoast-seo-wordpress\/ -->\n<title>Graphy: recensione software didattica a distanza - Accurate Reviews<\/title>\n<meta name=\"description\" content=\"Graphy: recensione piattaforma di gestione dell&#039;apprendimento per creare e vendere corsi online, lanciare siti web o applicazioni didattiche.\" \/>\n<meta name=\"robots\" content=\"index, follow, max-snippet:-1, max-image-preview:large, max-video-preview:-1\" \/>\n<link rel=\"canonical\" href=\"https:\/\/www.accuratereviews.com\/it\/piattaforme-didattica-distanza\/graphy-recensione\/\" \/>\n<meta property=\"og:locale\" content=\"it_IT\" \/>\n<meta property=\"og:type\" content=\"article\" \/>\n<meta property=\"og:title\" content=\"Graphy: recensione software didattica a distanza - Accurate Reviews\" \/>\n<meta property=\"og:description\" content=\"Graphy: recensione piattaforma di gestione dell&#039;apprendimento per creare e vendere corsi online, lanciare siti web o applicazioni didattiche.\" \/>\n<meta property=\"og:url\" content=\"https:\/\/www.accuratereviews.com\/it\/piattaforme-didattica-distanza\/graphy-recensione\/\" \/>\n<meta property=\"og:site_name\" content=\"Accurate Reviews\" \/>\n<meta property=\"og:image\" content=\"https:\/\/www.accuratereviews.com\/wp-content\/uploads\/2024\/02\/Graphy.png\" \/>\n\t<meta property=\"og:image:width\" content=\"450\" \/>\n\t<meta property=\"og:image:height\" content=\"300\" \/>\n\t<meta property=\"og:image:type\" content=\"image\/png\" \/>\n<meta name=\"twitter:card\" content=\"summary_large_image\" \/>\n<meta name=\"twitter:label1\" content=\"Tempo di lettura stimato\" \/>\n\t<meta name=\"twitter:data1\" content=\"3 minuti\" \/>\n<script type=\"application\/ld+json\" class=\"yoast-schema-graph\">{\"@context\":\"https:\\\/\\\/schema.org\",\"@graph\":[{\"@type\":\"WebPage\",\"@id\":\"https:\\\/\\\/www.accuratereviews.com\\\/it\\\/piattaforme-didattica-distanza\\\/graphy-recensione\\\/\",\"url\":\"https:\\\/\\\/www.accuratereviews.com\\\/it\\\/piattaforme-didattica-distanza\\\/graphy-recensione\\\/\",\"name\":\"Graphy: recensione software didattica a distanza - Accurate Reviews\",\"isPartOf\":{\"@id\":\"https:\\\/\\\/www.accuratereviews.com\\\/it\\\/#website\"},\"primaryImageOfPage\":{\"@id\":\"https:\\\/\\\/www.accuratereviews.com\\\/it\\\/piattaforme-didattica-distanza\\\/graphy-recensione\\\/#primaryimage\"},\"image\":{\"@id\":\"https:\\\/\\\/www.accuratereviews.com\\\/it\\\/piattaforme-didattica-distanza\\\/graphy-recensione\\\/#primaryimage\"},\"thumbnailUrl\":\"https:\\\/\\\/www.accuratereviews.com\\\/wp-content\\\/uploads\\\/2024\\\/02\\\/Graphy.png\",\"datePublished\":\"2024-02-16T15:46:38+00:00\",\"description\":\"Graphy: recensione piattaforma di gestione dell'apprendimento per creare e vendere corsi online, lanciare siti web o applicazioni didattiche.\",\"breadcrumb\":{\"@id\":\"https:\\\/\\\/www.accuratereviews.com\\\/it\\\/piattaforme-didattica-distanza\\\/graphy-recensione\\\/#breadcrumb\"},\"inLanguage\":\"it-IT\",\"potentialAction\":[{\"@type\":\"ReadAction\",\"target\":[\"https:\\\/\\\/www.accuratereviews.com\\\/it\\\/piattaforme-didattica-distanza\\\/graphy-recensione\\\/\"]}]},{\"@type\":\"ImageObject\",\"inLanguage\":\"it-IT\",\"@id\":\"https:\\\/\\\/www.accuratereviews.com\\\/it\\\/piattaforme-didattica-distanza\\\/graphy-recensione\\\/#primaryimage\",\"url\":\"https:\\\/\\\/www.accuratereviews.com\\\/wp-content\\\/uploads\\\/2024\\\/02\\\/Graphy.png\",\"contentUrl\":\"https:\\\/\\\/www.accuratereviews.com\\\/wp-content\\\/uploads\\\/2024\\\/02\\\/Graphy.png\",\"width\":450,\"height\":300},{\"@type\":\"BreadcrumbList\",\"@id\":\"https:\\\/\\\/www.accuratereviews.com\\\/it\\\/piattaforme-didattica-distanza\\\/graphy-recensione\\\/#breadcrumb\",\"itemListElement\":[{\"@type\":\"ListItem\",\"position\":1,\"name\":\"Home\",\"item\":\"https:\\\/\\\/www.accuratereviews.com\\\/it\\\/\"},{\"@type\":\"ListItem\",\"position\":2,\"name\":\"Piattaforme per la didattica a distanza\",\"item\":\"https:\\\/\\\/www.accuratereviews.com\\\/it\\\/piattaforme-didattica-distanza\\\/\"},{\"@type\":\"ListItem\",\"position\":3,\"name\":\"Graphy\"}]},{\"@type\":\"WebSite\",\"@id\":\"https:\\\/\\\/www.accuratereviews.com\\\/it\\\/#website\",\"url\":\"https:\\\/\\\/www.accuratereviews.com\\\/it\\\/\",\"name\":\"Accurate Reviews\",\"description\":\"\",\"potentialAction\":[{\"@type\":\"SearchAction\",\"target\":{\"@type\":\"EntryPoint\",\"urlTemplate\":\"https:\\\/\\\/www.accuratereviews.com\\\/it\\\/?s={search_term_string}\"},\"query-input\":{\"@type\":\"PropertyValueSpecification\",\"valueRequired\":true,\"valueName\":\"search_term_string\"}}],\"inLanguage\":\"it-IT\"}]}<\/script>\n<!-- \/ Yoast SEO plugin. -->","yoast_head_json":{"title":"Graphy: recensione software didattica a distanza - Accurate Reviews","description":"Graphy: recensione piattaforma di gestione dell'apprendimento per creare e vendere corsi online, lanciare siti web o applicazioni didattiche.","robots":{"index":"index","follow":"follow","max-snippet":"max-snippet:-1","max-image-preview":"max-image-preview:large","max-video-preview":"max-video-preview:-1"},"canonical":"https:\/\/www.accuratereviews.com\/it\/piattaforme-didattica-distanza\/graphy-recensione\/","og_locale":"it_IT","og_type":"article","og_title":"Graphy: recensione software didattica a distanza - Accurate Reviews","og_description":"Graphy: recensione piattaforma di gestione dell'apprendimento per creare e vendere corsi online, lanciare siti web o applicazioni didattiche.","og_url":"https:\/\/www.accuratereviews.com\/it\/piattaforme-didattica-distanza\/graphy-recensione\/","og_site_name":"Accurate Reviews","og_image":[{"width":450,"height":300,"url":"https:\/\/www.accuratereviews.com\/wp-content\/uploads\/2024\/02\/Graphy.png","type":"image\/png"}],"twitter_card":"summary_large_image","twitter_misc":{"Tempo di lettura stimato":"3 minuti"},"schema":{"@context":"https:\/\/schema.org","@graph":[{"@type":"WebPage","@id":"https:\/\/www.accuratereviews.com\/it\/piattaforme-didattica-distanza\/graphy-recensione\/","url":"https:\/\/www.accuratereviews.com\/it\/piattaforme-didattica-distanza\/graphy-recensione\/","name":"Graphy: recensione software didattica a distanza - Accurate Reviews","isPartOf":{"@id":"https:\/\/www.accuratereviews.com\/it\/#website"},"primaryImageOfPage":{"@id":"https:\/\/www.accuratereviews.com\/it\/piattaforme-didattica-distanza\/graphy-recensione\/#primaryimage"},"image":{"@id":"https:\/\/www.accuratereviews.com\/it\/piattaforme-didattica-distanza\/graphy-recensione\/#primaryimage"},"thumbnailUrl":"https:\/\/www.accuratereviews.com\/wp-content\/uploads\/2024\/02\/Graphy.png","datePublished":"2024-02-16T15:46:38+00:00","description":"Graphy: recensione piattaforma di gestione dell'apprendimento per creare e vendere corsi online, lanciare siti web o applicazioni didattiche.","breadcrumb":{"@id":"https:\/\/www.accuratereviews.com\/it\/piattaforme-didattica-distanza\/graphy-recensione\/#breadcrumb"},"inLanguage":"it-IT","potentialAction":[{"@type":"ReadAction","target":["https:\/\/www.accuratereviews.com\/it\/piattaforme-didattica-distanza\/graphy-recensione\/"]}]},{"@type":"ImageObject","inLanguage":"it-IT","@id":"https:\/\/www.accuratereviews.com\/it\/piattaforme-didattica-distanza\/graphy-recensione\/#primaryimage","url":"https:\/\/www.accuratereviews.com\/wp-content\/uploads\/2024\/02\/Graphy.png","contentUrl":"https:\/\/www.accuratereviews.com\/wp-content\/uploads\/2024\/02\/Graphy.png","width":450,"height":300},{"@type":"BreadcrumbList","@id":"https:\/\/www.accuratereviews.com\/it\/piattaforme-didattica-distanza\/graphy-recensione\/#breadcrumb","itemListElement":[{"@type":"ListItem","position":1,"name":"Home","item":"https:\/\/www.accuratereviews.com\/it\/"},{"@type":"ListItem","position":2,"name":"Piattaforme per la didattica a distanza","item":"https:\/\/www.accuratereviews.com\/it\/piattaforme-didattica-distanza\/"},{"@type":"ListItem","position":3,"name":"Graphy"}]},{"@type":"WebSite","@id":"https:\/\/www.accuratereviews.com\/it\/#website","url":"https:\/\/www.accuratereviews.com\/it\/","name":"Accurate Reviews","description":"","potentialAction":[{"@type":"SearchAction","target":{"@type":"EntryPoint","urlTemplate":"https:\/\/www.accuratereviews.com\/it\/?s={search_term_string}"},"query-input":{"@type":"PropertyValueSpecification","valueRequired":true,"valueName":"search_term_string"}}],"inLanguage":"it-IT"}]}},"_links":{"self":[{"href":"https:\/\/www.accuratereviews.com\/it\/wp-json\/wp\/v2\/pages\/74554","targetHints":{"allow":["GET"]}}],"collection":[{"href":"https:\/\/www.accuratereviews.com\/it\/wp-json\/wp\/v2\/pages"}],"about":[{"href":"https:\/\/www.accuratereviews.com\/it\/wp-json\/wp\/v2\/types\/page"}],"author":[{"embeddable":true,"href":"https:\/\/www.accuratereviews.com\/it\/wp-json\/wp\/v2\/users\/19"}],"replies":[{"embeddable":true,"href":"https:\/\/www.accuratereviews.com\/it\/wp-json\/wp\/v2\/comments?post=74554"}],"version-history":[{"count":13,"href":"https:\/\/www.accuratereviews.com\/it\/wp-json\/wp\/v2\/pages\/74554\/revisions"}],"predecessor-version":[{"id":74573,"href":"https:\/\/www.accuratereviews.com\/it\/wp-json\/wp\/v2\/pages\/74554\/revisions\/74573"}],"up":[{"embeddable":true,"href":"https:\/\/www.accuratereviews.com\/it\/wp-json\/wp\/v2\/pages\/30279"}],"wp:featuredmedia":[{"embeddable":true,"href":"https:\/\/www.accuratereviews.com\/it\/wp-json\/wp\/v2\/media\/74557"}],"wp:attachment":[{"href":"https:\/\/www.accuratereviews.com\/it\/wp-json\/wp\/v2\/media?parent=74554"}],"wp:term":[{"taxonomy":"category","embeddable":true,"href":"https:\/\/www.accuratereviews.com\/it\/wp-json\/wp\/v2\/categories?post=74554"},{"taxonomy":"post_tag","embeddable":true,"href":"https:\/\/www.accuratereviews.com\/it\/wp-json\/wp\/v2\/tags?post=74554"},{"taxonomy":"features","embeddable":true,"href":"https:\/\/www.accuratereviews.com\/it\/wp-json\/wp\/v2\/features?post=74554"}],"curies":[{"name":"wp","href":"https:\/\/api.w.org\/{rel}","templated":true}]}}