{"id":74578,"date":"2024-02-19T16:49:39","date_gmt":"2024-02-19T16:49:39","guid":{"rendered":"https:\/\/www.accuratereviews.com\/?page_id=74578"},"modified":"2024-02-20T11:27:10","modified_gmt":"2024-02-20T11:27:10","slug":"nearpod-recensione","status":"publish","type":"page","link":"https:\/\/www.accuratereviews.com\/it\/piattaforme-didattica-distanza\/nearpod-recensione\/","title":{"rendered":"Nearpod"},"content":{"rendered":"<p><strong>Nearpod<\/strong> \u00e8 una<strong> piattaforma di coinvolgimento degli studenti<\/strong>, basata su <strong>cloud<\/strong>, che utilizza lezioni virtuali interattive e discussioni collaborative per la<strong> didattica a distanza<\/strong>. Gli amministratori possono importare manualmente lezioni in vari formati e personalizzarle con sondaggi, bacheche, quiz e attivit\u00e0 di abbinamento o utilizzare le lezioni disponibili nel database per migliorare l&#8217;esperienza di apprendimento.<br \/>\nCon il modulo di apprendimento, gli istruttori possono condurre lezioni gamificate per migliorare la competizione e le interazioni. Si integra con le applicazioni Google e altri numerosi sistemi di gestione dell&#8217;apprendimento come Classroom, Slides, Drive, Canvas, itsLearning, Blackboard e altro. Gli insegnanti possono anche organizzare sessioni dal vivo o di autoapprendimento, facilitare la partecipazione degli studenti attraverso la verifica del codice, sincronizzare e controllare il contenuto su tutti i dispositivi e valutare le risposte degli studenti durante o dopo le sessioni tramite report.<\/p>\n<h2>NEARPOD &#8211; TUTORIAL<\/h2>\n<div id=\"fluid-wrapper-counter-1\" class=\"g1-fluid-wrapper \" style=\"width:686px;\">\n<div style=\"padding-bottom:56.268221574344%;\"><iframe loading=\"lazy\" title=\"What is Nearpod?\" width=\"686\" height=\"386\" src=\"https:\/\/www.youtube.com\/embed\/anTtMRaQLsM?feature=oembed&amp;wmode=transparent&amp;autohide=1&amp;autoplay=0&amp;disablekb=0&amp;fs=1&amp;loop=0&amp;enablejsapi=1&amp;rel=0&amp;controls=2&amp;showinfo=0&amp;wmode=transparent&amp;autohide=2&amp;autoplay=0&amp;disablekb=0&amp;fs=1&amp;loop=0&amp;enablejsapi=1&amp;rel=0&amp;controls=2&amp;showinfo=1\" frameborder=\"0\" allow=\"accelerometer; autoplay; clipboard-write; encrypted-media; gyroscope; picture-in-picture; web-share\" allowfullscreen><\/iframe><\/div>\n<\/div>\n<h3>NEARPOD &#8211; CARATTERISTICHE<\/h3>\n<ul>\n<li>Rendi interattive le lezioni basate su diapositive e raccogli dati sulla comprensione degli studenti aggiungendo valutazioni formative, simulazioni e contenuti multimediali dinamici.<\/li>\n<li>Scegli tra migliaia di lezioni pronte per l&#8217;insegnamento, personalizzabili e allineate agli standard dei marchi preferiti dagli insegnanti.<\/li>\n<li>Crea esperienze video attive per verificare la comprensione con domande interattive integrate.<\/li>\n<li>Approfondisci la comprensione e il coinvolgimento degli studenti attraverso la ludicizzazione e attivit\u00e0 come Time to Climb, Matching Pairs, Draw It e il NUOVO Drag &amp; Drop.<\/li>\n<li>Aggiungi la potenza del software ai tuoi Power Point, Presentazioni Google, fogli di lavoro, video e altre risorse esistenti che ami<\/li>\n<li>Lavora con i sistemi di gestione dell&#8217;apprendimento e altre piattaforme che stai gi\u00e0 utilizzando per assegnare e gestire le lezioni<\/li>\n<li>Semplifica l&#8217;esperienza di apprendimento per te e i tuoi studenti, perch\u00e9 tutto \u00e8 in un unico posto e accessibile tramite un unico collegamento<\/li>\n<li>Fornisci agli insegnanti accesso illimitato a tutto ci\u00f2 di cui hanno bisogno per coinvolgere gli studenti<\/li>\n<li>Rafforza la coerenza didattica e la collaborazione con la condivisione centralizzata di lezioni e approfondimenti<\/li>\n<li>Massimizza l&#8217;impatto con un accesso maggiore a funzionalit\u00e0 aggiuntive per la creazione, la condivisione e l&#8217;erogazione delle lezioni<\/li>\n<li>Offri a tutti i tuoi insegnanti il supporto di cui hanno bisogno con assistenza dedicata, inserimento e formazione<\/li>\n<\/ul>\n<h4>LE RECENSIONI DEGLI UTENTI<\/h4>\n<p><strong>Namaan &#8220;Nearpod College&#8221;<\/strong><br \/>\n<strong>Commenti<\/strong>: I tutor lo trovano facile da usare e coinvolgono gli studenti.<br \/>\n<strong>Pro<\/strong>: Facilit\u00e0 d&#8217;uso: l&#8217;aggiornamento delle competenze digitali \u00e8 facilitato dalla formazione e dai tutorial di Nearpod.<br \/>\n<strong>Contro<\/strong>: Il pannello di controllo back-end \u00e8 da migliorare.<\/p>\n<p><strong>Kathleen &#8220;Un tocco unico alle presentazioni&#8221;<\/strong><br \/>\n<strong>Commenti<\/strong>: Abbiamo utilizzato Nearpod per migliorare le presentazioni a gruppi di docenti e personale, sia in ambienti grandi che piccoli. Abbiamo utilizzato l&#8217;attivit\u00e0 SONDAGGIO per fare in modo che tutti i partecipanti &#8220;votassero&#8221; su quali argomenti sarebbero stati discussi. Avevamo tutti gli argomenti impostati nella presentazione Nearpod. Quando i partecipanti hanno votato, siamo passati alle diapositive appropriate. \u00c8 stato un grande cambiamento rispetto alle presentazioni tipiche ed \u00e8 stato accolto con entusiasmo. Nearpos \u00e8 anche usato abbastanza efficacemente in classe. Mi piace il fatto di poter utilizzare strumenti educativi per migliorare la comunicazione generale.<br \/>\n<strong>Pro<\/strong>: \u00c8 cos\u00ec facile includere un&#8217;ampia variet\u00e0 di media in una presentazione Nearpod. \u00c8 rivolto principalmente all&#8217;apprendimento in classe, di persona o virtuale, ma ho scoperto che pu\u00f2 migliorare una presentazione aziendale standard per aumentare il coinvolgimento.<br \/>\n<strong>Contro<\/strong>: In realt\u00e0, non c&#8217;era niente di significativo che non mi piacesse di Nearpod. Se abbiamo riscontrato problemi, generalmente era dovuto agli utenti e non al software.<\/p>\n<p><strong>Kala &#8220;Adoro Nearpod&#8221;<\/strong><br \/>\n<strong>Pro<\/strong>: Adoro il fatto che sia cos\u00ec interattivo e la banca di selezione di video e attivit\u00e0 gi\u00e0 pronti<br \/>\n<strong>Contro<\/strong>: Davvero non ho molte lamentele oltre a dover pagare l\u2019abbonamento<\/p>\n","protected":false},"excerpt":{"rendered":"<p>Nearpod \u00e8 una piattaforma di coinvolgimento degli studenti, basata su cloud, che utilizza lezioni virtuali interattive e discussioni collaborative per la didattica a distanza. Gli amministratori possono importare manualmente lezioni in vari formati e personalizzarle con sondaggi, bacheche, quiz e attivit\u00e0 di abbinamento o utilizzare le lezioni disponibili nel database per migliorare l&#8217;esperienza di apprendimento.<\/p>\n","protected":false},"author":19,"featured_media":74580,"parent":30279,"menu_order":0,"comment_status":"open","ping_status":"closed","template":"g1_template_page_review_new.php","meta":{"_acf_changed":false,"cwp_meta_box_check":"Yes","cwp_rev_product_name":"","cwp_rev_product_image":"","wppr_links":[],"cwp_rev_price":"0.00","wppr_options":[{"name":"Usability","value":"0"},{"name":"Speed","value":"0"},{"name":"Features","value":"0"},{"name":"Support","value":"0"},{"name":"Pricing","value":"0"}],"wppr_pros":["","","","",""],"wppr_cons":["","","","",""],"_monsterinsights_skip_tracking":false,"_monsterinsights_sitenote_active":false,"_monsterinsights_sitenote_note":"","_monsterinsights_sitenote_category":0,"footnotes":""},"categories":[3634],"tags":[5100,14941,3661,3660,3659,3658],"features":[],"class_list":{"0":"post-74578","1":"page","2":"type-page","3":"status-publish","4":"has-post-thumbnail","6":"category-piattaforme-per-la-didattica-a-distanza-categoria","7":"tag-didattica-a-distanza","8":"tag-nearpod","9":"tag-piattaforma-didattica-a-distanza","10":"tag-programma-didattica-a-distanza","11":"tag-software-didattica-a-distanza","12":"tag-soluzione-didattica-a-distanza"},"wppr_data":{"cwp_meta_box_check":"Yes","_wppr_review_template":"default","cwp_rev_product_image":"","cwp_image_link":"image","wppr_links":[],"cwp_rev_price":"0.00","wppr_pros":["","","","",""],"wppr_cons":["","","","",""],"wppr_rating":"0.00","wppr_options":{"1":{"name":"Usability","value":"0"},"2":{"name":"Speed","value":"0"},"3":{"name":"Features","value":"0"},"4":{"name":"Support","value":"0"},"5":{"name":"Pricing","value":"0"}},"wppr_review_type":"Product","wppr_review_custom_fields":{"additionalProperty":"","additionalType":"","aggregateRating":"","alternateName":"","audience":"","award":"","awards":"","brand":"","color":"","depth":"","description":"","disambiguatingDescription":"","gtin12":"","gtin13":"","gtin14":"","gtin8":"","height":"","identifier":"","image":"","isAccessoryOrSparePartFor":"","isConsumableFor":"","isRelatedTo":"","isSimilarTo":"","itemCondition":"","logo":"","mainEntityOfPage":"","manufacturer":"","material":"","model":"","mpn":"","name":"","offers":"","potentialAction":"","productID":"","productionDate":"","purchaseDate":"","releaseDate":"","review":"","reviews":"","sameAs":"","sku":"","slogan":"","subjectOf":"","url":"","weight":"","width":""}},"acf":[],"yoast_head":"<!-- This site is optimized with the Yoast SEO plugin v27.4 - https:\/\/yoast.com\/product\/yoast-seo-wordpress\/ -->\n<title>Nearpod: recensione software didattica a distanza - Accurate Reviews<\/title>\n<meta name=\"description\" content=\"Nearpod: recensione software di coinvolgimento degli studenti che utilizza lezioni virtuali interattive e discussioni collaborative.\" \/>\n<meta name=\"robots\" content=\"index, follow, max-snippet:-1, max-image-preview:large, max-video-preview:-1\" \/>\n<link rel=\"canonical\" href=\"https:\/\/www.accuratereviews.com\/it\/piattaforme-didattica-distanza\/nearpod-recensione\/\" \/>\n<meta property=\"og:locale\" content=\"it_IT\" \/>\n<meta property=\"og:type\" content=\"article\" \/>\n<meta property=\"og:title\" content=\"Nearpod: recensione software didattica a distanza - Accurate Reviews\" \/>\n<meta property=\"og:description\" content=\"Nearpod: recensione software di coinvolgimento degli studenti che utilizza lezioni virtuali interattive e discussioni collaborative.\" \/>\n<meta property=\"og:url\" content=\"https:\/\/www.accuratereviews.com\/it\/piattaforme-didattica-distanza\/nearpod-recensione\/\" \/>\n<meta property=\"og:site_name\" content=\"Accurate Reviews\" \/>\n<meta property=\"article:modified_time\" content=\"2024-02-20T11:27:10+00:00\" \/>\n<meta property=\"og:image\" content=\"https:\/\/www.accuratereviews.com\/wp-content\/uploads\/2024\/02\/Nearpod.png\" \/>\n\t<meta property=\"og:image:width\" content=\"1000\" \/>\n\t<meta property=\"og:image:height\" content=\"560\" \/>\n\t<meta property=\"og:image:type\" content=\"image\/png\" \/>\n<meta name=\"twitter:card\" content=\"summary_large_image\" \/>\n<meta name=\"twitter:label1\" content=\"Tempo di lettura stimato\" \/>\n\t<meta name=\"twitter:data1\" content=\"4 minuti\" \/>\n<script type=\"application\/ld+json\" class=\"yoast-schema-graph\">{\"@context\":\"https:\\\/\\\/schema.org\",\"@graph\":[{\"@type\":\"WebPage\",\"@id\":\"https:\\\/\\\/www.accuratereviews.com\\\/it\\\/piattaforme-didattica-distanza\\\/nearpod-recensione\\\/\",\"url\":\"https:\\\/\\\/www.accuratereviews.com\\\/it\\\/piattaforme-didattica-distanza\\\/nearpod-recensione\\\/\",\"name\":\"Nearpod: recensione software didattica a distanza - Accurate Reviews\",\"isPartOf\":{\"@id\":\"https:\\\/\\\/www.accuratereviews.com\\\/it\\\/#website\"},\"primaryImageOfPage\":{\"@id\":\"https:\\\/\\\/www.accuratereviews.com\\\/it\\\/piattaforme-didattica-distanza\\\/nearpod-recensione\\\/#primaryimage\"},\"image\":{\"@id\":\"https:\\\/\\\/www.accuratereviews.com\\\/it\\\/piattaforme-didattica-distanza\\\/nearpod-recensione\\\/#primaryimage\"},\"thumbnailUrl\":\"https:\\\/\\\/www.accuratereviews.com\\\/wp-content\\\/uploads\\\/2024\\\/02\\\/Nearpod.png\",\"datePublished\":\"2024-02-19T16:49:39+00:00\",\"dateModified\":\"2024-02-20T11:27:10+00:00\",\"description\":\"Nearpod: recensione software di coinvolgimento degli studenti che utilizza lezioni virtuali interattive e discussioni collaborative.\",\"breadcrumb\":{\"@id\":\"https:\\\/\\\/www.accuratereviews.com\\\/it\\\/piattaforme-didattica-distanza\\\/nearpod-recensione\\\/#breadcrumb\"},\"inLanguage\":\"it-IT\",\"potentialAction\":[{\"@type\":\"ReadAction\",\"target\":[\"https:\\\/\\\/www.accuratereviews.com\\\/it\\\/piattaforme-didattica-distanza\\\/nearpod-recensione\\\/\"]}]},{\"@type\":\"ImageObject\",\"inLanguage\":\"it-IT\",\"@id\":\"https:\\\/\\\/www.accuratereviews.com\\\/it\\\/piattaforme-didattica-distanza\\\/nearpod-recensione\\\/#primaryimage\",\"url\":\"https:\\\/\\\/www.accuratereviews.com\\\/wp-content\\\/uploads\\\/2024\\\/02\\\/Nearpod.png\",\"contentUrl\":\"https:\\\/\\\/www.accuratereviews.com\\\/wp-content\\\/uploads\\\/2024\\\/02\\\/Nearpod.png\",\"width\":1000,\"height\":560},{\"@type\":\"BreadcrumbList\",\"@id\":\"https:\\\/\\\/www.accuratereviews.com\\\/it\\\/piattaforme-didattica-distanza\\\/nearpod-recensione\\\/#breadcrumb\",\"itemListElement\":[{\"@type\":\"ListItem\",\"position\":1,\"name\":\"Home\",\"item\":\"https:\\\/\\\/www.accuratereviews.com\\\/it\\\/\"},{\"@type\":\"ListItem\",\"position\":2,\"name\":\"Piattaforme per la didattica a distanza\",\"item\":\"https:\\\/\\\/www.accuratereviews.com\\\/it\\\/piattaforme-didattica-distanza\\\/\"},{\"@type\":\"ListItem\",\"position\":3,\"name\":\"Nearpod\"}]},{\"@type\":\"WebSite\",\"@id\":\"https:\\\/\\\/www.accuratereviews.com\\\/it\\\/#website\",\"url\":\"https:\\\/\\\/www.accuratereviews.com\\\/it\\\/\",\"name\":\"Accurate Reviews\",\"description\":\"\",\"potentialAction\":[{\"@type\":\"SearchAction\",\"target\":{\"@type\":\"EntryPoint\",\"urlTemplate\":\"https:\\\/\\\/www.accuratereviews.com\\\/it\\\/?s={search_term_string}\"},\"query-input\":{\"@type\":\"PropertyValueSpecification\",\"valueRequired\":true,\"valueName\":\"search_term_string\"}}],\"inLanguage\":\"it-IT\"}]}<\/script>\n<!-- \/ Yoast SEO plugin. -->","yoast_head_json":{"title":"Nearpod: recensione software didattica a distanza - Accurate Reviews","description":"Nearpod: recensione software di coinvolgimento degli studenti che utilizza lezioni virtuali interattive e discussioni collaborative.","robots":{"index":"index","follow":"follow","max-snippet":"max-snippet:-1","max-image-preview":"max-image-preview:large","max-video-preview":"max-video-preview:-1"},"canonical":"https:\/\/www.accuratereviews.com\/it\/piattaforme-didattica-distanza\/nearpod-recensione\/","og_locale":"it_IT","og_type":"article","og_title":"Nearpod: recensione software didattica a distanza - Accurate Reviews","og_description":"Nearpod: recensione software di coinvolgimento degli studenti che utilizza lezioni virtuali interattive e discussioni collaborative.","og_url":"https:\/\/www.accuratereviews.com\/it\/piattaforme-didattica-distanza\/nearpod-recensione\/","og_site_name":"Accurate Reviews","article_modified_time":"2024-02-20T11:27:10+00:00","og_image":[{"width":1000,"height":560,"url":"https:\/\/www.accuratereviews.com\/wp-content\/uploads\/2024\/02\/Nearpod.png","type":"image\/png"}],"twitter_card":"summary_large_image","twitter_misc":{"Tempo di lettura stimato":"4 minuti"},"schema":{"@context":"https:\/\/schema.org","@graph":[{"@type":"WebPage","@id":"https:\/\/www.accuratereviews.com\/it\/piattaforme-didattica-distanza\/nearpod-recensione\/","url":"https:\/\/www.accuratereviews.com\/it\/piattaforme-didattica-distanza\/nearpod-recensione\/","name":"Nearpod: recensione software didattica a distanza - Accurate Reviews","isPartOf":{"@id":"https:\/\/www.accuratereviews.com\/it\/#website"},"primaryImageOfPage":{"@id":"https:\/\/www.accuratereviews.com\/it\/piattaforme-didattica-distanza\/nearpod-recensione\/#primaryimage"},"image":{"@id":"https:\/\/www.accuratereviews.com\/it\/piattaforme-didattica-distanza\/nearpod-recensione\/#primaryimage"},"thumbnailUrl":"https:\/\/www.accuratereviews.com\/wp-content\/uploads\/2024\/02\/Nearpod.png","datePublished":"2024-02-19T16:49:39+00:00","dateModified":"2024-02-20T11:27:10+00:00","description":"Nearpod: recensione software di coinvolgimento degli studenti che utilizza lezioni virtuali interattive e discussioni collaborative.","breadcrumb":{"@id":"https:\/\/www.accuratereviews.com\/it\/piattaforme-didattica-distanza\/nearpod-recensione\/#breadcrumb"},"inLanguage":"it-IT","potentialAction":[{"@type":"ReadAction","target":["https:\/\/www.accuratereviews.com\/it\/piattaforme-didattica-distanza\/nearpod-recensione\/"]}]},{"@type":"ImageObject","inLanguage":"it-IT","@id":"https:\/\/www.accuratereviews.com\/it\/piattaforme-didattica-distanza\/nearpod-recensione\/#primaryimage","url":"https:\/\/www.accuratereviews.com\/wp-content\/uploads\/2024\/02\/Nearpod.png","contentUrl":"https:\/\/www.accuratereviews.com\/wp-content\/uploads\/2024\/02\/Nearpod.png","width":1000,"height":560},{"@type":"BreadcrumbList","@id":"https:\/\/www.accuratereviews.com\/it\/piattaforme-didattica-distanza\/nearpod-recensione\/#breadcrumb","itemListElement":[{"@type":"ListItem","position":1,"name":"Home","item":"https:\/\/www.accuratereviews.com\/it\/"},{"@type":"ListItem","position":2,"name":"Piattaforme per la didattica a distanza","item":"https:\/\/www.accuratereviews.com\/it\/piattaforme-didattica-distanza\/"},{"@type":"ListItem","position":3,"name":"Nearpod"}]},{"@type":"WebSite","@id":"https:\/\/www.accuratereviews.com\/it\/#website","url":"https:\/\/www.accuratereviews.com\/it\/","name":"Accurate Reviews","description":"","potentialAction":[{"@type":"SearchAction","target":{"@type":"EntryPoint","urlTemplate":"https:\/\/www.accuratereviews.com\/it\/?s={search_term_string}"},"query-input":{"@type":"PropertyValueSpecification","valueRequired":true,"valueName":"search_term_string"}}],"inLanguage":"it-IT"}]}},"_links":{"self":[{"href":"https:\/\/www.accuratereviews.com\/it\/wp-json\/wp\/v2\/pages\/74578","targetHints":{"allow":["GET"]}}],"collection":[{"href":"https:\/\/www.accuratereviews.com\/it\/wp-json\/wp\/v2\/pages"}],"about":[{"href":"https:\/\/www.accuratereviews.com\/it\/wp-json\/wp\/v2\/types\/page"}],"author":[{"embeddable":true,"href":"https:\/\/www.accuratereviews.com\/it\/wp-json\/wp\/v2\/users\/19"}],"replies":[{"embeddable":true,"href":"https:\/\/www.accuratereviews.com\/it\/wp-json\/wp\/v2\/comments?post=74578"}],"version-history":[{"count":9,"href":"https:\/\/www.accuratereviews.com\/it\/wp-json\/wp\/v2\/pages\/74578\/revisions"}],"predecessor-version":[{"id":74623,"href":"https:\/\/www.accuratereviews.com\/it\/wp-json\/wp\/v2\/pages\/74578\/revisions\/74623"}],"up":[{"embeddable":true,"href":"https:\/\/www.accuratereviews.com\/it\/wp-json\/wp\/v2\/pages\/30279"}],"wp:featuredmedia":[{"embeddable":true,"href":"https:\/\/www.accuratereviews.com\/it\/wp-json\/wp\/v2\/media\/74580"}],"wp:attachment":[{"href":"https:\/\/www.accuratereviews.com\/it\/wp-json\/wp\/v2\/media?parent=74578"}],"wp:term":[{"taxonomy":"category","embeddable":true,"href":"https:\/\/www.accuratereviews.com\/it\/wp-json\/wp\/v2\/categories?post=74578"},{"taxonomy":"post_tag","embeddable":true,"href":"https:\/\/www.accuratereviews.com\/it\/wp-json\/wp\/v2\/tags?post=74578"},{"taxonomy":"features","embeddable":true,"href":"https:\/\/www.accuratereviews.com\/it\/wp-json\/wp\/v2\/features?post=74578"}],"curies":[{"name":"wp","href":"https:\/\/api.w.org\/{rel}","templated":true}]}}