{"id":74609,"date":"2024-02-20T14:33:58","date_gmt":"2024-02-20T14:33:58","guid":{"rendered":"https:\/\/www.accuratereviews.com\/?page_id=74609"},"modified":"2024-02-22T11:07:32","modified_gmt":"2024-02-22T11:07:32","slug":"remo-conference-recensione","status":"publish","type":"page","link":"https:\/\/www.accuratereviews.com\/it\/piattaforme-didattica-distanza\/remo-conference-recensione\/","title":{"rendered":"Remo Conference"},"content":{"rendered":"<p><strong>Remo<\/strong> <strong>Conference<\/strong> \u00e8 una <strong>piattaforma di eventi online<\/strong> dal vivo che si concentra sulla costruzione di relazioni autentiche fornendo uno spazio virtuale coinvolgente che simula l&#8217;esperienza nel mondo reale di partecipare a eventi e conferenze nel modo pi\u00f9 efficace possibile. L&#8217;obiettivo \u00e8 creare conversazioni autentiche online che favoriscano relazioni significative.<br \/>\n<strong>Remo<\/strong> <strong>Conference <\/strong>umanizza le esperienze e le conversazioni online scalando le interazioni in piccoli gruppi nel miglior modo possibile. In definitiva, l&#8217;obiettivo finale \u00e8 quello di essere leader nel settore delle soluzioni video, migliorando al tempo stesso la collaborazione sociale e promuovendo le connessioni.<\/p>\n<h2>REMO &#8211; TUTORIAL<\/h2>\n<div id=\"fluid-wrapper-counter-1\" class=\"g1-fluid-wrapper \" style=\"width:686px;\"><div style=\"padding-bottom:56.268221574344%;\"><iframe loading=\"lazy\" title=\"Remo \u2013 Humanize your Online Event Experience\" width=\"686\" height=\"386\" src=\"https:\/\/www.youtube.com\/embed\/xF6O5Zdvuww?feature=oembed&amp;wmode=transparent&amp;autohide=1&amp;autoplay=0&amp;disablekb=0&amp;fs=1&amp;loop=0&amp;enablejsapi=1&amp;rel=0&amp;controls=2&amp;showinfo=0&amp;wmode=transparent&amp;autohide=2&amp;autoplay=0&amp;disablekb=0&amp;fs=1&amp;loop=0&amp;enablejsapi=1&amp;rel=0&amp;controls=2&amp;showinfo=1\" frameborder=\"0\" allow=\"accelerometer; autoplay; clipboard-write; encrypted-media; gyroscope; picture-in-picture; web-share\" allowfullscreen><\/iframe><\/div><\/div>\n<h3>REMO &#8211; CARATTERISTICHE<\/h3>\n<ul>\n<li><strong>Planimetrie personalizzate<\/strong>: scegli i tuoi colori, il tuo logo e l&#8217;atmosfera personale che i tuoi partecipanti adoreranno. Puoi persino ricreare l&#8217;ambientazione dal vivo del tuo evento, una spiaggia o qualsiasi altra cosa desideri!<\/li>\n<li><strong>Dimensioni delle tabelle personalizzate<\/strong>: gruppi di dimensioni diverse per funzionalit\u00e0 diverse: discussioni individuali, networking veloce, videoconferenza, esposizioni o webinar.<\/li>\n<li><strong>Modalit\u00e0 presentazione<\/strong>: puoi portare le persone sul palco, condividere il tuo schermo, possono reagire alla presentazione con remoji, le possibilit\u00e0 sono infinite<\/li>\n<li><strong>Accesso sicuro alle lavagne<\/strong>: l&#8217;integrazione con l&#8217;app Miro ti consente di creare lavagne durante le tue riunioni e collaborare, perfette per giochi e rompighiaccio.<\/li>\n<li><strong>Modalit\u00e0 di rete<\/strong>: i partecipanti possono passeggiare e discutere a loro piacimento con chiunque. Puoi anche mescolare i tavoli o impostare i timer.<\/li>\n<li><strong>Non \u00e8 necessario un team IT<\/strong>: non \u00e8 necessario un team IT per configurare la soluzione, \u00e8 semplicissimo da usare, conveniente e con un&#8217;esperienza cliente di prim&#8217;ordine dal nostro contact center.<\/li>\n<li><strong>Crea<\/strong> connessioni significative proprio come le esperienze di persona in un ambiente virtuale.<\/li>\n<li><strong>Raccogli<\/strong> dati post-evento e registrazioni di eventi sulla tua app per eventi virtuali.<\/li>\n<li><strong>Semplifica<\/strong> l&#8217;hosting di eventi dal vivo e la gestione degli eventi.<\/li>\n<li><strong>Condividi<\/strong> sui social media (LinkedIn, hashtag di Twitter) o per il marketing il tuo evento.<\/li>\n<li><strong>Grandi capacit\u00e0 di sponsorizzazione<\/strong>, puoi anche seguire l&#8217;evento con i dati del banner dello sponsor su richiesta.<\/li>\n<\/ul>\n<h4>LE RECENSIONI DEGLI UTENTI<\/h4>\n<p><strong>Matt &#8220;Allenamento con Remo&#8221;<\/strong><br \/>\n<strong>Commenti<\/strong>: Direi che sono molto soddisfatto nonostante alcune limitazioni, tanto da continuare a usarlo e cercare miglioramenti<br \/>\n<strong>Pro<\/strong>: Mi piacciono le stanze separate: consentono un modo eccellente per fare esercizi\/team building di gruppo<br \/>\n<strong>Contro<\/strong>: Vorrei che fosse molto pi\u00f9 semplice personalizzare (planimetrie, ecc.)<\/p>\n<p><strong>Christina &#8220;Buone caratteristiche&#8221;<\/strong><br \/>\n<strong>Commenti<\/strong>: In alcune circostanze, l\u2019ampiezza delle funzionalit\u00e0 potrebbe superare i problemi di connettivit\u00e0<br \/>\n<strong>Pro<\/strong>: Networking &#8211; tavoli &#8211; lavagne &#8211; numero di mica live -funzione chat per tavolo<br \/>\n<strong>Contro<\/strong>: Lo streaming e la connettivit\u00e0 non sono cos\u00ec robusti come dovrebbero essere. Molte lacune nelle discussioni In una recente conferenza Interact International nessuno sapeva come ottenere le informazioni di contatto degli altri<\/p>\n<p><strong>Georgie-Ann &#8220;Un vero punto di svolta!&#8221;<\/strong><br \/>\n<strong>Commenti<\/strong>: Nel complesso consiglio Remo a tutti! Dal software al team Remo \u00e8 una grande azienda.<br \/>\n<strong>Pro<\/strong>: Ho iniziato a utilizzare Remo nel 2019 e questo ha cambiato tutto il mio aspetto per quanto riguarda gli eventi online. La funzionalit\u00e0 di networking \u00e8 stata un vero punto di svolta nel modo in cui le persone interagiscono. Lavora e ospita eventi virtuali!<br \/>\n<strong>Contro<\/strong>: Sono una nuova societ\u00e0. L&#8217;unica cosa che voglio vedere in futuro \u00e8 la possibilit\u00e0 di un maggiore utilizzo mobile<\/p>\n","protected":false},"excerpt":{"rendered":"<p>Remo\u00a0\u00e8 una piattaforma di eventi online dal vivo che si concentra sulla costruzione di relazioni autentiche fornendo uno spazio virtuale coinvolgente che simula l&#8217;esperienza nel mondo reale di partecipare a eventi e conferenze nel modo pi\u00f9 efficace possibile. L&#8217;obiettivo \u00e8 creare conversazioni autentiche online che favoriscano relazioni significative.<\/p>\n","protected":false},"author":19,"featured_media":74612,"parent":30279,"menu_order":0,"comment_status":"open","ping_status":"closed","template":"g1_template_page_review_new.php","meta":{"_acf_changed":false,"cwp_meta_box_check":"Yes","cwp_rev_product_name":"","cwp_rev_product_image":"","wppr_links":[],"cwp_rev_price":"0.00","wppr_options":[{"name":"Usability","value":"0"},{"name":"Speed","value":"0"},{"name":"Features","value":"0"},{"name":"Support","value":"0"},{"name":"Pricing","value":"0"}],"wppr_pros":["","","","",""],"wppr_cons":["","","","",""],"_monsterinsights_skip_tracking":false,"_monsterinsights_sitenote_active":false,"_monsterinsights_sitenote_note":"","_monsterinsights_sitenote_category":0,"footnotes":""},"categories":[3634],"tags":[5100,3661,3660,3657,3659,3658],"features":[],"class_list":{"0":"post-74609","1":"page","2":"type-page","3":"status-publish","4":"has-post-thumbnail","6":"category-piattaforme-per-la-didattica-a-distanza-categoria","7":"tag-didattica-a-distanza","8":"tag-piattaforma-didattica-a-distanza","9":"tag-programma-didattica-a-distanza","10":"tag-remo","11":"tag-software-didattica-a-distanza","12":"tag-soluzione-didattica-a-distanza"},"wppr_data":{"cwp_meta_box_check":"Yes","_wppr_review_template":"default","cwp_rev_product_image":"","cwp_image_link":"image","wppr_links":[],"cwp_rev_price":"0.00","wppr_pros":["","","","",""],"wppr_cons":["","","","",""],"wppr_rating":"0.00","wppr_options":{"1":{"name":"Usability","value":"0"},"2":{"name":"Speed","value":"0"},"3":{"name":"Features","value":"0"},"4":{"name":"Support","value":"0"},"5":{"name":"Pricing","value":"0"}},"wppr_review_type":"Product","wppr_review_custom_fields":{"additionalProperty":"","additionalType":"","aggregateRating":"","alternateName":"","audience":"","award":"","awards":"","brand":"","color":"","depth":"","description":"","disambiguatingDescription":"","gtin12":"","gtin13":"","gtin14":"","gtin8":"","height":"","identifier":"","image":"","isAccessoryOrSparePartFor":"","isConsumableFor":"","isRelatedTo":"","isSimilarTo":"","itemCondition":"","logo":"","mainEntityOfPage":"","manufacturer":"","material":"","model":"","mpn":"","name":"","offers":"","potentialAction":"","productID":"","productionDate":"","purchaseDate":"","releaseDate":"","review":"","reviews":"","sameAs":"","sku":"","slogan":"","subjectOf":"","url":"","weight":"","width":""}},"acf":[],"yoast_head":"<!-- This site is optimized with the Yoast SEO plugin v27.4 - https:\/\/yoast.com\/product\/yoast-seo-wordpress\/ -->\n<title>Remo: recensione software didattica a distanza - Accurate Reviews<\/title>\n<meta name=\"description\" content=\"Remo Conference: software per eventi online che si concentra sulla costruzione di relazioni fornendo uno spazio virtuale coinvolgente.\" \/>\n<meta name=\"robots\" content=\"index, follow, max-snippet:-1, max-image-preview:large, max-video-preview:-1\" \/>\n<link rel=\"canonical\" href=\"https:\/\/www.accuratereviews.com\/it\/piattaforme-didattica-distanza\/remo-conference-recensione\/\" \/>\n<meta property=\"og:locale\" content=\"it_IT\" \/>\n<meta property=\"og:type\" content=\"article\" \/>\n<meta property=\"og:title\" content=\"Remo: recensione software didattica a distanza - Accurate Reviews\" \/>\n<meta property=\"og:description\" content=\"Remo Conference: software per eventi online che si concentra sulla costruzione di relazioni fornendo uno spazio virtuale coinvolgente.\" \/>\n<meta property=\"og:url\" content=\"https:\/\/www.accuratereviews.com\/it\/piattaforme-didattica-distanza\/remo-conference-recensione\/\" \/>\n<meta property=\"og:site_name\" content=\"Accurate Reviews\" \/>\n<meta property=\"article:modified_time\" content=\"2024-02-22T11:07:32+00:00\" \/>\n<meta property=\"og:image\" content=\"https:\/\/www.accuratereviews.com\/wp-content\/uploads\/2024\/02\/Screenshot-2024-02-20-alle-11.09.47.png\" \/>\n\t<meta property=\"og:image:width\" content=\"814\" \/>\n\t<meta property=\"og:image:height\" content=\"404\" \/>\n\t<meta property=\"og:image:type\" content=\"image\/png\" \/>\n<meta name=\"twitter:card\" content=\"summary_large_image\" \/>\n<meta name=\"twitter:label1\" content=\"Tempo di lettura stimato\" \/>\n\t<meta name=\"twitter:data1\" content=\"3 minuti\" \/>\n<script type=\"application\/ld+json\" class=\"yoast-schema-graph\">{\"@context\":\"https:\\\/\\\/schema.org\",\"@graph\":[{\"@type\":\"WebPage\",\"@id\":\"https:\\\/\\\/www.accuratereviews.com\\\/it\\\/piattaforme-didattica-distanza\\\/remo-conference-recensione\\\/\",\"url\":\"https:\\\/\\\/www.accuratereviews.com\\\/it\\\/piattaforme-didattica-distanza\\\/remo-conference-recensione\\\/\",\"name\":\"Remo: recensione software didattica a distanza - Accurate Reviews\",\"isPartOf\":{\"@id\":\"https:\\\/\\\/www.accuratereviews.com\\\/it\\\/#website\"},\"primaryImageOfPage\":{\"@id\":\"https:\\\/\\\/www.accuratereviews.com\\\/it\\\/piattaforme-didattica-distanza\\\/remo-conference-recensione\\\/#primaryimage\"},\"image\":{\"@id\":\"https:\\\/\\\/www.accuratereviews.com\\\/it\\\/piattaforme-didattica-distanza\\\/remo-conference-recensione\\\/#primaryimage\"},\"thumbnailUrl\":\"https:\\\/\\\/www.accuratereviews.com\\\/wp-content\\\/uploads\\\/2024\\\/02\\\/Screenshot-2024-02-20-alle-11.09.47.png\",\"datePublished\":\"2024-02-20T14:33:58+00:00\",\"dateModified\":\"2024-02-22T11:07:32+00:00\",\"description\":\"Remo Conference: software per eventi online che si concentra sulla costruzione di relazioni fornendo uno spazio virtuale coinvolgente.\",\"breadcrumb\":{\"@id\":\"https:\\\/\\\/www.accuratereviews.com\\\/it\\\/piattaforme-didattica-distanza\\\/remo-conference-recensione\\\/#breadcrumb\"},\"inLanguage\":\"it-IT\",\"potentialAction\":[{\"@type\":\"ReadAction\",\"target\":[\"https:\\\/\\\/www.accuratereviews.com\\\/it\\\/piattaforme-didattica-distanza\\\/remo-conference-recensione\\\/\"]}]},{\"@type\":\"ImageObject\",\"inLanguage\":\"it-IT\",\"@id\":\"https:\\\/\\\/www.accuratereviews.com\\\/it\\\/piattaforme-didattica-distanza\\\/remo-conference-recensione\\\/#primaryimage\",\"url\":\"https:\\\/\\\/www.accuratereviews.com\\\/wp-content\\\/uploads\\\/2024\\\/02\\\/Screenshot-2024-02-20-alle-11.09.47.png\",\"contentUrl\":\"https:\\\/\\\/www.accuratereviews.com\\\/wp-content\\\/uploads\\\/2024\\\/02\\\/Screenshot-2024-02-20-alle-11.09.47.png\",\"width\":814,\"height\":404},{\"@type\":\"BreadcrumbList\",\"@id\":\"https:\\\/\\\/www.accuratereviews.com\\\/it\\\/piattaforme-didattica-distanza\\\/remo-conference-recensione\\\/#breadcrumb\",\"itemListElement\":[{\"@type\":\"ListItem\",\"position\":1,\"name\":\"Home\",\"item\":\"https:\\\/\\\/www.accuratereviews.com\\\/it\\\/\"},{\"@type\":\"ListItem\",\"position\":2,\"name\":\"Piattaforme per la didattica a distanza\",\"item\":\"https:\\\/\\\/www.accuratereviews.com\\\/it\\\/piattaforme-didattica-distanza\\\/\"},{\"@type\":\"ListItem\",\"position\":3,\"name\":\"Remo Conference\"}]},{\"@type\":\"WebSite\",\"@id\":\"https:\\\/\\\/www.accuratereviews.com\\\/it\\\/#website\",\"url\":\"https:\\\/\\\/www.accuratereviews.com\\\/it\\\/\",\"name\":\"Accurate Reviews\",\"description\":\"\",\"potentialAction\":[{\"@type\":\"SearchAction\",\"target\":{\"@type\":\"EntryPoint\",\"urlTemplate\":\"https:\\\/\\\/www.accuratereviews.com\\\/it\\\/?s={search_term_string}\"},\"query-input\":{\"@type\":\"PropertyValueSpecification\",\"valueRequired\":true,\"valueName\":\"search_term_string\"}}],\"inLanguage\":\"it-IT\"}]}<\/script>\n<!-- \/ Yoast SEO plugin. -->","yoast_head_json":{"title":"Remo: recensione software didattica a distanza - Accurate Reviews","description":"Remo Conference: software per eventi online che si concentra sulla costruzione di relazioni fornendo uno spazio virtuale coinvolgente.","robots":{"index":"index","follow":"follow","max-snippet":"max-snippet:-1","max-image-preview":"max-image-preview:large","max-video-preview":"max-video-preview:-1"},"canonical":"https:\/\/www.accuratereviews.com\/it\/piattaforme-didattica-distanza\/remo-conference-recensione\/","og_locale":"it_IT","og_type":"article","og_title":"Remo: recensione software didattica a distanza - Accurate Reviews","og_description":"Remo Conference: software per eventi online che si concentra sulla costruzione di relazioni fornendo uno spazio virtuale coinvolgente.","og_url":"https:\/\/www.accuratereviews.com\/it\/piattaforme-didattica-distanza\/remo-conference-recensione\/","og_site_name":"Accurate Reviews","article_modified_time":"2024-02-22T11:07:32+00:00","og_image":[{"width":814,"height":404,"url":"https:\/\/www.accuratereviews.com\/wp-content\/uploads\/2024\/02\/Screenshot-2024-02-20-alle-11.09.47.png","type":"image\/png"}],"twitter_card":"summary_large_image","twitter_misc":{"Tempo di lettura stimato":"3 minuti"},"schema":{"@context":"https:\/\/schema.org","@graph":[{"@type":"WebPage","@id":"https:\/\/www.accuratereviews.com\/it\/piattaforme-didattica-distanza\/remo-conference-recensione\/","url":"https:\/\/www.accuratereviews.com\/it\/piattaforme-didattica-distanza\/remo-conference-recensione\/","name":"Remo: recensione software didattica a distanza - Accurate Reviews","isPartOf":{"@id":"https:\/\/www.accuratereviews.com\/it\/#website"},"primaryImageOfPage":{"@id":"https:\/\/www.accuratereviews.com\/it\/piattaforme-didattica-distanza\/remo-conference-recensione\/#primaryimage"},"image":{"@id":"https:\/\/www.accuratereviews.com\/it\/piattaforme-didattica-distanza\/remo-conference-recensione\/#primaryimage"},"thumbnailUrl":"https:\/\/www.accuratereviews.com\/wp-content\/uploads\/2024\/02\/Screenshot-2024-02-20-alle-11.09.47.png","datePublished":"2024-02-20T14:33:58+00:00","dateModified":"2024-02-22T11:07:32+00:00","description":"Remo Conference: software per eventi online che si concentra sulla costruzione di relazioni fornendo uno spazio virtuale coinvolgente.","breadcrumb":{"@id":"https:\/\/www.accuratereviews.com\/it\/piattaforme-didattica-distanza\/remo-conference-recensione\/#breadcrumb"},"inLanguage":"it-IT","potentialAction":[{"@type":"ReadAction","target":["https:\/\/www.accuratereviews.com\/it\/piattaforme-didattica-distanza\/remo-conference-recensione\/"]}]},{"@type":"ImageObject","inLanguage":"it-IT","@id":"https:\/\/www.accuratereviews.com\/it\/piattaforme-didattica-distanza\/remo-conference-recensione\/#primaryimage","url":"https:\/\/www.accuratereviews.com\/wp-content\/uploads\/2024\/02\/Screenshot-2024-02-20-alle-11.09.47.png","contentUrl":"https:\/\/www.accuratereviews.com\/wp-content\/uploads\/2024\/02\/Screenshot-2024-02-20-alle-11.09.47.png","width":814,"height":404},{"@type":"BreadcrumbList","@id":"https:\/\/www.accuratereviews.com\/it\/piattaforme-didattica-distanza\/remo-conference-recensione\/#breadcrumb","itemListElement":[{"@type":"ListItem","position":1,"name":"Home","item":"https:\/\/www.accuratereviews.com\/it\/"},{"@type":"ListItem","position":2,"name":"Piattaforme per la didattica a distanza","item":"https:\/\/www.accuratereviews.com\/it\/piattaforme-didattica-distanza\/"},{"@type":"ListItem","position":3,"name":"Remo Conference"}]},{"@type":"WebSite","@id":"https:\/\/www.accuratereviews.com\/it\/#website","url":"https:\/\/www.accuratereviews.com\/it\/","name":"Accurate Reviews","description":"","potentialAction":[{"@type":"SearchAction","target":{"@type":"EntryPoint","urlTemplate":"https:\/\/www.accuratereviews.com\/it\/?s={search_term_string}"},"query-input":{"@type":"PropertyValueSpecification","valueRequired":true,"valueName":"search_term_string"}}],"inLanguage":"it-IT"}]}},"_links":{"self":[{"href":"https:\/\/www.accuratereviews.com\/it\/wp-json\/wp\/v2\/pages\/74609","targetHints":{"allow":["GET"]}}],"collection":[{"href":"https:\/\/www.accuratereviews.com\/it\/wp-json\/wp\/v2\/pages"}],"about":[{"href":"https:\/\/www.accuratereviews.com\/it\/wp-json\/wp\/v2\/types\/page"}],"author":[{"embeddable":true,"href":"https:\/\/www.accuratereviews.com\/it\/wp-json\/wp\/v2\/users\/19"}],"replies":[{"embeddable":true,"href":"https:\/\/www.accuratereviews.com\/it\/wp-json\/wp\/v2\/comments?post=74609"}],"version-history":[{"count":9,"href":"https:\/\/www.accuratereviews.com\/it\/wp-json\/wp\/v2\/pages\/74609\/revisions"}],"predecessor-version":[{"id":74663,"href":"https:\/\/www.accuratereviews.com\/it\/wp-json\/wp\/v2\/pages\/74609\/revisions\/74663"}],"up":[{"embeddable":true,"href":"https:\/\/www.accuratereviews.com\/it\/wp-json\/wp\/v2\/pages\/30279"}],"wp:featuredmedia":[{"embeddable":true,"href":"https:\/\/www.accuratereviews.com\/it\/wp-json\/wp\/v2\/media\/74612"}],"wp:attachment":[{"href":"https:\/\/www.accuratereviews.com\/it\/wp-json\/wp\/v2\/media?parent=74609"}],"wp:term":[{"taxonomy":"category","embeddable":true,"href":"https:\/\/www.accuratereviews.com\/it\/wp-json\/wp\/v2\/categories?post=74609"},{"taxonomy":"post_tag","embeddable":true,"href":"https:\/\/www.accuratereviews.com\/it\/wp-json\/wp\/v2\/tags?post=74609"},{"taxonomy":"features","embeddable":true,"href":"https:\/\/www.accuratereviews.com\/it\/wp-json\/wp\/v2\/features?post=74609"}],"curies":[{"name":"wp","href":"https:\/\/api.w.org\/{rel}","templated":true}]}}