{"id":74628,"date":"2024-02-21T17:48:33","date_gmt":"2024-02-21T17:48:33","guid":{"rendered":"https:\/\/www.accuratereviews.com\/?page_id=74628"},"modified":"2024-02-23T11:10:05","modified_gmt":"2024-02-23T11:10:05","slug":"braincert-recensione","status":"publish","type":"page","link":"https:\/\/www.accuratereviews.com\/it\/piattaforme-didattica-distanza\/braincert-recensione\/","title":{"rendered":"BrainCert"},"content":{"rendered":"<p><strong>BrainCert<\/strong> \u00e8 una <strong>piattaforma di formazione unificata<\/strong> SaaS all-in-one progettata per offrire qualsiasi tipo di formazione online, ad esempio corsi misti autogestiti, videoconferenze, valutazioni, esami supervisionati, formazione sulla conformit\u00e0, sviluppo delle competenze, formazione per clienti e partner e servizi reali. Offre anche la collaborazione temporale utilizzando un&#8217;aula virtuale integrata.<br \/>\n<strong>BrainCert <\/strong>fornisce esperienze di apprendimento coinvolgenti utilizzando certificati e badge, lavagne, percorso di apprendimento, compiti, report e analisi e altro ancora.<\/p>\n<h2>BRAINCERT &#8211; TUTORIAL<\/h2>\n<div id=\"fluid-wrapper-counter-1\" class=\"g1-fluid-wrapper \" style=\"width:686px;\">\n<div style=\"padding-bottom:56.268221574344%;\"><iframe loading=\"lazy\" title=\"Full Guide on BrainCert Custom Branding |\" width=\"686\" height=\"386\" src=\"https:\/\/www.youtube.com\/embed\/QDg1Nv5cGoc?feature=oembed&amp;wmode=transparent&amp;autohide=1&amp;autoplay=0&amp;disablekb=0&amp;fs=1&amp;loop=0&amp;enablejsapi=1&amp;rel=0&amp;controls=2&amp;showinfo=0&amp;wmode=transparent&amp;autohide=2&amp;autoplay=0&amp;disablekb=0&amp;fs=1&amp;loop=0&amp;enablejsapi=1&amp;rel=0&amp;controls=2&amp;showinfo=1\" frameborder=\"0\" allow=\"accelerometer; autoplay; clipboard-write; encrypted-media; gyroscope; picture-in-picture; web-share\" allowfullscreen><\/iframe><\/div>\n<\/div>\n<h3>BRAINCERT &#8211; CARATTERISTICHE<\/h3>\n<ul>\n<li><strong>Il tuo marchio, amplificato<\/strong>: personalizza la grafica e la struttura del corso, offrendo agli studenti un&#8217;esperienza unica. Rafforza la tua credibilit\u00e0 con un certificato SSL personalizzato.<\/li>\n<li><strong>Collaborazione dal vivo<\/strong>: dai vita ai tuoi corsi con il coinvolgimento in tempo reale. Con l&#8217;aula virtuale integrata, non limitarti a fornire contenuti: crea una sfera di apprendimento virtuale coinvolgente, interattiva e collaborativa.<\/li>\n<li><strong>Prodotti digitali<\/strong>:\u00a0progettato per migliorare la tua strategia di vendita. Che si tratti di corsi, test, sessioni di live coaching o webinar premium, vendi, fai upsell e cross-sell con delicatezza.<\/li>\n<li><strong>Analisi delle domande<\/strong>: misurare il rendimento complessivo, la qualit\u00e0 della valutazione e riconoscere le domande che potrebbero essere scarsamente discriminatrici del rendimento degli studenti.<\/li>\n<li><strong>Prodotti spedibili<\/strong>: crea, gestisci e promuovi prodotti tangibili senza sforzo. Aumenta le vendite e monitora il tuo successo con il monitoraggio completo.<\/li>\n<li><strong>Progettato per il successo:<\/strong> crea e fornisci valutazioni per il miglioramento delle competenze, la preparazione alla certificazione, i test pre-assunzione, la valutazione accademica, psicometrica e dei dipendenti.<\/li>\n<li><strong>Costruttore di siti senza codice:<\/strong> scegli tra modelli selezionati, personalizza rapidamente e avvia con un dominio unico. Migliora la tua presenza online con un indirizzo da te definito.<\/li>\n<li><strong>Aumenta la conversione<\/strong>: aumenta i tassi di conversione utilizzando le pagine del catalogo che mostrano rapidamente i prodotti, garantendo un&#8217;esperienza utente senza eguali su misura per i tuoi studenti.<\/li>\n<li><strong>Esperienza di acquisto unificata<\/strong>: con il carrello unificato, i clienti possono calcolare facilmente la spedizione, applicare sconti e accedere ai contenuti digitali, il tutto in un&#8217;unica transazione sicura e senza intoppi.<\/li>\n<li><strong>Automazioni personalizzate<\/strong>: parla direttamente al tuo pubblico personalizzando i contenuti. Invia messaggi che abbiano risonanza, esattamente quando i tuoi contatti vogliono ascoltarli.<\/li>\n<li><strong>Analisi approfondita della posta elettronica<\/strong>: monitora l&#8217;impatto delle tue campagne email con analisi in tempo reale. Tieni traccia di parametri quali aperture uniche, percentuali di clic e consegne riuscite.<\/li>\n<\/ul>\n<h4>LE RECENSIONI DEGLI UTENTI<\/h4>\n<p><strong>Renjith &#8220;BrainCert: la piattaforma di e-learning di portata globale&#8221;<\/strong><br \/>\n<strong>Commenti<\/strong>: Ho avuto un&#8217;ottima esperienza con BrainCert. \u00c8 stato facile configurare e creare la mia piattaforma di apprendimento con la loro variet\u00e0 di funzionalit\u00e0. Anche il loro servizio clienti \u00e8 stato rapido e utile quando avevo domande sul programma, quindi mi sentivo sicuro nell&#8217;usarlo. L&#8217;interfaccia utente era intuitiva e facile da usare, facilitando la navigazione e trovando rapidamente ci\u00f2 di cui avevo bisogno. Nel complesso, BrainCert \u00e8 un&#8217;ottima piattaforma per creare un corso educativo online.<br \/>\n<strong>Pro<\/strong>: Mi \u00e8 piaciuta la facilit\u00e0 d&#8217;uso e le funzionalit\u00e0 incluse in BrainCert. La piattaforma offre una variet\u00e0 di funzionalit\u00e0, come il caricamento di contenuti tramite trascinamento, strumenti interattivi, pianificazione e fatturazione e quiz personalizzabili per promuovere il coinvolgimento con gli studenti. Inoltre, i progettisti dei corsi hanno accesso a opzioni di pagamento flessibili, che consentono loro di riscuotere rapidamente i pagamenti dai propri clienti.<br \/>\n<strong>Contro<\/strong>: La cosa meno apprezzata di BrainCert sono le opzioni di personalizzazione limitate durante la creazione dei contenuti del corso. La piattaforma non consente molta personalizzazione del design, il che pu\u00f2 far sembrare i corsi un po&#8217; generici. Inoltre, sono stati segnalati alcuni problemi tecnici che hanno causato il caricamento lento dei corsi.<\/p>\n<p><strong>Rahul &#8220;Soluzione tutto in uno per tutto il tuo sistema di erogazione di e-Learning&#8221;<\/strong><br \/>\n<strong>Commenti<\/strong>: Nel complesso sono soddisfatto del prodotto e attendo con ansia il suo continuo sviluppo e supporto da parte dei fondatori.<br \/>\n<strong>Pro<\/strong>: Le lezioni virtuali e la condivisione dello schermo sono la funzionalit\u00e0 pi\u00f9 importante che pu\u00f2 sostituire il mio zoom.<br \/>\n<strong>Contro<\/strong>: L&#8217;interfaccia utente non \u00e8 moderna e avviare una riunione veloce non \u00e8 facile<\/p>\n<p><strong>Daniel &#8220;Esperienza molto positiva con Braincert LMS&#8221;<\/strong><br \/>\n<strong>Commenti<\/strong>: Ottimo come formatore e con i miei studenti<br \/>\n<strong>Pro<\/strong>: Ottima esperienza per gli studenti e ottima esperienza come istruttore<br \/>\n<strong>Contro<\/strong>: La gestione dei contenuti richiede del tempo per creare test e contenuti.<\/p>\n","protected":false},"excerpt":{"rendered":"<p>BrainCert \u00e8 una piattaforma di formazione unificata SaaS all-in-one progettata per offrire qualsiasi tipo di formazione online, ad esempio corsi misti autogestiti, videoconferenze, valutazioni, esami supervisionati, formazione sulla conformit\u00e0, sviluppo delle competenze, formazione per clienti e partner e servizi reali.<\/p>\n","protected":false},"author":19,"featured_media":74632,"parent":30279,"menu_order":0,"comment_status":"open","ping_status":"closed","template":"g1_template_page_review_new.php","meta":{"_acf_changed":false,"cwp_meta_box_check":"Yes","cwp_rev_product_name":"","cwp_rev_product_image":"","wppr_links":[],"cwp_rev_price":"0.00","wppr_options":[{"name":"Usability","value":"0"},{"name":"Speed","value":"0"},{"name":"Features","value":"0"},{"name":"Support","value":"0"},{"name":"Pricing","value":"0"}],"wppr_pros":["","","","",""],"wppr_cons":["","","","",""],"_monsterinsights_skip_tracking":false,"_monsterinsights_sitenote_active":false,"_monsterinsights_sitenote_note":"","_monsterinsights_sitenote_category":0,"footnotes":""},"categories":[3634],"tags":[14944,5100,3661,3660,3659,3658],"features":[],"class_list":{"0":"post-74628","1":"page","2":"type-page","3":"status-publish","4":"has-post-thumbnail","6":"category-piattaforme-per-la-didattica-a-distanza-categoria","7":"tag-braincert","8":"tag-didattica-a-distanza","9":"tag-piattaforma-didattica-a-distanza","10":"tag-programma-didattica-a-distanza","11":"tag-software-didattica-a-distanza","12":"tag-soluzione-didattica-a-distanza"},"wppr_data":{"cwp_meta_box_check":"Yes","_wppr_review_template":"default","cwp_rev_product_image":"","cwp_image_link":"image","wppr_links":[],"cwp_rev_price":"0.00","wppr_pros":["","","","",""],"wppr_cons":["","","","",""],"wppr_rating":"0.00","wppr_options":{"1":{"name":"Usability","value":"0"},"2":{"name":"Speed","value":"0"},"3":{"name":"Features","value":"0"},"4":{"name":"Support","value":"0"},"5":{"name":"Pricing","value":"0"}},"wppr_review_type":"Product","wppr_review_custom_fields":{"additionalProperty":"","additionalType":"","aggregateRating":"","alternateName":"","audience":"","award":"","awards":"","brand":"","color":"","depth":"","description":"","disambiguatingDescription":"","gtin12":"","gtin13":"","gtin14":"","gtin8":"","height":"","identifier":"","image":"","isAccessoryOrSparePartFor":"","isConsumableFor":"","isRelatedTo":"","isSimilarTo":"","itemCondition":"","logo":"","mainEntityOfPage":"","manufacturer":"","material":"","model":"","mpn":"","name":"","offers":"","potentialAction":"","productID":"","productionDate":"","purchaseDate":"","releaseDate":"","review":"","reviews":"","sameAs":"","sku":"","slogan":"","subjectOf":"","url":"","weight":"","width":""}},"acf":[],"yoast_head":"<!-- This site is optimized with the Yoast SEO plugin v27.4 - https:\/\/yoast.com\/product\/yoast-seo-wordpress\/ -->\n<title>BrainCert: recensione software didattica a distanza - Accurate Reviews<\/title>\n<meta name=\"description\" content=\"BrainCert: recensione piattaforma di formazione unificata SaaS all-in-one progettata per offrire qualsiasi tipo di formazione online\" \/>\n<meta name=\"robots\" content=\"index, follow, max-snippet:-1, max-image-preview:large, max-video-preview:-1\" \/>\n<link rel=\"canonical\" href=\"https:\/\/www.accuratereviews.com\/it\/piattaforme-didattica-distanza\/braincert-recensione\/\" \/>\n<meta property=\"og:locale\" content=\"it_IT\" \/>\n<meta property=\"og:type\" content=\"article\" \/>\n<meta property=\"og:title\" content=\"BrainCert: recensione software didattica a distanza - Accurate Reviews\" \/>\n<meta property=\"og:description\" content=\"BrainCert: recensione piattaforma di formazione unificata SaaS all-in-one progettata per offrire qualsiasi tipo di formazione online\" \/>\n<meta property=\"og:url\" content=\"https:\/\/www.accuratereviews.com\/it\/piattaforme-didattica-distanza\/braincert-recensione\/\" \/>\n<meta property=\"og:site_name\" content=\"Accurate Reviews\" \/>\n<meta property=\"article:modified_time\" content=\"2024-02-23T11:10:05+00:00\" \/>\n<meta property=\"og:image\" content=\"https:\/\/www.accuratereviews.com\/wp-content\/uploads\/2024\/02\/braincert.png\" \/>\n\t<meta property=\"og:image:width\" content=\"261\" \/>\n\t<meta property=\"og:image:height\" content=\"261\" \/>\n\t<meta property=\"og:image:type\" content=\"image\/png\" \/>\n<meta name=\"twitter:card\" content=\"summary_large_image\" \/>\n<meta name=\"twitter:label1\" content=\"Tempo di lettura stimato\" \/>\n\t<meta name=\"twitter:data1\" content=\"5 minuti\" \/>\n<script type=\"application\/ld+json\" class=\"yoast-schema-graph\">{\"@context\":\"https:\\\/\\\/schema.org\",\"@graph\":[{\"@type\":\"WebPage\",\"@id\":\"https:\\\/\\\/www.accuratereviews.com\\\/it\\\/piattaforme-didattica-distanza\\\/braincert-recensione\\\/\",\"url\":\"https:\\\/\\\/www.accuratereviews.com\\\/it\\\/piattaforme-didattica-distanza\\\/braincert-recensione\\\/\",\"name\":\"BrainCert: recensione software didattica a distanza - Accurate Reviews\",\"isPartOf\":{\"@id\":\"https:\\\/\\\/www.accuratereviews.com\\\/it\\\/#website\"},\"primaryImageOfPage\":{\"@id\":\"https:\\\/\\\/www.accuratereviews.com\\\/it\\\/piattaforme-didattica-distanza\\\/braincert-recensione\\\/#primaryimage\"},\"image\":{\"@id\":\"https:\\\/\\\/www.accuratereviews.com\\\/it\\\/piattaforme-didattica-distanza\\\/braincert-recensione\\\/#primaryimage\"},\"thumbnailUrl\":\"https:\\\/\\\/www.accuratereviews.com\\\/wp-content\\\/uploads\\\/2024\\\/02\\\/braincert.png\",\"datePublished\":\"2024-02-21T17:48:33+00:00\",\"dateModified\":\"2024-02-23T11:10:05+00:00\",\"description\":\"BrainCert: recensione piattaforma di formazione unificata SaaS all-in-one progettata per offrire qualsiasi tipo di formazione online\",\"breadcrumb\":{\"@id\":\"https:\\\/\\\/www.accuratereviews.com\\\/it\\\/piattaforme-didattica-distanza\\\/braincert-recensione\\\/#breadcrumb\"},\"inLanguage\":\"it-IT\",\"potentialAction\":[{\"@type\":\"ReadAction\",\"target\":[\"https:\\\/\\\/www.accuratereviews.com\\\/it\\\/piattaforme-didattica-distanza\\\/braincert-recensione\\\/\"]}]},{\"@type\":\"ImageObject\",\"inLanguage\":\"it-IT\",\"@id\":\"https:\\\/\\\/www.accuratereviews.com\\\/it\\\/piattaforme-didattica-distanza\\\/braincert-recensione\\\/#primaryimage\",\"url\":\"https:\\\/\\\/www.accuratereviews.com\\\/wp-content\\\/uploads\\\/2024\\\/02\\\/braincert.png\",\"contentUrl\":\"https:\\\/\\\/www.accuratereviews.com\\\/wp-content\\\/uploads\\\/2024\\\/02\\\/braincert.png\",\"width\":261,\"height\":261},{\"@type\":\"BreadcrumbList\",\"@id\":\"https:\\\/\\\/www.accuratereviews.com\\\/it\\\/piattaforme-didattica-distanza\\\/braincert-recensione\\\/#breadcrumb\",\"itemListElement\":[{\"@type\":\"ListItem\",\"position\":1,\"name\":\"Home\",\"item\":\"https:\\\/\\\/www.accuratereviews.com\\\/it\\\/\"},{\"@type\":\"ListItem\",\"position\":2,\"name\":\"Piattaforme per la didattica a distanza\",\"item\":\"https:\\\/\\\/www.accuratereviews.com\\\/it\\\/piattaforme-didattica-distanza\\\/\"},{\"@type\":\"ListItem\",\"position\":3,\"name\":\"BrainCert\"}]},{\"@type\":\"WebSite\",\"@id\":\"https:\\\/\\\/www.accuratereviews.com\\\/it\\\/#website\",\"url\":\"https:\\\/\\\/www.accuratereviews.com\\\/it\\\/\",\"name\":\"Accurate Reviews\",\"description\":\"\",\"potentialAction\":[{\"@type\":\"SearchAction\",\"target\":{\"@type\":\"EntryPoint\",\"urlTemplate\":\"https:\\\/\\\/www.accuratereviews.com\\\/it\\\/?s={search_term_string}\"},\"query-input\":{\"@type\":\"PropertyValueSpecification\",\"valueRequired\":true,\"valueName\":\"search_term_string\"}}],\"inLanguage\":\"it-IT\"}]}<\/script>\n<!-- \/ Yoast SEO plugin. -->","yoast_head_json":{"title":"BrainCert: recensione software didattica a distanza - Accurate Reviews","description":"BrainCert: recensione piattaforma di formazione unificata SaaS all-in-one progettata per offrire qualsiasi tipo di formazione online","robots":{"index":"index","follow":"follow","max-snippet":"max-snippet:-1","max-image-preview":"max-image-preview:large","max-video-preview":"max-video-preview:-1"},"canonical":"https:\/\/www.accuratereviews.com\/it\/piattaforme-didattica-distanza\/braincert-recensione\/","og_locale":"it_IT","og_type":"article","og_title":"BrainCert: recensione software didattica a distanza - Accurate Reviews","og_description":"BrainCert: recensione piattaforma di formazione unificata SaaS all-in-one progettata per offrire qualsiasi tipo di formazione online","og_url":"https:\/\/www.accuratereviews.com\/it\/piattaforme-didattica-distanza\/braincert-recensione\/","og_site_name":"Accurate Reviews","article_modified_time":"2024-02-23T11:10:05+00:00","og_image":[{"width":261,"height":261,"url":"https:\/\/www.accuratereviews.com\/wp-content\/uploads\/2024\/02\/braincert.png","type":"image\/png"}],"twitter_card":"summary_large_image","twitter_misc":{"Tempo di lettura stimato":"5 minuti"},"schema":{"@context":"https:\/\/schema.org","@graph":[{"@type":"WebPage","@id":"https:\/\/www.accuratereviews.com\/it\/piattaforme-didattica-distanza\/braincert-recensione\/","url":"https:\/\/www.accuratereviews.com\/it\/piattaforme-didattica-distanza\/braincert-recensione\/","name":"BrainCert: recensione software didattica a distanza - Accurate Reviews","isPartOf":{"@id":"https:\/\/www.accuratereviews.com\/it\/#website"},"primaryImageOfPage":{"@id":"https:\/\/www.accuratereviews.com\/it\/piattaforme-didattica-distanza\/braincert-recensione\/#primaryimage"},"image":{"@id":"https:\/\/www.accuratereviews.com\/it\/piattaforme-didattica-distanza\/braincert-recensione\/#primaryimage"},"thumbnailUrl":"https:\/\/www.accuratereviews.com\/wp-content\/uploads\/2024\/02\/braincert.png","datePublished":"2024-02-21T17:48:33+00:00","dateModified":"2024-02-23T11:10:05+00:00","description":"BrainCert: recensione piattaforma di formazione unificata SaaS all-in-one progettata per offrire qualsiasi tipo di formazione online","breadcrumb":{"@id":"https:\/\/www.accuratereviews.com\/it\/piattaforme-didattica-distanza\/braincert-recensione\/#breadcrumb"},"inLanguage":"it-IT","potentialAction":[{"@type":"ReadAction","target":["https:\/\/www.accuratereviews.com\/it\/piattaforme-didattica-distanza\/braincert-recensione\/"]}]},{"@type":"ImageObject","inLanguage":"it-IT","@id":"https:\/\/www.accuratereviews.com\/it\/piattaforme-didattica-distanza\/braincert-recensione\/#primaryimage","url":"https:\/\/www.accuratereviews.com\/wp-content\/uploads\/2024\/02\/braincert.png","contentUrl":"https:\/\/www.accuratereviews.com\/wp-content\/uploads\/2024\/02\/braincert.png","width":261,"height":261},{"@type":"BreadcrumbList","@id":"https:\/\/www.accuratereviews.com\/it\/piattaforme-didattica-distanza\/braincert-recensione\/#breadcrumb","itemListElement":[{"@type":"ListItem","position":1,"name":"Home","item":"https:\/\/www.accuratereviews.com\/it\/"},{"@type":"ListItem","position":2,"name":"Piattaforme per la didattica a distanza","item":"https:\/\/www.accuratereviews.com\/it\/piattaforme-didattica-distanza\/"},{"@type":"ListItem","position":3,"name":"BrainCert"}]},{"@type":"WebSite","@id":"https:\/\/www.accuratereviews.com\/it\/#website","url":"https:\/\/www.accuratereviews.com\/it\/","name":"Accurate Reviews","description":"","potentialAction":[{"@type":"SearchAction","target":{"@type":"EntryPoint","urlTemplate":"https:\/\/www.accuratereviews.com\/it\/?s={search_term_string}"},"query-input":{"@type":"PropertyValueSpecification","valueRequired":true,"valueName":"search_term_string"}}],"inLanguage":"it-IT"}]}},"_links":{"self":[{"href":"https:\/\/www.accuratereviews.com\/it\/wp-json\/wp\/v2\/pages\/74628","targetHints":{"allow":["GET"]}}],"collection":[{"href":"https:\/\/www.accuratereviews.com\/it\/wp-json\/wp\/v2\/pages"}],"about":[{"href":"https:\/\/www.accuratereviews.com\/it\/wp-json\/wp\/v2\/types\/page"}],"author":[{"embeddable":true,"href":"https:\/\/www.accuratereviews.com\/it\/wp-json\/wp\/v2\/users\/19"}],"replies":[{"embeddable":true,"href":"https:\/\/www.accuratereviews.com\/it\/wp-json\/wp\/v2\/comments?post=74628"}],"version-history":[{"count":12,"href":"https:\/\/www.accuratereviews.com\/it\/wp-json\/wp\/v2\/pages\/74628\/revisions"}],"predecessor-version":[{"id":74736,"href":"https:\/\/www.accuratereviews.com\/it\/wp-json\/wp\/v2\/pages\/74628\/revisions\/74736"}],"up":[{"embeddable":true,"href":"https:\/\/www.accuratereviews.com\/it\/wp-json\/wp\/v2\/pages\/30279"}],"wp:featuredmedia":[{"embeddable":true,"href":"https:\/\/www.accuratereviews.com\/it\/wp-json\/wp\/v2\/media\/74632"}],"wp:attachment":[{"href":"https:\/\/www.accuratereviews.com\/it\/wp-json\/wp\/v2\/media?parent=74628"}],"wp:term":[{"taxonomy":"category","embeddable":true,"href":"https:\/\/www.accuratereviews.com\/it\/wp-json\/wp\/v2\/categories?post=74628"},{"taxonomy":"post_tag","embeddable":true,"href":"https:\/\/www.accuratereviews.com\/it\/wp-json\/wp\/v2\/tags?post=74628"},{"taxonomy":"features","embeddable":true,"href":"https:\/\/www.accuratereviews.com\/it\/wp-json\/wp\/v2\/features?post=74628"}],"curies":[{"name":"wp","href":"https:\/\/api.w.org\/{rel}","templated":true}]}}