{"id":74646,"date":"2024-02-21T22:20:44","date_gmt":"2024-02-21T22:20:44","guid":{"rendered":"https:\/\/www.accuratereviews.com\/?page_id=74646"},"modified":"2024-02-23T11:12:11","modified_gmt":"2024-02-23T11:12:11","slug":"gracesoft-easy-innkeeping-recensione","status":"publish","type":"page","link":"https:\/\/www.accuratereviews.com\/it\/software-per-campeggi\/gracesoft-easy-innkeeping-recensione\/","title":{"rendered":"GraceSoft Easy InnKeeping"},"content":{"rendered":"<p><strong>GraceSoft Easy InnKeeping<\/strong> \u00e8 un <strong>software di gestione per l&#8217;ospitalit\u00e0<\/strong> che supporta hotel, B&amp;B, condomini, affitti per vacanze, campeggi e catene alberghiere con funzionalit\u00e0 per semplificare le operazioni quotidiane. Offre gestione della propriet\u00e0, prenotazioni online, gestione canali, pulizie, pagamenti, comunicazione con gli ospiti e gestione del punto vendita.<br \/>\n<strong>GraceSoft Easy InnKeeping<\/strong> offre una soluzione di gestione per campeggi e parchi per camper progettata per semplificare le operazioni e aumentare i ricavi. Il software all-in-one facilita la gestione delle prenotazioni, l&#8217;automazione dei processi e l&#8217;incremento dei tassi di occupazione.<\/p>\n<h2>GRACESOFT EASY INNKEEPING &#8211; TUTORIAL<\/h2>\n<div id=\"fluid-wrapper-counter-1\" class=\"g1-fluid-wrapper \" style=\"width:686px;\">\n<div style=\"padding-bottom:56.268221574344%;\"><iframe loading=\"lazy\" title=\"GraceSoft Easy InnKeeping - Best Hotel Reservation Software | Hotel Management Software Overview\" width=\"686\" height=\"386\" src=\"https:\/\/www.youtube.com\/embed\/nehCcnj-Zcw?feature=oembed&amp;wmode=transparent&amp;autohide=1&amp;autoplay=0&amp;disablekb=0&amp;fs=1&amp;loop=0&amp;enablejsapi=1&amp;rel=0&amp;controls=2&amp;showinfo=0&amp;wmode=transparent&amp;autohide=2&amp;autoplay=0&amp;disablekb=0&amp;fs=1&amp;loop=0&amp;enablejsapi=1&amp;rel=0&amp;controls=2&amp;showinfo=1\" frameborder=\"0\" allow=\"accelerometer; autoplay; clipboard-write; encrypted-media; gyroscope; picture-in-picture; web-share\" allowfullscreen><\/iframe><\/div>\n<\/div>\n<h3>GRACESOFT EASY INNKEEPING &#8211; CARATTERISTICHE<\/h3>\n<ul>\n<li>Sistema di gestione delle prenotazioni<\/li>\n<li>Integrazioni con i principali canali OTA<\/li>\n<li>Motore di prenotazione personalizzabile per il sito web dell&#8217;utente<\/li>\n<li>Strumenti avanzati per il marketing via email, messaggistica diretta con gli ospiti<\/li>\n<li>Soluzioni per il processing dei pagamenti sicuri.<\/li>\n<\/ul>\n<h4>LE RECENSIONI DEGLI UTENTI<\/h4>\n<p><strong>Lauren &#8220;Nel complesso \u00e8 buono&#8221;<\/strong><br \/>\nCommenti: Facile da usare per tutto il mio staff. Comodo per la propriet\u00e0. A volte per\u00f2 le conferme via email sono incasinate. Diversi campi non leggono alcuni indirizzi email o nomi, quindi si spera che questo venga risolto.<br \/>\nPro: Aggiornamenti continui. Codifica dei colori. Le funzioni per gli ospiti sono facili da configurare. La chat dal vivo \u00e8 piacevole. \u00c8 facile aggiornare i profili.<br \/>\nContro: L&#8217;assistenza clienti a volte pu\u00f2 essere difficile. Alcune funzioni non sono il massimo. Le prenotazioni di gruppo non sono facili.<\/p>\n<p><strong>Amy &#8220;Funziona per la mia azienda&#8221;<\/strong><br \/>\nCommenti: Convenienza per i proprietari e il personale. Funziona con il nostro sito online per mostrare le camere che sono esaurite. Il personale \u00e8 facile da usare e l&#8217;opzione live chat \u00e8 ottima.<br \/>\nPro: La funzione di aggiunta rapida \u00e8 piacevole. Inoltre, abbiamo abilitato l&#8217;invio automatico di email di conferma nel nostro sistema.<br \/>\nContro: A volte i nomi e le email dei profili degli ospiti non sono riconoscibili. Ho dovuto inviare alcuni ordini di lavoro per questo motivo.<\/p>\n<p><strong>Todd &#8220;Facile da usare e buoni tempi di risposta da parte del servizio di assistenza&#8221;<\/strong><br \/>\nCommenti: Gestione delle prenotazioni in tempo reale<br \/>\nPro: Facilit\u00e0 d&#8217;uso per il personale. Come l&#8217;opzione di codifica dei colori per differenziare le prenotazioni e la situazione nella nostra locanda.<br \/>\nContro: Il fatto che le prenotazioni non si adattino bene alle prenotazioni di terzi. Le prenotazioni mettono gli ospiti in camere diverse se si tratta di una prenotazione di pi\u00f9 notti e poi dobbiamo spostarli di nuovo per metterli in un&#8217;unica camera.<\/p>\n","protected":false},"excerpt":{"rendered":"<p>GraceSoft Easy InnKeeping \u00e8 un software di gestione per l&#8217;ospitalit\u00e0 che supporta hotel, B&#038;B, condomini, affitti per vacanze, campeggi e catene alberghiere con funzionalit\u00e0 per semplificare le operazioni quotidiane. Offre gestione della propriet\u00e0, prenotazioni online, gestione canali, pulizie, pagamenti, comunicazione con gli ospiti e gestione del punto vendita.<\/p>\n","protected":false},"author":17,"featured_media":74647,"parent":59967,"menu_order":0,"comment_status":"open","ping_status":"closed","template":"g1_template_page_review_new.php","meta":{"_acf_changed":false,"cwp_meta_box_check":"No","cwp_rev_product_name":"","cwp_rev_product_image":"","wppr_links":[],"cwp_rev_price":"","wppr_options":[],"wppr_pros":[],"wppr_cons":[],"_monsterinsights_skip_tracking":false,"_monsterinsights_sitenote_active":false,"_monsterinsights_sitenote_note":"","_monsterinsights_sitenote_category":0,"footnotes":""},"categories":[13062],"tags":[13067,13068,1743,13084,13064],"features":[],"class_list":{"0":"post-74646","1":"page","2":"type-page","3":"status-publish","4":"has-post-thumbnail","6":"category-software-campeggi-cat","7":"tag-app-per-campeggi","8":"tag-gestionale-per-campeggi","9":"tag-piattaforma-gestionale-hotel","10":"tag-piattaforma-per-campeggi","11":"tag-software-per-campeggi"},"wppr_data":{"cwp_meta_box_check":"No"},"acf":[],"yoast_head":"<!-- This site is optimized with the Yoast SEO plugin v27.4 - https:\/\/yoast.com\/product\/yoast-seo-wordpress\/ -->\n<title>GraceSoft Easy InnKeeping: recensione - Accurate Reviews<\/title>\n<meta name=\"description\" content=\"GraceSoft Easy InnKeeping: recensione software di gestione per l&#039;ospitalit\u00e0 che supporta hotel, B&amp;B, condomini, campeggi ecc.\" \/>\n<meta name=\"robots\" content=\"index, follow, max-snippet:-1, max-image-preview:large, max-video-preview:-1\" \/>\n<link rel=\"canonical\" href=\"https:\/\/www.accuratereviews.com\/it\/software-per-campeggi\/gracesoft-easy-innkeeping-recensione\/\" \/>\n<meta property=\"og:locale\" content=\"it_IT\" \/>\n<meta property=\"og:type\" content=\"article\" \/>\n<meta property=\"og:title\" content=\"GraceSoft Easy InnKeeping: recensione - Accurate Reviews\" \/>\n<meta property=\"og:description\" content=\"GraceSoft Easy InnKeeping: recensione software di gestione per l&#039;ospitalit\u00e0 che supporta hotel, B&amp;B, condomini, campeggi ecc.\" \/>\n<meta property=\"og:url\" content=\"https:\/\/www.accuratereviews.com\/it\/software-per-campeggi\/gracesoft-easy-innkeeping-recensione\/\" \/>\n<meta property=\"og:site_name\" content=\"Accurate Reviews\" \/>\n<meta property=\"article:modified_time\" content=\"2024-02-23T11:12:11+00:00\" \/>\n<meta property=\"og:image\" content=\"https:\/\/www.accuratereviews.com\/wp-content\/uploads\/2024\/02\/images.png\" \/>\n\t<meta property=\"og:image:width\" content=\"225\" \/>\n\t<meta property=\"og:image:height\" content=\"225\" \/>\n\t<meta property=\"og:image:type\" content=\"image\/png\" \/>\n<meta name=\"twitter:card\" content=\"summary_large_image\" \/>\n<meta name=\"twitter:label1\" content=\"Tempo di lettura stimato\" \/>\n\t<meta name=\"twitter:data1\" content=\"4 minuti\" \/>\n<script type=\"application\/ld+json\" class=\"yoast-schema-graph\">{\"@context\":\"https:\\\/\\\/schema.org\",\"@graph\":[{\"@type\":\"WebPage\",\"@id\":\"https:\\\/\\\/www.accuratereviews.com\\\/it\\\/software-per-campeggi\\\/gracesoft-easy-innkeeping-recensione\\\/\",\"url\":\"https:\\\/\\\/www.accuratereviews.com\\\/it\\\/software-per-campeggi\\\/gracesoft-easy-innkeeping-recensione\\\/\",\"name\":\"GraceSoft Easy InnKeeping: recensione - Accurate Reviews\",\"isPartOf\":{\"@id\":\"https:\\\/\\\/www.accuratereviews.com\\\/it\\\/#website\"},\"primaryImageOfPage\":{\"@id\":\"https:\\\/\\\/www.accuratereviews.com\\\/it\\\/software-per-campeggi\\\/gracesoft-easy-innkeeping-recensione\\\/#primaryimage\"},\"image\":{\"@id\":\"https:\\\/\\\/www.accuratereviews.com\\\/it\\\/software-per-campeggi\\\/gracesoft-easy-innkeeping-recensione\\\/#primaryimage\"},\"thumbnailUrl\":\"https:\\\/\\\/www.accuratereviews.com\\\/wp-content\\\/uploads\\\/2024\\\/02\\\/images.png\",\"datePublished\":\"2024-02-21T22:20:44+00:00\",\"dateModified\":\"2024-02-23T11:12:11+00:00\",\"description\":\"GraceSoft Easy InnKeeping: recensione software di gestione per l'ospitalit\u00e0 che supporta hotel, B&B, condomini, campeggi ecc.\",\"breadcrumb\":{\"@id\":\"https:\\\/\\\/www.accuratereviews.com\\\/it\\\/software-per-campeggi\\\/gracesoft-easy-innkeeping-recensione\\\/#breadcrumb\"},\"inLanguage\":\"it-IT\",\"potentialAction\":[{\"@type\":\"ReadAction\",\"target\":[\"https:\\\/\\\/www.accuratereviews.com\\\/it\\\/software-per-campeggi\\\/gracesoft-easy-innkeeping-recensione\\\/\"]}]},{\"@type\":\"ImageObject\",\"inLanguage\":\"it-IT\",\"@id\":\"https:\\\/\\\/www.accuratereviews.com\\\/it\\\/software-per-campeggi\\\/gracesoft-easy-innkeeping-recensione\\\/#primaryimage\",\"url\":\"https:\\\/\\\/www.accuratereviews.com\\\/wp-content\\\/uploads\\\/2024\\\/02\\\/images.png\",\"contentUrl\":\"https:\\\/\\\/www.accuratereviews.com\\\/wp-content\\\/uploads\\\/2024\\\/02\\\/images.png\",\"width\":225,\"height\":225},{\"@type\":\"BreadcrumbList\",\"@id\":\"https:\\\/\\\/www.accuratereviews.com\\\/it\\\/software-per-campeggi\\\/gracesoft-easy-innkeeping-recensione\\\/#breadcrumb\",\"itemListElement\":[{\"@type\":\"ListItem\",\"position\":1,\"name\":\"Home\",\"item\":\"https:\\\/\\\/www.accuratereviews.com\\\/it\\\/\"},{\"@type\":\"ListItem\",\"position\":2,\"name\":\"Software per campeggi\",\"item\":\"https:\\\/\\\/www.accuratereviews.com\\\/it\\\/software-per-campeggi\\\/\"},{\"@type\":\"ListItem\",\"position\":3,\"name\":\"GraceSoft Easy InnKeeping\"}]},{\"@type\":\"WebSite\",\"@id\":\"https:\\\/\\\/www.accuratereviews.com\\\/it\\\/#website\",\"url\":\"https:\\\/\\\/www.accuratereviews.com\\\/it\\\/\",\"name\":\"Accurate Reviews\",\"description\":\"\",\"potentialAction\":[{\"@type\":\"SearchAction\",\"target\":{\"@type\":\"EntryPoint\",\"urlTemplate\":\"https:\\\/\\\/www.accuratereviews.com\\\/it\\\/?s={search_term_string}\"},\"query-input\":{\"@type\":\"PropertyValueSpecification\",\"valueRequired\":true,\"valueName\":\"search_term_string\"}}],\"inLanguage\":\"it-IT\"}]}<\/script>\n<!-- \/ Yoast SEO plugin. -->","yoast_head_json":{"title":"GraceSoft Easy InnKeeping: recensione - Accurate Reviews","description":"GraceSoft Easy InnKeeping: recensione software di gestione per l'ospitalit\u00e0 che supporta hotel, B&B, condomini, campeggi ecc.","robots":{"index":"index","follow":"follow","max-snippet":"max-snippet:-1","max-image-preview":"max-image-preview:large","max-video-preview":"max-video-preview:-1"},"canonical":"https:\/\/www.accuratereviews.com\/it\/software-per-campeggi\/gracesoft-easy-innkeeping-recensione\/","og_locale":"it_IT","og_type":"article","og_title":"GraceSoft Easy InnKeeping: recensione - Accurate Reviews","og_description":"GraceSoft Easy InnKeeping: recensione software di gestione per l'ospitalit\u00e0 che supporta hotel, B&B, condomini, campeggi ecc.","og_url":"https:\/\/www.accuratereviews.com\/it\/software-per-campeggi\/gracesoft-easy-innkeeping-recensione\/","og_site_name":"Accurate Reviews","article_modified_time":"2024-02-23T11:12:11+00:00","og_image":[{"width":225,"height":225,"url":"https:\/\/www.accuratereviews.com\/wp-content\/uploads\/2024\/02\/images.png","type":"image\/png"}],"twitter_card":"summary_large_image","twitter_misc":{"Tempo di lettura stimato":"4 minuti"},"schema":{"@context":"https:\/\/schema.org","@graph":[{"@type":"WebPage","@id":"https:\/\/www.accuratereviews.com\/it\/software-per-campeggi\/gracesoft-easy-innkeeping-recensione\/","url":"https:\/\/www.accuratereviews.com\/it\/software-per-campeggi\/gracesoft-easy-innkeeping-recensione\/","name":"GraceSoft Easy InnKeeping: recensione - Accurate Reviews","isPartOf":{"@id":"https:\/\/www.accuratereviews.com\/it\/#website"},"primaryImageOfPage":{"@id":"https:\/\/www.accuratereviews.com\/it\/software-per-campeggi\/gracesoft-easy-innkeeping-recensione\/#primaryimage"},"image":{"@id":"https:\/\/www.accuratereviews.com\/it\/software-per-campeggi\/gracesoft-easy-innkeeping-recensione\/#primaryimage"},"thumbnailUrl":"https:\/\/www.accuratereviews.com\/wp-content\/uploads\/2024\/02\/images.png","datePublished":"2024-02-21T22:20:44+00:00","dateModified":"2024-02-23T11:12:11+00:00","description":"GraceSoft Easy InnKeeping: recensione software di gestione per l'ospitalit\u00e0 che supporta hotel, B&B, condomini, campeggi ecc.","breadcrumb":{"@id":"https:\/\/www.accuratereviews.com\/it\/software-per-campeggi\/gracesoft-easy-innkeeping-recensione\/#breadcrumb"},"inLanguage":"it-IT","potentialAction":[{"@type":"ReadAction","target":["https:\/\/www.accuratereviews.com\/it\/software-per-campeggi\/gracesoft-easy-innkeeping-recensione\/"]}]},{"@type":"ImageObject","inLanguage":"it-IT","@id":"https:\/\/www.accuratereviews.com\/it\/software-per-campeggi\/gracesoft-easy-innkeeping-recensione\/#primaryimage","url":"https:\/\/www.accuratereviews.com\/wp-content\/uploads\/2024\/02\/images.png","contentUrl":"https:\/\/www.accuratereviews.com\/wp-content\/uploads\/2024\/02\/images.png","width":225,"height":225},{"@type":"BreadcrumbList","@id":"https:\/\/www.accuratereviews.com\/it\/software-per-campeggi\/gracesoft-easy-innkeeping-recensione\/#breadcrumb","itemListElement":[{"@type":"ListItem","position":1,"name":"Home","item":"https:\/\/www.accuratereviews.com\/it\/"},{"@type":"ListItem","position":2,"name":"Software per campeggi","item":"https:\/\/www.accuratereviews.com\/it\/software-per-campeggi\/"},{"@type":"ListItem","position":3,"name":"GraceSoft Easy InnKeeping"}]},{"@type":"WebSite","@id":"https:\/\/www.accuratereviews.com\/it\/#website","url":"https:\/\/www.accuratereviews.com\/it\/","name":"Accurate Reviews","description":"","potentialAction":[{"@type":"SearchAction","target":{"@type":"EntryPoint","urlTemplate":"https:\/\/www.accuratereviews.com\/it\/?s={search_term_string}"},"query-input":{"@type":"PropertyValueSpecification","valueRequired":true,"valueName":"search_term_string"}}],"inLanguage":"it-IT"}]}},"_links":{"self":[{"href":"https:\/\/www.accuratereviews.com\/it\/wp-json\/wp\/v2\/pages\/74646","targetHints":{"allow":["GET"]}}],"collection":[{"href":"https:\/\/www.accuratereviews.com\/it\/wp-json\/wp\/v2\/pages"}],"about":[{"href":"https:\/\/www.accuratereviews.com\/it\/wp-json\/wp\/v2\/types\/page"}],"author":[{"embeddable":true,"href":"https:\/\/www.accuratereviews.com\/it\/wp-json\/wp\/v2\/users\/17"}],"replies":[{"embeddable":true,"href":"https:\/\/www.accuratereviews.com\/it\/wp-json\/wp\/v2\/comments?post=74646"}],"version-history":[{"count":5,"href":"https:\/\/www.accuratereviews.com\/it\/wp-json\/wp\/v2\/pages\/74646\/revisions"}],"predecessor-version":[{"id":74739,"href":"https:\/\/www.accuratereviews.com\/it\/wp-json\/wp\/v2\/pages\/74646\/revisions\/74739"}],"up":[{"embeddable":true,"href":"https:\/\/www.accuratereviews.com\/it\/wp-json\/wp\/v2\/pages\/59967"}],"wp:featuredmedia":[{"embeddable":true,"href":"https:\/\/www.accuratereviews.com\/it\/wp-json\/wp\/v2\/media\/74647"}],"wp:attachment":[{"href":"https:\/\/www.accuratereviews.com\/it\/wp-json\/wp\/v2\/media?parent=74646"}],"wp:term":[{"taxonomy":"category","embeddable":true,"href":"https:\/\/www.accuratereviews.com\/it\/wp-json\/wp\/v2\/categories?post=74646"},{"taxonomy":"post_tag","embeddable":true,"href":"https:\/\/www.accuratereviews.com\/it\/wp-json\/wp\/v2\/tags?post=74646"},{"taxonomy":"features","embeddable":true,"href":"https:\/\/www.accuratereviews.com\/it\/wp-json\/wp\/v2\/features?post=74646"}],"curies":[{"name":"wp","href":"https:\/\/api.w.org\/{rel}","templated":true}]}}