{"id":74680,"date":"2024-02-23T09:36:48","date_gmt":"2024-02-23T09:36:48","guid":{"rendered":"https:\/\/www.accuratereviews.com\/?page_id=74680"},"modified":"2024-02-23T10:07:37","modified_gmt":"2024-02-23T10:07:37","slug":"cloudvillage-recensione","status":"publish","type":"page","link":"https:\/\/www.accuratereviews.com\/it\/software-per-campeggi\/cloudvillage-recensione\/","title":{"rendered":"CloudVillage"},"content":{"rendered":"<p class=\"h5 fw-bold mb-2\"><strong>CloudVillage<\/strong> \u00e8 una piattaforma di gestione completamente basata sul <strong>cloud<\/strong>, ideata specificamente per <strong>campeggi e villaggi turistic<\/strong>i. Offre un sistema di gestione propriet\u00e0 (PMS) intuitivo e personalizzabile, con funzionalit\u00e0 che includono CRM, gestione dei ricavi, channel manager, riconoscimento documenti con CV Scan, firma digitale con CV Sign e strumenti di business intelligence.<br \/>\n<strong>CloudVillage<\/strong> \u00e8 una soluzione progettata per migliorare l&#8217;efficienza organizzativa, gestionale ed economica degli impianti all&#8217;aperto, garantendo prodotti di qualit\u00e0 e supporto professionale.<\/p>\n<p><a href=\"https:\/\/www.accuratereviews.com\/wp-content\/uploads\/2024\/02\/screen.png\"><img loading=\"lazy\" decoding=\"async\" class=\"size-full wp-image-74688 aligncenter\" src=\"https:\/\/www.accuratereviews.com\/wp-content\/uploads\/2024\/02\/screen.png\" alt=\"\" width=\"500\" height=\"531\" srcset=\"https:\/\/www.accuratereviews.com\/wp-content\/uploads\/2024\/02\/screen.png 500w, https:\/\/www.accuratereviews.com\/wp-content\/uploads\/2024\/02\/screen-282x300.png 282w, https:\/\/www.accuratereviews.com\/wp-content\/uploads\/2024\/02\/screen-47x50.png 47w, https:\/\/www.accuratereviews.com\/wp-content\/uploads\/2024\/02\/screen-118x125.png 118w, https:\/\/www.accuratereviews.com\/wp-content\/uploads\/2024\/02\/screen-320x340.png 320w, https:\/\/www.accuratereviews.com\/wp-content\/uploads\/2024\/02\/screen-239x254.png 239w\" sizes=\"auto, (max-width: 500px) 100vw, 500px\" \/><\/a><\/p>\n<h3>CLOUDVILLAGE &#8211; CARATTERISTICHE<\/h3>\n<ul>\n<li><strong>Integrazione con PMS<\/strong>: Gestione e tracciamento dell&#8217;intero processo di comunicazione tra struttura e cliente.<\/li>\n<li><strong>Revenue Management<\/strong>: Formulazione di prezzi dinamici flessibile e completa, interfacciandosi con piattaforme dedicate.<\/li>\n<li><strong>Channel Manager<\/strong>: Aggiornamento automatico dei prezzi e disponibilit\u00e0 sui principali portali OTA, controllo dell&#8217;overbooking.<\/li>\n<li><strong>CV Scan<\/strong>: Riconoscimento automatico dei dati anagrafici dall&#8217;ID dell&#8217;ospite, inserimento diretto nell&#8217;anagrafica e automazione del check-in.<\/li>\n<li><strong>CV Sign<\/strong>: Firma digitale da parte dell&#8217;ospite per la convalida dei dati e autorizzazione al trattamento dei dati personali durante il check-in.<\/li>\n<li><strong>Business Intelligence<\/strong>: Dashboard completa e personalizzabile con report statistici per monitorare in tempo reale l&#8217;andamento economico e occupazionale.<\/li>\n<\/ul>\n<h4>LE RECENSIONI DEGLI UTENTI<\/h4>\n<p><strong>Carmen &#8220;Veramente consigliabile!&#8221;<\/strong><br \/>\nPro: Noi cercavamo un gestionale funzionale e pratico e con Cloudvillage abbiamo trovato quello che fa al caso nostro. Quello che pi\u00f9 ci soddisfa \u00e8 la facilit\u00e0 d&#8217;uso e la possibilit\u00e0 di poter personalizzare il gestionale in base alle nostre esigenze. Il sistema di prenotazione \u00e8 completo ed efficace.<br \/>\nContro: Al momento non abbiamo riscontrato particolari cose da segnalare. Usiamo Cloudvillage solo da qualche mese e per ora ci risulta efficiente. La prova ufficiale sar\u00e0 l&#8217;alta stagione in cui la mole di lavoro aumenta ma per ora davvero non possiamo lamentarci.<\/p>\n<p><strong>Claudio &#8220;Software funzionale intuitivo&#8221;<\/strong><br \/>\nPro: Semplicit\u00e0 del gestionale e assistenza sempre operativa<br \/>\nContro: Al momento non ho niente da indicare.<\/p>\n<p><strong>Enrico &#8220;Cliente affezionato&#8221;<\/strong><br \/>\nCommenti: Buona e fondata su una crescita reciproca.<br \/>\nPro: Possibilit\u00e0 di dialogo con il managment e con l&#8217;assistenza<br \/>\nContro: Implementazione di alcune richieste spesso macchinosa e certi problemi non risolti.Mancanza di assistenza H24 che ritengo indispensabile con un gestionale totalmente in cloud.<\/p>\n","protected":false},"excerpt":{"rendered":"<p>CloudVillage \u00e8 una piattaforma di gestione completamente basata sul cloud, ideata specificamente per campeggi e villaggi turistici. Offre un sistema di gestione propriet\u00e0 (PMS) intuitivo e personalizzabile, con funzionalit\u00e0 che includono CRM, gestione dei ricavi, channel manager, riconoscimento documenti con CV Scan, firma digitale con CV Sign e strumenti di business intelligence.<\/p>\n","protected":false},"author":17,"featured_media":74681,"parent":59967,"menu_order":0,"comment_status":"open","ping_status":"closed","template":"g1_template_page_review_new.php","meta":{"_acf_changed":false,"cwp_meta_box_check":"No","cwp_rev_product_name":"","cwp_rev_product_image":"","wppr_links":[],"cwp_rev_price":"","wppr_options":[],"wppr_pros":[],"wppr_cons":[],"_monsterinsights_skip_tracking":false,"_monsterinsights_sitenote_active":false,"_monsterinsights_sitenote_note":"","_monsterinsights_sitenote_category":0,"footnotes":""},"categories":[13062],"tags":[13068,13066,13064,13082],"features":[],"class_list":{"0":"post-74680","1":"page","2":"type-page","3":"status-publish","4":"has-post-thumbnail","6":"category-software-campeggi-cat","7":"tag-gestionale-per-campeggi","8":"tag-piattaforme-per-campeggi","9":"tag-software-per-campeggi","10":"tag-soluzione-per-campeggi"},"wppr_data":{"cwp_meta_box_check":"No"},"acf":[],"yoast_head":"<!-- This site is optimized with the Yoast SEO plugin v27.4 - https:\/\/yoast.com\/product\/yoast-seo-wordpress\/ -->\n<title>CloudVillage: recensione software campeggi - Accurate Reviews<\/title>\n<meta name=\"description\" content=\"CloudVillage: piattaforma di gestione completamente basata sul cloud, ideata specificamente per campeggi e villaggi turistici.\" \/>\n<meta name=\"robots\" content=\"index, follow, max-snippet:-1, max-image-preview:large, max-video-preview:-1\" \/>\n<link rel=\"canonical\" href=\"https:\/\/www.accuratereviews.com\/it\/software-per-campeggi\/cloudvillage-recensione\/\" \/>\n<meta property=\"og:locale\" content=\"it_IT\" \/>\n<meta property=\"og:type\" content=\"article\" \/>\n<meta property=\"og:title\" content=\"CloudVillage: recensione software campeggi - Accurate Reviews\" \/>\n<meta property=\"og:description\" content=\"CloudVillage: piattaforma di gestione completamente basata sul cloud, ideata specificamente per campeggi e villaggi turistici.\" \/>\n<meta property=\"og:url\" content=\"https:\/\/www.accuratereviews.com\/it\/software-per-campeggi\/cloudvillage-recensione\/\" \/>\n<meta property=\"og:site_name\" content=\"Accurate Reviews\" \/>\n<meta property=\"article:modified_time\" content=\"2024-02-23T10:07:37+00:00\" \/>\n<meta property=\"og:image\" content=\"https:\/\/www.accuratereviews.com\/wp-content\/uploads\/2024\/02\/cloud-village-hd.jpg\" \/>\n\t<meta property=\"og:image:width\" content=\"876\" \/>\n\t<meta property=\"og:image:height\" content=\"939\" \/>\n\t<meta property=\"og:image:type\" content=\"image\/jpeg\" \/>\n<meta name=\"twitter:card\" content=\"summary_large_image\" \/>\n<meta name=\"twitter:label1\" content=\"Tempo di lettura stimato\" \/>\n\t<meta name=\"twitter:data1\" content=\"3 minuti\" \/>\n<script type=\"application\/ld+json\" class=\"yoast-schema-graph\">{\"@context\":\"https:\\\/\\\/schema.org\",\"@graph\":[{\"@type\":\"WebPage\",\"@id\":\"https:\\\/\\\/www.accuratereviews.com\\\/it\\\/software-per-campeggi\\\/cloudvillage-recensione\\\/\",\"url\":\"https:\\\/\\\/www.accuratereviews.com\\\/it\\\/software-per-campeggi\\\/cloudvillage-recensione\\\/\",\"name\":\"CloudVillage: recensione software campeggi - Accurate Reviews\",\"isPartOf\":{\"@id\":\"https:\\\/\\\/www.accuratereviews.com\\\/it\\\/#website\"},\"primaryImageOfPage\":{\"@id\":\"https:\\\/\\\/www.accuratereviews.com\\\/it\\\/software-per-campeggi\\\/cloudvillage-recensione\\\/#primaryimage\"},\"image\":{\"@id\":\"https:\\\/\\\/www.accuratereviews.com\\\/it\\\/software-per-campeggi\\\/cloudvillage-recensione\\\/#primaryimage\"},\"thumbnailUrl\":\"https:\\\/\\\/www.accuratereviews.com\\\/wp-content\\\/uploads\\\/2024\\\/02\\\/cloud-village-hd.jpg\",\"datePublished\":\"2024-02-23T09:36:48+00:00\",\"dateModified\":\"2024-02-23T10:07:37+00:00\",\"description\":\"CloudVillage: piattaforma di gestione completamente basata sul cloud, ideata specificamente per campeggi e villaggi turistici.\",\"breadcrumb\":{\"@id\":\"https:\\\/\\\/www.accuratereviews.com\\\/it\\\/software-per-campeggi\\\/cloudvillage-recensione\\\/#breadcrumb\"},\"inLanguage\":\"it-IT\",\"potentialAction\":[{\"@type\":\"ReadAction\",\"target\":[\"https:\\\/\\\/www.accuratereviews.com\\\/it\\\/software-per-campeggi\\\/cloudvillage-recensione\\\/\"]}]},{\"@type\":\"ImageObject\",\"inLanguage\":\"it-IT\",\"@id\":\"https:\\\/\\\/www.accuratereviews.com\\\/it\\\/software-per-campeggi\\\/cloudvillage-recensione\\\/#primaryimage\",\"url\":\"https:\\\/\\\/www.accuratereviews.com\\\/wp-content\\\/uploads\\\/2024\\\/02\\\/cloud-village-hd.jpg\",\"contentUrl\":\"https:\\\/\\\/www.accuratereviews.com\\\/wp-content\\\/uploads\\\/2024\\\/02\\\/cloud-village-hd.jpg\",\"width\":876,\"height\":939},{\"@type\":\"BreadcrumbList\",\"@id\":\"https:\\\/\\\/www.accuratereviews.com\\\/it\\\/software-per-campeggi\\\/cloudvillage-recensione\\\/#breadcrumb\",\"itemListElement\":[{\"@type\":\"ListItem\",\"position\":1,\"name\":\"Home\",\"item\":\"https:\\\/\\\/www.accuratereviews.com\\\/it\\\/\"},{\"@type\":\"ListItem\",\"position\":2,\"name\":\"Software per campeggi\",\"item\":\"https:\\\/\\\/www.accuratereviews.com\\\/it\\\/software-per-campeggi\\\/\"},{\"@type\":\"ListItem\",\"position\":3,\"name\":\"CloudVillage\"}]},{\"@type\":\"WebSite\",\"@id\":\"https:\\\/\\\/www.accuratereviews.com\\\/it\\\/#website\",\"url\":\"https:\\\/\\\/www.accuratereviews.com\\\/it\\\/\",\"name\":\"Accurate Reviews\",\"description\":\"\",\"potentialAction\":[{\"@type\":\"SearchAction\",\"target\":{\"@type\":\"EntryPoint\",\"urlTemplate\":\"https:\\\/\\\/www.accuratereviews.com\\\/it\\\/?s={search_term_string}\"},\"query-input\":{\"@type\":\"PropertyValueSpecification\",\"valueRequired\":true,\"valueName\":\"search_term_string\"}}],\"inLanguage\":\"it-IT\"}]}<\/script>\n<!-- \/ Yoast SEO plugin. -->","yoast_head_json":{"title":"CloudVillage: recensione software campeggi - Accurate Reviews","description":"CloudVillage: piattaforma di gestione completamente basata sul cloud, ideata specificamente per campeggi e villaggi turistici.","robots":{"index":"index","follow":"follow","max-snippet":"max-snippet:-1","max-image-preview":"max-image-preview:large","max-video-preview":"max-video-preview:-1"},"canonical":"https:\/\/www.accuratereviews.com\/it\/software-per-campeggi\/cloudvillage-recensione\/","og_locale":"it_IT","og_type":"article","og_title":"CloudVillage: recensione software campeggi - Accurate Reviews","og_description":"CloudVillage: piattaforma di gestione completamente basata sul cloud, ideata specificamente per campeggi e villaggi turistici.","og_url":"https:\/\/www.accuratereviews.com\/it\/software-per-campeggi\/cloudvillage-recensione\/","og_site_name":"Accurate Reviews","article_modified_time":"2024-02-23T10:07:37+00:00","og_image":[{"width":876,"height":939,"url":"https:\/\/www.accuratereviews.com\/wp-content\/uploads\/2024\/02\/cloud-village-hd.jpg","type":"image\/jpeg"}],"twitter_card":"summary_large_image","twitter_misc":{"Tempo di lettura stimato":"3 minuti"},"schema":{"@context":"https:\/\/schema.org","@graph":[{"@type":"WebPage","@id":"https:\/\/www.accuratereviews.com\/it\/software-per-campeggi\/cloudvillage-recensione\/","url":"https:\/\/www.accuratereviews.com\/it\/software-per-campeggi\/cloudvillage-recensione\/","name":"CloudVillage: recensione software campeggi - Accurate Reviews","isPartOf":{"@id":"https:\/\/www.accuratereviews.com\/it\/#website"},"primaryImageOfPage":{"@id":"https:\/\/www.accuratereviews.com\/it\/software-per-campeggi\/cloudvillage-recensione\/#primaryimage"},"image":{"@id":"https:\/\/www.accuratereviews.com\/it\/software-per-campeggi\/cloudvillage-recensione\/#primaryimage"},"thumbnailUrl":"https:\/\/www.accuratereviews.com\/wp-content\/uploads\/2024\/02\/cloud-village-hd.jpg","datePublished":"2024-02-23T09:36:48+00:00","dateModified":"2024-02-23T10:07:37+00:00","description":"CloudVillage: piattaforma di gestione completamente basata sul cloud, ideata specificamente per campeggi e villaggi turistici.","breadcrumb":{"@id":"https:\/\/www.accuratereviews.com\/it\/software-per-campeggi\/cloudvillage-recensione\/#breadcrumb"},"inLanguage":"it-IT","potentialAction":[{"@type":"ReadAction","target":["https:\/\/www.accuratereviews.com\/it\/software-per-campeggi\/cloudvillage-recensione\/"]}]},{"@type":"ImageObject","inLanguage":"it-IT","@id":"https:\/\/www.accuratereviews.com\/it\/software-per-campeggi\/cloudvillage-recensione\/#primaryimage","url":"https:\/\/www.accuratereviews.com\/wp-content\/uploads\/2024\/02\/cloud-village-hd.jpg","contentUrl":"https:\/\/www.accuratereviews.com\/wp-content\/uploads\/2024\/02\/cloud-village-hd.jpg","width":876,"height":939},{"@type":"BreadcrumbList","@id":"https:\/\/www.accuratereviews.com\/it\/software-per-campeggi\/cloudvillage-recensione\/#breadcrumb","itemListElement":[{"@type":"ListItem","position":1,"name":"Home","item":"https:\/\/www.accuratereviews.com\/it\/"},{"@type":"ListItem","position":2,"name":"Software per campeggi","item":"https:\/\/www.accuratereviews.com\/it\/software-per-campeggi\/"},{"@type":"ListItem","position":3,"name":"CloudVillage"}]},{"@type":"WebSite","@id":"https:\/\/www.accuratereviews.com\/it\/#website","url":"https:\/\/www.accuratereviews.com\/it\/","name":"Accurate Reviews","description":"","potentialAction":[{"@type":"SearchAction","target":{"@type":"EntryPoint","urlTemplate":"https:\/\/www.accuratereviews.com\/it\/?s={search_term_string}"},"query-input":{"@type":"PropertyValueSpecification","valueRequired":true,"valueName":"search_term_string"}}],"inLanguage":"it-IT"}]}},"_links":{"self":[{"href":"https:\/\/www.accuratereviews.com\/it\/wp-json\/wp\/v2\/pages\/74680","targetHints":{"allow":["GET"]}}],"collection":[{"href":"https:\/\/www.accuratereviews.com\/it\/wp-json\/wp\/v2\/pages"}],"about":[{"href":"https:\/\/www.accuratereviews.com\/it\/wp-json\/wp\/v2\/types\/page"}],"author":[{"embeddable":true,"href":"https:\/\/www.accuratereviews.com\/it\/wp-json\/wp\/v2\/users\/17"}],"replies":[{"embeddable":true,"href":"https:\/\/www.accuratereviews.com\/it\/wp-json\/wp\/v2\/comments?post=74680"}],"version-history":[{"count":4,"href":"https:\/\/www.accuratereviews.com\/it\/wp-json\/wp\/v2\/pages\/74680\/revisions"}],"predecessor-version":[{"id":74707,"href":"https:\/\/www.accuratereviews.com\/it\/wp-json\/wp\/v2\/pages\/74680\/revisions\/74707"}],"up":[{"embeddable":true,"href":"https:\/\/www.accuratereviews.com\/it\/wp-json\/wp\/v2\/pages\/59967"}],"wp:featuredmedia":[{"embeddable":true,"href":"https:\/\/www.accuratereviews.com\/it\/wp-json\/wp\/v2\/media\/74681"}],"wp:attachment":[{"href":"https:\/\/www.accuratereviews.com\/it\/wp-json\/wp\/v2\/media?parent=74680"}],"wp:term":[{"taxonomy":"category","embeddable":true,"href":"https:\/\/www.accuratereviews.com\/it\/wp-json\/wp\/v2\/categories?post=74680"},{"taxonomy":"post_tag","embeddable":true,"href":"https:\/\/www.accuratereviews.com\/it\/wp-json\/wp\/v2\/tags?post=74680"},{"taxonomy":"features","embeddable":true,"href":"https:\/\/www.accuratereviews.com\/it\/wp-json\/wp\/v2\/features?post=74680"}],"curies":[{"name":"wp","href":"https:\/\/api.w.org\/{rel}","templated":true}]}}