{"id":74783,"date":"2024-02-28T08:25:15","date_gmt":"2024-02-28T08:25:15","guid":{"rendered":"https:\/\/www.accuratereviews.com\/?page_id=74783"},"modified":"2024-02-28T11:10:19","modified_gmt":"2024-02-28T11:10:19","slug":"book4time-recensione","status":"publish","type":"page","link":"https:\/\/www.accuratereviews.com\/it\/gestionale-per-parrucchieri\/book4time-recensione\/","title":{"rendered":"Book4Time"},"content":{"rendered":"<p><strong>Book4Time<\/strong> \u00e8 una<strong> soluzione\u00a0basata su cloud<\/strong>, progettata per gestire prenotazioni online, pagamenti, feedback sull&#8217;esperienza degli ospiti, inventario e altro ancora. La piattaforma offre un branding personalizzabile, che consente alle organizzazioni di creare un&#8217;interfaccia web personalizzata o un&#8217;applicazione mobile utilizzando un&#8217;API.<br \/>\n<strong>Book4Time <\/strong>viene fornito con strumenti di marketing che permettono agli amministratori di gestire incentivi di riferimento, programmi di abbonamento, promozioni e buoni regalo per contribuire a migliorare il coinvolgimento dei clienti. Fornisce una serie di funzionalit\u00e0 come modalit\u00e0 di pagamento multiple, sondaggi e feedback, elaborazione di carte di credito, notifiche automatizzate, note e altro ancora.<br \/>\nLe aziende possono anche monitorare e gestire le recensioni su vari canali di social media tra cui<strong> Facebook, Foursquare, Trip Advisor e Yelp<\/strong>. Inoltre, supporta l&#8217;integrazione con numerose applicazioni di terze parti come Opera, Guestline, Maestro PMS, Freedom Pay e SAP.<\/p>\n<h2>BOOK4TIME &#8211; TUTORIAL<\/h2>\n<div id=\"fluid-wrapper-counter-1\" class=\"g1-fluid-wrapper \" style=\"width:686px;\">\n<div style=\"padding-bottom:56.268221574344%;\"><iframe loading=\"lazy\" title=\"Book4time Product Lab: Guest Intake, Digital Intake Forms\" width=\"686\" height=\"386\" src=\"https:\/\/www.youtube.com\/embed\/v09geLirmWg?feature=oembed&amp;wmode=transparent&amp;autohide=1&amp;autoplay=0&amp;disablekb=0&amp;fs=1&amp;loop=0&amp;enablejsapi=1&amp;rel=0&amp;controls=2&amp;showinfo=0&amp;wmode=transparent&amp;autohide=2&amp;autoplay=0&amp;disablekb=0&amp;fs=1&amp;loop=0&amp;enablejsapi=1&amp;rel=0&amp;controls=2&amp;showinfo=1\" frameborder=\"0\" allow=\"accelerometer; autoplay; clipboard-write; encrypted-media; gyroscope; picture-in-picture; web-share\" allowfullscreen><\/iframe><\/div>\n<\/div>\n<h3>BOOK4TIME &#8211; CARATTERISTICHE<\/h3>\n<ul>\n<li>Comprendi meglio i tuoi clienti.<\/li>\n<li>Elimina le supposizioni e comprendi veramente la prenotazione di lezioni e attivit\u00e0 e le operazioni aziendali<\/li>\n<li>Aumenta l&#8217;occupazione e le entrate con la gestione del rendimento.<\/li>\n<li>Il POS integrato e facile da usare ti consente di elaborare pi\u00f9 opzioni di pagamento, offrire un check-out pi\u00f9 rapido e condividere le ricevute via email.<\/li>\n<li>Prendi decisioni intelligenti quando si tratta di menu di trattamenti, programmazione delle lezioni, offerte di attivit\u00e0 e prenotazioni di cabine con report accurati sul rendimento dei servizi, dei trattamenti e dei dipartimenti delle entrate accessorie.<\/li>\n<li>Riduci gli sprechi di prodotto con un migliore monitoraggio degli articoli venduti al dettaglio.<\/li>\n<li>Tieni il passo con i cambiamenti del mercato.<\/li>\n<li>Check-in e check-out facili da dispositivi mobili<\/li>\n<li>Istruzioni e itinerari personalizzati in linea con il tuo marchio<\/li>\n<li>Restrizioni temporali relative a quando sar\u00e0 disponibile il check-in mobile<\/li>\n<li>Sincronizzazione istantanea con la reception una volta che l&#8217;ospite ha effettuato il check-in<\/li>\n<li>Check-out automatico opzionale<\/li>\n<li>Promemoria appuntamenti<\/li>\n<li>Moduli di assunzione facili con domande COVID<\/li>\n<li>La profilazione degli ospiti iniziali fornisce un rapido accesso alla cronologia degli acquisti e alle preferenze.<\/li>\n<li>Gli avvisi automatici aiutano il personale a ricordare i dettagli importanti.<\/li>\n<li>Le preferenze personalizzate garantiscono che ai tuoi ospiti vengano offerte le attivit\u00e0 e le lezioni che desiderano e ricevano ogni volta il trattamento termale corretto.<\/li>\n<li>Crea segmenti di clienti per indirizzare meglio il tuo marketing.<\/li>\n<li>Incoraggia i referral per espandere la tua base di clienti.<\/li>\n<li>Sondaggi e feedback offrono l&#8217;opportunit\u00e0 di migliorare l&#8217;esperienza degli ospiti.<\/li>\n<\/ul>\n<h4>LE RECENSIONI DEGLI UTENTI<\/h4>\n<p><strong>Eka &#8220;Standardizzazione in un gruppo&#8221;<\/strong><br \/>\n<strong>Commenti<\/strong>: Adoro lavorare con Book4Time poich\u00e9 il team \u00e8 davvero aperto a qualsiasi suggerimento e con il loro continuo sviluppo e supporto, sono sicuro che Book4Time sar\u00e0 in grado di soddisfare le esigenze dei loro clienti.<br \/>\n<strong>Pro<\/strong>: Questo sistema \u00e8 molto semplice e facile da configurare. Poich\u00e9 \u00e8 su cloud, sono in grado di monitorare il sistema e impostare lo stesso standard su tutta la linea.<br \/>\n<strong>Contro<\/strong>: In alcune localit\u00e0 potrebbero esserci delle differenze, purtroppo non siamo in grado di apportare modifiche come l&#8217;impostazione del costo del servizio.<\/p>\n<p><strong>Melva &#8220;Feedback&#8221;<\/strong><br \/>\n<strong>Commenti<\/strong>: I rapporti sono fantastici.<br \/>\n<strong>Pro<\/strong>: Le modifiche recenti riguardano il &#8220;Modulo di assunzione online&#8221; e l&#8217;app mobile.<br \/>\n<strong>Contro<\/strong>: LE sfide che incontro riguardano l&#8217;inventario, la creazione di serie e i pacchetti.<\/p>\n<p><strong>Gabriel &#8220;Il miglior software di pianificazione della spa&#8221;<\/strong><br \/>\n<strong>Commenti<\/strong>: Lo usiamo da quasi 3 anni e lo adoriamo. Ci piace il sistema di prenotazione online, la vendita di buoni regalo online, quanto sia facile capire il sistema e soprattutto quanto sia affidabile.<br \/>\n<strong>Pro<\/strong>: Ci piace il fatto che sia basato sul cloud, molto affidabile (\u00e8 sempre online), facile da usare, veloce e molto completo<br \/>\n<strong>Contro<\/strong>: \u00e8 costoso. A volte \u00e8 difficile spostare gli appuntamenti ed effettuare prenotazioni di gruppo<\/p>\n","protected":false},"excerpt":{"rendered":"<p>Book4Time \u00e8 una soluzione\u00a0basata su cloud, progettata per gestire prenotazioni online, pagamenti, feedback sull&#8217;esperienza degli ospiti, inventario e altro ancora. La piattaforma offre un branding personalizzabile, che consente alle organizzazioni di creare un&#8217;interfaccia web personalizzata o un&#8217;applicazione mobile utilizzando un&#8217;API.<\/p>\n","protected":false},"author":19,"featured_media":74786,"parent":33071,"menu_order":0,"comment_status":"open","ping_status":"closed","template":"g1_template_page_review_new.php","meta":{"_acf_changed":false,"cwp_meta_box_check":"Yes","cwp_rev_product_name":"","cwp_rev_product_image":"","wppr_links":[],"cwp_rev_price":"0.00","wppr_options":[{"name":"Usability","value":"0"},{"name":"Speed","value":"0"},{"name":"Features","value":"0"},{"name":"Support","value":"0"},{"name":"Pricing","value":"0"}],"wppr_pros":["","","","",""],"wppr_cons":["","","","",""],"_monsterinsights_skip_tracking":false,"_monsterinsights_sitenote_active":false,"_monsterinsights_sitenote_note":"","_monsterinsights_sitenote_category":0,"footnotes":""},"categories":[4186],"tags":[14961,14947,4267,14950,14949,14948],"features":[],"class_list":{"0":"post-74783","1":"page","2":"type-page","3":"status-publish","4":"has-post-thumbnail","6":"category-gestionali-per-parrucchieri","7":"tag-book4time","8":"tag-gestionale-parrucchieri","9":"tag-piattaforma-gestionale-parrucchieri","10":"tag-programma-gestionale-parrucchieri","11":"tag-software-gestionale-parrucchieri","12":"tag-soluzione-gestionale-parrucchieri"},"wppr_data":{"cwp_meta_box_check":"Yes","_wppr_review_template":"default","cwp_rev_product_image":"","cwp_image_link":"image","wppr_links":[],"cwp_rev_price":"0.00","wppr_pros":["","","","",""],"wppr_cons":["","","","",""],"wppr_rating":"0.00","wppr_options":{"1":{"name":"Usability","value":"0"},"2":{"name":"Speed","value":"0"},"3":{"name":"Features","value":"0"},"4":{"name":"Support","value":"0"},"5":{"name":"Pricing","value":"0"}},"wppr_review_type":"Product","wppr_review_custom_fields":{"additionalProperty":"","additionalType":"","aggregateRating":"","alternateName":"","audience":"","award":"","awards":"","brand":"","color":"","depth":"","description":"","disambiguatingDescription":"","gtin12":"","gtin13":"","gtin14":"","gtin8":"","height":"","identifier":"","image":"","isAccessoryOrSparePartFor":"","isConsumableFor":"","isRelatedTo":"","isSimilarTo":"","itemCondition":"","logo":"","mainEntityOfPage":"","manufacturer":"","material":"","model":"","mpn":"","name":"","offers":"","potentialAction":"","productID":"","productionDate":"","purchaseDate":"","releaseDate":"","review":"","reviews":"","sameAs":"","sku":"","slogan":"","subjectOf":"","url":"","weight":"","width":""}},"acf":[],"yoast_head":"<!-- This site is optimized with the Yoast SEO plugin v27.4 - https:\/\/yoast.com\/product\/yoast-seo-wordpress\/ -->\n<title>Book4Time: recensione software gestionale parrucchieri - Accurate Reviews<\/title>\n<meta name=\"description\" content=\"Book4Time: recensione soluzione progettata per gestire prenotazioni online, pagamenti, feedback sull&#039;esperienza degli ospiti e altro ancora.\" \/>\n<meta name=\"robots\" content=\"index, follow, max-snippet:-1, max-image-preview:large, max-video-preview:-1\" \/>\n<link rel=\"canonical\" href=\"https:\/\/www.accuratereviews.com\/it\/gestionale-per-parrucchieri\/book4time-recensione\/\" \/>\n<meta property=\"og:locale\" content=\"it_IT\" \/>\n<meta property=\"og:type\" content=\"article\" \/>\n<meta property=\"og:title\" content=\"Book4Time: recensione software gestionale parrucchieri - Accurate Reviews\" \/>\n<meta property=\"og:description\" content=\"Book4Time: recensione soluzione progettata per gestire prenotazioni online, pagamenti, feedback sull&#039;esperienza degli ospiti e altro ancora.\" \/>\n<meta property=\"og:url\" content=\"https:\/\/www.accuratereviews.com\/it\/gestionale-per-parrucchieri\/book4time-recensione\/\" \/>\n<meta property=\"og:site_name\" content=\"Accurate Reviews\" \/>\n<meta property=\"article:modified_time\" content=\"2024-02-28T11:10:19+00:00\" \/>\n<meta property=\"og:image\" content=\"https:\/\/www.accuratereviews.com\/wp-content\/uploads\/2024\/02\/Book4Time.png\" \/>\n\t<meta property=\"og:image:width\" content=\"350\" \/>\n\t<meta property=\"og:image:height\" content=\"350\" \/>\n\t<meta property=\"og:image:type\" content=\"image\/png\" \/>\n<meta name=\"twitter:card\" content=\"summary_large_image\" \/>\n<meta name=\"twitter:label1\" content=\"Tempo di lettura stimato\" \/>\n\t<meta name=\"twitter:data1\" content=\"5 minuti\" \/>\n<script type=\"application\/ld+json\" class=\"yoast-schema-graph\">{\"@context\":\"https:\\\/\\\/schema.org\",\"@graph\":[{\"@type\":\"WebPage\",\"@id\":\"https:\\\/\\\/www.accuratereviews.com\\\/it\\\/gestionale-per-parrucchieri\\\/book4time-recensione\\\/\",\"url\":\"https:\\\/\\\/www.accuratereviews.com\\\/it\\\/gestionale-per-parrucchieri\\\/book4time-recensione\\\/\",\"name\":\"Book4Time: recensione software gestionale parrucchieri - Accurate Reviews\",\"isPartOf\":{\"@id\":\"https:\\\/\\\/www.accuratereviews.com\\\/it\\\/#website\"},\"primaryImageOfPage\":{\"@id\":\"https:\\\/\\\/www.accuratereviews.com\\\/it\\\/gestionale-per-parrucchieri\\\/book4time-recensione\\\/#primaryimage\"},\"image\":{\"@id\":\"https:\\\/\\\/www.accuratereviews.com\\\/it\\\/gestionale-per-parrucchieri\\\/book4time-recensione\\\/#primaryimage\"},\"thumbnailUrl\":\"https:\\\/\\\/www.accuratereviews.com\\\/wp-content\\\/uploads\\\/2024\\\/02\\\/Book4Time.png\",\"datePublished\":\"2024-02-28T08:25:15+00:00\",\"dateModified\":\"2024-02-28T11:10:19+00:00\",\"description\":\"Book4Time: recensione soluzione progettata per gestire prenotazioni online, pagamenti, feedback sull'esperienza degli ospiti e altro ancora.\",\"breadcrumb\":{\"@id\":\"https:\\\/\\\/www.accuratereviews.com\\\/it\\\/gestionale-per-parrucchieri\\\/book4time-recensione\\\/#breadcrumb\"},\"inLanguage\":\"it-IT\",\"potentialAction\":[{\"@type\":\"ReadAction\",\"target\":[\"https:\\\/\\\/www.accuratereviews.com\\\/it\\\/gestionale-per-parrucchieri\\\/book4time-recensione\\\/\"]}]},{\"@type\":\"ImageObject\",\"inLanguage\":\"it-IT\",\"@id\":\"https:\\\/\\\/www.accuratereviews.com\\\/it\\\/gestionale-per-parrucchieri\\\/book4time-recensione\\\/#primaryimage\",\"url\":\"https:\\\/\\\/www.accuratereviews.com\\\/wp-content\\\/uploads\\\/2024\\\/02\\\/Book4Time.png\",\"contentUrl\":\"https:\\\/\\\/www.accuratereviews.com\\\/wp-content\\\/uploads\\\/2024\\\/02\\\/Book4Time.png\",\"width\":350,\"height\":350},{\"@type\":\"BreadcrumbList\",\"@id\":\"https:\\\/\\\/www.accuratereviews.com\\\/it\\\/gestionale-per-parrucchieri\\\/book4time-recensione\\\/#breadcrumb\",\"itemListElement\":[{\"@type\":\"ListItem\",\"position\":1,\"name\":\"Home\",\"item\":\"https:\\\/\\\/www.accuratereviews.com\\\/it\\\/\"},{\"@type\":\"ListItem\",\"position\":2,\"name\":\"Gestionale per parrucchieri\",\"item\":\"https:\\\/\\\/www.accuratereviews.com\\\/it\\\/gestionale-per-parrucchieri\\\/\"},{\"@type\":\"ListItem\",\"position\":3,\"name\":\"Book4Time\"}]},{\"@type\":\"WebSite\",\"@id\":\"https:\\\/\\\/www.accuratereviews.com\\\/it\\\/#website\",\"url\":\"https:\\\/\\\/www.accuratereviews.com\\\/it\\\/\",\"name\":\"Accurate Reviews\",\"description\":\"\",\"potentialAction\":[{\"@type\":\"SearchAction\",\"target\":{\"@type\":\"EntryPoint\",\"urlTemplate\":\"https:\\\/\\\/www.accuratereviews.com\\\/it\\\/?s={search_term_string}\"},\"query-input\":{\"@type\":\"PropertyValueSpecification\",\"valueRequired\":true,\"valueName\":\"search_term_string\"}}],\"inLanguage\":\"it-IT\"}]}<\/script>\n<!-- \/ Yoast SEO plugin. -->","yoast_head_json":{"title":"Book4Time: recensione software gestionale parrucchieri - Accurate Reviews","description":"Book4Time: recensione soluzione progettata per gestire prenotazioni online, pagamenti, feedback sull'esperienza degli ospiti e altro ancora.","robots":{"index":"index","follow":"follow","max-snippet":"max-snippet:-1","max-image-preview":"max-image-preview:large","max-video-preview":"max-video-preview:-1"},"canonical":"https:\/\/www.accuratereviews.com\/it\/gestionale-per-parrucchieri\/book4time-recensione\/","og_locale":"it_IT","og_type":"article","og_title":"Book4Time: recensione software gestionale parrucchieri - Accurate Reviews","og_description":"Book4Time: recensione soluzione progettata per gestire prenotazioni online, pagamenti, feedback sull'esperienza degli ospiti e altro ancora.","og_url":"https:\/\/www.accuratereviews.com\/it\/gestionale-per-parrucchieri\/book4time-recensione\/","og_site_name":"Accurate Reviews","article_modified_time":"2024-02-28T11:10:19+00:00","og_image":[{"width":350,"height":350,"url":"https:\/\/www.accuratereviews.com\/wp-content\/uploads\/2024\/02\/Book4Time.png","type":"image\/png"}],"twitter_card":"summary_large_image","twitter_misc":{"Tempo di lettura stimato":"5 minuti"},"schema":{"@context":"https:\/\/schema.org","@graph":[{"@type":"WebPage","@id":"https:\/\/www.accuratereviews.com\/it\/gestionale-per-parrucchieri\/book4time-recensione\/","url":"https:\/\/www.accuratereviews.com\/it\/gestionale-per-parrucchieri\/book4time-recensione\/","name":"Book4Time: recensione software gestionale parrucchieri - Accurate Reviews","isPartOf":{"@id":"https:\/\/www.accuratereviews.com\/it\/#website"},"primaryImageOfPage":{"@id":"https:\/\/www.accuratereviews.com\/it\/gestionale-per-parrucchieri\/book4time-recensione\/#primaryimage"},"image":{"@id":"https:\/\/www.accuratereviews.com\/it\/gestionale-per-parrucchieri\/book4time-recensione\/#primaryimage"},"thumbnailUrl":"https:\/\/www.accuratereviews.com\/wp-content\/uploads\/2024\/02\/Book4Time.png","datePublished":"2024-02-28T08:25:15+00:00","dateModified":"2024-02-28T11:10:19+00:00","description":"Book4Time: recensione soluzione progettata per gestire prenotazioni online, pagamenti, feedback sull'esperienza degli ospiti e altro ancora.","breadcrumb":{"@id":"https:\/\/www.accuratereviews.com\/it\/gestionale-per-parrucchieri\/book4time-recensione\/#breadcrumb"},"inLanguage":"it-IT","potentialAction":[{"@type":"ReadAction","target":["https:\/\/www.accuratereviews.com\/it\/gestionale-per-parrucchieri\/book4time-recensione\/"]}]},{"@type":"ImageObject","inLanguage":"it-IT","@id":"https:\/\/www.accuratereviews.com\/it\/gestionale-per-parrucchieri\/book4time-recensione\/#primaryimage","url":"https:\/\/www.accuratereviews.com\/wp-content\/uploads\/2024\/02\/Book4Time.png","contentUrl":"https:\/\/www.accuratereviews.com\/wp-content\/uploads\/2024\/02\/Book4Time.png","width":350,"height":350},{"@type":"BreadcrumbList","@id":"https:\/\/www.accuratereviews.com\/it\/gestionale-per-parrucchieri\/book4time-recensione\/#breadcrumb","itemListElement":[{"@type":"ListItem","position":1,"name":"Home","item":"https:\/\/www.accuratereviews.com\/it\/"},{"@type":"ListItem","position":2,"name":"Gestionale per parrucchieri","item":"https:\/\/www.accuratereviews.com\/it\/gestionale-per-parrucchieri\/"},{"@type":"ListItem","position":3,"name":"Book4Time"}]},{"@type":"WebSite","@id":"https:\/\/www.accuratereviews.com\/it\/#website","url":"https:\/\/www.accuratereviews.com\/it\/","name":"Accurate Reviews","description":"","potentialAction":[{"@type":"SearchAction","target":{"@type":"EntryPoint","urlTemplate":"https:\/\/www.accuratereviews.com\/it\/?s={search_term_string}"},"query-input":{"@type":"PropertyValueSpecification","valueRequired":true,"valueName":"search_term_string"}}],"inLanguage":"it-IT"}]}},"_links":{"self":[{"href":"https:\/\/www.accuratereviews.com\/it\/wp-json\/wp\/v2\/pages\/74783","targetHints":{"allow":["GET"]}}],"collection":[{"href":"https:\/\/www.accuratereviews.com\/it\/wp-json\/wp\/v2\/pages"}],"about":[{"href":"https:\/\/www.accuratereviews.com\/it\/wp-json\/wp\/v2\/types\/page"}],"author":[{"embeddable":true,"href":"https:\/\/www.accuratereviews.com\/it\/wp-json\/wp\/v2\/users\/19"}],"replies":[{"embeddable":true,"href":"https:\/\/www.accuratereviews.com\/it\/wp-json\/wp\/v2\/comments?post=74783"}],"version-history":[{"count":13,"href":"https:\/\/www.accuratereviews.com\/it\/wp-json\/wp\/v2\/pages\/74783\/revisions"}],"predecessor-version":[{"id":74825,"href":"https:\/\/www.accuratereviews.com\/it\/wp-json\/wp\/v2\/pages\/74783\/revisions\/74825"}],"up":[{"embeddable":true,"href":"https:\/\/www.accuratereviews.com\/it\/wp-json\/wp\/v2\/pages\/33071"}],"wp:featuredmedia":[{"embeddable":true,"href":"https:\/\/www.accuratereviews.com\/it\/wp-json\/wp\/v2\/media\/74786"}],"wp:attachment":[{"href":"https:\/\/www.accuratereviews.com\/it\/wp-json\/wp\/v2\/media?parent=74783"}],"wp:term":[{"taxonomy":"category","embeddable":true,"href":"https:\/\/www.accuratereviews.com\/it\/wp-json\/wp\/v2\/categories?post=74783"},{"taxonomy":"post_tag","embeddable":true,"href":"https:\/\/www.accuratereviews.com\/it\/wp-json\/wp\/v2\/tags?post=74783"},{"taxonomy":"features","embeddable":true,"href":"https:\/\/www.accuratereviews.com\/it\/wp-json\/wp\/v2\/features?post=74783"}],"curies":[{"name":"wp","href":"https:\/\/api.w.org\/{rel}","templated":true}]}}