{"id":74804,"date":"2024-02-28T18:54:54","date_gmt":"2024-02-28T18:54:54","guid":{"rendered":"https:\/\/www.accuratereviews.com\/?page_id=74804"},"modified":"2024-03-09T09:48:21","modified_gmt":"2024-03-09T09:48:21","slug":"wavy-recensione","status":"publish","type":"page","link":"https:\/\/www.accuratereviews.com\/it\/gestionale-per-parrucchieri\/wavy-recensione\/","title":{"rendered":"Wavy"},"content":{"rendered":"<p><strong>Wavy<\/strong> \u00e8 una <strong>soluzione POS (punto vendita)<\/strong> e di <strong>gestione aziendale<\/strong>, basata sul <strong>web<\/strong>, utile per amministrare i dati dei clienti, per pianificare gli appuntamenti, per creare siti web aziendali personalizzati e campagne sms. La piattaforma consente agli utenti di comunicare digitalmente con i clienti pubblicando post su Facebook su base settimanale e lanciando campagne di marketing personalizzate.<br \/>\nLe funzionalit\u00e0 principali includono promemoria degli appuntamenti, profili dei clienti, email marketing, gestione dell&#8217;inventario e gestione dei programmi fedelt\u00e0. La soluzione raccoglie e salva i dati dei clienti in un repository unificato, consentendo alle aziende di offrire prodotti e premi complementari basati sulla cronologia degli acquisti di un cliente. <strong>Wavy<\/strong> \u00e8 dotato di un calendario integrato, che aiuta i team ad aggiungere gli appuntamenti dei clienti alle agende e a inviare automaticamente avvisi SMS ai clienti 24 ore prima di ogni appuntamento per ridurre le mancate presentazioni.<\/p>\n<h2>WAVY &#8211; TUTORIAL<\/h2>\n<div id=\"fluid-wrapper-counter-1\" class=\"g1-fluid-wrapper \" style=\"width:686px;\">\n<div style=\"padding-bottom:56.268221574344%;\"><iframe loading=\"lazy\" title=\"Vos commandes de produits professionnels simplifi\u00e9s sur Wavy Store !\" width=\"686\" height=\"386\" src=\"https:\/\/www.youtube.com\/embed\/p7HHRTC_rOo?feature=oembed&amp;wmode=transparent&amp;autohide=1&amp;autoplay=0&amp;disablekb=0&amp;fs=1&amp;loop=0&amp;enablejsapi=1&amp;rel=0&amp;controls=2&amp;showinfo=0&amp;wmode=transparent&amp;autohide=2&amp;autoplay=0&amp;disablekb=0&amp;fs=1&amp;loop=0&amp;enablejsapi=1&amp;rel=0&amp;controls=2&amp;showinfo=1\" frameborder=\"0\" allow=\"accelerometer; autoplay; clipboard-write; encrypted-media; gyroscope; picture-in-picture; web-share\" allowfullscreen><\/iframe><\/div>\n<\/div>\n<h3>WAVY &#8211; CARATTERISTICHE<\/h3>\n<ul>\n<li><strong>Risparmia tempo ogni giorno<\/strong>: con pochi clic puoi incassare in un batter d&#8217;occhio da qualsiasi computer, telefono o tablet!<\/li>\n<li><strong>Aumenta le tue entrate<\/strong>: quando incassi, visualizza il servizio del tuo cliente e la cronologia degli acquisti. In questo modo puoi offrire loro prodotti aggiuntivi.<\/li>\n<li><strong>Chiudi semplicemente il registratore di cassa<\/strong>: niente pi\u00f9 libretto di cassa da compilare, niente pi\u00f9 rischi di errore, sarai sicuro di essere in regola durante una verifica fiscale. E s\u00ec, niente pi\u00f9 errori e niente pi\u00f9 calcolatrice, potrai chiudere il registratore di cassa anche dal tuo divano.<\/li>\n<li><strong>Aumentare la rivendita attraverso una migliore gestione dell&#8217;inventario<\/strong>: tieni d&#8217;occhio il flusso dei tuoi prodotti di rivendita. Saprai quali prodotti preferiscono i tuoi clienti cos\u00ec potrai ordinare un riassortimento al momento giusto.<\/li>\n<li><strong>Scansiona i tuoi prodotti con il tuo smartphone<\/strong>: ovunque tu sia, nel tuo soggiorno o nel tuo magazzino, puoi scansionare i tuoi prodotti con il tuo smartphone o tablet.<\/li>\n<li><strong>Fotografa i tuoi clienti<\/strong>: dall&#8217;applicazione, scatta foto ai tuoi clienti per ricordare perfettamente i servizi svolti. Puoi anche condividere l&#8217;immagine direttamente sulla tua pagina Facebook.<\/li>\n<li><strong>Potenzia il tuo database<\/strong>: semplifica la tua vita offrendo la prenotazione online, i clienti che prenotano vengono aggiunti direttamente alla tua scheda cliente.<\/li>\n<li><strong>Aumenta il tuo fatturato<\/strong>: la carta regalo \u00e8 un nuovo prodotto da offrire ai tuoi clienti, e quindi un nuovo modo per incrementare il tuo fatturato. La crescita del fatturato si fa sentire ancora di pi\u00f9 in occasione di eventi annuali come San Valentino, Festa della Mamma, Festa del Pap\u00e0 e Natale.<\/li>\n<\/ul>\n<h4>LE RECENSIONE DEGLI UTENTI<\/h4>\n<p><strong>Sofiane &#8220;Fantastico, professionale al 100%.&#8221;<\/strong><br \/>\n<strong>Pro<\/strong>: 100% pratico e di facile comprensione, ottima organizzazione<br \/>\n<strong>Contro<\/strong>: Sinceramente sono pi\u00f9 che soddisfatto<\/p>\n<p><strong>Fr\u00e9d\u00e9rique &#8220;Il miglior software&#8221;<\/strong><br \/>\n<strong>Commenti<\/strong>: Risparmiare tempo nella gestione<br \/>\n<strong>Pro<\/strong>: Servizio post vendita completo e semplice da utilizzare, veloce ed efficiente<br \/>\n<strong>Contro<\/strong>: Manca un file di esportazione per la contabilit\u00e0<\/p>\n<p><strong>Nathalie &#8220;Sono totalmente un fan di wavy&#8221;<\/strong><br \/>\n<strong>Commenti<\/strong>: Visione di cifre rapide super semplice per iniziare, non \u00e8 necessario essere super esperti di computer per utilizzare l&#8217;applicazione<br \/>\n<strong>Pro<\/strong>: Semplice ! Efficienza! Un team super disponibile, mi hanno cambiato la vita<br \/>\n<strong>Contro<\/strong>: La carta fedelt\u00e0 \u00e8 stata finalizzata e deve essere migliorata<\/p>\n","protected":false},"excerpt":{"rendered":"<p>Wavy \u00e8 una soluzione POS (punto vendita) e di gestione aziendale, basata sul web, utile per amministrare i dati dei clienti, per pianificare gli appuntamenti, per creare siti web aziendali personalizzati e campagne sms. La piattaforma consente agli utenti di comunicare digitalmente con i clienti pubblicando post su Facebook su base settimanale e lanciando campagne di marketing personalizzate.<\/p>\n","protected":false},"author":19,"featured_media":74807,"parent":33071,"menu_order":0,"comment_status":"open","ping_status":"closed","template":"g1_template_page_review_new.php","meta":{"_acf_changed":false,"cwp_meta_box_check":"Yes","cwp_rev_product_name":"","cwp_rev_product_image":"","wppr_links":[],"cwp_rev_price":"0.00","wppr_options":[{"name":"Usability","value":"0"},{"name":"Speed","value":"0"},{"name":"Features","value":"0"},{"name":"Support","value":"0"},{"name":"Pricing","value":"0"}],"wppr_pros":["","","","",""],"wppr_cons":["","","","",""],"_monsterinsights_skip_tracking":false,"_monsterinsights_sitenote_active":false,"_monsterinsights_sitenote_note":"","_monsterinsights_sitenote_category":0,"footnotes":""},"categories":[4186],"tags":[14947,4267,14950,14949,14948,14962],"features":[],"class_list":{"0":"post-74804","1":"page","2":"type-page","3":"status-publish","4":"has-post-thumbnail","6":"category-gestionali-per-parrucchieri","7":"tag-gestionale-parrucchieri","8":"tag-piattaforma-gestionale-parrucchieri","9":"tag-programma-gestionale-parrucchieri","10":"tag-software-gestionale-parrucchieri","11":"tag-soluzione-gestionale-parrucchieri","12":"tag-wavy"},"wppr_data":{"cwp_meta_box_check":"Yes","_wppr_review_template":"default","cwp_rev_product_image":"","cwp_image_link":"image","wppr_links":[],"cwp_rev_price":"0.00","wppr_pros":["","","","",""],"wppr_cons":["","","","",""],"wppr_rating":"0.00","wppr_options":{"1":{"name":"Usability","value":"0"},"2":{"name":"Speed","value":"0"},"3":{"name":"Features","value":"0"},"4":{"name":"Support","value":"0"},"5":{"name":"Pricing","value":"0"}},"wppr_review_type":"Product","wppr_review_custom_fields":{"additionalProperty":"","additionalType":"","aggregateRating":"","alternateName":"","audience":"","award":"","awards":"","brand":"","color":"","depth":"","description":"","disambiguatingDescription":"","gtin12":"","gtin13":"","gtin14":"","gtin8":"","height":"","identifier":"","image":"","isAccessoryOrSparePartFor":"","isConsumableFor":"","isRelatedTo":"","isSimilarTo":"","itemCondition":"","logo":"","mainEntityOfPage":"","manufacturer":"","material":"","model":"","mpn":"","name":"","offers":"","potentialAction":"","productID":"","productionDate":"","purchaseDate":"","releaseDate":"","review":"","reviews":"","sameAs":"","sku":"","slogan":"","subjectOf":"","url":"","weight":"","width":""}},"acf":[],"yoast_head":"<!-- This site is optimized with the Yoast SEO plugin v27.4 - https:\/\/yoast.com\/product\/yoast-seo-wordpress\/ -->\n<title>Wavy: recensione software gestionale parrucchieri - Accurate Reviews<\/title>\n<meta name=\"description\" content=\"Wavy: recensione software gestionale parrucchieri utile per amministrare i dati dei clienti, pianifcare gli appuntamenti e le campagne sms.\" \/>\n<meta name=\"robots\" content=\"index, follow, max-snippet:-1, max-image-preview:large, max-video-preview:-1\" \/>\n<link rel=\"canonical\" href=\"https:\/\/www.accuratereviews.com\/it\/gestionale-per-parrucchieri\/wavy-recensione\/\" \/>\n<meta property=\"og:locale\" content=\"it_IT\" \/>\n<meta property=\"og:type\" content=\"article\" \/>\n<meta property=\"og:title\" content=\"Wavy: recensione software gestionale parrucchieri - Accurate Reviews\" \/>\n<meta property=\"og:description\" content=\"Wavy: recensione software gestionale parrucchieri utile per amministrare i dati dei clienti, pianifcare gli appuntamenti e le campagne sms.\" \/>\n<meta property=\"og:url\" content=\"https:\/\/www.accuratereviews.com\/it\/gestionale-per-parrucchieri\/wavy-recensione\/\" \/>\n<meta property=\"og:site_name\" content=\"Accurate Reviews\" \/>\n<meta property=\"article:modified_time\" content=\"2024-03-09T09:48:21+00:00\" \/>\n<meta property=\"og:image\" content=\"https:\/\/www.accuratereviews.com\/wp-content\/uploads\/2024\/02\/Screenshot-2024-02-28-alle-09.56.46.png\" \/>\n\t<meta property=\"og:image:width\" content=\"680\" \/>\n\t<meta property=\"og:image:height\" content=\"354\" \/>\n\t<meta property=\"og:image:type\" content=\"image\/png\" \/>\n<meta name=\"twitter:card\" content=\"summary_large_image\" \/>\n<meta name=\"twitter:label1\" content=\"Tempo di lettura stimato\" \/>\n\t<meta name=\"twitter:data1\" content=\"4 minuti\" \/>\n<script type=\"application\/ld+json\" class=\"yoast-schema-graph\">{\"@context\":\"https:\\\/\\\/schema.org\",\"@graph\":[{\"@type\":\"WebPage\",\"@id\":\"https:\\\/\\\/www.accuratereviews.com\\\/it\\\/gestionale-per-parrucchieri\\\/wavy-recensione\\\/\",\"url\":\"https:\\\/\\\/www.accuratereviews.com\\\/it\\\/gestionale-per-parrucchieri\\\/wavy-recensione\\\/\",\"name\":\"Wavy: recensione software gestionale parrucchieri - Accurate Reviews\",\"isPartOf\":{\"@id\":\"https:\\\/\\\/www.accuratereviews.com\\\/it\\\/#website\"},\"primaryImageOfPage\":{\"@id\":\"https:\\\/\\\/www.accuratereviews.com\\\/it\\\/gestionale-per-parrucchieri\\\/wavy-recensione\\\/#primaryimage\"},\"image\":{\"@id\":\"https:\\\/\\\/www.accuratereviews.com\\\/it\\\/gestionale-per-parrucchieri\\\/wavy-recensione\\\/#primaryimage\"},\"thumbnailUrl\":\"https:\\\/\\\/www.accuratereviews.com\\\/wp-content\\\/uploads\\\/2024\\\/02\\\/Screenshot-2024-02-28-alle-09.56.46.png\",\"datePublished\":\"2024-02-28T18:54:54+00:00\",\"dateModified\":\"2024-03-09T09:48:21+00:00\",\"description\":\"Wavy: recensione software gestionale parrucchieri utile per amministrare i dati dei clienti, pianifcare gli appuntamenti e le campagne sms.\",\"breadcrumb\":{\"@id\":\"https:\\\/\\\/www.accuratereviews.com\\\/it\\\/gestionale-per-parrucchieri\\\/wavy-recensione\\\/#breadcrumb\"},\"inLanguage\":\"it-IT\",\"potentialAction\":[{\"@type\":\"ReadAction\",\"target\":[\"https:\\\/\\\/www.accuratereviews.com\\\/it\\\/gestionale-per-parrucchieri\\\/wavy-recensione\\\/\"]}]},{\"@type\":\"ImageObject\",\"inLanguage\":\"it-IT\",\"@id\":\"https:\\\/\\\/www.accuratereviews.com\\\/it\\\/gestionale-per-parrucchieri\\\/wavy-recensione\\\/#primaryimage\",\"url\":\"https:\\\/\\\/www.accuratereviews.com\\\/wp-content\\\/uploads\\\/2024\\\/02\\\/Screenshot-2024-02-28-alle-09.56.46.png\",\"contentUrl\":\"https:\\\/\\\/www.accuratereviews.com\\\/wp-content\\\/uploads\\\/2024\\\/02\\\/Screenshot-2024-02-28-alle-09.56.46.png\",\"width\":680,\"height\":354},{\"@type\":\"BreadcrumbList\",\"@id\":\"https:\\\/\\\/www.accuratereviews.com\\\/it\\\/gestionale-per-parrucchieri\\\/wavy-recensione\\\/#breadcrumb\",\"itemListElement\":[{\"@type\":\"ListItem\",\"position\":1,\"name\":\"Home\",\"item\":\"https:\\\/\\\/www.accuratereviews.com\\\/it\\\/\"},{\"@type\":\"ListItem\",\"position\":2,\"name\":\"Gestionale per parrucchieri\",\"item\":\"https:\\\/\\\/www.accuratereviews.com\\\/it\\\/gestionale-per-parrucchieri\\\/\"},{\"@type\":\"ListItem\",\"position\":3,\"name\":\"Wavy\"}]},{\"@type\":\"WebSite\",\"@id\":\"https:\\\/\\\/www.accuratereviews.com\\\/it\\\/#website\",\"url\":\"https:\\\/\\\/www.accuratereviews.com\\\/it\\\/\",\"name\":\"Accurate Reviews\",\"description\":\"\",\"potentialAction\":[{\"@type\":\"SearchAction\",\"target\":{\"@type\":\"EntryPoint\",\"urlTemplate\":\"https:\\\/\\\/www.accuratereviews.com\\\/it\\\/?s={search_term_string}\"},\"query-input\":{\"@type\":\"PropertyValueSpecification\",\"valueRequired\":true,\"valueName\":\"search_term_string\"}}],\"inLanguage\":\"it-IT\"}]}<\/script>\n<!-- \/ Yoast SEO plugin. -->","yoast_head_json":{"title":"Wavy: recensione software gestionale parrucchieri - Accurate Reviews","description":"Wavy: recensione software gestionale parrucchieri utile per amministrare i dati dei clienti, pianifcare gli appuntamenti e le campagne sms.","robots":{"index":"index","follow":"follow","max-snippet":"max-snippet:-1","max-image-preview":"max-image-preview:large","max-video-preview":"max-video-preview:-1"},"canonical":"https:\/\/www.accuratereviews.com\/it\/gestionale-per-parrucchieri\/wavy-recensione\/","og_locale":"it_IT","og_type":"article","og_title":"Wavy: recensione software gestionale parrucchieri - Accurate Reviews","og_description":"Wavy: recensione software gestionale parrucchieri utile per amministrare i dati dei clienti, pianifcare gli appuntamenti e le campagne sms.","og_url":"https:\/\/www.accuratereviews.com\/it\/gestionale-per-parrucchieri\/wavy-recensione\/","og_site_name":"Accurate Reviews","article_modified_time":"2024-03-09T09:48:21+00:00","og_image":[{"width":680,"height":354,"url":"https:\/\/www.accuratereviews.com\/wp-content\/uploads\/2024\/02\/Screenshot-2024-02-28-alle-09.56.46.png","type":"image\/png"}],"twitter_card":"summary_large_image","twitter_misc":{"Tempo di lettura stimato":"4 minuti"},"schema":{"@context":"https:\/\/schema.org","@graph":[{"@type":"WebPage","@id":"https:\/\/www.accuratereviews.com\/it\/gestionale-per-parrucchieri\/wavy-recensione\/","url":"https:\/\/www.accuratereviews.com\/it\/gestionale-per-parrucchieri\/wavy-recensione\/","name":"Wavy: recensione software gestionale parrucchieri - Accurate Reviews","isPartOf":{"@id":"https:\/\/www.accuratereviews.com\/it\/#website"},"primaryImageOfPage":{"@id":"https:\/\/www.accuratereviews.com\/it\/gestionale-per-parrucchieri\/wavy-recensione\/#primaryimage"},"image":{"@id":"https:\/\/www.accuratereviews.com\/it\/gestionale-per-parrucchieri\/wavy-recensione\/#primaryimage"},"thumbnailUrl":"https:\/\/www.accuratereviews.com\/wp-content\/uploads\/2024\/02\/Screenshot-2024-02-28-alle-09.56.46.png","datePublished":"2024-02-28T18:54:54+00:00","dateModified":"2024-03-09T09:48:21+00:00","description":"Wavy: recensione software gestionale parrucchieri utile per amministrare i dati dei clienti, pianifcare gli appuntamenti e le campagne sms.","breadcrumb":{"@id":"https:\/\/www.accuratereviews.com\/it\/gestionale-per-parrucchieri\/wavy-recensione\/#breadcrumb"},"inLanguage":"it-IT","potentialAction":[{"@type":"ReadAction","target":["https:\/\/www.accuratereviews.com\/it\/gestionale-per-parrucchieri\/wavy-recensione\/"]}]},{"@type":"ImageObject","inLanguage":"it-IT","@id":"https:\/\/www.accuratereviews.com\/it\/gestionale-per-parrucchieri\/wavy-recensione\/#primaryimage","url":"https:\/\/www.accuratereviews.com\/wp-content\/uploads\/2024\/02\/Screenshot-2024-02-28-alle-09.56.46.png","contentUrl":"https:\/\/www.accuratereviews.com\/wp-content\/uploads\/2024\/02\/Screenshot-2024-02-28-alle-09.56.46.png","width":680,"height":354},{"@type":"BreadcrumbList","@id":"https:\/\/www.accuratereviews.com\/it\/gestionale-per-parrucchieri\/wavy-recensione\/#breadcrumb","itemListElement":[{"@type":"ListItem","position":1,"name":"Home","item":"https:\/\/www.accuratereviews.com\/it\/"},{"@type":"ListItem","position":2,"name":"Gestionale per parrucchieri","item":"https:\/\/www.accuratereviews.com\/it\/gestionale-per-parrucchieri\/"},{"@type":"ListItem","position":3,"name":"Wavy"}]},{"@type":"WebSite","@id":"https:\/\/www.accuratereviews.com\/it\/#website","url":"https:\/\/www.accuratereviews.com\/it\/","name":"Accurate Reviews","description":"","potentialAction":[{"@type":"SearchAction","target":{"@type":"EntryPoint","urlTemplate":"https:\/\/www.accuratereviews.com\/it\/?s={search_term_string}"},"query-input":{"@type":"PropertyValueSpecification","valueRequired":true,"valueName":"search_term_string"}}],"inLanguage":"it-IT"}]}},"_links":{"self":[{"href":"https:\/\/www.accuratereviews.com\/it\/wp-json\/wp\/v2\/pages\/74804","targetHints":{"allow":["GET"]}}],"collection":[{"href":"https:\/\/www.accuratereviews.com\/it\/wp-json\/wp\/v2\/pages"}],"about":[{"href":"https:\/\/www.accuratereviews.com\/it\/wp-json\/wp\/v2\/types\/page"}],"author":[{"embeddable":true,"href":"https:\/\/www.accuratereviews.com\/it\/wp-json\/wp\/v2\/users\/19"}],"replies":[{"embeddable":true,"href":"https:\/\/www.accuratereviews.com\/it\/wp-json\/wp\/v2\/comments?post=74804"}],"version-history":[{"count":12,"href":"https:\/\/www.accuratereviews.com\/it\/wp-json\/wp\/v2\/pages\/74804\/revisions"}],"predecessor-version":[{"id":75046,"href":"https:\/\/www.accuratereviews.com\/it\/wp-json\/wp\/v2\/pages\/74804\/revisions\/75046"}],"up":[{"embeddable":true,"href":"https:\/\/www.accuratereviews.com\/it\/wp-json\/wp\/v2\/pages\/33071"}],"wp:featuredmedia":[{"embeddable":true,"href":"https:\/\/www.accuratereviews.com\/it\/wp-json\/wp\/v2\/media\/74807"}],"wp:attachment":[{"href":"https:\/\/www.accuratereviews.com\/it\/wp-json\/wp\/v2\/media?parent=74804"}],"wp:term":[{"taxonomy":"category","embeddable":true,"href":"https:\/\/www.accuratereviews.com\/it\/wp-json\/wp\/v2\/categories?post=74804"},{"taxonomy":"post_tag","embeddable":true,"href":"https:\/\/www.accuratereviews.com\/it\/wp-json\/wp\/v2\/tags?post=74804"},{"taxonomy":"features","embeddable":true,"href":"https:\/\/www.accuratereviews.com\/it\/wp-json\/wp\/v2\/features?post=74804"}],"curies":[{"name":"wp","href":"https:\/\/api.w.org\/{rel}","templated":true}]}}