{"id":74834,"date":"2024-02-29T20:59:32","date_gmt":"2024-02-29T20:59:32","guid":{"rendered":"https:\/\/www.accuratereviews.com\/?page_id=74834"},"modified":"2024-03-04T10:53:11","modified_gmt":"2024-03-04T10:53:11","slug":"neko-recensione","status":"publish","type":"page","link":"https:\/\/www.accuratereviews.com\/it\/gestionale-per-parrucchieri\/neko-recensione\/","title":{"rendered":"Neko"},"content":{"rendered":"<p><strong>Neko<\/strong> \u00e8 un<strong> software di gestione degli appuntamenti<\/strong> basato sul <strong>web<\/strong> per saloni e spa, a cui \u00e8 possibile accedere da pi\u00f9 dispositivi tra cui smartphone, desktop e laptop. Il software utilizza una procedura guidata di prenotazione per gestire gli appuntamenti e offre funzionalit\u00e0 come promemoria di prenotazione tramite sms ed email, opzioni di trascinamento e ridimensionamento, visualizzazione dei clienti a pagamento e opzioni di reporting.<br \/>\nL&#8217;applicazione aiuta i saloni a mantenere una comunicazione regolare con i clienti attraverso campagne di marketing mirate, messaggi per sondaggi e auguri di compleanno. Lo strumento mantiene un database clienti per una migliore gestione delle relazioni e programmi di marketing e fidelizzazione mirati. Aiuta anche a gestire dipendenti, schede attivit\u00e0, elenchi e bonus oltre a generare report su clienti, dipendenti, inventario, appuntamenti e vendite.<br \/>\nAltre funzionalit\u00e0 offerte da <strong>Neko<\/strong> includono la gestione delle carte regalo, l&#8217;email marketing, la gestione delle commissioni, il programma di riferimento, la gestione delle camere\/attrezzature e il supporto multi-sede.<\/p>\n<h2>NEKO &#8211; TUTORIAL<\/h2>\n<div id=\"fluid-wrapper-counter-1\" class=\"g1-fluid-wrapper \" style=\"width:686px;\">\n<div style=\"padding-bottom:56.268221574344%;\"><iframe loading=\"lazy\" title=\"How to suspend and reactivate a client\" width=\"686\" height=\"386\" src=\"https:\/\/www.youtube.com\/embed\/gp1fkuBIYjE?list=PLkcMaLBRWs9eSdOF9R2NgNZ_sd4jaU9rW\" frameborder=\"0\" allow=\"accelerometer; autoplay; clipboard-write; encrypted-media; gyroscope; picture-in-picture; web-share\" allowfullscreen><\/iframe><\/div>\n<\/div>\n<h3>NEKO &#8211; CARATTERISTICHE<\/h3>\n<ul>\n<li><strong>Calendario e prenotazione<\/strong>: un&#8217;agenda degli appuntamenti basata sul web che ti consente di gestire facilmente le prenotazioni dei saloni ovunque tu sia, a qualsiasi ora del giorno o della notte.<\/li>\n<li><strong>Carte Cliente<\/strong>: fornisci un servizio personalizzato con carte cliente personalizzabili che includono tutto, dalle preferenze di colore e cronologia degli acquisti ai compleanni.<\/li>\n<li><strong>Ricorda<\/strong>: i promemoria automatici via sms ed email ridurranno le tue mancate presentazioni. Puoi personalizzare facilmente i promemoria per adattarli ai tuoi clienti e impostare con quanto anticipo verranno inviati i promemoria.<\/li>\n<li><strong>Marketing<\/strong>: promuovi il successo della tua azienda utilizzando i promemoria automatici di prenotazione e le promozioni mirate.<\/li>\n<li><strong>App mobile e accesso remoto<\/strong>: poich\u00e9 \u00e8 basato su cloud, la soluzione va dove vai tu. Connettiti dal tuo laptop, smartphone o tablet per gestire il tuo salone da qualsiasi luogo e in qualsiasi momento.<\/li>\n<li><strong>Prenotazioni online<\/strong>: non perdere mai potenziali appuntamenti mentre lavori: i clienti possono prenotare i propri appuntamenti online.<\/li>\n<li><strong>Rapporti<\/strong>: tieni traccia delle tue prestazioni con informazioni in tempo reale su vendite, clienti, personale, prenotazioni e stock.<\/li>\n<li><strong>Direzione vendite<\/strong>: elabora facilmente le tue transazioni al dettaglio, comprese vendite, rimborsi, cambi e buoni regalo con un sistema che si prende cura del tuo lavoro.<\/li>\n<li><strong>Gestione del personale<\/strong>: ottieni il massimo dai tuoi dipendenti con elenchi, schede attivit\u00e0 e bonus. Genera report sulla presenza, sulle prestazioni e sulla produttivit\u00e0 dei dipendenti.<\/li>\n<li><strong>Scorte<\/strong>: monitora e misura in modo semplice e accurato le tue scorte, riduci gli sprechi e identifica le tendenze di vendita per prendere decisioni di vendita al dettaglio pi\u00f9 informate.<\/li>\n<li><strong>Integrazione contabile<\/strong>: il programma si integra perfettamente con molti programmi software di contabilit\u00e0 per rendere la gestione del tuo salone semplice.<\/li>\n<\/ul>\n<h4>LA RECENSIONE DEGLI UTENTI<\/h4>\n<p><strong>Shelley &#8220;Ottimo rapporto qualit\u00e0 prezzo per una microimpresa&#8221;<\/strong><br \/>\n<strong>Commenti<\/strong>: \u00c8 stato facile iniziare a usarlo ed \u00e8 molto conveniente<br \/>\n<strong>Pro<\/strong>: molto facile da usare e copre la maggior parte degli aspetti<br \/>\n<strong>Contro<\/strong>: Si verifica spesso un problema tecnico e non \u00e8 possibile utilizzare 2 buoni regalo diversi per il trattamento di una persona e se viene commesso un errore con le transazioni non \u00e8 possibile modificarlo in sede.<\/p>\n<p><strong>Samantha &#8220;Ottimo software facile&#8221;<\/strong><br \/>\n<strong>Commenti<\/strong>: Molto facile da usare rapido ed efficace<br \/>\n<strong>Pro<\/strong>: Adoro il software, \u00e8 cos\u00ec semplice e puoi accedere ovunque, su telefoni iPad e computer, lo adoro.<br \/>\n<strong>Contro<\/strong>: Mi piacerebbe ricevere una notifica quando i crediti sms sono bassi, quindi so se i messaggi di testo non vengono inviati perch\u00e9 il credito \u00e8 esaurito.<\/p>\n<p><strong>Katherine &#8220;Funzionale, ottimo rapporto qualit\u00e0 prezzo&#8221;<\/strong><br \/>\n<strong>Commenti<\/strong>: Davvero fantastico, \u00e8 facile da usare e ha un buon rapporto qualit\u00e0-prezzo per quello che ottieni.<br \/>\n<strong>Pro<\/strong>: Adoro il layout e quanto sia facile usare Neko! \u00c8 cos\u00ec personalizzabile se lo desideri o puoi usarlo anche per le esigenze di base. \u00c8 facile memorizzare le informazioni sui clienti ed effettuare anche prenotazioni. Ha anche diverse opzioni di pagamento che ti consentono di utilizzare il software con la maggior parte dei sistemi di pagamento<br \/>\n<strong>Contro<\/strong>: A volte potrebbe essere un po&#8217; difettoso e bloccarsi, ma da allora sembra che abbiano risolto il problema e negli ultimi mesi non ho avuto problemi.<\/p>\n","protected":false},"excerpt":{"rendered":"<p>Neko \u00e8 un software di gestione degli appuntamenti basato sul web per saloni e spa, a cui \u00e8 possibile accedere da pi\u00f9 dispositivi tra cui smartphone, desktop e laptop. Il software utilizza una procedura guidata di prenotazione per gestire gli appuntamenti e offre funzionalit\u00e0 come promemoria di prenotazione tramite sms ed email, opzioni di trascinamento e ridimensionamento, visualizzazione dei clienti a pagamento e opzioni di reporting.<\/p>\n","protected":false},"author":19,"featured_media":74836,"parent":33071,"menu_order":0,"comment_status":"open","ping_status":"closed","template":"g1_template_page_review_new.php","meta":{"_acf_changed":false,"cwp_meta_box_check":"Yes","cwp_rev_product_name":"","cwp_rev_product_image":"","wppr_links":[],"cwp_rev_price":"0.00","wppr_options":[{"name":"Usability","value":"0"},{"name":"Speed","value":"0"},{"name":"Features","value":"0"},{"name":"Support","value":"0"},{"name":"Pricing","value":"0"}],"wppr_pros":["","","","",""],"wppr_cons":["","","","",""],"_monsterinsights_skip_tracking":false,"_monsterinsights_sitenote_active":false,"_monsterinsights_sitenote_note":"","_monsterinsights_sitenote_category":0,"footnotes":""},"categories":[4186],"tags":[14947,14963,4267,14950,14949,14948],"features":[],"class_list":{"0":"post-74834","1":"page","2":"type-page","3":"status-publish","4":"has-post-thumbnail","6":"category-gestionali-per-parrucchieri","7":"tag-gestionale-parrucchieri","8":"tag-neko","9":"tag-piattaforma-gestionale-parrucchieri","10":"tag-programma-gestionale-parrucchieri","11":"tag-software-gestionale-parrucchieri","12":"tag-soluzione-gestionale-parrucchieri"},"wppr_data":{"cwp_meta_box_check":"Yes","_wppr_review_template":"default","cwp_rev_product_image":"","cwp_image_link":"image","wppr_links":[],"cwp_rev_price":"0.00","wppr_pros":["","","","",""],"wppr_cons":["","","","",""],"wppr_rating":"0.00","wppr_options":{"1":{"name":"Usability","value":"0"},"2":{"name":"Speed","value":"0"},"3":{"name":"Features","value":"0"},"4":{"name":"Support","value":"0"},"5":{"name":"Pricing","value":"0"}},"wppr_review_type":"Product","wppr_review_custom_fields":{"additionalProperty":"","additionalType":"","aggregateRating":"","alternateName":"","audience":"","award":"","awards":"","brand":"","color":"","depth":"","description":"","disambiguatingDescription":"","gtin12":"","gtin13":"","gtin14":"","gtin8":"","height":"","identifier":"","image":"","isAccessoryOrSparePartFor":"","isConsumableFor":"","isRelatedTo":"","isSimilarTo":"","itemCondition":"","logo":"","mainEntityOfPage":"","manufacturer":"","material":"","model":"","mpn":"","name":"","offers":"","potentialAction":"","productID":"","productionDate":"","purchaseDate":"","releaseDate":"","review":"","reviews":"","sameAs":"","sku":"","slogan":"","subjectOf":"","url":"","weight":"","width":""}},"acf":[],"yoast_head":"<!-- This site is optimized with the Yoast SEO plugin v27.4 - https:\/\/yoast.com\/product\/yoast-seo-wordpress\/ -->\n<title>Neko: recensione software gestionale parrucchieri - Accurate Reviews<\/title>\n<meta name=\"description\" content=\"Neko: recensione software di gestione degli appuntamenti basato sul web per saloni e spa, a cui \u00e8 possibile accedere da pi\u00f9 dispositivi.\" \/>\n<meta name=\"robots\" content=\"index, follow, max-snippet:-1, max-image-preview:large, max-video-preview:-1\" \/>\n<link rel=\"canonical\" href=\"https:\/\/www.accuratereviews.com\/it\/gestionale-per-parrucchieri\/neko-recensione\/\" \/>\n<meta property=\"og:locale\" content=\"it_IT\" \/>\n<meta property=\"og:type\" content=\"article\" \/>\n<meta property=\"og:title\" content=\"Neko: recensione software gestionale parrucchieri - Accurate Reviews\" \/>\n<meta property=\"og:description\" content=\"Neko: recensione software di gestione degli appuntamenti basato sul web per saloni e spa, a cui \u00e8 possibile accedere da pi\u00f9 dispositivi.\" \/>\n<meta property=\"og:url\" content=\"https:\/\/www.accuratereviews.com\/it\/gestionale-per-parrucchieri\/neko-recensione\/\" \/>\n<meta property=\"og:site_name\" content=\"Accurate Reviews\" \/>\n<meta property=\"article:modified_time\" content=\"2024-03-04T10:53:11+00:00\" \/>\n<meta property=\"og:image\" content=\"https:\/\/www.accuratereviews.com\/wp-content\/uploads\/2024\/02\/Neko.jpeg\" \/>\n\t<meta property=\"og:image:width\" content=\"200\" \/>\n\t<meta property=\"og:image:height\" content=\"200\" \/>\n\t<meta property=\"og:image:type\" content=\"image\/jpeg\" \/>\n<meta name=\"twitter:card\" content=\"summary_large_image\" \/>\n<meta name=\"twitter:label1\" content=\"Tempo di lettura stimato\" \/>\n\t<meta name=\"twitter:data1\" content=\"5 minuti\" \/>\n<script type=\"application\/ld+json\" class=\"yoast-schema-graph\">{\"@context\":\"https:\\\/\\\/schema.org\",\"@graph\":[{\"@type\":\"WebPage\",\"@id\":\"https:\\\/\\\/www.accuratereviews.com\\\/it\\\/gestionale-per-parrucchieri\\\/neko-recensione\\\/\",\"url\":\"https:\\\/\\\/www.accuratereviews.com\\\/it\\\/gestionale-per-parrucchieri\\\/neko-recensione\\\/\",\"name\":\"Neko: recensione software gestionale parrucchieri - Accurate Reviews\",\"isPartOf\":{\"@id\":\"https:\\\/\\\/www.accuratereviews.com\\\/it\\\/#website\"},\"primaryImageOfPage\":{\"@id\":\"https:\\\/\\\/www.accuratereviews.com\\\/it\\\/gestionale-per-parrucchieri\\\/neko-recensione\\\/#primaryimage\"},\"image\":{\"@id\":\"https:\\\/\\\/www.accuratereviews.com\\\/it\\\/gestionale-per-parrucchieri\\\/neko-recensione\\\/#primaryimage\"},\"thumbnailUrl\":\"https:\\\/\\\/www.accuratereviews.com\\\/wp-content\\\/uploads\\\/2024\\\/02\\\/Neko.jpeg\",\"datePublished\":\"2024-02-29T20:59:32+00:00\",\"dateModified\":\"2024-03-04T10:53:11+00:00\",\"description\":\"Neko: recensione software di gestione degli appuntamenti basato sul web per saloni e spa, a cui \u00e8 possibile accedere da pi\u00f9 dispositivi.\",\"breadcrumb\":{\"@id\":\"https:\\\/\\\/www.accuratereviews.com\\\/it\\\/gestionale-per-parrucchieri\\\/neko-recensione\\\/#breadcrumb\"},\"inLanguage\":\"it-IT\",\"potentialAction\":[{\"@type\":\"ReadAction\",\"target\":[\"https:\\\/\\\/www.accuratereviews.com\\\/it\\\/gestionale-per-parrucchieri\\\/neko-recensione\\\/\"]}]},{\"@type\":\"ImageObject\",\"inLanguage\":\"it-IT\",\"@id\":\"https:\\\/\\\/www.accuratereviews.com\\\/it\\\/gestionale-per-parrucchieri\\\/neko-recensione\\\/#primaryimage\",\"url\":\"https:\\\/\\\/www.accuratereviews.com\\\/wp-content\\\/uploads\\\/2024\\\/02\\\/Neko.jpeg\",\"contentUrl\":\"https:\\\/\\\/www.accuratereviews.com\\\/wp-content\\\/uploads\\\/2024\\\/02\\\/Neko.jpeg\",\"width\":200,\"height\":200},{\"@type\":\"BreadcrumbList\",\"@id\":\"https:\\\/\\\/www.accuratereviews.com\\\/it\\\/gestionale-per-parrucchieri\\\/neko-recensione\\\/#breadcrumb\",\"itemListElement\":[{\"@type\":\"ListItem\",\"position\":1,\"name\":\"Home\",\"item\":\"https:\\\/\\\/www.accuratereviews.com\\\/it\\\/\"},{\"@type\":\"ListItem\",\"position\":2,\"name\":\"Gestionale per parrucchieri\",\"item\":\"https:\\\/\\\/www.accuratereviews.com\\\/it\\\/gestionale-per-parrucchieri\\\/\"},{\"@type\":\"ListItem\",\"position\":3,\"name\":\"Neko\"}]},{\"@type\":\"WebSite\",\"@id\":\"https:\\\/\\\/www.accuratereviews.com\\\/it\\\/#website\",\"url\":\"https:\\\/\\\/www.accuratereviews.com\\\/it\\\/\",\"name\":\"Accurate Reviews\",\"description\":\"\",\"potentialAction\":[{\"@type\":\"SearchAction\",\"target\":{\"@type\":\"EntryPoint\",\"urlTemplate\":\"https:\\\/\\\/www.accuratereviews.com\\\/it\\\/?s={search_term_string}\"},\"query-input\":{\"@type\":\"PropertyValueSpecification\",\"valueRequired\":true,\"valueName\":\"search_term_string\"}}],\"inLanguage\":\"it-IT\"}]}<\/script>\n<!-- \/ Yoast SEO plugin. -->","yoast_head_json":{"title":"Neko: recensione software gestionale parrucchieri - Accurate Reviews","description":"Neko: recensione software di gestione degli appuntamenti basato sul web per saloni e spa, a cui \u00e8 possibile accedere da pi\u00f9 dispositivi.","robots":{"index":"index","follow":"follow","max-snippet":"max-snippet:-1","max-image-preview":"max-image-preview:large","max-video-preview":"max-video-preview:-1"},"canonical":"https:\/\/www.accuratereviews.com\/it\/gestionale-per-parrucchieri\/neko-recensione\/","og_locale":"it_IT","og_type":"article","og_title":"Neko: recensione software gestionale parrucchieri - Accurate Reviews","og_description":"Neko: recensione software di gestione degli appuntamenti basato sul web per saloni e spa, a cui \u00e8 possibile accedere da pi\u00f9 dispositivi.","og_url":"https:\/\/www.accuratereviews.com\/it\/gestionale-per-parrucchieri\/neko-recensione\/","og_site_name":"Accurate Reviews","article_modified_time":"2024-03-04T10:53:11+00:00","og_image":[{"width":200,"height":200,"url":"https:\/\/www.accuratereviews.com\/wp-content\/uploads\/2024\/02\/Neko.jpeg","type":"image\/jpeg"}],"twitter_card":"summary_large_image","twitter_misc":{"Tempo di lettura stimato":"5 minuti"},"schema":{"@context":"https:\/\/schema.org","@graph":[{"@type":"WebPage","@id":"https:\/\/www.accuratereviews.com\/it\/gestionale-per-parrucchieri\/neko-recensione\/","url":"https:\/\/www.accuratereviews.com\/it\/gestionale-per-parrucchieri\/neko-recensione\/","name":"Neko: recensione software gestionale parrucchieri - Accurate Reviews","isPartOf":{"@id":"https:\/\/www.accuratereviews.com\/it\/#website"},"primaryImageOfPage":{"@id":"https:\/\/www.accuratereviews.com\/it\/gestionale-per-parrucchieri\/neko-recensione\/#primaryimage"},"image":{"@id":"https:\/\/www.accuratereviews.com\/it\/gestionale-per-parrucchieri\/neko-recensione\/#primaryimage"},"thumbnailUrl":"https:\/\/www.accuratereviews.com\/wp-content\/uploads\/2024\/02\/Neko.jpeg","datePublished":"2024-02-29T20:59:32+00:00","dateModified":"2024-03-04T10:53:11+00:00","description":"Neko: recensione software di gestione degli appuntamenti basato sul web per saloni e spa, a cui \u00e8 possibile accedere da pi\u00f9 dispositivi.","breadcrumb":{"@id":"https:\/\/www.accuratereviews.com\/it\/gestionale-per-parrucchieri\/neko-recensione\/#breadcrumb"},"inLanguage":"it-IT","potentialAction":[{"@type":"ReadAction","target":["https:\/\/www.accuratereviews.com\/it\/gestionale-per-parrucchieri\/neko-recensione\/"]}]},{"@type":"ImageObject","inLanguage":"it-IT","@id":"https:\/\/www.accuratereviews.com\/it\/gestionale-per-parrucchieri\/neko-recensione\/#primaryimage","url":"https:\/\/www.accuratereviews.com\/wp-content\/uploads\/2024\/02\/Neko.jpeg","contentUrl":"https:\/\/www.accuratereviews.com\/wp-content\/uploads\/2024\/02\/Neko.jpeg","width":200,"height":200},{"@type":"BreadcrumbList","@id":"https:\/\/www.accuratereviews.com\/it\/gestionale-per-parrucchieri\/neko-recensione\/#breadcrumb","itemListElement":[{"@type":"ListItem","position":1,"name":"Home","item":"https:\/\/www.accuratereviews.com\/it\/"},{"@type":"ListItem","position":2,"name":"Gestionale per parrucchieri","item":"https:\/\/www.accuratereviews.com\/it\/gestionale-per-parrucchieri\/"},{"@type":"ListItem","position":3,"name":"Neko"}]},{"@type":"WebSite","@id":"https:\/\/www.accuratereviews.com\/it\/#website","url":"https:\/\/www.accuratereviews.com\/it\/","name":"Accurate Reviews","description":"","potentialAction":[{"@type":"SearchAction","target":{"@type":"EntryPoint","urlTemplate":"https:\/\/www.accuratereviews.com\/it\/?s={search_term_string}"},"query-input":{"@type":"PropertyValueSpecification","valueRequired":true,"valueName":"search_term_string"}}],"inLanguage":"it-IT"}]}},"_links":{"self":[{"href":"https:\/\/www.accuratereviews.com\/it\/wp-json\/wp\/v2\/pages\/74834","targetHints":{"allow":["GET"]}}],"collection":[{"href":"https:\/\/www.accuratereviews.com\/it\/wp-json\/wp\/v2\/pages"}],"about":[{"href":"https:\/\/www.accuratereviews.com\/it\/wp-json\/wp\/v2\/types\/page"}],"author":[{"embeddable":true,"href":"https:\/\/www.accuratereviews.com\/it\/wp-json\/wp\/v2\/users\/19"}],"replies":[{"embeddable":true,"href":"https:\/\/www.accuratereviews.com\/it\/wp-json\/wp\/v2\/comments?post=74834"}],"version-history":[{"count":12,"href":"https:\/\/www.accuratereviews.com\/it\/wp-json\/wp\/v2\/pages\/74834\/revisions"}],"predecessor-version":[{"id":74894,"href":"https:\/\/www.accuratereviews.com\/it\/wp-json\/wp\/v2\/pages\/74834\/revisions\/74894"}],"up":[{"embeddable":true,"href":"https:\/\/www.accuratereviews.com\/it\/wp-json\/wp\/v2\/pages\/33071"}],"wp:featuredmedia":[{"embeddable":true,"href":"https:\/\/www.accuratereviews.com\/it\/wp-json\/wp\/v2\/media\/74836"}],"wp:attachment":[{"href":"https:\/\/www.accuratereviews.com\/it\/wp-json\/wp\/v2\/media?parent=74834"}],"wp:term":[{"taxonomy":"category","embeddable":true,"href":"https:\/\/www.accuratereviews.com\/it\/wp-json\/wp\/v2\/categories?post=74834"},{"taxonomy":"post_tag","embeddable":true,"href":"https:\/\/www.accuratereviews.com\/it\/wp-json\/wp\/v2\/tags?post=74834"},{"taxonomy":"features","embeddable":true,"href":"https:\/\/www.accuratereviews.com\/it\/wp-json\/wp\/v2\/features?post=74834"}],"curies":[{"name":"wp","href":"https:\/\/api.w.org\/{rel}","templated":true}]}}