{"id":74850,"date":"2024-03-01T15:50:51","date_gmt":"2024-03-01T15:50:51","guid":{"rendered":"https:\/\/www.accuratereviews.com\/?page_id=74850"},"modified":"2024-03-01T15:50:51","modified_gmt":"2024-03-01T15:50:51","slug":"miosalon-recensione","status":"publish","type":"page","link":"https:\/\/www.accuratereviews.com\/it\/gestionale-per-parrucchieri\/miosalon-recensione\/","title":{"rendered":"MioSalon"},"content":{"rendered":"<p><strong>MioSalon Lite<\/strong> \u00e8 un eccezionale software di <strong>gestione di saloni di bellezza e spa<\/strong>, disponibile gratuitamente, creato con lo scopo di assistere i proprietari di saloni nell&#8217;ottimizzazione delle loro operazioni quotidiane. Questo potente strumento consente agli utenti di semplificare le attivit\u00e0 di front desk automatizzando attivit\u00e0 essenziali come la pianificazione degli appuntamenti, la prenotazione online e la fatturazione.<br \/>\nInoltre, <strong>MioSalon Lite<\/strong>\u00a0permette ai manager di gestire in modo efficiente le informazioni cruciali relative a clienti, personale e inventario. Migliorando il coinvolgimento dei clienti, il software offre anche funzionalit\u00e0 integrate di sms ed email marketing, insieme a un sistema dinamico di feedback dei clienti che facilita approfondimenti e comprensione delle preferenze dei clienti. I proprietari dei saloni ottengono una soluzione completa per migliorare le loro operazioni e offrire esperienze eccezionali ai loro clienti.<\/p>\n<h2>MIOSALON &#8211; TUTORIAL<\/h2>\n<div id=\"fluid-wrapper-counter-1\" class=\"g1-fluid-wrapper \" style=\"width:686px;\">\n<div style=\"padding-bottom:56.268221574344%;\"><iframe loading=\"lazy\" title=\"Tutorial 06: MioSalon | How to purchase SMS message credits? - Hindi\" width=\"686\" height=\"386\" src=\"https:\/\/www.youtube.com\/embed\/kuyBBL5SxgY?feature=oembed&amp;wmode=transparent&amp;autohide=1&amp;autoplay=0&amp;disablekb=0&amp;fs=1&amp;loop=0&amp;enablejsapi=1&amp;rel=0&amp;controls=2&amp;showinfo=0&amp;wmode=transparent&amp;autohide=2&amp;autoplay=0&amp;disablekb=0&amp;fs=1&amp;loop=0&amp;enablejsapi=1&amp;rel=0&amp;controls=2&amp;showinfo=1\" frameborder=\"0\" allow=\"accelerometer; autoplay; clipboard-write; encrypted-media; gyroscope; picture-in-picture; web-share\" allowfullscreen><\/iframe><\/div>\n<\/div>\n<h3>MIOSALON &#8211; CARATTERISTICHE<\/h3>\n<ul>\n<li>Prenotazione online<\/li>\n<li>Sms ed email marketing<\/li>\n<li>Transazione WhatsApp<\/li>\n<li>Gestione del cliente<\/li>\n<li>Raccogli feedback e modulo di consenso<\/li>\n<li>Inventario dei prodotti al dettaglio<\/li>\n<li>Rapporti centralizzati<\/li>\n<li>Saluti automatizzati<\/li>\n<li>Buono regalo (interno e online)<\/li>\n<li>Integrazione (gateway di pagamento e gateway SMS di terze parti)<\/li>\n<li>Buono sconto e punti premio<\/li>\n<li>Registro di cassa e gestione delle spese<\/li>\n<li>Accesso al personale e gestione degli incentivi<\/li>\n<li>Include funzionalit\u00e0 nella versione standard<\/li>\n<li>Accesso cliente<\/li>\n<li>Aumenta le valutazioni a 5 stelle di Google<\/li>\n<li>Controlla il feedback negativo<\/li>\n<li>Monitora automaticamente il consumo interno dei prodotti<\/li>\n<li>Gestione dei lead<\/li>\n<li>Controllare le perdite di entrate (OTP, modifica delle fatture)<\/li>\n<li>Avvisi di download di dati<\/li>\n<li>Promemoria di servizio<\/li>\n<li>Mascherare i contatti dei clienti<\/li>\n<\/ul>\n<h4>LE RECENSIONI DEGLI UTENTI<\/h4>\n<p><strong>SAURABH &#8220;Il prodotto ha molte potenzialit\u00e0&#8221;<\/strong><br \/>\n<strong>Commenti<\/strong>: La visibilit\u00e0 che fornisce all&#8217;azienda con i dati \u00e8 di grande aiuto per prendere le decisioni giuste al momento giusto<br \/>\n<strong>Pro<\/strong>: Il layout del prodotto cattura quasi tutte le esigenze quotidiane di un grande salone. L&#8217;interfaccia utente \u00e8 molto semplice e facile da usare.<br \/>\n<strong>Contro<\/strong>: Il fatto che sia disponibile solo come soluzione cloud uccide l&#8217;esperienza. Considerando la qualit\u00e0 della connettivit\u00e0 Internet dell\u2019ultimo miglio in India, questa non \u00e8 la soluzione ottimale. Lo strumento dovrebbe essere reso disponibile anche come soluzione on-premise. In secondo luogo, lo strumento dovrebbe offrire un minimo di 10-15 dipendenti come parte del pacchetto standard in modo da consentire all&#8217;azienda di operare liberamente.<\/p>\n<p><strong>Muthu &#8220;Software semplice e leggero&#8221;<\/strong><br \/>\n<strong>Commenti<\/strong>: Utilizzo MioSalon da pi\u00f9 di 6 mesi e ora riporto i miei clienti perduti. Anche una persona non tecnica pu\u00f2 utilizzare MioSalon senza alcuna difficolt\u00e0.<br \/>\n<strong>Pro<\/strong>: Semplice da usare<br \/>\n<strong>Contro<\/strong>: Nessuna app mobile<\/p>\n<p><strong>Rajesh &#8220;Il miglior software comodo e di supporto&#8221;<\/strong><br \/>\n<strong>Commenti<\/strong>: I dati sono sicuri e protetti. Utili gli alert sui rinnovi e le proroghe. Il supporto ricevuto tramite chiamata e scrivania remota facilita il lavoro e la comprensione del prodotto.<br \/>\n<strong>Pro<\/strong>: Messaggi di promemoria di auguri e anniversari Monitoraggio degli esatti pacchetti disponibili L&#8217;inventario dei prodotti \u00e8 utile Il gateway di pagamento \u00e8 molto efficace<br \/>\n<strong>Contro<\/strong>: \u00c8 necessario utilizzare un browser alternativo e \u00e8 necessaria la funzione multi-finestra<\/p>\n","protected":false},"excerpt":{"rendered":"<p>MioSalon Lite \u00e8 un eccezionale software di gestione di saloni di bellezza e spa disponibile gratuitamente, creato con lo scopo di assistere i proprietari di saloni nell&#8217;ottimizzazione delle loro operazioni quotidiane. Questo potente strumento consente agli utenti di semplificare le attivit\u00e0 di front desk automatizzando attivit\u00e0 essenziali come la pianificazione degli appuntamenti, la prenotazione online e la fatturazione.<\/p>\n","protected":false},"author":19,"featured_media":74851,"parent":33071,"menu_order":0,"comment_status":"open","ping_status":"closed","template":"g1_template_page_review_new.php","meta":{"_acf_changed":false,"cwp_meta_box_check":"Yes","cwp_rev_product_name":"","cwp_rev_product_image":"","wppr_links":[],"cwp_rev_price":"0.00","wppr_options":[{"name":"Usability","value":"0"},{"name":"Speed","value":"0"},{"name":"Features","value":"0"},{"name":"Support","value":"0"},{"name":"Pricing","value":"0"}],"wppr_pros":["","","","",""],"wppr_cons":["","","","",""],"_monsterinsights_skip_tracking":false,"_monsterinsights_sitenote_active":false,"_monsterinsights_sitenote_note":"","_monsterinsights_sitenote_category":0,"footnotes":""},"categories":[4186],"tags":[14947,14964,4267,14950,14949,14948],"features":[],"class_list":{"0":"post-74850","1":"page","2":"type-page","3":"status-publish","4":"has-post-thumbnail","6":"category-gestionali-per-parrucchieri","7":"tag-gestionale-parrucchieri","8":"tag-miosalon","9":"tag-piattaforma-gestionale-parrucchieri","10":"tag-programma-gestionale-parrucchieri","11":"tag-software-gestionale-parrucchieri","12":"tag-soluzione-gestionale-parrucchieri"},"wppr_data":{"cwp_meta_box_check":"Yes","_wppr_review_template":"default","cwp_rev_product_image":"","cwp_image_link":"image","wppr_links":[],"cwp_rev_price":"0.00","wppr_pros":["","","","",""],"wppr_cons":["","","","",""],"wppr_rating":"0.00","wppr_options":{"1":{"name":"Usability","value":"0"},"2":{"name":"Speed","value":"0"},"3":{"name":"Features","value":"0"},"4":{"name":"Support","value":"0"},"5":{"name":"Pricing","value":"0"}},"wppr_review_type":"Product","wppr_review_custom_fields":{"additionalProperty":"","additionalType":"","aggregateRating":"","alternateName":"","audience":"","award":"","awards":"","brand":"","color":"","depth":"","description":"","disambiguatingDescription":"","gtin12":"","gtin13":"","gtin14":"","gtin8":"","height":"","identifier":"","image":"","isAccessoryOrSparePartFor":"","isConsumableFor":"","isRelatedTo":"","isSimilarTo":"","itemCondition":"","logo":"","mainEntityOfPage":"","manufacturer":"","material":"","model":"","mpn":"","name":"","offers":"","potentialAction":"","productID":"","productionDate":"","purchaseDate":"","releaseDate":"","review":"","reviews":"","sameAs":"","sku":"","slogan":"","subjectOf":"","url":"","weight":"","width":""}},"acf":[],"yoast_head":"<!-- This site is optimized with the Yoast SEO plugin v27.4 - https:\/\/yoast.com\/product\/yoast-seo-wordpress\/ -->\n<title>MioSalon: recensione software gestionale parrucchieri - Accurate Reviews<\/title>\n<meta name=\"description\" content=\"MioSalon: recensione software di gestione di saloni di bellezza e spa creato con lo scopo di assistere i proprietari con funzioni sorprendenti\" \/>\n<meta name=\"robots\" content=\"index, follow, max-snippet:-1, max-image-preview:large, max-video-preview:-1\" \/>\n<link rel=\"canonical\" href=\"https:\/\/www.accuratereviews.com\/it\/gestionale-per-parrucchieri\/miosalon-recensione\/\" \/>\n<meta property=\"og:locale\" content=\"it_IT\" \/>\n<meta property=\"og:type\" content=\"article\" \/>\n<meta property=\"og:title\" content=\"MioSalon: recensione software gestionale parrucchieri - Accurate Reviews\" \/>\n<meta property=\"og:description\" content=\"MioSalon: recensione software di gestione di saloni di bellezza e spa creato con lo scopo di assistere i proprietari con funzioni sorprendenti\" \/>\n<meta property=\"og:url\" content=\"https:\/\/www.accuratereviews.com\/it\/gestionale-per-parrucchieri\/miosalon-recensione\/\" \/>\n<meta property=\"og:site_name\" content=\"Accurate Reviews\" \/>\n<meta property=\"og:image\" content=\"https:\/\/www.accuratereviews.com\/wp-content\/uploads\/2024\/03\/MioSalon.webp\" \/>\n\t<meta property=\"og:image:width\" content=\"200\" \/>\n\t<meta property=\"og:image:height\" content=\"200\" \/>\n\t<meta property=\"og:image:type\" content=\"image\/webp\" \/>\n<meta name=\"twitter:card\" content=\"summary_large_image\" \/>\n<meta name=\"twitter:label1\" content=\"Tempo di lettura stimato\" \/>\n\t<meta name=\"twitter:data1\" content=\"4 minuti\" \/>\n<script type=\"application\/ld+json\" class=\"yoast-schema-graph\">{\"@context\":\"https:\\\/\\\/schema.org\",\"@graph\":[{\"@type\":\"WebPage\",\"@id\":\"https:\\\/\\\/www.accuratereviews.com\\\/it\\\/gestionale-per-parrucchieri\\\/miosalon-recensione\\\/\",\"url\":\"https:\\\/\\\/www.accuratereviews.com\\\/it\\\/gestionale-per-parrucchieri\\\/miosalon-recensione\\\/\",\"name\":\"MioSalon: recensione software gestionale parrucchieri - Accurate Reviews\",\"isPartOf\":{\"@id\":\"https:\\\/\\\/www.accuratereviews.com\\\/it\\\/#website\"},\"primaryImageOfPage\":{\"@id\":\"https:\\\/\\\/www.accuratereviews.com\\\/it\\\/gestionale-per-parrucchieri\\\/miosalon-recensione\\\/#primaryimage\"},\"image\":{\"@id\":\"https:\\\/\\\/www.accuratereviews.com\\\/it\\\/gestionale-per-parrucchieri\\\/miosalon-recensione\\\/#primaryimage\"},\"thumbnailUrl\":\"https:\\\/\\\/www.accuratereviews.com\\\/wp-content\\\/uploads\\\/2024\\\/03\\\/MioSalon.webp\",\"datePublished\":\"2024-03-01T15:50:51+00:00\",\"description\":\"MioSalon: recensione software di gestione di saloni di bellezza e spa creato con lo scopo di assistere i proprietari con funzioni sorprendenti\",\"breadcrumb\":{\"@id\":\"https:\\\/\\\/www.accuratereviews.com\\\/it\\\/gestionale-per-parrucchieri\\\/miosalon-recensione\\\/#breadcrumb\"},\"inLanguage\":\"it-IT\",\"potentialAction\":[{\"@type\":\"ReadAction\",\"target\":[\"https:\\\/\\\/www.accuratereviews.com\\\/it\\\/gestionale-per-parrucchieri\\\/miosalon-recensione\\\/\"]}]},{\"@type\":\"ImageObject\",\"inLanguage\":\"it-IT\",\"@id\":\"https:\\\/\\\/www.accuratereviews.com\\\/it\\\/gestionale-per-parrucchieri\\\/miosalon-recensione\\\/#primaryimage\",\"url\":\"https:\\\/\\\/www.accuratereviews.com\\\/wp-content\\\/uploads\\\/2024\\\/03\\\/MioSalon.webp\",\"contentUrl\":\"https:\\\/\\\/www.accuratereviews.com\\\/wp-content\\\/uploads\\\/2024\\\/03\\\/MioSalon.webp\",\"width\":200,\"height\":200},{\"@type\":\"BreadcrumbList\",\"@id\":\"https:\\\/\\\/www.accuratereviews.com\\\/it\\\/gestionale-per-parrucchieri\\\/miosalon-recensione\\\/#breadcrumb\",\"itemListElement\":[{\"@type\":\"ListItem\",\"position\":1,\"name\":\"Home\",\"item\":\"https:\\\/\\\/www.accuratereviews.com\\\/it\\\/\"},{\"@type\":\"ListItem\",\"position\":2,\"name\":\"Gestionale per parrucchieri\",\"item\":\"https:\\\/\\\/www.accuratereviews.com\\\/it\\\/gestionale-per-parrucchieri\\\/\"},{\"@type\":\"ListItem\",\"position\":3,\"name\":\"MioSalon\"}]},{\"@type\":\"WebSite\",\"@id\":\"https:\\\/\\\/www.accuratereviews.com\\\/it\\\/#website\",\"url\":\"https:\\\/\\\/www.accuratereviews.com\\\/it\\\/\",\"name\":\"Accurate Reviews\",\"description\":\"\",\"potentialAction\":[{\"@type\":\"SearchAction\",\"target\":{\"@type\":\"EntryPoint\",\"urlTemplate\":\"https:\\\/\\\/www.accuratereviews.com\\\/it\\\/?s={search_term_string}\"},\"query-input\":{\"@type\":\"PropertyValueSpecification\",\"valueRequired\":true,\"valueName\":\"search_term_string\"}}],\"inLanguage\":\"it-IT\"}]}<\/script>\n<!-- \/ Yoast SEO plugin. -->","yoast_head_json":{"title":"MioSalon: recensione software gestionale parrucchieri - Accurate Reviews","description":"MioSalon: recensione software di gestione di saloni di bellezza e spa creato con lo scopo di assistere i proprietari con funzioni sorprendenti","robots":{"index":"index","follow":"follow","max-snippet":"max-snippet:-1","max-image-preview":"max-image-preview:large","max-video-preview":"max-video-preview:-1"},"canonical":"https:\/\/www.accuratereviews.com\/it\/gestionale-per-parrucchieri\/miosalon-recensione\/","og_locale":"it_IT","og_type":"article","og_title":"MioSalon: recensione software gestionale parrucchieri - Accurate Reviews","og_description":"MioSalon: recensione software di gestione di saloni di bellezza e spa creato con lo scopo di assistere i proprietari con funzioni sorprendenti","og_url":"https:\/\/www.accuratereviews.com\/it\/gestionale-per-parrucchieri\/miosalon-recensione\/","og_site_name":"Accurate Reviews","og_image":[{"width":200,"height":200,"url":"https:\/\/www.accuratereviews.com\/wp-content\/uploads\/2024\/03\/MioSalon.webp","type":"image\/webp"}],"twitter_card":"summary_large_image","twitter_misc":{"Tempo di lettura stimato":"4 minuti"},"schema":{"@context":"https:\/\/schema.org","@graph":[{"@type":"WebPage","@id":"https:\/\/www.accuratereviews.com\/it\/gestionale-per-parrucchieri\/miosalon-recensione\/","url":"https:\/\/www.accuratereviews.com\/it\/gestionale-per-parrucchieri\/miosalon-recensione\/","name":"MioSalon: recensione software gestionale parrucchieri - Accurate Reviews","isPartOf":{"@id":"https:\/\/www.accuratereviews.com\/it\/#website"},"primaryImageOfPage":{"@id":"https:\/\/www.accuratereviews.com\/it\/gestionale-per-parrucchieri\/miosalon-recensione\/#primaryimage"},"image":{"@id":"https:\/\/www.accuratereviews.com\/it\/gestionale-per-parrucchieri\/miosalon-recensione\/#primaryimage"},"thumbnailUrl":"https:\/\/www.accuratereviews.com\/wp-content\/uploads\/2024\/03\/MioSalon.webp","datePublished":"2024-03-01T15:50:51+00:00","description":"MioSalon: recensione software di gestione di saloni di bellezza e spa creato con lo scopo di assistere i proprietari con funzioni sorprendenti","breadcrumb":{"@id":"https:\/\/www.accuratereviews.com\/it\/gestionale-per-parrucchieri\/miosalon-recensione\/#breadcrumb"},"inLanguage":"it-IT","potentialAction":[{"@type":"ReadAction","target":["https:\/\/www.accuratereviews.com\/it\/gestionale-per-parrucchieri\/miosalon-recensione\/"]}]},{"@type":"ImageObject","inLanguage":"it-IT","@id":"https:\/\/www.accuratereviews.com\/it\/gestionale-per-parrucchieri\/miosalon-recensione\/#primaryimage","url":"https:\/\/www.accuratereviews.com\/wp-content\/uploads\/2024\/03\/MioSalon.webp","contentUrl":"https:\/\/www.accuratereviews.com\/wp-content\/uploads\/2024\/03\/MioSalon.webp","width":200,"height":200},{"@type":"BreadcrumbList","@id":"https:\/\/www.accuratereviews.com\/it\/gestionale-per-parrucchieri\/miosalon-recensione\/#breadcrumb","itemListElement":[{"@type":"ListItem","position":1,"name":"Home","item":"https:\/\/www.accuratereviews.com\/it\/"},{"@type":"ListItem","position":2,"name":"Gestionale per parrucchieri","item":"https:\/\/www.accuratereviews.com\/it\/gestionale-per-parrucchieri\/"},{"@type":"ListItem","position":3,"name":"MioSalon"}]},{"@type":"WebSite","@id":"https:\/\/www.accuratereviews.com\/it\/#website","url":"https:\/\/www.accuratereviews.com\/it\/","name":"Accurate Reviews","description":"","potentialAction":[{"@type":"SearchAction","target":{"@type":"EntryPoint","urlTemplate":"https:\/\/www.accuratereviews.com\/it\/?s={search_term_string}"},"query-input":{"@type":"PropertyValueSpecification","valueRequired":true,"valueName":"search_term_string"}}],"inLanguage":"it-IT"}]}},"_links":{"self":[{"href":"https:\/\/www.accuratereviews.com\/it\/wp-json\/wp\/v2\/pages\/74850","targetHints":{"allow":["GET"]}}],"collection":[{"href":"https:\/\/www.accuratereviews.com\/it\/wp-json\/wp\/v2\/pages"}],"about":[{"href":"https:\/\/www.accuratereviews.com\/it\/wp-json\/wp\/v2\/types\/page"}],"author":[{"embeddable":true,"href":"https:\/\/www.accuratereviews.com\/it\/wp-json\/wp\/v2\/users\/19"}],"replies":[{"embeddable":true,"href":"https:\/\/www.accuratereviews.com\/it\/wp-json\/wp\/v2\/comments?post=74850"}],"version-history":[{"count":10,"href":"https:\/\/www.accuratereviews.com\/it\/wp-json\/wp\/v2\/pages\/74850\/revisions"}],"predecessor-version":[{"id":74868,"href":"https:\/\/www.accuratereviews.com\/it\/wp-json\/wp\/v2\/pages\/74850\/revisions\/74868"}],"up":[{"embeddable":true,"href":"https:\/\/www.accuratereviews.com\/it\/wp-json\/wp\/v2\/pages\/33071"}],"wp:featuredmedia":[{"embeddable":true,"href":"https:\/\/www.accuratereviews.com\/it\/wp-json\/wp\/v2\/media\/74851"}],"wp:attachment":[{"href":"https:\/\/www.accuratereviews.com\/it\/wp-json\/wp\/v2\/media?parent=74850"}],"wp:term":[{"taxonomy":"category","embeddable":true,"href":"https:\/\/www.accuratereviews.com\/it\/wp-json\/wp\/v2\/categories?post=74850"},{"taxonomy":"post_tag","embeddable":true,"href":"https:\/\/www.accuratereviews.com\/it\/wp-json\/wp\/v2\/tags?post=74850"},{"taxonomy":"features","embeddable":true,"href":"https:\/\/www.accuratereviews.com\/it\/wp-json\/wp\/v2\/features?post=74850"}],"curies":[{"name":"wp","href":"https:\/\/api.w.org\/{rel}","templated":true}]}}