{"id":74915,"date":"2024-03-05T11:36:12","date_gmt":"2024-03-05T11:36:12","guid":{"rendered":"https:\/\/www.accuratereviews.com\/?page_id=74915"},"modified":"2024-03-07T10:31:16","modified_gmt":"2024-03-07T10:31:16","slug":"ubiliz-recensione","status":"publish","type":"page","link":"https:\/\/www.accuratereviews.com\/it\/gestionale-per-parrucchieri\/ubiliz-recensione\/","title":{"rendered":"Ubiliz"},"content":{"rendered":"<p><strong>Ubiliz<\/strong> \u00e8 una<strong> piattaforma di gestione dei buoni regalo<\/strong> con la quale gli utenti possono vendere buoni regalo 24 ore su 24, 7 giorni su 7, direttamente tramite il proprio sito web o tramite l&#8217;integrazione con la propria pagina aziendale Facebook. Gli utenti possono creare e gestire tutti i tipi diversi di voucher regalo di cui hanno bisogno, con il controllo sul valore dei voucher, sui periodi di validit\u00e0, sulle condizioni e sulla disponibilit\u00e0. Una volta acquistati dai clienti, i buoni regalo vengono consegnati automaticamente via e-mail. Gli utenti possono tenere traccia del numero di voucher venduti, di voucher riscattati, del fatturato generato e altro ancora.<\/p>\n<h2>UBILIZ &#8211; TUTORIAL<\/h2>\n<div id=\"fluid-wrapper-counter-1\" class=\"g1-fluid-wrapper \" style=\"width:686px;\">\n<div style=\"padding-bottom:56.268221574344%;\"><iframe loading=\"lazy\" title=\"UBILIZ LA SOLUTION DE BON CADEAU EN 2 CLICS !\" width=\"686\" height=\"386\" src=\"https:\/\/www.youtube.com\/embed\/FR9Stwzkyrs?feature=oembed&amp;wmode=transparent&amp;autohide=1&amp;autoplay=0&amp;disablekb=0&amp;fs=1&amp;loop=0&amp;enablejsapi=1&amp;rel=0&amp;controls=2&amp;showinfo=0&amp;wmode=transparent&amp;autohide=2&amp;autoplay=0&amp;disablekb=0&amp;fs=1&amp;loop=0&amp;enablejsapi=1&amp;rel=0&amp;controls=2&amp;showinfo=1\" frameborder=\"0\" allow=\"accelerometer; autoplay; clipboard-write; encrypted-media; gyroscope; picture-in-picture; web-share\" allowfullscreen><\/iframe><\/div>\n<\/div>\n<h3>UBILIZ &#8211; CARATTERISTICHE<\/h3>\n<ul>\n<li><strong>Crea le tue offerte<\/strong>: lasciati guidare dallo strumento di creazione: indica le specifiche delle tue offerte, integra le tue foto migliori quindi inserisci i tuoi prezzi. In un attimo i tuoi buoni regalo sono pronti per essere venduti online.<\/li>\n<li><strong>Vendi senza sforzo<\/strong>: in pochi clic, le tue offerte sono pronte per essere vendute sul tuo sito web, attraverso numerosi mercati come capcadeau.com o attraverso una rete di professionisti.<\/li>\n<li><strong>Accogli i tuoi clienti<\/strong>: utilizzando l&#8217;applicazione mobile o tramite il tuo computer, controlla e registra ogni destinatario di buoni regalo in tempo reale.<\/li>\n<li><strong>Sviluppa le tue vendite senza il minimo sforzo<\/strong>: potente, flessibile e lungi dall&#8217;essere limitato a un semplice modulo di ecommerce. Qualunque sia il tuo utilizzo, la soluzione di vendita sviluppa le tue vendite di buoni regalo e aumenta il tuo fatturato come mai prima d&#8217;ora, senza dimenticare di aumentare la soddisfazione dei tuoi clienti.<\/li>\n<li><strong>Un potente strumento di gestione per una squadra felice<\/strong>: godere di esperienze di qualit\u00e0 non dovrebbe essere riservato solo ai tuoi clienti. La soluzione permette anche al tuo team di trarne vantaggio. In pochi clic potrai visualizzare i tuoi voucher venduti e il loro stato di utilizzo. Ricevi i tuoi clienti come sei abituato: verificare la validit\u00e0 dei loro buoni regalo non \u00e8 mai stato cos\u00ec semplice.<\/li>\n<\/ul>\n<h4>LE RECENSIONI DEGLI UTENTI<\/h4>\n<p><strong>Th\u00e9o &#8220;Ottima soluzione per tutte le strutture che offrono buoni regalo&#8221;<\/strong><br \/>\n<strong>Pro<\/strong>: Interfaccia utente e qualit\u00e0 del servizio clienti<br \/>\n<strong>Contro<\/strong>: Non ho nulla di negativo da dire finora.<\/p>\n<p><strong>Alexandre &#8220;Soddisfatto dell&#8217;Ubiliz&#8221;<\/strong><br \/>\n<strong>Commenti<\/strong>: Grazie a ubiliz ho risparmiato molto tempo nella gestione dei miei buoni regalo, ho reso le mie vendite pi\u00f9 credibili e ho generato pi\u00f9 fatturato<br \/>\n<strong>Pro<\/strong>: Facilit\u00e0 d&#8217;uso e risparmio di tempo nella vendita dei miei buoni regalo<br \/>\n<strong>Contro<\/strong>: Nella totale trasparenza non ce n&#8217;\u00e8, per me \u00e8 tutto ben fatto<\/p>\n<p><strong>Fr\u00e9d\u00e9rique &#8220;Facilit\u00e0 d&#8217;uso per i clienti&#8221;<\/strong><br \/>\n<strong>Commenti<\/strong>: Flusso di cassa e risparmio di tempo<br \/>\n<strong>Pro<\/strong>: Facilit\u00e0 d&#8217;uso per i clienti<br \/>\n<strong>Contro<\/strong>: Niente da segnalare fino ad oggi, tutto \u00e8 ben pensato!<\/p>\n","protected":false},"excerpt":{"rendered":"<p>Ubiliz \u00e8 una piattaforma di gestione dei buoni regalo con la quale gli utenti possono vendere buoni regalo 24 ore su 24, 7 giorni su 7, direttamente tramite il proprio sito web o tramite l&#8217;integrazione con la propria pagina aziendale Facebook. Gli utenti possono creare e gestire tutti i tipi diversi di voucher regalo di cui hanno bisogno, con il controllo sul valore dei voucher, sui periodi di validit\u00e0, sulle condizioni e sulla disponibilit\u00e0.<\/p>\n","protected":false},"author":19,"featured_media":74916,"parent":33071,"menu_order":0,"comment_status":"open","ping_status":"closed","template":"g1_template_page_review_new.php","meta":{"_acf_changed":false,"cwp_meta_box_check":"Yes","cwp_rev_product_name":"","cwp_rev_product_image":"","wppr_links":[],"cwp_rev_price":"0.00","wppr_options":[{"name":"Usability","value":"0"},{"name":"Speed","value":"0"},{"name":"Features","value":"0"},{"name":"Support","value":"0"},{"name":"Pricing","value":"0"}],"wppr_pros":["","","","",""],"wppr_cons":["","","","",""],"_monsterinsights_skip_tracking":false,"_monsterinsights_sitenote_active":false,"_monsterinsights_sitenote_note":"","_monsterinsights_sitenote_category":0,"footnotes":""},"categories":[4186],"tags":[14947,4267,14950,14949,14948,14975],"features":[],"class_list":{"0":"post-74915","1":"page","2":"type-page","3":"status-publish","4":"has-post-thumbnail","6":"category-gestionali-per-parrucchieri","7":"tag-gestionale-parrucchieri","8":"tag-piattaforma-gestionale-parrucchieri","9":"tag-programma-gestionale-parrucchieri","10":"tag-software-gestionale-parrucchieri","11":"tag-soluzione-gestionale-parrucchieri","12":"tag-ubiliz"},"wppr_data":{"cwp_meta_box_check":"Yes","_wppr_review_template":"default","cwp_rev_product_image":"","cwp_image_link":"image","wppr_links":[],"cwp_rev_price":"0.00","wppr_pros":["","","","",""],"wppr_cons":["","","","",""],"wppr_rating":"0.00","wppr_options":{"1":{"name":"Usability","value":"0"},"2":{"name":"Speed","value":"0"},"3":{"name":"Features","value":"0"},"4":{"name":"Support","value":"0"},"5":{"name":"Pricing","value":"0"}},"wppr_review_type":"Product","wppr_review_custom_fields":{"additionalProperty":"","additionalType":"","aggregateRating":"","alternateName":"","audience":"","award":"","awards":"","brand":"","color":"","depth":"","description":"","disambiguatingDescription":"","gtin12":"","gtin13":"","gtin14":"","gtin8":"","height":"","identifier":"","image":"","isAccessoryOrSparePartFor":"","isConsumableFor":"","isRelatedTo":"","isSimilarTo":"","itemCondition":"","logo":"","mainEntityOfPage":"","manufacturer":"","material":"","model":"","mpn":"","name":"","offers":"","potentialAction":"","productID":"","productionDate":"","purchaseDate":"","releaseDate":"","review":"","reviews":"","sameAs":"","sku":"","slogan":"","subjectOf":"","url":"","weight":"","width":""}},"acf":[],"yoast_head":"<!-- This site is optimized with the Yoast SEO plugin v27.4 - https:\/\/yoast.com\/product\/yoast-seo-wordpress\/ -->\n<title>Ubiliz: recensione software gestionale parrucchieri - Accurate Reviews<\/title>\n<meta name=\"description\" content=\"Ubiliz: recensione piattaforma di gestione dei buoni regalo con la quale gli utenti possono vendere buoni regalo 24 ore su 24, 7 giorni su 7.\" \/>\n<meta name=\"robots\" content=\"index, follow, max-snippet:-1, max-image-preview:large, max-video-preview:-1\" \/>\n<link rel=\"canonical\" href=\"https:\/\/www.accuratereviews.com\/it\/gestionale-per-parrucchieri\/ubiliz-recensione\/\" \/>\n<meta property=\"og:locale\" content=\"it_IT\" \/>\n<meta property=\"og:type\" content=\"article\" \/>\n<meta property=\"og:title\" content=\"Ubiliz: recensione software gestionale parrucchieri - Accurate Reviews\" \/>\n<meta property=\"og:description\" content=\"Ubiliz: recensione piattaforma di gestione dei buoni regalo con la quale gli utenti possono vendere buoni regalo 24 ore su 24, 7 giorni su 7.\" \/>\n<meta property=\"og:url\" content=\"https:\/\/www.accuratereviews.com\/it\/gestionale-per-parrucchieri\/ubiliz-recensione\/\" \/>\n<meta property=\"og:site_name\" content=\"Accurate Reviews\" \/>\n<meta property=\"article:modified_time\" content=\"2024-03-07T10:31:16+00:00\" \/>\n<meta property=\"og:image\" content=\"https:\/\/www.accuratereviews.com\/wp-content\/uploads\/2024\/03\/Ubiliz.jpeg\" \/>\n\t<meta property=\"og:image:width\" content=\"400\" \/>\n\t<meta property=\"og:image:height\" content=\"400\" \/>\n\t<meta property=\"og:image:type\" content=\"image\/jpeg\" \/>\n<meta name=\"twitter:card\" content=\"summary_large_image\" \/>\n<meta name=\"twitter:label1\" content=\"Tempo di lettura stimato\" \/>\n\t<meta name=\"twitter:data1\" content=\"4 minuti\" \/>\n<script type=\"application\/ld+json\" class=\"yoast-schema-graph\">{\"@context\":\"https:\\\/\\\/schema.org\",\"@graph\":[{\"@type\":\"WebPage\",\"@id\":\"https:\\\/\\\/www.accuratereviews.com\\\/it\\\/gestionale-per-parrucchieri\\\/ubiliz-recensione\\\/\",\"url\":\"https:\\\/\\\/www.accuratereviews.com\\\/it\\\/gestionale-per-parrucchieri\\\/ubiliz-recensione\\\/\",\"name\":\"Ubiliz: recensione software gestionale parrucchieri - Accurate Reviews\",\"isPartOf\":{\"@id\":\"https:\\\/\\\/www.accuratereviews.com\\\/it\\\/#website\"},\"primaryImageOfPage\":{\"@id\":\"https:\\\/\\\/www.accuratereviews.com\\\/it\\\/gestionale-per-parrucchieri\\\/ubiliz-recensione\\\/#primaryimage\"},\"image\":{\"@id\":\"https:\\\/\\\/www.accuratereviews.com\\\/it\\\/gestionale-per-parrucchieri\\\/ubiliz-recensione\\\/#primaryimage\"},\"thumbnailUrl\":\"https:\\\/\\\/www.accuratereviews.com\\\/wp-content\\\/uploads\\\/2024\\\/03\\\/Ubiliz.jpeg\",\"datePublished\":\"2024-03-05T11:36:12+00:00\",\"dateModified\":\"2024-03-07T10:31:16+00:00\",\"description\":\"Ubiliz: recensione piattaforma di gestione dei buoni regalo con la quale gli utenti possono vendere buoni regalo 24 ore su 24, 7 giorni su 7.\",\"breadcrumb\":{\"@id\":\"https:\\\/\\\/www.accuratereviews.com\\\/it\\\/gestionale-per-parrucchieri\\\/ubiliz-recensione\\\/#breadcrumb\"},\"inLanguage\":\"it-IT\",\"potentialAction\":[{\"@type\":\"ReadAction\",\"target\":[\"https:\\\/\\\/www.accuratereviews.com\\\/it\\\/gestionale-per-parrucchieri\\\/ubiliz-recensione\\\/\"]}]},{\"@type\":\"ImageObject\",\"inLanguage\":\"it-IT\",\"@id\":\"https:\\\/\\\/www.accuratereviews.com\\\/it\\\/gestionale-per-parrucchieri\\\/ubiliz-recensione\\\/#primaryimage\",\"url\":\"https:\\\/\\\/www.accuratereviews.com\\\/wp-content\\\/uploads\\\/2024\\\/03\\\/Ubiliz.jpeg\",\"contentUrl\":\"https:\\\/\\\/www.accuratereviews.com\\\/wp-content\\\/uploads\\\/2024\\\/03\\\/Ubiliz.jpeg\",\"width\":400,\"height\":400},{\"@type\":\"BreadcrumbList\",\"@id\":\"https:\\\/\\\/www.accuratereviews.com\\\/it\\\/gestionale-per-parrucchieri\\\/ubiliz-recensione\\\/#breadcrumb\",\"itemListElement\":[{\"@type\":\"ListItem\",\"position\":1,\"name\":\"Home\",\"item\":\"https:\\\/\\\/www.accuratereviews.com\\\/it\\\/\"},{\"@type\":\"ListItem\",\"position\":2,\"name\":\"Gestionale per parrucchieri\",\"item\":\"https:\\\/\\\/www.accuratereviews.com\\\/it\\\/gestionale-per-parrucchieri\\\/\"},{\"@type\":\"ListItem\",\"position\":3,\"name\":\"Ubiliz\"}]},{\"@type\":\"WebSite\",\"@id\":\"https:\\\/\\\/www.accuratereviews.com\\\/it\\\/#website\",\"url\":\"https:\\\/\\\/www.accuratereviews.com\\\/it\\\/\",\"name\":\"Accurate Reviews\",\"description\":\"\",\"potentialAction\":[{\"@type\":\"SearchAction\",\"target\":{\"@type\":\"EntryPoint\",\"urlTemplate\":\"https:\\\/\\\/www.accuratereviews.com\\\/it\\\/?s={search_term_string}\"},\"query-input\":{\"@type\":\"PropertyValueSpecification\",\"valueRequired\":true,\"valueName\":\"search_term_string\"}}],\"inLanguage\":\"it-IT\"}]}<\/script>\n<!-- \/ Yoast SEO plugin. -->","yoast_head_json":{"title":"Ubiliz: recensione software gestionale parrucchieri - Accurate Reviews","description":"Ubiliz: recensione piattaforma di gestione dei buoni regalo con la quale gli utenti possono vendere buoni regalo 24 ore su 24, 7 giorni su 7.","robots":{"index":"index","follow":"follow","max-snippet":"max-snippet:-1","max-image-preview":"max-image-preview:large","max-video-preview":"max-video-preview:-1"},"canonical":"https:\/\/www.accuratereviews.com\/it\/gestionale-per-parrucchieri\/ubiliz-recensione\/","og_locale":"it_IT","og_type":"article","og_title":"Ubiliz: recensione software gestionale parrucchieri - Accurate Reviews","og_description":"Ubiliz: recensione piattaforma di gestione dei buoni regalo con la quale gli utenti possono vendere buoni regalo 24 ore su 24, 7 giorni su 7.","og_url":"https:\/\/www.accuratereviews.com\/it\/gestionale-per-parrucchieri\/ubiliz-recensione\/","og_site_name":"Accurate Reviews","article_modified_time":"2024-03-07T10:31:16+00:00","og_image":[{"width":400,"height":400,"url":"https:\/\/www.accuratereviews.com\/wp-content\/uploads\/2024\/03\/Ubiliz.jpeg","type":"image\/jpeg"}],"twitter_card":"summary_large_image","twitter_misc":{"Tempo di lettura stimato":"4 minuti"},"schema":{"@context":"https:\/\/schema.org","@graph":[{"@type":"WebPage","@id":"https:\/\/www.accuratereviews.com\/it\/gestionale-per-parrucchieri\/ubiliz-recensione\/","url":"https:\/\/www.accuratereviews.com\/it\/gestionale-per-parrucchieri\/ubiliz-recensione\/","name":"Ubiliz: recensione software gestionale parrucchieri - Accurate Reviews","isPartOf":{"@id":"https:\/\/www.accuratereviews.com\/it\/#website"},"primaryImageOfPage":{"@id":"https:\/\/www.accuratereviews.com\/it\/gestionale-per-parrucchieri\/ubiliz-recensione\/#primaryimage"},"image":{"@id":"https:\/\/www.accuratereviews.com\/it\/gestionale-per-parrucchieri\/ubiliz-recensione\/#primaryimage"},"thumbnailUrl":"https:\/\/www.accuratereviews.com\/wp-content\/uploads\/2024\/03\/Ubiliz.jpeg","datePublished":"2024-03-05T11:36:12+00:00","dateModified":"2024-03-07T10:31:16+00:00","description":"Ubiliz: recensione piattaforma di gestione dei buoni regalo con la quale gli utenti possono vendere buoni regalo 24 ore su 24, 7 giorni su 7.","breadcrumb":{"@id":"https:\/\/www.accuratereviews.com\/it\/gestionale-per-parrucchieri\/ubiliz-recensione\/#breadcrumb"},"inLanguage":"it-IT","potentialAction":[{"@type":"ReadAction","target":["https:\/\/www.accuratereviews.com\/it\/gestionale-per-parrucchieri\/ubiliz-recensione\/"]}]},{"@type":"ImageObject","inLanguage":"it-IT","@id":"https:\/\/www.accuratereviews.com\/it\/gestionale-per-parrucchieri\/ubiliz-recensione\/#primaryimage","url":"https:\/\/www.accuratereviews.com\/wp-content\/uploads\/2024\/03\/Ubiliz.jpeg","contentUrl":"https:\/\/www.accuratereviews.com\/wp-content\/uploads\/2024\/03\/Ubiliz.jpeg","width":400,"height":400},{"@type":"BreadcrumbList","@id":"https:\/\/www.accuratereviews.com\/it\/gestionale-per-parrucchieri\/ubiliz-recensione\/#breadcrumb","itemListElement":[{"@type":"ListItem","position":1,"name":"Home","item":"https:\/\/www.accuratereviews.com\/it\/"},{"@type":"ListItem","position":2,"name":"Gestionale per parrucchieri","item":"https:\/\/www.accuratereviews.com\/it\/gestionale-per-parrucchieri\/"},{"@type":"ListItem","position":3,"name":"Ubiliz"}]},{"@type":"WebSite","@id":"https:\/\/www.accuratereviews.com\/it\/#website","url":"https:\/\/www.accuratereviews.com\/it\/","name":"Accurate Reviews","description":"","potentialAction":[{"@type":"SearchAction","target":{"@type":"EntryPoint","urlTemplate":"https:\/\/www.accuratereviews.com\/it\/?s={search_term_string}"},"query-input":{"@type":"PropertyValueSpecification","valueRequired":true,"valueName":"search_term_string"}}],"inLanguage":"it-IT"}]}},"_links":{"self":[{"href":"https:\/\/www.accuratereviews.com\/it\/wp-json\/wp\/v2\/pages\/74915","targetHints":{"allow":["GET"]}}],"collection":[{"href":"https:\/\/www.accuratereviews.com\/it\/wp-json\/wp\/v2\/pages"}],"about":[{"href":"https:\/\/www.accuratereviews.com\/it\/wp-json\/wp\/v2\/types\/page"}],"author":[{"embeddable":true,"href":"https:\/\/www.accuratereviews.com\/it\/wp-json\/wp\/v2\/users\/19"}],"replies":[{"embeddable":true,"href":"https:\/\/www.accuratereviews.com\/it\/wp-json\/wp\/v2\/comments?post=74915"}],"version-history":[{"count":11,"href":"https:\/\/www.accuratereviews.com\/it\/wp-json\/wp\/v2\/pages\/74915\/revisions"}],"predecessor-version":[{"id":75012,"href":"https:\/\/www.accuratereviews.com\/it\/wp-json\/wp\/v2\/pages\/74915\/revisions\/75012"}],"up":[{"embeddable":true,"href":"https:\/\/www.accuratereviews.com\/it\/wp-json\/wp\/v2\/pages\/33071"}],"wp:featuredmedia":[{"embeddable":true,"href":"https:\/\/www.accuratereviews.com\/it\/wp-json\/wp\/v2\/media\/74916"}],"wp:attachment":[{"href":"https:\/\/www.accuratereviews.com\/it\/wp-json\/wp\/v2\/media?parent=74915"}],"wp:term":[{"taxonomy":"category","embeddable":true,"href":"https:\/\/www.accuratereviews.com\/it\/wp-json\/wp\/v2\/categories?post=74915"},{"taxonomy":"post_tag","embeddable":true,"href":"https:\/\/www.accuratereviews.com\/it\/wp-json\/wp\/v2\/tags?post=74915"},{"taxonomy":"features","embeddable":true,"href":"https:\/\/www.accuratereviews.com\/it\/wp-json\/wp\/v2\/features?post=74915"}],"curies":[{"name":"wp","href":"https:\/\/api.w.org\/{rel}","templated":true}]}}